{"id":9990,"date":"2026-04-10T10:12:42","date_gmt":"2026-04-10T10:12:42","guid":{"rendered":"https:\/\/pgvape.com\/?post_type=product&#038;p=9990"},"modified":"2026-04-10T10:15:19","modified_gmt":"2026-04-10T10:15:19","slug":"solaris-champagne-30k-snygg-flaska-engangsvape-med-30000-puffar-mesh-spole-och-led-ljus","status":"publish","type":"product","link":"https:\/\/pgvape.com\/sv\/produkt\/solaris-champagne-30k-snygg-flaska-engangsvape-med-30000-puffar-mesh-spole-och-led-ljus\/","title":{"rendered":"Solaris Champagne 30K snygg flaska eng\u00e5ngsvape med 30000 puffar, n\u00e4tspole och LED-ljus"},"content":{"rendered":"<h2 data-start=\"50\" data-end=\"125\"><strong data-start=\"53\" data-end=\"125\">Solaris Champagne 30K Disponibel Vape Snygg enhet med h\u00f6g kapacitet<\/strong><\/h2>\n<p data-start=\"127\" data-end=\"311\">Solaris Champagne 30K Disposable Vape kombinerar elegant design med p\u00e5litlig prestanda, och levererar upp till 30 000 bloss i en unik champagneflaskaform.<\/p>\n<p data-start=\"313\" data-end=\"518\">Med en kapacitet p\u00e5 20 ml e-liquid och ett 600mAh uppladdningsbart batteri s\u00e4kerst\u00e4ller den konsekvent och l\u00e5ngvarig anv\u00e4ndning. Mesh-spolen 1.2\u03a9 f\u00f6rb\u00e4ttrar smaktillf\u00f6rseln och ger j\u00e4mn, tillfredsst\u00e4llande \u00e5nga i varje bloss.<\/p>\n<p data-start=\"520\" data-end=\"727\">Med Type-C snabbladdning och en i\u00f6gonfallande LED-ljusdesign erbjuder denna enhet b\u00e5de bekv\u00e4mlighet och stil, vilket g\u00f6r den till ett utm\u00e4rkt val f\u00f6r anv\u00e4ndare som s\u00f6ker en raffinerad och p\u00e5litlig vapingupplevelse.<\/p>\n<p data-start=\"520\" data-end=\"727\">Skickas direkt fr\u00e5n\u00a0<strong>EU-lager<\/strong>, garanterar denna produkt snabb och p\u00e5litlig leverans \u00f6ver hela Europa, vilket g\u00f6r den till ett toppval f\u00f6r grossist- och detaljhandelskunder.<\/p>\n<p>&nbsp;<\/p>\n<h3 id=\"brxe-najhln\" class=\"brxe-heading\"><\/h3>\n<h2 data-section-id=\"47rwtv\" data-start=\"135\" data-end=\"209\"><span role=\"text\"><strong data-start=\"141\" data-end=\"209\">Solaris Champagne 30000 Puffs Disposable Vape Produkth\u00f6jdpunkter<\/strong><\/span><\/h2>\n<p data-start=\"211\" data-end=\"327\"><strong data-start=\"211\" data-end=\"233\">Upp till 30 000 puffar<\/strong> \u2013 L\u00e5ngvarig prestanda designad f\u00f6r l\u00e5ngvarig daglig vaping utan frekvent byte.<\/p>\n<p data-start=\"329\" data-end=\"427\"><strong data-start=\"329\" data-end=\"355\">20ml E-v\u00e4tska Kapacitet<\/strong> \u2013 Design med h\u00f6g kapacitet s\u00e4kerst\u00e4ller konsekvent smak och l\u00e5ngvarig anv\u00e4ndning.<\/p>\n<p data-start=\"429\" data-end=\"531\"><strong data-start=\"429\" data-end=\"458\">1.2\u03a9 Mesh Coil Technology<\/strong> \u2013 J\u00e4mn \u00e5ngproduktion med f\u00f6rb\u00e4ttrad smaktillf\u00f6rsel i varje puff.<\/p>\n<p data-start=\"533\" data-end=\"629\"><strong data-start=\"533\" data-end=\"564\">600mAh uppladdningsbart batteri<\/strong> \u2013 P\u00e5litlig effekt som st\u00f6der stabil prestanda hela dagen.<\/p>\n<p data-start=\"631\" data-end=\"726\"><strong data-start=\"631\" data-end=\"655\">Typ-C snabbladdning<\/strong> \u2013 Snabb och bekv\u00e4m laddning f\u00f6r oavbrutna vapingsessioner.<\/p>\n<p data-start=\"728\" data-end=\"830\"><strong data-start=\"728\" data-end=\"755\">Champagneflaska design<\/strong> \u2013 Unik och elegant form som sticker ut med en premium, snygg look.<\/p>\n<p data-start=\"832\" data-end=\"929\"><strong data-start=\"832\" data-end=\"852\">LED ljuseffekt<\/strong> \u2013 Modern belysningsfunktion l\u00e4gger till visuellt tilltalande och f\u00f6rb\u00e4ttrar anv\u00e4ndarupplevelsen.<\/p>\n<p data-start=\"931\" data-end=\"1026\"><strong data-start=\"931\" data-end=\"959\">Kompakt och b\u00e4rbar konstruktion<\/strong> \u2013 L\u00e4tt och ergonomisk design f\u00f6r enkel transport och daglig anv\u00e4ndning.<\/p>\n<p data-start=\"1028\" data-end=\"1138\"><strong data-start=\"1028\" data-end=\"1063\">J\u00e4mn och konsekvent prestanda<\/strong> \u2013 Optimerat system s\u00e4kerst\u00e4ller stabil smak och \u00e5nga fr\u00e5n b\u00f6rjan till slut.<\/p>\n<p data-start=\"1140\" data-end=\"1227\"><strong data-start=\"1140\" data-end=\"1167\">Flera smakalternativ<\/strong> \u2013 Brett utbud av smaker f\u00f6r att tillfredsst\u00e4lla olika preferenser.<\/p>\n<p data-start=\"1229\" data-end=\"1337\"><strong data-start=\"1229\" data-end=\"1254\">EU lagers\u00e4ndning<\/strong> \u2013 Snabb och p\u00e5litlig leverans \u00f6ver hela Europa f\u00f6r bekv\u00e4mlighet f\u00f6r detaljhandel och grossist.<\/p>\n<p>&nbsp;<\/p>\n<h3 id=\"brxe-najhln\" class=\"brxe-heading\"><\/h3>\n<h2 data-section-id=\"47rwtv\" data-start=\"135\" data-end=\"209\"><strong><span role=\"text\">Solaris Champagne 30000 Puffs Disposable Vape <\/span>Smaklista<\/strong><\/h2>\n<p><strong data-start=\"145\" data-end=\"164\">1. Jordgubbskiwi<\/strong><\/p>\n<p><strong data-start=\"169\" data-end=\"189\">2.Blue Razz Cherry<\/strong><\/p>\n<p><strong data-start=\"194\" data-end=\"211\">3.Blandade b\u00e4r<\/strong><\/p>\n<p><strong data-start=\"216\" data-end=\"239\">4.Bl\u00e5b\u00e4rshallon<\/strong><\/p>\n<p><strong data-start=\"244\" data-end=\"269\">5.White Grape Champagne<\/strong><\/p>\n<p><strong data-start=\"274\" data-end=\"289\">6. Juicy Peach<\/strong><\/p>\n<p><strong data-start=\"294\" data-end=\"319\">7. Jordgubbsvattenmelon<\/strong><\/p>\n<p><strong data-start=\"324\" data-end=\"342\">8. Vattenmelon Is<\/strong><\/p>\n<p><strong data-start=\"347\" data-end=\"363\">9.Trippel Mango<\/strong><\/p>\n<p><strong data-start=\"368\" data-end=\"377\">10. Mamba<\/strong><\/p>\n<p><strong data-start=\"382\" data-end=\"405\">11.Passionsfrukt Mango<\/strong><\/p>\n<p><strong data-start=\"410\" data-end=\"428\">12.Tropisk frukt<\/strong><\/p>\n<p><strong data-start=\"433\" data-end=\"456\">13. Cherry Dragon Fruit<\/strong><\/p>\n<p><strong data-start=\"461\" data-end=\"484\">14.Red Peach Champagne<\/strong><\/p>\n<p><strong data-start=\"489\" data-end=\"504\">15. Cherry Cola<\/strong><\/p>\n<p><strong data-start=\"509\" data-end=\"525\">16. Energidryck<\/strong><\/p>\n<p><strong data-start=\"530\" data-end=\"544\">17. Rosa citron<\/strong><\/p>\n<p><strong data-start=\"549\" data-end=\"560\">18. K\u00e4rlek 66<\/strong><\/p>\n<p><strong data-start=\"565\" data-end=\"583\">19.K\u00f6rsb\u00e4rsb\u00e4r<\/strong><\/p>\n<p><strong data-start=\"588\" data-end=\"604\">20.Double Apple<img loading=\"lazy\" decoding=\"async\" class=\"alignnone wp-image-9995 size-full\" src=\"https:\/\/pgvape.com\/wp-content\/uploads\/2026\/04\/Solaris-Champagne-30K-Stylish-Bottle-Disposable-Vape-With-30000-Puffs-Mesh-Coil-And-LED-Light-pgvape-3.png\" alt=\"\" width=\"1500\" height=\"1334\" srcset=\"https:\/\/pgvape.com\/wp-content\/uploads\/2026\/04\/Solaris-Champagne-30K-Stylish-Bottle-Disposable-Vape-With-30000-Puffs-Mesh-Coil-And-LED-Light-pgvape-3.png 1500w, https:\/\/pgvape.com\/wp-content\/uploads\/2026\/04\/Solaris-Champagne-30K-Stylish-Bottle-Disposable-Vape-With-30000-Puffs-Mesh-Coil-And-LED-Light-pgvape-3-405x360.png 405w, https:\/\/pgvape.com\/wp-content\/uploads\/2026\/04\/Solaris-Champagne-30K-Stylish-Bottle-Disposable-Vape-With-30000-Puffs-Mesh-Coil-And-LED-Light-pgvape-3-595x529.png 595w, https:\/\/pgvape.com\/wp-content\/uploads\/2026\/04\/Solaris-Champagne-30K-Stylish-Bottle-Disposable-Vape-With-30000-Puffs-Mesh-Coil-And-LED-Light-pgvape-3-400x356.png 400w, https:\/\/pgvape.com\/wp-content\/uploads\/2026\/04\/Solaris-Champagne-30K-Stylish-Bottle-Disposable-Vape-With-30000-Puffs-Mesh-Coil-And-LED-Light-pgvape-3-768x683.png 768w, https:\/\/pgvape.com\/wp-content\/uploads\/2026\/04\/Solaris-Champagne-30K-Stylish-Bottle-Disposable-Vape-With-30000-Puffs-Mesh-Coil-And-LED-Light-pgvape-3-13x12.png 13w, https:\/\/pgvape.com\/wp-content\/uploads\/2026\/04\/Solaris-Champagne-30K-Stylish-Bottle-Disposable-Vape-With-30000-Puffs-Mesh-Coil-And-LED-Light-pgvape-3-600x534.png 600w\" sizes=\"auto, (max-width: 1500px) 100vw, 1500px\" \/><\/strong><\/p>\n<p>&nbsp;<\/p>\n<h3 class=\"auto-hide-last-sibling-br paragraph-pP9ZLC paragraph-element br-paragraph-space\">Varf\u00f6r v\u00e4lja PGVape European Warehouse?<\/h3>\n<p>Snabb leverans: Leverans till de flesta EU-l\u00e4nder inom 3-7 arbetsdagar.<\/p>\n<p>Tullfri leverans: Lokalt EU-lager s\u00e4kerst\u00e4ller smidig och tullfri frakt.<\/p>\n<p>100% Autentisk garanti: \u00c4kta <span role=\"text\"><strong data-start=\"4\" data-end=\"60\">Solaris Champagne <\/strong><\/span>e-cigaretter fr\u00e5n certifierade leverant\u00f6rer.<\/p>\n<p>F\u00e4rskt lager: F\u00f6rvaras under kontrollerade f\u00f6rh\u00e5llanden f\u00f6r att s\u00e4kerst\u00e4lla optimal kvalitet.<\/p>\n<p>P\u00e5litlig av europ\u00e9er: Tusentals kunder \u00e5tnjuter snabba och s\u00e4kra e-cigaretttj\u00e4nster fr\u00e5n PGVape.<\/p>\n<p>&nbsp;<\/p>\n<h3 data-section-id=\"16tymuk\" data-start=\"0\" data-end=\"60\"><span role=\"text\"><strong data-start=\"4\" data-end=\"60\">Vanliga fr\u00e5gor Solaris Champagne 30000 Puffs Disposable Vape<\/strong><\/span><\/h3>\n<p data-start=\"62\" data-end=\"224\"><strong data-start=\"62\" data-end=\"124\">\u2753 Hur m\u00e5nga bloss ger Solaris Champagne 30000?<\/strong><br data-start=\"124\" data-end=\"127\" \/>\u2705 Enheten erbjuder upp till <strong data-start=\"153\" data-end=\"169\">30 000 bloss<\/strong>, vilket s\u00e4kerst\u00e4ller l\u00e5ngvarig anv\u00e4ndning och konsekvent prestanda.<\/p>\n<p data-start=\"226\" data-end=\"364\"><strong data-start=\"226\" data-end=\"262\">\u2753 Vad \u00e4r kapaciteten f\u00f6r e-v\u00e4tska?<\/strong><br data-start=\"262\" data-end=\"265\" \/>\u2705 Den har en <strong data-start=\"281\" data-end=\"307\">20 ml e-v\u00e4tska kapacitet<\/strong>, vilket m\u00f6jligg\u00f6r f\u00f6rl\u00e4ngd vaping utan frekventa byten.<\/p>\n<p data-start=\"366\" data-end=\"515\"><strong data-start=\"366\" data-end=\"402\">\u2753 Vilken typ av spole anv\u00e4nder den?<\/strong><br data-start=\"402\" data-end=\"405\" \/>\u2705 Enheten \u00e4r utrustad med en <strong data-start=\"437\" data-end=\"455\">1,2\u03a9 mesh spole<\/strong>, levererar mjuk \u00e5nga och f\u00f6rb\u00e4ttrad smak i varje puff.<\/p>\n<p data-start=\"517\" data-end=\"637\"><strong data-start=\"517\" data-end=\"551\">\u2753 \u00c4r batteriet uppladdningsbart?<\/strong><br data-start=\"551\" data-end=\"554\" \/>\u2705 Ja, det inkluderar en <strong data-start=\"575\" data-end=\"606\">600mAh uppladdningsbart batteri<\/strong> f\u00f6r stabil och p\u00e5litlig anv\u00e4ndning.<\/p>\n<p data-start=\"639\" data-end=\"762\"><strong data-start=\"639\" data-end=\"682\">\u2753 Vilken laddningsmetod st\u00f6der den?<\/strong><br data-start=\"682\" data-end=\"685\" \/>\u2705 Den anv\u00e4nder <strong data-start=\"695\" data-end=\"719\">Typ-C snabbladdning<\/strong>, vilket ger snabb och effektiv laddning.<\/p>\n<p data-start=\"764\" data-end=\"921\"><strong data-start=\"764\" data-end=\"819\">\u2753 Har enheten n\u00e5gra speciella designfunktioner?<\/strong><br data-start=\"819\" data-end=\"822\" \/>\u2705 Ja, den har en <strong data-start=\"843\" data-end=\"877\">unik champagneflaska design<\/strong>, som kombinerar elegans med ergonomisk komfort.<\/p>\n<p data-start=\"923\" data-end=\"1070\"><strong data-start=\"923\" data-end=\"962\">\u2753 Inkluderar det ljuseffekter?<\/strong><br data-start=\"962\" data-end=\"965\" \/>\u2705 Ja, enheten har en <strong data-start=\"989\" data-end=\"1019\">inbyggd LED-ljusfunktion<\/strong>, l\u00e4gga till ett snyggt och i\u00f6gonfallande visuellt element.<\/p>\n<p data-start=\"1072\" data-end=\"1189\"><strong data-start=\"1072\" data-end=\"1093\">\u2753 \u00c4r den b\u00e4rbar?<\/strong><br data-start=\"1093\" data-end=\"1096\" \/>\u2705 Absolut. Dess <strong data-start=\"1114\" data-end=\"1148\">kompakt och l\u00e4tt design<\/strong> g\u00f6r den l\u00e4tt att b\u00e4ra och anv\u00e4nda \u00f6verallt.<\/p>\n<p data-start=\"1191\" data-end=\"1353\"><strong data-start=\"1191\" data-end=\"1235\">\u2753 \u00c4r den h\u00e4r enheten l\u00e4mplig f\u00f6r nyb\u00f6rjare?<\/strong><br data-start=\"1235\" data-end=\"1238\" \/>\u2705 Ja, den \u00e4r designad f\u00f6r b\u00e5da <strong data-start=\"1269\" data-end=\"1304\">nyb\u00f6rjare och erfarna anv\u00e4ndare<\/strong>, erbjuder en enkel och smidig vapingupplevelse.<\/p>\n<p data-start=\"1355\" data-end=\"1500\"><strong data-start=\"1355\" data-end=\"1405\">\u2753 Finns det flera smakalternativ?<\/strong><br data-start=\"1405\" data-end=\"1408\" \/>\u2705 Ja, det f\u00f6ljer med <strong data-start=\"1429\" data-end=\"1463\">ett brett utbud av smakalternativ<\/strong> f\u00f6r att passa olika smakpreferenser.<\/p>\n<p data-start=\"1502\" data-end=\"1652\"><strong data-start=\"1502\" data-end=\"1539\">\u2753 Is shipping fast within Europe?<\/strong><br data-start=\"1539\" data-end=\"1542\" \/>\u2705 Yes, the product is shipped from an <strong data-start=\"1580\" data-end=\"1596\">EU-lager<\/strong>, s\u00e4kerst\u00e4lla <strong data-start=\"1607\" data-end=\"1651\">snabb och p\u00e5litlig leverans \u00f6ver hela Europa<\/strong>.<\/p>\n<p data-start=\"1654\" data-end=\"1839\" data-is-last-node=\"\" data-is-only-node=\"\"><strong data-start=\"1654\" data-end=\"1709\">\u2753 \u00c4r denna produkt l\u00e4mplig f\u00f6r detaljhandel eller partihandel?<\/strong><br data-start=\"1709\" data-end=\"1712\" \/>\u2705 Ja, med dess <strong data-start=\"1728\" data-end=\"1787\">snygg design, stark prestanda och p\u00e5litlig leverans<\/strong>, den \u00e4r idealisk f\u00f6r b\u00e5de detaljhandels- och grossistmarknader.<\/p>\n<p>&nbsp;<\/p>\n<h3 id=\"brxe-najhln\" class=\"brxe-heading\">Vanliga fr\u00e5gor (FAQ)<\/h3>\n<div id=\"brxe-rajiac\" class=\"brxe-text\">\n<p><strong>F: Vilka betalningsmetoder accepterar du?<\/strong><br \/>\nS: Vi accepterar PayPal, Stripe, bank\u00f6verf\u00f6ringar (st\u00f6ds med SEPA), vanliga kreditkort (Visa, MasterCard, American Express) och betalningar i kryptovaluta.<\/p>\n<p><strong>F: Hur l\u00e5ng tid tar best\u00e4llningsberedningen?<\/strong><br \/>\nS: Best\u00e4llningsf\u00f6rberedelse tar 1-3 arbetsdagar.<\/p>\n<p><strong>F: Vad \u00e4r leveranstiden?<\/strong><br \/>\nS: Leveranstiden \u00e4r 7-14 arbetsdagar, beroende p\u00e5 var du befinner dig.<\/p>\n<p><strong>F: Hur kan jag sp\u00e5ra min best\u00e4llning?<\/strong><br \/>\nS: Efter leverans kommer du att f\u00e5 ett bekr\u00e4ftelsemail med ett sp\u00e5rningsnummer f\u00f6r sp\u00e5rning i realtid.<\/p>\n<p><strong>F: Vilken \u00e4r din returpolicy?<\/strong><br \/>\nS: Vi erbjuder en 30-dagars returpolicy f\u00f6r \u00e5terbetalningar eller byten. .<\/p>\n<p><strong>F: Kommer det att finnas n\u00e5gra tullproblem?<br \/>\n<\/strong>Vi hanterar alla tullf\u00f6rfaranden f\u00f6r att s\u00e4kerst\u00e4lla en problemfri upplevelse f\u00f6r dig. .<\/p>\n<p><strong>F: Vilka frakts\u00e4tt anv\u00e4nds?<\/strong><br \/>\nVi samarbetar med UPS\/DHL\/FEDEX\/DPD, etc. Vi kommer att v\u00e4lja l\u00e4mpligt fraktalternativ beroende p\u00e5 leveransland f\u00f6r att s\u00e4kerst\u00e4lla att du f\u00e5r dina produkter s\u00e5 snabbt som m\u00f6jligt.<\/p>\n<p><a href=\"https:\/\/pgvape.com\/sv\/vanliga-fragor\/\">Klicka h\u00e4r f\u00f6r mer FAQ<\/a><\/p>\n<p>K\u00e4ra kunder, Om du har n\u00e5gra fr\u00e5gor om din best\u00e4llning eller ankomsten av varor, v\u00e4nligen kontakta v\u00e5r kundtj\u00e4nst. Tack!<\/p>\n<h3 data-sourcepos=\"73:1-73:21\"><strong data-sourcepos=\"73:7-73:21\">Kontakta oss<\/strong><\/h3>\n<div id=\"text-2419739398\" class=\"text\">\n<p><strong data-sourcepos=\"75:3-75:12\">E-post<\/strong>:\u00a0<a href=\"mailto:support@pgvape.com\"><strong>support@pgvape.com<\/strong><\/a><\/p>\n<p><strong data-sourcepos=\"76:3-76:15\">WhatsApp<\/strong>:\u00a0<a href=\"https:\/\/wa.me\/+8618128481258\"><strong>+86 18128481258<\/strong><\/a><br \/>\n<strong>(Svara inom 24 timmar p\u00e5 arbetsdagar)<\/strong><\/p>\n<\/div>\n<h3><strong>Tack f\u00f6r att du valde pgvape.com! .<\/strong><\/h3>\n<\/div>","protected":false},"excerpt":{"rendered":"<p>Upp till 30 000 bloss i en unik champagneflaskdesign som blandar stil med prestanda. Drivs av en 1.2\u03a9 mesh-spiral och 20 ml e-v\u00e4tska f\u00f6r j\u00e4mn, rik smak. Har ett 600mAh uppladdningsbart batteri, Type-C-laddning och LED-belysning f\u00f6r en elegant, bekv\u00e4m vapingupplevelse.<\/p>","protected":false},"featured_media":9993,"comment_status":"open","ping_status":"closed","template":"","meta":{"_seopress_robots_primary_cat":"none","_seopress_titles_title":"%%post_title%%","_seopress_titles_desc":"","_seopress_robots_index":""},"product_brand":[516,513],"product_cat":[35,515,512],"product_tag":[629,349,90,632,631,203,628,630],"class_list":{"0":"post-9990","1":"product","2":"type-product","3":"status-publish","4":"has-post-thumbnail","6":"product_brand-disposable-vape","7":"product_brand-solaris-champagne-vape","8":"product_cat-30k-puffs-vape","9":"product_cat-disposable-vape","10":"product_cat-solaris-champagne-vape","11":"product_tag-30000-puffs","12":"product_tag-30k-puffs-vape","13":"product_tag-disposable-vape","14":"product_tag-led-light","15":"product_tag-mesh-coil","16":"product_tag-shipment-from-eu","17":"product_tag-solaris-champagne-30k","18":"product_tag-stylish-bottle","20":"first","21":"instock","22":"sale","23":"shipping-taxable","24":"purchasable","25":"product-type-variable"},"_links":{"self":[{"href":"https:\/\/pgvape.com\/sv\/wp-json\/wp\/v2\/product\/9990","targetHints":{"allow":["GET"]}}],"collection":[{"href":"https:\/\/pgvape.com\/sv\/wp-json\/wp\/v2\/product"}],"about":[{"href":"https:\/\/pgvape.com\/sv\/wp-json\/wp\/v2\/types\/product"}],"replies":[{"embeddable":true,"href":"https:\/\/pgvape.com\/sv\/wp-json\/wp\/v2\/comments?post=9990"}],"wp:featuredmedia":[{"embeddable":true,"href":"https:\/\/pgvape.com\/sv\/wp-json\/wp\/v2\/media\/9993"}],"wp:attachment":[{"href":"https:\/\/pgvape.com\/sv\/wp-json\/wp\/v2\/media?parent=9990"}],"wp:term":[{"taxonomy":"product_brand","embeddable":true,"href":"https:\/\/pgvape.com\/sv\/wp-json\/wp\/v2\/product_brand?post=9990"},{"taxonomy":"product_cat","embeddable":true,"href":"https:\/\/pgvape.com\/sv\/wp-json\/wp\/v2\/product_cat?post=9990"},{"taxonomy":"product_tag","embeddable":true,"href":"https:\/\/pgvape.com\/sv\/wp-json\/wp\/v2\/product_tag?post=9990"}],"curies":[{"name":"wp","href":"https:\/\/api.w.org\/{rel}","templated":true}]}}