{"id":9689,"date":"2026-03-26T10:17:44","date_gmt":"2026-03-26T10:17:44","guid":{"rendered":"https:\/\/pgvape.com\/?post_type=product&#038;p=9689"},"modified":"2026-03-26T10:17:44","modified_gmt":"2026-03-26T10:17:44","slug":"bang-leader-stoll-350000-350k-puffar-8-i-1-smaker-disponibel-vape-0-5-nikotin-12-smaker-smart-display-vape-fabrik-grossist","status":"publish","type":"product","link":"https:\/\/pgvape.com\/sv\/produkt\/bang-leader-stoll-350000-350k-puffar-8-i-1-smaker-disponibel-vape-0-5-nikotin-12-smaker-smart-display-vape-fabrik-grossist\/","title":{"rendered":"Bang Leader Stoll 350000 350K Puffar 8 i 1 Smaker Disponibel Vape 0%-5% Nikotin 12Tastes Smart Display Vape Factory Grossist"},"content":{"rendered":"<p><strong class=\"\">Bang Leader Stoll 350K<\/strong> levererar <strong class=\"\">350 000 bloss<\/strong> via en <strong>innovativt 4-i-1 k\u00e4rnsmakkammaresystem<\/strong>, med <strong class=\"\">fyra oberoende bassmaker<\/strong> som skapar <strong class=\"\">upp till 8 unika smakupplevelser<\/strong> genom <strong>luftfl\u00f6desblandningsteknik<\/strong>.<br \/>\nA <strong>h\u00f6gpresterande uppladdningsbart Type-C-batteri<\/strong>, <strong class=\"\">avancerat spolsystem<\/strong> och <strong class=\"\">premium ergonomisk design<\/strong> ge dig <strong class=\"\">extrem livsl\u00e4ngd, dynamisk variation och l\u00e5ngsiktig tillfredsst\u00e4llelse<\/strong>\u2014 den mest kraftfulla enheten i Bang-serien.<\/p>\n<p>&nbsp;<\/p>\n<h2><span style=\"font-size: 90%;\">Bang Leader Stoll 350000 350K puffar 8 i 1 smaker eng\u00e5ngsvapespecifikation<\/span><\/h2>\n<p><strong>Puffar<\/strong>: Upp till <strong class=\"\">350,000<\/strong> \u2013 extremt l\u00e5ngvarig prestanda<\/p>\n<p><strong>Smaksystem<\/strong>: <strong class=\"\">4-i-1 k\u00e4rnkammare<\/strong> \u2013 4 bassmaker, 8 hybridkombinationer<\/p>\n<p><strong>Teknologi<\/strong>: <strong class=\"\">Smakbalans luftfl\u00f6desblandning<\/strong> \u2013 sl\u00e4ta, balanserade hybridprofiler<\/p>\n<p><strong>Batteri<\/strong>: <strong>Uppladdningsbar<\/strong>, <strong class=\"\">Typ-C<\/strong> laddning \u2013 st\u00f6der hela livsl\u00e4ngden<\/p>\n<p><strong>\u00c5nga<\/strong>: <strong class=\"\">Avancerat spolsystem<\/strong> - stabil utg\u00e5ng, rik smak<\/p>\n<p><strong>Design<\/strong>: <strong class=\"\">Premium ergonomisk<\/strong> \u2013 bekv\u00e4mt grepp, modern h\u00e5llbar struktur<\/p>\n<p><strong>Aktivering<\/strong>: <strong class=\"\">Draw-aktiverad<\/strong> \u2013 inga knappar, andas in f\u00f6r att elda<\/p>\n<p><strong>Underh\u00e5ll<\/strong>: <strong class=\"\">Noll<\/strong> \u2013 eng\u00e5ngs, f\u00f6rseglad, f\u00f6rfylld<\/p>\n<p><strong>P\u00e5fyllningsbar<\/strong>: <strong>Inga<\/strong> \u2013 byt ut n\u00e4r den \u00e4r slut<\/p>\n<p>&nbsp;<\/p>\n<h3><strong><span style=\"font-size: 90%;\">Bang Leader Stoll 350000 350K puffar 8 i 1 smaker Disponibel Vape smaklista<\/span><\/strong><\/h3>\n<p><strong>1.Blue Razz Ice &amp; Watermelon Ice &amp; Strawberry Ice &amp; Lemon Lime<\/strong><\/p>\n<p><strong>2.Blueberry Ice &amp; Tropical Fruits &amp; Apple Kiwi Ice &amp; Blue Razz Cherry<\/strong><\/p>\n<p><strong>3. Cherry Cola &amp; Lemon Peach &amp; Pink Lemonade &amp; Mango Passionsfrukt<\/strong><\/p>\n<p><strong>4. Jordgubbskiwi &amp; bl\u00e5b\u00e4r Mint &amp; sur mango ananas &amp; jordgubbsvattenmelonis<\/strong><\/p>\n<p><strong>5.Kiwi Dragon Berry &amp; Blueberry Watermelon &amp; Strawberry Banana &amp; Cherry Ice<\/strong><\/p>\n<p><strong>6. Jordgubbsvattenmelon &amp; ananas Kokosn\u00f6tis &amp; Kiwi Passionsfrukt Guava &amp; Grape Burst<\/strong><\/p>\n<p><strong>7. Red Bull &amp; Cherry Granat\u00e4pple &amp; Hallon Vattenmelon &amp; Citron Lime<\/strong><\/p>\n<p><strong>8. Watermelon Ice &amp; Fucking Fab &amp; Strawberry Raspberry &amp; Apple Kiwi Ice<\/strong><\/p>\n<p><strong>9. Grape Ice &amp; Love 66 &amp; Blueberry One Ice &amp; Dragonfruit Ice<\/strong><\/p>\n<p><strong>10. Vattenmelon Ice &amp; Strawberry Vattenmelon &amp; Hallon Vattenmelon &amp; Bl\u00e5b\u00e4r Hallon<\/strong><\/p>\n<p><strong>11.Peach Mango Vattenmelon &amp; Bl\u00e5b\u00e4r K\u00f6rsb\u00e4r &amp; Vattenmelon Dragon Fruit &amp; Passion Kiss<\/strong><\/p>\n<p><strong>12. Jordgubbshallon &amp; jordgubbskiwi &amp; jordgubbsis &amp; persika Mango vattenmelon<img loading=\"lazy\" decoding=\"async\" class=\"alignnone wp-image-9693 size-full\" src=\"https:\/\/pgvape.com\/wp-content\/uploads\/2026\/03\/Bang-Leader-Stoll-350000-350K-Puffs-8-in-1-Flavors-Disposable-Vape-0-5-Nicotin-12Tastes-Smart-Display-Vape-Factory-Wholesale-2.jpg\" alt=\"Rad med f\u00e4rgglada flaskor med tecknade ankor p\u00e5 etiketterna, varje flaska med ett f\u00e4rgat lock och smakremsor under mot en bl\u00e5 bakgrund.\" width=\"1900\" height=\"1500\" srcset=\"https:\/\/pgvape.com\/wp-content\/uploads\/2026\/03\/Bang-Leader-Stoll-350000-350K-Puffs-8-in-1-Flavors-Disposable-Vape-0-5-Nicotin-12Tastes-Smart-Display-Vape-Factory-Wholesale-2.jpg 1900w, https:\/\/pgvape.com\/wp-content\/uploads\/2026\/03\/Bang-Leader-Stoll-350000-350K-Puffs-8-in-1-Flavors-Disposable-Vape-0-5-Nicotin-12Tastes-Smart-Display-Vape-Factory-Wholesale-2-456x360.jpg 456w, https:\/\/pgvape.com\/wp-content\/uploads\/2026\/03\/Bang-Leader-Stoll-350000-350K-Puffs-8-in-1-Flavors-Disposable-Vape-0-5-Nicotin-12Tastes-Smart-Display-Vape-Factory-Wholesale-2-595x470.jpg 595w, https:\/\/pgvape.com\/wp-content\/uploads\/2026\/03\/Bang-Leader-Stoll-350000-350K-Puffs-8-in-1-Flavors-Disposable-Vape-0-5-Nicotin-12Tastes-Smart-Display-Vape-Factory-Wholesale-2-400x316.jpg 400w, https:\/\/pgvape.com\/wp-content\/uploads\/2026\/03\/Bang-Leader-Stoll-350000-350K-Puffs-8-in-1-Flavors-Disposable-Vape-0-5-Nicotin-12Tastes-Smart-Display-Vape-Factory-Wholesale-2-768x606.jpg 768w, https:\/\/pgvape.com\/wp-content\/uploads\/2026\/03\/Bang-Leader-Stoll-350000-350K-Puffs-8-in-1-Flavors-Disposable-Vape-0-5-Nicotin-12Tastes-Smart-Display-Vape-Factory-Wholesale-2-1536x1213.jpg 1536w, https:\/\/pgvape.com\/wp-content\/uploads\/2026\/03\/Bang-Leader-Stoll-350000-350K-Puffs-8-in-1-Flavors-Disposable-Vape-0-5-Nicotin-12Tastes-Smart-Display-Vape-Factory-Wholesale-2-15x12.jpg 15w, https:\/\/pgvape.com\/wp-content\/uploads\/2026\/03\/Bang-Leader-Stoll-350000-350K-Puffs-8-in-1-Flavors-Disposable-Vape-0-5-Nicotin-12Tastes-Smart-Display-Vape-Factory-Wholesale-2-600x474.jpg 600w\" sizes=\"auto, (max-width: 1900px) 100vw, 1900px\" \/><\/strong><\/p>\n<h3><\/h3>\n<h2 class=\"header-vfC6AV auto-hide-last-sibling-br\">Vanliga fr\u00e5gor om Bang Leader Stoll 350000 350K Puffs 8 in 1 Flavors Disponibel Vape<\/h2>\n<p>\u2753 <strong>Vad \u00e4r Bang Leader Stoll 350K?<\/strong><br \/>\n\u2705 <strong>Eng\u00e5ngsprodukt med ultrah\u00f6g kapacitet<\/strong> \u2013 flersmakssystem, enormt antal bloss, flera kombinationer i en enhet.<\/p>\n<p>\u2753 <strong>Hur m\u00e5nga bloss?<\/strong><br \/>\n\u2705 <strong class=\"\">Upp till 350 000<\/strong> \u2013 varierar beroende p\u00e5 vanor, dragl\u00e4ngd, frekvens.<\/p>\n<p>\u2753 <strong>Vad \u00e4r 4-i-1 smakkammaresystem?<\/strong><br \/>\n\u2705 <strong>Fyra oberoende smakkammare<\/strong> \u2013 anv\u00e4nd individuellt eller blanda till <strong>upp till 8 smakupplevelser<\/strong>.<\/p>\n<p>\u2753 <strong>Kommer smaker att blandas inuti?<\/strong><br \/>\n\u2705 <strong>Inga<\/strong> \u2013 varje smak <strong>f\u00f6rseglad i egen kammare<\/strong> \u2013 ren, konsekvent, ingen o\u00f6nskad blandning.<\/p>\n<p>\u2753 <strong>Hur byter man smak?<\/strong><br \/>\n\u2705 <strong>Justera smakv\u00e4ljaren eller luftfl\u00f6deskanalen<\/strong> \u2013 aktivera en annan kammare eller blanda ihop.<\/p>\n<p>\u2753 <strong>\u00c4r den uppladdningsbar?<\/strong><br \/>\n\u2705 <strong>Ja<\/strong> \u2013 <strong>Laddningsport typ C<\/strong> st\u00f6der design med h\u00f6g kapacitet.<\/p>\n<p>\u2753 <strong>L\u00e4mplig f\u00f6r tunga anv\u00e4ndare?<\/strong><br \/>\n\u2705 <strong>Absolut<\/strong> \u2013 extrem puffkapacitet + multismak = idealisk f\u00f6r l\u00e5ngvariga, variationss\u00f6kande anv\u00e4ndare.<\/p>\n<p>\u2753 <strong>Kr\u00e4vs underh\u00e5ll?<\/strong><br \/>\n\u2705 <strong>Ingen<\/strong> \u2013 eng\u00e5ngsbruk, inget utbyte av spole, inget komplicerat underh\u00e5ll.<\/p>\n<p>\u2753 <strong>G\u00e5r det att fylla p\u00e5?<\/strong><br \/>\n\u2705 <strong>Inga<\/strong> \u2013 <strong>f\u00f6rfylld, f\u00f6rseglad<\/strong> \u2013 byt ut n\u00e4r den \u00e4r tom.<\/p>\n<p>\u2753 <strong>Vad g\u00f6r den unik?<\/strong><br \/>\n\u2705 <strong>350K puffar + 4-bas 8-upplevelse smaksystem + laddningsbar + ultral\u00e5ng livsl\u00e4ngd<\/strong> = mest m\u00e5ngsidiga eng\u00e5ngsartiklar som finns.<\/p>\n<p>&nbsp;<\/p>\n<h3 id=\"brxe-najhln\" class=\"brxe-heading\">Vanliga fr\u00e5gor (FAQ)<\/h3>\n<div id=\"brxe-rajiac\" class=\"brxe-text\">\n<p><strong>F: Vilka betalningsmetoder accepterar du?<\/strong><br \/>\nS: Vi accepterar PayPal, Stripe, bank\u00f6verf\u00f6ringar (st\u00f6ds med SEPA), vanliga kreditkort (Visa, MasterCard, American Express) och betalningar i kryptovaluta.<\/p>\n<p><strong>F: Hur l\u00e5ng tid tar best\u00e4llningsberedningen?<\/strong><br \/>\nS: Best\u00e4llningsf\u00f6rberedelse tar 1-3 arbetsdagar.<\/p>\n<p><strong>F: Vad \u00e4r leveranstiden?<\/strong><br \/>\nS: Leveranstiden \u00e4r 7-14 arbetsdagar, beroende p\u00e5 var du befinner dig.<\/p>\n<p><strong>F: Hur kan jag sp\u00e5ra min best\u00e4llning?<\/strong><br \/>\nS: Efter leverans kommer du att f\u00e5 ett bekr\u00e4ftelsemail med ett sp\u00e5rningsnummer f\u00f6r sp\u00e5rning i realtid.<\/p>\n<p><strong>F: Vilken \u00e4r din returpolicy?<\/strong><br \/>\nS: Vi erbjuder en 30-dagars returpolicy f\u00f6r \u00e5terbetalningar eller byten. .<\/p>\n<p><strong>F: Kommer det att finnas n\u00e5gra tullproblem?<br \/>\n<\/strong>Vi hanterar alla tullf\u00f6rfaranden f\u00f6r att s\u00e4kerst\u00e4lla en problemfri upplevelse f\u00f6r dig. .<\/p>\n<p><strong>F: Vilka frakts\u00e4tt anv\u00e4nds?<\/strong><br \/>\nVi samarbetar med UPS\/DHL\/FEDEX\/DPD, etc. Vi kommer att v\u00e4lja l\u00e4mpligt fraktalternativ beroende p\u00e5 leveransland f\u00f6r att s\u00e4kerst\u00e4lla att du f\u00e5r dina produkter s\u00e5 snabbt som m\u00f6jligt.<\/p>\n<p><a href=\"https:\/\/pgvape.com\/sv\/vanliga-fragor\/\">Klicka h\u00e4r f\u00f6r mer FAQ<\/a><\/p>\n<p>K\u00e4ra kunder, Om du har n\u00e5gra fr\u00e5gor om din best\u00e4llning eller ankomsten av varor, v\u00e4nligen kontakta v\u00e5r kundtj\u00e4nst. Tack!<\/p>\n<h3 data-sourcepos=\"73:1-73:21\"><strong data-sourcepos=\"73:7-73:21\">Kontakta oss<\/strong><\/h3>\n<div id=\"text-2419739398\" class=\"text\">\n<p><strong data-sourcepos=\"75:3-75:12\">E-post<\/strong>:\u00a0<a href=\"mailto:support@pgvape.com\"><strong>support@pgvape.com<\/strong><\/a><\/p>\n<p><strong data-sourcepos=\"76:3-76:15\">WhatsApp<\/strong>:\u00a0<a href=\"https:\/\/wa.me\/+8618128481258\"><strong>+86 18128481258<\/strong><\/a><br \/>\n<strong>(Svara inom 24 timmar p\u00e5 arbetsdagar)<\/strong><\/p>\n<\/div>\n<h3><strong>Tack f\u00f6r att du valde pgvape.com! .<\/strong><\/h3>\n<\/div>","protected":false},"excerpt":{"rendered":"<p><strong>Bang Leader Stoll 350000<\/strong>\u00a0<strong>350k bloss<\/strong>, <strong>4-i-1-kammare<\/strong>, <strong>8-smaksblandning<\/strong>, <strong>Uppladdningsbar typ C<\/strong>, <strong>noll underh\u00e5ll<\/strong>.<strong>Fyra baser, \u00e5tta smaker, en legend, o\u00e4ndliga moln.<\/strong><\/p>","protected":false},"featured_media":9692,"comment_status":"open","ping_status":"closed","template":"","meta":{"_seopress_robots_primary_cat":"","_seopress_titles_title":"","_seopress_titles_desc":"","_seopress_robots_index":""},"product_brand":[54,516],"product_cat":[612,32,515],"product_tag":[614,616,617,615,613,90],"class_list":{"0":"post-9689","1":"product","2":"type-product","3":"status-publish","4":"has-post-thumbnail","6":"product_brand-bang-leader-vape","7":"product_brand-disposable-vape","8":"product_cat-350k-puffs-vape","9":"product_cat-bang-leader-vape","10":"product_cat-disposable-vape","11":"product_tag-350k-puffs-vape","12":"product_tag-4-in-1-core-chambers","13":"product_tag-8-hybrid-combinations","14":"product_tag-8-in-1-flavors","15":"product_tag-bang-leader-stoll-350000","16":"product_tag-disposable-vape","18":"first","19":"instock","20":"sale","21":"shipping-taxable","22":"purchasable","23":"product-type-variable"},"_links":{"self":[{"href":"https:\/\/pgvape.com\/sv\/wp-json\/wp\/v2\/product\/9689","targetHints":{"allow":["GET"]}}],"collection":[{"href":"https:\/\/pgvape.com\/sv\/wp-json\/wp\/v2\/product"}],"about":[{"href":"https:\/\/pgvape.com\/sv\/wp-json\/wp\/v2\/types\/product"}],"replies":[{"embeddable":true,"href":"https:\/\/pgvape.com\/sv\/wp-json\/wp\/v2\/comments?post=9689"}],"wp:featuredmedia":[{"embeddable":true,"href":"https:\/\/pgvape.com\/sv\/wp-json\/wp\/v2\/media\/9692"}],"wp:attachment":[{"href":"https:\/\/pgvape.com\/sv\/wp-json\/wp\/v2\/media?parent=9689"}],"wp:term":[{"taxonomy":"product_brand","embeddable":true,"href":"https:\/\/pgvape.com\/sv\/wp-json\/wp\/v2\/product_brand?post=9689"},{"taxonomy":"product_cat","embeddable":true,"href":"https:\/\/pgvape.com\/sv\/wp-json\/wp\/v2\/product_cat?post=9689"},{"taxonomy":"product_tag","embeddable":true,"href":"https:\/\/pgvape.com\/sv\/wp-json\/wp\/v2\/product_tag?post=9689"}],"curies":[{"name":"wp","href":"https:\/\/api.w.org\/{rel}","templated":true}]}}