{"id":9401,"date":"2026-03-13T06:10:06","date_gmt":"2026-03-13T06:10:06","guid":{"rendered":"https:\/\/pgvape.com\/?post_type=product&#038;p=9401"},"modified":"2026-03-19T15:35:10","modified_gmt":"2026-03-19T15:35:10","slug":"bang-legend-300000-300k-puffar-8in1-smak-engangsvape-0-2-3-5nikotin-12taste-led-skarm-vape-fabrik-grossist","status":"publish","type":"product","link":"https:\/\/pgvape.com\/sv\/produkt\/bang-legend-300000-300k-puffar-8in1-smak-engangsvape-0-2-3-5nikotin-12taste-led-skarm-vape-fabrik-grossist\/","title":{"rendered":"Bang Legend 300000 300k Puffs 8in1 Flavor Disponibel Vape 0% 2% 3% 5%Nikotin 12Taste LED-sk\u00e4rm Vape Fabriksgrossist"},"content":{"rendered":"<p><strong>Bang Legend 300K<\/strong> levererar <strong class=\"\">300 000 bloss<\/strong> fr\u00e5n <strong class=\"\">40 ml<\/strong> av e-v\u00e4tska, driven av <strong>fyra 1.0 \u03a9 mesh-spolar<\/strong>, en <strong class=\"\">850 mAh Type-C<\/strong> batteri och ett <strong>LED-sk\u00e4rm<\/strong>.<br \/>\n<strong>8-i-1 smaksystem<\/strong>, <strong>0 % \/ 2 % \/ 3 % \/ 5 %<\/strong> nikotin och <strong>12 olika smakkombinationer<\/strong> ge dig <strong>extrem livsl\u00e4ngd, maximal variation, modern bekv\u00e4mlighet<\/strong>\u2013 det ultimata <strong>eng\u00e5ngsmaterial med h\u00f6g kapacitet<\/strong>.<\/p>\n<p>&nbsp;<\/p>\n<h2><span style=\"font-size: 90%;\">Bang Legend 300000 300k Puffs 8in1 Flavor Disponibel Vape <strong>Specifikationer:<\/strong><\/span><\/h2>\n<p><strong>Puffar<\/strong>: Upp till <strong>300,000<\/strong> \u2013 extremt l\u00e5ngvarig<\/p>\n<p><strong>E-v\u00e4tska<\/strong>: <strong>40 ml<\/strong> \u2013 ut\u00f6kad anv\u00e4ndning utan utbyte<\/p>\n<p><strong>Smaksystem<\/strong>: <strong>8-i-1<\/strong> \u2013 flera kombinationer, en enhet<\/p>\n<p><strong>Spolar<\/strong>: <strong>4 \u00d7 1.0 \u03a9 mesh<\/strong> \u2013 rikare smak, mjukare \u00e5nga<\/p>\n<p><strong>Batteri<\/strong>: <strong>850 mAh<\/strong>, <strong>Typ-C<\/strong> snabbladdning \u2013 stabil daglig prestanda<\/p>\n<p><strong>Visa<\/strong>: <strong class=\"\">LED-sk\u00e4rm<\/strong> \u2013 Batteristatus i en \u00f6verblick<\/p>\n<p><strong>Nikotin<\/strong>: <strong>0 %, 2 %, 3 %, 5 %<\/strong> \u2013 flexibel f\u00f6r alla preferenser<\/p>\n<p><strong>Design<\/strong>: Modernt, praktiskt, redo f\u00f6r vardagsbruk<\/p>\n<p>&nbsp;<\/p>\n<h3><span style=\"font-size: 90%;\">Bang Legend 300000 300k Puffs 8in1 Flavor Disponibel Vape <strong>Smaklista:<\/strong><\/span><\/h3>\n<p><strong>1.Mamba &amp; Peach Mango Watermelan &amp; Energy Drink &amp; Grape Ice<\/strong><\/p>\n<p><strong>2. Passionsfrukt Mango &amp; Persika Ananas &amp; Bl\u00e5b\u00e4r Hallon &amp; Vattenmelon Is<\/strong><\/p>\n<p><strong>3.Citron Sour Orange &amp; Mango Peach &amp; Watermelon Ice &amp; Berry Ice<\/strong><\/p>\n<p><strong>4. \u00c4pplep\u00e4ron &amp; jordgubbsmango &amp; jordgubbsvattenmelon &amp; bl\u00e5b\u00e4ris<\/strong><\/p>\n<p><strong>5. Vattenmelon B\u00e4r &amp; Mango Persika Aprikos &amp; Jordgubbskiwi &amp; Persika Mango Vattenmelan<\/strong><\/p>\n<p><strong>6.Summer Time &amp; Mango Ice &amp; Love 66 &amp; Sour Mango Pineapple<\/strong><\/p>\n<p><strong>7. Kiwi Passionsfrukt Guava &amp; Grape Ice &amp; Passionate Kiss &amp; Watermelon Sour Peach<\/strong><\/p>\n<p><strong>8. Vattenmelon Pitaya &amp; \u00c4pple P\u00e4ron &amp; Passionsfrukt Kiwi Lime &amp; Blueberry Peach Ice<\/strong><\/p>\n<p><strong>9. Jordgubbsbanan &amp; vattenmelonb\u00e4r &amp; bl\u00e5b\u00e4ris &amp; Fujiis<\/strong><\/p>\n<p><strong>10. Gummy Bear &amp; Mixed Berrie &amp; Strawberry Watermelon &amp; Lime Romance<\/strong><\/p>\n<p><strong>11. Vattenmelon Bubble Gum &amp; Blueberry Peach Ice &amp; Cantaloupe Apple &amp; Strawberry Banan<\/strong><\/p>\n<p><strong>12.Watermelon Sour Peach &amp; Blueberry Ice &amp; California Cherry &amp; Strawberry Mango<img loading=\"lazy\" decoding=\"async\" class=\"alignnone wp-image-9406 size-full\" src=\"https:\/\/pgvape.com\/wp-content\/uploads\/2026\/03\/Bang-Legend-300000-300k-Puffs-8-in-1-Flavor-Disposable-Vape-0-2-3-5Nicotine-12Taste-LED-Screen-Vape-Factory-Wholesale-3.png\" alt=\"Blandade Bang Legend 8in1 energidrycksburkar med tecknade apor i klara f\u00e4rger, arrangerade i tv\u00e5 rader p\u00e5 neonbakgrund.\" width=\"1976\" height=\"1909\" srcset=\"https:\/\/pgvape.com\/wp-content\/uploads\/2026\/03\/Bang-Legend-300000-300k-Puffs-8-in-1-Flavor-Disposable-Vape-0-2-3-5Nicotine-12Taste-LED-Screen-Vape-Factory-Wholesale-3.png 1976w, https:\/\/pgvape.com\/wp-content\/uploads\/2026\/03\/Bang-Legend-300000-300k-Puffs-8-in-1-Flavor-Disposable-Vape-0-2-3-5Nicotine-12Taste-LED-Screen-Vape-Factory-Wholesale-3-373x360.png 373w, https:\/\/pgvape.com\/wp-content\/uploads\/2026\/03\/Bang-Legend-300000-300k-Puffs-8-in-1-Flavor-Disposable-Vape-0-2-3-5Nicotine-12Taste-LED-Screen-Vape-Factory-Wholesale-3-595x575.png 595w, https:\/\/pgvape.com\/wp-content\/uploads\/2026\/03\/Bang-Legend-300000-300k-Puffs-8-in-1-Flavor-Disposable-Vape-0-2-3-5Nicotine-12Taste-LED-Screen-Vape-Factory-Wholesale-3-400x386.png 400w, https:\/\/pgvape.com\/wp-content\/uploads\/2026\/03\/Bang-Legend-300000-300k-Puffs-8-in-1-Flavor-Disposable-Vape-0-2-3-5Nicotine-12Taste-LED-Screen-Vape-Factory-Wholesale-3-768x742.png 768w, https:\/\/pgvape.com\/wp-content\/uploads\/2026\/03\/Bang-Legend-300000-300k-Puffs-8-in-1-Flavor-Disposable-Vape-0-2-3-5Nicotine-12Taste-LED-Screen-Vape-Factory-Wholesale-3-1536x1484.png 1536w, https:\/\/pgvape.com\/wp-content\/uploads\/2026\/03\/Bang-Legend-300000-300k-Puffs-8-in-1-Flavor-Disposable-Vape-0-2-3-5Nicotine-12Taste-LED-Screen-Vape-Factory-Wholesale-3-12x12.png 12w, https:\/\/pgvape.com\/wp-content\/uploads\/2026\/03\/Bang-Legend-300000-300k-Puffs-8-in-1-Flavor-Disposable-Vape-0-2-3-5Nicotine-12Taste-LED-Screen-Vape-Factory-Wholesale-3-600x580.png 600w\" sizes=\"auto, (max-width: 1976px) 100vw, 1976px\" \/><\/strong><\/p>\n<p>&nbsp;<\/p>\n<h2>Vanliga fr\u00e5gor om Bang Legend 300000 300k Puffs 8in1 Flavor Disposable Vape<\/h2>\n<p>\u2753 <strong>Hur m\u00e5nga bloss?<\/strong><br \/>\n\u2705 <strong>Upp till 300 000<\/strong> \u2013 extremt l\u00e5ngvarig upplevelse.<\/p>\n<p>\u2753 <strong>Finns nikotinstyrkor?<\/strong><br \/>\n\u2705 <strong>0 %, 2 %, 3 %, 5 %<\/strong> \u2013 v\u00e4lj \u00f6nskad niv\u00e5.<\/p>\n<p>\u2753 <strong>\u00c4r den uppladdningsbar?<\/strong><br \/>\n\u2705 <strong class=\"\">Ja<\/strong> \u2013 <strong>850 mAh<\/strong> batteri med <strong>Typ-C<\/strong> snabbladdning.<\/p>\n<p>\u2753 <strong>Vad g\u00f6r den unik?<\/strong><br \/>\n\u2705 <strong>8-i-1 smaker<\/strong> + <strong>quad mesh spolar<\/strong> + <strong>LED display<\/strong> + <strong>40 ml kapacitet<\/strong> = m\u00e5ngsidig, h\u00e5llbar, h\u00f6gpresterande.<\/p>\n<p>\u2753 <strong>Var kan man k\u00f6pa?<\/strong><br \/>\n\u2705 Finns p\u00e5 <strong>KingApeVape<\/strong> \u2013 brett utbud av eng\u00e5ngsartiklar och smaker med h\u00f6g kapacitet.<\/p>\n<p>&nbsp;<\/p>\n<h3 id=\"brxe-najhln\" class=\"brxe-heading\">Vanliga fr\u00e5gor (FAQ)<\/h3>\n<div id=\"brxe-rajiac\" class=\"brxe-text\">\n<p><strong>F: Vilka betalningsmetoder accepterar du?<\/strong><br \/>\nS: Vi accepterar PayPal, Stripe, bank\u00f6verf\u00f6ringar (st\u00f6ds med SEPA), vanliga kreditkort (Visa, MasterCard, American Express) och betalningar i kryptovaluta.<\/p>\n<p><strong>F: Hur l\u00e5ng tid tar best\u00e4llningsberedningen?<\/strong><br \/>\nS: Best\u00e4llningsf\u00f6rberedelse tar 1-3 arbetsdagar.<\/p>\n<p><strong>F: Vad \u00e4r leveranstiden?<\/strong><br \/>\nS: Leveranstiden \u00e4r 7-14 arbetsdagar, beroende p\u00e5 var du befinner dig. Varor som skickas fr\u00e5n europeiska lager tar vanligtvis 3-6 arbetsdagar f\u00f6r leverans.<\/p>\n<p><strong>F: Hur kan jag sp\u00e5ra min best\u00e4llning?<\/strong><br \/>\nS: Efter leverans kommer du att f\u00e5 ett bekr\u00e4ftelsemail med ett sp\u00e5rningsnummer f\u00f6r sp\u00e5rning i realtid.<\/p>\n<p><strong>F: Vilken \u00e4r din returpolicy?<\/strong><br \/>\nS: Vi erbjuder en 30-dagars returpolicy f\u00f6r \u00e5terbetalningar eller byten. .<\/p>\n<p><strong>F: Kommer det att finnas n\u00e5gra tullproblem?<br \/>\n<\/strong>Vi hanterar alla tullf\u00f6rfaranden f\u00f6r att s\u00e4kerst\u00e4lla en problemfri upplevelse f\u00f6r dig. .<\/p>\n<p><strong>F: Vilka frakts\u00e4tt anv\u00e4nds?<\/strong><br \/>\nVi samarbetar med UPS\/DHL\/FEDEX\/DPD, etc. Vi kommer att v\u00e4lja l\u00e4mpligt fraktalternativ beroende p\u00e5 leveransland f\u00f6r att s\u00e4kerst\u00e4lla att du f\u00e5r dina produkter s\u00e5 snabbt som m\u00f6jligt.<\/p>\n<p><a href=\"https:\/\/pgvape.com\/sv\/vanliga-fragor\/\">Klicka h\u00e4r f\u00f6r mer FAQ<\/a><\/p>\n<p>K\u00e4ra kunder, Om du har n\u00e5gra fr\u00e5gor om din best\u00e4llning eller ankomsten av varor, v\u00e4nligen kontakta v\u00e5r kundtj\u00e4nst. Tack!<\/p>\n<h3 data-sourcepos=\"73:1-73:21\"><strong data-sourcepos=\"73:7-73:21\">Kontakta oss<\/strong><\/h3>\n<div id=\"text-2419739398\" class=\"text\">\n<p><strong data-sourcepos=\"75:3-75:12\">E-post<\/strong>:\u00a0<a href=\"mailto:support@pgvape.com\"><strong>support@pgvape.com<\/strong><\/a><\/p>\n<p><strong data-sourcepos=\"76:3-76:15\">WhatsApp<\/strong>:\u00a0<a href=\"https:\/\/wa.me\/+8618128481258\"><strong>+86 18128481258<\/strong><\/a><br \/>\n<strong>(Svara inom 24 timmar p\u00e5 arbetsdagar)<\/strong><\/p>\n<\/div>\n<h3><strong>Tack f\u00f6r att du valde pgvape.com! .<\/strong><\/h3>\n<\/div>","protected":false},"excerpt":{"rendered":"<p><strong>Bang Legend 300 000<\/strong> <strong>300k bloss<\/strong>, <strong>40 ml<\/strong>, <strong>8-i-1 smaker<\/strong>, <strong>quad mesh<\/strong>, <strong>LED display<\/strong>, <strong>Typ-C<\/strong>, <strong>0-5% nic<\/strong>.<strong>Legendarisk kapacitet, \u00e5tta smaker, en episk vape.<\/strong><\/p>","protected":false},"featured_media":9405,"comment_status":"open","ping_status":"closed","template":"","meta":{"_seopress_robots_primary_cat":"none","_seopress_titles_title":"%%post_title%%","_seopress_titles_desc":"","_seopress_robots_index":""},"product_brand":[72,516],"product_cat":[517,71,515],"product_tag":[519,601,603,606,90,490],"class_list":{"0":"post-9401","1":"product","2":"type-product","3":"status-publish","4":"has-post-thumbnail","6":"product_brand-bang-legend-vape","7":"product_brand-disposable-vape","8":"product_cat-300k-puffs-vape","9":"product_cat-bang-legend-vape","10":"product_cat-disposable-vape","11":"product_tag-300k-puffs-vape","12":"product_tag-8in1-flavor","13":"product_tag-bang-legend-300000","14":"product_tag-bang-legend-vape","15":"product_tag-disposable-vape","16":"product_tag-minimum-2-pieces","18":"first","19":"instock","20":"sale","21":"shipping-taxable","22":"purchasable","23":"product-type-variable"},"_links":{"self":[{"href":"https:\/\/pgvape.com\/sv\/wp-json\/wp\/v2\/product\/9401","targetHints":{"allow":["GET"]}}],"collection":[{"href":"https:\/\/pgvape.com\/sv\/wp-json\/wp\/v2\/product"}],"about":[{"href":"https:\/\/pgvape.com\/sv\/wp-json\/wp\/v2\/types\/product"}],"replies":[{"embeddable":true,"href":"https:\/\/pgvape.com\/sv\/wp-json\/wp\/v2\/comments?post=9401"}],"wp:featuredmedia":[{"embeddable":true,"href":"https:\/\/pgvape.com\/sv\/wp-json\/wp\/v2\/media\/9405"}],"wp:attachment":[{"href":"https:\/\/pgvape.com\/sv\/wp-json\/wp\/v2\/media?parent=9401"}],"wp:term":[{"taxonomy":"product_brand","embeddable":true,"href":"https:\/\/pgvape.com\/sv\/wp-json\/wp\/v2\/product_brand?post=9401"},{"taxonomy":"product_cat","embeddable":true,"href":"https:\/\/pgvape.com\/sv\/wp-json\/wp\/v2\/product_cat?post=9401"},{"taxonomy":"product_tag","embeddable":true,"href":"https:\/\/pgvape.com\/sv\/wp-json\/wp\/v2\/product_tag?post=9401"}],"curies":[{"name":"wp","href":"https:\/\/api.w.org\/{rel}","templated":true}]}}