{"id":9072,"date":"2026-03-06T11:11:43","date_gmt":"2026-03-06T11:11:43","guid":{"rendered":"https:\/\/pgvape.com\/?post_type=product&#038;p=9072"},"modified":"2026-03-15T14:05:19","modified_gmt":"2026-03-15T14:05:19","slug":"uor-tvillingar-80k-puffar-2i1-smak-engangsvape-2-5nikotin-10smak-led-display","status":"publish","type":"product","link":"https:\/\/pgvape.com\/sv\/produkt\/uor-tvillingar-80k-puffar-2i1-smak-engangsvape-2-5nikotin-10smak-led-display\/","title":{"rendered":"UOR Twins 80K Puffs 2in1 Flavor Disponibel Vape 2% 5%Nikotin 10Taste LED Display"},"content":{"rendered":"<p><strong>UOR Twins 80K<\/strong> levererar <strong>80 000 bloss<\/strong> fr\u00e5n <strong>dubbla 20 ml tankar<\/strong> (40 ml totalt), drivs av en <strong>650 mAh Type-C<\/strong> batteri och <strong>0,9 \u03a9 dubbla mesh-spolar<\/strong>.<br \/>\n<strong>Slide-to-switch smaksystem<\/strong>, <strong>LED smart display<\/strong>, <strong>2 % \/ 5 %<\/strong> nikotin och <strong>10 smaks\u00e4ttningar<\/strong> ge dig <strong class=\"\">dubbla smaken, dubbla livet<\/strong>\u2014 grossistf\u00e4rdig <strong>10 st\/kartong<\/strong>.<\/p>\n<p>&nbsp;<\/p>\n<h2><span style=\"font-size: 90%;\">Specifikationer f\u00f6r UOR Twins 80K Puffs 2in1 Flavor Disposable Vape:<\/span><\/h2>\n<p><strong>Puffar<\/strong>: Upp till <strong class=\"\">80,000<\/strong><\/p>\n<p><strong>E-v\u00e4tska<\/strong>: <strong>20 ml \u00d7 2<\/strong> dubbla tankar = <strong>40 ml<\/strong> total<\/p>\n<p><strong>Nikotin<\/strong>: <strong class=\"\">2 %, 5 %<\/strong> saltalternativ<\/p>\n<p><strong>Batteri<\/strong>: <strong>650 mAh<\/strong>, <strong>Typ-C<\/strong> snabbladdning<\/p>\n<p><strong>Spolar<\/strong>: <strong>0,9 \u03a9 dubbeln\u00e4t<\/strong> \u2013 sl\u00e4tare \u00e5nga, rikare smak<\/p>\n<p><strong>V\u00e4xla<\/strong>: <strong>Slide-to-switch<\/strong> \u2013 omedelbar smakf\u00f6r\u00e4ndring<\/p>\n<p><strong>Visa<\/strong>: <strong>LED<\/strong> \u2013 batteri och anv\u00e4ndningsstatus<\/p>\n<p><strong>Frakt<\/strong>: UPS\/DHL\/FEDEX\/DPD \u2013 <strong>7-15 arbetsdagar<\/strong>, tullklarerad, <strong>100 % garanti<\/strong><\/p>\n<p>&nbsp;<\/p>\n<h3><span style=\"font-size: 90%;\">UOR Twins 80K Puffs 2in1 Flavor Disposable Vape Flavor List:<\/span><\/h3>\n<p><strong class=\"\">1.Bl\u00e5b\u00e4rshallon &amp; k\u00e4rlek 66<\/strong><\/p>\n<p><strong class=\"\">2.Blue Razz Ice &amp; Kiwi Passion-Fruit Guava<\/strong><\/p>\n<p><strong class=\"\">3.Blueberry Ice &amp; Lady Killa<\/strong><\/p>\n<p><strong class=\"\">4. Grape Ice &amp; Triple Berry Ice<\/strong><\/p>\n<p><strong>5.Orange Soda &amp; Tropical Fruit<\/strong><\/p>\n<p><strong>6.Peach Mango &amp; Strawberry Ice<\/strong><\/p>\n<p><strong class=\"\">7. Jordgubbskiwi &amp; blandade b\u00e4r<\/strong><\/p>\n<p><strong class=\"\">8. Jordgubbsvattenmelon &amp; Red Bull<\/strong><\/p>\n<p><strong>9. Jordgubbsbanan &amp; jordgubbsmango<\/strong><\/p>\n<p><strong class=\"\">10. Vattenmelon Ice &amp; Double Apple<img loading=\"lazy\" decoding=\"async\" class=\"alignnone wp-image-9077 size-full\" src=\"https:\/\/pgvape.com\/wp-content\/uploads\/2026\/03\/UOR-Twins-80K-Puffs-2in1-Flavor-Disposable-Vape-0-2-3-5Nicotine-10Taste-LED-Display-pgvape-3.png\" alt=\"UJR Twins 80K Double Flavour-kampanj som visar tio smakpar, var och en med tv\u00e5 juicep\u00e5sar och fruktbilder p\u00e5 en bl\u00e5 gradientbakgrund.\" width=\"1079\" height=\"1500\" srcset=\"https:\/\/pgvape.com\/wp-content\/uploads\/2026\/03\/UOR-Twins-80K-Puffs-2in1-Flavor-Disposable-Vape-0-2-3-5Nicotine-10Taste-LED-Display-pgvape-3.png 1079w, https:\/\/pgvape.com\/wp-content\/uploads\/2026\/03\/UOR-Twins-80K-Puffs-2in1-Flavor-Disposable-Vape-0-2-3-5Nicotine-10Taste-LED-Display-pgvape-3-259x360.png 259w, https:\/\/pgvape.com\/wp-content\/uploads\/2026\/03\/UOR-Twins-80K-Puffs-2in1-Flavor-Disposable-Vape-0-2-3-5Nicotine-10Taste-LED-Display-pgvape-3-595x827.png 595w, https:\/\/pgvape.com\/wp-content\/uploads\/2026\/03\/UOR-Twins-80K-Puffs-2in1-Flavor-Disposable-Vape-0-2-3-5Nicotine-10Taste-LED-Display-pgvape-3-288x400.png 288w, https:\/\/pgvape.com\/wp-content\/uploads\/2026\/03\/UOR-Twins-80K-Puffs-2in1-Flavor-Disposable-Vape-0-2-3-5Nicotine-10Taste-LED-Display-pgvape-3-768x1068.png 768w, https:\/\/pgvape.com\/wp-content\/uploads\/2026\/03\/UOR-Twins-80K-Puffs-2in1-Flavor-Disposable-Vape-0-2-3-5Nicotine-10Taste-LED-Display-pgvape-3-9x12.png 9w, https:\/\/pgvape.com\/wp-content\/uploads\/2026\/03\/UOR-Twins-80K-Puffs-2in1-Flavor-Disposable-Vape-0-2-3-5Nicotine-10Taste-LED-Display-pgvape-3-600x834.png 600w\" sizes=\"auto, (max-width: 1079px) 100vw, 1079px\" \/><\/strong><\/p>\n<p>&nbsp;<\/p>\n<h3><span style=\"font-size: 90%;\">UOR Twins 80K Puffs 2in1 Flavor Disponibel Vape Flavor <\/span>Video<span style=\"font-size: 90%;\">:<\/span><\/h3>\n<p><iframe loading=\"lazy\" title=\"UOR Twins 80K Puffs 2in1 Flavor Disponibel Vape 10Taste LED Display Vape Factory Grossist pgvape\" width=\"563\" height=\"1000\" src=\"https:\/\/www.youtube.com\/embed\/GzVo1VLCeSc?feature=oembed\" frameborder=\"0\" allow=\"accelerometer; autoplay; clipboard-write; encrypted-media; gyroscope; picture-in-picture; web-share\" referrerpolicy=\"strict-origin-when-cross-origin\" allowfullscreen><\/iframe><\/p>\n<p>&nbsp;<\/p>\n<h2>Vanliga fr\u00e5gor om UOR Twins 80K Puffs 2in1 Flavor Disposable Vape<\/h2>\n<p>\u2753 <strong>Hur m\u00e5nga bloss per enhet?<\/strong><br \/>\n\u2705 Fabriksklassad <strong>80 000 bloss<\/strong>-m\u00e5naders daglig anv\u00e4ndning.<\/p>\n<p>\u2753 <strong>Hur byter jag smak?<\/strong><br \/>\n\u2705 <strong>Slide-to-switch-mekanism<\/strong>\u2014byt omedelbart mellan <strong>tv\u00e5 20 ml tankar<\/strong>.<\/p>\n<p>\u2753 <strong>\u00c4r den uppladdningsbar?<\/strong><br \/>\n\u2705 <strong>650 mAh<\/strong> batteri + <strong>Typ-C<\/strong> port; full laddning p\u00e5 ~30 min.<\/p>\n<p>\u2753 <strong>Vilken spolteknik anv\u00e4nds?<\/strong><br \/>\n\u2705 <strong>0,9 \u03a9 dubbla mesh-spolar<\/strong>\u2014 f\u00f6rb\u00e4ttrad \u00e5ngproduktion, rikare smak.<\/p>\n<p>\u2753 <strong>Vilka nikotinstyrkor erbjuds?<\/strong><br \/>\n\u2705 <strong>2 %<\/strong> sl\u00e4t eller <strong class=\"\">5 %<\/strong> stark \u2013 v\u00e4lj i kassan.<\/p>\n<p>\u2753 <strong>Hur \u00f6vervakar jag status?<\/strong><br \/>\n\u2705 <strong>LED display<\/strong> visar <strong>batteri %<\/strong> och <strong>anv\u00e4ndningsinformation<\/strong> vid en blick.<\/p>\n<p>\u2753 <strong>Leveranss\u00e4tt och tid?<\/strong><br \/>\n\u2705 <strong>UPS\/DHL\/FEDEX\/DPD<\/strong>\u2014<strong class=\"\">7-15 arbetsdagar<\/strong> (upp till 20 p\u00e5 helgdagar\/d\u00e5ligt v\u00e4der).<\/p>\n<p>\u2753 <strong>Kommer det att klara tullen?<\/strong><br \/>\n\u2705 <strong>100 % tullklareringsgaranti<\/strong>\u2014inga skatter, inga avgifter, vi sk\u00f6ter pappersarbete.<\/p>\n<p>\u2753 <strong>\u00c4r betalning s\u00e4ker?<\/strong><br \/>\n\u2705 <strong>PayPal st\u00f6ds<\/strong> med <strong>k\u00f6parskydd<\/strong>-kontrollera <strong>TrustPilot recensioner<\/strong> f\u00f6r verifiering.<\/p>\n<p>&nbsp;<\/p>\n<h3 id=\"brxe-najhln\" class=\"brxe-heading\">Vanliga fr\u00e5gor (FAQ)<\/h3>\n<div id=\"brxe-rajiac\" class=\"brxe-text\">\n<p><strong>F: Vilka betalningsmetoder accepterar du?<\/strong><br \/>\nS: Vi accepterar PayPal, Stripe, bank\u00f6verf\u00f6ringar (st\u00f6ds med SEPA), vanliga kreditkort (Visa, MasterCard, American Express) och betalningar i kryptovaluta.<\/p>\n<p><strong>F: Hur l\u00e5ng tid tar best\u00e4llningsberedningen?<\/strong><br \/>\nS: Best\u00e4llningsf\u00f6rberedelse tar 1-3 arbetsdagar.<\/p>\n<p><strong>F: Vad \u00e4r leveranstiden?<\/strong><br \/>\nS: Leveranstiden \u00e4r 7-14 arbetsdagar, beroende p\u00e5 var du befinner dig. Varor som skickas fr\u00e5n europeiska lager tar vanligtvis 3-6 arbetsdagar f\u00f6r leverans.<\/p>\n<p><strong>F: Hur kan jag sp\u00e5ra min best\u00e4llning?<\/strong><br \/>\nS: Efter leverans kommer du att f\u00e5 ett bekr\u00e4ftelsemail med ett sp\u00e5rningsnummer f\u00f6r sp\u00e5rning i realtid.<\/p>\n<p><strong>F: Vilken \u00e4r din returpolicy?<\/strong><br \/>\nS: Vi erbjuder en 30-dagars returpolicy f\u00f6r \u00e5terbetalningar eller byten. .<\/p>\n<p><strong>F: Kommer det att finnas n\u00e5gra tullproblem?<br \/>\n<\/strong>Vi hanterar alla tullf\u00f6rfaranden f\u00f6r att s\u00e4kerst\u00e4lla en problemfri upplevelse f\u00f6r dig. .<\/p>\n<p><strong>F: Vilka frakts\u00e4tt anv\u00e4nds?<\/strong><br \/>\nVi samarbetar med UPS\/DHL\/FEDEX\/DPD, etc. Vi kommer att v\u00e4lja l\u00e4mpligt fraktalternativ beroende p\u00e5 leveransland f\u00f6r att s\u00e4kerst\u00e4lla att du f\u00e5r dina produkter s\u00e5 snabbt som m\u00f6jligt.<\/p>\n<p><a href=\"https:\/\/pgvape.com\/sv\/vanliga-fragor\/\">Klicka h\u00e4r f\u00f6r mer FAQ<\/a><\/p>\n<p>K\u00e4ra kunder, Om du har n\u00e5gra fr\u00e5gor om din best\u00e4llning eller ankomsten av varor, v\u00e4nligen kontakta v\u00e5r kundtj\u00e4nst. Tack!<\/p>\n<h3 data-sourcepos=\"73:1-73:21\"><strong data-sourcepos=\"73:7-73:21\">Kontakta oss<\/strong><\/h3>\n<div id=\"text-2419739398\" class=\"text\">\n<p><strong data-sourcepos=\"75:3-75:12\">E-post<\/strong>:\u00a0<a href=\"mailto:support@pgvape.com\"><strong>support@pgvape.com<\/strong><\/a><\/p>\n<p><strong data-sourcepos=\"76:3-76:15\">WhatsApp<\/strong>:\u00a0<a href=\"https:\/\/wa.me\/+8618128481258\"><strong>+86 18128481258<\/strong><\/a><br \/>\n<strong>(Svara inom 24 timmar p\u00e5 arbetsdagar)<\/strong><\/p>\n<\/div>\n<h3><strong>Tack f\u00f6r att du valde pgvape.com! .<\/strong><\/h3>\n<\/div>","protected":false},"excerpt":{"rendered":"<p><strong data-sourcepos=\"64:1-64:188\">\u201cUOR TWINS 80K: Den ultimata eng\u00e5ngsprodukten med dubbla smaker med 80 000 puffar, slide-switch-teknik och smart LED-sk\u00e4rm. Perfekt f\u00f6r \u00e5terf\u00f6rs\u00e4ljare som s\u00f6ker innovativa produkter med h\u00f6g marginal.\u201d<\/strong><\/p>","protected":false},"featured_media":9075,"comment_status":"open","ping_status":"closed","template":"","meta":{"_seopress_robots_primary_cat":"none","_seopress_titles_title":"","_seopress_titles_desc":"","_seopress_robots_index":""},"product_brand":[516,345],"product_cat":[41,515,344],"product_tag":[581,465,90,490,580],"class_list":{"0":"post-9072","1":"product","2":"type-product","3":"status-publish","4":"has-post-thumbnail","6":"product_brand-disposable-vape","7":"product_brand-uor-vape","8":"product_cat-80k-puffs-vape","9":"product_cat-disposable-vape","10":"product_cat-uor-vape","11":"product_tag-2in1-flavor","12":"product_tag-80k-puffs-vape","13":"product_tag-disposable-vape","14":"product_tag-minimum-2-pieces","15":"product_tag-uor-twins-80k","17":"first","18":"instock","19":"sale","20":"shipping-taxable","21":"purchasable","22":"product-type-variable"},"_links":{"self":[{"href":"https:\/\/pgvape.com\/sv\/wp-json\/wp\/v2\/product\/9072","targetHints":{"allow":["GET"]}}],"collection":[{"href":"https:\/\/pgvape.com\/sv\/wp-json\/wp\/v2\/product"}],"about":[{"href":"https:\/\/pgvape.com\/sv\/wp-json\/wp\/v2\/types\/product"}],"replies":[{"embeddable":true,"href":"https:\/\/pgvape.com\/sv\/wp-json\/wp\/v2\/comments?post=9072"}],"wp:featuredmedia":[{"embeddable":true,"href":"https:\/\/pgvape.com\/sv\/wp-json\/wp\/v2\/media\/9075"}],"wp:attachment":[{"href":"https:\/\/pgvape.com\/sv\/wp-json\/wp\/v2\/media?parent=9072"}],"wp:term":[{"taxonomy":"product_brand","embeddable":true,"href":"https:\/\/pgvape.com\/sv\/wp-json\/wp\/v2\/product_brand?post=9072"},{"taxonomy":"product_cat","embeddable":true,"href":"https:\/\/pgvape.com\/sv\/wp-json\/wp\/v2\/product_cat?post=9072"},{"taxonomy":"product_tag","embeddable":true,"href":"https:\/\/pgvape.com\/sv\/wp-json\/wp\/v2\/product_tag?post=9072"}],"curies":[{"name":"wp","href":"https:\/\/api.w.org\/{rel}","templated":true}]}}