{"id":8832,"date":"2026-01-29T07:54:13","date_gmt":"2026-01-29T07:54:13","guid":{"rendered":"https:\/\/pgvape.com\/?post_type=product&#038;p=8832"},"modified":"2026-04-09T14:46:15","modified_gmt":"2026-04-09T14:46:15","slug":"solaris-tequila-don-leon1942-30000-30k-puffar-disponibel-vape-2nikotin-10taste-batteri-display-vape-fabrik-grossist","status":"publish","type":"product","link":"https:\/\/pgvape.com\/sv\/produkt\/solaris-tequila-don-leon1942-30000-30k-puffar-disponibel-vape-2nikotin-10taste-batteri-display-vape-fabrik-grossist\/","title":{"rendered":"Solaris Tequila Don Leon1942 30000 30K Puffs Disponibel Vape 2%Nikotin 10Taste\u00a0Batteri Display Vape Factory Grossist"},"content":{"rendered":"<p><strong>Solaris Tequila Don Leon 1942<\/strong> h\u00e4ller <strong>30 000 bloss<\/strong> <strong>Vape f\u00f6r eng\u00e5ngsbruk<\/strong> <strong data-sourcepos=\"6:6-6:53\">Lyxig design m\u00f6ter h\u00f6gpresterande vaping <\/strong>Inspirerad av <strong data-sourcepos=\"7:17-7:47\">Ikonisk Tequilaflaska fr\u00e5n 1942<\/strong>, detta <strong data-sourcepos=\"7:54-7:81\">Premium eng\u00e5ngsvape<\/strong> levererar <strong data-sourcepos=\"7:91-7:120\">30 000 ultrasl\u00e4ta puffar<\/strong> med <strong data-sourcepos=\"7:126-7:154\">24mL f\u00f6rfylld E-v\u00e4tska<\/strong> och a <strong data-sourcepos=\"7:161-7:192\">650mAh uppladdningsbart batteri<\/strong>. <strong data-sourcepos=\"7:198-7:216\">1.2\u03a9 Mesh Coil<\/strong> s\u00e4kerst\u00e4ller <strong data-sourcepos=\"7:225-7:240\">Rik smak<\/strong> och <strong data-sourcepos=\"7:245-7:260\">T\u00e4t \u00e5nga<\/strong>, medan <strong data-sourcepos=\"7:272-7:296\">Typ-C snabbladdning<\/strong> minimerar driftstopp. Perfekt f\u00f6r <strong data-sourcepos=\"7:329-7:358\">\u00c5terf\u00f6rs\u00e4ljare och grossister<\/strong>, det kombinerar <strong data-sourcepos=\"7:372-7:395\">Sl\u00e5ende estetik<\/strong> med <strong data-sourcepos=\"7:401-7:425\">P\u00e5litlig prestanda<\/strong>.<\/p>\n<p>&nbsp;<\/p>\n<h2><span style=\"font-size: 90%;\">Solaris Tequila Don Leon1942 30000 30K Puffs Disponibel Vape Specifikationer:<\/span><\/h2>\n<p><strong data-sourcepos=\"12:3-12:24\">Nikotinstyrka<\/strong>:\u00a0<strong data-sourcepos=\"12:26-12:32\">2%<\/strong>\u00a0(Balanced Throat Hit)<\/p>\n<p><strong data-sourcepos=\"13:3-13:17\">Puff Count<\/strong>:\u00a0<strong data-sourcepos=\"13:19-13:35\">30 000 puffar<\/strong>\u00a0(Ut\u00f6kad anv\u00e4ndning)<\/p>\n<p><strong data-sourcepos=\"14:3-14:24\">E-v\u00e4tskekapacitet<\/strong>:\u00a0<strong data-sourcepos=\"14:26-14:34\">24 ml<\/strong>\u00a0(F\u00f6rifylld)<\/p>\n<p><strong data-sourcepos=\"15:3-15:11\">Spole<\/strong>:\u00a0<strong data-sourcepos=\"15:13-15:31\">1.2\u03a9 Mesh Coil<\/strong>\u00a0(Optimerad smak och \u00e5nga)<\/p>\n<p><strong data-sourcepos=\"16:3-16:14\">Batteri<\/strong>:\u00a0<strong data-sourcepos=\"16:16-16:39\">650mAh uppladdningsbar<\/strong>\u00a0(Typ-C-laddning)<\/p>\n<p><strong data-sourcepos=\"17:3-17:13\">Design<\/strong>:\u00a0<strong data-sourcepos=\"17:15-17:47\">1942 Tequila flaskinspirerad<\/strong>\u00a0+\u00a0<strong data-sourcepos=\"17:50-17:69\">Batteridisplay<\/strong><\/p>\n<p><strong data-sourcepos=\"18:3-18:16\">F\u00f6rpackning<\/strong>:\u00a0<strong data-sourcepos=\"18:18-18:36\">10 enheter\/l\u00e5da<\/strong>\u00a0(Wholesale Ready)<\/p>\n<p>&nbsp;<\/p>\n<h3><span style=\"font-size: 90%;\">Solaris Tequila Don Leon1942 30000 30K Puffs Disponibel Vape Flavor List:<\/span><\/h3>\n<p><strong>1. Vattenmelon Is<\/strong><\/p>\n<p><strong>2. Jordgubbskiwi<\/strong><\/p>\n<p><strong>3. Juicy Peach<\/strong><\/p>\n<p><strong>4. Jordgubbsvattenmelon<\/strong><\/p>\n<p><strong>5.Red Peach Champagne<\/strong><\/p>\n<p><strong>6.Blue Razz<\/strong><\/p>\n<p><strong>7.Bl\u00e5b\u00e4ris<\/strong><\/p>\n<p><strong>8.Blandade b\u00e4r<\/strong><\/p>\n<p><strong>9.Passion-Fruit Mango<\/strong><\/p>\n<p><strong>10. Cherry Dragon-Fruit<img loading=\"lazy\" decoding=\"async\" class=\"alignnone wp-image-8858 size-full\" src=\"https:\/\/pgvape.com\/wp-content\/uploads\/2026\/01\/Solaris-Tequila-Don-Leon1942-30000-Puffs-Disposable-Vape-2-Nicotine-10Taste-Vape-Factory-Wholesale-14.png\" alt=\"\" width=\"1692\" height=\"1800\" srcset=\"https:\/\/pgvape.com\/wp-content\/uploads\/2026\/01\/Solaris-Tequila-Don-Leon1942-30000-Puffs-Disposable-Vape-2-Nicotine-10Taste-Vape-Factory-Wholesale-14.png 1692w, https:\/\/pgvape.com\/wp-content\/uploads\/2026\/01\/Solaris-Tequila-Don-Leon1942-30000-Puffs-Disposable-Vape-2-Nicotine-10Taste-Vape-Factory-Wholesale-14-338x360.png 338w, https:\/\/pgvape.com\/wp-content\/uploads\/2026\/01\/Solaris-Tequila-Don-Leon1942-30000-Puffs-Disposable-Vape-2-Nicotine-10Taste-Vape-Factory-Wholesale-14-595x633.png 595w, https:\/\/pgvape.com\/wp-content\/uploads\/2026\/01\/Solaris-Tequila-Don-Leon1942-30000-Puffs-Disposable-Vape-2-Nicotine-10Taste-Vape-Factory-Wholesale-14-376x400.png 376w, https:\/\/pgvape.com\/wp-content\/uploads\/2026\/01\/Solaris-Tequila-Don-Leon1942-30000-Puffs-Disposable-Vape-2-Nicotine-10Taste-Vape-Factory-Wholesale-14-768x817.png 768w, https:\/\/pgvape.com\/wp-content\/uploads\/2026\/01\/Solaris-Tequila-Don-Leon1942-30000-Puffs-Disposable-Vape-2-Nicotine-10Taste-Vape-Factory-Wholesale-14-1444x1536.png 1444w, https:\/\/pgvape.com\/wp-content\/uploads\/2026\/01\/Solaris-Tequila-Don-Leon1942-30000-Puffs-Disposable-Vape-2-Nicotine-10Taste-Vape-Factory-Wholesale-14-11x12.png 11w, https:\/\/pgvape.com\/wp-content\/uploads\/2026\/01\/Solaris-Tequila-Don-Leon1942-30000-Puffs-Disposable-Vape-2-Nicotine-10Taste-Vape-Factory-Wholesale-14-600x638.png 600w\" sizes=\"auto, (max-width: 1692px) 100vw, 1692px\" \/><\/strong><\/p>\n<p>&nbsp;<\/p>\n<h3><span style=\"font-size: 90%;\">Solaris Tequila Don Leon1942 30000 30K Puffs Disponibel Vape Video<\/span><\/h3>\n<div style=\"width: 1008px;\" class=\"wp-video\"><video class=\"wp-video-shortcode\" id=\"video-8832-1\" width=\"1008\" height=\"720\" preload=\"metadata\" controls=\"controls\"><source type=\"video\/mp4\" src=\"https:\/\/pgvape.com\/wp-content\/uploads\/2026\/01\/Solaris-Champagne-30000-30k-Puffs-Disposable-Vape-2-Nicotine-10Tastes-Vape-Factory-Wholesale-Video.mp4?_=1\" \/><a href=\"https:\/\/pgvape.com\/wp-content\/uploads\/2026\/01\/Solaris-Champagne-30000-30k-Puffs-Disposable-Vape-2-Nicotine-10Tastes-Vape-Factory-Wholesale-Video.mp4\">https:\/\/pgvape.com\/wp-content\/uploads\/2026\/01\/Solaris-Champagne-30000-30k-Puffs-Disposable-Vape-2-Nicotine-10Tastes-Vape-Factory-Wholesale-Video.mp4<\/a><\/video><\/div>\n<p>&nbsp;<\/p>\n<h2><span style=\"font-size: 90%;\">Vanliga fr\u00e5gor om Solaris Tequila Don Leon1942 30000 30K Puffs Disposable Vape\u00a0<\/span><\/h2>\n<p>\u2753 <strong>Vad g\u00f6r den unik?<\/strong><br \/>\n\u2705 <strong>1942 tequila-flaska design<\/strong> \u2013 lyxigt utseende, f\u00f6rstklassig handk\u00e4nsla, omedelbar hylla.<\/p>\n<p>\u2753 <strong>Hur m\u00e5nga bloss per enhet?<\/strong><br \/>\n\u2705 Fabriksklassad <strong>30 000 bloss<\/strong> \u2013 veckors daglig njutning.<\/p>\n<p>\u2753 <strong>\u00c4r den uppladdningsbar?<\/strong><br \/>\n\u2705 <strong>650 mAh<\/strong> batteri + <strong>Typ-C<\/strong> port; full laddning p\u00e5 ~30 min.<\/p>\n<p>\u2753 <strong>Vilken spole finns inuti?<\/strong><br \/>\n\u2705 <strong>1,2 \u03a9 mesh spole<\/strong> \u2013 sl\u00e4t \u00e5nga, f\u00f6rb\u00e4ttrad smakklarhet.<\/p>\n<p>\u2753 <strong>Hur kontrollerar jag batteristatus?<\/strong><br \/>\n\u2705 <strong>Inbyggd batteridisplay<\/strong> visar effektniv\u00e5n med en blick.<\/p>\n<p>\u2753 <strong>Vilken nikotinstyrka finns tillg\u00e4nglig?<\/strong><br \/>\n\u2705 <strong>2 %<\/strong> \u2013 balanserad, smidig halstr\u00e4ff f\u00f6r dagliga anv\u00e4ndare.<\/p>\n<p>\u2753 <strong>Butiksf\u00e4rdig f\u00f6rpackning?<\/strong><br \/>\n\u2705 <strong>10 st\/kartong<\/strong> \u2013 idealisk f\u00f6r lyxdisplayer eller bulkbest\u00e4llningar.<\/p>\n<p>&nbsp;<\/p>\n<h3 id=\"brxe-najhln\" class=\"brxe-heading\">Vanliga fr\u00e5gor (FAQ)<\/h3>\n<div id=\"brxe-rajiac\" class=\"brxe-text\">\n<p><strong>F: Vilka betalningsmetoder accepterar du?<\/strong><br \/>\nS: Vi accepterar PayPal, Stripe, bank\u00f6verf\u00f6ringar (st\u00f6ds med SEPA), vanliga kreditkort (Visa, MasterCard, American Express) och betalningar i kryptovaluta.<\/p>\n<p><strong>F: Hur l\u00e5ng tid tar best\u00e4llningsberedningen?<\/strong><br \/>\nS: Best\u00e4llningsf\u00f6rberedelse tar 1-3 arbetsdagar.<\/p>\n<p><strong>F: Vad \u00e4r leveranstiden?<\/strong><br \/>\nS: Leveranstiden \u00e4r 7-14 arbetsdagar, beroende p\u00e5 var du befinner dig. Varor som skickas fr\u00e5n europeiska lager tar vanligtvis 3-6 arbetsdagar f\u00f6r leverans.<\/p>\n<p><strong>F: Hur kan jag sp\u00e5ra min best\u00e4llning?<\/strong><br \/>\nS: Efter leverans kommer du att f\u00e5 ett bekr\u00e4ftelsemail med ett sp\u00e5rningsnummer f\u00f6r sp\u00e5rning i realtid.<\/p>\n<p><strong>F: Vilken \u00e4r din returpolicy?<\/strong><br \/>\nS: Vi erbjuder en 30-dagars returpolicy f\u00f6r \u00e5terbetalningar eller byten. .<\/p>\n<p><strong>F: Kommer det att finnas n\u00e5gra tullproblem?<br \/>\n<\/strong>Vi hanterar alla tullf\u00f6rfaranden f\u00f6r att s\u00e4kerst\u00e4lla en problemfri upplevelse f\u00f6r dig. .<\/p>\n<p><strong>F: Vilka frakts\u00e4tt anv\u00e4nds?<\/strong><br \/>\nVi samarbetar med UPS\/DHL\/FEDEX\/DPD, etc. Vi kommer att v\u00e4lja l\u00e4mpligt fraktalternativ beroende p\u00e5 leveransland f\u00f6r att s\u00e4kerst\u00e4lla att du f\u00e5r dina produkter s\u00e5 snabbt som m\u00f6jligt.<\/p>\n<p><a href=\"https:\/\/pgvape.com\/sv\/vanliga-fragor\/\">Klicka h\u00e4r f\u00f6r mer FAQ<\/a><\/p>\n<p>K\u00e4ra kunder, Om du har n\u00e5gra fr\u00e5gor om din best\u00e4llning eller ankomsten av varor, v\u00e4nligen kontakta v\u00e5r kundtj\u00e4nst. Tack!<\/p>\n<h3 data-sourcepos=\"73:1-73:21\"><strong data-sourcepos=\"73:7-73:21\">Kontakta oss<\/strong><\/h3>\n<div id=\"text-2419739398\" class=\"text\">\n<p><strong data-sourcepos=\"75:3-75:12\">E-post<\/strong>:\u00a0<a href=\"mailto:support@pgvape.com\"><strong>support@pgvape.com<\/strong><\/a><\/p>\n<p><strong data-sourcepos=\"76:3-76:15\">WhatsApp<\/strong>:\u00a0<a href=\"https:\/\/wa.me\/+8618128481258\"><strong>+86 18128481258<\/strong><\/a><br \/>\n<strong>(Svara inom 24 timmar p\u00e5 arbetsdagar)<\/strong><\/p>\n<\/div>\n<h3><strong>Tack f\u00f6r att du valde pgvape.com! .<\/strong><\/h3>\n<\/div>","protected":false},"excerpt":{"rendered":"<p><strong data-sourcepos=\"55:1-55:247\">Solaris Tequila Don Leon 1942 30K: En lyxig disponibel vape med 30 000 puffar, 24mL E-Liquid och 1.2\u03a9 Mesh Coil. Har Tequila-flaska design, batteridisplay och 10 uppfriskande smaker f\u00f6r premium vaping<\/strong><\/p>","protected":false},"featured_media":8835,"comment_status":"open","ping_status":"closed","template":"","meta":{"_seopress_robots_primary_cat":"none","_seopress_titles_title":"","_seopress_titles_desc":"","_seopress_robots_index":""},"product_brand":[516,513],"product_cat":[35,515,512],"product_tag":[566,349,90,59,565],"class_list":{"0":"post-8832","1":"product","2":"type-product","3":"status-publish","4":"has-post-thumbnail","6":"product_brand-disposable-vape","7":"product_brand-solaris-champagne-vape","8":"product_cat-30k-puffs-vape","9":"product_cat-disposable-vape","10":"product_cat-solaris-champagne-vape","11":"product_tag-1942-tequila-bottle-inspired","12":"product_tag-30k-puffs-vape","13":"product_tag-disposable-vape","14":"product_tag-mouth-to-lung-mtl","15":"product_tag-solaris-tequila-don-leon1942","17":"first","18":"instock","19":"sale","20":"shipping-taxable","21":"purchasable","22":"product-type-variable"},"_links":{"self":[{"href":"https:\/\/pgvape.com\/sv\/wp-json\/wp\/v2\/product\/8832","targetHints":{"allow":["GET"]}}],"collection":[{"href":"https:\/\/pgvape.com\/sv\/wp-json\/wp\/v2\/product"}],"about":[{"href":"https:\/\/pgvape.com\/sv\/wp-json\/wp\/v2\/types\/product"}],"replies":[{"embeddable":true,"href":"https:\/\/pgvape.com\/sv\/wp-json\/wp\/v2\/comments?post=8832"}],"wp:featuredmedia":[{"embeddable":true,"href":"https:\/\/pgvape.com\/sv\/wp-json\/wp\/v2\/media\/8835"}],"wp:attachment":[{"href":"https:\/\/pgvape.com\/sv\/wp-json\/wp\/v2\/media?parent=8832"}],"wp:term":[{"taxonomy":"product_brand","embeddable":true,"href":"https:\/\/pgvape.com\/sv\/wp-json\/wp\/v2\/product_brand?post=8832"},{"taxonomy":"product_cat","embeddable":true,"href":"https:\/\/pgvape.com\/sv\/wp-json\/wp\/v2\/product_cat?post=8832"},{"taxonomy":"product_tag","embeddable":true,"href":"https:\/\/pgvape.com\/sv\/wp-json\/wp\/v2\/product_tag?post=8832"}],"curies":[{"name":"wp","href":"https:\/\/api.w.org\/{rel}","templated":true}]}}