{"id":8725,"date":"2026-01-26T12:33:33","date_gmt":"2026-01-26T12:33:33","guid":{"rendered":"https:\/\/pgvape.com\/?post_type=product&#038;p=8725"},"modified":"2026-03-15T13:48:39","modified_gmt":"2026-03-15T13:48:39","slug":"atvs-40000-40k-puffs-disponibel-vape-2-5-nikotin-justerbart-luftflode-14-smak-smart-pekskarm-vape-fabrik-grossist","status":"publish","type":"product","link":"https:\/\/pgvape.com\/sv\/produkt\/atvs-40000-40k-puffs-disponibel-vape-2-5-nikotin-justerbart-luftflode-14-smak-smart-pekskarm-vape-fabrik-grossist\/","title":{"rendered":"ATVS 40000 40K Puffs Disponibel Vape 2% 5%Nikotin Justerbart luftfl\u00f6de 14Taste Smart Touch Screen Vape Fabriksgrossist"},"content":{"rendered":"<p><strong data-sourcepos=\"2:5-2:30\">ATVS 40000 Puffs Vape<\/strong> Levererar An <strong data-sourcepos=\"2:43-2:76\">Exceptionell vaping-upplevelse<\/strong> Med <strong data-sourcepos=\"2:82-2:104\">Upp till 40 000 bloss<\/strong> Och A <strong data-sourcepos=\"2:111-2:137\">35 ml E-v\u00e4tskekapacitet<\/strong>, Perfekt f\u00f6r anv\u00e4ndare som vill <strong data-sourcepos=\"2:166-2:192\">L\u00e5ngvarig njutning<\/strong> Utan frekventa p\u00e5fyllningar. <strong data-sourcepos=\"2:231-2:261\">2% och 5% Nikotinalternativ<\/strong>, Catering till b\u00e5da <strong data-sourcepos=\"2:280-2:320\">Moderata och starka preferensanv\u00e4ndare<\/strong>. <strong data-sourcepos=\"2:326-2:357\">750mAh uppladdningsbart batteri<\/strong> Ger <strong data-sourcepos=\"2:367-2:385\">P\u00e5litlig kraft<\/strong>, Medan <strong data-sourcepos=\"2:393-2:417\">Typ-C snabbladdning<\/strong> S\u00e4kerst\u00e4ller snabba laddningar. <strong data-sourcepos=\"2:457-2:491\">Dubbla mesh-spolar (0,4\u03a9 \/ 0,48\u03a9)<\/strong>, den producerar <strong data-sourcepos=\"2:505-2:530\">Rik, smakrik \u00e5nga<\/strong> Och <strong data-sourcepos=\"2:535-2:550\">Smidiga tr\u00e4ffar<\/strong>. <strong data-sourcepos=\"2:556-2:578\">Justerbart luftfl\u00f6de<\/strong> Till\u00e5ter anpassning f\u00f6r <strong data-sourcepos=\"2:604-2:626\">MTL- och DTL-stilar<\/strong>, Och The <strong data-sourcepos=\"2:636-2:658\">Smart peksk\u00e4rm<\/strong> Displayer <strong data-sourcepos=\"2:668-2:709\">E-v\u00e4tska och batteriniv\u00e5er i realtid<\/strong>.<\/p>\n<p>&nbsp;<\/p>\n<h2><span style=\"font-size: 90%;\">Specifikation f\u00f6r ATVS 40000 40K Puffs Disposable Vape<\/span><\/h2>\n<p><strong data-sourcepos=\"7:3-7:24\">Nikotinstyrka<\/strong>:\u00a0<strong data-sourcepos=\"7:26-7:37\">2% \/ 5%<\/strong><\/p>\n<p><strong data-sourcepos=\"8:3-8:17\">Puff Count<\/strong>:\u00a0<strong data-sourcepos=\"8:19-8:41\">Upp till 40 000 bloss<\/strong><\/p>\n<p><strong data-sourcepos=\"9:3-9:24\">E-v\u00e4tskekapacitet<\/strong>:\u00a0<strong data-sourcepos=\"9:26-9:34\">35 ml<\/strong><\/p>\n<p><strong data-sourcepos=\"10:3-10:23\">Batterikapacitet<\/strong>:\u00a0<strong data-sourcepos=\"10:25-10:48\">750mAh uppladdningsbar<\/strong><\/p>\n<p><strong data-sourcepos=\"11:3-11:16\">Typ av spole<\/strong>:\u00a0<strong data-sourcepos=\"11:18-11:49\">0,4\u03a9 \/ 0,48\u03a9 Dual Mesh Coil<\/strong><\/p>\n<p><strong data-sourcepos=\"12:3-12:22\">Luftfl\u00f6deskontroll<\/strong>:\u00a0<strong data-sourcepos=\"12:24-12:38\">Justerbar<\/strong><\/p>\n<p><strong data-sourcepos=\"13:3-13:14\">Visa<\/strong>:\u00a0<strong data-sourcepos=\"13:16-13:38\">Smart peksk\u00e4rm<\/strong><\/p>\n<p><strong data-sourcepos=\"14:3-14:20\">Laddningsport<\/strong>:\u00a0<strong data-sourcepos=\"14:22-14:47\">Typ-C snabbladdning<\/strong><\/p>\n<p><strong data-sourcepos=\"15:3-15:16\">F\u00f6rpackning<\/strong>:\u00a0<strong data-sourcepos=\"15:18-15:35\">10 st \/ f\u00f6rp<\/strong><\/p>\n<p><strong data-sourcepos=\"16:3-16:21\">Smakalternativ<\/strong>:\u00a0<strong data-sourcepos=\"16:23-16:46\">14 distinkta smaker<\/strong><\/p>\n<p>&nbsp;<\/p>\n<h3><span style=\"font-size: 90%;\">ATVS 40000 40K Puffs Disposable Vape Flavor List<\/span><\/h3>\n<p><strong data-sourcepos=\"21:4-21:22\">1.Strawberry Ice<\/strong><\/p>\n<p><strong data-sourcepos=\"22:4-22:18\">2. Litchiis<\/strong><\/p>\n<p><strong data-sourcepos=\"23:4-23:29\">3. Jordgubbsvattenmelon<\/strong><\/p>\n<p><strong data-sourcepos=\"24:4-24:16\">4. Cola Ice<\/strong><\/p>\n<p><strong data-sourcepos=\"25:4-25:16\">5.Taro Ice<\/strong><\/p>\n<p><strong data-sourcepos=\"26:4-26:22\">6. Cantaloupe Ice<\/strong><\/p>\n<p><strong data-sourcepos=\"27:4-27:17\">7.Peach Ice<\/strong><\/p>\n<p><strong data-sourcepos=\"28:4-28:25\">8. Bananapelsinis<\/strong><\/p>\n<p><strong data-sourcepos=\"29:4-29:17\">9. \u00c4ppelis<\/strong><\/p>\n<p><strong data-sourcepos=\"30:5-30:19\">10.Citron Lime<\/strong><\/p>\n<p><strong data-sourcepos=\"31:5-31:23\">11. Vattenmelon Is<\/strong><\/p>\n<p><strong data-sourcepos=\"32:5-32:18\">12. Grape Ice<\/strong><\/p>\n<p><strong data-sourcepos=\"33:5-33:22\">13.Bl\u00e5b\u00e4ris<\/strong><\/p>\n<p><strong data-sourcepos=\"34:5-34:18\">14.Guava Ice<\/strong><\/p>\n<p>&nbsp;<\/p>\n<h2 class=\"header-vfC6AV auto-hide-last-sibling-br\"><span style=\"font-size: 90%;\">Vanliga fr\u00e5gor om ATVS 40000 40K Puffs Disposable Vape<\/span><\/h2>\n<p>\u2753 <strong class=\"\">Hur m\u00e5nga bloss per enhet?<\/strong><br \/>\n\u2705 Fabriksklassad <strong>40 000 bloss<\/strong>\u2014 veckor av tung anv\u00e4ndning.<\/p>\n<p>\u2753 <strong>\u00c4r den uppladdningsbar?<\/strong><br \/>\n\u2705 <strong>750 mAh<\/strong> batteri + <strong>Typ-C<\/strong> port; full laddning p\u00e5 ~30 min.<\/p>\n<p>\u2753 <strong class=\"\">Vilken spolteknik anv\u00e4nds?<\/strong><br \/>\n\u2705 <strong>Dubbla mesh-spolar (0,4 \u03a9 \/ 0,48 \u03a9)<\/strong>\u2014 snabbare uppv\u00e4rmning, t\u00e4tare \u00e5nga, rikare smak.<\/p>\n<p>\u2753 <strong class=\"\">Kan jag justera dragningen?<\/strong><br \/>\n\u2705 <strong>Justerbart luftfl\u00f6de<\/strong>\u2013 v\u00e4xla mellan <strong>tight MTL<\/strong> och <strong class=\"\">luftig DTL<\/strong> omedelbart.<\/p>\n<p>\u2753 <strong class=\"\">Vilka nikotinstyrkor erbjuds?<\/strong><br \/>\n\u2705 <strong>2 %<\/strong> m\u00e5ttlig eller <strong>5 %<\/strong> stark \u2013 v\u00e4lj din tr\u00e4ff.<\/p>\n<p>\u2753 <strong class=\"\">Hur \u00f6vervakar jag batteri eller juice?<\/strong><br \/>\n\u2705 <strong>Smart peksk\u00e4rm<\/strong> visar <strong>e-v\u00e4tska och batteriniv\u00e5er i realtid<\/strong>.<\/p>\n<p>\u2753 <strong class=\"\">Butiksf\u00e4rdig f\u00f6rpackning?<\/strong><br \/>\n\u2705 <strong>10 st\/f\u00f6rpackning<\/strong>\u2014 idealisk f\u00f6r hyll- eller bulkdistribution.<\/p>\n<p>&nbsp;<\/p>\n<h3 id=\"brxe-najhln\" class=\"brxe-heading\">Vanliga fr\u00e5gor (FAQ)<\/h3>\n<div id=\"brxe-rajiac\" class=\"brxe-text\">\n<p><strong>F: Vilka betalningsmetoder accepterar du?<\/strong><br \/>\nS: Vi accepterar PayPal, Stripe, bank\u00f6verf\u00f6ringar (st\u00f6ds med SEPA), vanliga kreditkort (Visa, MasterCard, American Express) och betalningar i kryptovaluta.<\/p>\n<p><strong>F: Hur l\u00e5ng tid tar best\u00e4llningsberedningen?<\/strong><br \/>\nS: Best\u00e4llningsf\u00f6rberedelse tar 1-3 arbetsdagar.<\/p>\n<p><strong>F: Vad \u00e4r leveranstiden?<\/strong><br \/>\nS: Leveranstiden \u00e4r 7-14 arbetsdagar, beroende p\u00e5 var du befinner dig.<\/p>\n<p><strong>F: Hur kan jag sp\u00e5ra min best\u00e4llning?<\/strong><br \/>\nS: Efter leverans kommer du att f\u00e5 ett bekr\u00e4ftelsemail med ett sp\u00e5rningsnummer f\u00f6r sp\u00e5rning i realtid.<\/p>\n<p><strong>F: Vilken \u00e4r din returpolicy?<\/strong><br \/>\nS: Vi erbjuder en 30-dagars returpolicy f\u00f6r \u00e5terbetalningar eller byten. .<\/p>\n<p><strong>F: Kommer det att finnas n\u00e5gra tullproblem?<br \/>\n<\/strong>Vi hanterar alla tullf\u00f6rfaranden f\u00f6r att s\u00e4kerst\u00e4lla en problemfri upplevelse f\u00f6r dig. .<\/p>\n<p><strong>F: Vilka frakts\u00e4tt anv\u00e4nds?<\/strong><br \/>\nVi samarbetar med UPS\/DHL\/FEDEX\/DPD, etc. Vi kommer att v\u00e4lja l\u00e4mpligt fraktalternativ beroende p\u00e5 leveransland f\u00f6r att s\u00e4kerst\u00e4lla att du f\u00e5r dina produkter s\u00e5 snabbt som m\u00f6jligt.<\/p>\n<p><a href=\"https:\/\/pgvape.com\/sv\/vanliga-fragor\/\">Klicka h\u00e4r f\u00f6r mer FAQ<\/a><\/p>\n<p>K\u00e4ra kunder, Om du har n\u00e5gra fr\u00e5gor om din best\u00e4llning eller ankomsten av varor, v\u00e4nligen kontakta v\u00e5r kundtj\u00e4nst. Tack!<\/p>\n<h3 data-sourcepos=\"73:1-73:21\"><strong data-sourcepos=\"73:7-73:21\">Kontakta oss<\/strong><\/h3>\n<div id=\"text-2419739398\" class=\"text\">\n<p><strong data-sourcepos=\"75:3-75:12\">E-post<\/strong>:\u00a0<a href=\"mailto:support@pgvape.com\"><strong>support@pgvape.com<\/strong><\/a><\/p>\n<p><strong data-sourcepos=\"76:3-76:15\">WhatsApp<\/strong>:\u00a0<a href=\"https:\/\/wa.me\/+8618128481258\"><strong>+86 18128481258<\/strong><\/a><br \/>\n<strong>(Svara inom 24 timmar p\u00e5 arbetsdagar)<\/strong><\/p>\n<\/div>\n<h3><strong>Tack f\u00f6r att du valde pgvape.com! .<\/strong><\/h3>\n<\/div>","protected":false},"excerpt":{"rendered":"<p><strong data-sourcepos=\"60:5-60:30\">ATVS 40000 Puffs Vape<\/strong> Erbjudanden <strong data-sourcepos=\"60:38-60:66\">L\u00e5ngvarig prestanda<\/strong> Med <strong data-sourcepos=\"60:72-60:88\">40 000 puffar<\/strong>, <strong data-sourcepos=\"60:90-60:107\">35 ml E-v\u00e4tska<\/strong>, Och <strong data-sourcepos=\"60:113-60:132\">Dubbla Mesh Coils<\/strong>. <strong data-sourcepos=\"60:144-60:166\">Justerbart luftfl\u00f6de<\/strong>, <strong data-sourcepos=\"60:168-60:190\">Smart peksk\u00e4rm<\/strong>, Och <strong data-sourcepos=\"60:196-60:215\">Laddning av typ C<\/strong>, det \u00e4r perfekt f\u00f6r <strong data-sourcepos=\"60:234-60:268\">Smakrik, anpassningsbar Vaping<\/strong>. <strong data-sourcepos=\"60:283-60:297\">14 smaker<\/strong> Och <strong data-sourcepos=\"60:302-60:330\">2% \/ 5% Nikotinalternativ<\/strong>.<\/p>","protected":false},"featured_media":8729,"comment_status":"open","ping_status":"closed","template":"","meta":{"_seopress_robots_primary_cat":"","_seopress_titles_title":"","_seopress_titles_desc":"","_seopress_robots_index":""},"product_brand":[261,516],"product_cat":[103,260,515],"product_tag":[413,135,563,90,257,564],"class_list":{"0":"post-8725","1":"product","2":"type-product","3":"status-publish","4":"has-post-thumbnail","6":"product_brand-atvs-vape","7":"product_brand-disposable-vape","8":"product_cat-40k-puffs-vape","9":"product_cat-atvs-vape","10":"product_cat-disposable-vape","11":"product_tag-40k-puffs-vape","12":"product_tag-adjustable-airflow","13":"product_tag-atvs-40000","14":"product_tag-disposable-vape","15":"product_tag-dual-mesh-coil","16":"product_tag-smart-touch-screen","18":"first","19":"instock","20":"sale","21":"shipping-taxable","22":"purchasable","23":"product-type-variable"},"_links":{"self":[{"href":"https:\/\/pgvape.com\/sv\/wp-json\/wp\/v2\/product\/8725","targetHints":{"allow":["GET"]}}],"collection":[{"href":"https:\/\/pgvape.com\/sv\/wp-json\/wp\/v2\/product"}],"about":[{"href":"https:\/\/pgvape.com\/sv\/wp-json\/wp\/v2\/types\/product"}],"replies":[{"embeddable":true,"href":"https:\/\/pgvape.com\/sv\/wp-json\/wp\/v2\/comments?post=8725"}],"wp:featuredmedia":[{"embeddable":true,"href":"https:\/\/pgvape.com\/sv\/wp-json\/wp\/v2\/media\/8729"}],"wp:attachment":[{"href":"https:\/\/pgvape.com\/sv\/wp-json\/wp\/v2\/media?parent=8725"}],"wp:term":[{"taxonomy":"product_brand","embeddable":true,"href":"https:\/\/pgvape.com\/sv\/wp-json\/wp\/v2\/product_brand?post=8725"},{"taxonomy":"product_cat","embeddable":true,"href":"https:\/\/pgvape.com\/sv\/wp-json\/wp\/v2\/product_cat?post=8725"},{"taxonomy":"product_tag","embeddable":true,"href":"https:\/\/pgvape.com\/sv\/wp-json\/wp\/v2\/product_tag?post=8725"}],"curies":[{"name":"wp","href":"https:\/\/api.w.org\/{rel}","templated":true}]}}