{"id":8695,"date":"2026-01-26T09:22:26","date_gmt":"2026-01-26T09:22:26","guid":{"rendered":"https:\/\/pgvape.com\/?post_type=product&#038;p=8695"},"modified":"2026-03-15T14:05:19","modified_gmt":"2026-03-15T14:05:19","slug":"airmez-lux-60000-60k-puffar-disponibel-vape-0-2-3-5nikotin-justerbart-luftflode-10taste-smart-screen-vape-fabrik-grossist","status":"publish","type":"product","link":"https:\/\/pgvape.com\/sv\/produkt\/airmez-lux-60000-60k-puffar-disponibel-vape-0-2-3-5nikotin-justerbart-luftflode-10taste-smart-screen-vape-fabrik-grossist\/","title":{"rendered":"Airmez lux 60000 60k Puffs Disponibel Vape 0% 2% 3% 5%Nikotin Justerbart luftfl\u00f6de 10Taste Smart Screen Vape Fabriksgrossist"},"content":{"rendered":"<p><strong data-sourcepos=\"4:5-4:25\">AIRMEZ LUX 60000<\/strong> omdefinierar eng\u00e5ngsvaping med sin <strong data-sourcepos=\"4:63-4:93\">transparent kristalldesign<\/strong>, vilket till\u00e5ter anv\u00e4ndare att <strong data-sourcepos=\"4:113-4:149\">\u00f6vervaka e-v\u00e4tskeniv\u00e5er visuellt<\/strong>\u2014en funktion som \u00e4r mer intuitiv \u00e4n traditionella sk\u00e4rmvisningar. <strong data-sourcepos=\"4:224-4:253\">60 000 ultrasl\u00e4ta puffar<\/strong>, den kombinerar en <strong data-sourcepos=\"4:269-4:295\">30 ml e-v\u00e4tska kapacitet<\/strong> med en <strong data-sourcepos=\"4:303-4:334\">650mAh uppladdningsbart batteri<\/strong> och <strong data-sourcepos=\"4:339-4:363\">Typ-C snabbladdning<\/strong>, s\u00e4kerst\u00e4lla <strong data-sourcepos=\"4:374-4:404\">veckors oavbruten anv\u00e4ndning<\/strong>. <strong data-sourcepos=\"4:410-4:434\">dubbla 1,0\u03a9 mesh-spolar<\/strong> leverera <strong data-sourcepos=\"4:443-4:458\">rik smak<\/strong> och <strong data-sourcepos=\"4:463-4:478\">t\u00e4t \u00e5nga<\/strong>, medan <strong data-sourcepos=\"4:490-4:512\">justerbart luftfl\u00f6de<\/strong> tillgodoser b\u00e5de MTL- och RDL-preferenser.<\/p>\n<p>&nbsp;<\/p>\n<h2><span style=\"font-size: 90%;\">Airmez lux 60000 60k Puffs Disposable Vape Specifikation<\/span><\/h2>\n<p><strong data-sourcepos=\"9:3-9:17\">Puff Count<\/strong>: 60 000 bloss (branschledande livsl\u00e4ngd)<\/p>\n<p><strong data-sourcepos=\"10:3-10:15\">E-v\u00e4tska<\/strong>: 30mL f\u00f6rfylld (st\u00f6der p\u00e5fyllning f\u00f6r l\u00e4ngre anv\u00e4ndning)<\/p>\n<p><strong data-sourcepos=\"11:3-11:15\">Nikotin<\/strong>: 0%\/2%\/3%\/5% alternativ (l\u00e4mplig f\u00f6r alla anv\u00e4ndare)<\/p>\n<p><strong data-sourcepos=\"12:3-12:14\">Batteri<\/strong>: 650mAh uppladdningsbar (Typ-C-laddning p\u00e5 ~45-60 minuter)<\/p>\n<p><strong data-sourcepos=\"13:3-13:11\">Spole<\/strong>: Dubbla 1,0\u03a9 mesh-spolar (noll torra tr\u00e4ffar, konsekvent smak)<\/p>\n<p><strong data-sourcepos=\"14:3-14:14\">Visa<\/strong>: Smart sk\u00e4rm (batteri- och e-v\u00e4tske\u00f6vervakning i realtid)<\/p>\n<p><strong data-sourcepos=\"15:3-15:13\">Design<\/strong>: Transparent topplock + ergonomisk rundad kropp (110g)<\/p>\n<p><strong data-sourcepos=\"16:3-16:16\">F\u00f6rpackning<\/strong>: 10 st\/kartong, 200 st\/ctn (22,5 kg bruttovikt)<\/p>\n<p>&nbsp;<\/p>\n<h3><span style=\"font-size: 90%;\">Airmez lux 60000 60k Puffs Disposable Vape Flavor List<\/span><\/h3>\n<p><strong>1.Strawberry Ice<\/strong><\/p>\n<p><strong class=\"\">2. Vattenmelon Is<\/strong><\/p>\n<p><strong>3.Blandade b\u00e4r<\/strong><\/p>\n<p><strong>4.Passion-Fruit Kiwi<\/strong><\/p>\n<p><strong>5. Dr Blue<\/strong><\/p>\n<p><strong>6. K\u00e4rlek 66<\/strong><\/p>\n<p><strong>7.Trippel Mango<\/strong><\/p>\n<p><strong class=\"\">8. Cherry Cola<\/strong><\/p>\n<p><strong>9.Bingokross<\/strong><\/p>\n<p><strong>10. Rosa Lemonad<img loading=\"lazy\" decoding=\"async\" class=\"alignnone wp-image-8714 size-full\" src=\"https:\/\/pgvape.com\/wp-content\/uploads\/2026\/01\/Airmez-lux60000-60k-Puffs-Disposable-Vape-Flavor-List.png\" alt=\"\" width=\"2000\" height=\"1200\" srcset=\"https:\/\/pgvape.com\/wp-content\/uploads\/2026\/01\/Airmez-lux60000-60k-Puffs-Disposable-Vape-Flavor-List.png 2000w, https:\/\/pgvape.com\/wp-content\/uploads\/2026\/01\/Airmez-lux60000-60k-Puffs-Disposable-Vape-Flavor-List-555x333.png 555w, https:\/\/pgvape.com\/wp-content\/uploads\/2026\/01\/Airmez-lux60000-60k-Puffs-Disposable-Vape-Flavor-List-595x357.png 595w, https:\/\/pgvape.com\/wp-content\/uploads\/2026\/01\/Airmez-lux60000-60k-Puffs-Disposable-Vape-Flavor-List-400x240.png 400w, https:\/\/pgvape.com\/wp-content\/uploads\/2026\/01\/Airmez-lux60000-60k-Puffs-Disposable-Vape-Flavor-List-768x461.png 768w, https:\/\/pgvape.com\/wp-content\/uploads\/2026\/01\/Airmez-lux60000-60k-Puffs-Disposable-Vape-Flavor-List-1536x922.png 1536w, https:\/\/pgvape.com\/wp-content\/uploads\/2026\/01\/Airmez-lux60000-60k-Puffs-Disposable-Vape-Flavor-List-18x12.png 18w, https:\/\/pgvape.com\/wp-content\/uploads\/2026\/01\/Airmez-lux60000-60k-Puffs-Disposable-Vape-Flavor-List-600x360.png 600w\" sizes=\"auto, (max-width: 2000px) 100vw, 2000px\" \/><\/strong><\/p>\n<p>&nbsp;<\/p>\n<h2 class=\"header-vfC6AV auto-hide-last-sibling-br\"><span style=\"font-size: 90%;\">Vanliga fr\u00e5gor om Airmez lux 60000 60k Puffs Disposable Vape<\/span><\/h2>\n<p>\u2753 <strong>Vad g\u00f6r den speciell?<\/strong><br \/>\n\u2705 <strong>Transparent kristallkropp<\/strong> \u2013 <strong>se e-v\u00e4tskeniv\u00e5 direkt<\/strong>, mer tillf\u00f6rlitlig \u00e4n bara sk\u00e4rmdata.<\/p>\n<p>\u2753 <strong>Hur skiljer det sig fr\u00e5n vanliga eng\u00e5ngsartiklar?<\/strong><br \/>\n\u2705 <strong>P\u00e5fyllningsbar 30 ml tank<\/strong> + <strong>Uppladdningsbar typ C<\/strong> \u2013 anv\u00e4nd tills spolens livsl\u00e4ngd tar slut, inte bara batteriet.<\/p>\n<p>\u2753 <strong class=\"\">Hur m\u00e5nga bloss?<\/strong><br \/>\n\u2705 Laboratorieklassad <strong>60 000 bloss<\/strong> \u2013 det faktiska antalet varierar med dragstyrkan.<\/p>\n<p>\u2753 <strong>Kan jag byta smak?<\/strong><br \/>\n\u2705 <strong>Inga<\/strong> \u2013 varje enhet \u00e4r <strong>enkelsmak<\/strong>; refill med samma smak f\u00f6r att bibeh\u00e5lla spolens livsl\u00e4ngd.<\/p>\n<p>\u2753 <strong>\u00c4r den uppladdningsbar?<\/strong><br \/>\n\u2705 <strong>650 mAh<\/strong> batteri + <strong>Typ-C<\/strong>; <strong>45-60 min<\/strong> full laddning.<\/p>\n<p>\u2753 <strong class=\"\">Har den sk\u00e4rm?<\/strong><br \/>\n\u2705 <strong>Smart display<\/strong> visar <strong>batteri %<\/strong> och <strong>e-v\u00e4tskeniv\u00e5<\/strong>.<\/p>\n<p>\u2753 <strong>Vilka nikotinstyrkor?<\/strong><br \/>\n\u2705 <strong>0 %, 2 %, 3 %, 5 %<\/strong> \u2013 nyb\u00f6rjare: 2-3 %, erfarna: 5 %, endast smak: 0 %.<\/p>\n<p>\u2753 <strong>G\u00e5r det att fylla p\u00e5?<\/strong><br \/>\n\u2705 <strong>Ja<\/strong> \u2013 <strong>p\u00e5fyllningsbar design<\/strong>; l\u00e4gg till e-v\u00e4tska n\u00e4r den \u00e4r l\u00e5g.<\/p>\n<p>\u2753 <strong>\u00c4r \u00e5nga sl\u00e4t?<\/strong><br \/>\n\u2705 <strong>Dubbla 1,0 \u03a9 mesh-spolar<\/strong> leverera <strong>rik, sl\u00e4t, luktfri<\/strong> \u00e5nga.<\/p>\n<p>\u2753 <strong>Nyb\u00f6rjarv\u00e4nlig?<\/strong><br \/>\n\u2705 <strong>Draw-aktiverad<\/strong>, <strong>ingen inst\u00e4llning<\/strong>, <strong>smart display<\/strong> \u2013 redo att vape ur l\u00e5dan.<\/p>\n<p>&nbsp;<\/p>\n<h3 id=\"brxe-najhln\" class=\"brxe-heading\">Vanliga fr\u00e5gor (FAQ)<\/h3>\n<div id=\"brxe-rajiac\" class=\"brxe-text\">\n<p><strong>F: Vilka betalningsmetoder accepterar du?<\/strong><br \/>\nS: Vi accepterar PayPal, Stripe, bank\u00f6verf\u00f6ringar (st\u00f6ds med SEPA), vanliga kreditkort (Visa, MasterCard, American Express) och betalningar i kryptovaluta.<\/p>\n<p><strong>F: Hur l\u00e5ng tid tar best\u00e4llningsberedningen?<\/strong><br \/>\nS: Best\u00e4llningsf\u00f6rberedelse tar 1-3 arbetsdagar.<\/p>\n<p><strong>F: Vad \u00e4r leveranstiden?<\/strong><br \/>\nS: Leveranstiden \u00e4r 7-14 arbetsdagar, beroende p\u00e5 var du befinner dig.<\/p>\n<p><strong>F: Hur kan jag sp\u00e5ra min best\u00e4llning?<\/strong><br \/>\nS: Efter leverans kommer du att f\u00e5 ett bekr\u00e4ftelsemail med ett sp\u00e5rningsnummer f\u00f6r sp\u00e5rning i realtid.<\/p>\n<p><strong>F: Vilken \u00e4r din returpolicy?<\/strong><br \/>\nS: Vi erbjuder en 30-dagars returpolicy f\u00f6r \u00e5terbetalningar eller byten. .<\/p>\n<p><strong>F: Kommer det att finnas n\u00e5gra tullproblem?<br \/>\n<\/strong>Vi hanterar alla tullf\u00f6rfaranden f\u00f6r att s\u00e4kerst\u00e4lla en problemfri upplevelse f\u00f6r dig. .<\/p>\n<p><strong>F: Vilka frakts\u00e4tt anv\u00e4nds?<\/strong><br \/>\nVi samarbetar med UPS\/DHL\/FEDEX\/DPD, etc. Vi kommer att v\u00e4lja l\u00e4mpligt fraktalternativ beroende p\u00e5 leveransland f\u00f6r att s\u00e4kerst\u00e4lla att du f\u00e5r dina produkter s\u00e5 snabbt som m\u00f6jligt.<\/p>\n<p><a href=\"https:\/\/pgvape.com\/sv\/vanliga-fragor\/\">Klicka h\u00e4r f\u00f6r mer FAQ<\/a><\/p>\n<p>K\u00e4ra kunder, Om du har n\u00e5gra fr\u00e5gor om din best\u00e4llning eller ankomsten av varor, v\u00e4nligen kontakta v\u00e5r kundtj\u00e4nst. Tack!<\/p>\n<h3 data-sourcepos=\"73:1-73:21\"><strong data-sourcepos=\"73:7-73:21\">Kontakta oss<\/strong><\/h3>\n<div id=\"text-2419739398\" class=\"text\">\n<p><strong data-sourcepos=\"75:3-75:12\">E-post<\/strong>:\u00a0<a href=\"mailto:support@pgvape.com\"><strong>support@pgvape.com<\/strong><\/a><\/p>\n<p><strong data-sourcepos=\"76:3-76:15\">WhatsApp<\/strong>:\u00a0<a href=\"https:\/\/wa.me\/+8618128481258\"><strong>+86 18128481258<\/strong><\/a><br \/>\n<strong>(Svara inom 24 timmar p\u00e5 arbetsdagar)<\/strong><\/p>\n<\/div>\n<h3><strong>Tack f\u00f6r att du valde pgvape.com! .<\/strong><\/h3>\n<\/div>","protected":false},"excerpt":{"rendered":"<p><strong>AIRMEZ LUX 60K<\/strong> \u2013 <strong>60k bloss<\/strong>, <strong>30 ml p\u00e5fyllningsbar<\/strong>, <strong>kristallklar kropp<\/strong>, <strong>dubbla mesh<\/strong>, <strong>justerbart luftfl\u00f6de<\/strong>, <strong>smart sk\u00e4rm<\/strong>.<strong class=\"\">Se din juice, smaka p\u00e5 renheten, vapa i m\u00e5nader.<\/strong><\/p>","protected":false},"featured_media":8711,"comment_status":"open","ping_status":"closed","template":"","meta":{"_seopress_robots_primary_cat":"","_seopress_titles_title":"","_seopress_titles_desc":"","_seopress_robots_index":""},"product_brand":[154,516],"product_cat":[48,155,515],"product_tag":[315,135,561,90,59,136,562],"class_list":{"0":"post-8695","1":"product","2":"type-product","3":"status-publish","4":"has-post-thumbnail","6":"product_brand-airmez-fox-vape","7":"product_brand-disposable-vape","8":"product_cat-60k-puffs-vape","9":"product_cat-airmez-fox-vape","10":"product_cat-disposable-vape","11":"product_tag-60k-puffs-vape","12":"product_tag-adjustable-airflow","13":"product_tag-airmez-lux-60000","14":"product_tag-disposable-vape","15":"product_tag-mouth-to-lung-mtl","16":"product_tag-smart-screen","17":"product_tag-transparent-oil-tank","19":"first","20":"instock","21":"sale","22":"shipping-taxable","23":"purchasable","24":"product-type-variable"},"_links":{"self":[{"href":"https:\/\/pgvape.com\/sv\/wp-json\/wp\/v2\/product\/8695","targetHints":{"allow":["GET"]}}],"collection":[{"href":"https:\/\/pgvape.com\/sv\/wp-json\/wp\/v2\/product"}],"about":[{"href":"https:\/\/pgvape.com\/sv\/wp-json\/wp\/v2\/types\/product"}],"replies":[{"embeddable":true,"href":"https:\/\/pgvape.com\/sv\/wp-json\/wp\/v2\/comments?post=8695"}],"wp:featuredmedia":[{"embeddable":true,"href":"https:\/\/pgvape.com\/sv\/wp-json\/wp\/v2\/media\/8711"}],"wp:attachment":[{"href":"https:\/\/pgvape.com\/sv\/wp-json\/wp\/v2\/media?parent=8695"}],"wp:term":[{"taxonomy":"product_brand","embeddable":true,"href":"https:\/\/pgvape.com\/sv\/wp-json\/wp\/v2\/product_brand?post=8695"},{"taxonomy":"product_cat","embeddable":true,"href":"https:\/\/pgvape.com\/sv\/wp-json\/wp\/v2\/product_cat?post=8695"},{"taxonomy":"product_tag","embeddable":true,"href":"https:\/\/pgvape.com\/sv\/wp-json\/wp\/v2\/product_tag?post=8695"}],"curies":[{"name":"wp","href":"https:\/\/api.w.org\/{rel}","templated":true}]}}