{"id":8666,"date":"2026-01-24T09:07:42","date_gmt":"2026-01-24T09:07:42","guid":{"rendered":"https:\/\/pgvape.com\/?post_type=product&#038;p=8666"},"modified":"2026-03-15T13:48:39","modified_gmt":"2026-03-15T13:48:39","slug":"fihp-90k-puffs-90000-3-in-1-triple-flavors-disposable-vape-2-5nicotine-10taste-smart-screen-vape-factory-wholesale","status":"publish","type":"product","link":"https:\/\/pgvape.com\/sv\/produkt\/fihp-90k-puffs-90000-3-in-1-triple-flavors-disposable-vape-2-5nicotine-10taste-smart-screen-vape-factory-wholesale\/","title":{"rendered":"FIHP 90K Puffs 90000 3 in 1 Triple Flavors Disponibel Vape 2% 5%Nikotin 10Taste Smart Screen Vape Factory Grossist"},"content":{"rendered":"<p><strong data-sourcepos=\"6:5-6:28\">FIHP 3in1 90K puffar<\/strong> \u00e4r en eng\u00e5ngsvape med h\u00f6g kapacitet konstruerad f\u00f6r variation och l\u00e5ng livsl\u00e4ngd. <strong data-sourcepos=\"6:130-6:154\">3-i-1 smaksystem<\/strong>, vilket g\u00f6r att anv\u00e4ndare kan v\u00e4xla mellan tre olika smaker i en enda enhet \u2013 vilket eliminerar behovet av att b\u00e4ra flera enheter. <strong data-sourcepos=\"6:292-6:318\">42 ml e-v\u00e4tska kapacitet<\/strong> och a <strong data-sourcepos=\"6:325-6:343\">0,9\u03a9 mesh spole<\/strong>, den ger en j\u00e4mn, konsekvent smak f\u00f6r upp till <strong data-sourcepos=\"6:393-6:409\">90 000 bloss<\/strong>. <strong data-sourcepos=\"6:415-6:430\">LED display<\/strong> ger tydlig batteri- och v\u00e4tske\u00f6vervakning, medan <strong data-sourcepos=\"6:487-6:518\">650mAh uppladdningsbart batteri<\/strong> med <strong data-sourcepos=\"6:524-6:543\">Typ-C laddning<\/strong> s\u00e4kerst\u00e4ller anv\u00e4ndbarhet hela dagen. .<\/p>\n<p>&nbsp;<\/p>\n<h2><span style=\"font-size: 90%;\">FIHP 90K Puffs\u00a0 3 i 1 Triple Flavours eng\u00e5ngsvapespecifikation<\/span><\/h2>\n<p><strong data-sourcepos=\"11:6-11:30\">Kristallklar design<\/strong>\u00a0\u2013 Modern, transparent aesthetic with visible e-liquid levels.<\/p>\n<p><strong data-sourcepos=\"12:6-12:30\">3-i-1 smaksystem<\/strong>\u00a0\u2013 Tre separata smakkapslar i en enhet f\u00f6r omedelbar variation.<\/p>\n<p><strong data-sourcepos=\"13:6-13:22\">90 000 puffar<\/strong>\u00a0\u2013 Exceptionell livsl\u00e4ngd f\u00f6r l\u00e4ngre, p\u00e5litlig anv\u00e4ndning.<\/p>\n<p><strong data-sourcepos=\"14:6-14:30\">Dubbla 0,9\u03a9 Mesh Coils<\/strong>\u00a0\u2013 F\u00f6rb\u00e4ttrad uppv\u00e4rmningsomr\u00e5de f\u00f6r j\u00e4mn, rik smak och t\u00e4t \u00e5nga.<\/p>\n<p><strong data-sourcepos=\"15:6-15:37\">650mAh uppladdningsbart batteri<\/strong>\u00a0\u2013 Kraft hela dagen med snabb\u00a0<strong data-sourcepos=\"15:65-15:84\">Typ-C laddning<\/strong>.<\/p>\n<p><strong data-sourcepos=\"16:7-16:31\">Smart sk\u00e4rm<\/strong>\u00a0\u2013 Batteri- och v\u00e4tskeniv\u00e5\u00f6vervakning i realtid.<\/p>\n<p><strong data-sourcepos=\"17:6-17:31\">EU-kompatibelt nikotin<\/strong>\u00a0\u2013 Finns i\u00a0<strong data-sourcepos=\"17:47-17:63\">2% (20mg\/ml)<\/strong>\u00a0och\u00a0<strong data-sourcepos=\"17:68-17:84\">5% (50 mg\/ml)<\/strong>\u00a0f\u00f6r kontrollerad tillfredsst\u00e4llelse.<\/p>\n<p><strong data-sourcepos=\"18:6-18:25\">Grossistf\u00e4rdig<\/strong>\u00a0\u2013 Perfekt f\u00f6r butiker som letar efter eng\u00e5ngsartiklar med h\u00f6g kapacitet och funktionsrika.<\/p>\n<p>&nbsp;<\/p>\n<h3><span style=\"font-size: 90%;\">FIHP 90K Puffs\u00a0 3 i 1 Triple Flavours Disponibel Vape Flavor List<\/span><\/h3>\n<p><strong class=\"\">1.Fizzy Cherry &amp; Lady Killer &amp; Gummy Bear<\/strong><\/p>\n<p><strong>2.Blueberry Raspberry &amp; Love 666 &amp; Peach Ice<\/strong><\/p>\n<p><strong>3. Hallon vattenmelon &amp; blandade b\u00e4r &amp; mango persika<\/strong><\/p>\n<p><strong class=\"\">4.Blue Razz Lemonade &amp; Strawberry Raspberry &amp; Rainbow Candy<\/strong><\/p>\n<p><strong class=\"\">5.Watermelon Bubblegum &amp; Grape Ice &amp; Black Dragon Ice<\/strong><\/p>\n<p><strong>6.Ananas kokos &amp; blandad frukt &amp; citron persika<\/strong><\/p>\n<p><strong>7. Dubbel \u00e4pple &amp; jordgubbsbanan &amp; hallonvattenmelon<\/strong><\/p>\n<p><strong>8.Watermelon Ice &amp; Red Bull &amp; Strawberry Kiwi<\/strong><\/p>\n<p><strong class=\"\">9. Bl\u00e5b\u00e4rsis &amp; jordgubbsvattenmelon &amp; citronlime<\/strong><\/p>\n<p><strong>10.Peach Berry &amp; Triple Melon &amp; Watermelon Ice<img loading=\"lazy\" decoding=\"async\" class=\"alignnone wp-image-8672 size-full\" src=\"https:\/\/pgvape.com\/wp-content\/uploads\/2026\/01\/FIHP-90000-90K-Puffs-3-in-1-Triple-Flavors-Disposable-Vape-4.png\" alt=\"F\u00e4rgglada FIHP eng\u00e5ngsvape-enheter visas med smaketiketter och en stor 9000 PUFF-grafik.\" width=\"1595\" height=\"2000\" srcset=\"https:\/\/pgvape.com\/wp-content\/uploads\/2026\/01\/FIHP-90000-90K-Puffs-3-in-1-Triple-Flavors-Disposable-Vape-4.png 1595w, https:\/\/pgvape.com\/wp-content\/uploads\/2026\/01\/FIHP-90000-90K-Puffs-3-in-1-Triple-Flavors-Disposable-Vape-4-287x360.png 287w, https:\/\/pgvape.com\/wp-content\/uploads\/2026\/01\/FIHP-90000-90K-Puffs-3-in-1-Triple-Flavors-Disposable-Vape-4-595x746.png 595w, https:\/\/pgvape.com\/wp-content\/uploads\/2026\/01\/FIHP-90000-90K-Puffs-3-in-1-Triple-Flavors-Disposable-Vape-4-319x400.png 319w, https:\/\/pgvape.com\/wp-content\/uploads\/2026\/01\/FIHP-90000-90K-Puffs-3-in-1-Triple-Flavors-Disposable-Vape-4-768x963.png 768w, https:\/\/pgvape.com\/wp-content\/uploads\/2026\/01\/FIHP-90000-90K-Puffs-3-in-1-Triple-Flavors-Disposable-Vape-4-1225x1536.png 1225w, https:\/\/pgvape.com\/wp-content\/uploads\/2026\/01\/FIHP-90000-90K-Puffs-3-in-1-Triple-Flavors-Disposable-Vape-4-10x12.png 10w, https:\/\/pgvape.com\/wp-content\/uploads\/2026\/01\/FIHP-90000-90K-Puffs-3-in-1-Triple-Flavors-Disposable-Vape-4-600x752.png 600w\" sizes=\"auto, (max-width: 1595px) 100vw, 1595px\" \/><\/strong><\/p>\n<p>&nbsp;<\/p>\n<h2 class=\"header-vfC6AV auto-hide-last-sibling-br\"><span style=\"font-size: 90%;\">Vanliga fr\u00e5gor om FIHP 90K Puffs\u00a0 3 in 1 Triple Flavours disponibel vape<\/span><\/h2>\n<p>\u2753 <strong class=\"\">Hur m\u00e5nga bloss per enhet?<\/strong><br \/>\n\u2705 Fabriksklassad <strong>90 000 bloss<\/strong>-m\u00e5naders daglig anv\u00e4ndning.<\/p>\n<p>\u2753 <strong class=\"\">Hur byter jag smak?<\/strong><br \/>\n\u2705 <strong>3-i-1 kammarsystem<\/strong>\u2014click or rotate to jump between <strong>tre distinkta smaker<\/strong>.<\/p>\n<p>\u2753 <strong>\u00c4r den uppladdningsbar?<\/strong><br \/>\n\u2705 <strong>650 mAh<\/strong> batteri + <strong>Typ-C<\/strong> hamn; <strong>30 minuter<\/strong> full laddning.<\/p>\n<p>\u2753 <strong class=\"\">Vilka nikotinstyrkor erbjuds?<\/strong><br \/>\n\u2705 <strong>2 %<\/strong> sl\u00e4t eller <strong class=\"\">5 %<\/strong> stark-<strong>EU-kompatibel<\/strong> halsen tillfredsst\u00e4llelse.<\/p>\n<p>\u2753 <strong>Hur \u00f6vervakar jag batteri eller juice?<\/strong><br \/>\n\u2705 <strong>Smart sk\u00e4rm<\/strong> visas <strong>realtidsbatteri %<\/strong> och <strong>e-v\u00e4tskeniv\u00e5er<\/strong>.<\/p>\n<p>\u2753 <strong>Vad g\u00f6r \u00e5ngan sl\u00e4t?<\/strong><br \/>\n\u2705 <strong>0,9 \u03a9 dubbla mesh-spolar<\/strong>\u2014 st\u00f6rre uppv\u00e4rmningsyta, <strong>rikare smak<\/strong>, <strong>t\u00e4tare moln<\/strong>.<\/p>\n<p>\u2753 <strong>\u00c4r det diskret f\u00f6r arbete\/caf\u00e9?<\/strong><br \/>\n\u2705 <strong>Smidig MTL-dragning<\/strong>, <strong>minimalt moln<\/strong>\u2013 perfekt f\u00f6r <strong>kontinental rytm<\/strong>.<\/p>\n<p>&nbsp;<\/p>\n<h3 id=\"brxe-najhln\" class=\"brxe-heading\">Vanliga fr\u00e5gor (FAQ)<\/h3>\n<div id=\"brxe-rajiac\" class=\"brxe-text\">\n<p><strong>F: Vilka betalningsmetoder accepterar du?<\/strong><br \/>\nS: Vi accepterar PayPal, Stripe, bank\u00f6verf\u00f6ringar (st\u00f6ds med SEPA), vanliga kreditkort (Visa, MasterCard, American Express) och betalningar i kryptovaluta.<\/p>\n<p><strong>F: Hur l\u00e5ng tid tar best\u00e4llningsberedningen?<\/strong><br \/>\nS: Best\u00e4llningsf\u00f6rberedelse tar 1-3 arbetsdagar.<\/p>\n<p><strong>F: Vad \u00e4r leveranstiden?<\/strong><br \/>\nS: Leveranstiden \u00e4r 7-14 arbetsdagar, beroende p\u00e5 var du befinner dig.<\/p>\n<p><strong>F: Hur kan jag sp\u00e5ra min best\u00e4llning?<\/strong><br \/>\nS: Efter leverans kommer du att f\u00e5 ett bekr\u00e4ftelsemail med ett sp\u00e5rningsnummer f\u00f6r sp\u00e5rning i realtid.<\/p>\n<p><strong>F: Vilken \u00e4r din returpolicy?<\/strong><br \/>\nS: Vi erbjuder en 30-dagars returpolicy f\u00f6r \u00e5terbetalningar eller byten. .<\/p>\n<p><strong>F: Kommer det att finnas n\u00e5gra tullproblem?<br \/>\n<\/strong>Vi hanterar alla tullf\u00f6rfaranden f\u00f6r att s\u00e4kerst\u00e4lla en problemfri upplevelse f\u00f6r dig. .<\/p>\n<p><strong>F: Vilka frakts\u00e4tt anv\u00e4nds?<\/strong><br \/>\nVi samarbetar med UPS\/DHL\/FEDEX\/DPD, etc. Vi kommer att v\u00e4lja l\u00e4mpligt fraktalternativ beroende p\u00e5 leveransland f\u00f6r att s\u00e4kerst\u00e4lla att du f\u00e5r dina produkter s\u00e5 snabbt som m\u00f6jligt.<\/p>\n<p><a href=\"https:\/\/pgvape.com\/sv\/vanliga-fragor\/\">Klicka h\u00e4r f\u00f6r mer FAQ<\/a><\/p>\n<p>K\u00e4ra kunder, Om du har n\u00e5gra fr\u00e5gor om din best\u00e4llning eller ankomsten av varor, v\u00e4nligen kontakta v\u00e5r kundtj\u00e4nst. Tack!<\/p>\n<h3 data-sourcepos=\"73:1-73:21\"><strong data-sourcepos=\"73:7-73:21\">Kontakta oss<\/strong><\/h3>\n<div id=\"text-2419739398\" class=\"text\">\n<p><strong data-sourcepos=\"75:3-75:12\">E-post<\/strong>:\u00a0<a href=\"mailto:support@pgvape.com\"><strong>support@pgvape.com<\/strong><\/a><\/p>\n<p><strong data-sourcepos=\"76:3-76:15\">WhatsApp<\/strong>:\u00a0<a href=\"https:\/\/wa.me\/+8618128481258\"><strong>+86 18128481258<\/strong><\/a><br \/>\n<strong>(Svara inom 24 timmar p\u00e5 arbetsdagar)<\/strong><\/p>\n<\/div>\n<h3><strong>Tack f\u00f6r att du valde pgvape.com! .<\/strong><\/h3>\n<\/div>","protected":false},"excerpt":{"rendered":"<p><strong>FIHP 90K kristall<\/strong>\u2014<strong>90k bloss<\/strong>, <strong>trippelsmaksomkopplare<\/strong>, <strong>0,9 \u03a9 dubbeln\u00e4t<\/strong>, <strong>smart sk\u00e4rm<\/strong>, <strong>Typ-C<\/strong>, <strong>kristallklart<\/strong>.<strong>Tre smaker, en kristall, m\u00e5nader av moln.<\/strong><\/p>","protected":false},"featured_media":8669,"comment_status":"open","ping_status":"closed","template":"","meta":{"_seopress_robots_primary_cat":"","_seopress_titles_title":"","_seopress_titles_desc":"","_seopress_robots_index":""},"product_brand":[516,275],"product_cat":[558,515,274],"product_tag":[46,560,90,559,280],"class_list":{"0":"post-8666","1":"product","2":"type-product","3":"status-publish","4":"has-post-thumbnail","6":"product_brand-disposable-vape","7":"product_brand-fihp-vape","8":"product_cat-90k-puffs-vape","9":"product_cat-disposable-vape","10":"product_cat-fihp-vape","11":"product_tag-3-in-1","12":"product_tag-90k-puffs-vape","13":"product_tag-disposable-vape","14":"product_tag-fihp-90k","15":"product_tag-triple-flavors","17":"first","18":"instock","19":"sale","20":"shipping-taxable","21":"purchasable","22":"product-type-variable"},"_links":{"self":[{"href":"https:\/\/pgvape.com\/sv\/wp-json\/wp\/v2\/product\/8666","targetHints":{"allow":["GET"]}}],"collection":[{"href":"https:\/\/pgvape.com\/sv\/wp-json\/wp\/v2\/product"}],"about":[{"href":"https:\/\/pgvape.com\/sv\/wp-json\/wp\/v2\/types\/product"}],"replies":[{"embeddable":true,"href":"https:\/\/pgvape.com\/sv\/wp-json\/wp\/v2\/comments?post=8666"}],"wp:featuredmedia":[{"embeddable":true,"href":"https:\/\/pgvape.com\/sv\/wp-json\/wp\/v2\/media\/8669"}],"wp:attachment":[{"href":"https:\/\/pgvape.com\/sv\/wp-json\/wp\/v2\/media?parent=8666"}],"wp:term":[{"taxonomy":"product_brand","embeddable":true,"href":"https:\/\/pgvape.com\/sv\/wp-json\/wp\/v2\/product_brand?post=8666"},{"taxonomy":"product_cat","embeddable":true,"href":"https:\/\/pgvape.com\/sv\/wp-json\/wp\/v2\/product_cat?post=8666"},{"taxonomy":"product_tag","embeddable":true,"href":"https:\/\/pgvape.com\/sv\/wp-json\/wp\/v2\/product_tag?post=8666"}],"curies":[{"name":"wp","href":"https:\/\/api.w.org\/{rel}","templated":true}]}}