{"id":8620,"date":"2026-01-20T09:56:31","date_gmt":"2026-01-20T09:56:31","guid":{"rendered":"https:\/\/pgvape.com\/?post_type=product&#038;p=8620"},"modified":"2026-03-24T03:17:05","modified_gmt":"2026-03-24T03:17:05","slug":"bang-legend-120000-120k-puffar-5-i-1-smaker-engangs-vape-justerbara-smaker-frakt-fran-eu-fri-frakt-vape-fabrik-grossist","status":"publish","type":"product","link":"https:\/\/pgvape.com\/sv\/produkt\/bang-legend-120000-120k-puffar-5-i-1-smaker-engangs-vape-justerbara-smaker-frakt-fran-eu-fri-frakt-vape-fabrik-grossist\/","title":{"rendered":"Bang Legend 120000 120K puffar 5 i 1 smaker Disponibel Vape justerbara smaker Leverans fr\u00e5n EU Fri frakt Vape Factory Grossist"},"content":{"rendered":"<p><strong data-sourcepos=\"6:5-6:30\">Bang Legend 120K 5in1<\/strong> \u00e4r konstruerad f\u00f6r den ultimata l\u00e5ngvariga vapingupplevelsen med flera smaker. <strong data-sourcepos=\"6:132-6:153\">5-i-1 podsystem<\/strong> med fem separata interna smakkammare levererar den upp till <strong data-sourcepos=\"6:217-6:234\">120 000 bloss<\/strong> fr\u00e5n en enda enhet. <strong data-sourcepos=\"6:295-6:317\">avancerad mesh spole<\/strong> f\u00f6r ren, l\u00e4ckagebest\u00e4ndig smak. <strong data-sourcepos=\"6:366-6:391\">smart digital display<\/strong> visar batteri- och e-v\u00e4tskeniv\u00e5er i realtid, medan <strong data-sourcepos=\"6:450-6:488\">uppladdningsbart batteri med h\u00f6g kapacitet<\/strong> och <strong data-sourcepos=\"6:493-6:516\">USB-C snabbladdning<\/strong> s\u00e4kerst\u00e4lla konsekvent prestanda hela dagen. <strong data-sourcepos=\"6:583-6:599\">EU-lager<\/strong>, det garanterar snabb, tullfri leverans och genuin kvalitet.<\/p>\n<p>\u3001<\/p>\n<h2><span style=\"font-size: 90%;\">Bang Legend 120000 120K puffar 5 i 1 smaker disponibel vape <strong>Specifikationer<\/strong><\/span><\/h2>\n<p><strong data-sourcepos=\"11:6-11:23\">120 000 puffar<\/strong>\u00a0\u2013 Ultrat\u00e5lig, byggd f\u00f6r veckor av tung anv\u00e4ndning.<\/p>\n<p><strong data-sourcepos=\"12:6-12:40\">5-i-1 Multi-Flavor Pod System<\/strong>\u00a0\u2013 Fem distinkta smaker i en enhet. .<\/p>\n<p><strong data-sourcepos=\"13:7-13:32\">Smart digital display<\/strong>\u00a0\u2013 Tydlig batteri- och v\u00e4tskeniv\u00e5\u00f6vervakning.<\/p>\n<p><strong data-sourcepos=\"14:5-14:45\">H\u00f6geffektivt uppladdningsbart batteri<\/strong>\u00a0\u2013 St\u00f6der l\u00e5ngvarig prestanda.<\/p>\n<p><strong data-sourcepos=\"15:6-15:29\">Avancerade Mesh Coils<\/strong>\u00a0\u2013 Varje kapsel har en dedikerad mesh-spiral f\u00f6r rik, mjuk smak.<\/p>\n<p><strong data-sourcepos=\"16:6-16:30\">Typ-C snabbladdning<\/strong>\u00a0\u2013 Snabb p\u00e5fyllning, mindre stillest\u00e5ndstid.<\/p>\n<p><strong data-sourcepos=\"17:7-17:44\">L\u00e4ckagebest\u00e4ndig &amp; inandningsaktiverad<\/strong>\u00a0\u2013 Inga knappar, ingen r\u00f6ra, ren bekv\u00e4mlighet.<\/p>\n<p><strong data-sourcepos=\"18:6-18:33\">Skickas fr\u00e5n EU-lager<\/strong>\u00a0\u2013 Snabb lokal leverans, inga tullavgifter.<\/p>\n<p>&nbsp;<\/p>\n<h3><strong><span style=\"font-size: 90%;\">Bang Legend 120000 120K puffar 5 i 1 smaker disponibel vape smaklista:<\/span><\/strong><\/h3>\n<p><strong>1.Energy Drink &amp; Blueberry Cherry &amp; Apple Grape &amp; Watermelon Pitaya &amp; Mamba<\/strong><\/p>\n<p><strong>2.Energy Drink &amp; Peach Ice &amp; Mango Ice &amp; Cranberry Grape &amp; Blackcurrant<\/strong><\/p>\n<p><strong>3. Bl\u00e5b\u00e4r Hallon &amp; Persika Mango Vattenmelon &amp; Cherry Cola &amp; Grape Blackberry Ice &amp; Mango Persika Aprikos<\/strong><\/p>\n<p><strong>4. Bl\u00e5b\u00e4rshallon &amp; Black Dragon Ice &amp; Rainbow Candy &amp; Fuji Ice &amp; Watermelon Sour Peach<\/strong><\/p>\n<p><strong>5. Blueberry Ice &amp; Kiwi Passion Fruit Guava &amp; Triple Melon &amp; Peach Ananas &amp; Passionate Kiss<\/strong><\/p>\n<p><strong>6.Bl\u00e5b\u00e4ris &amp; vattenmelon bubbelgum &amp; sura \u00e4pplen Hallon &amp; lotusfrukt Mango Melon &amp; passionsfrukt Kiwi Lime<\/strong><\/p>\n<p><strong>7. Watermelon Ice &amp; Mixed Berries &amp; Apple P\u00e4ron &amp; Blueberry Mint &amp; Summer Time<\/strong><\/p>\n<p><strong>8. Watermelon Ice &amp; Strawberry Mango &amp; California Cherry &amp; Blueberry Peach Ice &amp; Berry Ice<\/strong><\/p>\n<p><strong>9. Jordgubbsvattenmelon &amp; druvis &amp; r\u00f6d mojito &amp; bananis &amp; citronlime<\/strong><\/p>\n<p><strong>10. Jordgubbsvattenmelon &amp; cantaloupe \u00c4pple &amp; Cola Ice &amp; Mango Peach &amp; Love 66<\/strong><\/p>\n<p><strong>11. Jordgubbskiwi &amp; jordgubb Banan &amp; litchiis &amp; vattenmelonb\u00e4r &amp; passionsfruktmango<\/strong><\/p>\n<p><strong>12. Jordgubbskiwi &amp; bl\u00e5b\u00e4r Vattenmelon &amp; gummibj\u00f6rn &amp; bl\u00e5b\u00e4rsbubbelgum &amp; sur mango ananas<img loading=\"lazy\" decoding=\"async\" class=\"alignnone wp-image-8637 size-full\" src=\"https:\/\/pgvape.com\/wp-content\/uploads\/2026\/01\/Bang-Legend-120K-5in1-EU-120000-Puffs-5-in-1-Smart-Disposable-Vape-Shipment-from-EU-Free-Shipping-Vape-Factory-Wholesale-3.png\" alt=\"Tv\u00e5 rader Bang Legend 5-i-1 energidrycksflaskor i klara f\u00e4rger, var och en med en flerf\u00e4rgad smaketikett.\" width=\"1852\" height=\"1397\" srcset=\"https:\/\/pgvape.com\/wp-content\/uploads\/2026\/01\/Bang-Legend-120K-5in1-EU-120000-Puffs-5-in-1-Smart-Disposable-Vape-Shipment-from-EU-Free-Shipping-Vape-Factory-Wholesale-3.png 1852w, https:\/\/pgvape.com\/wp-content\/uploads\/2026\/01\/Bang-Legend-120K-5in1-EU-120000-Puffs-5-in-1-Smart-Disposable-Vape-Shipment-from-EU-Free-Shipping-Vape-Factory-Wholesale-3-477x360.png 477w, https:\/\/pgvape.com\/wp-content\/uploads\/2026\/01\/Bang-Legend-120K-5in1-EU-120000-Puffs-5-in-1-Smart-Disposable-Vape-Shipment-from-EU-Free-Shipping-Vape-Factory-Wholesale-3-595x449.png 595w, https:\/\/pgvape.com\/wp-content\/uploads\/2026\/01\/Bang-Legend-120K-5in1-EU-120000-Puffs-5-in-1-Smart-Disposable-Vape-Shipment-from-EU-Free-Shipping-Vape-Factory-Wholesale-3-400x302.png 400w, https:\/\/pgvape.com\/wp-content\/uploads\/2026\/01\/Bang-Legend-120K-5in1-EU-120000-Puffs-5-in-1-Smart-Disposable-Vape-Shipment-from-EU-Free-Shipping-Vape-Factory-Wholesale-3-768x579.png 768w, https:\/\/pgvape.com\/wp-content\/uploads\/2026\/01\/Bang-Legend-120K-5in1-EU-120000-Puffs-5-in-1-Smart-Disposable-Vape-Shipment-from-EU-Free-Shipping-Vape-Factory-Wholesale-3-1536x1159.png 1536w, https:\/\/pgvape.com\/wp-content\/uploads\/2026\/01\/Bang-Legend-120K-5in1-EU-120000-Puffs-5-in-1-Smart-Disposable-Vape-Shipment-from-EU-Free-Shipping-Vape-Factory-Wholesale-3-16x12.png 16w, https:\/\/pgvape.com\/wp-content\/uploads\/2026\/01\/Bang-Legend-120K-5in1-EU-120000-Puffs-5-in-1-Smart-Disposable-Vape-Shipment-from-EU-Free-Shipping-Vape-Factory-Wholesale-3-600x453.png 600w\" sizes=\"auto, (max-width: 1852px) 100vw, 1852px\" \/><\/strong><\/p>\n<p>&nbsp;<\/p>\n<h3 class=\"auto-hide-last-sibling-br paragraph-pP9ZLC paragraph-element br-paragraph-space\">Varf\u00f6r v\u00e4lja PGVape European Warehouse?<\/h3>\n<p>Snabb leverans: Leverans till de flesta EU-l\u00e4nder inom 3-7 arbetsdagar.<\/p>\n<p>Tullfri leverans: Lokalt EU-lager s\u00e4kerst\u00e4ller smidig och tullfri frakt.<\/p>\n<p>100% Autentisk garanti: \u00c4kta <strong data-sourcepos=\"6:5-6:30\">Bang Legend<\/strong> e-cigaretter fr\u00e5n certifierade leverant\u00f6rer.<\/p>\n<p>F\u00e4rskt lager: F\u00f6rvaras under kontrollerade f\u00f6rh\u00e5llanden f\u00f6r att s\u00e4kerst\u00e4lla optimal kvalitet.<\/p>\n<p>P\u00e5litlig av europ\u00e9er: Tusentals kunder \u00e5tnjuter snabba och s\u00e4kra e-cigaretttj\u00e4nster fr\u00e5n PGVape.<\/p>\n<p>&nbsp;<\/p>\n<h2><span style=\"font-size: 90%;\">Vanliga fr\u00e5gor om Bang Legend 120000 120K Puffs 5 in 1 Flavors Disposable Vape<\/span><\/h2>\n<p>\u2753 <strong>Skickas den fr\u00e5n EU?<\/strong><br \/>\n\u2705 <strong class=\"\">Ja<\/strong> \u2013 Endast EU-lager; <strong>2\u20138 dagars leverans<\/strong>, <strong>ingen tull<\/strong>, <strong>ingen importskatt<\/strong>.<\/p>\n<p>\u2753 <strong>Hur m\u00e5nga bloss?<\/strong><br \/>\n\u2705 <strong>Upp till 120 000 bloss<\/strong> \u2013 livsl\u00e4ngden varierar med personlig anv\u00e4ndning.<\/p>\n<p>\u2753 <strong>Vad \u00e4r 5-i-1-systemet?<\/strong><br \/>\n\u2705 <strong>Fem f\u00f6rladdade smakkapslar<\/strong> i en enhet; <strong>rotera munstycket<\/strong> att byta omedelbart \u2013 <strong>ingen p\u00e5fyllning<\/strong>.<\/p>\n<p>\u2753 <strong>\u00c4r den uppladdningsbar?<\/strong><br \/>\n\u2705 <strong>Ja<\/strong> \u2013 <strong>Typ-C<\/strong> portst\u00f6d <strong>snabbladdning<\/strong> tills alla kapslar \u00e4r tomma.<\/p>\n<p>\u2753 <strong>Kan jag fylla p\u00e5 den?<\/strong><br \/>\n\u2705 <strong class=\"\">Inga<\/strong> \u2013 <strong>f\u00f6rseglad eng\u00e5ngsprodukt<\/strong>; kassera p\u00e5 ett ansvarsfullt s\u00e4tt n\u00e4r smaken f\u00f6rsvagas.<\/p>\n<p>\u2753 <strong>Hur vet jag att det \u00e4r tomt?<\/strong><br \/>\n\u2705 <strong>Smaken bleknar<\/strong> eller <strong>\u00e5ngdroppar<\/strong>; <strong>smart display<\/strong> visar ocks\u00e5 <strong>\u00e5terst\u00e5ende e-v\u00e4tska<\/strong>.<\/p>\n<p>\u2753 <strong>\u00c4r det \u00e4kta?<\/strong><br \/>\n\u2705 <strong>100 % officiell Bang-produkt<\/strong> \u2013 EU-lagerkvalitetskontroll och full sp\u00e5rbarhet.<\/p>\n<p>\u2753 <strong>Vad h\u00e4nder om min enhet \u00e4r defekt?<\/strong><br \/>\n\u2705 Kontakta support med <strong>ordernummer + kort video<\/strong> \u2013 <strong>EU-niv\u00e5 garanti<\/strong> g\u00e4ller.<\/p>\n<p>&nbsp;<\/p>\n<h3 id=\"brxe-najhln\" class=\"brxe-heading\">Vanliga fr\u00e5gor (FAQ)<\/h3>\n<div id=\"brxe-rajiac\" class=\"brxe-text\">\n<p><strong>F: Vilka betalningsmetoder accepterar du?<\/strong><br \/>\nS: Vi accepterar PayPal, Stripe, bank\u00f6verf\u00f6ringar (st\u00f6ds med SEPA), vanliga kreditkort (Visa, MasterCard, American Express) och betalningar i kryptovaluta.<\/p>\n<p><strong>F: Hur l\u00e5ng tid tar best\u00e4llningsberedningen?<\/strong><br \/>\nS: Best\u00e4llningsf\u00f6rberedelse tar 1-3 arbetsdagar.<\/p>\n<p><strong>F: Vad \u00e4r leveranstiden?<\/strong><br \/>\nS: Leveranstiden \u00e4r 7-14 arbetsdagar, beroende p\u00e5 var du befinner dig. Varor som skickas fr\u00e5n europeiska lager tar vanligtvis 3-6 arbetsdagar f\u00f6r leverans.<\/p>\n<p><strong>F: Hur kan jag sp\u00e5ra min best\u00e4llning?<\/strong><br \/>\nS: Efter leverans kommer du att f\u00e5 ett bekr\u00e4ftelsemail med ett sp\u00e5rningsnummer f\u00f6r sp\u00e5rning i realtid.<\/p>\n<p><strong>F: Vilken \u00e4r din returpolicy?<\/strong><br \/>\nS: Vi erbjuder en 30-dagars returpolicy f\u00f6r \u00e5terbetalningar eller byten. .<\/p>\n<p><strong>F: Kommer det att finnas n\u00e5gra tullproblem?<br \/>\n<\/strong>Vi hanterar alla tullf\u00f6rfaranden f\u00f6r att s\u00e4kerst\u00e4lla en problemfri upplevelse f\u00f6r dig. .<\/p>\n<p><strong>F: Vilka frakts\u00e4tt anv\u00e4nds?<\/strong><br \/>\nVi samarbetar med UPS\/DHL\/FEDEX\/DPD, etc. Vi kommer att v\u00e4lja l\u00e4mpligt fraktalternativ beroende p\u00e5 leveransland f\u00f6r att s\u00e4kerst\u00e4lla att du f\u00e5r dina produkter s\u00e5 snabbt som m\u00f6jligt.<\/p>\n<p><a href=\"https:\/\/pgvape.com\/sv\/vanliga-fragor\/\">Klicka h\u00e4r f\u00f6r mer FAQ<\/a><\/p>\n<p>K\u00e4ra kunder, Om du har n\u00e5gra fr\u00e5gor om din best\u00e4llning eller ankomsten av varor, v\u00e4nligen kontakta v\u00e5r kundtj\u00e4nst. Tack!<\/p>\n<h3 data-sourcepos=\"73:1-73:21\"><strong data-sourcepos=\"73:7-73:21\">Kontakta oss<\/strong><\/h3>\n<div id=\"text-2419739398\" class=\"text\">\n<p><strong data-sourcepos=\"75:3-75:12\">E-post<\/strong>:\u00a0<a href=\"mailto:support@pgvape.com\"><strong>support@pgvape.com<\/strong><\/a><\/p>\n<p><strong data-sourcepos=\"76:3-76:15\">WhatsApp<\/strong>:\u00a0<a href=\"https:\/\/wa.me\/+8618128481258\"><strong>+86 18128481258<\/strong><\/a><br \/>\n<strong>(Svara inom 24 timmar p\u00e5 arbetsdagar)<\/strong><\/p>\n<\/div>\n<h3><strong>Tack f\u00f6r att du valde pgvape.com! .<\/strong><\/h3>\n<\/div>","protected":false},"excerpt":{"rendered":"<p><strong>BANG LEGEND 120K 5-i-1 EU<\/strong> \u2013 <strong>120k bloss<\/strong>, <strong>fem smaker<\/strong>, <strong>smart display<\/strong>, <strong>Typ-C<\/strong>, <strong>EU 2-8 d leverans<\/strong>.<strong>Rotera en g\u00e5ng, smaka fem, vape i m\u00e5nader \u2013 allt fr\u00e5n Europa.<\/strong><\/p>","protected":false},"featured_media":8635,"comment_status":"open","ping_status":"closed","template":"","meta":{"_seopress_robots_primary_cat":"","_seopress_titles_title":"","_seopress_titles_desc":"","_seopress_robots_index":""},"product_brand":[72,516],"product_cat":[69,71,515],"product_tag":[354,556,557,73,90,459,203],"class_list":{"0":"post-8620","1":"product","2":"type-product","3":"status-publish","4":"has-post-thumbnail","6":"product_brand-bang-legend-vape","7":"product_brand-disposable-vape","8":"product_cat-120k-puffs-vape","9":"product_cat-bang-legend-vape","10":"product_cat-disposable-vape","11":"product_tag-120k-puffs-vape","12":"product_tag-5-in-1-flavors","13":"product_tag-adjustable-flavors","14":"product_tag-bang-legend","15":"product_tag-disposable-vape","16":"product_tag-free-shipping","17":"product_tag-shipment-from-eu","18":"product_shipping_class-overseas-warehouse","20":"first","21":"instock","22":"sale","23":"shipping-taxable","24":"purchasable","25":"product-type-variable"},"_links":{"self":[{"href":"https:\/\/pgvape.com\/sv\/wp-json\/wp\/v2\/product\/8620","targetHints":{"allow":["GET"]}}],"collection":[{"href":"https:\/\/pgvape.com\/sv\/wp-json\/wp\/v2\/product"}],"about":[{"href":"https:\/\/pgvape.com\/sv\/wp-json\/wp\/v2\/types\/product"}],"replies":[{"embeddable":true,"href":"https:\/\/pgvape.com\/sv\/wp-json\/wp\/v2\/comments?post=8620"}],"wp:featuredmedia":[{"embeddable":true,"href":"https:\/\/pgvape.com\/sv\/wp-json\/wp\/v2\/media\/8635"}],"wp:attachment":[{"href":"https:\/\/pgvape.com\/sv\/wp-json\/wp\/v2\/media?parent=8620"}],"wp:term":[{"taxonomy":"product_brand","embeddable":true,"href":"https:\/\/pgvape.com\/sv\/wp-json\/wp\/v2\/product_brand?post=8620"},{"taxonomy":"product_cat","embeddable":true,"href":"https:\/\/pgvape.com\/sv\/wp-json\/wp\/v2\/product_cat?post=8620"},{"taxonomy":"product_tag","embeddable":true,"href":"https:\/\/pgvape.com\/sv\/wp-json\/wp\/v2\/product_tag?post=8620"}],"curies":[{"name":"wp","href":"https:\/\/api.w.org\/{rel}","templated":true}]}}