{"id":8503,"date":"2026-01-15T11:01:03","date_gmt":"2026-01-15T11:01:03","guid":{"rendered":"https:\/\/pgvape.com\/?post_type=product&#038;p=8503"},"modified":"2026-03-25T11:34:15","modified_gmt":"2026-03-25T11:34:15","slug":"bang-blaze-140000-140k-puffar-3i1-3-rena-smaker-disponibel-vape-0-2-3-5nikotin-12taste-vape-fabrik-grossist","status":"publish","type":"product","link":"https:\/\/pgvape.com\/sv\/produkt\/bang-blaze-140000-140k-puffar-3i1-3-rena-smaker-disponibel-vape-0-2-3-5nikotin-12taste-vape-fabrik-grossist\/","title":{"rendered":"Bang Blaze 140000 140K Puffs 3in1 3 Pure Flavors Disponibel Vape 0% 2% 3% 5%Nikotin 12Taste Vape Factory Grossist"},"content":{"rendered":"<p><strong data-sourcepos=\"6:5-6:24\">Bang Blaze 140K<\/strong> s\u00e4tter en ny standard f\u00f6r h\u00f6g kapacitet, multi-flavor vaping. <strong data-sourcepos=\"6:145-6:177\">tre oberoende 15 ml tankar<\/strong> (45mL totalt) med en unik <strong data-sourcepos=\"6:205-6:242\">3-i-1 smakv\u00e4xlingsmekanism<\/strong>, vilket m\u00f6jligg\u00f6r omedelbar v\u00e4xling mellan distinkta smakprofiler. <strong data-sourcepos=\"6:320-6:355\">tre dedikerade 1,0\u03a9 mesh-spolar<\/strong> f\u00f6r att f\u00f6rhindra korskontaminering av smak och med st\u00f6d av en <strong data-sourcepos=\"6:410-6:441\">650mAh uppladdningsbart batteri<\/strong> med <strong data-sourcepos=\"6:447-6:471\">Typ-C snabbladdning<\/strong>, den levererar konsekvent, kraftfull prestanda genom en aldrig tidigare sk\u00e5dad <strong data-sourcepos=\"6:543-6:560\">140 000 bloss<\/strong>., den \u00e4r byggd f\u00f6r kr\u00e4vande vapers som v\u00e4grar att kompromissa med variation eller livsl\u00e4ngd.<\/p>\n<p>&nbsp;<\/p>\n<h2><span style=\"font-size: 90%;\"><span style=\"color: #ed1c24;\"><a style=\"color: #ed1c24;\" href=\"https:\/\/pgvape.com\/sv\/produkt-kategori\/fler-spannande-modeller-lanseras-snart-hall-utkik-och-skjut-framat-med-bang-blaze\/\"><span style=\"color: #0000ff;\">Bang Blaze<\/span><\/a><\/span> 140000 140K Puffs 3in1 3 Pure Flavors Disponibel Vape Specifikationer<\/span><\/h2>\n<p><strong>Puffar<\/strong>: Upp till <strong class=\"\">140,000<\/strong><\/p>\n<p><strong>E-v\u00e4tska<\/strong>: <strong>45 ml<\/strong> (tre <strong class=\"\">15 ml<\/strong> oberoende tankar)<\/p>\n<p><strong>Nikotin<\/strong>: <strong>0 %, 2 %, 3 %, 5 %<\/strong> saltalternativ<\/p>\n<p><strong>Batteri<\/strong>: <strong>650 mAh<\/strong>, <strong>Typ-C<\/strong> snabbladdning<\/p>\n<p><strong>Spolar<\/strong>: <strong>Trippel 1,0 \u03a9 mesh<\/strong> (en per tank)<\/p>\n<p><strong>V\u00e4xla<\/strong>: <strong class=\"\">Manuell 3-i-1-v\u00e4xling<\/strong>\u2013 omedelbart smakbyte<\/p>\n<p>&nbsp;<\/p>\n<h3><span style=\"font-size: 90%;\">Bang Blaze 140000 140K Puffs 3in1 3 Pure Flavors Disponibel Vape Flavor List:<\/span><\/h3>\n<p>1. Watermelon Ice &amp; Strawberry Lychee &amp; Gummy Bears<\/p>\n<p>2.Peach Ice &amp; Blueberry Watermelon &amp; Strawberry Citron Ice<\/p>\n<p>3. Grape Ice &amp; Strawberry Mango &amp; Mixed Berries<\/p>\n<p>4.Blueberry Ice &amp; LOVE66 &amp; Peach Mango Watermelon<\/p>\n<p>5. Bl\u00e5b\u00e4r Hallon &amp; Kiwi Passionsfrukt Guava &amp; Ananas Kokosn\u00f6t<\/p>\n<p>6. Jordgubbsvattenmelon &amp; bl\u00e5b\u00e4rspersika &amp; svartvinb\u00e4rsananas<\/p>\n<p>7.Strawberry Kiwi &amp; Watermelon Bubblegum &amp; Blueberry Cherry<\/p>\n<p>8.Black Dragon Ice &amp; Strawberry Mamba &amp; Raspberry Grape<\/p>\n<p>9. Mango Peach &amp; Blueberry Red Bull &amp; Apple Grape<\/p>\n<p>10.Trippel Mango &amp; Hallon Citron &amp; Bl\u00e5b\u00e4rsdruva<\/p>\n<p>11.Citron Lime &amp; Aloe Mango Melon &amp; Vattenmelon Dragon Fruit<\/p>\n<p>12. Bananglass &amp; jordgubbsglass &amp; vattenmelonb\u00e4r<img loading=\"lazy\" decoding=\"async\" class=\"alignnone wp-image-8546 size-full\" src=\"https:\/\/pgvape.com\/wp-content\/uploads\/2026\/01\/Bang-Blaze-140000-140K-Puffs-3in1-3-Pure-Flavors-Disposable-Vape-0-2-3-5Nicotine-12Taste-Vape-Factory-Wholesale-pgvape-14.png\" alt=\"Tv\u00e5 rader med sex Bang Blaze e-v\u00e4tskeflaskor, svarta med f\u00e4rgglada djurillustrationer och en etikett p\u00e5 140 000, var och en med sitt smaknamn nedan.\" width=\"1500\" height=\"1011\" srcset=\"https:\/\/pgvape.com\/wp-content\/uploads\/2026\/01\/Bang-Blaze-140000-140K-Puffs-3in1-3-Pure-Flavors-Disposable-Vape-0-2-3-5Nicotine-12Taste-Vape-Factory-Wholesale-pgvape-14.png 1500w, https:\/\/pgvape.com\/wp-content\/uploads\/2026\/01\/Bang-Blaze-140000-140K-Puffs-3in1-3-Pure-Flavors-Disposable-Vape-0-2-3-5Nicotine-12Taste-Vape-Factory-Wholesale-pgvape-14-534x360.png 534w, https:\/\/pgvape.com\/wp-content\/uploads\/2026\/01\/Bang-Blaze-140000-140K-Puffs-3in1-3-Pure-Flavors-Disposable-Vape-0-2-3-5Nicotine-12Taste-Vape-Factory-Wholesale-pgvape-14-595x401.png 595w, https:\/\/pgvape.com\/wp-content\/uploads\/2026\/01\/Bang-Blaze-140000-140K-Puffs-3in1-3-Pure-Flavors-Disposable-Vape-0-2-3-5Nicotine-12Taste-Vape-Factory-Wholesale-pgvape-14-400x270.png 400w, https:\/\/pgvape.com\/wp-content\/uploads\/2026\/01\/Bang-Blaze-140000-140K-Puffs-3in1-3-Pure-Flavors-Disposable-Vape-0-2-3-5Nicotine-12Taste-Vape-Factory-Wholesale-pgvape-14-768x518.png 768w, https:\/\/pgvape.com\/wp-content\/uploads\/2026\/01\/Bang-Blaze-140000-140K-Puffs-3in1-3-Pure-Flavors-Disposable-Vape-0-2-3-5Nicotine-12Taste-Vape-Factory-Wholesale-pgvape-14-18x12.png 18w, https:\/\/pgvape.com\/wp-content\/uploads\/2026\/01\/Bang-Blaze-140000-140K-Puffs-3in1-3-Pure-Flavors-Disposable-Vape-0-2-3-5Nicotine-12Taste-Vape-Factory-Wholesale-pgvape-14-600x404.png 600w\" sizes=\"auto, (max-width: 1500px) 100vw, 1500px\" \/><\/p>\n<p>&nbsp;<\/p>\n<h2><span style=\"font-size: 90%;\">Vanliga fr\u00e5gor om Bang Blaze 140000 140K Puffs 3in1 3 Pure Flavors Disponibel Vape<\/span><\/h2>\n<p>\u2753 <strong class=\"\">Hur fungerar 3-i-1-v\u00e4xling?<\/strong><br \/>\n\u2705 <strong class=\"\">Manuell v\u00e4xling<\/strong> byter mellan <strong>tre separata tankar<\/strong>\u2014noll smaksp\u00f6kning.<\/p>\n<p>\u2753 <strong class=\"\">Ger det verkligen 140k bloss?<\/strong><br \/>\n\u2705 <strong>45 ml totalt v\u00e4tska<\/strong> st\u00f6djer <strong>140k bloss<\/strong>; faktiska antalet varierar med ritstilen.<\/p>\n<p>\u2753 <strong class=\"\">Varf\u00f6r trippelspolar?<\/strong><br \/>\n\u2705 <strong class=\"\">Varje tank \u00e4ger en 1,0 \u03a9 mesh spole<\/strong>\u2014 Ingen korssmak, fr\u00e4sch m\u00e4ttnad, delad arbetsbelastning.<\/p>\n<p>\u2753 <strong>Hur l\u00e4nge h\u00e5ller batteriet?<\/strong><br \/>\n\u2705 <strong>550 mAh<\/strong> = hel dag tung anv\u00e4ndning; <strong>Typ-C<\/strong> laddning h\u00e5ller sp\u00e4nningen stabil till sista blossen.<\/p>\n<p>\u2753 <strong class=\"\">Vilka nikotinstyrkor erbjuds?<\/strong><br \/>\n\u2705 <strong>0 %, 2 %, 3 %, 5 %<\/strong>-v\u00e4lj i kassan.<\/p>\n<p>\u2753 <strong>Kan jag fylla p\u00e5 eller \u00e5teranv\u00e4nda det?<\/strong><br \/>\n\u2705 <strong class=\"\">Inga<\/strong>\u2013 disponera en g\u00e5ng ansvarsfullt <strong>tre tankar<\/strong> \u00e4r tomma.<\/p>\n<p>&nbsp;<\/p>\n<h3 id=\"brxe-najhln\" class=\"brxe-heading\">Vanliga fr\u00e5gor (FAQ)<\/h3>\n<div id=\"brxe-rajiac\" class=\"brxe-text\">\n<p><strong>F: Vilka betalningsmetoder accepterar du?<\/strong><br \/>\nS: Vi accepterar PayPal, Stripe, bank\u00f6verf\u00f6ringar (st\u00f6ds med SEPA), vanliga kreditkort (Visa, MasterCard, American Express) och betalningar i kryptovaluta.<\/p>\n<p><strong>F: Hur l\u00e5ng tid tar best\u00e4llningsberedningen?<\/strong><br \/>\nS: Best\u00e4llningsf\u00f6rberedelse tar 1-3 arbetsdagar.<\/p>\n<p><strong>F: Vad \u00e4r leveranstiden?<\/strong><br \/>\nS: Leveranstiden \u00e4r 7-14 arbetsdagar, beroende p\u00e5 var du befinner dig. Varor som skickas fr\u00e5n europeiska lager tar vanligtvis 3-6 arbetsdagar f\u00f6r leverans.<\/p>\n<p><strong>F: Hur kan jag sp\u00e5ra min best\u00e4llning?<\/strong><br \/>\nS: Efter leverans kommer du att f\u00e5 ett bekr\u00e4ftelsemail med ett sp\u00e5rningsnummer f\u00f6r sp\u00e5rning i realtid.<\/p>\n<p><strong>F: Vilken \u00e4r din returpolicy?<\/strong><br \/>\nS: Vi erbjuder en 30-dagars returpolicy f\u00f6r \u00e5terbetalningar eller byten. .<\/p>\n<p><strong>F: Kommer det att finnas n\u00e5gra tullproblem?<br \/>\n<\/strong>Vi hanterar alla tullf\u00f6rfaranden f\u00f6r att s\u00e4kerst\u00e4lla en problemfri upplevelse f\u00f6r dig. .<\/p>\n<p><strong>F: Vilka frakts\u00e4tt anv\u00e4nds?<\/strong><br \/>\nVi samarbetar med UPS\/DHL\/FEDEX\/DPD, etc. Vi kommer att v\u00e4lja l\u00e4mpligt fraktalternativ beroende p\u00e5 leveransland f\u00f6r att s\u00e4kerst\u00e4lla att du f\u00e5r dina produkter s\u00e5 snabbt som m\u00f6jligt.<\/p>\n<p><a href=\"https:\/\/pgvape.com\/sv\/vanliga-fragor\/\">Klicka h\u00e4r f\u00f6r mer FAQ<\/a><\/p>\n<p>K\u00e4ra kunder, Om du har n\u00e5gra fr\u00e5gor om din best\u00e4llning eller ankomsten av varor, v\u00e4nligen kontakta v\u00e5r kundtj\u00e4nst. Tack!<\/p>\n<h3 data-sourcepos=\"73:1-73:21\"><strong data-sourcepos=\"73:7-73:21\">Kontakta oss<\/strong><\/h3>\n<div id=\"text-2419739398\" class=\"text\">\n<p><strong data-sourcepos=\"75:3-75:12\">E-post<\/strong>:\u00a0<a href=\"mailto:support@pgvape.com\"><strong>support@pgvape.com<\/strong><\/a><\/p>\n<p><strong data-sourcepos=\"76:3-76:15\">WhatsApp<\/strong>:\u00a0<a href=\"https:\/\/wa.me\/+8618128481258\"><strong>+86 18128481258<\/strong><\/a><br \/>\n<strong>(Svara inom 24 timmar p\u00e5 arbetsdagar)<\/strong><\/p>\n<\/div>\n<h3><strong>Tack f\u00f6r att du valde pgvape.com! .<\/strong><\/h3>\n<\/div>","protected":false},"excerpt":{"rendered":"<p><strong>BANG BLAZE 140K<\/strong>\u2014<strong>140k bloss<\/strong>, <strong>45 ml<\/strong>, <strong>trippel 1,0 \u03a9 mesh<\/strong>, <strong>3-i-1 v\u00e4xel<\/strong>, \u00a0<strong>0-5 % nic<\/strong>.<strong>Tre smaker, en flamma, m\u00e5nader av moln.<\/strong><\/p>","protected":false},"featured_media":8533,"comment_status":"open","ping_status":"closed","template":"","meta":{"_seopress_robots_primary_cat":"none","_seopress_titles_title":"","_seopress_titles_desc":"","_seopress_robots_index":""},"product_brand":[49,516],"product_cat":[529,33,515],"product_tag":[531,555,554,553,90,59],"class_list":{"0":"post-8503","1":"product","2":"type-product","3":"status-publish","4":"has-post-thumbnail","6":"product_brand-bang-blaze-vape","7":"product_brand-disposable-vape","8":"product_cat-140k-puffs-vape","9":"product_cat-bang-blaze-vape","10":"product_cat-disposable-vape","11":"product_tag-140k-puffs-vape","12":"product_tag-3-pure-flavors","13":"product_tag-3in1","14":"product_tag-bang-blaze-140000","15":"product_tag-disposable-vape","16":"product_tag-mouth-to-lung-mtl","18":"first","19":"instock","20":"sale","21":"shipping-taxable","22":"purchasable","23":"product-type-variable"},"_links":{"self":[{"href":"https:\/\/pgvape.com\/sv\/wp-json\/wp\/v2\/product\/8503","targetHints":{"allow":["GET"]}}],"collection":[{"href":"https:\/\/pgvape.com\/sv\/wp-json\/wp\/v2\/product"}],"about":[{"href":"https:\/\/pgvape.com\/sv\/wp-json\/wp\/v2\/types\/product"}],"replies":[{"embeddable":true,"href":"https:\/\/pgvape.com\/sv\/wp-json\/wp\/v2\/comments?post=8503"}],"wp:featuredmedia":[{"embeddable":true,"href":"https:\/\/pgvape.com\/sv\/wp-json\/wp\/v2\/media\/8533"}],"wp:attachment":[{"href":"https:\/\/pgvape.com\/sv\/wp-json\/wp\/v2\/media?parent=8503"}],"wp:term":[{"taxonomy":"product_brand","embeddable":true,"href":"https:\/\/pgvape.com\/sv\/wp-json\/wp\/v2\/product_brand?post=8503"},{"taxonomy":"product_cat","embeddable":true,"href":"https:\/\/pgvape.com\/sv\/wp-json\/wp\/v2\/product_cat?post=8503"},{"taxonomy":"product_tag","embeddable":true,"href":"https:\/\/pgvape.com\/sv\/wp-json\/wp\/v2\/product_tag?post=8503"}],"curies":[{"name":"wp","href":"https:\/\/api.w.org\/{rel}","templated":true}]}}