{"id":8460,"date":"2026-01-14T07:58:10","date_gmt":"2026-01-14T07:58:10","guid":{"rendered":"https:\/\/pgvape.com\/?post_type=product&#038;p=8460"},"modified":"2026-03-15T13:48:39","modified_gmt":"2026-03-15T13:48:39","slug":"bang-blaze-200000-6-i-1-smaker-200k-puffar-disponibel-vape-0-2-3-5nikotin-12taste-smart-screen-vape-fabrik-grossist","status":"publish","type":"product","link":"https:\/\/pgvape.com\/sv\/produkt\/bang-blaze-200000-6-i-1-smaker-200k-puffar-disponibel-vape-0-2-3-5nikotin-12taste-smart-screen-vape-fabrik-grossist\/","title":{"rendered":"Bang Blaze 200000 6-i-1 Smaker 200k Puffs Disponibel Vape 0% 2% 3% 5%Nikotin 12Taste Smart Screen Vape Fabriksgrossist"},"content":{"rendered":"<p><strong data-sourcepos=\"6:5-6:25\">BANG BLAZE 200K<\/strong> \u00e4r en banbrytande eng\u00e5ngsvape med flera smaker som omdefinierar kapacitet och variation. <strong data-sourcepos=\"6:136-6:154\">sexkantig kropp<\/strong> hus <strong data-sourcepos=\"6:163-6:200\">sex oberoende e-v\u00e4tskekammare<\/strong>, till\u00e5ter det anv\u00e4ndare att rotera mellan sex distinkta smaker direkt utan korskontaminering. <strong data-sourcepos=\"6:321-6:344\">200 000 puff betyg<\/strong> och en massiv <strong data-sourcepos=\"6:359-6:391\">72 ml total kapacitet f\u00f6r e-v\u00e4tska<\/strong>, den \u00e4r konstruerad f\u00f6r extrem livsl\u00e4ngd. <strong data-sourcepos=\"6:446-6:463\">smart display<\/strong>, <strong data-sourcepos=\"6:465-6:496\">650mAh uppladdningsbart batteri<\/strong>, <strong data-sourcepos=\"6:498-6:522\">Typ-C snabbladdning<\/strong>, och <strong data-sourcepos=\"6:528-6:551\">sex 1,0\u03a9 mesh-spolar<\/strong>, den ger en premium, smidig och m\u00e5ngsidig vapingupplevelse f\u00f6r alla anv\u00e4ndarniv\u00e5er.<\/p>\n<p>&nbsp;<\/p>\n<h2><span style=\"font-size: 90%;\">Bang Blaze 200000 6in1 Smaker 200k Puffar <a href=\"https:\/\/pgvape.com\/sv\/produkt-kategori\/engangsvape\/\">Vape f\u00f6r eng\u00e5ngsbruk<\/a> Specifikationer:<\/span><\/h2>\n<p>\ud83d\udd04\u00a0<strong data-sourcepos=\"11:6-11:32\">6-i-1 smakrotation<\/strong>\u00a0\u2013 Sex separata 12 ml kamrar; roterar munstycket f\u00f6r att byta smak.<\/p>\n<p>\ud83d\udca8\u00a0<strong data-sourcepos=\"12:6-12:29\">O\u00f6vertr\u00e4ffad livsl\u00e4ngd<\/strong>\u00a0\u2013 Upp till 200 000 bloss fr\u00e5n en total kapacitet f\u00f6r e-v\u00e4tska p\u00e5 72 ml.<\/p>\n<p>\ud83d\udda5\ufe0f\u00a0<strong data-sourcepos=\"13:7-13:31\">Smart sk\u00e4rm<\/strong>\u00a0\u2013 Batteriniv\u00e5 i realtid och individuell \u00f6vervakning av e-v\u00e4tsketank.<\/p>\n<p>\ud83d\udd0b\u00a0<strong data-sourcepos=\"14:6-14:46\">650mAh batteri + USB-C snabbladdning<\/strong>\u00a0\u2013 Laddningsbar f\u00f6r l\u00e5ngvarig anv\u00e4ndning.<\/p>\n<p>\ud83d\udd25\u00a0<strong data-sourcepos=\"15:6-15:29\">Sex 1,0\u03a9 Mesh-spolar<\/strong>\u00a0\u2013 En per kammare f\u00f6r konsekvent, j\u00e4mn \u00e5nga och ren smak.<\/p>\n<p>\u2699\ufe0f\u00a0<strong data-sourcepos=\"16:6-16:36\">Hexagonal ergonomisk design<\/strong>\u00a0\u2013 Stabil, snygg och l\u00e4tt att greppa.<\/p>\n<p>\ud83d\udce6\u00a0<strong data-sourcepos=\"17:6-17:24\">Bulkf\u00f6rpackning<\/strong>\u00a0\u2013 10 stycken per kartong, 100 stycken per kartong f\u00f6r grossisteffektivitet.<\/p>\n<p>&nbsp;<\/p>\n<h3><span style=\"font-size: 90%;\">Bang Blaze 200000 6-i-1 smaker 200k puffar disponibel vape smaklista:<\/span><\/h3>\n<p>1.Peach Ice \/ Citron Lime \/ Strawberry Watermelon \/ Hallon Grape \/ Strawberry Mamba \/ Cherry Pomegranate<\/p>\n<p>2. Vattenmelon Is \/ \u00c4ppeldruva \/ Bl\u00e5b\u00e4r Hallon \/ Mango Persika \/ Ananas Apelsin \/ Bl\u00e5b\u00e4r Persika<\/p>\n<p>3. Druvis \/ Hallon Citron \/ Bl\u00e5b\u00e4r Red Bull \/ Ananas Kokos \/ Jordgubbslychee \/ Black Dragon Ice<\/p>\n<p>4.Bl\u00e5b\u00e4ris \/ Hallon Vattenmelon \/ Aloe Vera Grape \/ Jordgubbsbanan \/ Love 66 \/ Blueberry Cherry<\/p>\n<p>5. \u00c4ppelis \/ Blandade b\u00e4r \/ Vattenmelon Bubblegum \/ Bl\u00e5b\u00e4r Vattenmelon \/ Jordgubbsmango \/ Aloe Mango Cantaloupe<\/p>\n<p>6.Ananasis \/ Kiwi Passionsfrukt Guava \/ Bj\u00f6rnformade gummigodis \/ Vattenmelon Dragon Fruit \/ Persika Mango Vattenmelon \/ Bl\u00e5b\u00e4r Tranb\u00e4r K\u00f6rsb\u00e4r<\/p>\n<p>7. Jordgubbe \/ Svarta vinb\u00e4r Ananas Is \/ Tropiska frukter \/ Grape Bubblegum \/ Bl\u00e5b\u00e4r Grape \/ Mango Passionsfrukt<\/p>\n<p>8.Trippel Mango \/ Grape Peach \/ Strawberry Ice Cream \/ Strawberry Kiwi \/ Grape Energy \/ Red Cola<\/p>\n<p>9. Bananis \/ Aloe Vera \u00c4pple \/ Passionsfruktsdruva \/ Jordgubbskokos \/ Jordgubbsvattenmelon Bubblegum \/ Vattenmelon Lime Ice<\/p>\n<p>10.K\u00f6rsb\u00e4rsglass \/ Rosa citron \/ Bl\u00e5b\u00e4rsmynta \/ Bananglass \/ Passionsfrukt Ananas Persika Is \/ Gr\u00f6nt \u00e4pple Kiwi<\/p>\n<p>11.Rainbow CY \/ Peach Pear Ice \/ Cappuccino \/ Fresh Mint Mojito \/ Strawberry Mango Svartvinb\u00e4r \/ Marshmallow<\/p>\n<p>12. Svartvinb\u00e4r \/ Trippelmelon \/ Jordgubbshallon \/ Superb\u00e4r \/ Bl\u00e5b\u00e4r Bj\u00f6rnb\u00e4r Jordgubb \/ Persika Citronvatten<img loading=\"lazy\" decoding=\"async\" class=\"alignnone wp-image-8471 size-full\" src=\"https:\/\/pgvape.com\/wp-content\/uploads\/2026\/01\/Bang-Blaze-200000-6in1-Flavors-200k-Puffs-Disposable-Vape-0-2-3-5Nicotine-12Taste-Smart-Screen-Vape-Factory-Wholesale-9.png\" alt=\"Tv\u00e5 rader med Bang energidryckflaskor med seriefigurer p\u00e5 etiketterna, f\u00e4rgglada smaknamn och en banderoll med 12 smaker.\" width=\"1500\" height=\"1564\" srcset=\"https:\/\/pgvape.com\/wp-content\/uploads\/2026\/01\/Bang-Blaze-200000-6in1-Flavors-200k-Puffs-Disposable-Vape-0-2-3-5Nicotine-12Taste-Smart-Screen-Vape-Factory-Wholesale-9.png 1500w, https:\/\/pgvape.com\/wp-content\/uploads\/2026\/01\/Bang-Blaze-200000-6in1-Flavors-200k-Puffs-Disposable-Vape-0-2-3-5Nicotine-12Taste-Smart-Screen-Vape-Factory-Wholesale-9-345x360.png 345w, https:\/\/pgvape.com\/wp-content\/uploads\/2026\/01\/Bang-Blaze-200000-6in1-Flavors-200k-Puffs-Disposable-Vape-0-2-3-5Nicotine-12Taste-Smart-Screen-Vape-Factory-Wholesale-9-595x620.png 595w, https:\/\/pgvape.com\/wp-content\/uploads\/2026\/01\/Bang-Blaze-200000-6in1-Flavors-200k-Puffs-Disposable-Vape-0-2-3-5Nicotine-12Taste-Smart-Screen-Vape-Factory-Wholesale-9-384x400.png 384w, https:\/\/pgvape.com\/wp-content\/uploads\/2026\/01\/Bang-Blaze-200000-6in1-Flavors-200k-Puffs-Disposable-Vape-0-2-3-5Nicotine-12Taste-Smart-Screen-Vape-Factory-Wholesale-9-768x801.png 768w, https:\/\/pgvape.com\/wp-content\/uploads\/2026\/01\/Bang-Blaze-200000-6in1-Flavors-200k-Puffs-Disposable-Vape-0-2-3-5Nicotine-12Taste-Smart-Screen-Vape-Factory-Wholesale-9-1473x1536.png 1473w, https:\/\/pgvape.com\/wp-content\/uploads\/2026\/01\/Bang-Blaze-200000-6in1-Flavors-200k-Puffs-Disposable-Vape-0-2-3-5Nicotine-12Taste-Smart-Screen-Vape-Factory-Wholesale-9-12x12.png 12w, https:\/\/pgvape.com\/wp-content\/uploads\/2026\/01\/Bang-Blaze-200000-6in1-Flavors-200k-Puffs-Disposable-Vape-0-2-3-5Nicotine-12Taste-Smart-Screen-Vape-Factory-Wholesale-9-600x626.png 600w\" sizes=\"auto, (max-width: 1500px) 100vw, 1500px\" \/><\/p>\n<p>&nbsp;<\/p>\n<h2>Vanliga fr\u00e5gor om Bang Blaze 200000 6in1 Flavors 200k Puffs Disposable Vape<\/h2>\n<p>\u2753 <strong>Vad \u00e4r speciellt med den h\u00e4r enheten?<\/strong><br \/>\n\u2705 <strong>Sex oberoende tankar<\/strong>\u2014en enhet, <strong>sex rena smaker<\/strong>, <strong>200K bloss<\/strong>.<\/p>\n<p>\u2753 <strong>Hur \u00e4ndrar jag smaker?<\/strong><br \/>\n\u2705 <strong>Lyft och vrid munstycket<\/strong>\u2014tanken v\u00e4xlar direkt, noll korssmak.<\/p>\n<p>\u2753 <strong class=\"\">\u00c4r den uppladdningsbar?<\/strong><br \/>\n\u2705 <strong>650 mAh<\/strong> batteri + <strong>Typ-C<\/strong>; <strong>45-60 min<\/strong> full laddning.<\/p>\n<p>\u2753 <strong>Hur m\u00e5nga bloss kan jag f\u00e5?<\/strong><br \/>\n\u2705 Laboratorieklassad <strong>200 000 bloss<\/strong>\u2014m\u00e5naders daglig anv\u00e4ndning (faktisk anv\u00e4ndning kan variera).<\/p>\n<p>\u2753 <strong>Har den sk\u00e4rm?<\/strong><br \/>\n\u2705 <strong>Smart display<\/strong> visar <strong>batteri<\/strong> och <strong>\u00e5terst\u00e5ende e-v\u00e4tska<\/strong> per tank.<\/p>\n<p>\u2753 <strong>Vilka nikotinstyrkor finns tillg\u00e4ngliga?<\/strong><br \/>\n\u2705 <strong>0 %, 2 %, 3 %, 5 %<\/strong>\u2014v\u00e4lj styrka i kassan.<\/p>\n<p>\u2753 <strong>G\u00e5r det att fylla p\u00e5 eller \u00e5teranv\u00e4nda?<\/strong><br \/>\n\u2705 <strong>Inga<\/strong>\u2013 disponera en g\u00e5ng ansvarsfullt <strong>sex tankar<\/strong> \u00e4r tomma.<\/p>\n<p>\u2753 <strong>\u00c4r \u00e5nga sl\u00e4t?<\/strong><br \/>\n\u2705 <strong>Sex mesh spolar<\/strong> leverera <strong>rik, sl\u00e4t, luktfri<\/strong> \u00e5nga varje bloss.<\/p>\n<p>\u2753 <strong>Nyb\u00f6rjarv\u00e4nlig?<\/strong><br \/>\n\u2705 <strong>Draw-aktiverad<\/strong>, <strong>ingen inst\u00e4llning<\/strong>, <strong>smart display<\/strong>\u2014 redo att vape ur l\u00e5dan.<\/p>\n<p>&nbsp;<\/p>\n<h3 id=\"brxe-najhln\" class=\"brxe-heading\">Vanliga fr\u00e5gor (FAQ)<\/h3>\n<div id=\"brxe-rajiac\" class=\"brxe-text\">\n<p><strong>F: Vilka betalningsmetoder accepterar du?<\/strong><br \/>\nS: Vi accepterar PayPal, Stripe, bank\u00f6verf\u00f6ringar (st\u00f6ds med SEPA), vanliga kreditkort (Visa, MasterCard, American Express) och betalningar i kryptovaluta.<\/p>\n<p><strong>F: Hur l\u00e5ng tid tar best\u00e4llningsberedningen?<\/strong><br \/>\nS: Best\u00e4llningsf\u00f6rberedelse tar 1-3 arbetsdagar.<\/p>\n<p><strong>F: Vad \u00e4r leveranstiden?<\/strong><br \/>\nS: Leveranstiden \u00e4r 7-14 arbetsdagar, beroende p\u00e5 var du befinner dig. Varor som skickas fr\u00e5n europeiska lager tar vanligtvis 3-6 arbetsdagar f\u00f6r leverans.<\/p>\n<p><strong>F: Hur kan jag sp\u00e5ra min best\u00e4llning?<\/strong><br \/>\nS: Efter leverans kommer du att f\u00e5 ett bekr\u00e4ftelsemail med ett sp\u00e5rningsnummer f\u00f6r sp\u00e5rning i realtid.<\/p>\n<p><strong>F: Vilken \u00e4r din returpolicy?<\/strong><br \/>\nS: Vi erbjuder en 30-dagars returpolicy f\u00f6r \u00e5terbetalningar eller byten. .<\/p>\n<p><strong>F: Kommer det att finnas n\u00e5gra tullproblem?<br \/>\n<\/strong>Vi hanterar alla tullf\u00f6rfaranden f\u00f6r att s\u00e4kerst\u00e4lla en problemfri upplevelse f\u00f6r dig. .<\/p>\n<p><strong>F: Vilka frakts\u00e4tt anv\u00e4nds?<\/strong><br \/>\nVi samarbetar med UPS\/DHL\/FEDEX\/DPD, etc. Vi kommer att v\u00e4lja l\u00e4mpligt fraktalternativ beroende p\u00e5 leveransland f\u00f6r att s\u00e4kerst\u00e4lla att du f\u00e5r dina produkter s\u00e5 snabbt som m\u00f6jligt.<\/p>\n<p><a href=\"https:\/\/pgvape.com\/sv\/vanliga-fragor\/\">Klicka h\u00e4r f\u00f6r mer FAQ<\/a><\/p>\n<p>K\u00e4ra kunder, Om du har n\u00e5gra fr\u00e5gor om din best\u00e4llning eller ankomsten av varor, v\u00e4nligen kontakta v\u00e5r kundtj\u00e4nst. Tack!<\/p>\n<h3 data-sourcepos=\"73:1-73:21\"><strong data-sourcepos=\"73:7-73:21\">Kontakta oss<\/strong><\/h3>\n<div id=\"text-2419739398\" class=\"text\">\n<p><strong data-sourcepos=\"75:3-75:12\">E-post<\/strong>:\u00a0<a href=\"mailto:support@pgvape.com\"><strong>support@pgvape.com<\/strong><\/a><\/p>\n<p><strong data-sourcepos=\"76:3-76:15\">WhatsApp<\/strong>:\u00a0<a href=\"https:\/\/wa.me\/+8618128481258\"><strong>+86 18128481258<\/strong><\/a><br \/>\n<strong>(Svara inom 24 timmar p\u00e5 arbetsdagar)<\/strong><\/p>\n<\/div>\n<h3><strong>Tack f\u00f6r att du valde pgvape.com! .<\/strong><\/h3>\n<\/div>","protected":false},"excerpt":{"rendered":"<p><strong>BANG BLAZE 6-i-1<\/strong>\u2014<strong>200K bloss<\/strong>, <strong>72 ml<\/strong>, <strong>sex tankar<\/strong>, <strong>sexkantig kropp<\/strong>, <strong>smart display<\/strong>, <strong>0-5 % nic<\/strong>.<strong class=\"\">Rotera en g\u00e5ng, smaka sex, vape i ett halv\u00e5r.<\/strong><\/p>","protected":false},"featured_media":8463,"comment_status":"open","ping_status":"closed","template":"","meta":{"_seopress_robots_primary_cat":"none","_seopress_titles_title":"","_seopress_titles_desc":"","_seopress_robots_index":""},"product_brand":[549,49,516],"product_cat":[548,33,515],"product_tag":[552,551,550,90,81],"class_list":{"0":"post-8460","1":"product","2":"type-product","3":"status-publish","4":"has-post-thumbnail","6":"product_brand-200k-puffs-vape","7":"product_brand-bang-blaze-vape","8":"product_brand-disposable-vape","9":"product_cat-200k-puffs-vape","10":"product_cat-bang-blaze-vape","11":"product_cat-disposable-vape","12":"product_tag-200k-puffs-vape","13":"product_tag-6in1-flavors","14":"product_tag-bang-blaze-200000","15":"product_tag-disposable-vape","16":"product_tag-mouth-to-lung","18":"first","19":"instock","20":"sale","21":"shipping-taxable","22":"purchasable","23":"product-type-variable"},"_links":{"self":[{"href":"https:\/\/pgvape.com\/sv\/wp-json\/wp\/v2\/product\/8460","targetHints":{"allow":["GET"]}}],"collection":[{"href":"https:\/\/pgvape.com\/sv\/wp-json\/wp\/v2\/product"}],"about":[{"href":"https:\/\/pgvape.com\/sv\/wp-json\/wp\/v2\/types\/product"}],"replies":[{"embeddable":true,"href":"https:\/\/pgvape.com\/sv\/wp-json\/wp\/v2\/comments?post=8460"}],"wp:featuredmedia":[{"embeddable":true,"href":"https:\/\/pgvape.com\/sv\/wp-json\/wp\/v2\/media\/8463"}],"wp:attachment":[{"href":"https:\/\/pgvape.com\/sv\/wp-json\/wp\/v2\/media?parent=8460"}],"wp:term":[{"taxonomy":"product_brand","embeddable":true,"href":"https:\/\/pgvape.com\/sv\/wp-json\/wp\/v2\/product_brand?post=8460"},{"taxonomy":"product_cat","embeddable":true,"href":"https:\/\/pgvape.com\/sv\/wp-json\/wp\/v2\/product_cat?post=8460"},{"taxonomy":"product_tag","embeddable":true,"href":"https:\/\/pgvape.com\/sv\/wp-json\/wp\/v2\/product_tag?post=8460"}],"curies":[{"name":"wp","href":"https:\/\/api.w.org\/{rel}","templated":true}]}}