{"id":8357,"date":"2026-01-08T09:59:45","date_gmt":"2026-01-08T09:59:45","guid":{"rendered":"https:\/\/pgvape.com\/?post_type=product&#038;p=8357"},"modified":"2026-03-15T13:42:00","modified_gmt":"2026-03-15T13:42:00","slug":"fumot-eco-2in1-50000-50k-puffar-dubbla-smaker-disponibel-vape-2-3-5nikotin-24smak-iriserande-glod-smart-skarm-vape-fabrik-grossist","status":"publish","type":"product","link":"https:\/\/pgvape.com\/sv\/produkt\/fumot-eco-2in1-50000-50k-puffar-dubbla-smaker-disponibel-vape-2-3-5nikotin-24smak-iriserande-glod-smart-skarm-vape-fabrik-grossist\/","title":{"rendered":"Fumot ECO 2in1 50000 50K Puffs Double Flavors Disponibel Vape 2% 3% 5%Nikotin 24Taste Iridescent Glow Smart Display Screen Vape Factory Grossist"},"content":{"rendered":"<p><strong data-sourcepos=\"6:5-6:29\">Fumot ECO 2-i-1 50K<\/strong> omdefinierar eng\u00e5ngsvaping med sin <strong data-sourcepos=\"6:67-6:97\">kammarsystem med dubbla smaker<\/strong> (10mL + 10mL), vilket g\u00f6r att anv\u00e4ndare kan v\u00e4xla mellan tv\u00e5 premiumsmaker i en elegant enhet. <strong data-sourcepos=\"6:202-6:218\">50 000 bloss<\/strong> och drivs av en l\u00e5ngvarig <strong data-sourcepos=\"6:249-6:280\">950mAh uppladdningsbart batteri<\/strong>, den kombinerar exceptionell prestanda med intelligenta funktioner, inklusive en <strong data-sourcepos=\"6:357-6:381\">smart sk\u00e4rm<\/strong> och i\u00f6gonfallande <strong data-sourcepos=\"6:399-6:430\">iriserande dynamisk belysning<\/strong>. <strong data-sourcepos=\"6:437-6:467\">24 utvalda smakkombinationer<\/strong>, <strong data-sourcepos=\"6:469-6:497\">tre nikotinstyrkor<\/strong>, och en h\u00f6gpresterande <strong data-sourcepos=\"6:522-6:540\">0,9\u03a9 mesh spole<\/strong>, den \u00e4r designad f\u00f6r vapers som kr\u00e4ver variation, livsl\u00e4ngd och stil.<\/p>\n<p>&nbsp;<\/p>\n<h2><strong><span style=\"font-size: 90%;\">Fumot ECO 2in1 50000 50K Puffs Double Flavors Disponibel Vape Specifikationer<\/span><\/strong><\/h2>\n<p><strong data-sourcepos=\"11:6-11:28\">System med dubbla smaker<\/strong>\u00a0\u2013 V\u00e4xla mellan tv\u00e5 10 ml smakkammare f\u00f6r en m\u00e5ngsidig vapingupplevelse.<\/p>\n<p><strong data-sourcepos=\"12:7-12:31\">Smart sk\u00e4rm<\/strong>\u00a0\u2013 Batteritid och enhetsstatus i realtid med en \u00f6verblick.<\/p>\n<p><strong data-sourcepos=\"13:5-13:36\">Iriserande dynamisk belysning<\/strong>\u00a0\u2013 Premium visuell effekt som f\u00f6rb\u00e4ttrar hyllan.<\/p>\n<p><strong data-sourcepos=\"14:6-14:46\">950mAh batteri + USB-C snabbladdning<\/strong>\u00a0\u2013 Uppladdningsbar kraft med h\u00f6g kapacitet f\u00f6r l\u00e5ngvarig anv\u00e4ndning.<\/p>\n<p><strong data-sourcepos=\"15:6-15:24\">0,9\u03a9 Mesh Coil<\/strong>\u00a0\u2013 Sl\u00e4t, smakrik \u00e5nga med konsekvent utg\u00e5ng.<\/p>\n<p><strong data-sourcepos=\"16:6-16:28\">Upp till 50 000 puffar<\/strong>\u00a0\u2013 Exceptionell livsl\u00e4ngd f\u00f6r tunga anv\u00e4ndare.<\/p>\n<p><strong data-sourcepos=\"17:6-17:25\">5 enheter per l\u00e5da<\/strong>\u00a0\u2013 Str\u00f6mlinjeformad f\u00f6rpackning f\u00f6r detaljhandel och grossist.<\/p>\n<p><strong data-sourcepos=\"18:6-18:36\">Ergonomisk och stilren design<\/strong>\u00a0\u2013 Bekv\u00e4mt grepp med modern estetik.<\/p>\n<p>&nbsp;<\/p>\n<h3><strong><span style=\"font-size: 90%;\">Fumot ECO 2in1 50000 50K Puffs Double Flavors Disponibel Vape Flavor List:<\/span><\/strong><\/h3>\n<p>1.Black Mamba &amp; Mr Blue<\/p>\n<p>2.Black Ice &amp; Grape Ice<\/p>\n<p>3.Peach Ice &amp; White Mamba<\/p>\n<p>4. Lady Killer &amp; Love 66<\/p>\n<p>5.Bl\u00e5b\u00e4r Hubba Bubba &amp; Vattenmelon Hubba Bubba<\/p>\n<p>6. Grape Gummy Bear &amp; Strawberry Gummy Bear<\/p>\n<p>7.Surt \u00e4pple &amp; Juicy Peach<\/p>\n<p>8.Fanta &amp; Cola Ice<\/p>\n<p>9.Gummy Bear &amp; K\u00e4glor<\/p>\n<p>10.Cactus Ice &amp; Cactus Kiwi<\/p>\n<p>11.Peach Mango Vattenmelon &amp; Pina Colada<\/p>\n<p>12. Cherry Ice &amp; Blue Razz Cherry<\/p>\n<p>13. Cool Mint &amp; Watermelon Ice<\/p>\n<p>14.Citron Lime &amp; Jordgubbsvattenmelon<\/p>\n<p>15. Rosa lemonad &amp; surt godis<\/p>\n<p>16.Vimto &amp; Watermelon Bubblegum<\/p>\n<p>17. Bananais &amp; Black Dragon Ice<\/p>\n<p>18.Blue Razz Gummy Bear &amp; Blue Razz Ice Pop<\/p>\n<p>19.Ispop &amp; Kiwi Passionsfrukt Guava<\/p>\n<p>20.Strawberry Ice &amp; Huckleberry<\/p>\n<p>21.Blandade b\u00e4r &amp; Blue Razz Lemonade<\/p>\n<p>22. Red Bull Ice &amp; Blueberry Peach Ice<\/p>\n<p>23.Jordgubbskiwi &amp; bl\u00e5b\u00e4rssura hallon<\/p>\n<p>24.Cola Citron &amp; Ananas Citron Gr\u00f6nt \u00e4pple<img loading=\"lazy\" decoding=\"async\" class=\"alignnone wp-image-8386 size-full\" src=\"https:\/\/pgvape.com\/wp-content\/uploads\/2026\/01\/Fumot-ECO-2-in-1-50000-50K-Puffs-Double-Flavors-Disposable-Vape-2-3-5Nicotine-24Taste-Smart-Display-Screen-Vape-Factory-Wholesale.png\" alt=\"Rutn\u00e4t av f\u00e4rgglada ECO 2in1 50K vape-enheter i gradientkroppar med sm\u00e5 displayer och smaketiketter.\" width=\"1229\" height=\"1754\" srcset=\"https:\/\/pgvape.com\/wp-content\/uploads\/2026\/01\/Fumot-ECO-2-in-1-50000-50K-Puffs-Double-Flavors-Disposable-Vape-2-3-5Nicotine-24Taste-Smart-Display-Screen-Vape-Factory-Wholesale.png 1229w, https:\/\/pgvape.com\/wp-content\/uploads\/2026\/01\/Fumot-ECO-2-in-1-50000-50K-Puffs-Double-Flavors-Disposable-Vape-2-3-5Nicotine-24Taste-Smart-Display-Screen-Vape-Factory-Wholesale-252x360.png 252w, https:\/\/pgvape.com\/wp-content\/uploads\/2026\/01\/Fumot-ECO-2-in-1-50000-50K-Puffs-Double-Flavors-Disposable-Vape-2-3-5Nicotine-24Taste-Smart-Display-Screen-Vape-Factory-Wholesale-595x849.png 595w, https:\/\/pgvape.com\/wp-content\/uploads\/2026\/01\/Fumot-ECO-2-in-1-50000-50K-Puffs-Double-Flavors-Disposable-Vape-2-3-5Nicotine-24Taste-Smart-Display-Screen-Vape-Factory-Wholesale-280x400.png 280w, https:\/\/pgvape.com\/wp-content\/uploads\/2026\/01\/Fumot-ECO-2-in-1-50000-50K-Puffs-Double-Flavors-Disposable-Vape-2-3-5Nicotine-24Taste-Smart-Display-Screen-Vape-Factory-Wholesale-768x1096.png 768w, https:\/\/pgvape.com\/wp-content\/uploads\/2026\/01\/Fumot-ECO-2-in-1-50000-50K-Puffs-Double-Flavors-Disposable-Vape-2-3-5Nicotine-24Taste-Smart-Display-Screen-Vape-Factory-Wholesale-1076x1536.png 1076w, https:\/\/pgvape.com\/wp-content\/uploads\/2026\/01\/Fumot-ECO-2-in-1-50000-50K-Puffs-Double-Flavors-Disposable-Vape-2-3-5Nicotine-24Taste-Smart-Display-Screen-Vape-Factory-Wholesale-8x12.png 8w, https:\/\/pgvape.com\/wp-content\/uploads\/2026\/01\/Fumot-ECO-2-in-1-50000-50K-Puffs-Double-Flavors-Disposable-Vape-2-3-5Nicotine-24Taste-Smart-Display-Screen-Vape-Factory-Wholesale-600x856.png 600w\" sizes=\"auto, (max-width: 1229px) 100vw, 1229px\" \/><\/p>\n<p>&nbsp;<\/p>\n<h3><strong><span style=\"font-size: 90%;\">Fumot ECO 2in1 50000 50K Puffs Double Flavors Disposable Vape Video\uff1a<\/span><\/strong><\/h3>\n<p><iframe loading=\"lazy\" title=\"Fumot ECO 2in1 50000 50K Puffs Double Flavors Disponibel Vape Iridescent Glow Vape Factory Grossist\" width=\"1020\" height=\"574\" src=\"https:\/\/www.youtube.com\/embed\/kVNLWrUJ9Ps?feature=oembed\" frameborder=\"0\" allow=\"accelerometer; autoplay; clipboard-write; encrypted-media; gyroscope; picture-in-picture; web-share\" referrerpolicy=\"strict-origin-when-cross-origin\" allowfullscreen><\/iframe><\/p>\n<p>&nbsp;<\/p>\n<h2><strong><span style=\"font-size: 90%;\">Vanliga fr\u00e5gor om Fumot ECO 2in1 50000 50K Puffs Double Flavours Disposable Vape<\/span><\/strong><\/h2>\n<p>\u2753 <strong class=\"\">Hur m\u00e5nga bloss per enhet?<\/strong><br \/>\n\u2705 Fabriksklassad <strong>50 000 bloss<\/strong>\u2014 veckors daglig anv\u00e4ndning.<\/p>\n<p>\u2753 <strong>Hur byter jag smak?<\/strong><br \/>\n\u2705 <strong>2-i-1 dubbelkammare<\/strong>-byta mellan <strong>tv\u00e5 f\u00f6rfyllda smaker<\/strong> omedelbart.<\/p>\n<p>\u2753 <strong>\u00c4r den uppladdningsbar?<\/strong><br \/>\n\u2705 <strong>950 mAh<\/strong> batteri + <strong>Typ-C<\/strong> port; full laddning p\u00e5 ~30 min.<\/p>\n<p>\u2753 <strong>Vilka nikotinstyrkor erbjuds?<\/strong><br \/>\n\u2705 <strong>2 %, 3 %, 5 %<\/strong>\u2014 v\u00e4lj smidig, balanserad eller stark.<\/p>\n<p>\u2753 <strong>Hur f\u00f6rblir smaken rik?<\/strong><br \/>\n\u2705 <strong>0,9 \u03a9 mesh spole<\/strong> v\u00e4rmer j\u00e4mnt f\u00f6r silkeslena, t\u00e4ta moln.<\/p>\n<p>\u2753 <strong>Hur \u00f6vervakar jag status?<\/strong><br \/>\n\u2705 <strong>Smart display<\/strong> visar batteri och aktiv kammare.<\/p>\n<p>\u2753 <strong>Ser det premium ut p\u00e5 hyllan?<\/strong><br \/>\n\u2705 <strong>Iriserande dynamiskt ljus<\/strong> skapar en h\u00e4pnadsv\u00e4ckande gl\u00f6d.<\/p>\n<p>\u2753 <strong>Butiksf\u00e4rdig f\u00f6rpackning?<\/strong><br \/>\n\u2705 <strong>5 st\/kartong<\/strong>\u2014 kompakt display, idealisk f\u00f6r bulkbest\u00e4llningar.<\/p>\n<p>&nbsp;<\/p>\n<h3 id=\"brxe-najhln\" class=\"brxe-heading\">Vanliga fr\u00e5gor (FAQ)<\/h3>\n<div id=\"brxe-rajiac\" class=\"brxe-text\">\n<p><strong>F: Vilka betalningsmetoder accepterar du?<\/strong><br \/>\nS: Vi accepterar PayPal, Stripe, bank\u00f6verf\u00f6ringar (st\u00f6ds med SEPA), vanliga kreditkort (Visa, MasterCard, American Express) och betalningar i kryptovaluta.<\/p>\n<p><strong>F: Hur l\u00e5ng tid tar best\u00e4llningsberedningen?<\/strong><br \/>\nS: Best\u00e4llningsf\u00f6rberedelse tar 1-3 arbetsdagar.<\/p>\n<p><strong>F: Vad \u00e4r leveranstiden?<\/strong><br \/>\nS: Leveranstiden \u00e4r 7-14 arbetsdagar, beroende p\u00e5 var du befinner dig. Varor som skickas fr\u00e5n europeiska lager tar vanligtvis 3-6 arbetsdagar f\u00f6r leverans.<\/p>\n<p><strong>F: Hur kan jag sp\u00e5ra min best\u00e4llning?<\/strong><br \/>\nS: Efter leverans kommer du att f\u00e5 ett bekr\u00e4ftelsemail med ett sp\u00e5rningsnummer f\u00f6r sp\u00e5rning i realtid.<\/p>\n<p><strong>F: Vilken \u00e4r din returpolicy?<\/strong><br \/>\nS: Vi erbjuder en 30-dagars returpolicy f\u00f6r \u00e5terbetalningar eller byten. .<\/p>\n<p><strong>F: Kommer det att finnas n\u00e5gra tullproblem?<br \/>\n<\/strong>Vi hanterar alla tullf\u00f6rfaranden f\u00f6r att s\u00e4kerst\u00e4lla en problemfri upplevelse f\u00f6r dig. .<\/p>\n<p><strong>F: Vilka frakts\u00e4tt anv\u00e4nds?<\/strong><br \/>\nVi samarbetar med UPS\/DHL\/FEDEX\/DPD, etc. Vi kommer att v\u00e4lja l\u00e4mpligt fraktalternativ beroende p\u00e5 leveransland f\u00f6r att s\u00e4kerst\u00e4lla att du f\u00e5r dina produkter s\u00e5 snabbt som m\u00f6jligt.<\/p>\n<p><a href=\"https:\/\/pgvape.com\/sv\/vanliga-fragor\/\">Klicka h\u00e4r f\u00f6r mer FAQ<\/a><\/p>\n<p>K\u00e4ra kunder, Om du har n\u00e5gra fr\u00e5gor om din best\u00e4llning eller ankomsten av varor, v\u00e4nligen kontakta v\u00e5r kundtj\u00e4nst. Tack!<\/p>\n<h3 data-sourcepos=\"73:1-73:21\"><strong data-sourcepos=\"73:7-73:21\">Kontakta oss<\/strong><\/h3>\n<div id=\"text-2419739398\" class=\"text\">\n<p><strong data-sourcepos=\"75:3-75:12\">E-post<\/strong>:\u00a0<a href=\"mailto:support@pgvape.com\"><strong>support@pgvape.com<\/strong><\/a><\/p>\n<p><strong data-sourcepos=\"76:3-76:15\">WhatsApp<\/strong>:\u00a0<a href=\"https:\/\/wa.me\/+8618128481258\"><strong>+86 18128481258<\/strong><\/a><br \/>\n<strong>(Svara inom 24 timmar p\u00e5 arbetsdagar)<\/strong><\/p>\n<\/div>\n<h3><strong>Tack f\u00f6r att du valde pgvape.com! .<\/strong><\/h3>\n<\/div>","protected":false},"excerpt":{"rendered":"<p><strong>Fumot ECO 2-i-1 50K<\/strong>\u2014<strong>50K puffar<\/strong>, <strong>dubbla 10 ml<\/strong>, <strong>0,9 \u03a9 mesh<\/strong>, <strong>smart display<\/strong>, <strong>iriserande gl\u00f6d<\/strong>, <strong>2-5 % nic<\/strong>.<strong>V\u00e4nd smaker, t\u00e4nd upp, vape i veckor.<\/strong><\/p>","protected":false},"featured_media":8360,"comment_status":"open","ping_status":"closed","template":"","meta":{"_seopress_robots_primary_cat":"none","_seopress_titles_title":"","_seopress_titles_desc":"","_seopress_robots_index":""},"product_brand":[516,162],"product_cat":[61,515,26],"product_tag":[370,545,90,278,544,546,217],"class_list":{"0":"post-8357","1":"product","2":"type-product","3":"status-publish","4":"has-post-thumbnail","6":"product_brand-disposable-vape","7":"product_brand-fumot-vape","8":"product_cat-50k-puffs-vape","9":"product_cat-disposable-vape","10":"product_cat-fumot-vape","11":"product_tag-150k-puffs-vape","12":"product_tag-2in1","13":"product_tag-disposable-vape","14":"product_tag-double-flavors","15":"product_tag-fumot-eco","16":"product_tag-iridescent-glow","17":"product_tag-smart-display-screen","19":"first","20":"instock","21":"sale","22":"shipping-taxable","23":"purchasable","24":"product-type-variable"},"_links":{"self":[{"href":"https:\/\/pgvape.com\/sv\/wp-json\/wp\/v2\/product\/8357","targetHints":{"allow":["GET"]}}],"collection":[{"href":"https:\/\/pgvape.com\/sv\/wp-json\/wp\/v2\/product"}],"about":[{"href":"https:\/\/pgvape.com\/sv\/wp-json\/wp\/v2\/types\/product"}],"replies":[{"embeddable":true,"href":"https:\/\/pgvape.com\/sv\/wp-json\/wp\/v2\/comments?post=8357"}],"wp:featuredmedia":[{"embeddable":true,"href":"https:\/\/pgvape.com\/sv\/wp-json\/wp\/v2\/media\/8360"}],"wp:attachment":[{"href":"https:\/\/pgvape.com\/sv\/wp-json\/wp\/v2\/media?parent=8357"}],"wp:term":[{"taxonomy":"product_brand","embeddable":true,"href":"https:\/\/pgvape.com\/sv\/wp-json\/wp\/v2\/product_brand?post=8357"},{"taxonomy":"product_cat","embeddable":true,"href":"https:\/\/pgvape.com\/sv\/wp-json\/wp\/v2\/product_cat?post=8357"},{"taxonomy":"product_tag","embeddable":true,"href":"https:\/\/pgvape.com\/sv\/wp-json\/wp\/v2\/product_tag?post=8357"}],"curies":[{"name":"wp","href":"https:\/\/api.w.org\/{rel}","templated":true}]}}