{"id":8139,"date":"2025-12-23T13:22:00","date_gmt":"2025-12-23T13:22:00","guid":{"rendered":"https:\/\/pgvape.com\/?post_type=product&#038;p=8139"},"modified":"2026-03-15T13:41:59","modified_gmt":"2026-03-15T13:41:59","slug":"vopk-btc-35000-35k-puffs-dual-mode-disponibel-vape-justerbar-luftflode-effekt-5nikotin-10taste-360-bojd-skarm-vape-fabrik-grossist","status":"publish","type":"product","link":"https:\/\/pgvape.com\/sv\/produkt\/vopk-btc-35000-35k-puffs-dual-mode-disponibel-vape-justerbar-luftflode-effekt-5nikotin-10taste-360-bojd-skarm-vape-fabrik-grossist\/","title":{"rendered":"VOPK BTC 35000 35K Puffs Dual Mode Disponibel Vape Justerbar Luftfl\u00f6de Power 5%Nikotin 10Taste 360\u00b0 B\u00f6jd Sk\u00e4rm Vape Fabriksgrossist"},"content":{"rendered":"<p><strong data-sourcepos=\"4:46-4:62\">VOPK BTC 35K<\/strong>\u2014 en h\u00f6gpresterande eng\u00e5ngsvape designad f\u00f6r att ge exceptionell smak och l\u00e5ng livsl\u00e4ngd. <strong data-sourcepos=\"4:174-4:197\">0,8\u03a9 dual mesh spole<\/strong> och en betydande <strong data-sourcepos=\"4:216-4:233\">22 ml e-v\u00e4tska<\/strong> kapacitet, det erbjuder en imponerande <strong data-sourcepos=\"4:268-4:284\">35 000 bloss<\/strong> av konsekvent j\u00e4mn \u00e5nga.<strong data-sourcepos=\"4:339-4:390\">galvanisering, metallf\u00e4rg och UV-utskrift<\/strong>\u2014 kombinerar f\u00f6rstklassig estetik med smart funktionalitet, inklusive en <strong data-sourcepos=\"4:458-4:498\">intelligent 360-graders b\u00f6jd sk\u00e4rm<\/strong> och justerbara effektinst\u00e4llningar. .<img loading=\"lazy\" decoding=\"async\" class=\"alignnone wp-image-8165 size-full\" src=\"https:\/\/pgvape.com\/wp-content\/uploads\/2025\/12\/VOPK-BTC-35000-35K-Puffs-Disposable-Vape-Adjustable-Airflow-Power-5Nicotine-10Taste-Full-Screen-Display-Vape-Factory-Wholesale-12.png\" alt=\"VOPK BTC 35K eng\u00e5ngsvape med rymdtema med rosa och bl\u00e5 kapslar bredvid ett Bitcoin-mynt, som visar l\u00e4gen Boost och Norm.\" width=\"1200\" height=\"686\" srcset=\"https:\/\/pgvape.com\/wp-content\/uploads\/2025\/12\/VOPK-BTC-35000-35K-Puffs-Disposable-Vape-Adjustable-Airflow-Power-5Nicotine-10Taste-Full-Screen-Display-Vape-Factory-Wholesale-12.png 1200w, https:\/\/pgvape.com\/wp-content\/uploads\/2025\/12\/VOPK-BTC-35000-35K-Puffs-Disposable-Vape-Adjustable-Airflow-Power-5Nicotine-10Taste-Full-Screen-Display-Vape-Factory-Wholesale-12-555x317.png 555w, https:\/\/pgvape.com\/wp-content\/uploads\/2025\/12\/VOPK-BTC-35000-35K-Puffs-Disposable-Vape-Adjustable-Airflow-Power-5Nicotine-10Taste-Full-Screen-Display-Vape-Factory-Wholesale-12-595x340.png 595w, https:\/\/pgvape.com\/wp-content\/uploads\/2025\/12\/VOPK-BTC-35000-35K-Puffs-Disposable-Vape-Adjustable-Airflow-Power-5Nicotine-10Taste-Full-Screen-Display-Vape-Factory-Wholesale-12-400x229.png 400w, https:\/\/pgvape.com\/wp-content\/uploads\/2025\/12\/VOPK-BTC-35000-35K-Puffs-Disposable-Vape-Adjustable-Airflow-Power-5Nicotine-10Taste-Full-Screen-Display-Vape-Factory-Wholesale-12-768x439.png 768w, https:\/\/pgvape.com\/wp-content\/uploads\/2025\/12\/VOPK-BTC-35000-35K-Puffs-Disposable-Vape-Adjustable-Airflow-Power-5Nicotine-10Taste-Full-Screen-Display-Vape-Factory-Wholesale-12-18x10.png 18w, https:\/\/pgvape.com\/wp-content\/uploads\/2025\/12\/VOPK-BTC-35000-35K-Puffs-Disposable-Vape-Adjustable-Airflow-Power-5Nicotine-10Taste-Full-Screen-Display-Vape-Factory-Wholesale-12-600x343.png 600w\" sizes=\"auto, (max-width: 1200px) 100vw, 1200px\" \/><\/p>\n<p>&nbsp;<\/p>\n<h2><span style=\"font-size: 90%;\">VOPK BTC 35000 35K Puffs Dual Mode Disposable Vape Specifikationer:<\/span><\/h2>\n<p><strong data-sourcepos=\"9:6-9:29\">0,8\u03a9 Dual Mesh Coil<\/strong>\u00a0\u2013 Rich flavor and dense vapor production.<\/p>\n<p><strong data-sourcepos=\"10:7-10:43\">360-graders dynamisk b\u00f6jd sk\u00e4rm<\/strong>\u00a0\u2013 Intelligent batteri och e-liquid display med str\u00f6mbrytare.<\/p>\n<p><strong data-sourcepos=\"11:6-11:41\">850mAh Battery + USB-C Charging<\/strong>\u00a0\u2013 Laddningsbar f\u00f6r l\u00e5ngvarig anv\u00e4ndning.<\/p>\n<p><strong data-end=\"3669\" data-start=\"3655\">Puff Count \u2013 <\/strong>Upp till 35 000 (Norm) \/ 25 000 (Boost)<\/p>\n<p><strong data-sourcepos=\"13:6-13:32\">22 ml E-v\u00e4tskekapacitet<\/strong>\u00a0\u2013 F\u00f6rfylld med f\u00f6rstklassig blandad v\u00e4tska.<\/p>\n<p><strong data-sourcepos=\"14:7-14:37\">Justerbart luftfl\u00f6de och kraft<\/strong>\u00a0\u2013 Anpassa din dragning och \u00e5ngintensitet.<\/p>\n<p><strong data-sourcepos=\"15:5-15:23\">Premium finish<\/strong>\u00a0\u2013 Galvanisering, metallf\u00e4rg och UV-utskrift f\u00f6r ett raffinerat utseende och k\u00e4nsla.<\/p>\n<p>&nbsp;<\/p>\n<h3><span style=\"font-size: 90%;\">VOPK BTC 35000 35K Puffs Dual Mode Disposable Vape Flavor List:<\/span><\/h3>\n<p>1. Vattenmelon Is<\/p>\n<p>2.Blue Razz Ice<\/p>\n<p>3. Strawberry Burst<\/p>\n<p>4.Georgia Peach<\/p>\n<p>5.Passion Kiwi<\/p>\n<p>6. Orange Cranberry Lime Ice<\/p>\n<p>7. Cool Mint<\/p>\n<p>8.Sur Mango Ananas<\/p>\n<p>9.White Peach Hallon<\/p>\n<p>10. Banan Taffy Freeze<img loading=\"lazy\" decoding=\"async\" class=\"alignnone wp-image-8159 size-full\" src=\"https:\/\/pgvape.com\/wp-content\/uploads\/2025\/12\/VOPK-BTC-35000-35K-Puffs-Disposable-Vape-Adjustable-Airflow-Power-5Nicotine-10Taste-Full-Screen-Display-Vape-Factory-Wholesale-7.png\" alt=\"Tio f\u00e4rgglada vapeapparater f\u00f6r eng\u00e5ngsbruk p\u00e5 en neonupplyst display, var och en med en smaketikett Banana Taffy Freeze, Cool Mint, Peach.\" width=\"1500\" height=\"1342\" srcset=\"https:\/\/pgvape.com\/wp-content\/uploads\/2025\/12\/VOPK-BTC-35000-35K-Puffs-Disposable-Vape-Adjustable-Airflow-Power-5Nicotine-10Taste-Full-Screen-Display-Vape-Factory-Wholesale-7.png 1500w, https:\/\/pgvape.com\/wp-content\/uploads\/2025\/12\/VOPK-BTC-35000-35K-Puffs-Disposable-Vape-Adjustable-Airflow-Power-5Nicotine-10Taste-Full-Screen-Display-Vape-Factory-Wholesale-7-402x360.png 402w, https:\/\/pgvape.com\/wp-content\/uploads\/2025\/12\/VOPK-BTC-35000-35K-Puffs-Disposable-Vape-Adjustable-Airflow-Power-5Nicotine-10Taste-Full-Screen-Display-Vape-Factory-Wholesale-7-595x532.png 595w, https:\/\/pgvape.com\/wp-content\/uploads\/2025\/12\/VOPK-BTC-35000-35K-Puffs-Disposable-Vape-Adjustable-Airflow-Power-5Nicotine-10Taste-Full-Screen-Display-Vape-Factory-Wholesale-7-400x358.png 400w, https:\/\/pgvape.com\/wp-content\/uploads\/2025\/12\/VOPK-BTC-35000-35K-Puffs-Disposable-Vape-Adjustable-Airflow-Power-5Nicotine-10Taste-Full-Screen-Display-Vape-Factory-Wholesale-7-768x687.png 768w, https:\/\/pgvape.com\/wp-content\/uploads\/2025\/12\/VOPK-BTC-35000-35K-Puffs-Disposable-Vape-Adjustable-Airflow-Power-5Nicotine-10Taste-Full-Screen-Display-Vape-Factory-Wholesale-7-13x12.png 13w, https:\/\/pgvape.com\/wp-content\/uploads\/2025\/12\/VOPK-BTC-35000-35K-Puffs-Disposable-Vape-Adjustable-Airflow-Power-5Nicotine-10Taste-Full-Screen-Display-Vape-Factory-Wholesale-7-600x537.png 600w\" sizes=\"auto, (max-width: 1500px) 100vw, 1500px\" \/><\/p>\n<p>&nbsp;<\/p>\n<h3><span style=\"font-size: 90%;\">VOPK BTC 35000 35K Puffs Dual Mode Disposable Vape <strong>Video:<\/strong><\/span><\/h3>\n<p><iframe loading=\"lazy\" title=\"VOPK BTC 35K Puffs Dual Mode Disposable Vape Justerbart luftfl\u00f6de Power Vape Factory Grossist pgvape\" width=\"563\" height=\"1000\" src=\"https:\/\/www.youtube.com\/embed\/ZJqTt0qybLA?feature=oembed\" frameborder=\"0\" allow=\"accelerometer; autoplay; clipboard-write; encrypted-media; gyroscope; picture-in-picture; web-share\" referrerpolicy=\"strict-origin-when-cross-origin\" allowfullscreen><\/iframe><\/p>\n<p>&nbsp;<\/p>\n<h2><span style=\"font-size: 90%;\">Vanliga fr\u00e5gor om VOPK BTC 35000 35K Puffs Dual Mode Disposable Vape<\/span><\/h2>\n<p>\u2753 <strong>Hur m\u00e5nga bloss per enhet?<\/strong><br \/>\n\u2705 <strong>35 000 bloss<\/strong> i enkelfl\u00e4ktl\u00e4ge (25K dubbla fl\u00e4ktalternativ finns).<\/p>\n<p>\u2753 <strong>\u00c4r den uppladdningsbar?<\/strong><br \/>\n\u2705 <strong>850 mAh<\/strong> batteri + <strong>Typ-C<\/strong> port; full laddning p\u00e5 ~30 min.<\/p>\n<p>\u2753 <strong class=\"\">Kan jag justera effekt eller luftfl\u00f6de?<\/strong><br \/>\n\u2705 <strong>Justerbar kraft<\/strong> + <strong>nedre luftfl\u00f6desventilen<\/strong>\u2014skr\u00e4ddarsy tr\u00e4ffstyrka och drag.<\/p>\n<p>\u2753 <strong>Vilken spole finns inuti?<\/strong><br \/>\n\u2705 <strong>0,8 \u03a9 dual mesh spole<\/strong>\u2014 snabb v\u00e4rme, t\u00e4t smak.<\/p>\n<p>\u2753 <strong>Hur \u00f6vervakar jag batteri eller juice?<\/strong><br \/>\n\u2705 <strong>360\u00b0 b\u00f6jd sk\u00e4rm<\/strong> visar <strong>br\u00e4nsle<\/strong>, <strong>elektrisk<\/strong>, och <strong>str\u00f6ml\u00e4ge<\/strong> i realtid.<\/p>\n<p>\u2753 <strong>Inneh\u00e5ller den kiwismak?<\/strong><br \/>\n\u2705 <strong>Passion Kiwi<\/strong> \u00e4r signaturblandningen - tropisk, syrlig, sl\u00e4t.<\/p>\n<p>&nbsp;<\/p>\n<h3 id=\"brxe-najhln\" class=\"brxe-heading\">Vanliga fr\u00e5gor (FAQ)<\/h3>\n<div id=\"brxe-rajiac\" class=\"brxe-text\">\n<p><strong>F: Vilka betalningsmetoder accepterar du?<\/strong><br \/>\nS: Vi accepterar PayPal, Stripe, bank\u00f6verf\u00f6ringar (st\u00f6ds med SEPA), vanliga kreditkort (Visa, MasterCard, American Express) och betalningar i kryptovaluta.<\/p>\n<p><strong>F: Hur l\u00e5ng tid tar best\u00e4llningsberedningen?<\/strong><br \/>\nS: Best\u00e4llningsf\u00f6rberedelse tar 1-3 arbetsdagar.<\/p>\n<p><strong>F: Vad \u00e4r leveranstiden?<\/strong><br \/>\nS: Leveranstiden \u00e4r 7-14 arbetsdagar, beroende p\u00e5 var du befinner dig. Varor som skickas fr\u00e5n europeiska lager tar vanligtvis 3-6 arbetsdagar f\u00f6r leverans.<\/p>\n<p><strong>F: Hur kan jag sp\u00e5ra min best\u00e4llning?<\/strong><br \/>\nS: Efter leverans kommer du att f\u00e5 ett bekr\u00e4ftelsemail med ett sp\u00e5rningsnummer f\u00f6r sp\u00e5rning i realtid.<\/p>\n<p><strong>F: Vilken \u00e4r din returpolicy?<\/strong><br \/>\nS: Vi erbjuder en 30-dagars returpolicy f\u00f6r \u00e5terbetalningar eller byten. .<\/p>\n<p><strong>F: Kommer det att finnas n\u00e5gra tullproblem?<br \/>\n<\/strong>Vi hanterar alla tullf\u00f6rfaranden f\u00f6r att s\u00e4kerst\u00e4lla en problemfri upplevelse f\u00f6r dig. .<\/p>\n<p><strong>F: Vilka frakts\u00e4tt anv\u00e4nds?<\/strong><br \/>\nVi samarbetar med UPS\/DHL\/FEDEX\/DPD, etc. Vi kommer att v\u00e4lja l\u00e4mpligt fraktalternativ beroende p\u00e5 leveransland f\u00f6r att s\u00e4kerst\u00e4lla att du f\u00e5r dina produkter s\u00e5 snabbt som m\u00f6jligt.<\/p>\n<p><a href=\"https:\/\/pgvape.com\/sv\/vanliga-fragor\/\">Klicka h\u00e4r f\u00f6r mer FAQ<\/a><\/p>\n<p>K\u00e4ra kunder, Om du har n\u00e5gra fr\u00e5gor om din best\u00e4llning eller ankomsten av varor, v\u00e4nligen kontakta v\u00e5r kundtj\u00e4nst. Tack!<\/p>\n<h3 data-sourcepos=\"73:1-73:21\"><strong data-sourcepos=\"73:7-73:21\">Kontakta oss<\/strong><\/h3>\n<div id=\"text-2419739398\" class=\"text\">\n<p><strong data-sourcepos=\"75:3-75:12\">E-post<\/strong>:\u00a0<a href=\"mailto:support@pgvape.com\"><strong>support@pgvape.com<\/strong><\/a><\/p>\n<p><strong data-sourcepos=\"76:3-76:15\">WhatsApp<\/strong>:\u00a0<a href=\"https:\/\/wa.me\/+8618128481258\"><strong>+86 18128481258<\/strong><\/a><br \/>\n<strong>(Svara inom 24 timmar p\u00e5 arbetsdagar)<\/strong><\/p>\n<\/div>\n<h3><strong>Tack f\u00f6r att du valde pgvape.com! .<\/strong><\/h3>\n<\/div>","protected":false},"excerpt":{"rendered":"<p><strong>VOPK BTC 35K<\/strong>\u2014<strong>35K puffar<\/strong>, <strong>22ml mineralolja<\/strong>, <strong>0,8 \u03a9 dual-mesh<\/strong>, <strong>justerbar kraft och luftfl\u00f6de<\/strong>, <strong>360\u00b0 b\u00f6jd sk\u00e4rm<\/strong>.<strong>Vrid ventilen, \u00f6ka kraften, smaka p\u00e5 kiwin.<\/strong><\/p>","protected":false},"featured_media":8152,"comment_status":"open","ping_status":"closed","template":"","meta":{"_seopress_robots_primary_cat":"","_seopress_titles_title":"","_seopress_titles_desc":"","_seopress_robots_index":""},"product_brand":[516,218],"product_cat":[197,515,31],"product_tag":[342,537,536,90,415,535],"class_list":{"0":"post-8139","1":"product","2":"type-product","3":"status-publish","4":"has-post-thumbnail","6":"product_brand-disposable-vape","7":"product_brand-vopk-vape","8":"product_cat-35k-puffs-vape","9":"product_cat-disposable-vape","10":"product_cat-vopk-vape","11":"product_tag-35k-puffs-vape","12":"product_tag-360-curved-screen","13":"product_tag-adjustable-airflow-power","14":"product_tag-disposable-vape","15":"product_tag-dual-mode","16":"product_tag-vopk-btc-35000","18":"first","19":"instock","20":"sale","21":"shipping-taxable","22":"purchasable","23":"product-type-variable"},"_links":{"self":[{"href":"https:\/\/pgvape.com\/sv\/wp-json\/wp\/v2\/product\/8139","targetHints":{"allow":["GET"]}}],"collection":[{"href":"https:\/\/pgvape.com\/sv\/wp-json\/wp\/v2\/product"}],"about":[{"href":"https:\/\/pgvape.com\/sv\/wp-json\/wp\/v2\/types\/product"}],"replies":[{"embeddable":true,"href":"https:\/\/pgvape.com\/sv\/wp-json\/wp\/v2\/comments?post=8139"}],"wp:featuredmedia":[{"embeddable":true,"href":"https:\/\/pgvape.com\/sv\/wp-json\/wp\/v2\/media\/8152"}],"wp:attachment":[{"href":"https:\/\/pgvape.com\/sv\/wp-json\/wp\/v2\/media?parent=8139"}],"wp:term":[{"taxonomy":"product_brand","embeddable":true,"href":"https:\/\/pgvape.com\/sv\/wp-json\/wp\/v2\/product_brand?post=8139"},{"taxonomy":"product_cat","embeddable":true,"href":"https:\/\/pgvape.com\/sv\/wp-json\/wp\/v2\/product_cat?post=8139"},{"taxonomy":"product_tag","embeddable":true,"href":"https:\/\/pgvape.com\/sv\/wp-json\/wp\/v2\/product_tag?post=8139"}],"curies":[{"name":"wp","href":"https:\/\/api.w.org\/{rel}","templated":true}]}}