{"id":8084,"date":"2025-12-23T09:35:42","date_gmt":"2025-12-23T09:35:42","guid":{"rendered":"https:\/\/pgvape.com\/?post_type=product&#038;p=8084"},"modified":"2026-03-15T13:36:50","modified_gmt":"2026-03-15T13:36:50","slug":"airmez-fox-140000-140k-puffar-6-i-1-smaker-engangs-vape-roterande-smak-pod-system-0-2-3-5-nikotin-10taste-led-dispaly-vape-fabrik-grossist","status":"publish","type":"product","link":"https:\/\/pgvape.com\/sv\/produkt\/airmez-fox-140000-140k-puffar-6-i-1-smaker-engangs-vape-roterande-smak-pod-system-0-2-3-5-nikotin-10taste-led-dispaly-vape-fabrik-grossist\/","title":{"rendered":"Airmez FOX 140000 140K Puffar 6 I 1 Smaker Disponibel Vape Roterande Flavor Pod System 0% 2% 3% 5% Nikotin 10Taste LED Dispaly Vape Factory Grossist"},"content":{"rendered":"<p><strong data-sourcepos=\"6:10-6:31\">Airmez Fox 6-i-1<\/strong> \u2014 ett verkligt kraftpaket inom eng\u00e5ngsvaping, konstruerad f\u00f6r l\u00e5ng livsl\u00e4ngd, smakvariation och smart kontroll. <strong data-sourcepos=\"6:157-6:173\">140 000 puff<\/strong> kapacitet och en innovativ <strong data-sourcepos=\"6:201-6:224\">roterande munstycke<\/strong> som v\u00e4xlar mellan sex smakkapslar, den h\u00e4r enheten ger exceptionellt v\u00e4rde och bekv\u00e4mlighet. <strong data-sourcepos=\"6:426-6:449\">15 ml e-v\u00e4tsketankar<\/strong> (45 ml totalt) s\u00e4kerst\u00e4ller konsekvent prestanda i veckor i str\u00e4ck.<\/p>\n<p>&nbsp;<\/p>\n<h2><span style=\"font-size: 90%;\">Airmez FOX 140000 140K puffar 6 IN 1 smaker disponibel vape <\/span>Specifikationer:<\/h2>\n<p><strong data-sourcepos=\"13:6-13:33\">6 smaker i en enhet<\/strong>\u00a0\u2013 V\u00e4xla s\u00f6ml\u00f6st mellan flera smakkapslar med en vridning av munstycket.<\/p>\n<p><strong data-sourcepos=\"14:7-14:30\">Helsk\u00e4rm<\/strong>\u00a0\u2013 Se batteritid, antal bloss och aktiv smak med en blick.<\/p>\n<p><strong data-sourcepos=\"15:6-15:41\">650mAh batteri + USB-C laddning<\/strong>\u00a0\u2013 Quick top-ups, reliable all-day power.<\/p>\n<p><strong data-sourcepos=\"16:6-16:29\">45 ml totalt E-v\u00e4tska<\/strong>\u00a0\u2013 Three refillable 15mL pods deliver extended use.<\/p>\n<p><strong data-sourcepos=\"17:6-17:24\">1,0\u03a9 Mesh Coil<\/strong>\u00a0\u2013 J\u00e4mn, fyllig \u00e5nga och konsekvent smakfrig\u00f6ring.<\/p>\n<p><strong data-sourcepos=\"18:6-18:41\">10 smakkollektioner tillg\u00e4ngliga<\/strong>\u00a0\u2013 Expertblandade fruktblandningar f\u00f6r varje smak.<\/p>\n<p><strong data-sourcepos=\"19:6-19:23\">140 000 puffar<\/strong>\u00a0\u2013 Exceptionell livsl\u00e4ngd f\u00f6r den l\u00e5ngsiktiga vapern.<\/p>\n<p><strong data-sourcepos=\"20:6-20:28\">Kompakt &amp; b\u00e4rbar<\/strong>\u00a0\u2013 L\u00e4tt, ergonomisk design perfekt f\u00f6r anv\u00e4ndning p\u00e5 spr\u00e5ng.<\/p>\n<p>&nbsp;<\/p>\n<h3><span style=\"font-size: 90%;\">Airmez FOX 140000 140K puffar 6 IN 1 smaker disponibel vape <\/span>Smaklista:<\/h3>\n<p>1.Cherry &amp; Cola Ice &amp; Mango Ice<\/p>\n<p>2. Dragonfruit Ice &amp; Fruity Fusion &amp; Raspberry Watermelon<\/p>\n<p>3.Love 66 &amp; Berry Lemonade &amp; Fizzy Cherry<\/p>\n<p>4.Blandade b\u00e4r &amp; Blue Razz Lemonade &amp; k\u00f6rsb\u00e4rsb\u00e4r<\/p>\n<p>5.Love 66 &amp; Strawberry Kiwi &amp; Peach Mango<\/p>\n<p>6.Peach Ice &amp; Mango Ice &amp; Dr Blue<\/p>\n<p>7.Strawberry Banana &amp; Vimto &amp; Blueberry Cherry Cranberry<\/p>\n<p>8. Strawberry Ice &amp; Pink Lemonade &amp; Bingo Crush<\/p>\n<p>9. Strawberry Watermelon &amp; Triple Melon &amp; Blue Razz Ice<\/p>\n<p>10. Watermelon Ice &amp; Bingo Crush &amp; Mixed Berries<\/p>\n<p data-sourcepos=\"52:1-52:120\"><em data-sourcepos=\"52:1-52:120\">(Varje set inneh\u00e5ller tre smakkapslar, som var och en inneh\u00e5ller tv\u00e5 distinkta smaker \u2013 totalt sex smakalternativ per enhet.)<img loading=\"lazy\" decoding=\"async\" class=\"alignnone wp-image-8100 size-full\" src=\"https:\/\/pgvape.com\/wp-content\/uploads\/2025\/12\/Airmez-FOX-140000-140K-Puffs-6-IN-1-Flavors-Disposable-Vape-0-2-3-5-Nicotine-10Taste-LED-Dispaly-Vape-Factory-Wholesale-14.png\" alt=\"Klargul banderoll med Airmez FOX 6-i-1 eng\u00e5ngsvapeflaskor i pastellf\u00e4rger uppradade, med diagram f\u00f6r smakl\u00e4ge till v\u00e4nster.\" width=\"2000\" height=\"624\" srcset=\"https:\/\/pgvape.com\/wp-content\/uploads\/2025\/12\/Airmez-FOX-140000-140K-Puffs-6-IN-1-Flavors-Disposable-Vape-0-2-3-5-Nicotine-10Taste-LED-Dispaly-Vape-Factory-Wholesale-14.png 2000w, https:\/\/pgvape.com\/wp-content\/uploads\/2025\/12\/Airmez-FOX-140000-140K-Puffs-6-IN-1-Flavors-Disposable-Vape-0-2-3-5-Nicotine-10Taste-LED-Dispaly-Vape-Factory-Wholesale-14-555x173.png 555w, https:\/\/pgvape.com\/wp-content\/uploads\/2025\/12\/Airmez-FOX-140000-140K-Puffs-6-IN-1-Flavors-Disposable-Vape-0-2-3-5-Nicotine-10Taste-LED-Dispaly-Vape-Factory-Wholesale-14-595x186.png 595w, https:\/\/pgvape.com\/wp-content\/uploads\/2025\/12\/Airmez-FOX-140000-140K-Puffs-6-IN-1-Flavors-Disposable-Vape-0-2-3-5-Nicotine-10Taste-LED-Dispaly-Vape-Factory-Wholesale-14-400x125.png 400w, https:\/\/pgvape.com\/wp-content\/uploads\/2025\/12\/Airmez-FOX-140000-140K-Puffs-6-IN-1-Flavors-Disposable-Vape-0-2-3-5-Nicotine-10Taste-LED-Dispaly-Vape-Factory-Wholesale-14-768x240.png 768w, https:\/\/pgvape.com\/wp-content\/uploads\/2025\/12\/Airmez-FOX-140000-140K-Puffs-6-IN-1-Flavors-Disposable-Vape-0-2-3-5-Nicotine-10Taste-LED-Dispaly-Vape-Factory-Wholesale-14-1536x479.png 1536w, https:\/\/pgvape.com\/wp-content\/uploads\/2025\/12\/Airmez-FOX-140000-140K-Puffs-6-IN-1-Flavors-Disposable-Vape-0-2-3-5-Nicotine-10Taste-LED-Dispaly-Vape-Factory-Wholesale-14-18x6.png 18w, https:\/\/pgvape.com\/wp-content\/uploads\/2025\/12\/Airmez-FOX-140000-140K-Puffs-6-IN-1-Flavors-Disposable-Vape-0-2-3-5-Nicotine-10Taste-LED-Dispaly-Vape-Factory-Wholesale-14-600x187.png 600w\" sizes=\"auto, (max-width: 2000px) 100vw, 2000px\" \/><\/em><\/p>\n<p>&nbsp;<\/p>\n<h3><span style=\"font-size: 90%;\">Airmez FOX 140000 140K puffar 6 IN 1 smaker disponibel vape <strong>Video:<\/strong><\/span><\/h3>\n<p><iframe loading=\"lazy\" title=\"Airmez FOX 140K Puffar 6 IN 1 Smaker Disponibel Vape LED Dispaly Vape Factory Grossist pgvape\" width=\"1020\" height=\"574\" src=\"https:\/\/www.youtube.com\/embed\/1pZDOi-C2qM?feature=oembed\" frameborder=\"0\" allow=\"accelerometer; autoplay; clipboard-write; encrypted-media; gyroscope; picture-in-picture; web-share\" referrerpolicy=\"strict-origin-when-cross-origin\" allowfullscreen><\/iframe><\/p>\n<p>&nbsp;<\/p>\n<h2><span style=\"font-size: 90%;\">Vanliga fr\u00e5gor om Airmez FOX 140000 140K Puffs 6 IN 1 Flavors Disponibel Vape<\/span><\/h2>\n<p>\u2753 <strong class=\"\">Hur m\u00e5nga bloss per enhet?<\/strong><br \/>\n\u2705 Fabriksklassad <strong>140 000 bloss<\/strong>\u2013 m\u00e5nader av daglig vaping.<\/p>\n<p>\u2753 <strong class=\"\">Hur \u00e4ndrar jag smaker?<\/strong><br \/>\n\u2705 <strong class=\"\">Vrid munstycket<\/strong>\u2014v\u00e4xla omedelbart mellan <strong>sex f\u00f6rfyllda blandningar<\/strong>.<\/p>\n<p>\u2753 <strong>\u00c4r den uppladdningsbar?<\/strong><br \/>\n\u2705 <strong class=\"\">650 mAh<\/strong> batteri + <strong>Typ-C<\/strong> port; full laddning p\u00e5 ~30 min.<\/p>\n<p>\u2753 <strong class=\"\">Vilka nikotinstyrkor erbjuds?<\/strong><br \/>\n\u2705 <strong>2 %, 3 %, 5 %<\/strong> nic-salt \u2013 v\u00e4lj i kassan.<\/p>\n<p>\u2753 <strong>Hur \u00f6vervakar jag batteri eller juice?<\/strong><br \/>\n\u2705 <strong>Stor LED-display<\/strong> visar <strong>batteri<\/strong>, <strong class=\"\">blossr\u00e4kning<\/strong> och <strong>aktiv smak<\/strong>.<\/p>\n<p>\u2753 <strong class=\"\">L\u00e4cker enheten?<\/strong><br \/>\n\u2705 <strong class=\"\">Oberoende f\u00f6rseglade tankar<\/strong>\u2014 inget korssmakl\u00e4ckage.<\/p>\n<p>&nbsp;<\/p>\n<h3 id=\"brxe-najhln\" class=\"brxe-heading\">Vanliga fr\u00e5gor (FAQ)<\/h3>\n<div id=\"brxe-rajiac\" class=\"brxe-text\">\n<p><strong>F: Vilka betalningsmetoder accepterar du?<\/strong><br \/>\nS: Vi accepterar PayPal, Stripe, bank\u00f6verf\u00f6ringar (st\u00f6ds med SEPA), vanliga kreditkort (Visa, MasterCard, American Express) och betalningar i kryptovaluta.<\/p>\n<p><strong>F: Hur l\u00e5ng tid tar best\u00e4llningsberedningen?<\/strong><br \/>\nS: Best\u00e4llningsf\u00f6rberedelse tar 1-3 arbetsdagar.<\/p>\n<p><strong>F: Vad \u00e4r leveranstiden?<\/strong><br \/>\nS: Leveranstiden \u00e4r 7-14 arbetsdagar, beroende p\u00e5 var du befinner dig. Varor som skickas fr\u00e5n europeiska lager tar vanligtvis 3-6 arbetsdagar f\u00f6r leverans.<\/p>\n<p><strong>F: Hur kan jag sp\u00e5ra min best\u00e4llning?<\/strong><br \/>\nS: Efter leverans kommer du att f\u00e5 ett bekr\u00e4ftelsemail med ett sp\u00e5rningsnummer f\u00f6r sp\u00e5rning i realtid.<\/p>\n<p><strong>F: Vilken \u00e4r din returpolicy?<\/strong><br \/>\nS: Vi erbjuder en 30-dagars returpolicy f\u00f6r \u00e5terbetalningar eller byten. .<\/p>\n<p><strong>F: Kommer det att finnas n\u00e5gra tullproblem?<br \/>\n<\/strong>Vi hanterar alla tullf\u00f6rfaranden f\u00f6r att s\u00e4kerst\u00e4lla en problemfri upplevelse f\u00f6r dig. .<\/p>\n<p><strong>F: Vilka frakts\u00e4tt anv\u00e4nds?<\/strong><br \/>\nVi samarbetar med UPS\/DHL\/FEDEX\/DPD, etc. Vi kommer att v\u00e4lja l\u00e4mpligt fraktalternativ beroende p\u00e5 leveransland f\u00f6r att s\u00e4kerst\u00e4lla att du f\u00e5r dina produkter s\u00e5 snabbt som m\u00f6jligt.<\/p>\n<p><a href=\"https:\/\/pgvape.com\/sv\/vanliga-fragor\/\">Klicka h\u00e4r f\u00f6r mer FAQ<\/a><\/p>\n<p>K\u00e4ra kunder, Om du har n\u00e5gra fr\u00e5gor om din best\u00e4llning eller ankomsten av varor, v\u00e4nligen kontakta v\u00e5r kundtj\u00e4nst. Tack!<\/p>\n<h3 data-sourcepos=\"73:1-73:21\"><strong data-sourcepos=\"73:7-73:21\">Kontakta oss<\/strong><\/h3>\n<div id=\"text-2419739398\" class=\"text\">\n<p><strong data-sourcepos=\"75:3-75:12\">E-post<\/strong>:\u00a0<a href=\"mailto:support@pgvape.com\"><strong>support@pgvape.com<\/strong><\/a><\/p>\n<p><strong data-sourcepos=\"76:3-76:15\">WhatsApp<\/strong>:\u00a0<a href=\"https:\/\/wa.me\/+8618128481258\"><strong>+86 18128481258<\/strong><\/a><br \/>\n<strong>(Svara inom 24 timmar p\u00e5 arbetsdagar)<\/strong><\/p>\n<\/div>\n<h3><strong>Tack f\u00f6r att du valde pgvape.com! .<\/strong><\/h3>\n<\/div>","protected":false},"excerpt":{"rendered":"<p><strong>Airmez Fox<\/strong>\u2014<strong>140K bloss<\/strong>, <strong>45 ml<\/strong>, <strong>6-i-1 twist<\/strong>, <strong>mesh spole<\/strong>, <strong>Typ-C<\/strong>, <strong>LED display<\/strong>.<strong>Rotera en g\u00e5ng, vape sex v\u00e4gar, varar i m\u00e5nader.<\/strong><\/p>","protected":false},"featured_media":8087,"comment_status":"open","ping_status":"closed","template":"","meta":{"_seopress_robots_primary_cat":"","_seopress_titles_title":"","_seopress_titles_desc":"","_seopress_robots_index":""},"product_brand":[154,516],"product_cat":[529,155,515],"product_tag":[531,253,530,90,532],"class_list":{"0":"post-8084","1":"product","2":"type-product","3":"status-publish","4":"has-post-thumbnail","6":"product_brand-airmez-fox-vape","7":"product_brand-disposable-vape","8":"product_cat-140k-puffs-vape","9":"product_cat-airmez-fox-vape","10":"product_cat-disposable-vape","11":"product_tag-140k-puffs-vape","12":"product_tag-6-in-1-flavors","13":"product_tag-airmez-fox-140000","14":"product_tag-disposable-vape","15":"product_tag-rotating-flavor-pod-system","17":"first","18":"instock","19":"sale","20":"shipping-taxable","21":"purchasable","22":"product-type-variable"},"_links":{"self":[{"href":"https:\/\/pgvape.com\/sv\/wp-json\/wp\/v2\/product\/8084","targetHints":{"allow":["GET"]}}],"collection":[{"href":"https:\/\/pgvape.com\/sv\/wp-json\/wp\/v2\/product"}],"about":[{"href":"https:\/\/pgvape.com\/sv\/wp-json\/wp\/v2\/types\/product"}],"replies":[{"embeddable":true,"href":"https:\/\/pgvape.com\/sv\/wp-json\/wp\/v2\/comments?post=8084"}],"wp:featuredmedia":[{"embeddable":true,"href":"https:\/\/pgvape.com\/sv\/wp-json\/wp\/v2\/media\/8087"}],"wp:attachment":[{"href":"https:\/\/pgvape.com\/sv\/wp-json\/wp\/v2\/media?parent=8084"}],"wp:term":[{"taxonomy":"product_brand","embeddable":true,"href":"https:\/\/pgvape.com\/sv\/wp-json\/wp\/v2\/product_brand?post=8084"},{"taxonomy":"product_cat","embeddable":true,"href":"https:\/\/pgvape.com\/sv\/wp-json\/wp\/v2\/product_cat?post=8084"},{"taxonomy":"product_tag","embeddable":true,"href":"https:\/\/pgvape.com\/sv\/wp-json\/wp\/v2\/product_tag?post=8084"}],"curies":[{"name":"wp","href":"https:\/\/api.w.org\/{rel}","templated":true}]}}