{"id":7965,"date":"2025-12-19T10:44:48","date_gmt":"2025-12-19T10:44:48","guid":{"rendered":"https:\/\/pgvape.com\/?post_type=product&#038;p=7965"},"modified":"2026-03-15T13:36:50","modified_gmt":"2026-03-15T13:36:50","slug":"bang-legend-geek-60000-60k-puffs-disponibel-vape-justerbart-luftflode-turbo-lage-0-5-nikotin-12-smaker-smart-skarm-vape-fabrik-grossist","status":"publish","type":"product","link":"https:\/\/pgvape.com\/sv\/produkt\/bang-legend-geek-60000-60k-puffs-disponibel-vape-justerbart-luftflode-turbo-lage-0-5-nikotin-12-smaker-smart-skarm-vape-fabrik-grossist\/","title":{"rendered":"Bang Legend Geek 60000 60K Puffs Disponibel Vape Justerbar Luftfl\u00f6de &amp; Turbo Mode 0%\u20135% Nikotin 12Tastes Smart Screen Vape Fabriksgrossist"},"content":{"rendered":"<p>Bang Legend Geek 60000 60K Puffs Disponibel\u00a0<strong>Vape<\/strong>\u00a0\u00e4r konstruerad f\u00f6r vapers som str\u00e4var efter maximal prestanda och anpassning.\u00a0<strong>mesh spole<\/strong>\u00a0garanterar mjuk \u00e5nga och rik, konsekvent smak.\u00a0<strong>e-v\u00e4tska<\/strong>\u00a0f\u00f6nster, plus 12 utvalda smaker, balanserar denna enhet daglig njutning med l\u00e5ngsiktigt v\u00e4rde, allt inrymt i en kompakt, ergonomisk kropp idealisk f\u00f6r anv\u00e4ndning p\u00e5 spr\u00e5ng.<\/p>\n<p>&nbsp;<\/p>\n<h2><span style=\"font-size: 90%;\">Specifikationer f\u00f6r Bang Legend Geek 60000 60K Puffs Disposable Vape<\/span><\/h2>\n<p><strong>Puffar<\/strong>: Upp till <strong class=\"\">60,000<\/strong><\/p>\n<p><strong>E-v\u00e4tska<\/strong>: <strong>19 ml<\/strong> f\u00f6rfyllda<\/p>\n<p><strong>Nikotin<\/strong>: <strong class=\"\">2 %, 3 %, 5 %<\/strong> saltalternativ<\/p>\n<p><strong>Batteri<\/strong>: <strong>850 mAh<\/strong>, <strong>Typ-C<\/strong> snabbladdning<\/p>\n<p><strong>Spole<\/strong>: <strong class=\"\">1,0 \u03a9 mesh<\/strong><\/p>\n<p><strong>Luftfl\u00f6de<\/strong>: <strong class=\"\">Justerbar<\/strong> (tight \u2192 luftig)<\/p>\n<p><strong>L\u00e4ge<\/strong>: <strong class=\"\">Turbo<\/strong> krafth\u00f6jning<\/p>\n<p><strong>F\u00f6nster<\/strong>: <strong>Rensa<\/strong> juice tittare<\/p>\n<p>&nbsp;<\/p>\n<h3><span style=\"font-size: 90%;\">Bang Legend Geek 60000 60K Puffs Disposable Vape Flavor List<\/span><\/h3>\n<p>1. Jordgubbsvattenmelon<\/p>\n<p>2.Bl\u00e5b\u00e4ris<\/p>\n<p>3.Bl\u00e5b\u00e4rshallon<\/p>\n<p>4. Jordgubbskiwifrukt<\/p>\n<p>5. Jordgubbsbanan<\/p>\n<p>6. Grape Ice<\/p>\n<p>7. Jordgubbsmango<\/p>\n<p>8. Kiwi Passionsfrukt Guava<\/p>\n<p>9. Mamba<\/p>\n<p>10. K\u00e4rlek 66<\/p>\n<p>11.Blandade b\u00e4r<\/p>\n<p>12.Peach Ice<img loading=\"lazy\" decoding=\"async\" class=\"alignnone wp-image-7982 size-full\" src=\"https:\/\/pgvape.com\/wp-content\/uploads\/2025\/12\/Bang-Legend-Geek-60000-60K-Puffs-Disposable-Vape-Adjustable-Airflow-Turbo-Mode-0\u20135-Nicotine-12Tastes-Smart-Screen-Vape-Factory-Wholesale-2.png\" alt=\"Rader av Bang Legend vapeapparater f\u00f6r eng\u00e5ngsbruk i ljusa f\u00e4rger med smaketiketter, mot en neonlila bakgrund.\" width=\"1800\" height=\"900\" srcset=\"https:\/\/pgvape.com\/wp-content\/uploads\/2025\/12\/Bang-Legend-Geek-60000-60K-Puffs-Disposable-Vape-Adjustable-Airflow-Turbo-Mode-0\u20135-Nicotine-12Tastes-Smart-Screen-Vape-Factory-Wholesale-2.png 1800w, https:\/\/pgvape.com\/wp-content\/uploads\/2025\/12\/Bang-Legend-Geek-60000-60K-Puffs-Disposable-Vape-Adjustable-Airflow-Turbo-Mode-0\u20135-Nicotine-12Tastes-Smart-Screen-Vape-Factory-Wholesale-2-555x278.png 555w, https:\/\/pgvape.com\/wp-content\/uploads\/2025\/12\/Bang-Legend-Geek-60000-60K-Puffs-Disposable-Vape-Adjustable-Airflow-Turbo-Mode-0\u20135-Nicotine-12Tastes-Smart-Screen-Vape-Factory-Wholesale-2-595x298.png 595w, https:\/\/pgvape.com\/wp-content\/uploads\/2025\/12\/Bang-Legend-Geek-60000-60K-Puffs-Disposable-Vape-Adjustable-Airflow-Turbo-Mode-0\u20135-Nicotine-12Tastes-Smart-Screen-Vape-Factory-Wholesale-2-400x200.png 400w, https:\/\/pgvape.com\/wp-content\/uploads\/2025\/12\/Bang-Legend-Geek-60000-60K-Puffs-Disposable-Vape-Adjustable-Airflow-Turbo-Mode-0\u20135-Nicotine-12Tastes-Smart-Screen-Vape-Factory-Wholesale-2-768x384.png 768w, https:\/\/pgvape.com\/wp-content\/uploads\/2025\/12\/Bang-Legend-Geek-60000-60K-Puffs-Disposable-Vape-Adjustable-Airflow-Turbo-Mode-0\u20135-Nicotine-12Tastes-Smart-Screen-Vape-Factory-Wholesale-2-1536x768.png 1536w, https:\/\/pgvape.com\/wp-content\/uploads\/2025\/12\/Bang-Legend-Geek-60000-60K-Puffs-Disposable-Vape-Adjustable-Airflow-Turbo-Mode-0\u20135-Nicotine-12Tastes-Smart-Screen-Vape-Factory-Wholesale-2-18x9.png 18w, https:\/\/pgvape.com\/wp-content\/uploads\/2025\/12\/Bang-Legend-Geek-60000-60K-Puffs-Disposable-Vape-Adjustable-Airflow-Turbo-Mode-0\u20135-Nicotine-12Tastes-Smart-Screen-Vape-Factory-Wholesale-2-600x300.png 600w\" sizes=\"auto, (max-width: 1800px) 100vw, 1800px\" \/><\/p>\n<p>&nbsp;<\/p>\n<h3><span style=\"font-size: 90%;\">Bang Legend Geek 60000 60K Puffs Disposable Vape <strong>Video:<\/strong><\/span><\/h3>\n<p><iframe loading=\"lazy\" title=\"Bang Legend Geek 60K Puffs Disponibel Vape Justerbart luftfl\u00f6de och turbol\u00e4ge Fabriksgrossist pgvape\" width=\"1020\" height=\"574\" src=\"https:\/\/www.youtube.com\/embed\/cip3IqgQwM4?feature=oembed\" frameborder=\"0\" allow=\"accelerometer; autoplay; clipboard-write; encrypted-media; gyroscope; picture-in-picture; web-share\" referrerpolicy=\"strict-origin-when-cross-origin\" allowfullscreen><\/iframe><\/p>\n<p>&nbsp;<\/p>\n<h2 class=\"header-vfC6AV auto-hide-last-sibling-br\"><span style=\"font-size: 90%;\">Vanliga fr\u00e5gor om Bang Legend Geek 60000 60K Puffs Disposable Vape<\/span><\/h2>\n<p>\u2753Varf\u00f6r v\u00e4lja Bang Legend Geek 60000 60K Puffs Disposable\u00a0<strong>Vape<\/strong>?<br \/>\n\u2705 Den ger upp till 60 000 bloss, erbjuder en ultral\u00e5ng livsl\u00e4ngd som minskar utbyten och maximerar v\u00e4rdet.<\/p>\n<p>\u2753Vad f\u00e5r dess prestanda att sticka ut?<br \/>\n\u2705 1.0\u03a9 <strong style=\"font-size: 14.4px;\">mesh spole<\/strong><span style=\"font-size: 14.4px;\">\u00a0s\u00e4kerst\u00e4ller snabb uppv\u00e4rmning, mjuka drag och rik, konsekvent smak med varje bloss.<\/span><\/p>\n<p>\u2753Kan anv\u00e4ndare anpassa sina\u00a0<strong>vaping<\/strong> uppleva?<br \/>\n\u2705 Ja, det justerbara luftfl\u00f6det och turbol\u00e4get till\u00e5ter anv\u00e4ndare att v\u00e4xla mellan j\u00e4mna drag och kraftf\u00f6rst\u00e4rkta tr\u00e4ffar.<\/p>\n<p>\u2753\u00c4r den p\u00e5litlig f\u00f6r l\u00e5ngvarig daglig anv\u00e4ndning?<br \/>\n\u2705 Absolut. <strong style=\"font-size: 14.4px;\">vaping<\/strong><span style=\"font-size: 14.4px;\">\u00a0med minimal stillest\u00e5ndstid.<\/span><\/p>\n<p>\u2753Varf\u00f6r \u00e4r det bekv\u00e4mt att anv\u00e4nda?<br \/>\n\u2705 Det tydliga <strong style=\"font-size: 14.4px;\">e-v\u00e4tska<\/strong><span style=\"font-size: 14.4px;\">\u00a0f\u00f6nster och 12 smakalternativ g\u00f6r Bang Legend Geek 60000 b\u00e5de anv\u00e4ndarv\u00e4nlig och mycket m\u00e5ngsidig.<\/span><\/p>\n<p>&nbsp;<\/p>\n<h3 id=\"brxe-najhln\" class=\"brxe-heading\">Vanliga fr\u00e5gor (FAQ)<\/h3>\n<div id=\"brxe-rajiac\" class=\"brxe-text\">\n<p><strong>F: Vilka betalningsmetoder accepterar du?<\/strong><br \/>\nS: Vi accepterar PayPal, Stripe, bank\u00f6verf\u00f6ringar (st\u00f6ds med SEPA), vanliga kreditkort (Visa, MasterCard, American Express) och betalningar i kryptovaluta.<\/p>\n<p><strong>F: Hur l\u00e5ng tid tar best\u00e4llningsberedningen?<\/strong><br \/>\nS: Best\u00e4llningsf\u00f6rberedelse tar 1-3 arbetsdagar.<\/p>\n<p><strong>F: Vad \u00e4r leveranstiden?<\/strong><br \/>\nS: Leveranstiden \u00e4r 7-14 arbetsdagar, beroende p\u00e5 var du befinner dig.<\/p>\n<p><strong>F: Hur kan jag sp\u00e5ra min best\u00e4llning?<\/strong><br \/>\nS: Efter leverans kommer du att f\u00e5 ett bekr\u00e4ftelsemail med ett sp\u00e5rningsnummer f\u00f6r sp\u00e5rning i realtid.<\/p>\n<p><strong>F: Vilken \u00e4r din returpolicy?<\/strong><br \/>\nS: Vi erbjuder en 30-dagars returpolicy f\u00f6r \u00e5terbetalningar eller byten. .<\/p>\n<p><strong>F: Kommer det att finnas n\u00e5gra tullproblem?<br \/>\n<\/strong>Vi hanterar alla tullf\u00f6rfaranden f\u00f6r att s\u00e4kerst\u00e4lla en problemfri upplevelse f\u00f6r dig. .<\/p>\n<p><strong>F: Vilka frakts\u00e4tt anv\u00e4nds?<\/strong><br \/>\nVi samarbetar med UPS\/DHL\/FEDEX\/DPD, etc. Vi kommer att v\u00e4lja l\u00e4mpligt fraktalternativ beroende p\u00e5 leveransland f\u00f6r att s\u00e4kerst\u00e4lla att du f\u00e5r dina produkter s\u00e5 snabbt som m\u00f6jligt.<\/p>\n<p><a href=\"https:\/\/pgvape.com\/sv\/vanliga-fragor\/\">Klicka h\u00e4r f\u00f6r mer FAQ<\/a><\/p>\n<p>K\u00e4ra kunder, Om du har n\u00e5gra fr\u00e5gor om din best\u00e4llning eller ankomsten av varor, v\u00e4nligen kontakta v\u00e5r kundtj\u00e4nst. Tack!<\/p>\n<h3 data-sourcepos=\"73:1-73:21\"><strong data-sourcepos=\"73:7-73:21\">Kontakta oss<\/strong><\/h3>\n<div id=\"text-2419739398\" class=\"text\">\n<p><strong data-sourcepos=\"75:3-75:12\">E-post<\/strong>:\u00a0<a href=\"mailto:support@pgvape.com\"><strong>support@pgvape.com<\/strong><\/a><\/p>\n<p><strong data-sourcepos=\"76:3-76:15\">WhatsApp<\/strong>:\u00a0<a href=\"https:\/\/wa.me\/+8618128481258\"><strong>+86 18128481258<\/strong><\/a><br \/>\n<strong>(Svara inom 24 timmar p\u00e5 arbetsdagar)<\/strong><\/p>\n<\/div>\n<h3><strong>Tack f\u00f6r att du valde pgvape.com! .<\/strong><\/h3>\n<\/div>","protected":false},"excerpt":{"rendered":"<p><strong>Bang Legend Geek 60K<\/strong>\u2014<strong>60K puffar<\/strong>, <strong>19 ml<\/strong>, <strong>Turbo + luftfl\u00f6deskontroll<\/strong>, <strong>mesh spole<\/strong>, <strong>Typ-C<\/strong>, <strong>smart f\u00f6nster<\/strong>.<strong class=\"\">Kraft du ser, smak du k\u00e4nner.<\/strong><\/p>","protected":false},"featured_media":7983,"comment_status":"open","ping_status":"closed","template":"","meta":{"_seopress_robots_primary_cat":"","_seopress_titles_title":"","_seopress_titles_desc":"","_seopress_robots_index":""},"product_brand":[72,516],"product_cat":[48,71,515],"product_tag":[315,135,522,90,523],"class_list":{"0":"post-7965","1":"product","2":"type-product","3":"status-publish","4":"has-post-thumbnail","6":"product_brand-bang-legend-vape","7":"product_brand-disposable-vape","8":"product_cat-60k-puffs-vape","9":"product_cat-bang-legend-vape","10":"product_cat-disposable-vape","11":"product_tag-60k-puffs-vape","12":"product_tag-adjustable-airflow","13":"product_tag-bang-legend-geek-60000","14":"product_tag-disposable-vape","15":"product_tag-turbo-mode","17":"first","18":"instock","19":"sale","20":"shipping-taxable","21":"purchasable","22":"product-type-variable"},"_links":{"self":[{"href":"https:\/\/pgvape.com\/sv\/wp-json\/wp\/v2\/product\/7965","targetHints":{"allow":["GET"]}}],"collection":[{"href":"https:\/\/pgvape.com\/sv\/wp-json\/wp\/v2\/product"}],"about":[{"href":"https:\/\/pgvape.com\/sv\/wp-json\/wp\/v2\/types\/product"}],"replies":[{"embeddable":true,"href":"https:\/\/pgvape.com\/sv\/wp-json\/wp\/v2\/comments?post=7965"}],"wp:featuredmedia":[{"embeddable":true,"href":"https:\/\/pgvape.com\/sv\/wp-json\/wp\/v2\/media\/7983"}],"wp:attachment":[{"href":"https:\/\/pgvape.com\/sv\/wp-json\/wp\/v2\/media?parent=7965"}],"wp:term":[{"taxonomy":"product_brand","embeddable":true,"href":"https:\/\/pgvape.com\/sv\/wp-json\/wp\/v2\/product_brand?post=7965"},{"taxonomy":"product_cat","embeddable":true,"href":"https:\/\/pgvape.com\/sv\/wp-json\/wp\/v2\/product_cat?post=7965"},{"taxonomy":"product_tag","embeddable":true,"href":"https:\/\/pgvape.com\/sv\/wp-json\/wp\/v2\/product_tag?post=7965"}],"curies":[{"name":"wp","href":"https:\/\/api.w.org\/{rel}","templated":true}]}}