{"id":7934,"date":"2025-12-17T13:57:20","date_gmt":"2025-12-17T13:57:20","guid":{"rendered":"https:\/\/pgvape.com\/?post_type=product&#038;p=7934"},"modified":"2026-03-15T13:36:50","modified_gmt":"2026-03-15T13:36:50","slug":"bang-king-city-50000-50k-puffar-disponibel-vape-city-landmarke-design-0-2-3-5-nikotin-12-smakar-smart-oled-screen-vape-factory-direct","status":"publish","type":"product","link":"https:\/\/pgvape.com\/sv\/produkt\/bang-king-city-50000-50k-puffar-disponibel-vape-city-landmarke-design-0-2-3-5-nikotin-12-smakar-smart-oled-screen-vape-factory-direct\/","title":{"rendered":"Bang King City 50000 50K Puffs Disponibel Vape City Landmark Designs 0% 2% 3% 5% Nikotin 12Smakar Smart OLED-sk\u00e4rm Vape Factory Direct"},"content":{"rendered":"<p>Bang King City 50K ser riktigt cool ut \u2013 den h\u00e4r eng\u00e5ngsprodukten\u00a0<strong>Vape<\/strong>\u00a0Har ber\u00f6mda stadslandm\u00e4rken (som det lutande tornet i Pisa eller Frihetsgudinnan) f\u00f6r en elegant, i\u00f6gonfallande design.\u00a0<strong>E-v\u00e4tska<\/strong>\u00a0Kapacitet och ett 650mAh uppladdningsbart batteri med typ C-laddning f\u00f6r bekv\u00e4m str\u00f6m\u00e5terst\u00e4llning.\u00a0<strong>E-v\u00e4tska<\/strong>\u00a0Niv\u00e5er i realtid, vilket s\u00e4kerst\u00e4ller en s\u00f6ml\u00f6s\u00a0<strong>Vaping<\/strong>\u00a0Uppleva.\u00a0<strong>Vaping<\/strong>.<\/p>\n<p>&nbsp;<\/p>\n<h2><span style=\"font-size: 90%;\">Specifikationer f\u00f6r Bang King City 50000 50K Puffs Disposable Vape<\/span><\/h2>\n<p><strong data-sourcepos=\"11:6-11:29\">Ikoniska stadsdesigner<\/strong>\u00a0\u2013 Visuellt distinkt konstverk i samlarstil.<\/p>\n<p><strong data-sourcepos=\"12:6-12:27\">Smart OLED-sk\u00e4rm<\/strong>\u00a0\u2013 Visar batteritid och e-v\u00e4tskeniv\u00e5er i realtid.<\/p>\n<p><strong data-sourcepos=\"13:6-13:32\">Massivt 650mAh batteri<\/strong>\u00a0\u2013 Laddningsbar via USB Type-C f\u00f6r bekv\u00e4m p\u00e5fyllning.<\/p>\n<p><strong data-sourcepos=\"14:6-14:33\">45 ml f\u00f6rfylld E-v\u00e4tska<\/strong>\u00a0\u2013 L\u00e5ngvarig anv\u00e4ndning f\u00f6r l\u00e5ngvarig njutning.<\/p>\n<p><strong data-sourcepos=\"15:6-15:28\">Avancerad Mesh Coil<\/strong>\u00a0\u2013 Sl\u00e4t, smakrik \u00e5nga med konsekvent utg\u00e5ng.<\/p>\n<p><strong data-sourcepos=\"16:6-16:26\">Nikotinalternativ<\/strong>\u00a0\u2013 Finns i 0%, 2%, 3% och 5%.<\/p>\n<p><strong>Designfunktion<\/strong>: Snygg design f\u00f6r stadslandm\u00e4rken<\/p>\n<p>&nbsp;<\/p>\n<h3><span style=\"font-size: 90%;\">Bang King City 50000 50K Puffs Disposable Vape Flavor List<\/span><\/h3>\n<p>1.Mr Blue<\/p>\n<p>2.Blue Razz Ice<\/p>\n<p>3. Jordgubbsvattenmelon<\/p>\n<p>4. Vattenmelon Is<\/p>\n<p>5. Jordgubbsbanan<\/p>\n<p>6. Tropisk frukt<\/p>\n<p>7.Triple Berry Ice<\/p>\n<p>8. Juicy Peach Ice<\/p>\n<p>9. Jordgubbskiwi<\/p>\n<p>10.Peach Mango Vattenmelon<\/p>\n<p>11. Kiwi Passionsfrukt Guava<\/p>\n<p>12. Grape Ice<img loading=\"lazy\" decoding=\"async\" class=\"alignnone wp-image-7941 size-full\" src=\"https:\/\/pgvape.com\/wp-content\/uploads\/2025\/12\/Bang-King-City-50000-50K-Puffs-Disposable-Vape-City-Landmark-Designs-0-2-3-5-Nicotine-12Tastes-Vape-Factory-Direct-pgvape-5.png\" alt=\"\" width=\"1500\" height=\"1492\" srcset=\"https:\/\/pgvape.com\/wp-content\/uploads\/2025\/12\/Bang-King-City-50000-50K-Puffs-Disposable-Vape-City-Landmark-Designs-0-2-3-5-Nicotine-12Tastes-Vape-Factory-Direct-pgvape-5.png 1500w, https:\/\/pgvape.com\/wp-content\/uploads\/2025\/12\/Bang-King-City-50000-50K-Puffs-Disposable-Vape-City-Landmark-Designs-0-2-3-5-Nicotine-12Tastes-Vape-Factory-Direct-pgvape-5-362x360.png 362w, https:\/\/pgvape.com\/wp-content\/uploads\/2025\/12\/Bang-King-City-50000-50K-Puffs-Disposable-Vape-City-Landmark-Designs-0-2-3-5-Nicotine-12Tastes-Vape-Factory-Direct-pgvape-5-595x592.png 595w, https:\/\/pgvape.com\/wp-content\/uploads\/2025\/12\/Bang-King-City-50000-50K-Puffs-Disposable-Vape-City-Landmark-Designs-0-2-3-5-Nicotine-12Tastes-Vape-Factory-Direct-pgvape-5-400x398.png 400w, https:\/\/pgvape.com\/wp-content\/uploads\/2025\/12\/Bang-King-City-50000-50K-Puffs-Disposable-Vape-City-Landmark-Designs-0-2-3-5-Nicotine-12Tastes-Vape-Factory-Direct-pgvape-5-768x764.png 768w, https:\/\/pgvape.com\/wp-content\/uploads\/2025\/12\/Bang-King-City-50000-50K-Puffs-Disposable-Vape-City-Landmark-Designs-0-2-3-5-Nicotine-12Tastes-Vape-Factory-Direct-pgvape-5-12x12.png 12w, https:\/\/pgvape.com\/wp-content\/uploads\/2025\/12\/Bang-King-City-50000-50K-Puffs-Disposable-Vape-City-Landmark-Designs-0-2-3-5-Nicotine-12Tastes-Vape-Factory-Direct-pgvape-5-600x597.png 600w, https:\/\/pgvape.com\/wp-content\/uploads\/2025\/12\/Bang-King-City-50000-50K-Puffs-Disposable-Vape-City-Landmark-Designs-0-2-3-5-Nicotine-12Tastes-Vape-Factory-Direct-pgvape-5-100x100.png 100w\" sizes=\"auto, (max-width: 1500px) 100vw, 1500px\" \/><\/p>\n<p>&nbsp;<\/p>\n<h3><span style=\"font-size: 90%;\">Bang King City 50000 50K Puffs Disposable Vape <strong>Video:<\/strong><\/span><\/h3>\n<p>&nbsp;<\/p>\n<h2 class=\"header-vfC6AV auto-hide-last-sibling-br\"><span style=\"font-size: 90%;\">Vanliga fr\u00e5gor om Bang King City 50000 50K Puffs Disposable Vape<\/span><\/h2>\n<p>\u2753Hur m\u00e5nga bloss kan The Bang King City 50K\u00a0<strong>Vape<\/strong> Leverera?<br \/>\n\u2705Den ger upp till 50 000 bloss, ger l\u00e5ngvarig <strong style=\"font-size: 14.4px;\">Vaping<\/strong><span style=\"font-size: 14.4px;\">\u00a0Utan frekventa byten.<\/span><\/p>\n<p>\u2753Vad \u00e4r\u00a0<strong>E-v\u00e4tska<\/strong> Kapacitet och batterispecifikation?<br \/>\n\u2705Den har en 45 ml stor <strong style=\"font-size: 14.4px;\">E-v\u00e4tska<\/strong><span style=\"font-size: 14.4px;\">\u00a0Kapacitet och ett 650mAh uppladdningsbart batteri, med typ-C-laddning f\u00f6r bekv\u00e4mlighet.<\/span><\/p>\n<p>\u2753 Vilka nikotinstyrkor finns tillg\u00e4ngliga f\u00f6r detta\u00a0<strong>Vape<\/strong>?<br \/>\n\u2705V\u00e4lj fr\u00e5n 0% \/ 2% \/ 3% \/ 5% Nikotin, passar olika <strong style=\"font-size: 14.4px;\">Vaping<\/strong><span style=\"font-size: 14.4px;\">\u00a0Inst\u00e4llningar.<\/span><\/p>\n<p>\u2753Vad g\u00f6r The\u00a0<strong>Vape<\/strong>\u2019Utm\u00e4rker sig designen?<br \/>\n\u2705Den har snygg design av stadens landm\u00e4rken (som det lutande tornet i Pisa eller Frihetsgudinnan), vilket g\u00f6r den i\u00f6gonfallande och unik.<\/p>\n<p>\u2753Hur kan jag \u00f6vervaka batteri och\u00a0<strong>E-v\u00e4tska<\/strong> Niv\u00e5er?<br \/>\n\u2705Den inbyggda sk\u00e4rmen visar tydligt batteritid i realtid och <strong style=\"font-size: 14.4px;\">E-v\u00e4tska<\/strong><span style=\"font-size: 14.4px;\">\u00a0Niv\u00e5er f\u00f6r informerat bruk.<\/span><\/p>\n<p>\u2753\u00c4r detta\u00a0<strong>Vape<\/strong> L\u00e4tt att ladda?<br \/>\n\u2705Ja, den anv\u00e4nder laddning av typ C \u2013 en vanlig och bekv\u00e4m laddningsmetod f\u00f6r snabb str\u00f6m\u00e5terst\u00e4llning.<\/p>\n<p>\u2753Hur m\u00e5nga smaker finns att v\u00e4lja p\u00e5?<br \/>\n\u2705Det finns 12 olika smaker att v\u00e4lja mellan, som t\u00e4cker fruktiga, isiga och blandade smakprofiler.<\/p>\n<p>&nbsp;<\/p>\n<h3 id=\"brxe-najhln\" class=\"brxe-heading\">Vanliga fr\u00e5gor (FAQ)<\/h3>\n<div id=\"brxe-rajiac\" class=\"brxe-text\">\n<p><strong>F: Vilka betalningsmetoder accepterar du?<\/strong><br \/>\nS: Vi accepterar PayPal, Stripe, bank\u00f6verf\u00f6ringar (st\u00f6ds med SEPA), vanliga kreditkort (Visa, MasterCard, American Express) och betalningar i kryptovaluta.<\/p>\n<p><strong>F: Hur l\u00e5ng tid tar best\u00e4llningsberedningen?<\/strong><br \/>\nS: Best\u00e4llningsf\u00f6rberedelse tar 1-3 arbetsdagar.<\/p>\n<p><strong>F: Vad \u00e4r leveranstiden?<\/strong><br \/>\nS: Leveranstiden \u00e4r 7-14 arbetsdagar, beroende p\u00e5 var du befinner dig.<\/p>\n<p><strong>F: Hur kan jag sp\u00e5ra min best\u00e4llning?<\/strong><br \/>\nS: Efter leverans kommer du att f\u00e5 ett bekr\u00e4ftelsemail med ett sp\u00e5rningsnummer f\u00f6r sp\u00e5rning i realtid.<\/p>\n<p><strong>F: Vilken \u00e4r din returpolicy?<\/strong><br \/>\nS: Vi erbjuder en 30-dagars returpolicy f\u00f6r \u00e5terbetalningar eller byten. .<\/p>\n<p><strong>F: Kommer det att finnas n\u00e5gra tullproblem?<br \/>\n<\/strong>Vi hanterar alla tullf\u00f6rfaranden f\u00f6r att s\u00e4kerst\u00e4lla en problemfri upplevelse f\u00f6r dig. .<\/p>\n<p><strong>F: Vilka frakts\u00e4tt anv\u00e4nds?<\/strong><br \/>\nVi samarbetar med UPS\/DHL\/FEDEX\/DPD, etc. Vi kommer att v\u00e4lja l\u00e4mpligt fraktalternativ beroende p\u00e5 leveransland f\u00f6r att s\u00e4kerst\u00e4lla att du f\u00e5r dina produkter s\u00e5 snabbt som m\u00f6jligt.<\/p>\n<p><a href=\"https:\/\/pgvape.com\/sv\/vanliga-fragor\/\">Klicka h\u00e4r f\u00f6r mer FAQ<\/a><\/p>\n<p>K\u00e4ra kunder, Om du har n\u00e5gra fr\u00e5gor om din best\u00e4llning eller ankomsten av varor, v\u00e4nligen kontakta v\u00e5r kundtj\u00e4nst. Tack!<\/p>\n<h3 data-sourcepos=\"73:1-73:21\"><strong data-sourcepos=\"73:7-73:21\">Kontakta oss<\/strong><\/h3>\n<div id=\"text-2419739398\" class=\"text\">\n<p><strong data-sourcepos=\"75:3-75:12\">E-post<\/strong>:\u00a0<a href=\"mailto:support@pgvape.com\"><strong>support@pgvape.com<\/strong><\/a><\/p>\n<p><strong data-sourcepos=\"76:3-76:15\">WhatsApp<\/strong>:\u00a0<a href=\"https:\/\/wa.me\/+8618128481258\"><strong>+86 18128481258<\/strong><\/a><br \/>\n<strong>(Svara inom 24 timmar p\u00e5 arbetsdagar)<\/strong><\/p>\n<\/div>\n<h3><strong>Tack f\u00f6r att du valde pgvape.com! .<\/strong><\/h3>\n<\/div>","protected":false},"excerpt":{"rendered":"<p><strong>Bang King City 50K<\/strong>\u2014<strong>50K puffar<\/strong>, <strong>45 ml<\/strong>, <strong>landm\u00e4rke stil<\/strong>, <strong>smart sk\u00e4rm<\/strong>, <strong>Typ-C<\/strong>, <strong>0-5 % nic<\/strong>.<strong>Turnera v\u00e4rlden \u00f6ver, vape staden.<\/strong><\/p>","protected":false},"featured_media":7937,"comment_status":"open","ping_status":"closed","template":"","meta":{"_seopress_robots_primary_cat":"","_seopress_titles_title":"","_seopress_titles_desc":"","_seopress_robots_index":""},"product_brand":[19,516],"product_cat":[61,18,515],"product_tag":[318,520,521,90],"class_list":{"0":"post-7934","1":"product","2":"type-product","3":"status-publish","4":"has-post-thumbnail","6":"product_brand-bang-king-vape","7":"product_brand-disposable-vape","8":"product_cat-50k-puffs-vape","9":"product_cat-bang-king-vape","10":"product_cat-disposable-vape","11":"product_tag-50k-puffs-vape","12":"product_tag-bang-king-city-50000","13":"product_tag-city-landmark-designs","14":"product_tag-disposable-vape","16":"first","17":"instock","18":"sale","19":"shipping-taxable","20":"purchasable","21":"product-type-variable"},"_links":{"self":[{"href":"https:\/\/pgvape.com\/sv\/wp-json\/wp\/v2\/product\/7934","targetHints":{"allow":["GET"]}}],"collection":[{"href":"https:\/\/pgvape.com\/sv\/wp-json\/wp\/v2\/product"}],"about":[{"href":"https:\/\/pgvape.com\/sv\/wp-json\/wp\/v2\/types\/product"}],"replies":[{"embeddable":true,"href":"https:\/\/pgvape.com\/sv\/wp-json\/wp\/v2\/comments?post=7934"}],"wp:featuredmedia":[{"embeddable":true,"href":"https:\/\/pgvape.com\/sv\/wp-json\/wp\/v2\/media\/7937"}],"wp:attachment":[{"href":"https:\/\/pgvape.com\/sv\/wp-json\/wp\/v2\/media?parent=7934"}],"wp:term":[{"taxonomy":"product_brand","embeddable":true,"href":"https:\/\/pgvape.com\/sv\/wp-json\/wp\/v2\/product_brand?post=7934"},{"taxonomy":"product_cat","embeddable":true,"href":"https:\/\/pgvape.com\/sv\/wp-json\/wp\/v2\/product_cat?post=7934"},{"taxonomy":"product_tag","embeddable":true,"href":"https:\/\/pgvape.com\/sv\/wp-json\/wp\/v2\/product_tag?post=7934"}],"curies":[{"name":"wp","href":"https:\/\/api.w.org\/{rel}","templated":true}]}}