{"id":7904,"date":"2025-12-17T12:50:31","date_gmt":"2025-12-17T12:50:31","guid":{"rendered":"https:\/\/pgvape.com\/?post_type=product&#038;p=7904"},"modified":"2026-03-15T13:36:50","modified_gmt":"2026-03-15T13:36:50","slug":"bang-leader-stoll-300000-300k-puffar-6-i-1-disponibel-vape-0-2-3-5-nikotin-12-smakar-smart-screen-vape-factory-direct","status":"publish","type":"product","link":"https:\/\/pgvape.com\/sv\/produkt\/bang-leader-stoll-300000-300k-puffar-6-i-1-disponibel-vape-0-2-3-5-nikotin-12-smakar-smart-screen-vape-factory-direct\/","title":{"rendered":"Bang Leader Stoll 300000 300K puffar 6 i 1 disponibel vape 0% 2% 3% 5% Nikotin 12Smakar Smart Screen Vape Factory Direct"},"content":{"rendered":"<p>Bang Leader Stoll \u00e4r en spelomvandlare: 300 000 bloss, sex smaker i en pod och ett batteri som h\u00e5ller.\u00a0<strong>Vape<\/strong>\u00a0Kombinerar o\u00f6vertr\u00e4ffad livsl\u00e4ngd med m\u00e5ngsidiga smakalternativ.\u00a0<strong>Mesh Coils<\/strong>, Den levererar j\u00e4mna, rikare moln och intensiv smak genom sin ut\u00f6kade v\u00e4rmeyta.\u00a0<strong>Vaping<\/strong>\u00a0L\u00f6sning designad f\u00f6r l\u00e5ngvarig anv\u00e4ndning.<\/p>\n<p>&nbsp;<\/p>\n<h2><span style=\"font-size: 90%;\">Specifikationer f\u00f6r Bang Leader Stoll 300000 300K puffar 6 i 1 disponibel vape<\/span><\/h2>\n<p><strong data-sourcepos=\"11:5-11:35\">\u00a0O\u00f6vertr\u00e4ffade 300 000 puffar<\/strong>: Branschledande kapacitet designad f\u00f6r extrem livsl\u00e4ngd.<\/p>\n<p><strong data-sourcepos=\"12:5-12:33\">\u00a06 smaker i 1 enhet<\/strong>: Ett roterande kapselsystem rymmer sex distinkta smaktankar.<\/p>\n<p><strong data-sourcepos=\"13:5-13:30\">\u00a0Smart OLED-sk\u00e4rm<\/strong>: Realtids\u00f6vervakning av batteriprocent och individuella e-v\u00e4tskeniv\u00e5er.<\/p>\n<p><strong data-sourcepos=\"14:5-14:31\">\u00a0Snabb USB-C-laddning<\/strong>: Batteriet p\u00e5 650 mAh st\u00f6der snabb p\u00e5fyllning f\u00f6r minimal stillest\u00e5ndstid.<\/p>\n<p><strong data-sourcepos=\"15:5-15:31\">\u00a0Avancerade Mesh Coils<\/strong>: S\u00e4kerst\u00e4ll rik smak och t\u00e4t \u00e5ngproduktion fr\u00e5n f\u00f6rsta bloss till sista.<\/p>\n<p><strong data-sourcepos=\"16:5-16:34\">\u00a0Anpassningsbart nikotin<\/strong>: Finns i nikotinstyrkorna 0%, 2%, 3% och 5%.<\/p>\n<p><strong data-sourcepos=\"17:5-17:33\">\u00a0Intuitiv Flavor Dial<\/strong>: Rotera enkelt mellan sex f\u00f6rfyllda smakkammare.<\/p>\n<p>&nbsp;<\/p>\n<h3><span style=\"font-size: 90%;\">Bang Leader Stoll 300000 300K puffar 6 i 1 disponibel vape smaklista<\/span><\/h3>\n<p>1. Watermelon Ice &amp; Red Bull &amp; Strawberry Kiwi &amp; Blueberry Ice &amp; Citron Lime &amp; Strawberry Watermelon<\/p>\n<p>2. Jordgubbsbanan &amp; dubbel\u00e4pple &amp; hallon Vattenmelon &amp; sur mango ananas &amp; tropisk frukt &amp; citronpersika<\/p>\n<p>3.Ananas Kokos &amp; Blue Razz &amp; Blandade b\u00e4r &amp; Mango Persika &amp; Bl\u00e5b\u00e4r Hallon &amp; Jordgubb Vanilj Coke<\/p>\n<p>4.Peach Berry &amp; Triple Melon &amp; Grape Ice &amp; Black Dragon Ice &amp; Fizzy Cherry Ice &amp; Gummy Bear<\/p>\n<p>5. Rainbow Candy &amp; Cherry Cola Ice &amp; Love 666 &amp; Mango Ice &amp; Blueberry Soft Candy &amp; Peach Ice<\/p>\n<p>6. Aloe Lychee Ice &amp; Pink Lemonade &amp; Glacier Ice &amp; Pine Needle Mint &amp; Svarta vinb\u00e4r Is &amp; Vattenmelon Citron<\/p>\n<p>7. Vattenmelon is &amp; blandade b\u00e4r &amp; \u00e4pple p\u00e4ron &amp; bl\u00e5b\u00e4r mynta &amp; sommartid &amp; persika<\/p>\n<p>8.Energy Drink &amp; Peach Ice &amp; Mango Ice &amp; Goji Berry &amp; Blackcurrant &amp; Mamba<\/p>\n<p>9. Cherry Coke &amp; Blueberry Hallon &amp; Black Dragon Ice &amp; Rainbow Candy &amp; Fuji Ice &amp; Watermelon Sour Peach<\/p>\n<p>10. Red Bull &amp; Strawberry Kiwi &amp; Strawberry Banana &amp; Lychee Ice &amp; Watermelon Berry &amp; Passion Fruit Mango<\/p>\n<p>11.Red Bull Cola Ice &amp; Strawberry Hallon Cherry &amp; Blackberry Dragon Frukt &amp; Citron Lime &amp; Hallon Pomp &amp; Watermelon Kiwi<\/p>\n<p>12. Cola Ice &amp; Energy Drink &amp; Cherry Ice &amp; Melon Passionsfrukt &amp; Blackberry Ice &amp; Apple Kiwi<img loading=\"lazy\" decoding=\"async\" class=\"alignnone wp-image-7909 size-full\" src=\"https:\/\/pgvape.com\/wp-content\/uploads\/2025\/12\/Bang-Leader-Stoll-300000-300K-Puffs-6-in-1-Disposable-Vape-0-2-3-5-Nicotine-12Tastes-Smart-Screen-Vape-Factory-Direct-3.png\" alt=\"\" width=\"1280\" height=\"1518\" srcset=\"https:\/\/pgvape.com\/wp-content\/uploads\/2025\/12\/Bang-Leader-Stoll-300000-300K-Puffs-6-in-1-Disposable-Vape-0-2-3-5-Nicotine-12Tastes-Smart-Screen-Vape-Factory-Direct-3.png 1280w, https:\/\/pgvape.com\/wp-content\/uploads\/2025\/12\/Bang-Leader-Stoll-300000-300K-Puffs-6-in-1-Disposable-Vape-0-2-3-5-Nicotine-12Tastes-Smart-Screen-Vape-Factory-Direct-3-304x360.png 304w, https:\/\/pgvape.com\/wp-content\/uploads\/2025\/12\/Bang-Leader-Stoll-300000-300K-Puffs-6-in-1-Disposable-Vape-0-2-3-5-Nicotine-12Tastes-Smart-Screen-Vape-Factory-Direct-3-595x706.png 595w, https:\/\/pgvape.com\/wp-content\/uploads\/2025\/12\/Bang-Leader-Stoll-300000-300K-Puffs-6-in-1-Disposable-Vape-0-2-3-5-Nicotine-12Tastes-Smart-Screen-Vape-Factory-Direct-3-337x400.png 337w, https:\/\/pgvape.com\/wp-content\/uploads\/2025\/12\/Bang-Leader-Stoll-300000-300K-Puffs-6-in-1-Disposable-Vape-0-2-3-5-Nicotine-12Tastes-Smart-Screen-Vape-Factory-Direct-3-768x911.png 768w, https:\/\/pgvape.com\/wp-content\/uploads\/2025\/12\/Bang-Leader-Stoll-300000-300K-Puffs-6-in-1-Disposable-Vape-0-2-3-5-Nicotine-12Tastes-Smart-Screen-Vape-Factory-Direct-3-10x12.png 10w, https:\/\/pgvape.com\/wp-content\/uploads\/2025\/12\/Bang-Leader-Stoll-300000-300K-Puffs-6-in-1-Disposable-Vape-0-2-3-5-Nicotine-12Tastes-Smart-Screen-Vape-Factory-Direct-3-600x712.png 600w\" sizes=\"auto, (max-width: 1280px) 100vw, 1280px\" \/><\/p>\n<p>&nbsp;<\/p>\n<h3><span style=\"font-size: 90%;\">Bang Leader Stoll 300000 300K puffar 6 i 1 eng\u00e5ngsvape <strong>Video:<\/strong><\/span><\/h3>\n<p>&nbsp;<\/p>\n<h2 class=\"header-vfC6AV auto-hide-last-sibling-br\"><span style=\"font-size: 90%;\">Vanliga fr\u00e5gor om Bang Leader Stoll 300000 300K puffar 6 i 1 disponibel vape<\/span><\/h2>\n<p>\u2753Hur m\u00e5nga bloss kan Bang Leader Stoll 300K\u00a0<strong>Vape<\/strong> Leverera?<br \/>\n\u2705Den ger upp till 300 000 puffar, ger extremt l\u00e5ngvarig <strong style=\"font-size: 14.4px;\">Vaping<\/strong><span style=\"font-size: 14.4px;\">\u00a0Utan frekventa enhetsbyten.<\/span><\/p>\n<p>\u2753 Vilka nikotinstyrkor finns tillg\u00e4ngliga f\u00f6r detta\u00a0<strong>Vape<\/strong>?<br \/>\n\u2705V\u00e4lj fr\u00e5n 0% \/ 2% \/ 3% \/ 5% Nikotin \u2013 Passar olika preferenser, fr\u00e5n nikotinfritt till cigarett-alternativt intag.<\/p>\n<p>\u2753Hur byter jag smaker p\u00e5\u00a0<strong>Vape<\/strong>?<br \/>\n\u2705Den har ett 6-i-1 smaksystem \u2013 v\u00e4xla enkelt mellan sex olika smaker i en enhet n\u00e4r du vill ha en f\u00f6r\u00e4ndring.<\/p>\n<p>\u2753 Vad \u00e4r batteriets livsl\u00e4ngd och laddningshastighet\u00a0<strong>Vape<\/strong>?<br \/>\n\u2705650mAh-batteriet r\u00e4cker hela dagen p\u00e5 en enda laddning, och Type-C-porten m\u00f6jligg\u00f6r 30-minuters snabbladdning f\u00f6r att undvika stillest\u00e5nd.<\/p>\n<p>\u2753Hur fungerar\u00a0<strong>Vape<\/strong> S\u00e4kerst\u00e4lla j\u00e4mn smak och \u00e5nga?<br \/>\n\u2705Det utrustar <strong style=\"font-size: 14.4px;\">Mesh Coils<\/strong><span style=\"font-size: 14.4px;\">\u00a0Med en ut\u00f6kad uppv\u00e4rmningsyta, som \u00f6kar smakintensiteten och producerar j\u00e4mna, rikare moln.<\/span><\/p>\n<p>\u2753Hur kan jag \u00f6vervaka batteri och\u00a0<strong>E-v\u00e4tska<\/strong> Niv\u00e5er?<br \/>\n\u2705Den tydliga smarta sk\u00e4rmen visar batteritid i realtid och <strong style=\"font-size: 14.4px;\">E-v\u00e4tska<\/strong><span style=\"font-size: 14.4px;\">\u00a0Niv\u00e5er p\u00e5 ett \u00f6gonblick, h\u00e5ller dig i kontroll.<\/span><\/p>\n<p>\u2753\u00c4r detta\u00a0<strong>Vape<\/strong> L\u00e4mplig f\u00f6r grossistk\u00f6p?<br \/>\n\u2705Ja, den \u00e4r designad f\u00f6r grossistf\u00f6rs\u00e4ljning med sin ultral\u00e5nga puffkapacitet, m\u00e5ngsidiga smakalternativ och p\u00e5litliga prestanda \u2013 perfekt f\u00f6r \u00e5terf\u00f6rs\u00e4ljare och massbest\u00e4llningar<\/p>\n<p>&nbsp;<\/p>\n<h3 id=\"brxe-najhln\" class=\"brxe-heading\">Vanliga fr\u00e5gor (FAQ)<\/h3>\n<div id=\"brxe-rajiac\" class=\"brxe-text\">\n<p><strong>F: Vilka betalningsmetoder accepterar du?<\/strong><br \/>\nS: Vi accepterar PayPal, Stripe, bank\u00f6verf\u00f6ringar (st\u00f6ds med SEPA), vanliga kreditkort (Visa, MasterCard, American Express) och betalningar i kryptovaluta.<\/p>\n<p><strong>F: Hur l\u00e5ng tid tar best\u00e4llningsberedningen?<\/strong><br \/>\nS: Best\u00e4llningsf\u00f6rberedelse tar 1-3 arbetsdagar.<\/p>\n<p><strong>F: Vad \u00e4r leveranstiden?<\/strong><br \/>\nS: Leveranstiden \u00e4r 7-14 arbetsdagar, beroende p\u00e5 var du befinner dig.<\/p>\n<p><strong>F: Hur kan jag sp\u00e5ra min best\u00e4llning?<\/strong><br \/>\nS: Efter leverans kommer du att f\u00e5 ett bekr\u00e4ftelsemail med ett sp\u00e5rningsnummer f\u00f6r sp\u00e5rning i realtid.<\/p>\n<p><strong>F: Vilken \u00e4r din returpolicy?<\/strong><br \/>\nS: Vi erbjuder en 30-dagars returpolicy f\u00f6r \u00e5terbetalningar eller byten. .<\/p>\n<p><strong>F: Kommer det att finnas n\u00e5gra tullproblem?<br \/>\n<\/strong>Vi hanterar alla tullf\u00f6rfaranden f\u00f6r att s\u00e4kerst\u00e4lla en problemfri upplevelse f\u00f6r dig. .<\/p>\n<p><strong>F: Vilka frakts\u00e4tt anv\u00e4nds?<\/strong><br \/>\nVi samarbetar med UPS\/DHL\/FEDEX\/DPD, etc. Vi kommer att v\u00e4lja l\u00e4mpligt fraktalternativ beroende p\u00e5 leveransland f\u00f6r att s\u00e4kerst\u00e4lla att du f\u00e5r dina produkter s\u00e5 snabbt som m\u00f6jligt.<\/p>\n<p><a href=\"https:\/\/pgvape.com\/sv\/vanliga-fragor\/\">Klicka h\u00e4r f\u00f6r mer FAQ<\/a><\/p>\n<p>K\u00e4ra kunder, Om du har n\u00e5gra fr\u00e5gor om din best\u00e4llning eller ankomsten av varor, v\u00e4nligen kontakta v\u00e5r kundtj\u00e4nst. Tack!<\/p>\n<h3 data-sourcepos=\"73:1-73:21\"><strong data-sourcepos=\"73:7-73:21\">Kontakta oss<\/strong><\/h3>\n<div id=\"text-2419739398\" class=\"text\">\n<p><strong data-sourcepos=\"75:3-75:12\">E-post<\/strong>:\u00a0<a href=\"mailto:support@pgvape.com\"><strong>support@pgvape.com<\/strong><\/a><\/p>\n<p><strong data-sourcepos=\"76:3-76:15\">WhatsApp<\/strong>:\u00a0<a href=\"https:\/\/wa.me\/+8618128481258\"><strong>+86 18128481258<\/strong><\/a><br \/>\n<strong>(Svara inom 24 timmar p\u00e5 arbetsdagar)<\/strong><\/p>\n<\/div>\n<h3><strong>Tack f\u00f6r att du valde pgvape.com! .<\/strong><\/h3>\n<\/div>","protected":false},"excerpt":{"rendered":"<p><strong>Bang Leader Stoll 300K<\/strong>\u2014<strong>300 000 bloss<\/strong>, <strong>65 ml<\/strong>, <strong>6 smaker<\/strong>, <strong>mesh spole<\/strong>, <strong>Typ-C<\/strong>, <strong>smart sk\u00e4rm<\/strong>.<strong>Vrid, klicka, vape i m\u00e5nader.<\/strong><\/p>","protected":false},"featured_media":7907,"comment_status":"open","ping_status":"closed","template":"","meta":{"_seopress_robots_primary_cat":"none","_seopress_titles_title":"%%post_title%% %%sep%% %%sitetitle%%","_seopress_titles_desc":"","_seopress_robots_index":""},"product_brand":[54,516],"product_cat":[517,32,515],"product_tag":[519,122,518,90,490],"class_list":{"0":"post-7904","1":"product","2":"type-product","3":"status-publish","4":"has-post-thumbnail","6":"product_brand-bang-leader-vape","7":"product_brand-disposable-vape","8":"product_cat-300k-puffs-vape","9":"product_cat-bang-leader-vape","10":"product_cat-disposable-vape","11":"product_tag-300k-puffs-vape","12":"product_tag-6-in-1","13":"product_tag-bang-leader-stoll-300000","14":"product_tag-disposable-vape","15":"product_tag-minimum-2-pieces","17":"first","18":"instock","19":"sale","20":"shipping-taxable","21":"purchasable","22":"product-type-variable"},"_links":{"self":[{"href":"https:\/\/pgvape.com\/sv\/wp-json\/wp\/v2\/product\/7904","targetHints":{"allow":["GET"]}}],"collection":[{"href":"https:\/\/pgvape.com\/sv\/wp-json\/wp\/v2\/product"}],"about":[{"href":"https:\/\/pgvape.com\/sv\/wp-json\/wp\/v2\/types\/product"}],"replies":[{"embeddable":true,"href":"https:\/\/pgvape.com\/sv\/wp-json\/wp\/v2\/comments?post=7904"}],"wp:featuredmedia":[{"embeddable":true,"href":"https:\/\/pgvape.com\/sv\/wp-json\/wp\/v2\/media\/7907"}],"wp:attachment":[{"href":"https:\/\/pgvape.com\/sv\/wp-json\/wp\/v2\/media?parent=7904"}],"wp:term":[{"taxonomy":"product_brand","embeddable":true,"href":"https:\/\/pgvape.com\/sv\/wp-json\/wp\/v2\/product_brand?post=7904"},{"taxonomy":"product_cat","embeddable":true,"href":"https:\/\/pgvape.com\/sv\/wp-json\/wp\/v2\/product_cat?post=7904"},{"taxonomy":"product_tag","embeddable":true,"href":"https:\/\/pgvape.com\/sv\/wp-json\/wp\/v2\/product_tag?post=7904"}],"curies":[{"name":"wp","href":"https:\/\/api.w.org\/{rel}","templated":true}]}}