{"id":7678,"date":"2025-12-08T10:24:12","date_gmt":"2025-12-08T10:24:12","guid":{"rendered":"https:\/\/pgvape.com\/?post_type=product&#038;p=7678"},"modified":"2026-03-15T13:36:50","modified_gmt":"2026-03-15T13:36:50","slug":"bang-king-triple-50000-50k-puffar-3-i-1-engangsvape-0-2-3-5-nikotin-12-smakar-smart-pekskarm-vape-factory-direct","status":"publish","type":"product","link":"https:\/\/pgvape.com\/sv\/produkt\/bang-king-triple-50000-50k-puffar-3-i-1-engangsvape-0-2-3-5-nikotin-12-smakar-smart-pekskarm-vape-factory-direct\/","title":{"rendered":"Bang King Triple 50000 50K puffar 3 i 1 disponibel vape 0% 2% 3% 5% Nikotin 12 Smakar Smart Touch Screen Vape Factory Direct"},"content":{"rendered":"<p data-sourcepos=\"8:1-8:411\">Omdefiniera din vapingupplevelse med <strong data-sourcepos=\"8:42-8:67\">Bang King Triple 50000 puffar<\/strong>\u2014ett m\u00e4sterverk av uth\u00e5llighet och innovation. <strong data-sourcepos=\"8:183-8:215\">massiv 35 ml f\u00f6rfylld tank<\/strong> och en intelligent <strong data-sourcepos=\"8:235-8:268\">rotationssystem med trippelsmak<\/strong>. .<\/p>\n<p data-sourcepos=\"10:1-10:280\">Drivs av avancerad <strong data-sourcepos=\"10:20-10:44\">mesh coil-teknik<\/strong>, den producerar exceptionellt rik smak och t\u00e4t, tillfredsst\u00e4llande \u00e5nga fr\u00e5n f\u00f6rsta bloss till sista. <strong data-sourcepos=\"10:190-10:212\">smart peksk\u00e4rm<\/strong>, ger realtidsuppdateringar om e-v\u00e4tskans volym och batteristatus.<\/p>\n<p>&nbsp;<\/p>\n<h2><span style=\"font-size: 90%;\">Specifikationer f\u00f6r Bang King Triple 50000 50K puffar 3 i 1 disponibel vape<\/span><\/h2>\n<p><strong>Puffar<\/strong>: Upp till <strong>50,000<\/strong><\/p>\n<p><strong>E-v\u00e4tska<\/strong>: <strong class=\"\">35 ml<\/strong> f\u00f6rfyllda<\/p>\n<p><strong>Nikotin<\/strong>: <strong>0 %, 2 %, 3 %, 5 %<\/strong> (kompatibel med EU-normen)<\/p>\n<p><strong>Batteri<\/strong>: <strong>600 mAh<\/strong>, <strong>Typ-C<\/strong> 30 minuters uppladdning<\/p>\n<p><strong>Spole<\/strong>: <strong class=\"\">1,0 \u03a9 mesh<\/strong><\/p>\n<p><strong>Visa<\/strong>: <strong>Smart peksk\u00e4rm<\/strong> (batteri &amp; juice)<\/p>\n<p><strong>V\u00e4xla<\/strong>: <strong>180\u00b0 vridning<\/strong> trippel smakv\u00e4ljare<\/p>\n<p><strong>Dra<\/strong>: Smidig <strong>MTL<\/strong>, ingen molnjakt<\/p>\n<p>&nbsp;<\/p>\n<h3><span style=\"font-size: 90%;\">Bang King Triple 50000 50K puffar 3 i 1 disponibel vape smaklista<\/span><\/h3>\n<p><strong class=\"\">1.Blue Razz Ice \/ Lush Ice<\/strong><\/p>\n<p><strong>2.Strawberry Ice \/ Watermelon Ice<\/strong><\/p>\n<p><strong>3.Peach Ice \/ Mango Ice<\/strong><\/p>\n<p><strong>4. Vattenmelon Ice \/ Peach Mango<\/strong><\/p>\n<p><strong class=\"\">5. Jordgubbsvattenmelon \/ Red Bull<\/strong><\/p>\n<p><strong>6.Blandade b\u00e4r \/ Cherry Ice<\/strong><\/p>\n<p><strong class=\"\">7. Kiwi Passion-Fruit Guava \/ Strawberry Kiwi<\/strong><\/p>\n<p><strong class=\"\">8. Banan Ice \/ Strawberry Ice<\/strong><\/p>\n<p><strong>9.Dubbel \u00e4pple \/ druvis<\/strong><\/p>\n<p><strong>10.Pi\u00f1a Colada \/ Tropisk frukt<\/strong><\/p>\n<p><strong>11. Lemon On Line \/ Mr Blue<\/strong><\/p>\n<p><strong>12. Cool Mint \/ Blueberry Ice<\/strong><\/p>\n<p>&nbsp;<\/p>\n<h3><span style=\"font-size: 90%;\">Bang King Triple 50000 50K puffar 3 i 1 disponibel vape <strong>Video:<\/strong><\/span><\/h3>\n<p>&nbsp;<\/p>\n<h2 class=\"header-vfC6AV auto-hide-last-sibling-br\"><span style=\"font-size: 90%;\">Vanliga fr\u00e5gor om Bang King Triple 50000 50K puffar 3 i 1 disponibel vape<\/span><\/h2>\n<p>\u2753 <strong class=\"\">Hur \u00e4ndrar jag smaker?<\/strong><br \/>\n\u2705 <strong>Vrid munstycket 180\u00b0<\/strong>\u2014hoppa omedelbart till n\u00e4sta av <strong>tre inbyggda smaker<\/strong>.<\/p>\n<p>\u2753 <strong>Hur m\u00e5nga bloss totalt?<\/strong><br \/>\n\u2705 Fabriksklassad <strong>50 000 bloss<\/strong> \u00f6ver alla tre kamrarna.<\/p>\n<p>\u2753 <strong>\u00c4r den uppladdningsbar?<\/strong><br \/>\n\u2705 <strong>600 mAh<\/strong> batteri + <strong>Typ-C<\/strong> port; full laddning p\u00e5 ~30 min.<\/p>\n<p>\u2753 <strong>Vilka nikotinstyrkor erbjuds?<\/strong><br \/>\n\u2705 <strong>0 %, 2 %, 3 %, 5 %<\/strong>\u2014smidig halsslag, EU-standard.<\/p>\n<p>\u2753 <strong>Hur kontrollerar jag batteri eller e-v\u00e4tska?<\/strong><br \/>\n\u2705 <strong>Smart peksk\u00e4rm<\/strong> visar b\u00e5da niv\u00e5erna p\u00e5 ett \u00f6gonblick.<\/p>\n<p>\u2753 <strong>L\u00e4cker enheten?<\/strong><br \/>\n\u2705 <strong>Anti-l\u00e4ckage<\/strong> trippelkammare h\u00e5ller fickorna rena.<\/p>\n<p>&nbsp;<\/p>\n<h3 id=\"brxe-najhln\" class=\"brxe-heading\">Vanliga fr\u00e5gor (FAQ)<\/h3>\n<div id=\"brxe-rajiac\" class=\"brxe-text\">\n<p><strong>F: Vilka betalningsmetoder accepterar du?<\/strong><br \/>\nS: Vi accepterar PayPal, Stripe, bank\u00f6verf\u00f6ringar (st\u00f6ds med SEPA), vanliga kreditkort (Visa, MasterCard, American Express) och betalningar i kryptovaluta.<\/p>\n<p><strong>F: Hur l\u00e5ng tid tar best\u00e4llningsberedningen?<\/strong><br \/>\nS: Best\u00e4llningsf\u00f6rberedelse tar 1-3 arbetsdagar.<\/p>\n<p><strong>F: Vad \u00e4r leveranstiden?<\/strong><br \/>\nS: Leveranstiden \u00e4r 7-14 arbetsdagar, beroende p\u00e5 var du befinner dig.<\/p>\n<p><strong>F: Hur kan jag sp\u00e5ra min best\u00e4llning?<\/strong><br \/>\nS: Efter leverans kommer du att f\u00e5 ett bekr\u00e4ftelsemail med ett sp\u00e5rningsnummer f\u00f6r sp\u00e5rning i realtid.<\/p>\n<p><strong>F: Vilken \u00e4r din returpolicy?<\/strong><br \/>\nS: Vi erbjuder en 30-dagars returpolicy f\u00f6r \u00e5terbetalningar eller byten. .<\/p>\n<p><strong>F: Kommer det att finnas n\u00e5gra tullproblem?<br \/>\n<\/strong>Vi hanterar alla tullf\u00f6rfaranden f\u00f6r att s\u00e4kerst\u00e4lla en problemfri upplevelse f\u00f6r dig. .<\/p>\n<p><strong>F: Vilka frakts\u00e4tt anv\u00e4nds?<\/strong><br \/>\nVi samarbetar med UPS\/DHL\/FEDEX\/DPD, etc. Vi kommer att v\u00e4lja l\u00e4mpligt fraktalternativ beroende p\u00e5 leveransland f\u00f6r att s\u00e4kerst\u00e4lla att du f\u00e5r dina produkter s\u00e5 snabbt som m\u00f6jligt.<\/p>\n<p><a href=\"https:\/\/pgvape.com\/sv\/vanliga-fragor\/\">Klicka h\u00e4r f\u00f6r mer FAQ<\/a><\/p>\n<p>K\u00e4ra kunder, Om du har n\u00e5gra fr\u00e5gor om din best\u00e4llning eller ankomsten av varor, v\u00e4nligen kontakta v\u00e5r kundtj\u00e4nst. Tack!<\/p>\n<h3 data-sourcepos=\"73:1-73:21\"><strong data-sourcepos=\"73:7-73:21\">Kontakta oss<\/strong><\/h3>\n<div id=\"text-2419739398\" class=\"text\">\n<p><strong data-sourcepos=\"75:3-75:12\">E-post<\/strong>:\u00a0<a href=\"mailto:support@pgvape.com\"><strong>support@pgvape.com<\/strong><\/a><\/p>\n<p><strong data-sourcepos=\"76:3-76:15\">WhatsApp<\/strong>:\u00a0<a href=\"https:\/\/wa.me\/+8618128481258\"><strong>+86 18128481258<\/strong><\/a><br \/>\n<strong>(Svara inom 24 timmar p\u00e5 arbetsdagar)<\/strong><\/p>\n<\/div>\n<h3><strong>Tack f\u00f6r att du valde pgvape.com! .<\/strong><\/h3>\n<\/div>","protected":false},"excerpt":{"rendered":"<p><strong>Bang King Triple 50000<\/strong>\u2014<strong>50 K puffar<\/strong>, <strong>35 ml<\/strong>, <strong>3-i-1 twist smaker<\/strong>, <strong>mesh spole<\/strong>, <strong>Typ-C<\/strong>, <strong>peksk\u00e4rm<\/strong>.<strong>Vrid en g\u00e5ng, smaka tre, vape f\u00f6r alltid.<\/strong><\/p>","protected":false},"featured_media":7681,"comment_status":"open","ping_status":"closed","template":"","meta":{"_seopress_robots_primary_cat":"none","_seopress_titles_title":"","_seopress_titles_desc":"","_seopress_robots_index":""},"product_brand":[19,516],"product_cat":[61,18,515],"product_tag":[46,318,510,90,511],"class_list":{"0":"post-7678","1":"product","2":"type-product","3":"status-publish","4":"has-post-thumbnail","6":"product_brand-bang-king-vape","7":"product_brand-disposable-vape","8":"product_cat-50k-puffs-vape","9":"product_cat-bang-king-vape","10":"product_cat-disposable-vape","11":"product_tag-3-in-1","12":"product_tag-50k-puffs-vape","13":"product_tag-bang-king-triple-50000","14":"product_tag-disposable-vape","15":"product_tag-eu-norm-compliant","17":"first","18":"instock","19":"sale","20":"shipping-taxable","21":"purchasable","22":"product-type-variable"},"_links":{"self":[{"href":"https:\/\/pgvape.com\/sv\/wp-json\/wp\/v2\/product\/7678","targetHints":{"allow":["GET"]}}],"collection":[{"href":"https:\/\/pgvape.com\/sv\/wp-json\/wp\/v2\/product"}],"about":[{"href":"https:\/\/pgvape.com\/sv\/wp-json\/wp\/v2\/types\/product"}],"replies":[{"embeddable":true,"href":"https:\/\/pgvape.com\/sv\/wp-json\/wp\/v2\/comments?post=7678"}],"wp:featuredmedia":[{"embeddable":true,"href":"https:\/\/pgvape.com\/sv\/wp-json\/wp\/v2\/media\/7681"}],"wp:attachment":[{"href":"https:\/\/pgvape.com\/sv\/wp-json\/wp\/v2\/media?parent=7678"}],"wp:term":[{"taxonomy":"product_brand","embeddable":true,"href":"https:\/\/pgvape.com\/sv\/wp-json\/wp\/v2\/product_brand?post=7678"},{"taxonomy":"product_cat","embeddable":true,"href":"https:\/\/pgvape.com\/sv\/wp-json\/wp\/v2\/product_cat?post=7678"},{"taxonomy":"product_tag","embeddable":true,"href":"https:\/\/pgvape.com\/sv\/wp-json\/wp\/v2\/product_tag?post=7678"}],"curies":[{"name":"wp","href":"https:\/\/api.w.org\/{rel}","templated":true}]}}