{"id":7618,"date":"2025-12-07T12:11:58","date_gmt":"2025-12-07T12:11:58","guid":{"rendered":"https:\/\/pgvape.com\/?post_type=product&#038;p=7618"},"modified":"2026-04-09T14:44:17","modified_gmt":"2026-04-09T14:44:17","slug":"solaris-champagne-30000-30k-puffar-engangsvape-2-nikotin-10-smaker-vape-factory-direct","status":"publish","type":"product","link":"https:\/\/pgvape.com\/sv\/produkt\/solaris-champagne-30000-30k-puffar-engangsvape-2-nikotin-10-smaker-vape-factory-direct\/","title":{"rendered":"Solaris Champagne 30000 30k Puffs Disposable Vape 2%\u00a0Nicotine 10 Tastes Vape Factory Direct"},"content":{"rendered":"<p>Solaris Champagne 30000 Puffs eng\u00e5ngs <strong>Vape<\/strong>\u00a0Stoltserar med imponerande 30 000 puffar, som h\u00e5ller l\u00e4nge\u00a0<strong>Vaping<\/strong>\u00a0Njutning f\u00f6r dagligt bruk eller p\u00e5 spr\u00e5ng.\u00a0<strong>E-v\u00e4tska<\/strong> Kapacitet, 2%Nikotinalternativ och 1,0\u03a9 <strong>Mesh Coil<\/strong>\u00a0(Standard f\u00f6r rik smak), det s\u00e4kerst\u00e4ller konsekvent \u00e5nga och tillfredsst\u00e4llande smak.\u00a0<strong>Vape<\/strong>\u00a0Designad f\u00f6r p\u00e5litlighet och smakfulla upplevelser.<\/p>\n<p>&nbsp;<\/p>\n<h2><span style=\"font-size: 90%;\">Specifikationer f\u00f6r Solaris Champagne 30000 30k Puffs Disposable Vape<\/span><\/h2>\n<p><strong>Puffar<\/strong>: \u2248 <strong class=\"\">30 000<\/strong><\/p>\n<p><strong>E-v\u00e4tska<\/strong>: <strong class=\"\">20 ml<\/strong><\/p>\n<p><strong>Nikotin<\/strong>:<strong class=\"\">2%<\/strong><\/p>\n<p><strong>Batteri<\/strong>: <strong>600 mAh<\/strong>, <strong>Typ-C<\/strong> snabbladdning<\/p>\n<p><strong>Spole<\/strong>: 1,0\u03a9\u00a0<strong>Mesh Coil<\/strong><\/p>\n<p><strong>Typ<\/strong>: Eng\u00e5ngs, dragaktiverad<\/p>\n<p>&nbsp;<\/p>\n<h3><span style=\"font-size: 90%;\">Solaris Champagne 30000 30k Puffs Disposable Vape Flavor List<\/span><\/h3>\n<p>1. Jordgubbskiwi<\/p>\n<p>2.Blue Razz Cherry<\/p>\n<p>3.Blandade b\u00e4r<\/p>\n<p>4.Bl\u00e5b\u00e4rshallon<\/p>\n<p>5.Whitegrape Champagne<\/p>\n<p>6. Juicy Peach<\/p>\n<p>7. Jordgubbsvattenmelon<\/p>\n<p>8. Vattenmelon Is<\/p>\n<p>9.Trippel Mango<\/p>\n<p>10. Mamba<\/p>\n<p>11.Passionsfrukt Mango<\/p>\n<p>12.Tropisk frukt<\/p>\n<p>13. Cherry Dragon Fruit<\/p>\n<p>14.Red Peach Champagne<\/p>\n<p>15. Cherry Cola<\/p>\n<p>16. Energidryck<\/p>\n<p>17.Love 66<\/p>\n<p>18.Cherry Berry<\/p>\n<p>19. Rosa Lemonad<\/p>\n<p>20.Double Apple<\/p>\n<p><strong><img loading=\"lazy\" decoding=\"async\" class=\"alignnone wp-image-7623 size-full\" src=\"https:\/\/pgvape.com\/wp-content\/uploads\/2025\/12\/Humo-AZUL-Champagne-30000-30k-Puffs-Disposable-Vape-2-Nicotine-10Tastes-Vape-Factory-Direct-pgvape-3.png\" alt=\"Reklamaffisch med titeln \u201c10 FLAVORS\u201d som visar tio svarta champagneflaskor f\u00f6r eng\u00e5ngsvapor m\u00e4rkta Humo AZUL, var och en uppsatt \u00f6ver en f\u00e4rgglad fruktbakgrund och m\u00e4rkt med smaker: Vattenmelonis, Vindruvavattenmelon, Jordgubbsvattenmelon, Vit Druvschampagne, Juicy Peach, Blueberry Raspberry, Razzwigo, Blueberry Razzwigo och Strawberry Kisberry, Strawberry Kisberry,.\" width=\"1800\" height=\"1437\" srcset=\"https:\/\/pgvape.com\/wp-content\/uploads\/2025\/12\/Humo-AZUL-Champagne-30000-30k-Puffs-Disposable-Vape-2-Nicotine-10Tastes-Vape-Factory-Direct-pgvape-3.png 1800w, https:\/\/pgvape.com\/wp-content\/uploads\/2025\/12\/Humo-AZUL-Champagne-30000-30k-Puffs-Disposable-Vape-2-Nicotine-10Tastes-Vape-Factory-Direct-pgvape-3-451x360.png 451w, https:\/\/pgvape.com\/wp-content\/uploads\/2025\/12\/Humo-AZUL-Champagne-30000-30k-Puffs-Disposable-Vape-2-Nicotine-10Tastes-Vape-Factory-Direct-pgvape-3-595x475.png 595w, https:\/\/pgvape.com\/wp-content\/uploads\/2025\/12\/Humo-AZUL-Champagne-30000-30k-Puffs-Disposable-Vape-2-Nicotine-10Tastes-Vape-Factory-Direct-pgvape-3-400x319.png 400w, https:\/\/pgvape.com\/wp-content\/uploads\/2025\/12\/Humo-AZUL-Champagne-30000-30k-Puffs-Disposable-Vape-2-Nicotine-10Tastes-Vape-Factory-Direct-pgvape-3-768x613.png 768w, https:\/\/pgvape.com\/wp-content\/uploads\/2025\/12\/Humo-AZUL-Champagne-30000-30k-Puffs-Disposable-Vape-2-Nicotine-10Tastes-Vape-Factory-Direct-pgvape-3-1536x1226.png 1536w, https:\/\/pgvape.com\/wp-content\/uploads\/2025\/12\/Humo-AZUL-Champagne-30000-30k-Puffs-Disposable-Vape-2-Nicotine-10Tastes-Vape-Factory-Direct-pgvape-3-15x12.png 15w, https:\/\/pgvape.com\/wp-content\/uploads\/2025\/12\/Humo-AZUL-Champagne-30000-30k-Puffs-Disposable-Vape-2-Nicotine-10Tastes-Vape-Factory-Direct-pgvape-3-600x479.png 600w\" sizes=\"auto, (max-width: 1800px) 100vw, 1800px\" \/><\/strong><\/p>\n<p>&nbsp;<\/p>\n<h3><span style=\"font-size: 90%;\">Humo AZUL Champagne 30000 30k Puffs Disposable Vape <strong>Video:<\/strong><\/span><\/h3>\n<p><iframe loading=\"lazy\" title=\"Humo AZUL Champagne 30000 30k Puffs Disposable Vape 10 Tastes Vape Factory Direct pgvape\" width=\"563\" height=\"1000\" src=\"https:\/\/www.youtube.com\/embed\/4RibXcW0cwI?feature=oembed\" frameborder=\"0\" allow=\"accelerometer; autoplay; clipboard-write; encrypted-media; gyroscope; picture-in-picture; web-share\" referrerpolicy=\"strict-origin-when-cross-origin\" allowfullscreen><\/iframe><\/p>\n<p>&nbsp;<\/p>\n<h2 class=\"header-vfC6AV auto-hide-last-sibling-br\"><span style=\"font-size: 90%;\">Vanliga fr\u00e5gor om Humo Solaris 30000 30k Puffs Disposable Vape<\/span><\/h2>\n<p>\u2753Hur m\u00e5nga bloss ger denna eng\u00e5ngsprodukt\u00a0<strong>Vape<\/strong>\u00a0Erbjuda?<br \/>\n\u2705Den ger upp till 30 000 bloss, ger l\u00e5ngvarig\u00a0<strong>Vaping<\/strong>\u00a0Utan frekventa enhetsbyten.<\/p>\n<p>\u2753Vilka nikotinstyrkor finns tillg\u00e4ngliga?<br \/>\n\u2705V\u00e4lj mellan 2% Nikotin, passar m\u00e5ttlig till stark <strong>Vaping<\/strong>\u00a0Inst\u00e4llningar.<\/p>\n<p>\u2753 Hur mycket\u00a0<strong>E-v\u00e4tska<\/strong>\u00a0H\u00e5ller enheten?<br \/>\n\u2705Den har en 20ml\u00a0<strong>E-v\u00e4tska<\/strong>\u00a0Kapacitet som st\u00f6der 30 000-Puff-prestanda.<\/p>\n<p>\u2753Hur laddar jag\u00a0<strong>Vape<\/strong>?<br \/>\n\u2705Den anv\u00e4nder en laddare av typ C f\u00f6r att ladda 600mAh-batteriet, vilket m\u00f6jligg\u00f6r snabb str\u00f6m\u00e5terst\u00e4llning.<\/p>\n<p>\u2753Finns det olika smakalternativ att v\u00e4lja mellan?<br \/>\n\u2705Ja, den erbjuder 10 smaker inklusive fruktiga, isiga och blandade profiler f\u00f6r att tillgodose olika smaker.<\/p>\n<p>\u2753\u00c4r detta\u00a0<strong>Vape<\/strong>\u00a0L\u00e4tt att anv\u00e4nda f\u00f6r dagligt eller p\u00e5 spr\u00e5ng?<br \/>\n\u2705Ja, det \u00e4r en f\u00f6rfylld eng\u00e5ngsenhet utan behov av p\u00e5fyllning \u2013 kompakt och bekv\u00e4m n\u00e4r som helst\u00a0<strong>Vaping<\/strong>.<\/p>\n<p>&nbsp;<\/p>\n<h3 id=\"brxe-najhln\" class=\"brxe-heading\">Vanliga fr\u00e5gor (FAQ)<\/h3>\n<div id=\"brxe-rajiac\" class=\"brxe-text\">\n<p><strong>F: Vilka betalningsmetoder accepterar du?<\/strong><br \/>\nS: Vi accepterar PayPal, Stripe, bank\u00f6verf\u00f6ringar (st\u00f6ds med SEPA), vanliga kreditkort (Visa, MasterCard, American Express) och betalningar i kryptovaluta.<\/p>\n<p><strong>F: Hur l\u00e5ng tid tar best\u00e4llningsberedningen?<\/strong><br \/>\nS: Best\u00e4llningsf\u00f6rberedelse tar 1-3 arbetsdagar.<\/p>\n<p><strong>F: Vad \u00e4r leveranstiden?<\/strong><br \/>\nS: Leveranstiden \u00e4r 7-14 arbetsdagar, beroende p\u00e5 var du befinner dig.<\/p>\n<p><strong>F: Hur kan jag sp\u00e5ra min best\u00e4llning?<\/strong><br \/>\nS: Efter leverans kommer du att f\u00e5 ett bekr\u00e4ftelsemail med ett sp\u00e5rningsnummer f\u00f6r sp\u00e5rning i realtid.<\/p>\n<p><strong>F: Vilken \u00e4r din returpolicy?<\/strong><br \/>\nS: Vi erbjuder en 30-dagars returpolicy f\u00f6r \u00e5terbetalningar eller byten. .<\/p>\n<p><strong>F: Kommer det att finnas n\u00e5gra tullproblem?<br \/>\n<\/strong>Vi hanterar alla tullf\u00f6rfaranden f\u00f6r att s\u00e4kerst\u00e4lla en problemfri upplevelse f\u00f6r dig. .<\/p>\n<p><strong>F: Vilka frakts\u00e4tt anv\u00e4nds?<\/strong><br \/>\nVi samarbetar med UPS\/DHL\/FEDEX\/DPD, etc. Vi kommer att v\u00e4lja l\u00e4mpligt fraktalternativ beroende p\u00e5 leveransland f\u00f6r att s\u00e4kerst\u00e4lla att du f\u00e5r dina produkter s\u00e5 snabbt som m\u00f6jligt.<\/p>\n<p><a href=\"https:\/\/pgvape.com\/sv\/vanliga-fragor\/\">Klicka h\u00e4r f\u00f6r mer FAQ<\/a><\/p>\n<p>K\u00e4ra kunder, Om du har n\u00e5gra fr\u00e5gor om din best\u00e4llning eller ankomsten av varor, v\u00e4nligen kontakta v\u00e5r kundtj\u00e4nst. Tack!<\/p>\n<h3 data-sourcepos=\"73:1-73:21\"><strong data-sourcepos=\"73:7-73:21\">Kontakta oss<\/strong><\/h3>\n<div id=\"text-2419739398\" class=\"text\">\n<p><strong data-sourcepos=\"75:3-75:12\">E-post<\/strong>:\u00a0<a href=\"mailto:support@pgvape.com\"><strong>support@pgvape.com<\/strong><\/a><\/p>\n<p><strong data-sourcepos=\"76:3-76:15\">WhatsApp<\/strong>:\u00a0<a href=\"https:\/\/wa.me\/+8618128481258\"><strong>+86 18128481258<\/strong><\/a><br \/>\n<strong>(Svara inom 24 timmar p\u00e5 arbetsdagar)<\/strong><\/p>\n<\/div>\n<h3><strong>Tack f\u00f6r att du valde pgvape.com! .<\/strong><\/h3>\n<\/div>","protected":false},"excerpt":{"rendered":"<p><strong>30K puffar<\/strong>\u2014<strong>20 ml<\/strong>, <strong>Typ-C<\/strong> ladda om, <strong>2 %\/5 % nic<\/strong>, <strong>10 fruktiga smaker<\/strong>.<strong class=\"\">L\u00e5ng livsl\u00e4ngd, dj\u00e4rv smak, inget kr\u00e5ngel.<\/strong><\/p>","protected":false},"featured_media":7621,"comment_status":"open","ping_status":"closed","template":"","meta":{"_seopress_robots_primary_cat":"none","_seopress_titles_title":"","_seopress_titles_desc":"","_seopress_robots_index":""},"product_brand":[516,513],"product_cat":[35,515,512],"product_tag":[349,90,514,620],"class_list":{"0":"post-7618","1":"product","2":"type-product","3":"status-publish","4":"has-post-thumbnail","6":"product_brand-disposable-vape","7":"product_brand-solaris-champagne-vape","8":"product_cat-30k-puffs-vape","9":"product_cat-disposable-vape","10":"product_cat-solaris-champagne-vape","11":"product_tag-30k-puffs-vape","12":"product_tag-disposable-vape","13":"product_tag-solaris-champagne-30000","14":"product_tag-solaris-vape","16":"first","17":"instock","18":"sale","19":"shipping-taxable","20":"purchasable","21":"product-type-variable"},"_links":{"self":[{"href":"https:\/\/pgvape.com\/sv\/wp-json\/wp\/v2\/product\/7618","targetHints":{"allow":["GET"]}}],"collection":[{"href":"https:\/\/pgvape.com\/sv\/wp-json\/wp\/v2\/product"}],"about":[{"href":"https:\/\/pgvape.com\/sv\/wp-json\/wp\/v2\/types\/product"}],"replies":[{"embeddable":true,"href":"https:\/\/pgvape.com\/sv\/wp-json\/wp\/v2\/comments?post=7618"}],"wp:featuredmedia":[{"embeddable":true,"href":"https:\/\/pgvape.com\/sv\/wp-json\/wp\/v2\/media\/7621"}],"wp:attachment":[{"href":"https:\/\/pgvape.com\/sv\/wp-json\/wp\/v2\/media?parent=7618"}],"wp:term":[{"taxonomy":"product_brand","embeddable":true,"href":"https:\/\/pgvape.com\/sv\/wp-json\/wp\/v2\/product_brand?post=7618"},{"taxonomy":"product_cat","embeddable":true,"href":"https:\/\/pgvape.com\/sv\/wp-json\/wp\/v2\/product_cat?post=7618"},{"taxonomy":"product_tag","embeddable":true,"href":"https:\/\/pgvape.com\/sv\/wp-json\/wp\/v2\/product_tag?post=7618"}],"curies":[{"name":"wp","href":"https:\/\/api.w.org\/{rel}","templated":true}]}}