{"id":7586,"date":"2025-12-07T10:10:00","date_gmt":"2025-12-07T10:10:00","guid":{"rendered":"https:\/\/pgvape.com\/?post_type=product&#038;p=7586"},"modified":"2026-03-15T13:32:42","modified_gmt":"2026-03-15T13:32:42","slug":"bang-leader-18000-18k-puffar-disponibel-vape-0-2-3-5-nikotin-12-smaker-vape-factory-direct","status":"publish","type":"product","link":"https:\/\/pgvape.com\/sv\/produkt\/bang-leader-18000-18k-puffar-disponibel-vape-0-2-3-5-nikotin-12-smaker-vape-factory-direct\/","title":{"rendered":"Bang Leader 18000 18K Puffs Disponibel Vape 0% 2% 3% 5% Nikotin 12Tastes Vape Factory Direct"},"content":{"rendered":"<p>Konstruerad f\u00f6r tillf\u00f6rlitlighet och prestanda, The <strong data-sourcepos=\"7:49-7:92\">Bang Leader 18000 Puffs Disposable Vape<\/strong> Kombinerar f\u00f6rl\u00e4ngd livsl\u00e4ngd med modern bekv\u00e4mlighet. <strong data-sourcepos=\"7:167-7:198\">650mAh uppladdningsbart batteri<\/strong> Med Bekv\u00e4m <strong data-sourcepos=\"7:215-7:234\">Laddning av typ C<\/strong>, Denna enhet s\u00e4kerst\u00e4ller kontinuerlig njutning utan kompromisser. <strong data-sourcepos=\"7:310-7:330\">Mesh Coil System<\/strong> F\u00f6rb\u00e4ttrar smakens klarhet och \u00e5ngproduktion, medan den str\u00f6mlinjeformade, fickv\u00e4nliga formen s\u00e4kerst\u00e4ller bekv\u00e4m daglig anv\u00e4ndning. .<\/p>\n<p>&nbsp;<\/p>\n<h2><span style=\"font-size: 90%;\">Specifikation f\u00f6r Bang Leader 18000 18K Puffs Disposable Vape<\/span><\/h2>\n<p><strong>Puffar<\/strong>: Upp till <strong>18,000<\/strong><\/p>\n<p><strong>Batteri<\/strong>: <strong>650 mAh<\/strong>, <strong>Typ-C<\/strong> snabbladdning (~30 min)<\/p>\n<p><strong>Spole<\/strong>: <strong>1,0 \u03a9 mesh<\/strong><\/p>\n<p><strong>Nikotin<\/strong>: <strong>0 %, 2 %, 3 %, 5 %<\/strong><\/p>\n<p><strong>Design<\/strong>: Ultratunn, anti-l\u00e4ckage, fickanpassad<\/p>\n<p><strong>Luftfl\u00f6de<\/strong>: <strong>Fixat j\u00e4mn MTL-dragning<\/strong><\/p>\n<p>&nbsp;<\/p>\n<h3><span style=\"font-size: 90%;\">Bang Leader 18000 18K Puffs Disposable Vape Flavor List<\/span><\/h3>\n<p><strong data-sourcepos=\"21:4-21:23\">1. Jordgubbskiwi<\/strong><\/p>\n<p><strong data-sourcepos=\"22:4-22:29\">2. Jordgubbsvattenmelon<\/strong><\/p>\n<p><strong data-sourcepos=\"23:4-23:16\">3. Red Bull<\/strong><\/p>\n<p><strong data-sourcepos=\"24:4-24:20\">4. Blandade frukter<\/strong><\/p>\n<p><strong data-sourcepos=\"25:4-25:27\">5.Bl\u00e5b\u00e4rshallon<\/strong><\/p>\n<p><strong data-sourcepos=\"26:4-26:28\">6.Bl\u00e5b\u00e4rsvattenmelon<\/strong><\/p>\n<p><strong data-sourcepos=\"27:4-27:17\">7. Grape Ice<\/strong><\/p>\n<p><strong data-sourcepos=\"28:4-28:34\">8. Hallon Mojito Peach Ice<\/strong><\/p>\n<p><strong data-sourcepos=\"29:4-29:22\">9. Vattenmelon Is<\/strong><\/p>\n<p><strong data-sourcepos=\"30:5-30:29\">10.Hallonvattenmelon<\/strong><\/p>\n<p><strong data-sourcepos=\"31:5-31:17\">11. Cola Ice<\/strong><\/p>\n<p><strong data-sourcepos=\"32:5-32:31\">12.Mango Persika Vattenmelon<img loading=\"lazy\" decoding=\"async\" class=\"alignnone wp-image-7591 size-full\" src=\"https:\/\/pgvape.com\/wp-content\/uploads\/2025\/12\/Bang-Leader-18000-Puffs-Disposable-Vape-0-2-3-5-Nicotine-12Tastes-Rechargeable-Vape-Factory-Direct-3.png\" alt=\"Kampanjbanner f\u00f6r Bang Leader 18000 puffar eng\u00e5ngsvapes med \u00f6verdimensionerade f\u00e4rgglada enheter p\u00e5 piedestaler till v\u00e4nster, varum\u00e4rkeslogotypen och den stora rubriken \u201c18000 PUFFS\u201d och ett rutn\u00e4t p\u00e5 h\u00f6ger sida med tolv smakf\u00e4rgade vape-enheter m\u00e4rkta med smaker som jordgubbshallon, vattenmelon, grapekola, vatten .\" width=\"1800\" height=\"810\" srcset=\"https:\/\/pgvape.com\/wp-content\/uploads\/2025\/12\/Bang-Leader-18000-Puffs-Disposable-Vape-0-2-3-5-Nicotine-12Tastes-Rechargeable-Vape-Factory-Direct-3.png 1800w, https:\/\/pgvape.com\/wp-content\/uploads\/2025\/12\/Bang-Leader-18000-Puffs-Disposable-Vape-0-2-3-5-Nicotine-12Tastes-Rechargeable-Vape-Factory-Direct-3-555x250.png 555w, https:\/\/pgvape.com\/wp-content\/uploads\/2025\/12\/Bang-Leader-18000-Puffs-Disposable-Vape-0-2-3-5-Nicotine-12Tastes-Rechargeable-Vape-Factory-Direct-3-595x268.png 595w, https:\/\/pgvape.com\/wp-content\/uploads\/2025\/12\/Bang-Leader-18000-Puffs-Disposable-Vape-0-2-3-5-Nicotine-12Tastes-Rechargeable-Vape-Factory-Direct-3-400x180.png 400w, https:\/\/pgvape.com\/wp-content\/uploads\/2025\/12\/Bang-Leader-18000-Puffs-Disposable-Vape-0-2-3-5-Nicotine-12Tastes-Rechargeable-Vape-Factory-Direct-3-768x346.png 768w, https:\/\/pgvape.com\/wp-content\/uploads\/2025\/12\/Bang-Leader-18000-Puffs-Disposable-Vape-0-2-3-5-Nicotine-12Tastes-Rechargeable-Vape-Factory-Direct-3-1536x691.png 1536w, https:\/\/pgvape.com\/wp-content\/uploads\/2025\/12\/Bang-Leader-18000-Puffs-Disposable-Vape-0-2-3-5-Nicotine-12Tastes-Rechargeable-Vape-Factory-Direct-3-18x8.png 18w, https:\/\/pgvape.com\/wp-content\/uploads\/2025\/12\/Bang-Leader-18000-Puffs-Disposable-Vape-0-2-3-5-Nicotine-12Tastes-Rechargeable-Vape-Factory-Direct-3-600x270.png 600w\" sizes=\"auto, (max-width: 1800px) 100vw, 1800px\" \/><\/strong><\/p>\n<p>&nbsp;<\/p>\n<h3><span style=\"font-size: 90%;\">Bang Leader 18000 18K Puffs Disposable Vape Video:<\/span><\/h3>\n<p>&nbsp;<\/p>\n<h2 class=\"header-vfC6AV auto-hide-last-sibling-br\"><span style=\"font-size: 90%;\">Vanliga fr\u00e5gor om Bang Leader 18000 18K Puffs Disposable Vape<\/span><\/h2>\n<p>\u2753 <strong>Hur m\u00e5nga bloss per enhet?<\/strong><br \/>\n\u2705 Fabriksklassad <strong>18 000 bloss<\/strong>\u2013 veckor av daglig vaping.<\/p>\n<p>\u2753 <strong>\u00c4r den uppladdningsbar?<\/strong><br \/>\n\u2705 Ja, <strong>650 mAh<\/strong> batteri + <strong>Typ-C<\/strong> port; full laddning p\u00e5 ~30 min.<\/p>\n<p>\u2753 <strong>Vilken spole finns inuti?<\/strong><br \/>\n\u2705 <strong>1,0 \u03a9 mesh spole<\/strong>\u2014St\u00f6rre uppv\u00e4rmningsyta, t\u00e4tare smak.<\/p>\n<p>\u2753 <strong>Kan jag v\u00e4lja nikotinstyrka?<br \/>\n<\/strong>\u2705 <strong>0 %, 2 %, 3 %, 5 %<\/strong> salt-nic alternativ \u2013 v\u00e4lj f\u00f6re varukorg.<\/p>\n<p>\u2753 <strong>Beh\u00f6vs p\u00e5fyllning eller underh\u00e5ll?<\/strong><br \/>\n\u2705 <strong>Noll underh\u00e5ll<\/strong>\u2014f\u00f6rfylld, f\u00f6rladdad, dragaktiverad.<\/p>\n<p>&nbsp;<\/p>\n<h3 id=\"brxe-najhln\" class=\"brxe-heading\">Vanliga fr\u00e5gor (FAQ)<\/h3>\n<div id=\"brxe-rajiac\" class=\"brxe-text\">\n<p><strong>F: Vilka betalningsmetoder accepterar du?<\/strong><br \/>\nS: Vi accepterar PayPal, Stripe, bank\u00f6verf\u00f6ringar (st\u00f6ds med SEPA), vanliga kreditkort (Visa, MasterCard, American Express) och betalningar i kryptovaluta.<\/p>\n<p><strong>F: Hur l\u00e5ng tid tar best\u00e4llningsberedningen?<\/strong><br \/>\nS: Best\u00e4llningsf\u00f6rberedelse tar 1-3 arbetsdagar.<\/p>\n<p><strong>F: Vad \u00e4r leveranstiden?<\/strong><br \/>\nS: Leveranstiden \u00e4r 7-14 arbetsdagar, beroende p\u00e5 var du befinner dig.<\/p>\n<p><strong>F: Hur kan jag sp\u00e5ra min best\u00e4llning?<\/strong><br \/>\nS: Efter leverans kommer du att f\u00e5 ett bekr\u00e4ftelsemail med ett sp\u00e5rningsnummer f\u00f6r sp\u00e5rning i realtid.<\/p>\n<p><strong>F: Vilken \u00e4r din returpolicy?<\/strong><br \/>\nS: Vi erbjuder en 30-dagars returpolicy f\u00f6r \u00e5terbetalningar eller byten. .<\/p>\n<p><strong>F: Kommer det att finnas n\u00e5gra tullproblem?<br \/>\n<\/strong>Vi hanterar alla tullf\u00f6rfaranden f\u00f6r att s\u00e4kerst\u00e4lla en problemfri upplevelse f\u00f6r dig. .<\/p>\n<p><strong>F: Vilka frakts\u00e4tt anv\u00e4nds?<\/strong><br \/>\nVi samarbetar med UPS\/DHL\/FEDEX\/DPD, etc. Vi kommer att v\u00e4lja l\u00e4mpligt fraktalternativ beroende p\u00e5 leveransland f\u00f6r att s\u00e4kerst\u00e4lla att du f\u00e5r dina produkter s\u00e5 snabbt som m\u00f6jligt.<\/p>\n<p><a href=\"https:\/\/pgvape.com\/sv\/vanliga-fragor\/\">Klicka h\u00e4r f\u00f6r mer FAQ<\/a><\/p>\n<p>K\u00e4ra kunder, Om du har n\u00e5gra fr\u00e5gor om din best\u00e4llning eller ankomsten av varor, v\u00e4nligen kontakta v\u00e5r kundtj\u00e4nst. Tack!<\/p>\n<h3 data-sourcepos=\"73:1-73:21\"><strong data-sourcepos=\"73:7-73:21\">Kontakta oss<\/strong><\/h3>\n<div id=\"text-2419739398\" class=\"text\">\n<p><strong data-sourcepos=\"75:3-75:12\">E-post<\/strong>:\u00a0<a href=\"mailto:support@pgvape.com\"><strong>support@pgvape.com<\/strong><\/a><\/p>\n<p><strong data-sourcepos=\"76:3-76:15\">WhatsApp<\/strong>:\u00a0<a href=\"https:\/\/wa.me\/+8618128481258\"><strong>+86 18128481258<\/strong><\/a><br \/>\n<strong>(Svara inom 24 timmar p\u00e5 arbetsdagar)<\/strong><\/p>\n<\/div>\n<h3><strong>Tack f\u00f6r att du valde pgvape.com! .<\/strong><\/h3>\n<\/div>","protected":false},"excerpt":{"rendered":"<p><strong>Bang Leader 18000<\/strong>\u2014<strong>18 K puffar<\/strong>, <strong>Typ-C<\/strong> snabbladdning, <strong>1,0 \u03a9 mesh<\/strong>, <strong>12 smaker<\/strong>, <strong>0-5 % nic<\/strong>.<strong>Vapa l\u00e4nge, ladda snabbt, smaka mer.<\/strong><\/p>","protected":false},"featured_media":7589,"comment_status":"open","ping_status":"closed","template":"","meta":{"_seopress_robots_primary_cat":"none","_seopress_titles_title":"","_seopress_titles_desc":"","_seopress_robots_index":""},"product_brand":[54,516],"product_cat":[236,32,515],"product_tag":[499,498,90,500],"class_list":{"0":"post-7586","1":"product","2":"type-product","3":"status-publish","4":"has-post-thumbnail","6":"product_brand-bang-leader-vape","7":"product_brand-disposable-vape","8":"product_cat-18k-puffs-vape","9":"product_cat-bang-leader-vape","10":"product_cat-disposable-vape","11":"product_tag-18k-puffs-vape","12":"product_tag-bang-leader-18000","13":"product_tag-disposable-vape","14":"product_tag-fixed-smooth-mtl-draw","16":"first","17":"instock","18":"sale","19":"shipping-taxable","20":"purchasable","21":"product-type-variable"},"_links":{"self":[{"href":"https:\/\/pgvape.com\/sv\/wp-json\/wp\/v2\/product\/7586","targetHints":{"allow":["GET"]}}],"collection":[{"href":"https:\/\/pgvape.com\/sv\/wp-json\/wp\/v2\/product"}],"about":[{"href":"https:\/\/pgvape.com\/sv\/wp-json\/wp\/v2\/types\/product"}],"replies":[{"embeddable":true,"href":"https:\/\/pgvape.com\/sv\/wp-json\/wp\/v2\/comments?post=7586"}],"wp:featuredmedia":[{"embeddable":true,"href":"https:\/\/pgvape.com\/sv\/wp-json\/wp\/v2\/media\/7589"}],"wp:attachment":[{"href":"https:\/\/pgvape.com\/sv\/wp-json\/wp\/v2\/media?parent=7586"}],"wp:term":[{"taxonomy":"product_brand","embeddable":true,"href":"https:\/\/pgvape.com\/sv\/wp-json\/wp\/v2\/product_brand?post=7586"},{"taxonomy":"product_cat","embeddable":true,"href":"https:\/\/pgvape.com\/sv\/wp-json\/wp\/v2\/product_cat?post=7586"},{"taxonomy":"product_tag","embeddable":true,"href":"https:\/\/pgvape.com\/sv\/wp-json\/wp\/v2\/product_tag?post=7586"}],"curies":[{"name":"wp","href":"https:\/\/api.w.org\/{rel}","templated":true}]}}