{"id":7555,"date":"2025-12-07T09:52:05","date_gmt":"2025-12-07T09:52:05","guid":{"rendered":"https:\/\/pgvape.com\/?post_type=product&#038;p=7555"},"modified":"2026-03-05T14:37:54","modified_gmt":"2026-03-05T14:37:54","slug":"bang-leader-30000-30k-puffar-dubbel-smak-engangs-vape-0-2-3-5-nikotin-lcd-display-vape-factory-direct","status":"publish","type":"product","link":"https:\/\/pgvape.com\/sv\/produkt\/bang-leader-30000-30k-puffar-dubbel-smak-engangs-vape-0-2-3-5-nikotin-lcd-display-vape-factory-direct\/","title":{"rendered":"Bang leader 30000 30k Puffs Double Taste Disposable Vape 0% 2% 3% 5% Nicotine LCD Display Vape Factory Direct"},"content":{"rendered":"<p>Upplev enast\u00e5ende prestanda med The <strong data-sourcepos=\"7:45-7:88\">Bang Leader 30000 Puffs Disposable Vape<\/strong> \u2013 En toppklassad enhet som kombinerar imponerande livsl\u00e4ngd med banbrytande innovation. <strong data-sourcepos=\"7:292-7:314\">12 olika smaker<\/strong>, Avancerat <strong data-sourcepos=\"7:325-7:347\">Mesh v\u00e4rmetr\u00e5dar<\/strong>, Och en elegant ergonomisk konstruktion erbjuder denna eng\u00e5ngsprodukt enast\u00e5ende \u00e5nggenerering och smakkonsistens f\u00f6r verkligt tillfredsst\u00e4llande vaping-sessioner.<img loading=\"lazy\" decoding=\"async\" class=\"alignnone wp-image-7566 size-full\" src=\"https:\/\/pgvape.com\/wp-content\/uploads\/2025\/12\/Bang-leader-30000-30k-Puffs-Double-Taste-Disposable-Vape-0-2-3-5-Nicotine-12Tastes-LCD-Display-Vape-Factory-Direct-9.png\" alt=\"Tv\u00e5 f\u00e4rgglada vapeapparater f\u00f6r eng\u00e5ngsbruk \u2013 en neongr\u00f6n och en cyanbl\u00e5 \u2013 var och en med en rytande kattillustration och &#039;BANG LEADER&#039;-m\u00e4rke, sv\u00e4vande ovanf\u00f6r en gl\u00f6dande krickgr\u00f6n piedestal mot en geometrisk bakgrund, med n\u00e4rliggande ikoner som visar 36 ml, 550 mAh, 30 000 puffar, n\u00e4t- och n\u00e4th\u00e5llare.\" width=\"1920\" height=\"899\" srcset=\"https:\/\/pgvape.com\/wp-content\/uploads\/2025\/12\/Bang-leader-30000-30k-Puffs-Double-Taste-Disposable-Vape-0-2-3-5-Nicotine-12Tastes-LCD-Display-Vape-Factory-Direct-9.png 1920w, https:\/\/pgvape.com\/wp-content\/uploads\/2025\/12\/Bang-leader-30000-30k-Puffs-Double-Taste-Disposable-Vape-0-2-3-5-Nicotine-12Tastes-LCD-Display-Vape-Factory-Direct-9-555x260.png 555w, https:\/\/pgvape.com\/wp-content\/uploads\/2025\/12\/Bang-leader-30000-30k-Puffs-Double-Taste-Disposable-Vape-0-2-3-5-Nicotine-12Tastes-LCD-Display-Vape-Factory-Direct-9-595x279.png 595w, https:\/\/pgvape.com\/wp-content\/uploads\/2025\/12\/Bang-leader-30000-30k-Puffs-Double-Taste-Disposable-Vape-0-2-3-5-Nicotine-12Tastes-LCD-Display-Vape-Factory-Direct-9-400x187.png 400w, https:\/\/pgvape.com\/wp-content\/uploads\/2025\/12\/Bang-leader-30000-30k-Puffs-Double-Taste-Disposable-Vape-0-2-3-5-Nicotine-12Tastes-LCD-Display-Vape-Factory-Direct-9-768x360.png 768w, https:\/\/pgvape.com\/wp-content\/uploads\/2025\/12\/Bang-leader-30000-30k-Puffs-Double-Taste-Disposable-Vape-0-2-3-5-Nicotine-12Tastes-LCD-Display-Vape-Factory-Direct-9-1536x719.png 1536w, https:\/\/pgvape.com\/wp-content\/uploads\/2025\/12\/Bang-leader-30000-30k-Puffs-Double-Taste-Disposable-Vape-0-2-3-5-Nicotine-12Tastes-LCD-Display-Vape-Factory-Direct-9-18x8.png 18w, https:\/\/pgvape.com\/wp-content\/uploads\/2025\/12\/Bang-leader-30000-30k-Puffs-Double-Taste-Disposable-Vape-0-2-3-5-Nicotine-12Tastes-LCD-Display-Vape-Factory-Direct-9-600x281.png 600w\" sizes=\"auto, (max-width: 1920px) 100vw, 1920px\" \/><\/p>\n<p>&nbsp;<\/p>\n<h2><span style=\"font-size: 90%;\">Bang leader 30000 30k Puffs Double Taste Disposable Vape Specifikation<\/span><\/h2>\n<p><strong data-sourcepos=\"12:3-12:21\">Puffkapacitet:<\/strong>\u00a0Fram till\u00a0<strong data-sourcepos=\"12:28-12:44\">30 000 puffar<\/strong><\/p>\n<p><strong data-sourcepos=\"13:3-13:23\">E-Liquid Volym:<\/strong>\u00a0<strong data-sourcepos=\"13:24-13:32\">36 ml<\/strong><\/p>\n<p><strong data-sourcepos=\"14:3-14:15\">Batteri:<\/strong>\u00a0<strong data-sourcepos=\"14:16-14:37\">550mAh integrerad<\/strong>\u00a0Med USB-laddning<\/p>\n<p><strong data-sourcepos=\"15:3-15:15\">Visa:<\/strong>\u00a0Interaktiv LCD-sk\u00e4rm som visar batteri- och E-Liquid-status<\/p>\n<p><strong data-sourcepos=\"16:3-16:17\">Spoletyp:<\/strong>\u00a0<strong data-sourcepos=\"16:18-16:36\">1,0 \u03a9 n\u00e4ttr\u00e5d<\/strong>\u00a0F\u00f6r \u00f6verl\u00e4gsen uppv\u00e4rmning<\/p>\n<p><strong data-sourcepos=\"17:3-17:16\">Drag:<\/strong>\u00a0<strong data-sourcepos=\"17:17-17:39\">Justerbart luftfl\u00f6de<\/strong>\u00a0\u2022\u00a0<strong data-sourcepos=\"17:42-17:60\">Draw-aktiverad<\/strong>\u00a0\u2022\u00a0<strong data-sourcepos=\"17:63-17:90\">Kompakt b\u00e4rbar design<\/strong><\/p>\n<p><strong data-sourcepos=\"18:3-18:24\">Nikotinalternativ:<\/strong>\u00a0<strong data-sourcepos=\"18:25-18:46\">0%, 2%, 3% eller 5%<\/strong><\/p>\n<p>&nbsp;<\/p>\n<h3><span style=\"font-size: 90%;\">Bang leader 30000 30k Puffs Double Taste Disposable Vape Flavor List<\/span><\/h3>\n<p><strong data-sourcepos=\"24:4-24:39\">1. Vattenmelon Ice \/ Blueberry Mint<\/strong><\/p>\n<p><strong data-sourcepos=\"25:4-25:41\">2. Vattenmelon Ice \/ Strawberry Mango<\/strong><\/p>\n<p><strong data-sourcepos=\"26:4-26:56\">3. Jordgubbsvattenmelon \/ Kiwi Passionsfrukt Guava<\/strong><\/p>\n<p><strong data-sourcepos=\"27:4-27:41\">4. Jordgubbsvattenmelon \/ druvis<\/strong><\/p>\n<p><strong data-sourcepos=\"28:4-28:52\">5.Bl\u00e5b\u00e4r Hallon \/ Persika Mango Vattenmelon<\/strong><\/p>\n<p><strong data-sourcepos=\"29:4-29:48\">6.Bl\u00e5b\u00e4rshallon \/ Blandad m\u00f6glig frukt<\/strong><\/p>\n<p><strong data-sourcepos=\"30:4-30:40\">7.Blueberry Ice \/ Black Dragon Ice<\/strong><\/p>\n<p><strong data-sourcepos=\"31:4-31:41\">8.Bl\u00e5b\u00e4ris \/ Jordgubbsbanan<\/strong><\/p>\n<p><strong data-sourcepos=\"32:4-32:39\">9.Red Bull \/ Bl\u00e5b\u00e4r Vattenmelon<\/strong><\/p>\n<p><strong data-sourcepos=\"33:5-33:43\">10.Red Bull \/ Watermelon Bubble Candy<\/strong><\/p>\n<p><strong data-sourcepos=\"34:5-34:36\">11.Strawberry Kiwi \/ Peach Ice<\/strong><\/p>\n<p><strong data-sourcepos=\"35:5-35:47\">12.Jordgubbskiwi \/ sura \u00e4pplehallon<img loading=\"lazy\" decoding=\"async\" class=\"alignnone wp-image-7561 size-full\" src=\"https:\/\/pgvape.com\/wp-content\/uploads\/2025\/12\/Bang-leader-30000-30k-Puffs-Double-Taste-Disposable-Vape-0-2-3-5-Nicotine-12Tastes-LCD-Display-Vape-Factory-Direct-4.png\" alt=\"Rad med tolv ljust f\u00e4rgade rektangul\u00e4ra &#039;Bang Leader&#039; eng\u00e5ngsvapeapparater med svarta munstycken, var och en b\u00e4r en stiliserad tigerhuvudlogotyp och smaknamn p\u00e5 livfulla gradientpaneler mot en lila r\u00f6kig bakgrund och rubriken &#039;Bang leader 30k Puffs Double Taste Disposable Vape&#039; \u00f6verst.\" width=\"1600\" height=\"1026\" srcset=\"https:\/\/pgvape.com\/wp-content\/uploads\/2025\/12\/Bang-leader-30000-30k-Puffs-Double-Taste-Disposable-Vape-0-2-3-5-Nicotine-12Tastes-LCD-Display-Vape-Factory-Direct-4.png 1600w, https:\/\/pgvape.com\/wp-content\/uploads\/2025\/12\/Bang-leader-30000-30k-Puffs-Double-Taste-Disposable-Vape-0-2-3-5-Nicotine-12Tastes-LCD-Display-Vape-Factory-Direct-4-555x356.png 555w, https:\/\/pgvape.com\/wp-content\/uploads\/2025\/12\/Bang-leader-30000-30k-Puffs-Double-Taste-Disposable-Vape-0-2-3-5-Nicotine-12Tastes-LCD-Display-Vape-Factory-Direct-4-595x382.png 595w, https:\/\/pgvape.com\/wp-content\/uploads\/2025\/12\/Bang-leader-30000-30k-Puffs-Double-Taste-Disposable-Vape-0-2-3-5-Nicotine-12Tastes-LCD-Display-Vape-Factory-Direct-4-400x257.png 400w, https:\/\/pgvape.com\/wp-content\/uploads\/2025\/12\/Bang-leader-30000-30k-Puffs-Double-Taste-Disposable-Vape-0-2-3-5-Nicotine-12Tastes-LCD-Display-Vape-Factory-Direct-4-768x492.png 768w, https:\/\/pgvape.com\/wp-content\/uploads\/2025\/12\/Bang-leader-30000-30k-Puffs-Double-Taste-Disposable-Vape-0-2-3-5-Nicotine-12Tastes-LCD-Display-Vape-Factory-Direct-4-1536x985.png 1536w, https:\/\/pgvape.com\/wp-content\/uploads\/2025\/12\/Bang-leader-30000-30k-Puffs-Double-Taste-Disposable-Vape-0-2-3-5-Nicotine-12Tastes-LCD-Display-Vape-Factory-Direct-4-18x12.png 18w, https:\/\/pgvape.com\/wp-content\/uploads\/2025\/12\/Bang-leader-30000-30k-Puffs-Double-Taste-Disposable-Vape-0-2-3-5-Nicotine-12Tastes-LCD-Display-Vape-Factory-Direct-4-600x385.png 600w\" sizes=\"auto, (max-width: 1600px) 100vw, 1600px\" \/><\/strong><\/p>\n<p>&nbsp;<\/p>\n<h3><span style=\"font-size: 90%;\">Bang leader 30000 30k Puffs Double Taste Disposable Vape Video\uff1a<\/span><\/h3>\n<p>&nbsp;<\/p>\n<h2 class=\"header-vfC6AV auto-hide-last-sibling-br\"><span style=\"font-size: 90%;\">Vanliga fr\u00e5gor om Bang leader 30000 30k Puffs Double Taste Disposable Vape<\/span><\/h2>\n<p>\u2753 <strong class=\"\">Hur byter jag de tv\u00e5 smakerna?<\/strong><br \/>\n\u2705 <strong>Dubbel smak<\/strong> struktur \u2013 sn\u00e4rta f\u00f6r att bl\u00e4ddra mellan <strong>parade smaker<\/strong> omedelbart.<\/p>\n<p>\u2753 <strong class=\"\">Hur m\u00e5nga bloss per enhet?<\/strong><br \/>\n\u2705 Fabriksklassad <strong>upp till 30 000 bloss<\/strong>, det faktiska antalet varierar med dragstyrkan.<\/p>\n<p>\u2753 <strong class=\"\">Hur kontrollerar jag batteri eller v\u00e4tska?<\/strong><br \/>\n\u2705 <strong class=\"\">LCD digital display<\/strong> visar i realtid <strong>batteri<\/strong> och <strong>\u00e5terst\u00e5ende e-v\u00e4tska<\/strong>.<\/p>\n<p>\u2753 <strong class=\"\">Vilka nikotinstyrkor finns tillg\u00e4ngliga?<\/strong><br \/>\n\u2705 <strong class=\"\">0 %, 2 %, 3 %, 5 %<\/strong>\u2014bekr\u00e4fta version vid best\u00e4llning.<\/p>\n<p>\u2753 <strong class=\"\">\u00c4r enheten uppladdningsbar?<\/strong><br \/>\n\u2705 Inbyggd <strong class=\"\">550 mAh<\/strong> batteri med <strong class=\"\">Typ-C<\/strong> port f\u00f6r snabb p\u00e5fyllning.<\/p>\n<p>\u2753 <strong class=\"\">Kan jag justera luftfl\u00f6det?<\/strong><br \/>\n\u2705 <strong class=\"\">Justerbart luftfl\u00f6de<\/strong> l\u00e5ter dig v\u00e4lja <strong class=\"\">tight, medium eller open<\/strong> dra.<\/p>\n<p>&nbsp;<\/p>\n<h3 id=\"brxe-najhln\" class=\"brxe-heading\">Vanliga fr\u00e5gor (FAQ)<\/h3>\n<div id=\"brxe-rajiac\" class=\"brxe-text\">\n<p><strong>F: Vilka betalningsmetoder accepterar du?<\/strong><br \/>\nS: Vi accepterar PayPal, Stripe, bank\u00f6verf\u00f6ringar (st\u00f6ds med SEPA), vanliga kreditkort (Visa, MasterCard, American Express) och betalningar i kryptovaluta.<\/p>\n<p><strong>F: Hur l\u00e5ng tid tar best\u00e4llningsberedningen?<\/strong><br \/>\nS: Best\u00e4llningsf\u00f6rberedelse tar 1-3 arbetsdagar.<\/p>\n<p><strong>F: Vad \u00e4r leveranstiden?<\/strong><br \/>\nS: Leveranstiden \u00e4r 7-14 arbetsdagar, beroende p\u00e5 var du befinner dig.<\/p>\n<p><strong>F: Hur kan jag sp\u00e5ra min best\u00e4llning?<\/strong><br \/>\nS: Efter leverans kommer du att f\u00e5 ett bekr\u00e4ftelsemail med ett sp\u00e5rningsnummer f\u00f6r sp\u00e5rning i realtid.<\/p>\n<p><strong>F: Vilken \u00e4r din returpolicy?<\/strong><br \/>\nS: Vi erbjuder en 30-dagars returpolicy f\u00f6r \u00e5terbetalningar eller byten. .<\/p>\n<p><strong>F: Kommer det att finnas n\u00e5gra tullproblem?<br \/>\n<\/strong>Vi hanterar alla tullf\u00f6rfaranden f\u00f6r att s\u00e4kerst\u00e4lla en problemfri upplevelse f\u00f6r dig. .<\/p>\n<p><strong>F: Vilka frakts\u00e4tt anv\u00e4nds?<\/strong><br \/>\nVi samarbetar med UPS\/DHL\/FEDEX\/DPD, etc. Vi kommer att v\u00e4lja l\u00e4mpligt fraktalternativ beroende p\u00e5 leveransland f\u00f6r att s\u00e4kerst\u00e4lla att du f\u00e5r dina produkter s\u00e5 snabbt som m\u00f6jligt.<\/p>\n<p><a href=\"https:\/\/pgvape.com\/sv\/vanliga-fragor\/\">Klicka h\u00e4r f\u00f6r mer FAQ<\/a><\/p>\n<p>K\u00e4ra kunder, Om du har n\u00e5gra fr\u00e5gor om din best\u00e4llning eller ankomsten av varor, v\u00e4nligen kontakta v\u00e5r kundtj\u00e4nst. Tack!<\/p>\n<h3 data-sourcepos=\"73:1-73:21\"><strong data-sourcepos=\"73:7-73:21\">Kontakta oss<\/strong><\/h3>\n<div id=\"text-2419739398\" class=\"text\">\n<p><strong data-sourcepos=\"75:3-75:12\">E-post<\/strong>:\u00a0<a href=\"mailto:support@pgvape.com\"><strong>support@pgvape.com<\/strong><\/a><\/p>\n<p><strong data-sourcepos=\"76:3-76:15\">WhatsApp<\/strong>:\u00a0<a href=\"https:\/\/wa.me\/+8618128481258\"><strong>+86 18128481258<\/strong><\/a><br \/>\n<strong>(Svara inom 24 timmar p\u00e5 arbetsdagar)<\/strong><\/p>\n<\/div>\n<h3><strong>Tack f\u00f6r att du valde pgvape.com! .<\/strong><\/h3>\n<\/div>","protected":false},"excerpt":{"rendered":"<p><strong>Bang Leader 30000<\/strong> \u2014 <strong>30K puffar<\/strong>, <strong>36 ml<\/strong>, <strong>Dubbel smak<\/strong>, <strong>LCD-sk\u00e4rm<\/strong>, <strong>1,0\u03a9 Mesh<\/strong>, <strong>Typ-C<\/strong>, <strong>Justerbart luftfl\u00f6de<\/strong>, <strong>0-5% Nic<\/strong>. <strong>Skjut, v\u00e4xla, njut<\/strong>.<\/p>","protected":false},"featured_media":7560,"comment_status":"open","ping_status":"closed","template":"","meta":{"_seopress_robots_primary_cat":"none","_seopress_titles_title":"","_seopress_titles_desc":"","_seopress_robots_index":""},"product_brand":[54,516],"product_cat":[35,32,515],"product_tag":[349,497,90,68,352],"class_list":{"0":"post-7555","1":"product","2":"type-product","3":"status-publish","4":"has-post-thumbnail","6":"product_brand-bang-leader-vape","7":"product_brand-disposable-vape","8":"product_cat-30k-puffs-vape","9":"product_cat-bang-leader-vape","10":"product_cat-disposable-vape","11":"product_tag-30k-puffs-vape","12":"product_tag-bang-leader-30000","13":"product_tag-disposable-vape","14":"product_tag-double-taste","15":"product_tag-dual-pod","17":"first","18":"outofstock","19":"sale","20":"shipping-taxable","21":"purchasable","22":"product-type-variable"},"_links":{"self":[{"href":"https:\/\/pgvape.com\/sv\/wp-json\/wp\/v2\/product\/7555","targetHints":{"allow":["GET"]}}],"collection":[{"href":"https:\/\/pgvape.com\/sv\/wp-json\/wp\/v2\/product"}],"about":[{"href":"https:\/\/pgvape.com\/sv\/wp-json\/wp\/v2\/types\/product"}],"replies":[{"embeddable":true,"href":"https:\/\/pgvape.com\/sv\/wp-json\/wp\/v2\/comments?post=7555"}],"wp:featuredmedia":[{"embeddable":true,"href":"https:\/\/pgvape.com\/sv\/wp-json\/wp\/v2\/media\/7560"}],"wp:attachment":[{"href":"https:\/\/pgvape.com\/sv\/wp-json\/wp\/v2\/media?parent=7555"}],"wp:term":[{"taxonomy":"product_brand","embeddable":true,"href":"https:\/\/pgvape.com\/sv\/wp-json\/wp\/v2\/product_brand?post=7555"},{"taxonomy":"product_cat","embeddable":true,"href":"https:\/\/pgvape.com\/sv\/wp-json\/wp\/v2\/product_cat?post=7555"},{"taxonomy":"product_tag","embeddable":true,"href":"https:\/\/pgvape.com\/sv\/wp-json\/wp\/v2\/product_tag?post=7555"}],"curies":[{"name":"wp","href":"https:\/\/api.w.org\/{rel}","templated":true}]}}