{"id":7499,"date":"2025-12-06T12:28:15","date_gmt":"2025-12-06T12:28:15","guid":{"rendered":"https:\/\/pgvape.com\/?post_type=product&#038;p=7499"},"modified":"2026-03-15T13:32:42","modified_gmt":"2026-03-15T13:32:42","slug":"bang-leader-stoll-100000-100k-puffar-4-i-1-smaker-disponibel-vape-0-2-3-5-nikotiner-quad-tank10-smaker-tpd-certifierad-vape-factory-direct","status":"publish","type":"product","link":"https:\/\/pgvape.com\/sv\/produkt\/bang-leader-stoll-100000-100k-puffar-4-i-1-smaker-disponibel-vape-0-2-3-5-nikotiner-quad-tank10-smaker-tpd-certifierad-vape-factory-direct\/","title":{"rendered":"Bang Leader Stoll 100000 100K puffar 4 i 1 smaker Disponibel Vape 0% 2% 3% 5% Nikotiner Quad Tank10Tastes TPD Certified Vape Factory Direct"},"content":{"rendered":"<p>Styr ditt vapingrike med The <strong data-sourcepos=\"7:33-7:72\">Bang Leader Stoll 4-i-1 100K puffar<\/strong> \u2013 Den kejserliga arvtagaren till smakexcellens. <strong data-sourcepos=\"7:141-7:173\">Patronsystem med fyra smaker<\/strong>, Denna suver\u00e4na enhet ger dig m\u00f6jlighet att graci\u00f6st v\u00e4xla mellan fyra kungliga smakg\u00e5rdar med bara en krona. <strong data-sourcepos=\"7:315-7:333\">850mAh batteri<\/strong> Med blixten <strong data-sourcepos=\"7:349-7:368\">Laddning av typ C<\/strong>, Det s\u00e4krar din tron \u200b\u200bmed upp till <strong data-sourcepos=\"7:404-7:421\">100 000 puffar<\/strong> Av Oavbruten Majest\u00e4t. <strong data-sourcepos=\"7:452-7:470\">Quad-Mesh spole<\/strong> Ant\u00e4nder t\u00e4ta moln och kristallklara smaker, alla inkapslade i en kunglig design som passar f\u00f6r tronen. .<\/p>\n<p>&nbsp;<\/p>\n<h2><span style=\"font-size: 90%;\">Bang Leader Stoll\u00a0 100K puffar 4 i 1 smaker eng\u00e5ngsvapespecifikation<\/span><\/h2>\n<p><strong data-sourcepos=\"12:3-12:20\">Puffkapacitet<\/strong>: Upp till 100 000 bloss<\/p>\n<p><strong data-sourcepos=\"13:3-13:14\">Batteri<\/strong>:\u00a0<strong data-sourcepos=\"13:16-13:39\">850mAh uppladdningsbar<\/strong>\u00a0Med\u00a0<strong data-sourcepos=\"13:45-13:69\">Snabb typ-C-laddning<\/strong><\/p>\n<p><strong data-sourcepos=\"14:3-14:24\">E-v\u00e4tskekapacitet<\/strong>:\u00a0<strong data-sourcepos=\"14:26-14:38\">14 ml \u00d7 4<\/strong>\u00a0Oberoende stridsvagnar<\/p>\n<p><strong data-sourcepos=\"15:3-15:11\">Spole<\/strong>:\u00a0<strong data-sourcepos=\"15:13-15:36\">1,0\u03a9 Quad-Mesh spole<\/strong><\/p>\n<p><strong data-sourcepos=\"16:3-16:24\">Nikotinstyrka<\/strong>: Justerbar \u2013\u00a0<strong data-sourcepos=\"16:39-16:57\">0\uff05, 2\uff05, 3\uff05, 5\uff05<\/strong><\/p>\n<p><strong data-sourcepos=\"17:3-17:20\">Certifiering<\/strong>:\u00a0<strong data-sourcepos=\"17:22-17:39\">TPD-certifierad<\/strong>\u00a0F\u00f6r EU-marknader<\/p>\n<p>&nbsp;<\/p>\n<h3><span style=\"font-size: 90%;\">Bang Leader Stoll\u00a0 100K puffar 4 i 1 smaker disponibel vape smaklista<\/span><\/h3>\n<p>1. Citron Lime &amp; Watermelon Ice &amp; Black Dragon Ice &amp; Dragon Fruit Strawberry &amp; Love 666<\/p>\n<p>2. Vanilj Cola &amp; Citron Persika &amp; Jordgubbar Hallon &amp; K\u00f6rsb\u00e4r Is &amp; Grape Ice<\/p>\n<p>3. Grape Burst &amp; Lychee Ice &amp; Peach Berry &amp; Kiwi Frukt Passionsfrukt Guava<\/p>\n<p>4. Watermelon Ice &amp; Strawberry Mango &amp; Blueberry Ice &amp; Fizzy Cherry<\/p>\n<p>5. Strawberry Watermelon &amp; Cherry Cola &amp; Juicy Peach Ice &amp; Grapefruit Refresher<\/p>\n<p>6. Citron Lime &amp; Strawberry Ice &amp; Raspberry Watermelon &amp; Fizzy Cherry<\/p>\n<p>7. Rosa Lemonade &amp; Kiwi Passionsfrukt Guava &amp; Persika b\u00e4r &amp; jordgubbsbanan<\/p>\n<p>8. Strawberry Mango &amp; Blue Razz Lemonade &amp; Vaniljglass &amp; Sour Triple Berry<\/p>\n<p>9. Blandade b\u00e4r &amp; k\u00f6rsb\u00e4r citron &amp; jordgubbar Kiwi &amp; jordgubbar Vattenmelon Bubblegum<\/p>\n<p>10.Mojito &amp; Monster Mango &amp; Lady Killer &amp; Pink Lemonade<img loading=\"lazy\" decoding=\"async\" class=\"alignnone wp-image-7504 size-full\" src=\"https:\/\/pgvape.com\/wp-content\/uploads\/2025\/12\/Bang-Leader-Stoll-100K-Puffs-4-in-1-Flavors-Disposable-Vape-0-2-3-5-Nicotines-Quad-Tank-10Tastes-TPD-Certified-Vape-Factory-Direct-PGvape-3.png\" alt=\"Tio f\u00e4rgglada vapeapparater f\u00f6r eng\u00e5ngsbruk arrangerade i tv\u00e5 rader p\u00e5 en ljusbl\u00e5 bakgrund, var och en med dj\u00e4rva konstverk med djurtema, en svart bas med cirkul\u00e4ra digitala displayer och tryckta namn med fruktsmak under.\" width=\"1800\" height=\"1670\" srcset=\"https:\/\/pgvape.com\/wp-content\/uploads\/2025\/12\/Bang-Leader-Stoll-100K-Puffs-4-in-1-Flavors-Disposable-Vape-0-2-3-5-Nicotines-Quad-Tank-10Tastes-TPD-Certified-Vape-Factory-Direct-PGvape-3.png 1800w, https:\/\/pgvape.com\/wp-content\/uploads\/2025\/12\/Bang-Leader-Stoll-100K-Puffs-4-in-1-Flavors-Disposable-Vape-0-2-3-5-Nicotines-Quad-Tank-10Tastes-TPD-Certified-Vape-Factory-Direct-PGvape-3-388x360.png 388w, https:\/\/pgvape.com\/wp-content\/uploads\/2025\/12\/Bang-Leader-Stoll-100K-Puffs-4-in-1-Flavors-Disposable-Vape-0-2-3-5-Nicotines-Quad-Tank-10Tastes-TPD-Certified-Vape-Factory-Direct-PGvape-3-595x552.png 595w, https:\/\/pgvape.com\/wp-content\/uploads\/2025\/12\/Bang-Leader-Stoll-100K-Puffs-4-in-1-Flavors-Disposable-Vape-0-2-3-5-Nicotines-Quad-Tank-10Tastes-TPD-Certified-Vape-Factory-Direct-PGvape-3-400x371.png 400w, https:\/\/pgvape.com\/wp-content\/uploads\/2025\/12\/Bang-Leader-Stoll-100K-Puffs-4-in-1-Flavors-Disposable-Vape-0-2-3-5-Nicotines-Quad-Tank-10Tastes-TPD-Certified-Vape-Factory-Direct-PGvape-3-768x713.png 768w, https:\/\/pgvape.com\/wp-content\/uploads\/2025\/12\/Bang-Leader-Stoll-100K-Puffs-4-in-1-Flavors-Disposable-Vape-0-2-3-5-Nicotines-Quad-Tank-10Tastes-TPD-Certified-Vape-Factory-Direct-PGvape-3-1536x1425.png 1536w, https:\/\/pgvape.com\/wp-content\/uploads\/2025\/12\/Bang-Leader-Stoll-100K-Puffs-4-in-1-Flavors-Disposable-Vape-0-2-3-5-Nicotines-Quad-Tank-10Tastes-TPD-Certified-Vape-Factory-Direct-PGvape-3-13x12.png 13w, https:\/\/pgvape.com\/wp-content\/uploads\/2025\/12\/Bang-Leader-Stoll-100K-Puffs-4-in-1-Flavors-Disposable-Vape-0-2-3-5-Nicotines-Quad-Tank-10Tastes-TPD-Certified-Vape-Factory-Direct-PGvape-3-600x557.png 600w\" sizes=\"auto, (max-width: 1800px) 100vw, 1800px\" \/><\/p>\n<p>&nbsp;<\/p>\n<h3><span style=\"font-size: 90%;\">Bang Leader Stoll\u00a0 100K Puffs 4 in 1 Flavors Disposable Vape <strong>Video:<\/strong><\/span><\/h3>\n<p>&nbsp;<\/p>\n<h2><span style=\"font-size: 90%;\">Vanliga fr\u00e5gor om Bang Leader Stoll\u00a0 100K Puffs 4 in 1 Flavors Disposable Vape<\/span><\/h2>\n<p data-sourcepos=\"34:1-36:100\">\u2753 <strong data-sourcepos=\"35:3-35:48\">Hur v\u00e4xlar jag mellan de fyra smakerna?<\/strong><br \/>\n\u2705 En enkel vridning av basen v\u00e4xlar <strong data-sourcepos=\"36:43-36:68\">Fyra-i-ett-kassett<\/strong> Till din n\u00e4sta smak Dominion.<\/p>\n<p data-sourcepos=\"38:1-39:84\">\u2753 <strong data-sourcepos=\"38:3-38:45\">Vilka nikotinstyrkor finns tillg\u00e4ngliga?<\/strong><br \/>\n\u2705 V\u00e4lj din regeringstid fr\u00e5n <strong data-sourcepos=\"39:26-39:47\">0%, 2%, 3% eller 5%<\/strong> F\u00f6r att matcha din kejserliga preferens.<\/p>\n<p data-sourcepos=\"41:1-42:128\">\u2753 <strong data-sourcepos=\"41:3-41:35\">\u00c4r enheten TPD-certifierad?<br \/>\n<\/strong> \u2705 Ja. <strong data-sourcepos=\"42:12-42:33\">Bang Leader Stoll<\/strong> \u00c4r helt <strong data-sourcepos=\"42:43-42:60\">TPD-certifierad<\/strong>, S\u00e4kerst\u00e4llande av legitim suver\u00e4nitet \u00f6ver alla europeiska territorier.<\/p>\n<p data-sourcepos=\"44:1-45:155\">\u2753 <strong data-sourcepos=\"44:3-44:55\">Hur f\u00f6rb\u00e4ttrar Quad-Mesh-spolen prestanda?<br \/>\n<\/strong> \u2705 Den <strong data-sourcepos=\"45:7-45:27\">Quad-Mesh design<\/strong> Skapar fyra g\u00e5nger v\u00e4rmeytan, genererar omedelbar, konsekvent rik smak och plymdensitet v\u00e4rdig kronan.<\/p>\n<p>&nbsp;<\/p>\n<h3 id=\"brxe-najhln\" class=\"brxe-heading\">Vanliga fr\u00e5gor (FAQ)<\/h3>\n<div id=\"brxe-rajiac\" class=\"brxe-text\">\n<p><strong>F: Vilka betalningsmetoder accepterar du?<\/strong><br \/>\nS: Vi accepterar PayPal, Stripe, bank\u00f6verf\u00f6ringar (st\u00f6ds med SEPA), vanliga kreditkort (Visa, MasterCard, American Express) och betalningar i kryptovaluta.<\/p>\n<p><strong>F: Hur l\u00e5ng tid tar best\u00e4llningsberedningen?<\/strong><br \/>\nS: Best\u00e4llningsf\u00f6rberedelse tar 1-3 arbetsdagar.<\/p>\n<p><strong>F: Vad \u00e4r leveranstiden?<\/strong><br \/>\nS: Leveranstiden \u00e4r 7-14 arbetsdagar, beroende p\u00e5 var du befinner dig.<\/p>\n<p><strong>F: Hur kan jag sp\u00e5ra min best\u00e4llning?<\/strong><br \/>\nS: Efter leverans kommer du att f\u00e5 ett bekr\u00e4ftelsemail med ett sp\u00e5rningsnummer f\u00f6r sp\u00e5rning i realtid.<\/p>\n<p><strong>F: Vilken \u00e4r din returpolicy?<\/strong><br \/>\nS: Vi erbjuder en 30-dagars returpolicy f\u00f6r \u00e5terbetalningar eller byten. .<\/p>\n<p><strong>F: Kommer det att finnas n\u00e5gra tullproblem?<br \/>\n<\/strong>Vi hanterar alla tullf\u00f6rfaranden f\u00f6r att s\u00e4kerst\u00e4lla en problemfri upplevelse f\u00f6r dig. .<\/p>\n<p><strong>F: Vilka frakts\u00e4tt anv\u00e4nds?<\/strong><br \/>\nVi samarbetar med UPS\/DHL\/FEDEX\/DPD, etc. Vi kommer att v\u00e4lja l\u00e4mpligt fraktalternativ beroende p\u00e5 leveransland f\u00f6r att s\u00e4kerst\u00e4lla att du f\u00e5r dina produkter s\u00e5 snabbt som m\u00f6jligt.<\/p>\n<p><a href=\"https:\/\/pgvape.com\/sv\/vanliga-fragor\/\">Klicka h\u00e4r f\u00f6r mer FAQ<\/a><\/p>\n<p>K\u00e4ra kunder, Om du har n\u00e5gra fr\u00e5gor om din best\u00e4llning eller ankomsten av varor, v\u00e4nligen kontakta v\u00e5r kundtj\u00e4nst. Tack!<\/p>\n<h3 data-sourcepos=\"73:1-73:21\"><strong data-sourcepos=\"73:7-73:21\">Kontakta oss<\/strong><\/h3>\n<div id=\"text-2419739398\" class=\"text\">\n<p><strong data-sourcepos=\"75:3-75:12\">E-post<\/strong>:\u00a0<a href=\"mailto:support@pgvape.com\"><strong>support@pgvape.com<\/strong><\/a><\/p>\n<p><strong data-sourcepos=\"76:3-76:15\">WhatsApp<\/strong>:\u00a0<a href=\"https:\/\/wa.me\/+8618128481258\"><strong>+86 18128481258<\/strong><\/a><br \/>\n<strong>(Svara inom 24 timmar p\u00e5 arbetsdagar)<\/strong><\/p>\n<\/div>\n<h3><strong>Tack f\u00f6r att du valde pgvape.com! .<\/strong><\/h3>\n<\/div>","protected":false},"excerpt":{"rendered":"<p><strong>Bang Leader Stoll 4-i-1<\/strong> \u2014 <strong>100 000 puffar<\/strong>, <strong>Quad 14 ml tankar<\/strong>, <strong>1,0\u03a9 Quad-Mesh<\/strong>, <strong>850 mah typ-C<\/strong>, <strong>4 smakrikar<\/strong>, <strong>0-5% Nikotin<\/strong>. <strong>H\u00e4rska l\u00e4ngre, v\u00e4xla snabbare, Vape Royal<\/strong>.<\/p>","protected":false},"featured_media":7502,"comment_status":"open","ping_status":"closed","template":"","meta":{"_seopress_robots_primary_cat":"none","_seopress_titles_title":"%%post_title%% %%sep%% %%sitetitle%%","_seopress_titles_desc":"","_seopress_robots_index":""},"product_brand":[54,516],"product_cat":[170,32,515],"product_tag":[395,53,491,90,492,493],"class_list":{"0":"post-7499","1":"product","2":"type-product","3":"status-publish","4":"has-post-thumbnail","6":"product_brand-bang-leader-vape","7":"product_brand-disposable-vape","8":"product_cat-100k-puffs-vape","9":"product_cat-bang-leader-vape","10":"product_cat-disposable-vape","11":"product_tag-100k-puffs-vape","12":"product_tag-4-in-1-flavors","13":"product_tag-bang-leader-stoll-100000","14":"product_tag-disposable-vape","15":"product_tag-quad-tank","16":"product_tag-tpd-certified","18":"first","19":"instock","20":"sale","21":"shipping-taxable","22":"purchasable","23":"product-type-variable"},"_links":{"self":[{"href":"https:\/\/pgvape.com\/sv\/wp-json\/wp\/v2\/product\/7499","targetHints":{"allow":["GET"]}}],"collection":[{"href":"https:\/\/pgvape.com\/sv\/wp-json\/wp\/v2\/product"}],"about":[{"href":"https:\/\/pgvape.com\/sv\/wp-json\/wp\/v2\/types\/product"}],"replies":[{"embeddable":true,"href":"https:\/\/pgvape.com\/sv\/wp-json\/wp\/v2\/comments?post=7499"}],"wp:featuredmedia":[{"embeddable":true,"href":"https:\/\/pgvape.com\/sv\/wp-json\/wp\/v2\/media\/7502"}],"wp:attachment":[{"href":"https:\/\/pgvape.com\/sv\/wp-json\/wp\/v2\/media?parent=7499"}],"wp:term":[{"taxonomy":"product_brand","embeddable":true,"href":"https:\/\/pgvape.com\/sv\/wp-json\/wp\/v2\/product_brand?post=7499"},{"taxonomy":"product_cat","embeddable":true,"href":"https:\/\/pgvape.com\/sv\/wp-json\/wp\/v2\/product_cat?post=7499"},{"taxonomy":"product_tag","embeddable":true,"href":"https:\/\/pgvape.com\/sv\/wp-json\/wp\/v2\/product_tag?post=7499"}],"curies":[{"name":"wp","href":"https:\/\/api.w.org\/{rel}","templated":true}]}}