{"id":7257,"date":"2025-12-01T09:41:03","date_gmt":"2025-12-01T09:41:03","guid":{"rendered":"https:\/\/pgvape.com\/?post_type=product&#038;p=7257"},"modified":"2026-03-15T13:32:42","modified_gmt":"2026-03-15T13:32:42","slug":"bang-king-triple-100000-100k-puffar-3-i-1-smaker-disponibel-vape-triple-mesh-coils-vape-factory-direct","status":"publish","type":"product","link":"https:\/\/pgvape.com\/sv\/produkt\/bang-king-triple-100000-100k-puffar-3-i-1-smaker-disponibel-vape-triple-mesh-coils-vape-factory-direct\/","title":{"rendered":"Bang King Triple 100000 100K puffar 3 i 1 smaker Disponibel Vape Triple\u00a0Mesh Coils Vape Factory Direct"},"content":{"rendered":"<p>Bang King \u2013 Allt-i-ett\u00a0<strong>Vape<\/strong>\u00a0Det \u00e4r byggt f\u00f6r att h\u00e5lla.\u00a0<strong>Mesh Coil<\/strong>\u00a0\u00c4r hemligheten \u2013 det g\u00f6r varje dragning superlen och fylld med smak. .<\/p>\n<p>&nbsp;<\/p>\n<h2><span style=\"font-size: 90%;\">Specifikationer f\u00f6r Bang King Triple 100000 100K puffar 3 i 1 disponibel vape<\/span><\/h2>\n<p><strong>Nikotinniv\u00e5er<\/strong>: V\u00e4lj mellan 0%, 2%, 3% eller 5% Nikotinstyrkor \u2013 Passar behov fr\u00e5n nikotinfritt till alternativa cigarettintag.<\/p>\n<p><strong>Puff Count<\/strong>: 100 000 Puffar \u2013 Levereras f\u00f6rl\u00e4ngt\u00a0<strong>Vaping<\/strong>\u00a0Varaktighet Utan frekventa byten eller avfall.<\/p>\n<p><strong>Smaksystem<\/strong>: 3 smaker i 1 \u2013 V\u00e4xla enkelt mellan tre olika smaker n\u00e4rhelst du vill ha en f\u00f6r\u00e4ndring.<\/p>\n<p><strong>Batteri &amp; Laddning<\/strong>: 650mAh uppladdningsbart batteri \u2013 r\u00e4cker hela dagen p\u00e5 en enda laddning, med typ-C-port f\u00f6r 30-minuters snabb tankning.<\/p>\n<p><strong>Spoleteknik<\/strong>: 1,0 Ohm Trippel\u00a0<strong>Mesh Coils<\/strong>\u00a0\u2013 Ut\u00f6kat v\u00e4rmeomr\u00e5de \u00f6kar \u00e5ngproduktionen och smakintensiteten f\u00f6r j\u00e4mna, rikare moln.<\/p>\n<p>&nbsp;<\/p>\n<h3><span style=\"font-size: 90%;\">Bang King Triple 100000 100K puffar 3 i 1 disponibel vape smaklista<\/span><\/h3>\n<p>1.Watermelon Ice &amp; Red Bull &amp; Strawberry Kiwi<\/p>\n<p>2.Citron Lime &amp; Strawberry Watermelon &amp; Blueberry Ice<\/p>\n<p>3. Jordgubbsbanan &amp; citron Lime &amp; hallonvattenmelon<\/p>\n<p>4.Strawberry Kiwi &amp; Sour Mango Pineapple &amp; Red Bull<\/p>\n<p>5 Tropisk frukt &amp; jordgubbsvattenmelon &amp; citronpersika<\/p>\n<p>6.Ananas Kokos &amp; Jordgubbsbanan &amp; Blue Razz<\/p>\n<p>7. Jordgubbshallon &amp; trippelmelon &amp; sur mangoananas<\/p>\n<p>8. Hallon Vattenmelon &amp; Jordgubbskiwi &amp; Mango Persika<\/p>\n<p>9. Jordgubbsvaniljcola &amp; bl\u00e5b\u00e4rshallon &amp; citronlime<\/p>\n<p>10. Vattenmelon &amp; Jordgubbsglass &amp; Trippelmelon<img loading=\"lazy\" decoding=\"async\" class=\"alignnone wp-image-7335 size-full\" src=\"https:\/\/pgvape.com\/wp-content\/uploads\/2025\/12\/Bang-King-Triple-100K-Puffs-3-in-1-Disposable-Vape-pgvape-12.png\" alt=\"Rad med tio f\u00e4rgglada vapeapparater f\u00f6r eng\u00e5ngsbruk med stiliserade \u00f6rnkonstverk under en fet &quot;10 smaker&quot;-rubrik, enhetsikoner f\u00f6r Type-C, 650mAh, 18ml\u00d73 och 1,0\u03a9 mesh-spole ovan och m\u00e4rkta smaknamn med sm\u00e5 fruktikoner som visas under varje enhet.\" width=\"1800\" height=\"1312\" srcset=\"https:\/\/pgvape.com\/wp-content\/uploads\/2025\/12\/Bang-King-Triple-100K-Puffs-3-in-1-Disposable-Vape-pgvape-12.png 1800w, https:\/\/pgvape.com\/wp-content\/uploads\/2025\/12\/Bang-King-Triple-100K-Puffs-3-in-1-Disposable-Vape-pgvape-12-494x360.png 494w, https:\/\/pgvape.com\/wp-content\/uploads\/2025\/12\/Bang-King-Triple-100K-Puffs-3-in-1-Disposable-Vape-pgvape-12-595x434.png 595w, https:\/\/pgvape.com\/wp-content\/uploads\/2025\/12\/Bang-King-Triple-100K-Puffs-3-in-1-Disposable-Vape-pgvape-12-400x292.png 400w, https:\/\/pgvape.com\/wp-content\/uploads\/2025\/12\/Bang-King-Triple-100K-Puffs-3-in-1-Disposable-Vape-pgvape-12-768x560.png 768w, https:\/\/pgvape.com\/wp-content\/uploads\/2025\/12\/Bang-King-Triple-100K-Puffs-3-in-1-Disposable-Vape-pgvape-12-1536x1120.png 1536w, https:\/\/pgvape.com\/wp-content\/uploads\/2025\/12\/Bang-King-Triple-100K-Puffs-3-in-1-Disposable-Vape-pgvape-12-16x12.png 16w, https:\/\/pgvape.com\/wp-content\/uploads\/2025\/12\/Bang-King-Triple-100K-Puffs-3-in-1-Disposable-Vape-pgvape-12-600x437.png 600w\" sizes=\"auto, (max-width: 1800px) 100vw, 1800px\" \/><\/p>\n<p>&nbsp;<\/p>\n<h3><span style=\"font-size: 90%;\">Bang King Triple 100000 100K puffar 3 i 1 disponibel vape-video:<\/span><\/h3>\n<p>&nbsp;<\/p>\n<h2 class=\"header-vfC6AV auto-hide-last-sibling-br\"><span style=\"font-size: 90%;\">Vanliga fr\u00e5gor om Bang King Triple 100000 100K puffar 3 i 1 disponibel vape<\/span><\/h2>\n<div class=\"auto-hide-last-sibling-br paragraph-pP9ZLC paragraph-element br-paragraph-space\"><strong>\u2753Vilka nikotinalternativ finns tillg\u00e4ngliga f\u00f6r denna vape?<\/strong><\/div>\n<div class=\"auto-hide-last-sibling-br paragraph-pP9ZLC paragraph-element br-paragraph-space\"><span style=\"font-size: 14.4px;\"><span style=\"font-size: 14.4px;\">\u2705V\u00e4lj mellan 0%, 2%, 3% eller 5% Nikotinstyrkor \u2013 Passar nikotinfria, reducerade intag eller cigaretters\u00e4ttningsbehov.<\/span><\/span><\/div>\n<div><\/div>\n<div class=\"auto-hide-last-sibling-br paragraph-pP9ZLC paragraph-element br-paragraph-space\"><strong>\u2753Hur m\u00e5nga bloss kan Bang King 100K Vape ge?<\/strong><\/div>\n<div class=\"auto-hide-last-sibling-br paragraph-pP9ZLC paragraph-element br-paragraph-space\"><span style=\"font-size: 14.4px;\">\u2705Den ger upp till 100 000 bloss, ger l\u00e5ngvarig <\/span><strong style=\"font-size: 14.4px;\">Vaping<\/strong><span style=\"font-size: 14.4px;\"><span style=\"font-size: 14.4px;\"> Utan konstanta enhetsbyten.<\/span><\/span><\/div>\n<div><\/div>\n<div class=\"auto-hide-last-sibling-br paragraph-pP9ZLC paragraph-element br-paragraph-space\"><strong>\u2753Kan jag byta smaker p\u00e5 samma vape-enhet?<\/strong><\/div>\n<div class=\"auto-hide-last-sibling-br paragraph-pP9ZLC paragraph-element br-paragraph-space\"><span style=\"font-size: 14.4px;\"><span style=\"font-size: 14.4px;\">\u2705Ja, det \u00e4r ett 3-i-1 smaksystem \u2013 v\u00e4xla enkelt mellan tre olika smaker n\u00e4r du vill ha en f\u00f6r\u00e4ndring.<\/span><\/span><\/div>\n<div><\/div>\n<div class=\"auto-hide-last-sibling-br paragraph-pP9ZLC paragraph-element br-paragraph-space\"><strong>\u2753Vad \u00e4r batteritiden och laddningshastigheten f\u00f6r vapen?<\/strong><\/div>\n<div class=\"auto-hide-last-sibling-br paragraph-pP9ZLC paragraph-element br-paragraph-space\"><span style=\"font-size: 14.4px;\"><span style=\"font-size: 14.4px;\">\u2705Utrustad med ett 650mAh uppladdningsbart batteri som r\u00e4cker hela dagen och en typ-C-port f\u00f6r 30-minuters snabbladdning.<\/span><\/span><\/div>\n<div class=\"auto-hide-last-sibling-br paragraph-pP9ZLC paragraph-element br-paragraph-space\"><\/div>\n<div class=\"auto-hide-last-sibling-br paragraph-pP9ZLC paragraph-element br-paragraph-space\"><strong>\u2753Hur s\u00e4kerst\u00e4ller vapen en j\u00e4mn smak och \u00e5nga?<\/strong><\/div>\n<div class=\"auto-hide-last-sibling-br paragraph-pP9ZLC paragraph-element br-paragraph-space\">\u2705Den har 1,0 ohm trippel\u00a0<strong>Mesh Coils<\/strong>\u00a0Med en ut\u00f6kad uppv\u00e4rmningsyta, f\u00f6rst\u00e4rker smaken och producerar j\u00e4mna, rikare moln.<\/div>\n<div class=\"auto-hide-last-sibling-br paragraph-pP9ZLC paragraph-element br-paragraph-space\">\n<p>&nbsp;<\/p>\n<h3 id=\"brxe-najhln\" class=\"brxe-heading\">Vanliga fr\u00e5gor (FAQ)<\/h3>\n<div id=\"brxe-rajiac\" class=\"brxe-text\">\n<p><strong>F: Vilka betalningsmetoder accepterar du?<\/strong><br \/>\nS: Vi accepterar PayPal, Stripe, bank\u00f6verf\u00f6ringar (st\u00f6ds med SEPA), vanliga kreditkort (Visa, MasterCard, American Express) och betalningar i kryptovaluta.<\/p>\n<p><strong>F: Hur l\u00e5ng tid tar best\u00e4llningsberedningen?<\/strong><br \/>\nS: Best\u00e4llningsf\u00f6rberedelse tar 1-3 arbetsdagar.<\/p>\n<p><strong>F: Vad \u00e4r leveranstiden?<\/strong><br \/>\nS: Leveranstiden \u00e4r 7-14 arbetsdagar, beroende p\u00e5 var du befinner dig.<\/p>\n<p><strong>F: Hur kan jag sp\u00e5ra min best\u00e4llning?<\/strong><br \/>\nS: Efter leverans kommer du att f\u00e5 ett bekr\u00e4ftelsemail med ett sp\u00e5rningsnummer f\u00f6r sp\u00e5rning i realtid.<\/p>\n<p><strong>F: Vilken \u00e4r din returpolicy?<\/strong><br \/>\nS: Vi erbjuder en 30-dagars returpolicy f\u00f6r \u00e5terbetalningar eller byten. .<\/p>\n<p><strong>F: Kommer det att finnas n\u00e5gra tullproblem?<br \/>\n<\/strong>Vi hanterar alla tullf\u00f6rfaranden f\u00f6r att s\u00e4kerst\u00e4lla en problemfri upplevelse f\u00f6r dig. .<\/p>\n<p><strong>F: Vilka frakts\u00e4tt anv\u00e4nds?<\/strong><br \/>\nVi samarbetar med UPS\/DHL\/FEDEX\/DPD, etc. Vi kommer att v\u00e4lja l\u00e4mpligt fraktalternativ beroende p\u00e5 leveransland f\u00f6r att s\u00e4kerst\u00e4lla att du f\u00e5r dina produkter s\u00e5 snabbt som m\u00f6jligt.<\/p>\n<p><a href=\"https:\/\/pgvape.com\/sv\/vanliga-fragor\/\">Klicka h\u00e4r f\u00f6r mer FAQ<\/a><\/p>\n<p>K\u00e4ra kunder, Om du har n\u00e5gra fr\u00e5gor om din best\u00e4llning eller ankomsten av varor, v\u00e4nligen kontakta v\u00e5r kundtj\u00e4nst. Tack!<\/p>\n<h3 data-sourcepos=\"73:1-73:21\"><strong data-sourcepos=\"73:7-73:21\">Kontakta oss<\/strong><\/h3>\n<div id=\"text-2419739398\" class=\"text\">\n<p><strong data-sourcepos=\"75:3-75:12\">E-post<\/strong>:\u00a0<a href=\"mailto:support@pgvape.com\"><strong>support@pgvape.com<\/strong><\/a><\/p>\n<p><strong data-sourcepos=\"76:3-76:15\">WhatsApp<\/strong>:\u00a0<a href=\"https:\/\/wa.me\/+8618128481258\"><strong>+86 18128481258<\/strong><\/a><br \/>\n<strong>(Svara inom 24 timmar p\u00e5 arbetsdagar)<\/strong><\/p>\n<\/div>\n<h3><strong>Tack f\u00f6r att du valde pgvape.com! .<\/strong><\/h3>\n<\/div>\n<\/div>","protected":false},"excerpt":{"rendered":"<p><strong>Bang King 100K<\/strong> \u2014 <strong>100 000 puffar<\/strong>, <strong>3-i-1 smaker<\/strong>, <strong>Triple Mesh Coil<\/strong>, <strong>650 mah typ-C<\/strong>, <strong>0-5% Nikotin<\/strong>. <strong>En enhet, tre smaker, o\u00e4ndliga moln<\/strong>.<\/p>","protected":false},"featured_media":7324,"comment_status":"open","ping_status":"closed","template":"","meta":{"_seopress_robots_primary_cat":"none","_seopress_titles_title":"%%post_title%% %%sep%% %%sitetitle%%","_seopress_titles_desc":"","_seopress_robots_index":""},"product_brand":[19,516],"product_cat":[170,18,515],"product_tag":[395,24,327,488,90,489],"class_list":{"0":"post-7257","1":"product","2":"type-product","3":"status-publish","4":"has-post-thumbnail","6":"product_brand-bang-king-vape","7":"product_brand-disposable-vape","8":"product_cat-100k-puffs-vape","9":"product_cat-bang-king-vape","10":"product_cat-disposable-vape","11":"product_tag-100k-puffs-vape","12":"product_tag-3-in-1-flavors","13":"product_tag-bang-king-triple","14":"product_tag-bang-king-triple-100000","15":"product_tag-disposable-vape","16":"product_tag-triple-mesh-coils","18":"first","19":"instock","20":"sale","21":"shipping-taxable","22":"purchasable","23":"product-type-variable"},"_links":{"self":[{"href":"https:\/\/pgvape.com\/sv\/wp-json\/wp\/v2\/product\/7257","targetHints":{"allow":["GET"]}}],"collection":[{"href":"https:\/\/pgvape.com\/sv\/wp-json\/wp\/v2\/product"}],"about":[{"href":"https:\/\/pgvape.com\/sv\/wp-json\/wp\/v2\/types\/product"}],"replies":[{"embeddable":true,"href":"https:\/\/pgvape.com\/sv\/wp-json\/wp\/v2\/comments?post=7257"}],"wp:featuredmedia":[{"embeddable":true,"href":"https:\/\/pgvape.com\/sv\/wp-json\/wp\/v2\/media\/7324"}],"wp:attachment":[{"href":"https:\/\/pgvape.com\/sv\/wp-json\/wp\/v2\/media?parent=7257"}],"wp:term":[{"taxonomy":"product_brand","embeddable":true,"href":"https:\/\/pgvape.com\/sv\/wp-json\/wp\/v2\/product_brand?post=7257"},{"taxonomy":"product_cat","embeddable":true,"href":"https:\/\/pgvape.com\/sv\/wp-json\/wp\/v2\/product_cat?post=7257"},{"taxonomy":"product_tag","embeddable":true,"href":"https:\/\/pgvape.com\/sv\/wp-json\/wp\/v2\/product_tag?post=7257"}],"curies":[{"name":"wp","href":"https:\/\/api.w.org\/{rel}","templated":true}]}}