{"id":7211,"date":"2025-11-29T13:06:56","date_gmt":"2025-11-29T13:06:56","guid":{"rendered":"https:\/\/pgvape.com\/?post_type=product&#038;p=7211"},"modified":"2026-03-15T13:32:42","modified_gmt":"2026-03-15T13:32:42","slug":"vapmod-archer-60000-60k-puffar-3-nivaer-iskontroll-engangs-vape-rgb-led-display-vape-factory-direct","status":"publish","type":"product","link":"https:\/\/pgvape.com\/sv\/produkt\/vapmod-archer-60000-60k-puffar-3-nivaer-iskontroll-engangs-vape-rgb-led-display-vape-factory-direct\/","title":{"rendered":"Vapmod Archer 60000 60K puffar 3-niv\u00e5er iskontroll disponibel Vape RGB LED Display Vape Factory Direct"},"content":{"rendered":"<p>Ge dig ut p\u00e5 det ultimata vapingmarathonet med The <strong data-sourcepos=\"7:49-7:84\">Archer 60K Puffs Disponibel Pod<\/strong>. <strong data-sourcepos=\"7:149-7:166\">40 ml E-v\u00e4tska<\/strong> Och drivs av en p\u00e5litlig <strong data-sourcepos=\"7:193-7:211\">900mAh batteri<\/strong>. <strong data-sourcepos=\"7:258-7:278\">Triple Mesh Coil<\/strong> Som genererar exceptionellt t\u00e4t \u00e5nga och rik smak. <strong data-sourcepos=\"7:346-7:369\">ICE-kontroll p\u00e5 3 niv\u00e5er<\/strong> System Och En Vibrerande <strong data-sourcepos=\"7:391-7:410\">RGB LED-sk\u00e4rm<\/strong>, Archer ger en perfekt kalibrerad, felfri upplevelse med varje bloss. .<\/p>\n<p>&nbsp;<\/p>\n<h2><span style=\"font-size: 90%;\">Vapmod Archer 60000 60K Puffs Ice Control Disponibel Vape <strong data-sourcepos=\"10:5-10:31\">Specifikationer<\/strong><\/span><\/h2>\n<p><strong>Puff Count<\/strong>: Upp till 60 000 bloss \u2013 ger en ultimat\u00a0<strong>Vaping<\/strong>\u00a0Marathon f\u00f6r l\u00e5ngvarig njutning.<\/p>\n<p><strong>E-v\u00e4tskekapacitet<\/strong>: 40ml \u2013 F\u00f6rfylld med en betydande volym f\u00f6r att st\u00f6dja prestanda p\u00e5 60 000 puff.<\/p>\n<p><strong>Batterikapacitet<\/strong>: 900mAh \u2013 Robust str\u00f6mk\u00e4lla f\u00f6r att matcha enhetens l\u00e5ngvariga\u00a0<strong>Vaping<\/strong>\u00a0f\u00f6rm\u00e5ga.<\/p>\n<p><strong>Typ av spole<\/strong>: Trippel\u00a0<strong>Mesh Coil<\/strong>\u00a0\u2013 Skapar tjock \u00e5nga och extraordin\u00e4rt rik smak f\u00f6r premiumpuffar.<\/p>\n<p><strong>Kylningskontroll<\/strong>: ICE-kontroll i 3 niv\u00e5er \u2013 Justerar kylningsintensiteten exakt f\u00f6r att uppn\u00e5 den optimala upplevelsen.<\/p>\n<p><strong>Displayfunktion<\/strong>: RGB LED-sk\u00e4rm \u2013 f\u00e4rgglad sk\u00e4rm som h\u00e5ller dig informerad om det v\u00e4sentliga\u00a0<strong>Vaping<\/strong>\u00a0Info.<\/p>\n<p>&nbsp;<\/p>\n<h3><span style=\"font-size: 90%;\">Vapmod Archer 60000 60K Puffs Ice Control Disponibel Vape <strong data-sourcepos=\"22:5-22:20\">Smaklista<\/strong><\/span><\/h3>\n<p><strong data-sourcepos=\"22:5-22:20\">1.Black Grape Ice<\/strong><\/p>\n<p><strong data-sourcepos=\"22:5-22:20\">2.Bl\u00e5b\u00e4ris<\/strong><\/p>\n<p><strong data-sourcepos=\"22:5-22:20\">3.Bl\u00e5b\u00e4rshallon<\/strong><\/p>\n<p><strong data-sourcepos=\"22:5-22:20\">4. Grape Berry Ice<\/strong><\/p>\n<p><strong data-sourcepos=\"22:5-22:20\">5. Juicy Peach Ice<\/strong><\/p>\n<p><strong data-sourcepos=\"22:5-22:20\">6.Peach Watermelon Mango<\/strong><\/p>\n<p><strong data-sourcepos=\"22:5-22:20\">7. Vattenmelon Is\u00a0\u00a0<\/strong><\/p>\n<p>&nbsp;<\/p>\n<h3><span style=\"font-size: 90%;\">Vapmod Archer 60000 60K Puffs Ice Control Disponibel Vape <strong>Video<\/strong>:<\/span><\/h3>\n<p>&nbsp;<\/p>\n<h2><span style=\"font-size: 90%;\">Vanliga fr\u00e5gor om Vapmod Archer 60000 60K Puffs Ice Control Disposable Vape<\/span><\/h2>\n<p><strong>\u2753Hur m\u00e5nga bloss kan Archer 60K Disposable Pod ge?<\/strong><br \/>\n\u2705Den ger upp till 60 000 bloss, vilket uppfyller en ultimat vaping-maratonupplevelse.<\/p>\n<p><strong>\u2753Vad \u00e4r\u00a0E-Liquid\u00a0kapaciteten f\u00f6r denna\u00a0Vape-enhet?<\/strong><br \/>\n\u2705Den levereras f\u00f6rfylld med 40 ml E-v\u00e4tska, vilket st\u00f6der dess l\u00e5ngvariga prestanda p\u00e5 60 000 puff.<\/p>\n<p><strong>\u2753 Vilken typ av spole anv\u00e4nder Archer 60K f\u00f6r smak?<\/strong><br \/>\n\u2705Den har en trippeln\u00e4tspiral, som skapar tjock \u00e5nga och extraordin\u00e4rt rik smak.<\/p>\n<p><strong>\u2753Kan jag justera kylningsintensiteten p\u00e5 vapen?<\/strong><br \/>\n\u2705Ja, den har 3-niv\u00e5er ICE-kontroll f\u00f6r att exakt justera kylning och uppn\u00e5 den optimala upplevelsen.<\/p>\n<p><strong>\u2753 Vilken str\u00f6mk\u00e4lla har enheten?<\/strong><br \/>\n\u2705Den \u00e4r utrustad med ett 900mAh robust batteri, som matchar den l\u00e5ngvariga vaping-f\u00f6rm\u00e5gan.<\/p>\n<div>\n<div class=\"auto-hide-last-sibling-br paragraph-pP9ZLC paragraph-element br-paragraph-space\"><strong>\u2753 Har enheten en sk\u00e4rm f\u00f6r vaping-information?<\/strong><br \/>\n\u2705Ja, den har en f\u00e4rgglad RGB LED-sk\u00e4rm som h\u00e5ller dig informerad om v\u00e4sentliga anv\u00e4ndningsdetaljer.<\/div>\n<div class=\"auto-hide-last-sibling-br paragraph-pP9ZLC paragraph-element br-paragraph-space\">\n<p>&nbsp;<\/p>\n<h3 id=\"brxe-najhln\" class=\"brxe-heading\">Vanliga fr\u00e5gor (FAQ)<\/h3>\n<div id=\"brxe-rajiac\" class=\"brxe-text\">\n<p><strong>F: Vilka betalningsmetoder accepterar du?<\/strong><br \/>\nS: Vi accepterar PayPal, Stripe, bank\u00f6verf\u00f6ringar (st\u00f6ds med SEPA), vanliga kreditkort (Visa, MasterCard, American Express) och betalningar i kryptovaluta.<\/p>\n<p><strong>F: Hur l\u00e5ng tid tar best\u00e4llningsberedningen?<\/strong><br \/>\nS: Best\u00e4llningsf\u00f6rberedelse tar 1-3 arbetsdagar.<\/p>\n<p><strong>F: Vad \u00e4r leveranstiden?<\/strong><br \/>\nS: Leveranstiden \u00e4r 7-14 arbetsdagar, beroende p\u00e5 var du befinner dig.<\/p>\n<p><strong>F: Hur kan jag sp\u00e5ra min best\u00e4llning?<\/strong><br \/>\nS: Efter leverans kommer du att f\u00e5 ett bekr\u00e4ftelsemail med ett sp\u00e5rningsnummer f\u00f6r sp\u00e5rning i realtid.<\/p>\n<p><strong>F: Vilken \u00e4r din returpolicy?<\/strong><br \/>\nS: Vi erbjuder en 30-dagars returpolicy f\u00f6r \u00e5terbetalningar eller byten. .<\/p>\n<p><strong>F: Kommer det att finnas n\u00e5gra tullproblem?<br \/>\n<\/strong>Vi hanterar alla tullf\u00f6rfaranden f\u00f6r att s\u00e4kerst\u00e4lla en problemfri upplevelse f\u00f6r dig. .<\/p>\n<p><strong>F: Vilka frakts\u00e4tt anv\u00e4nds?<\/strong><br \/>\nVi samarbetar med UPS\/DHL\/FEDEX\/DPD, etc. Vi kommer att v\u00e4lja l\u00e4mpligt fraktalternativ beroende p\u00e5 leveransland f\u00f6r att s\u00e4kerst\u00e4lla att du f\u00e5r dina produkter s\u00e5 snabbt som m\u00f6jligt.<\/p>\n<p><a href=\"https:\/\/pgvape.com\/sv\/vanliga-fragor\/\">Klicka h\u00e4r f\u00f6r mer FAQ<\/a><\/p>\n<p>K\u00e4ra kunder, Om du har n\u00e5gra fr\u00e5gor om din best\u00e4llning eller ankomsten av varor, v\u00e4nligen kontakta v\u00e5r kundtj\u00e4nst. Tack!<\/p>\n<h3 data-sourcepos=\"73:1-73:21\"><strong data-sourcepos=\"73:7-73:21\">Kontakta oss<\/strong><\/h3>\n<div id=\"text-2419739398\" class=\"text\">\n<p><strong data-sourcepos=\"75:3-75:12\">E-post<\/strong>:\u00a0<a href=\"mailto:support@pgvape.com\"><strong>support@pgvape.com<\/strong><\/a><\/p>\n<p><strong data-sourcepos=\"76:3-76:15\">WhatsApp<\/strong>:\u00a0<a href=\"https:\/\/wa.me\/+8618128481258\"><strong>+86 18128481258<\/strong><\/a><br \/>\n<strong>(Svara inom 24 timmar p\u00e5 arbetsdagar)<\/strong><\/p>\n<\/div>\n<h3><strong>Tack f\u00f6r att du valde pgvape.com! .<\/strong><\/h3>\n<\/div>\n<\/div>\n<\/div>","protected":false},"excerpt":{"rendered":"<p><span style=\"font-size: 90%;\">Vapmod <\/span>Archer 60K Puffs Disposable Pod \u00e4r en l\u00e5ngvarig\u00a0<strong>Vape<\/strong>\u00a0Med 60 000 puffar, 40ml\u00a0<strong>E-v\u00e4tska<\/strong>, Trippel\u00a0<strong>Mesh Coil<\/strong>, ICE-kontroll i 3 niv\u00e5er och RGB-sk\u00e4rm \u2013 levererar ultimat\u00a0<strong>Vaping<\/strong>\u00a0uth\u00e5llighet och rik smak.<\/p>","protected":false},"featured_media":7221,"comment_status":"open","ping_status":"closed","template":"","meta":{"_seopress_robots_primary_cat":"none","_seopress_titles_title":"","_seopress_titles_desc":"","_seopress_robots_index":""},"product_brand":[516,483],"product_cat":[48,515,482],"product_tag":[485,315,90,486,487,484],"class_list":{"0":"post-7211","1":"product","2":"type-product","3":"status-publish","4":"has-post-thumbnail","6":"product_brand-disposable-vape","7":"product_brand-vapmod-vape","8":"product_cat-60k-puffs-vape","9":"product_cat-disposable-vape","10":"product_cat-vapmod-vape","11":"product_tag-3-level-ice-control","12":"product_tag-60k-puffs-vape","13":"product_tag-disposable-vape","14":"product_tag-rgb-led-display","15":"product_tag-triple-mesh-coil","16":"product_tag-vapmod-archer-60000","18":"first","19":"instock","20":"sale","21":"shipping-taxable","22":"purchasable","23":"product-type-variable"},"_links":{"self":[{"href":"https:\/\/pgvape.com\/sv\/wp-json\/wp\/v2\/product\/7211","targetHints":{"allow":["GET"]}}],"collection":[{"href":"https:\/\/pgvape.com\/sv\/wp-json\/wp\/v2\/product"}],"about":[{"href":"https:\/\/pgvape.com\/sv\/wp-json\/wp\/v2\/types\/product"}],"replies":[{"embeddable":true,"href":"https:\/\/pgvape.com\/sv\/wp-json\/wp\/v2\/comments?post=7211"}],"wp:featuredmedia":[{"embeddable":true,"href":"https:\/\/pgvape.com\/sv\/wp-json\/wp\/v2\/media\/7221"}],"wp:attachment":[{"href":"https:\/\/pgvape.com\/sv\/wp-json\/wp\/v2\/media?parent=7211"}],"wp:term":[{"taxonomy":"product_brand","embeddable":true,"href":"https:\/\/pgvape.com\/sv\/wp-json\/wp\/v2\/product_brand?post=7211"},{"taxonomy":"product_cat","embeddable":true,"href":"https:\/\/pgvape.com\/sv\/wp-json\/wp\/v2\/product_cat?post=7211"},{"taxonomy":"product_tag","embeddable":true,"href":"https:\/\/pgvape.com\/sv\/wp-json\/wp\/v2\/product_tag?post=7211"}],"curies":[{"name":"wp","href":"https:\/\/api.w.org\/{rel}","templated":true}]}}