{"id":7181,"date":"2025-11-29T11:09:31","date_gmt":"2025-11-29T11:09:31","guid":{"rendered":"https:\/\/pgvape.com\/?post_type=product&#038;p=7181"},"modified":"2026-03-29T08:44:30","modified_gmt":"2026-03-29T08:44:30","slug":"vaprivee-50000-50k-puffs-dual-mode-disponibel-vape-diamant-handvaska-stil-design-vape-factory-direct","status":"publish","type":"product","link":"https:\/\/pgvape.com\/sv\/produkt\/vaprivee-50000-50k-puffs-dual-mode-disponibel-vape-diamant-handvaska-stil-design-vape-factory-direct\/","title":{"rendered":"Vaprivee 50000 50K Puffs Dual Mode Disponibel Vape Diamond Handv\u00e4ska Style Design Vape Factory Direct"},"content":{"rendered":"<p>Vaprivee 50000 Puffs Device, en l\u00e5ngvarig\u00a0<strong>Vape<\/strong>\u00a0Tillverkad f\u00f6r anv\u00e4ndare som vill ha stabil prestanda, rik smak och ett unikt utseende.\u00a0<strong>Vapes<\/strong>.\u00a0<strong>Mesh Coils<\/strong>, Justerbart luftfl\u00f6de och en handgjord diamantdekalfinish, enheten ger b\u00e5de stil och funktion i en kompakt kropp.\u00a0<strong>Vaping<\/strong>\u00a0Upplev hela dagen.<\/p>\n<p>&nbsp;<\/p>\n<h2><span style=\"font-size: 90%;\">Vaprivee 50000 50K Puffs Dual Mode Disposable Vape Specifikation<\/span><\/h2>\n<p><strong>Puffkapacitetsl\u00e4gen<\/strong>: V\u00e4lj mellan 50K (mjuk) och 30K (Boost) l\u00e4gen f\u00f6r l\u00e5ngvarig anv\u00e4ndning, perfekt f\u00f6r hela dagen eller p\u00e5 spr\u00e5ng\u00a0<strong>Vaping<\/strong>.<\/p>\n<p><strong>Hantverk &amp; Design<\/strong>: Diamanthantverksfinish \u2013 har en handv\u00e4ska-inspirerad form med ett handgjort diamantdekal f\u00f6r ett i\u00f6gonfallande, premiumutseende och bekv\u00e4mt grepp.<\/p>\n<p><strong>Flavor &amp;\u00a0E-Liquid\u00a0kapacitet<\/strong>: Kraftfull smakprestanda \u2013 Dubbel\u00a0<strong>Mesh Coils<\/strong>\u00a0S\u00e4kerst\u00e4ll konsekvent \u00e5nga och fr\u00e4sch smak fr\u00e5n f\u00f6rsta till sista blossen, med st\u00f6d av en stor 20 ml\u00a0<strong>E-v\u00e4tska<\/strong>\u00a0Kapacitet.<\/p>\n<p><strong>Luftfl\u00f6dessystem<\/strong>: Justerbart luftfl\u00f6dessystem \u2013 Anpassa ditt drag fr\u00e5n t\u00e4tt till \u00f6ppet f\u00f6r antingen mjukare \u00e5nga eller mer intensiva moln.<\/p>\n<p><strong>Batteri &amp; Laddning<\/strong>: P\u00e5litligt batteri och laddning \u2013 Ett 900mAh batteri ger l\u00e5nga timmars anv\u00e4ndning, med bekv\u00e4m Type-C snabbladdning.<\/p>\n<p><strong>Displayfunktion<\/strong>: Mega LED-sk\u00e4rm \u2013 Visar tydligt batteriniv\u00e5, puffl\u00e4ge och annan viktig information f\u00f6r enkel anv\u00e4ndning.<\/p>\n<p><strong>Nikotinalternativ<\/strong>: 0% \/ 2% \/ 3% \/ 5% Nikotin \u2013 Passar b\u00e5de l\u00e4tta och tunga anv\u00e4ndare med anpassningsbara styrkor.<\/p>\n<p>&nbsp;<\/p>\n<h3><span style=\"font-size: 90%;\">Vaprivee 50000 50K Puffs Dual Mode Disponibel Vape Flavor List<\/span><\/h3>\n<p>1. Bl\u00e5s pop<\/p>\n<p>2.Blue Razz Lemon<\/p>\n<p>3. Cherry Apple<\/p>\n<p>4.Cola Gummy Bears<\/p>\n<p>5.Dubbel mango<\/p>\n<p>6. Grape Ice<\/p>\n<p>7.Mangostan Rambutan Longan<\/p>\n<p>8. Miami Mint Candy<\/p>\n<p>9. Jordgubbshalloncitron<\/p>\n<p>10.Vattenmelon Ananas Hallon<\/p>\n<p>11.Vattenmelon<\/p>\n<p>12.White Peach Hallon<\/p>\n<p>&nbsp;<\/p>\n<h3><span style=\"font-size: 90%;\">Vaprivee 50000 50K Puffs Dual Mode Disposable Vape Video:<\/span><\/h3>\n<p><iframe loading=\"lazy\" title=\"Vaprivee 50K Puffs Dual Mode Disponibel Vape Diamond Handv\u00e4ska Style Design Vape Factory Direct pgvape\" width=\"563\" height=\"1000\" src=\"https:\/\/www.youtube.com\/embed\/QGCQr7F2wOE?feature=oembed\" frameborder=\"0\" allow=\"accelerometer; autoplay; clipboard-write; encrypted-media; gyroscope; picture-in-picture; web-share\" referrerpolicy=\"strict-origin-when-cross-origin\" allowfullscreen><\/iframe><\/p>\n<p>&nbsp;<\/p>\n<h2 class=\"header-vfC6AV auto-hide-last-sibling-br\"><span style=\"font-size: 90%;\">Vanliga fr\u00e5gor om Vaprivee 50000 50K Puffs Dual Mode Disposable Vape<\/span><\/h2>\n<p data-sourcepos=\"37:1-39:109\">\u2753 <strong data-sourcepos=\"38:3-38:36\">Vad \u00e4r det totala antalet puffar?<\/strong><br \/>\n\u2705 Enheten ger antingen <strong data-sourcepos=\"39:30-39:46\">50 000 puffar<\/strong> I normalt l\u00e4ge eller <strong data-sourcepos=\"39:65-39:81\">30 000 puffar<\/strong> N\u00e4r du anv\u00e4nder Boost-inst\u00e4llning.<\/p>\n<p data-sourcepos=\"41:1-42:68\">\u2753 <strong data-sourcepos=\"41:3-41:39\">Har den justerbart luftfl\u00f6de?<\/strong><br \/>\n\u2705 Ja, den <strong data-sourcepos=\"42:12-42:28\">Luftfl\u00f6desratt<\/strong> L\u00e5ter dig anpassa din ritstil.<\/p>\n<p data-sourcepos=\"44:1-45:69\">\u2753 <strong data-sourcepos=\"44:3-44:34\">\u00c4r batteriet utbytbart?<\/strong><br \/>\n\u2705 Nej, men den har en stor inbyggd <strong data-sourcepos=\"45:35-45:66\">900mAh uppladdningsbart batteri<\/strong>.<\/p>\n<p data-sourcepos=\"47:1-48:78\">\u2753 <strong data-sourcepos=\"47:3-47:44\">Vilka nikotinstyrkor erbjuds?<br \/>\n<\/strong> \u2705 Du kan v\u00e4lja mellan <strong data-sourcepos=\"48:23-48:44\">0%, 2%, 3% eller 5%<\/strong> F\u00f6r att matcha olika preferenser.<\/p>\n<p data-sourcepos=\"50:1-51:78\">\u2753 <strong data-sourcepos=\"50:3-50:48\">Hur vet jag n\u00e4r E-v\u00e4tskan tar slut?<\/strong><br \/>\n\u2705 Det genomskinliga sidof\u00f6nstret l\u00e5ter dig visuellt kontrollera v\u00e4tskeniv\u00e5n n\u00e4r som helst.<\/p>\n<p>&nbsp;<\/p>\n<h3 id=\"brxe-najhln\" class=\"brxe-heading\">Vanliga fr\u00e5gor (FAQ)<\/h3>\n<div id=\"brxe-rajiac\" class=\"brxe-text\">\n<p><strong>F: Vilka betalningsmetoder accepterar du?<\/strong><br \/>\nS: Vi accepterar PayPal, Stripe, bank\u00f6verf\u00f6ringar (st\u00f6ds med SEPA), vanliga kreditkort (Visa, MasterCard, American Express) och betalningar i kryptovaluta.<\/p>\n<p><strong>F: Hur l\u00e5ng tid tar best\u00e4llningsberedningen?<\/strong><br \/>\nS: Best\u00e4llningsf\u00f6rberedelse tar 1-3 arbetsdagar.<\/p>\n<p><strong>F: Vad \u00e4r leveranstiden?<\/strong><br \/>\nS: Leveranstiden \u00e4r 7-14 arbetsdagar, beroende p\u00e5 var du befinner dig.<\/p>\n<p><strong>F: Hur kan jag sp\u00e5ra min best\u00e4llning?<\/strong><br \/>\nS: Efter leverans kommer du att f\u00e5 ett bekr\u00e4ftelsemail med ett sp\u00e5rningsnummer f\u00f6r sp\u00e5rning i realtid.<\/p>\n<p><strong>F: Vilken \u00e4r din returpolicy?<\/strong><br \/>\nS: Vi erbjuder en 30-dagars returpolicy f\u00f6r \u00e5terbetalningar eller byten. .<\/p>\n<p><strong>F: Kommer det att finnas n\u00e5gra tullproblem?<br \/>\n<\/strong>Vi hanterar alla tullf\u00f6rfaranden f\u00f6r att s\u00e4kerst\u00e4lla en problemfri upplevelse f\u00f6r dig. .<\/p>\n<p><strong>F: Vilka frakts\u00e4tt anv\u00e4nds?<\/strong><br \/>\nVi samarbetar med UPS\/DHL\/FEDEX\/DPD, etc. Vi kommer att v\u00e4lja l\u00e4mpligt fraktalternativ beroende p\u00e5 leveransland f\u00f6r att s\u00e4kerst\u00e4lla att du f\u00e5r dina produkter s\u00e5 snabbt som m\u00f6jligt.<\/p>\n<p><a href=\"https:\/\/pgvape.com\/sv\/vanliga-fragor\/\">Klicka h\u00e4r f\u00f6r mer FAQ<\/a><\/p>\n<p>K\u00e4ra kunder, Om du har n\u00e5gra fr\u00e5gor om din best\u00e4llning eller ankomsten av varor, v\u00e4nligen kontakta v\u00e5r kundtj\u00e4nst. Tack!<\/p>\n<h3 data-sourcepos=\"73:1-73:21\"><strong data-sourcepos=\"73:7-73:21\">Kontakta oss<\/strong><\/h3>\n<div id=\"text-2419739398\" class=\"text\">\n<p><strong data-sourcepos=\"75:3-75:12\">E-post<\/strong>:\u00a0<a href=\"mailto:support@pgvape.com\"><strong>support@pgvape.com<\/strong><\/a><\/p>\n<p><strong data-sourcepos=\"76:3-76:15\">WhatsApp<\/strong>:\u00a0<a href=\"https:\/\/wa.me\/+8618128481258\"><strong>+86 18128481258<\/strong><\/a><br \/>\n<strong>(Svara inom 24 timmar p\u00e5 arbetsdagar)<\/strong><\/p>\n<\/div>\n<h3><strong>Tack f\u00f6r att du valde pgvape.com! .<\/strong><\/h3>\n<\/div>","protected":false},"excerpt":{"rendered":"<p>Vaprivee 50000 Puffs \u00e4r en snygg handv\u00e4ska designad\u00a0<strong>Vape<\/strong>\u00a0Med Dual\u00a0<strong>Mesh Coils<\/strong>, 20 ml\u00a0<strong>E-v\u00e4tska<\/strong>, 50K\/30K puffl\u00e4gen, justerbart luftfl\u00f6de och 0%-5% Nikotinalternativ \u2013 ger l\u00e5ngvarig, moderiktig\u00a0<strong>Vaping<\/strong>\u00a0Njutning.<\/p>","protected":false},"featured_media":7193,"comment_status":"open","ping_status":"closed","template":"","meta":{"_seopress_robots_primary_cat":"none","_seopress_titles_title":"","_seopress_titles_desc":"","_seopress_robots_index":""},"product_brand":[516,478],"product_cat":[61,515,477],"product_tag":[318,480,90,415,475,479],"class_list":{"0":"post-7181","1":"product","2":"type-product","3":"status-publish","4":"has-post-thumbnail","6":"product_brand-disposable-vape","7":"product_brand-vaprivee-vape","8":"product_cat-50k-puffs-vape","9":"product_cat-disposable-vape","10":"product_cat-vaprivee-vape","11":"product_tag-50k-puffs-vape","12":"product_tag-diamond-handbag-style-design","13":"product_tag-disposable-vape","14":"product_tag-dual-mode","15":"product_tag-mtlmouth-to-lung","16":"product_tag-vaprivee-50000","18":"first","19":"instock","20":"sale","21":"shipping-taxable","22":"purchasable","23":"product-type-variable"},"_links":{"self":[{"href":"https:\/\/pgvape.com\/sv\/wp-json\/wp\/v2\/product\/7181","targetHints":{"allow":["GET"]}}],"collection":[{"href":"https:\/\/pgvape.com\/sv\/wp-json\/wp\/v2\/product"}],"about":[{"href":"https:\/\/pgvape.com\/sv\/wp-json\/wp\/v2\/types\/product"}],"replies":[{"embeddable":true,"href":"https:\/\/pgvape.com\/sv\/wp-json\/wp\/v2\/comments?post=7181"}],"wp:featuredmedia":[{"embeddable":true,"href":"https:\/\/pgvape.com\/sv\/wp-json\/wp\/v2\/media\/7193"}],"wp:attachment":[{"href":"https:\/\/pgvape.com\/sv\/wp-json\/wp\/v2\/media?parent=7181"}],"wp:term":[{"taxonomy":"product_brand","embeddable":true,"href":"https:\/\/pgvape.com\/sv\/wp-json\/wp\/v2\/product_brand?post=7181"},{"taxonomy":"product_cat","embeddable":true,"href":"https:\/\/pgvape.com\/sv\/wp-json\/wp\/v2\/product_cat?post=7181"},{"taxonomy":"product_tag","embeddable":true,"href":"https:\/\/pgvape.com\/sv\/wp-json\/wp\/v2\/product_tag?post=7181"}],"curies":[{"name":"wp","href":"https:\/\/api.w.org\/{rel}","templated":true}]}}