{"id":708,"date":"2025-09-25T14:15:23","date_gmt":"2025-09-25T14:15:23","guid":{"rendered":"https:\/\/pgvape.com\/?post_type=product&#038;p=708"},"modified":"2025-12-15T13:32:00","modified_gmt":"2025-12-15T13:32:00","slug":"bang-leader-50000-50k-puffar-dubbla-smaker-disponibel-vape-2-i-1-smaker-vape-fabrik-grossist","status":"publish","type":"product","link":"https:\/\/pgvape.com\/sv\/produkt\/bang-leader-50000-50k-puffar-dubbla-smaker-disponibel-vape-2-i-1-smaker-vape-fabrik-grossist\/","title":{"rendered":"Bang Leader 50000 50K Puffs Dual Flavors Disponibel Vape 2-i-1 Flavors-Vape Factory Grossist"},"content":{"rendered":"<p><strong data-sourcepos=\"6:5-6:59\">Bang Leader 50K Puffs Dual Flavors Disponibel Vape<\/strong> omdefinierar ut\u00f6kad vaping med <strong data-sourcepos=\"6:91-6:107\">50 000 bloss<\/strong> fr\u00e5n en massiv <strong data-sourcepos=\"6:123-6:149\">36mL e-v\u00e4tska kapacitet<\/strong>, drivs av en <strong data-sourcepos=\"6:164-6:195\">650mAh uppladdningsbart batteri<\/strong><span class=\"CustomP_animated_char__m3r9w\">.<\/span><span class=\"CustomP_animated_char__m3r9w\">\u00a0<\/span><span class=\"CustomP_animated_char__m3r9w\">Med<\/span><span class=\"CustomP_animated_char__m3r9w\">\u00a0<\/span><strong data-sourcepos=\"6:207-6:226\">dubbla mesh-spolar<\/strong> och <strong data-sourcepos=\"6:231-6:253\">justerbar watt<\/strong>, den ger rik, mjuk \u00e5nga. <strong data-sourcepos=\"6:291-6:315\">Typ-C snabbladdning<\/strong><span class=\"CustomP_animated_char__m3r9w\">\u00a0<\/span><span class=\"CustomP_animated_char__m3r9w\">och<\/span><span class=\"CustomP_animated_char__m3r9w\">\u00a0<\/span><strong data-sourcepos=\"6:320-6:337\">smart display<\/strong><span class=\"CustomP_animated_char__m3r9w\">\u00a0<\/span><span class=\"CustomP_animated_char__m3r9w\">(<\/span><span class=\"CustomP_animated_char__m3r9w\">visande<\/span><span class=\"CustomP_animated_char__m3r9w\">\u00a0<\/span><span class=\"CustomP_animated_char__m3r9w\">batteri<\/span><span class=\"CustomP_animated_char__m3r9w\">\/<\/span><span class=\"CustomP_animated_char__m3r9w\">e<\/span><span class=\"CustomP_animated_char__m3r9w\">\u2013<\/span><span class=\"CustomP_animated_char__m3r9w\">flytande<\/span><span class=\"CustomP_animated_char__m3r9w\">\u00a0<\/span><span class=\"CustomP_animated_char__m3r9w\">niv\u00e5er<\/span><span class=\"CustomP_animated_char__m3r9w\">)<\/span><span class=\"CustomP_animated_char__m3r9w\">\u00a0<\/span><span class=\"CustomP_animated_char__m3r9w\">s\u00e4kerst\u00e4lla<\/span><span class=\"CustomP_animated_char__m3r9w\">\u00a0<\/span><span class=\"CustomP_animated_char__m3r9w\">bekv\u00e4mlighet<\/span><span class=\"CustomP_animated_char__m3r9w\">,<\/span><span class=\"CustomP_animated_char__m3r9w\">\u00a0<\/span><span class=\"CustomP_animated_char__m3r9w\">medan<\/span><span class=\"CustomP_animated_char__m3r9w\">\u00a0<\/span><strong data-sourcepos=\"6:398-6:429\">12 kombinationer med dubbla smaker<\/strong><span class=\"CustomP_animated_char__m3r9w\">\u00a0<\/span><span class=\"CustomP_animated_char__m3r9w\">erbjuda<\/span><span class=\"CustomP_animated_char__m3r9w\">\u00a0<\/span><span class=\"CustomP_animated_char__m3r9w\">o\u00f6vertr\u00e4ffad<\/span><span class=\"CustomP_animated_char__m3r9w\">\u00a0<\/span><span class=\"CustomP_animated_char__m3r9w\">m\u00e4ngd<\/span><span class=\"CustomP_animated_char__m3r9w\">\u2013<\/span><span class=\"CustomP_animated_char__m3r9w\">smak<\/span><span class=\"CustomP_animated_char__m3r9w\">\u00a0<\/span><span class=\"CustomP_animated_char__m3r9w\">kombinationer<\/span><span class=\"CustomP_animated_char__m3r9w\">*<\/span><span class=\"CustomP_animated_char__m3r9w\">*<\/span><span class=\"CustomP_animated_char__m3r9w\">\u00a0<\/span><span class=\"CustomP_animated_char__m3r9w\">erbjuda<\/span><span class=\"CustomP_animated_char__m3r9w\">\u00a0<\/span><span class=\"CustomP_animated_char__m3r9w\">o\u00f6vertr\u00e4ffad<\/span><span class=\"CustomP_animated_char__m3r9w\">\u00a0<\/span><span class=\"CustomP_animated_char__m3r9w\">m\u00e4ngd<\/span><span class=\"CustomP_animated_char__m3r9w\">.<\/span><span class=\"CustomP_animated_char__m3r9w\">\u00a0<\/span><span class=\"CustomP_animated_char__m3r9w\">F\u00f6rpackad<\/span><span class=\"CustomP_animated_char__m3r9w\">\u00a0<\/span><strong data-sourcepos=\"6:510-6:531\">10 stycken per kartong<\/strong><span class=\"CustomP_animated_char__m3r9w\">,<\/span><span class=\"CustomP_animated_char__m3r9w\">\u00a0<\/span><span class=\"CustomP_animated_char__m3r9w\">det<\/span><span class=\"CustomP_animated_char__m3r9w\">\u2018<\/span><span class=\"CustomP_animated_char__m3r9w\">s<\/span><span class=\"CustomP_animated_char__m3r9w\">\u00a0<\/span><span class=\"CustomP_animated_char__m3r9w\">perfekt<\/span><span class=\"CustomP_animated_char__m3r9w\">\u00a0<\/span><span class=\"CustomP_animated_char__m3r9w\">f\u00f6r<\/span><span class=\"CustomP_animated_char__m3r9w\">\u00a0<\/span><span class=\"CustomP_animated_char__m3r9w\">\u00e5terf\u00f6rs\u00e4ljare<\/span><span class=\"CustomP_animated_char__m3r9w\">\u00a0<\/span><span class=\"CustomP_animated_char__m3r9w\">och<\/span><span class=\"CustomP_animated_char__m3r9w\">\u00a0<\/span><span class=\"CustomP_animated_char__m3r9w\">smak<\/span><span class=\"CustomP_animated_char__m3r9w\">*<\/span><span class=\"CustomP_animated_char__m3r9w\">*<\/span><span class=\"CustomP_animated_char__m3r9w\">,<\/span><span class=\"CustomP_animated_char__m3r9w\">\u00a0<\/span><span class=\"CustomP_animated_char__m3r9w\">det<\/span><span class=\"CustomP_animated_char__m3r9w\">\u2018<\/span><span class=\"CustomP_animated_char__m3r9w\">s<\/span><span class=\"CustomP_animated_char__m3r9w\">\u00a0<\/span><span class=\"CustomP_animated_char__m3r9w\">perfekt<\/span><span class=\"CustomP_animated_char__m3r9w\">\u00a0<\/span><span class=\"CustomP_animated_char__m3r9w\">f\u00f6r<\/span><span class=\"CustomP_animated_char__m3r9w\">\u00a0<\/span><span class=\"CustomP_animated_char__m3r9w\">\u00e5terf\u00f6rs\u00e4ljare<\/span><span class=\"CustomP_animated_char__m3r9w\">\u00a0<\/span><span class=\"CustomP_animated_char__m3r9w\">och<\/span><span class=\"CustomP_animated_char__m3r9w\">\u00a0<\/span><span class=\"CustomP_animated_char__m3r9w\">smak<\/span><span class=\"CustomP_animated_char__m3r9w\">\u2013<\/span><span class=\"CustomP_animated_char__m3r9w\">s\u00f6kande<\/span><span class=\"CustomP_animated_char__m3r9w\">\u00a0<\/span><span class=\"CustomP_animated_char__m3r9w\">vapers<\/span><span class=\"CustomP_animated_char__m3r9w\">.<\/span><\/p>\n<p>&nbsp;<\/p>\n<h2><span style=\"font-size: 90%;\">Bang Leader 50000 | 50K Puffs Dual Flavors Disponibel Vape Produktspecifikation<\/span><\/h2>\n<p><strong data-sourcepos=\"11:3-11:24\">Nikotinalternativ:<\/strong>\u00a0<strong data-sourcepos=\"11:25-11:46\">0% \/ 2% \/ 3% \/ 5%<\/strong><span class=\"CustomP_animated_char__m3r9w\">\u00a0<\/span><span class=\"CustomP_animated_char__m3r9w\">(<\/span><span class=\"CustomP_animated_char__m3r9w\">Fr\u00e5n<\/span><span class=\"CustomP_animated_char__m3r9w\">\u00a0<\/span><span class=\"CustomP_animated_char__m3r9w\">noll<\/span><span class=\"CustomP_animated_char__m3r9w\">\u2013<\/span><span class=\"CustomP_animated_char__m3r9w\">trevligt<\/span><span class=\"CustomP_animated_char__m3r9w\">\u00a0<\/span><span class=\"CustomP_animated_char__m3r9w\">till<\/span><span class=\"CustomP_animated_char__m3r9w\">\u00a0<\/span><span class=\"CustomP_animated_char__m3r9w\">stark<\/span><span class=\"CustomP_animated_char__m3r9w\">\u00a0<\/span><span class=\"CustomP_animated_char__m3r9w\">hals<\/span><span class=\"CustomP_animated_char__m3r9w\">\u00a0<\/span><span class=\"CustomP_animated_char__m3r9w\">hit<\/span><span class=\"CustomP_animated_char__m3r9w\">)<\/span><\/p>\n<p><strong data-sourcepos=\"12:3-12:18\">Antal bloss:<\/strong>\u00a0<strong data-sourcepos=\"12:19-12:35\">50 000 puffar<\/strong><span class=\"CustomP_animated_char__m3r9w\">\u00a0<\/span><span class=\"CustomP_animated_char__m3r9w\">(<\/span><span class=\"CustomP_animated_char__m3r9w\">Ult<\/span><span class=\"CustomP_animated_char__m3r9w\">ra<\/span><span class=\"CustomP_animated_char__m3r9w\">\u2013<\/span><span class=\"CustomP_animated_char__m3r9w\">l\u00e5ng<\/span><span class=\"CustomP_animated_char__m3r9w\">\u00a0<\/span><span class=\"CustomP_animated_char__m3r9w\">livsl\u00e4ngd<\/span><span class=\"CustomP_animated_char__m3r9w\">)<\/span><\/p>\n<p><strong data-sourcepos=\"13:3-13:25\">E-v\u00e4tskekapacitet:<\/strong>\u00a0<strong data-sourcepos=\"13:26-13:34\">36 ml<\/strong><span class=\"CustomP_animated_char__m3r9w\">\u00a0<\/span><span class=\"CustomP_animated_char__m3r9w\">(<\/span><span class=\"CustomP_animated_char__m3r9w\">Industri<\/span><span class=\"CustomP_animated_char__m3r9w\">\u2013<\/span><span class=\"CustomP_animated_char__m3r9w\">ledande<\/span><span class=\"CustomP_animated_char__m3r9w\">\u00a0<\/span><span class=\"CustomP_animated_char__m3r9w\">volym<\/span><span class=\"CustomP_animated_char__m3r9w\">)<\/span><\/p>\n<p><strong data-sourcepos=\"14:3-14:15\">Batteri:<\/strong>\u00a0<strong data-sourcepos=\"14:16-14:39\">650mAh uppladdningsbar<\/strong>\u00a0+\u00a0<strong data-sourcepos=\"14:42-14:66\">Typ-C snabbladdning<\/strong><\/p>\n<p><strong data-sourcepos=\"15:3-15:12\">Spole:<\/strong>\u00a0<strong data-sourcepos=\"15:13-15:26\">Dual Mesh<\/strong><span class=\"CustomP_animated_char__m3r9w\">\u00a0<\/span><span class=\"CustomP_animated_char__m3r9w\">(<\/span><span class=\"CustomP_animated_char__m3r9w\">F\u00f6rb\u00e4ttrad<\/span><span class=\"CustomP_animated_char__m3r9w\">\u00a0<\/span><span class=\"CustomP_animated_char__m3r9w\">smak<\/span><span class=\"CustomP_animated_char__m3r9w\">\u00a0<\/span><span class=\"CustomP_animated_char__m3r9w\">&amp;<\/span><span class=\"CustomP_animated_char__m3r9w\">\u00a0<\/span><span class=\"CustomP_animated_char__m3r9w\">\u00e5nga<\/span><span class=\"CustomP_animated_char__m3r9w\">\u00a0<\/span><span class=\"CustomP_animated_char__m3r9w\">densitet<\/span><span class=\"CustomP_animated_char__m3r9w\">)<\/span><\/p>\n<p><strong data-sourcepos=\"16:3-16:21\">Anpassning:<\/strong>\u00a0<strong data-sourcepos=\"16:22-16:44\">Justerbar Watt<\/strong><span class=\"CustomP_animated_char__m3r9w\">\u00a0<\/span><span class=\"CustomP_animated_char__m3r9w\">(<\/span><span class=\"CustomP_animated_char__m3r9w\">Svans<\/span><span class=\"CustomP_animated_char__m3r9w\">eller<\/span><span class=\"CustomP_animated_char__m3r9w\">\u00a0<\/span><span class=\"CustomP_animated_char__m3r9w\">din<\/span><span class=\"CustomP_animated_char__m3r9w\">\u00a0<\/span><span class=\"CustomP_animated_char__m3r9w\">vaping<\/span><span class=\"CustomP_animated_char__m3r9w\">\u00a0<\/span><span class=\"CustomP_animated_char__m3r9w\">intensitet<\/span><span class=\"CustomP_animated_char__m3r9w\">)<\/span><\/p>\n<p><strong data-sourcepos=\"17:3-17:15\">Visa:<\/strong>\u00a0<strong data-sourcepos=\"17:16-17:59\">Batteri- och e-v\u00e4tske\u00f6vervakning i realtid<\/strong><\/p>\n<p><strong data-sourcepos=\"18:3-18:21\">Smaksystem:<\/strong>\u00a0<strong data-sourcepos=\"18:22-18:53\">12 kombinationer med dubbla smaker<\/strong><span class=\"CustomP_animated_char__m3r9w\">\u00a0<\/span><span class=\"CustomP_animated_char__m3r9w\">(<\/span><span class=\"CustomP_animated_char__m3r9w\">Blanda<\/span><span class=\"CustomP_animated_char__m3r9w\">\u00a0<\/span><span class=\"CustomP_animated_char__m3r9w\">&amp;<\/span><span class=\"CustomP_animated_char__m3r9w\">\u00a0<\/span><span class=\"CustomP_animated_char__m3r9w\">match<\/span><span class=\"CustomP_animated_char__m3r9w\">\u00a0<\/span><span class=\"CustomP_animated_char__m3r9w\">profiler<\/span><span class=\"CustomP_animated_char__m3r9w\">)<\/span><\/p>\n<p><strong data-sourcepos=\"19:3-19:17\">F\u00f6rpackning:<\/strong>\u00a0<strong data-sourcepos=\"19:18-19:32\">10 st\/kartong<\/strong><span class=\"CustomP_animated_char__m3r9w\">\u00a0<\/span><span class=\"CustomP_animated_char__m3r9w\">(<\/span><span class=\"CustomP_animated_char__m3r9w\">Detaljhandel<\/span><span class=\"CustomP_animated_char__m3r9w\">\u2013<\/span><span class=\"CustomP_animated_char__m3r9w\">redo<\/span><span class=\"CustomP_animated_char__m3r9w\">)<\/span><\/p>\n<p>&nbsp;<\/p>\n<h3><span style=\"font-size: 90%;\">Bang Leader 50000 | 50K Puffs Dual Flavors Disponibel Vape Flavor List<\/span><\/h3>\n<p>1.Strawberry Raspberry Cherry Ice \/ Cherry<\/p>\n<p>2.Watermelon Strawberry \/ Watermelon<\/p>\n<p>3.Black Grape \/ Green Grape<\/p>\n<p>4.Apple P\u00e4ron \/ Kiwi Passionsfrukt Guava<\/p>\n<p>5.Sur ananas Lemonade \/ Citron Lime<\/p>\n<p>6. Banan Ice \/ Mango<\/p>\n<p>7.Bl\u00e5b\u00e4rssura hallon \/ bl\u00e5b\u00e4r<\/p>\n<p>8. Cherry Cola \/ Pink Lemonade<\/p>\n<p>9.Blueberry Raspberry Lemonade \/ Strawberry Raspberry Cherry Ice<\/p>\n<p>10.Strawberry Kiwi \/ Strawberry Ice<\/p>\n<p>11.Ananas passionsfrukt \/ Pineapple Ice<\/p>\n<p>12.Raspberry Mojito \/ Cherry Raspberry Lime<img loading=\"lazy\" decoding=\"async\" class=\"alignnone wp-image-715 size-full\" src=\"https:\/\/pgvape.com\/wp-content\/uploads\/2025\/09\/Bang-Leader-50000-Puffs-12-Flavors-Disposable-E-Cigarette-13400-mAh-Battery-Rechargeable-Vape_\u526f\u672c.png\" alt=\"Reklamgrafik f\u00f6r Bang Leader eng\u00e5ngsvape-enheter med tv\u00e5 stora pastellf\u00e4rgade enheter med digitala displayer och en gorilla-logotyp, rader med mindre f\u00e4rgvarianter, fet text med 50 000 PUFFS och ikoner som indikerar dubbel smak och justerbar effekt mot en futuristisk bl\u00e5 bakgrund.\" width=\"1588\" height=\"914\" srcset=\"https:\/\/pgvape.com\/wp-content\/uploads\/2025\/09\/Bang-Leader-50000-Puffs-12-Flavors-Disposable-E-Cigarette-13400-mAh-Battery-Rechargeable-Vape_\u526f\u672c.png 1588w, https:\/\/pgvape.com\/wp-content\/uploads\/2025\/09\/Bang-Leader-50000-Puffs-12-Flavors-Disposable-E-Cigarette-13400-mAh-Battery-Rechargeable-Vape_\u526f\u672c-555x319.png 555w, https:\/\/pgvape.com\/wp-content\/uploads\/2025\/09\/Bang-Leader-50000-Puffs-12-Flavors-Disposable-E-Cigarette-13400-mAh-Battery-Rechargeable-Vape_\u526f\u672c-595x342.png 595w, https:\/\/pgvape.com\/wp-content\/uploads\/2025\/09\/Bang-Leader-50000-Puffs-12-Flavors-Disposable-E-Cigarette-13400-mAh-Battery-Rechargeable-Vape_\u526f\u672c-400x230.png 400w, https:\/\/pgvape.com\/wp-content\/uploads\/2025\/09\/Bang-Leader-50000-Puffs-12-Flavors-Disposable-E-Cigarette-13400-mAh-Battery-Rechargeable-Vape_\u526f\u672c-768x442.png 768w, https:\/\/pgvape.com\/wp-content\/uploads\/2025\/09\/Bang-Leader-50000-Puffs-12-Flavors-Disposable-E-Cigarette-13400-mAh-Battery-Rechargeable-Vape_\u526f\u672c-1536x884.png 1536w, https:\/\/pgvape.com\/wp-content\/uploads\/2025\/09\/Bang-Leader-50000-Puffs-12-Flavors-Disposable-E-Cigarette-13400-mAh-Battery-Rechargeable-Vape_\u526f\u672c-18x10.png 18w, https:\/\/pgvape.com\/wp-content\/uploads\/2025\/09\/Bang-Leader-50000-Puffs-12-Flavors-Disposable-E-Cigarette-13400-mAh-Battery-Rechargeable-Vape_\u526f\u672c-600x345.png 600w, https:\/\/pgvape.com\/wp-content\/uploads\/2025\/09\/Bang-Leader-50000-Puffs-12-Flavors-Disposable-E-Cigarette-13400-mAh-Battery-Rechargeable-Vape_\u526f\u672c-60x35.png 60w\" sizes=\"auto, (max-width: 1588px) 100vw, 1588px\" \/><\/p>\n<p>&nbsp;<\/p>\n<h3><span style=\"font-size: 90%;\">Bang Leader 50000 | 50K Puffs Dual Flavors Disponibel Vape <\/span><strong>Video:<br \/>\n<iframe loading=\"lazy\" title=\"Bang Leader 50K Puffs Dual Flavors Disponibel Vape med sk\u00e4rm Vape Factory Grossist pgvape\" width=\"563\" height=\"1000\" src=\"https:\/\/www.youtube.com\/embed\/dgqkXChaUXk?feature=oembed\" frameborder=\"0\" allow=\"accelerometer; autoplay; clipboard-write; encrypted-media; gyroscope; picture-in-picture; web-share\" referrerpolicy=\"strict-origin-when-cross-origin\" allowfullscreen><\/iframe><br \/>\n<\/strong><\/h3>\n<p>&nbsp;<\/p>\n<h2><span style=\"font-size: 90%;\">Vanliga fr\u00e5gor om Bang Leader 50000 | 50K Puffs Dual Flavors Disponibel Vape<\/span><\/h2>\n<p data-sourcepos=\"40:1-41:74\">\u2753 <strong data-sourcepos=\"40:3-40:37\">Hur uppn\u00e5r den 50K bloss?<\/strong><br \/>\n\u2705 <strong data-sourcepos=\"41:3-41:20\">36 ml e-v\u00e4tska<\/strong> + <strong data-sourcepos=\"41:23-41:52\">effektiva dubbeln\u00e4tsspolar<\/strong> maximera livsl\u00e4ngden.<\/p>\n<p data-sourcepos=\"43:1-44:107\">\u2753 <strong data-sourcepos=\"43:3-43:43\">Kan jag enkelt v\u00e4xla mellan smaker?<\/strong><br \/>\n\u2705 Ja! <strong data-sourcepos=\"44:8-44:43\">12 f\u00e4rdigblandade kombinationer med dubbla smaker<\/strong> l\u00e5ter dig v\u00e4xla mellan smaker (t.ex., <strong data-sourcepos=\"44:81-44:103\">Banan Ice \u2192 Mango<\/strong>).<\/p>\n<p data-sourcepos=\"46:1-47:93\">\u2753 <strong data-sourcepos=\"46:3-46:31\">\u00c4r batteriet p\u00e5litligt?<\/strong><br \/>\n\u2705 Den <strong data-sourcepos=\"47:7-47:25\">650mAh batteri<\/strong> st\u00f6der heldagsanv\u00e4ndning, med <strong data-sourcepos=\"47:53-47:72\">Typ-C laddning<\/strong> f\u00f6r snabba tankar.<\/p>\n<p data-sourcepos=\"49:1-50:109\">\u2753 <strong data-sourcepos=\"49:3-49:26\">Vem \u00e4r det b\u00e4st f\u00f6r?<br \/>\n<\/strong> \u2705 Vapers vill ha <strong data-sourcepos=\"50:18-50:34\">ut\u00f6kad anv\u00e4ndning<\/strong> + <strong data-sourcepos=\"50:37-50:55\">smakvariation<\/strong>, och \u00e5terf\u00f6rs\u00e4ljare som s\u00f6ker <strong data-sourcepos=\"50:79-50:106\">eng\u00e5ngsartiklar med h\u00f6g efterfr\u00e5gan<\/strong>.<\/p>\n<p>&nbsp;<\/p>\n<h3 id=\"brxe-najhln\" class=\"brxe-heading\">Vanliga fr\u00e5gor (FAQ)<\/h3>\n<div id=\"brxe-rajiac\" class=\"brxe-text\">\n<p><strong>F: Vilka betalningsmetoder accepterar du?<\/strong><br \/>\nS: Vi accepterar PayPal, Stripe, bank\u00f6verf\u00f6ringar (st\u00f6ds med SEPA), vanliga kreditkort (Visa, MasterCard, American Express) och betalningar i kryptovaluta.<\/p>\n<p><strong>F: Hur l\u00e5ng tid tar best\u00e4llningsberedningen?<\/strong><br \/>\nS: Best\u00e4llningsf\u00f6rberedelse tar 1-3 arbetsdagar.<\/p>\n<p><strong>F: Vad \u00e4r leveranstiden?<\/strong><br \/>\nS: Leveranstiden \u00e4r 7-14 arbetsdagar, beroende p\u00e5 var du befinner dig.<\/p>\n<p><strong>F: Hur kan jag sp\u00e5ra min best\u00e4llning?<\/strong><br \/>\nS: Efter leverans kommer du att f\u00e5 ett bekr\u00e4ftelsemail med ett sp\u00e5rningsnummer f\u00f6r sp\u00e5rning i realtid.<\/p>\n<p><strong>F: Vilken \u00e4r din returpolicy?<\/strong><br \/>\nS: Vi erbjuder en 30-dagars returpolicy f\u00f6r \u00e5terbetalningar eller byten. .<\/p>\n<p><strong>F: Kommer det att finnas n\u00e5gra tullproblem?<br \/>\n<\/strong>Vi hanterar alla tullf\u00f6rfaranden f\u00f6r att s\u00e4kerst\u00e4lla en problemfri upplevelse f\u00f6r dig. .<\/p>\n<p><strong>F: Vilka frakts\u00e4tt anv\u00e4nds?<\/strong><br \/>\nVi samarbetar med UPS\/DHL\/FEDEX\/DPD, etc. Vi kommer att v\u00e4lja l\u00e4mpligt fraktalternativ beroende p\u00e5 leveransland f\u00f6r att s\u00e4kerst\u00e4lla att du f\u00e5r dina produkter s\u00e5 snabbt som m\u00f6jligt.<\/p>\n<p><a href=\"https:\/\/pgvape.com\/sv\/vanliga-fragor\/\">Klicka h\u00e4r f\u00f6r mer FAQ<\/a><\/p>\n<p>K\u00e4ra kunder, Om du har n\u00e5gra fr\u00e5gor om din best\u00e4llning eller ankomsten av varor, v\u00e4nligen kontakta v\u00e5r kundtj\u00e4nst. Tack!<\/p>\n<h3 data-sourcepos=\"73:1-73:21\"><strong data-sourcepos=\"73:7-73:21\">Kontakta oss<\/strong><\/h3>\n<div id=\"text-2419739398\" class=\"text\">\n<p><strong data-sourcepos=\"75:3-75:12\">E-post<\/strong>:\u00a0<a href=\"mailto:support@pgvape.com\"><strong>support@pgvape.com<\/strong><\/a><\/p>\n<p><strong data-sourcepos=\"76:3-76:15\">WhatsApp<\/strong>: <a href=\"https:\/\/wa.me\/+8618128481258\"><strong>+86 18128481258<\/strong><\/a><br \/>\n<strong>(Svara inom 24 timmar p\u00e5 arbetsdagar)<\/strong><\/p>\n<\/div>\n<h3><strong>Tack f\u00f6r att du valde pgvape.com! .<\/strong><\/h3>\n<\/div>","protected":false},"excerpt":{"rendered":"<p>Med <strong data-sourcepos=\"55:6-55:19\">50K puffar<\/strong>, <strong data-sourcepos=\"55:21-55:48\">flexibilitet med dubbla smaker<\/strong>, och <strong data-sourcepos=\"55:54-55:76\">premium mesh spolar<\/strong>, den <strong data-sourcepos=\"55:82-55:101\">Bang Leader 50K<\/strong> \u00e4r ett kraftpaket f\u00f6r smakentusiaster. <strong data-sourcepos=\"55:142-55:164\">10-delad f\u00f6rpackning<\/strong> s\u00e4kerst\u00e4ller detaljhandeln.<\/p>","protected":false},"featured_media":722,"comment_status":"open","ping_status":"closed","template":"","meta":{"_seopress_robots_primary_cat":"none","_seopress_titles_title":"%%post_title%% %%sep%% %%sitetitle%%","_seopress_titles_desc":"","_seopress_robots_index":""},"product_brand":[54,516],"product_cat":[61,32,515],"product_tag":[64,65,63,67,68,66,490,60],"class_list":{"0":"post-708","1":"product","2":"type-product","3":"status-publish","4":"has-post-thumbnail","6":"product_brand-bang-leader-vape","7":"product_brand-disposable-vape","8":"product_cat-50k-puffs-vape","9":"product_cat-bang-leader-vape","10":"product_cat-disposable-vape","11":"product_tag-50k-puffs","12":"product_tag-50k-vape","13":"product_tag-bang-leader-50000","14":"product_tag-direct-to-lung-dtl","15":"product_tag-double-taste","16":"product_tag-dual-flavors","17":"product_tag-minimum-2-pieces","18":"product_tag-smart-screen-display","20":"first","21":"instock","22":"sale","23":"shipping-taxable","24":"purchasable","25":"product-type-variable"},"_links":{"self":[{"href":"https:\/\/pgvape.com\/sv\/wp-json\/wp\/v2\/product\/708","targetHints":{"allow":["GET"]}}],"collection":[{"href":"https:\/\/pgvape.com\/sv\/wp-json\/wp\/v2\/product"}],"about":[{"href":"https:\/\/pgvape.com\/sv\/wp-json\/wp\/v2\/types\/product"}],"replies":[{"embeddable":true,"href":"https:\/\/pgvape.com\/sv\/wp-json\/wp\/v2\/comments?post=708"}],"wp:featuredmedia":[{"embeddable":true,"href":"https:\/\/pgvape.com\/sv\/wp-json\/wp\/v2\/media\/722"}],"wp:attachment":[{"href":"https:\/\/pgvape.com\/sv\/wp-json\/wp\/v2\/media?parent=708"}],"wp:term":[{"taxonomy":"product_brand","embeddable":true,"href":"https:\/\/pgvape.com\/sv\/wp-json\/wp\/v2\/product_brand?post=708"},{"taxonomy":"product_cat","embeddable":true,"href":"https:\/\/pgvape.com\/sv\/wp-json\/wp\/v2\/product_cat?post=708"},{"taxonomy":"product_tag","embeddable":true,"href":"https:\/\/pgvape.com\/sv\/wp-json\/wp\/v2\/product_tag?post=708"}],"curies":[{"name":"wp","href":"https:\/\/api.w.org\/{rel}","templated":true}]}}