{"id":6985,"date":"2025-11-25T09:02:33","date_gmt":"2025-11-25T09:02:33","guid":{"rendered":"https:\/\/pgvape.com\/?post_type=product&#038;p=6985"},"modified":"2025-12-15T11:55:06","modified_gmt":"2025-12-15T11:55:06","slug":"bang-king-triple-100000-100k-puffs-engangs-vape-julspecial-3-i-1-smaker-begransad-semester-presentforpackning","status":"publish","type":"product","link":"https:\/\/pgvape.com\/sv\/produkt\/bang-king-triple-100000-100k-puffs-engangs-vape-julspecial-3-i-1-smaker-begransad-semester-presentforpackning\/","title":{"rendered":"Bang King Triple 100000 100K Puffs Disposable Vape Christmas Special \u2013 3 i 1 smaker Begr\u00e4nsad julpresentf\u00f6rpackning"},"content":{"rendered":"<p>Fira semesters\u00e4songen med The Bang King Triple 100K Christmas Edition, med ett magiskt 3-i-1 justerbart smaksystem och en enorm kapacitet p\u00e5 100 000 puff designad f\u00f6r l\u00e5ngvarig festgl\u00e4dje.\u00a0<strong>Mesh Coil<\/strong>\u00a0Teknik f\u00f6r rikare smak och t\u00e4tare \u00e5nga, utrustad med ett uppladdningsbart batteri med h\u00f6g kapacitet + snabbladdning av typ C, och har en anti-l\u00e4ckage, trippel kammarstruktur f\u00f6r att leverera j\u00e4mnt nikotin och stark smakutg\u00e5ng.\u00a0<strong>Vape<\/strong>\u00a0Enhet f\u00f6r juls\u00e4songen.<\/p>\n<p>&nbsp;<\/p>\n<h2><span style=\"font-size: 90%;\">Bang King Triple 100K Puffs Christmas Special Specifikationer<\/span><\/h2>\n<p><strong>Edition Typ<\/strong>: Presentf\u00f6rpackning f\u00f6r begr\u00e4nsad julupplaga \u2014 komplett upps\u00e4ttning med 12 enheter<\/p>\n<p><strong>Puff Count<\/strong>: 100 000 bloss per enhet f\u00f6r ultral\u00e5ng s\u00e4songsbetonad njutning<\/p>\n<p><strong>Smaksystem<\/strong>: 3-i-1 justerbart smaksystem (3X24ml\u00a0<strong>E-v\u00e4tska<\/strong>) \u2014 V\u00e4xla mellan 3 rena smaker eller blanda f\u00f6r unika upplevelser<\/p>\n<p><strong>Designstil<\/strong>: Design med semestertema med sn\u00f6flingagrafik och festliga f\u00e4rger<\/p>\n<p><strong>Spoleteknik<\/strong>:\u00a0<strong>Mesh Coil<\/strong>\u00a0Teknik f\u00f6r rikare smak och t\u00e4tare \u00e5nga<\/p>\n<p><strong>Batteri &amp; Laddning<\/strong>: Uppladdningsbart batteri med h\u00f6g kapacitet + laddning av typ C<\/p>\n<p><strong>Strukturfunktion<\/strong>: Anti-l\u00e4ckage med tre kammarstruktur<\/p>\n<p><strong>Utg\u00e5ngsprestanda<\/strong>: J\u00e4mnt nikotin &amp; stark smakutg\u00e5ng<\/p>\n<p><strong>Till\u00e4mpliga scenarier<\/strong>: Perfekt f\u00f6r presenter, detaljhandelsvisningar och semesterkampanjer<\/p>\n<p>&nbsp;<\/p>\n<h3><span style=\"font-size: 90%;\">Bang King Triple 100K Puffs Christmas Special Flavor List<\/span><\/h3>\n<p>1.Watermelon Ice &amp; Red Bull &amp; Strawberry Kiwi<\/p>\n<p>2.Citron Lime &amp; Strawberry Watermelon &amp; Blueberry Ice<\/p>\n<p>3. Jordgubbsbanan &amp; hallonvattenmelon &amp; rosa lemonad<\/p>\n<p>4.Blue Razz Cherry &amp; Cool Mint &amp; Peach Mango<\/p>\n<p>5. Tropisk frukt &amp; jordgubbsvattenmelon &amp; citronpersika<\/p>\n<p>6.Ananas Kokos &amp; Jordgubbsbanan &amp; Blue Razz<\/p>\n<p>7. Strawberry Vanilla &amp; Peach Ice &amp; Black Dragon Ice<\/p>\n<p>8. Lush Ice &amp; Kiwi Passionsfrukt Guava &amp; Straw Mango<\/p>\n<p>9. Strawberry Watermelon &amp; Watermelon Ice &amp; Blue Razz Ice<\/p>\n<p>10.Berry Lemonade &amp; Strawberry Red Bull &amp; Strawberry Pomp<\/p>\n<p>11. Dubbel \u00e4pple &amp; fruktig fusion &amp; ananas is<\/p>\n<p>12.Cola Ice &amp; Mr Blue &amp; Cherry Cola<img loading=\"lazy\" decoding=\"async\" class=\"alignnone wp-image-6991 size-full\" src=\"https:\/\/pgvape.com\/wp-content\/uploads\/2025\/11\/pgvape-Bang-King-Triple-100K-Puffs-Christmas-Special-3.png\" alt=\"Tolv f\u00e4rgglada vapeapparater f\u00f6r eng\u00e5ngsbruk arrangerade i tv\u00e5 rader under en stor &quot;3 i 1&quot; och &quot;12 smaker&quot;-rubriker, varje tub visar en unik festlig illustration och smaknamn med sm\u00e5 specifikationer (Typ-C, 600mAh, 24ml\u00d73) l\u00e4ngst upp.\" width=\"1500\" height=\"1305\" srcset=\"https:\/\/pgvape.com\/wp-content\/uploads\/2025\/11\/pgvape-Bang-King-Triple-100K-Puffs-Christmas-Special-3.png 1500w, https:\/\/pgvape.com\/wp-content\/uploads\/2025\/11\/pgvape-Bang-King-Triple-100K-Puffs-Christmas-Special-3-414x360.png 414w, https:\/\/pgvape.com\/wp-content\/uploads\/2025\/11\/pgvape-Bang-King-Triple-100K-Puffs-Christmas-Special-3-595x518.png 595w, https:\/\/pgvape.com\/wp-content\/uploads\/2025\/11\/pgvape-Bang-King-Triple-100K-Puffs-Christmas-Special-3-400x348.png 400w, https:\/\/pgvape.com\/wp-content\/uploads\/2025\/11\/pgvape-Bang-King-Triple-100K-Puffs-Christmas-Special-3-768x668.png 768w, https:\/\/pgvape.com\/wp-content\/uploads\/2025\/11\/pgvape-Bang-King-Triple-100K-Puffs-Christmas-Special-3-14x12.png 14w, https:\/\/pgvape.com\/wp-content\/uploads\/2025\/11\/pgvape-Bang-King-Triple-100K-Puffs-Christmas-Special-3-600x522.png 600w\" sizes=\"auto, (max-width: 1500px) 100vw, 1500px\" \/><\/p>\n<p>&nbsp;<\/p>\n<h3><span style=\"font-size: 90%;\">Bang King Triple 100K Puffs Christmas Special Video<strong>:<\/strong><\/span><\/h3>\n<p>&nbsp;<\/p>\n<h2 class=\"header-vfC6AV auto-hide-last-sibling-br\"><span style=\"font-size: 90%;\">Vanliga fr\u00e5gor om Bang King Triple 100K Puffs Christmas Special<\/span><\/h2>\n<div class=\"auto-hide-last-sibling-br paragraph-pP9ZLC paragraph-element br-paragraph-space\">\n<p>\u2753Hur m\u00e5nga bloss erbjuder Bang King Triple 100K?<br \/>\n<span style=\"font-size: 14.4px;\">\u2705Den ger upp till 100 000 bloss, beroende p\u00e5 personliga anv\u00e4ndningsvanor.<\/span><\/p>\n<\/div>\n<div class=\"auto-hide-last-sibling-br paragraph-pP9ZLC paragraph-element br-paragraph-space\">\n<p>\u2753G\u00f6r detta\u00a0<strong>Vape<\/strong>\u00a0Anv\u00e4ndning av enheten\u00a0<strong>Mesh Coil<\/strong>\u00a0Teknik?<br \/>\n<span style=\"font-size: 14.4px;\">\u2705Ja. <\/span><strong style=\"font-size: 14.4px;\">Mesh Coil<\/strong><span style=\"font-size: 14.4px;\">\u00a0F\u00f6r starkare \u00e5nga, snabbare uppv\u00e4rmning och b\u00e4ttre smakklarhet.<\/span><\/p>\n<\/div>\n<div class=\"auto-hide-last-sibling-br paragraph-pP9ZLC paragraph-element br-paragraph-space\">\n<p>\u2753Finns det tre smaker i en\u00a0<strong>Vape<\/strong>\u00a0Enhet?<br \/>\n<span style=\"font-size: 14.4px;\">\u2705Ja. .<\/span><\/p>\n<\/div>\n<div class=\"auto-hide-last-sibling-br paragraph-pP9ZLC paragraph-element br-paragraph-space\">\n<p>\u2753\u00c4r det\u00a0<strong>Vape<\/strong>\u00a0Enhetens batteri uppladdningsbart?<br \/>\n<span style=\"font-size: 14.4px;\">\u2705Ja, den levereras med ett uppladdningsbart batteri, vilket s\u00e4kerst\u00e4ller det fulla <\/span><strong style=\"font-size: 14.4px;\">E-v\u00e4tska<\/strong><span style=\"font-size: 14.4px;\">\u00a0Kapacitet kan anv\u00e4ndas.<\/span><\/p>\n<\/div>\n<div class=\"auto-hide-last-sibling-br paragraph-pP9ZLC paragraph-element br-paragraph-space\">\n<p>\u2753Hur l\u00e5ng tid tar\u00a0<strong>Vape<\/strong>\u00a0Enheten sist?<br \/>\n<span style=\"font-size: 14.4px;\">\u2705Livsl\u00e4ngden varierar baserat p\u00e5 blossfrekvens men varar vanligtvis veckor till m\u00e5nader f\u00f6r de flesta anv\u00e4ndare.<\/span><\/p>\n<\/div>\n<div class=\"auto-hide-last-sibling-br paragraph-pP9ZLC paragraph-element br-paragraph-space\">\n<p>\u2753\u00c4r The Bang King Triple 100K\u00a0<strong>Vape<\/strong>\u00a0Enheten s\u00e4ker att anv\u00e4nda?<br \/>\n<span style=\"font-size: 14.4px;\">\u2705Ja. <\/span><strong style=\"font-size: 14.4px;\">E-v\u00e4tska<\/strong><span style=\"font-size: 14.4px;\">\u00a0Ingredienser.<\/span><\/p>\n<\/div>\n<div class=\"auto-hide-last-sibling-br paragraph-pP9ZLC paragraph-element br-paragraph-space\">\u2753Kan jag bara k\u00f6pa n\u00e5gra f\u00e5 f\u00f6rem\u00e5l fr\u00e5n presentsetet?<br \/>\n\u2705Nej, detta \u00e4r ett julklappsset i begr\u00e4nsad upplaga och enskilda f\u00f6rem\u00e5l g\u00e5r inte att k\u00f6pa. .<\/div>\n<div class=\"auto-hide-last-sibling-br paragraph-pP9ZLC paragraph-element br-paragraph-space\">\n<p>&nbsp;<\/p>\n<h3 id=\"brxe-najhln\" class=\"brxe-heading\">Vanliga fr\u00e5gor (FAQ)<\/h3>\n<div id=\"brxe-rajiac\" class=\"brxe-text\">\n<p><strong>F: Vilka betalningsmetoder accepterar du?<\/strong><br \/>\nS: Vi accepterar PayPal, Stripe, bank\u00f6verf\u00f6ringar (st\u00f6ds med SEPA), vanliga kreditkort (Visa, MasterCard, American Express) och betalningar i kryptovaluta.<\/p>\n<p><strong>F: Hur l\u00e5ng tid tar best\u00e4llningsberedningen?<\/strong><br \/>\nS: Best\u00e4llningsf\u00f6rberedelse tar 1-3 arbetsdagar.<\/p>\n<p><strong>F: Vad \u00e4r leveranstiden?<\/strong><br \/>\nS: Leveranstiden \u00e4r 7-14 arbetsdagar, beroende p\u00e5 var du befinner dig.<\/p>\n<p><strong>F: Hur kan jag sp\u00e5ra min best\u00e4llning?<\/strong><br \/>\nS: Efter leverans kommer du att f\u00e5 ett bekr\u00e4ftelsemail med ett sp\u00e5rningsnummer f\u00f6r sp\u00e5rning i realtid.<\/p>\n<p><strong>F: Vilken \u00e4r din returpolicy?<\/strong><br \/>\nS: Vi erbjuder en 30-dagars returpolicy f\u00f6r \u00e5terbetalningar eller byten. .<\/p>\n<p><strong>F: Kommer det att finnas n\u00e5gra tullproblem?<br \/>\n<\/strong>Vi hanterar alla tullf\u00f6rfaranden f\u00f6r att s\u00e4kerst\u00e4lla en problemfri upplevelse f\u00f6r dig. .<\/p>\n<p><strong>F: Vilka frakts\u00e4tt anv\u00e4nds?<\/strong><br \/>\nVi samarbetar med UPS\/DHL\/FEDEX\/DPD, etc. Vi kommer att v\u00e4lja l\u00e4mpligt fraktalternativ beroende p\u00e5 leveransland f\u00f6r att s\u00e4kerst\u00e4lla att du f\u00e5r dina produkter s\u00e5 snabbt som m\u00f6jligt.<\/p>\n<p><a href=\"https:\/\/pgvape.com\/sv\/vanliga-fragor\/\">Klicka h\u00e4r f\u00f6r mer FAQ<\/a><\/p>\n<p>K\u00e4ra kunder, Om du har n\u00e5gra fr\u00e5gor om din best\u00e4llning eller ankomsten av varor, v\u00e4nligen kontakta v\u00e5r kundtj\u00e4nst. Tack!<\/p>\n<h3 data-sourcepos=\"73:1-73:21\"><strong data-sourcepos=\"73:7-73:21\">Kontakta oss<\/strong><\/h3>\n<div id=\"text-2419739398\" class=\"text\">\n<p><strong data-sourcepos=\"75:3-75:12\">E-post<\/strong>:\u00a0<a href=\"mailto:support@pgvape.com\"><strong>support@pgvape.com<\/strong><\/a><\/p>\n<p><strong data-sourcepos=\"76:3-76:15\">WhatsApp<\/strong>:\u00a0<a href=\"https:\/\/wa.me\/+8618128481258\"><strong>+86 18128481258<\/strong><\/a><br \/>\n<strong>(Svara inom 24 timmar p\u00e5 arbetsdagar)<\/strong><\/p>\n<\/div>\n<h3><strong>Tack f\u00f6r att du valde pgvape.com! .<\/strong><\/h3>\n<\/div>\n<\/div>","protected":false},"excerpt":{"rendered":"<p>Bang King Triple 100K Christmas Edition \u00e4r en begr\u00e4nsad\u00a0<strong>Vape<\/strong>\u00a0Enhet med 100 000 puffar, 3-i-1 justerbart smaksystem (3X24ml\u00a0<strong>E-v\u00e4tska<\/strong>),\u00a0<strong>Mesh Coil<\/strong>\u00a0Teknik, uppladdningsbart batteri och festlig design \u2013 perfekt f\u00f6r julklappar och l\u00e5ngvarig\u00a0<strong>Vaping<\/strong>\u00a0Gl\u00e4dje.<\/p>","protected":false},"featured_media":6989,"comment_status":"open","ping_status":"closed","template":"","meta":{"_seopress_robots_primary_cat":"none","_seopress_titles_title":"","_seopress_titles_desc":"","_seopress_robots_index":""},"product_brand":[19,516],"product_cat":[170,18,515],"product_tag":[395,24,327,474,475],"class_list":{"0":"post-6985","1":"product","2":"type-product","3":"status-publish","4":"has-post-thumbnail","6":"product_brand-bang-king-vape","7":"product_brand-disposable-vape","8":"product_cat-100k-puffs-vape","9":"product_cat-bang-king-vape","10":"product_cat-disposable-vape","11":"product_tag-100k-puffs-vape","12":"product_tag-3-in-1-flavors","13":"product_tag-bang-king-triple","14":"product_tag-christmas-special","15":"product_tag-mtlmouth-to-lung","17":"first","18":"instock","19":"sale","20":"shipping-taxable","21":"purchasable","22":"product-type-variable"},"_links":{"self":[{"href":"https:\/\/pgvape.com\/sv\/wp-json\/wp\/v2\/product\/6985","targetHints":{"allow":["GET"]}}],"collection":[{"href":"https:\/\/pgvape.com\/sv\/wp-json\/wp\/v2\/product"}],"about":[{"href":"https:\/\/pgvape.com\/sv\/wp-json\/wp\/v2\/types\/product"}],"replies":[{"embeddable":true,"href":"https:\/\/pgvape.com\/sv\/wp-json\/wp\/v2\/comments?post=6985"}],"wp:featuredmedia":[{"embeddable":true,"href":"https:\/\/pgvape.com\/sv\/wp-json\/wp\/v2\/media\/6989"}],"wp:attachment":[{"href":"https:\/\/pgvape.com\/sv\/wp-json\/wp\/v2\/media?parent=6985"}],"wp:term":[{"taxonomy":"product_brand","embeddable":true,"href":"https:\/\/pgvape.com\/sv\/wp-json\/wp\/v2\/product_brand?post=6985"},{"taxonomy":"product_cat","embeddable":true,"href":"https:\/\/pgvape.com\/sv\/wp-json\/wp\/v2\/product_cat?post=6985"},{"taxonomy":"product_tag","embeddable":true,"href":"https:\/\/pgvape.com\/sv\/wp-json\/wp\/v2\/product_tag?post=6985"}],"curies":[{"name":"wp","href":"https:\/\/api.w.org\/{rel}","templated":true}]}}