{"id":6772,"date":"2025-11-18T10:43:49","date_gmt":"2025-11-18T10:43:49","guid":{"rendered":"https:\/\/pgvape.com\/?post_type=product&#038;p=6772"},"modified":"2026-03-15T13:32:42","modified_gmt":"2026-03-15T13:32:42","slug":"jnr-panda-25500-puffs-engangsvape-2x10ml-refillflaskor-vape-factory-direct","status":"publish","type":"product","link":"https:\/\/pgvape.com\/sv\/produkt\/jnr-panda-25500-puffs-engangsvape-2x10ml-refillflaskor-vape-factory-direct\/","title":{"rendered":"JNR PANDA 25500 Puffs eng\u00e5ngsvape \u2014 2x10 ml p\u00e5fyllningsflaskor Vape Factory Direct"},"content":{"rendered":"<p data-sourcepos=\"9:1-9:398\">G\u00e5 in i n\u00e4sta generation av vaping med <strong data-sourcepos=\"9:46-9:71\">JNR PANDA 25500 Puffar<\/strong>, Denna innovativa eng\u00e5ngs- och uppladdningsbara e-cigarett t\u00e4njer p\u00e5 gr\u00e4nserna med upp till <strong data-sourcepos=\"9:189-9:205\">25 500 Puffar<\/strong>, tack vare dess innovativa e-v\u00e4tskereservoarsystem och en h\u00f6gpresterande <strong data-sourcepos=\"9:281-9:299\">850mAh batteri<\/strong>. <strong data-sourcepos=\"11:72-11:85\">JNR PANDA<\/strong> integrerar en <strong data-sourcepos=\"11:99-11:117\">Dual Mesh Coil<\/strong>, ett andningsljus i flera f\u00e4rger och en display f\u00f6r batteriniv\u00e5.<\/p>\n<p>&nbsp;<\/p>\n<h2><span style=\"font-size: 90%;\">JNR PANDA 25500 Puffar eng\u00e5ngsvape <strong data-sourcepos=\"10:5-10:31\">Specifikationer<\/strong><\/span><\/h2>\n<p><strong data-sourcepos=\"20:5-20:19\">Puff Count<\/strong>: Cirka 25 500 puffar<\/p>\n<p><strong data-sourcepos=\"21:5-21:26\">Nikotinstyrka<\/strong>: 2% (20mg Nikotinsalter)<\/p>\n<p><strong data-sourcepos=\"22:5-22:26\">E-v\u00e4tska ing\u00e5r<\/strong>:\u00a0<strong data-sourcepos=\"22:28-22:55\">2 x 10 ml p\u00e5fyllningsflaskor<\/strong><\/p>\n<p><strong data-sourcepos=\"23:5-23:16\">Batteri<\/strong>: 850mAh, Laddningsbar via\u00a0<strong data-sourcepos=\"23:43-23:58\">Typ-C-port<\/strong><\/p>\n<p><strong data-sourcepos=\"24:5-24:13\">Spole<\/strong>:\u00a0<strong data-sourcepos=\"24:15-24:33\">Dual Mesh Coil<\/strong><\/p>\n<p><strong data-sourcepos=\"25:5-25:17\">Drag<\/strong>: Smart batterisk\u00e4rm, flerf\u00e4rgad andnings-LED<\/p>\n<p>&nbsp;<\/p>\n<h3><span style=\"font-size: 90%;\">JNR PANDA 25500 Puffar eng\u00e5ngsvape <strong data-sourcepos=\"22:5-22:20\">Smaklista<\/strong><\/span><\/h3>\n<p>1.Frysta vilda b\u00e4r<\/p>\n<p>2.Bl\u00e5b\u00e4rssura hallon<\/p>\n<p>3.Ny iskall vattenmelon<\/p>\n<p>4. Nytt dubbelt \u00e4pple<\/p>\n<p>5.Ny Icy Peach<\/p>\n<p>6.Icy Cherry<\/p>\n<p>7.Icy Strawberry<\/p>\n<p>8. Vattenmelon jordgubbe*<\/p>\n<p>9. Ny Strawberry Kiwi*<\/p>\n<p>10.Sommarlov*<img loading=\"lazy\" decoding=\"async\" class=\"alignnone wp-image-6785 size-full\" src=\"https:\/\/pgvape.com\/wp-content\/uploads\/2025\/11\/pgvape-JNR-PANDA-25500-Puffs-Disposable-Vape-5.png\" alt=\"Tio f\u00e4rgglada JNR Panda vape-apparater f\u00f6r eng\u00e5ngsbruk med metalliska toppar uppradade mot en bl\u00e5 bakgrund under rubriken \u201cUnleash Your Flavour Curiosity\u201d och \u201c25500 PUFFS\u201d, varje enhet m\u00e4rkt med en annan smak (Bl\u00e5b\u00e4rssyrra hallon, Cherry Ice, Double Apple, Peach Ice, Strawberry Strawberry Kiwi, Watermelon Holiday Ice, Watermelon Holiday Ice, Ice .\" width=\"1920\" height=\"1080\" srcset=\"https:\/\/pgvape.com\/wp-content\/uploads\/2025\/11\/pgvape-JNR-PANDA-25500-Puffs-Disposable-Vape-5.png 1920w, https:\/\/pgvape.com\/wp-content\/uploads\/2025\/11\/pgvape-JNR-PANDA-25500-Puffs-Disposable-Vape-5-555x312.png 555w, https:\/\/pgvape.com\/wp-content\/uploads\/2025\/11\/pgvape-JNR-PANDA-25500-Puffs-Disposable-Vape-5-595x335.png 595w, https:\/\/pgvape.com\/wp-content\/uploads\/2025\/11\/pgvape-JNR-PANDA-25500-Puffs-Disposable-Vape-5-400x225.png 400w, https:\/\/pgvape.com\/wp-content\/uploads\/2025\/11\/pgvape-JNR-PANDA-25500-Puffs-Disposable-Vape-5-768x432.png 768w, https:\/\/pgvape.com\/wp-content\/uploads\/2025\/11\/pgvape-JNR-PANDA-25500-Puffs-Disposable-Vape-5-1536x864.png 1536w, https:\/\/pgvape.com\/wp-content\/uploads\/2025\/11\/pgvape-JNR-PANDA-25500-Puffs-Disposable-Vape-5-18x10.png 18w, https:\/\/pgvape.com\/wp-content\/uploads\/2025\/11\/pgvape-JNR-PANDA-25500-Puffs-Disposable-Vape-5-600x338.png 600w, https:\/\/pgvape.com\/wp-content\/uploads\/2025\/11\/pgvape-JNR-PANDA-25500-Puffs-Disposable-Vape-5-60x34.png 60w\" sizes=\"auto, (max-width: 1920px) 100vw, 1920px\" \/><\/p>\n<p>&nbsp;<\/p>\n<h3><span style=\"font-size: 90%;\">JNR PANDA 25500 Puffar eng\u00e5ngsvape <strong>Video<\/strong>:<\/span><\/h3>\n<p><iframe loading=\"lazy\" title=\"JNR PANDA 25500 Puffs Disponibel Vape 2x 10ml Refill Flaskor Smart Screen Vape Factory Direct pgvape\" width=\"1020\" height=\"574\" src=\"https:\/\/www.youtube.com\/embed\/KXyqSTl7o1M?feature=oembed\" frameborder=\"0\" allow=\"accelerometer; autoplay; clipboard-write; encrypted-media; gyroscope; picture-in-picture; web-share\" referrerpolicy=\"strict-origin-when-cross-origin\" allowfullscreen><\/iframe><\/p>\n<p>&nbsp;<\/p>\n<h2><span style=\"font-size: 90%;\">Vanliga fr\u00e5gor om JNR PANDA 25500 Puffs Disposable Vape<\/span><\/h2>\n<p data-sourcepos=\"40:1-41:147\">\u2753 <strong data-sourcepos=\"40:3-40:58\">Hur m\u00e5nga bloss ger JNR PANDA egentligen?<br \/>\n<\/strong>\u2705 Ja, genom sin innovativa <strong data-sourcepos=\"41:31-41:72\">2x10ml dubbelt e-v\u00e4tskereservoarsystem<\/strong> och stort batteri, den <strong data-sourcepos=\"41:96-41:109\">JNR PANDA<\/strong> \u00e4r designad f\u00f6r exceptionell livsl\u00e4ngd.<\/p>\n<p data-sourcepos=\"43:1-44:112\">\u2753 <strong data-sourcepos=\"43:3-43:58\">Vad \u00e4r syftet med \u201cF\u00e4rgandasljuset\u201d?<br \/>\n<\/strong> \u2705 Den \u00e5terspeglar dynamiskt enhetens batteristatus och driftl\u00e4ge, vilket f\u00f6rb\u00e4ttrar den interaktiva upplevelsen.<\/p>\n<p data-sourcepos=\"46:1-47:86\">\u2753 <strong data-sourcepos=\"46:3-46:34\">Hur laddar jag enheten?<\/strong><br \/>\n\u2705 Anslut helt enkelt en standard <strong data-sourcepos=\"47:29-47:45\">Typ-C kabel<\/strong> till en n\u00e4tadapter eller dators USB-port.<\/p>\n<p>&nbsp;<\/p>\n<h3 id=\"brxe-najhln\" class=\"brxe-heading\">Vanliga fr\u00e5gor (FAQ)<\/h3>\n<div id=\"brxe-rajiac\" class=\"brxe-text\">\n<p><strong>F: Vilka betalningsmetoder accepterar du?<\/strong><br \/>\nS: Vi accepterar PayPal, Stripe, bank\u00f6verf\u00f6ringar (st\u00f6ds med SEPA), vanliga kreditkort (Visa, MasterCard, American Express) och betalningar i kryptovaluta.<\/p>\n<p><strong>F: Hur l\u00e5ng tid tar best\u00e4llningsberedningen?<\/strong><br \/>\nS: Best\u00e4llningsf\u00f6rberedelse tar 1-3 arbetsdagar.<\/p>\n<p><strong>F: Vad \u00e4r leveranstiden?<\/strong><br \/>\nS: Leveranstiden \u00e4r 7-14 arbetsdagar, beroende p\u00e5 var du befinner dig.<\/p>\n<p><strong>F: Hur kan jag sp\u00e5ra min best\u00e4llning?<\/strong><br \/>\nS: Efter leverans kommer du att f\u00e5 ett bekr\u00e4ftelsemail med ett sp\u00e5rningsnummer f\u00f6r sp\u00e5rning i realtid.<\/p>\n<p><strong>F: Vilken \u00e4r din returpolicy?<\/strong><br \/>\nS: Vi erbjuder en 30-dagars returpolicy f\u00f6r \u00e5terbetalningar eller byten. .<\/p>\n<p><strong>F: Kommer det att finnas n\u00e5gra tullproblem?<br \/>\n<\/strong>Vi hanterar alla tullf\u00f6rfaranden f\u00f6r att s\u00e4kerst\u00e4lla en problemfri upplevelse f\u00f6r dig. .<\/p>\n<p><strong>F: Vilka frakts\u00e4tt anv\u00e4nds?<\/strong><br \/>\nVi samarbetar med UPS\/DHL\/FEDEX\/DPD, etc. Vi kommer att v\u00e4lja l\u00e4mpligt fraktalternativ beroende p\u00e5 leveransland f\u00f6r att s\u00e4kerst\u00e4lla att du f\u00e5r dina produkter s\u00e5 snabbt som m\u00f6jligt.<\/p>\n<p><a href=\"https:\/\/pgvape.com\/sv\/vanliga-fragor\/\">Klicka h\u00e4r f\u00f6r mer FAQ<\/a><\/p>\n<p>K\u00e4ra kunder, Om du har n\u00e5gra fr\u00e5gor om din best\u00e4llning eller ankomsten av varor, v\u00e4nligen kontakta v\u00e5r kundtj\u00e4nst. Tack!<\/p>\n<h3 data-sourcepos=\"73:1-73:21\"><strong data-sourcepos=\"73:7-73:21\">Kontakta oss<\/strong><\/h3>\n<div id=\"text-2419739398\" class=\"text\">\n<p><strong data-sourcepos=\"75:3-75:12\">E-post<\/strong>:\u00a0<a href=\"mailto:support@pgvape.com\"><strong>support@pgvape.com<\/strong><\/a><\/p>\n<p><strong data-sourcepos=\"76:3-76:15\">WhatsApp<\/strong>:\u00a0<a href=\"https:\/\/wa.me\/+8618128481258\"><strong>+86 18128481258<\/strong><\/a><br \/>\n<strong>(Svara inom 24 timmar p\u00e5 arbetsdagar)<\/strong><\/p>\n<\/div>\n<h3><strong>Tack f\u00f6r att du valde pgvape.com! .<\/strong><\/h3>\n<\/div>","protected":false},"excerpt":{"rendered":"<p>En h\u00f6gpresterande eng\u00e5ngsvape erbjuder ungef\u00e4r <strong data-sourcepos=\"23:59-23:75\">25 500 bloss<\/strong>. <strong data-sourcepos=\"23:90-23:100\">850 mAh<\/strong> batteri med typ-C-laddning, a <strong data-sourcepos=\"23:133-23:151\">Dual Mesh Coil<\/strong>, och <strong data-sourcepos=\"23:157-23:177\">2% nikotinsalt<\/strong> e-v\u00e4tska f\u00f6r rik smak och en mjuk tr\u00e4ff. <strong data-sourcepos=\"23:232-23:256\">smart batterisk\u00e4rm<\/strong> och flerf\u00e4rgad LED-indikator h\u00e5ller dig informerad om str\u00f6mstatus, vilket g\u00f6r den till det perfekta valet f\u00f6r anv\u00e4ndare som prioriterar bekv\u00e4mlighet och prestanda.<\/p>","protected":false},"featured_media":6781,"comment_status":"open","ping_status":"closed","template":"","meta":{"_seopress_robots_primary_cat":"none","_seopress_titles_title":"","_seopress_titles_desc":"","_seopress_robots_index":""},"product_brand":[516,228],"product_cat":[470,515,29],"product_tag":[473,472,90,471,136,204],"class_list":{"0":"post-6772","1":"product","2":"type-product","3":"status-publish","4":"has-post-thumbnail","6":"product_brand-disposable-vape","7":"product_brand-jnr-vape","8":"product_cat-25-5k-puffs-vape","9":"product_cat-disposable-vape","10":"product_cat-jnr-vape","11":"product_tag-2-x-10ml-refill-bottles","12":"product_tag-25-5k-puffs-vape","13":"product_tag-disposable-vape","14":"product_tag-jnr-panda-25500","15":"product_tag-smart-screen","16":"product_tag-vape-factory-direct","18":"first","19":"instock","20":"sale","21":"shipping-taxable","22":"purchasable","23":"product-type-variable"},"_links":{"self":[{"href":"https:\/\/pgvape.com\/sv\/wp-json\/wp\/v2\/product\/6772","targetHints":{"allow":["GET"]}}],"collection":[{"href":"https:\/\/pgvape.com\/sv\/wp-json\/wp\/v2\/product"}],"about":[{"href":"https:\/\/pgvape.com\/sv\/wp-json\/wp\/v2\/types\/product"}],"replies":[{"embeddable":true,"href":"https:\/\/pgvape.com\/sv\/wp-json\/wp\/v2\/comments?post=6772"}],"wp:featuredmedia":[{"embeddable":true,"href":"https:\/\/pgvape.com\/sv\/wp-json\/wp\/v2\/media\/6781"}],"wp:attachment":[{"href":"https:\/\/pgvape.com\/sv\/wp-json\/wp\/v2\/media?parent=6772"}],"wp:term":[{"taxonomy":"product_brand","embeddable":true,"href":"https:\/\/pgvape.com\/sv\/wp-json\/wp\/v2\/product_brand?post=6772"},{"taxonomy":"product_cat","embeddable":true,"href":"https:\/\/pgvape.com\/sv\/wp-json\/wp\/v2\/product_cat?post=6772"},{"taxonomy":"product_tag","embeddable":true,"href":"https:\/\/pgvape.com\/sv\/wp-json\/wp\/v2\/product_tag?post=6772"}],"curies":[{"name":"wp","href":"https:\/\/api.w.org\/{rel}","templated":true}]}}