{"id":6733,"date":"2025-11-18T09:04:43","date_gmt":"2025-11-18T09:04:43","guid":{"rendered":"https:\/\/pgvape.com\/?post_type=product&#038;p=6733"},"modified":"2026-03-15T13:15:56","modified_gmt":"2026-03-15T13:15:56","slug":"jnr-aurora-27000-27k-puffs-disponibel-vape-tpd-certifierad-pafyllningsbar-pod-system-vape-factory-direct","status":"publish","type":"product","link":"https:\/\/pgvape.com\/sv\/produkt\/jnr-aurora-27000-27k-puffs-disponibel-vape-tpd-certifierad-pafyllningsbar-pod-system-vape-factory-direct\/","title":{"rendered":"JNR Aurora 27000 27K Puffs Disposable Vape TPD Certified Refillable Pod System Vape Factory Direct"},"content":{"rendered":"<p>Upplev det ultimata inom Vaping Innovation With The <strong data-sourcepos=\"5:55-5:77\">JNR Aurora Pod Kit<\/strong>. <strong data-sourcepos=\"5:93-5:112\">Vape f\u00f6r eng\u00e5ngsbruk<\/strong> Blandningar o\u00f6vertr\u00e4ffad <strong data-sourcepos=\"5:130-5:147\">Puffkapacitet<\/strong> Med milj\u00f6medveten design. <strong data-sourcepos=\"5:196-5:214\">F\u00f6rfylld pod<\/strong> Och A <strong data-sourcepos=\"5:221-5:242\">P\u00e5fyllningsbar flaska<\/strong> F\u00f6r flexibel anv\u00e4ndning. .<\/p>\n<p>&nbsp;<\/p>\n<h2><span style=\"font-size: 90%;\">JNR Aurora 27000 | <strong data-sourcepos=\"10:5-10:31\">Specifikationer Funktionsdetaljer<\/strong><\/span><\/h2>\n<p><strong><span style=\"font-size: 90%;\">Puffkapacitet Upp till 27 000 bloss<\/span><\/strong><\/p>\n<p><strong><span style=\"font-size: 90%;\">Nikotinstyrka 2% (20mg Nikotinsalt)<\/span><\/strong><\/p>\n<p><strong><span style=\"font-size: 90%;\">E-v\u00e4tskekapacitet 2 ml f\u00f6rfylld pod + 10 ml p\u00e5fyllningsflaska<\/span><\/strong><\/p>\n<p><strong><span style=\"font-size: 90%;\">Batteri 900mAh, uppladdningsbart (Typ-C)<\/span><\/strong><\/p>\n<p><strong><span style=\"font-size: 90%;\">Spole Dual Mesh Coil (1,0\u03a9)<\/span><\/strong><\/p>\n<p><strong><span style=\"font-size: 90%;\">Visa Smart Screen med LED-indikatorer<\/span><\/strong><\/p>\n<p><strong><span style=\"font-size: 90%;\">Laddning Typ-C Snabbladdning<\/span><\/strong><\/p>\n<p><strong><span style=\"font-size: 90%;\">Certifiering TPD-kompatibel<\/span><\/strong><\/p>\n<p>&nbsp;<\/p>\n<h3><span style=\"font-size: 90%;\">JNR Aurora 27000 | <strong data-sourcepos=\"22:5-22:20\">Smaklista<\/strong><\/span><\/h3>\n<p>1.Bl\u00e5b\u00e4rsr\u00f6da hallon<\/p>\n<p>2.Passionsfrukt Kiwi<\/p>\n<p>3. Strawberry Watermelon Ice<\/p>\n<p>4. Vattenmelon Is<\/p>\n<p>5.Blandade b\u00e4r<\/p>\n<p>6.Blue Razz Cherry<\/p>\n<p>7.Summer Peach Ice<\/p>\n<p>8. Jordgubbsis<\/p>\n<p>9.Fizzy Cherry Cola<\/p>\n<p>10. Vattenmelon Bubblegum<\/p>\n<p>11.Peach Berry<\/p>\n<p>12. Cherry Watermelon Freeze<\/p>\n<p>13.Bl\u00e5b\u00e4rsgranat\u00e4ppleis<\/p>\n<p>14.Jordgubbskiwi<\/p>\n<p>15.Bl\u00e5b\u00e4r Hallon K\u00f6rsb\u00e4r<img loading=\"lazy\" decoding=\"async\" class=\"alignnone wp-image-7339 size-full\" src=\"https:\/\/pgvape.com\/wp-content\/uploads\/2025\/11\/JNR-Aurora-27000-Puff-Disposable-Vape-pgvape-4.png\" alt=\"Kampanjbanner f\u00f6r JNR som visar en f\u00e4rgstark upps\u00e4ttning av 15 metalliska eng\u00e5ngsvape-enheter arrangerade i rader mot en norrskensliknande bergsbakgrund, med en fet rubrik &#039;15 SP\u00c4NNANDE NYA SMAKER!&#039;, en anteckning &#039;Ca 27 000 puffar&#039; och smaknamn under varje enhet.\" width=\"1920\" height=\"1080\" srcset=\"https:\/\/pgvape.com\/wp-content\/uploads\/2025\/11\/JNR-Aurora-27000-Puff-Disposable-Vape-pgvape-4.png 1920w, https:\/\/pgvape.com\/wp-content\/uploads\/2025\/11\/JNR-Aurora-27000-Puff-Disposable-Vape-pgvape-4-555x312.png 555w, https:\/\/pgvape.com\/wp-content\/uploads\/2025\/11\/JNR-Aurora-27000-Puff-Disposable-Vape-pgvape-4-595x335.png 595w, https:\/\/pgvape.com\/wp-content\/uploads\/2025\/11\/JNR-Aurora-27000-Puff-Disposable-Vape-pgvape-4-400x225.png 400w, https:\/\/pgvape.com\/wp-content\/uploads\/2025\/11\/JNR-Aurora-27000-Puff-Disposable-Vape-pgvape-4-768x432.png 768w, https:\/\/pgvape.com\/wp-content\/uploads\/2025\/11\/JNR-Aurora-27000-Puff-Disposable-Vape-pgvape-4-1536x864.png 1536w, https:\/\/pgvape.com\/wp-content\/uploads\/2025\/11\/JNR-Aurora-27000-Puff-Disposable-Vape-pgvape-4-18x10.png 18w, https:\/\/pgvape.com\/wp-content\/uploads\/2025\/11\/JNR-Aurora-27000-Puff-Disposable-Vape-pgvape-4-600x338.png 600w\" sizes=\"auto, (max-width: 1920px) 100vw, 1920px\" \/><\/p>\n<p>&nbsp;<\/p>\n<h3><span style=\"font-size: 90%;\">JNR Aurora 27000 | <strong>Video<\/strong>:<\/span><\/h3>\n<p><iframe loading=\"lazy\" title=\"JNR Aurora 27K Puffs Disposable Vape TPD Certified Refillable Pod System Vape Factory Direct pgvape\" width=\"1020\" height=\"574\" src=\"https:\/\/www.youtube.com\/embed\/1x1PTYH79CA?feature=oembed\" frameborder=\"0\" allow=\"accelerometer; autoplay; clipboard-write; encrypted-media; gyroscope; picture-in-picture; web-share\" referrerpolicy=\"strict-origin-when-cross-origin\" allowfullscreen><\/iframe><\/p>\n<p>&nbsp;<\/p>\n<h2><span style=\"font-size: 90%;\">Vanliga fr\u00e5gor om JNR Aurora 27000 | 27K Puff Disposable Vape<\/span><\/h2>\n<p data-sourcepos=\"49:1-50:121\">\u2753 <strong data-sourcepos=\"49:3-49:42\">\u00c4r den h\u00e4r enheten verkligen TPD-certifierad?<\/strong><br \/>\n\u2705 Ja, det <strong data-sourcepos=\"50:12-50:26\">JNR Aurora<\/strong> \u00e4r fullt ut <strong data-sourcepos=\"50:36-50:53\">TPD-certifierad<\/strong>, som f\u00f6ljer alla EU-f\u00f6rordningar f\u00f6r s\u00e4ker och laglig distribution.<\/p>\n<p data-sourcepos=\"52:1-53:96\">\u2753 <strong data-sourcepos=\"52:3-52:35\">Vad ing\u00e5r i kartongen?<\/strong><br \/>\n\u2705 Varje kit inneh\u00e5ller huvudenhetens kropp, en <strong data-sourcepos=\"53:47-53:64\">F\u00f6rfylld Pod<\/strong>, och en <strong data-sourcepos=\"53:74-53:95\">P\u00e5fyllningsbar flaska<\/strong>.<\/p>\n<p data-sourcepos=\"55:1-56:122\">\u2753 <strong data-sourcepos=\"55:3-55:43\">Hur fungerar det p\u00e5fyllningsbara systemet?<\/strong><br \/>\n\u2705 B\u00f6rja med <strong data-sourcepos=\"56:18-56:39\">2 ml f\u00f6rfylld pod<\/strong>, anv\u00e4nd sedan den medf\u00f6ljande <strong data-sourcepos=\"56:63-56:78\">10 ml flaska<\/strong> f\u00f6r att manuellt fylla p\u00e5 samma pod n\u00e4r den \u00e4r tom.<\/p>\n<p data-sourcepos=\"61:1-62:127\">\u2753 <strong data-sourcepos=\"61:3-61:45\">Vem \u00e4r den idealiska anv\u00e4ndaren f\u00f6r den h\u00e4r enheten?<br \/>\n<\/strong> \u2705 Det \u00e4r perfekt f\u00f6r vapers som s\u00f6ker en <strong data-sourcepos=\"62:37-62:60\">L\u00e5ngvarig enhet<\/strong> med den extra f\u00f6rdelen av en <strong data-sourcepos=\"62:89-62:110\">P\u00e5fyllningsbart alternativ<\/strong> f\u00f6r att minska avfallet.<\/p>\n<p data-sourcepos=\"40:1-41:184\">\u2753 <strong data-sourcepos=\"40:3-40:67\">Vad skiljer denna enhet fr\u00e5n traditionella eng\u00e5ngsartiklar?<\/strong><br \/>\n\u2705 Med bibeh\u00e5llen eng\u00e5ngsbekv\u00e4mlighet introducerar den en milj\u00f6v\u00e4nlig <strong data-sourcepos=\"41:75-41:99\">P\u00e5fyllningsbar komponent<\/strong> Avsev\u00e4rt minskad milj\u00f6p\u00e5verkan j\u00e4mf\u00f6rt med standardenheter f\u00f6r eng\u00e5ngsbruk.<\/p>\n<p data-sourcepos=\"43:1-44:114\">\u2753 <strong data-sourcepos=\"43:3-43:59\">Hur f\u00f6rb\u00e4ttrar sk\u00e4rmen den \u00f6vergripande upplevelsen?<\/strong><br \/>\n\u2705 Det intelligenta gr\u00e4nssnittet \u00f6vervakar kontinuerligt v\u00e4sentliga m\u00e4tv\u00e4rden som kvarvarande v\u00e4tska och nuvarande effektniv\u00e5<\/p>\n<p data-sourcepos=\"46:1-47:78\">\u2753 <strong data-sourcepos=\"46:3-46:39\">Kr\u00e4vs s\u00e4rskilt underh\u00e5ll?<br \/>\n<\/strong> \u2705 Rutinreng\u00f6ring mellan refillerna maximerar prestanda och smakintegritet<\/p>\n<p>&nbsp;<\/p>\n<h3 id=\"brxe-najhln\" class=\"brxe-heading\">Vanliga fr\u00e5gor (FAQ)<\/h3>\n<div id=\"brxe-rajiac\" class=\"brxe-text\">\n<p><strong>F: Vilka betalningsmetoder accepterar du?<\/strong><br \/>\nS: Vi accepterar PayPal, Stripe, bank\u00f6verf\u00f6ringar (st\u00f6ds med SEPA), vanliga kreditkort (Visa, MasterCard, American Express) och betalningar i kryptovaluta.<\/p>\n<p><strong>F: Hur l\u00e5ng tid tar best\u00e4llningsberedningen?<\/strong><br \/>\nS: Best\u00e4llningsf\u00f6rberedelse tar 1-3 arbetsdagar.<\/p>\n<p><strong>F: Vad \u00e4r leveranstiden?<\/strong><br \/>\nS: Leveranstiden \u00e4r 7-14 arbetsdagar, beroende p\u00e5 var du befinner dig.<\/p>\n<p><strong>F: Hur kan jag sp\u00e5ra min best\u00e4llning?<\/strong><br \/>\nS: Efter leverans kommer du att f\u00e5 ett bekr\u00e4ftelsemail med ett sp\u00e5rningsnummer f\u00f6r sp\u00e5rning i realtid.<\/p>\n<p><strong>F: Vilken \u00e4r din returpolicy?<\/strong><br \/>\nS: Vi erbjuder en 30-dagars returpolicy f\u00f6r \u00e5terbetalningar eller byten. .<\/p>\n<p><strong>F: Kommer det att finnas n\u00e5gra tullproblem?<br \/>\n<\/strong>Vi hanterar alla tullf\u00f6rfaranden f\u00f6r att s\u00e4kerst\u00e4lla en problemfri upplevelse f\u00f6r dig. .<\/p>\n<p><strong>F: Vilka frakts\u00e4tt anv\u00e4nds?<\/strong><br \/>\nVi samarbetar med UPS\/DHL\/FEDEX\/DPD, etc. Vi kommer att v\u00e4lja l\u00e4mpligt fraktalternativ beroende p\u00e5 leveransland f\u00f6r att s\u00e4kerst\u00e4lla att du f\u00e5r dina produkter s\u00e5 snabbt som m\u00f6jligt.<\/p>\n<p><a href=\"https:\/\/pgvape.com\/sv\/vanliga-fragor\/\">Klicka h\u00e4r f\u00f6r mer FAQ<\/a><\/p>\n<p>K\u00e4ra kunder, Om du har n\u00e5gra fr\u00e5gor om din best\u00e4llning eller ankomsten av varor, v\u00e4nligen kontakta v\u00e5r kundtj\u00e4nst. Tack!<\/p>\n<h3 data-sourcepos=\"73:1-73:21\"><strong data-sourcepos=\"73:7-73:21\">Kontakta oss<\/strong><\/h3>\n<div id=\"text-2419739398\" class=\"text\">\n<p><strong data-sourcepos=\"75:3-75:12\">E-post<\/strong>:\u00a0<a href=\"mailto:support@pgvape.com\"><strong>support@pgvape.com<\/strong><\/a><\/p>\n<p><strong data-sourcepos=\"76:3-76:15\">WhatsApp<\/strong>:\u00a0<a href=\"https:\/\/wa.me\/+8618128481258\"><strong>+86 18128481258<\/strong><\/a><br \/>\n<strong>(Svara inom 24 timmar p\u00e5 arbetsdagar)<\/strong><\/p>\n<\/div>\n<h3><strong>Tack f\u00f6r att du valde pgvape.com! .<\/strong><\/h3>\n<\/div>","protected":false},"excerpt":{"rendered":"<p><strong>F\u00e4rgglatt andningsljus:<\/strong>\u00a0Det f\u00e4rgglada andningsljuset ger en touch av k\u00e4nsla, vilket g\u00f6r varje puff mer sp\u00e4nnande med sina dynamiska visuella effekter.<br \/>\n<strong>Utbytbar Pod Kit:<\/strong>\u00a0Njut av det b\u00e4sta av tv\u00e5 v\u00e4rldar med en 2 ml f\u00f6rfylld kapsel och en 10 ml p\u00e5fyllningsbar flaska, som erbjuder flexibilitet och ut\u00f6kad anv\u00e4ndning f\u00f6r en tillfredsst\u00e4llande upplevelse.<br \/>\n<strong><b>TPD-certifierad vape:<\/b><\/strong>\u00a0\u00a0TPD-certifierad f\u00f6r s\u00e4kerhet och efterlevnad, vilket s\u00e4kerst\u00e4ller att du kan vape med tillf\u00f6rsikt enligt de h\u00f6gsta standarderna.<\/p>\n<p>&nbsp;<\/p>","protected":false},"featured_media":7336,"comment_status":"open","ping_status":"closed","template":"","meta":{"_seopress_robots_primary_cat":"none","_seopress_titles_title":"","_seopress_titles_desc":"","_seopress_robots_index":""},"product_brand":[516,228],"product_cat":[469,515,29],"product_tag":[],"class_list":{"0":"post-6733","1":"product","2":"type-product","3":"status-publish","4":"has-post-thumbnail","6":"product_brand-disposable-vape","7":"product_brand-jnr-vape","8":"product_cat-27k-puffs-vape","9":"product_cat-disposable-vape","10":"product_cat-jnr-vape","12":"first","13":"instock","14":"sale","15":"shipping-taxable","16":"purchasable","17":"product-type-variable"},"_links":{"self":[{"href":"https:\/\/pgvape.com\/sv\/wp-json\/wp\/v2\/product\/6733","targetHints":{"allow":["GET"]}}],"collection":[{"href":"https:\/\/pgvape.com\/sv\/wp-json\/wp\/v2\/product"}],"about":[{"href":"https:\/\/pgvape.com\/sv\/wp-json\/wp\/v2\/types\/product"}],"replies":[{"embeddable":true,"href":"https:\/\/pgvape.com\/sv\/wp-json\/wp\/v2\/comments?post=6733"}],"wp:featuredmedia":[{"embeddable":true,"href":"https:\/\/pgvape.com\/sv\/wp-json\/wp\/v2\/media\/7336"}],"wp:attachment":[{"href":"https:\/\/pgvape.com\/sv\/wp-json\/wp\/v2\/media?parent=6733"}],"wp:term":[{"taxonomy":"product_brand","embeddable":true,"href":"https:\/\/pgvape.com\/sv\/wp-json\/wp\/v2\/product_brand?post=6733"},{"taxonomy":"product_cat","embeddable":true,"href":"https:\/\/pgvape.com\/sv\/wp-json\/wp\/v2\/product_cat?post=6733"},{"taxonomy":"product_tag","embeddable":true,"href":"https:\/\/pgvape.com\/sv\/wp-json\/wp\/v2\/product_tag?post=6733"}],"curies":[{"name":"wp","href":"https:\/\/api.w.org\/{rel}","templated":true}]}}