{"id":6226,"date":"2025-11-15T08:06:44","date_gmt":"2025-11-15T08:06:44","guid":{"rendered":"https:\/\/pgvape.com\/?post_type=product&#038;p=6226"},"modified":"2026-04-18T15:31:11","modified_gmt":"2026-04-18T15:31:11","slug":"bang-leader-32000-32k-puffar-dubbla-smaker-engangs-vape-frakt-fran-eu-fri-frakt-vape-factory-direct","status":"publish","type":"product","link":"https:\/\/pgvape.com\/sv\/produkt\/bang-leader-32000-32k-puffar-dubbla-smaker-engangs-vape-frakt-fran-eu-fri-frakt-vape-factory-direct\/","title":{"rendered":"Bang Leader 32000 | 32K Puffs Dual Flavors Disponibel Vape | Leverans fr\u00e5n EU | Fri frakt | Vape Factory Direct"},"content":{"rendered":"<p><strong data-sourcepos=\"4:5-4:59\">Bang Leader 32K Puffs Dual Flavors Disponibel Vape<\/strong>\u00a0omdefinierar m\u00e5ngsidighet med\u00a0<strong data-sourcepos=\"4:87-4:103\">32 000 bloss<\/strong>\u00a0och a\u00a0<strong data-sourcepos=\"4:110-4:129\">dubbla pod-system<\/strong>\u00a0(28 ml + 28 ml).\u00a0<strong data-sourcepos=\"4:153-4:172\">dubbla mesh-spolar<\/strong>\u00a0f\u00f6r\u00a0<strong data-sourcepos=\"4:177-4:196\">f\u00f6rst\u00e4rkt smak<\/strong>, \u00a0och\u00a0<strong data-sourcepos=\"4:245-4:271\">18 smakkombinationer<\/strong>.\u00a0<strong data-sourcepos=\"4:288-4:317\">skjut-till-v\u00e4xel-mekanism<\/strong>\u00a0till\u00e5ter omedelbara smakf\u00f6r\u00e4ndringar, medan\u00a0<strong data-sourcepos=\"4:359-4:390\">650mAh uppladdningsbart batteri<\/strong>\u00a0med\u00a0<strong data-sourcepos=\"4:396-4:415\">Typ-C laddning<\/strong>\u00a0s\u00e4kerst\u00e4ller oavbruten anv\u00e4ndning.\u00a0<strong data-sourcepos=\"4:452-4:472\">10 enheter per l\u00e5da<\/strong> f\u00f6r bekv\u00e4mlighet i detaljhandeln.Bang Leader 32K, skickad direkt fr\u00e5n v\u00e5rt EU-lager, garanterar snabb, skattefri leverans och \u00e4kthet p\u00e5 100% \u2013 vilket ger dig en vapingupplevelse i toppklass direkt till din d\u00f6rr.<\/p>\n<p>&nbsp;<\/p>\n<h2><span style=\"font-size: 90%;\">Bang Leader 32000 | 32K Puffs Dual Flavors Disponibel Vape\u00a0<strong data-sourcepos=\"6:5-6:27\">Specifikationer<\/strong><\/span><\/h2>\n<p><strong data-sourcepos=\"7:3-7:17\">Puff Count<\/strong>:\u00a0<strong data-sourcepos=\"7:19-7:35\">32 000 bloss<\/strong><\/p>\n<p><strong data-sourcepos=\"8:3-8:15\">E-v\u00e4tska<\/strong>:\u00a0<strong data-sourcepos=\"8:17-8:31\">56 ml totalt<\/strong>\u00a0(28 ml x 2 kapslar)<\/p>\n<p><strong data-sourcepos=\"9:3-9:15\">Nikotin<\/strong>: <strong data-sourcepos=\"9:17-9:38\">2%<\/strong><\/p>\n<p><strong data-sourcepos=\"10:3-10:11\">Spole<\/strong>:\u00a0<strong data-sourcepos=\"10:13-10:31\">Dubbla mesh spole<\/strong>\u00a0(1,0\u03a9)<\/p>\n<p><strong data-sourcepos=\"11:3-11:14\">Batteri<\/strong>:\u00a0<strong data-sourcepos=\"11:16-11:39\">650mAh uppladdningsbar<\/strong><\/p>\n<p><strong data-sourcepos=\"12:3-12:15\">Laddar<\/strong>:\u00a0<strong data-sourcepos=\"12:17-12:41\">Typ-C snabbladdning<\/strong><\/p>\n<p><strong data-sourcepos=\"13:3-13:20\">Flavor Switch<\/strong>:\u00a0<strong data-sourcepos=\"13:22-13:41\">Glidmekanism<\/strong><\/p>\n<p><strong data-sourcepos=\"14:3-14:14\">Smaker<\/strong>:\u00a0<strong data-sourcepos=\"14:16-14:35\">18 kombinationer<\/strong><\/p>\n<p><strong data-sourcepos=\"15:3-15:16\">F\u00f6rpackning<\/strong>:\u00a0<strong data-sourcepos=\"15:18-15:40\">10 st\/displayl\u00e5da<\/strong><\/p>\n<p><strong data-sourcepos=\"15:3-15:28\">EU lagers\u00e4ndning<\/strong>\u00a0\u2013 Snabb, skattefri leverans<\/p>\n<p>&nbsp;<\/p>\n<h3><span style=\"font-size: 90%;\">Bang Leader 32000 | 32K Puffs Dual Flavors Disponibel Vape\u00a0<strong data-start=\"786\" data-end=\"804\" data-is-only-node=\"\">Smakvariation<\/strong><\/span><\/h3>\n<p>1. Vattenmelon Ice &amp; Blueberry Mint<\/p>\n<p>2. Vattenmelon Ice &amp; Strawberry And Mango<\/p>\n<p>3.Jordgubbar och vattenmelon &amp; Kiwi Passionsfrukt Guava<\/p>\n<p>4. Jordgubb och vattenmelon &amp; druvis<\/p>\n<p>5.Bl\u00e5b\u00e4r Hallon &amp; Persika Mango Vattenmelon<\/p>\n<p>6.Bl\u00e5b\u00e4rsvattenmelon &amp; jordgubbsmango<\/p>\n<p>7.Blueberry Ice &amp; Black Dragon Ice<\/p>\n<p>8. Bl\u00e5b\u00e4rsis &amp; jordgubbar och banan<\/p>\n<p>9.Red Bull &amp; Blueberry Watermelon<\/p>\n<p>10.Red Bull &amp; Watermelon Bubble Candy<\/p>\n<p>11.Strawberry Kiwi &amp; Peach Ice<\/p>\n<p>12. Jordgubbskiwi &amp; sura \u00e4pplehallon<\/p>\n<p>13.Banan Ice &amp; Blueberry Cherry<\/p>\n<p>14.Avocado Ice &amp; Citron Lime<\/p>\n<p>15.Cola Ice &amp; Cherry Cranberry<\/p>\n<p>16.Ananasis &amp; trippelmango<\/p>\n<p>17. Lychee Ice &amp; Mango Peach Ananas<\/p>\n<p>18.Honeydew Melon &amp; Watermelon Hallon<img loading=\"lazy\" decoding=\"async\" class=\"alignnone wp-image-6231 size-full\" src=\"https:\/\/pgvape.com\/wp-content\/uploads\/2025\/11\/pgvape-Bang-Leader-32000-32k-Puffs-Dual-Flavors-Disposable-Vape-Shipment-from-EU-Free-Shipping-3.png\" alt=\"Tolv f\u00e4rgglada eng\u00e5ngsvape-enheter med lutning m\u00e4rkta BANG LEADER och 32 000 puffar arrangerade i ett rutn\u00e4t p\u00e5 en pastellr\u00f6kt bakgrund, var och en \u00e5tf\u00f6ljd av frukt-, is- eller dryckesikoner som indikerar smaker som vattenmelon, bl\u00e5b\u00e4r, jordgubbar, mango, kiwi, passionsfrukt, r\u00f6d bullach, bananburk, bl\u00e5b\u00e4rsburk, r\u00f6d bullach, banan.\" width=\"1500\" height=\"1568\" srcset=\"https:\/\/pgvape.com\/wp-content\/uploads\/2025\/11\/pgvape-Bang-Leader-32000-32k-Puffs-Dual-Flavors-Disposable-Vape-Shipment-from-EU-Free-Shipping-3.png 1500w, https:\/\/pgvape.com\/wp-content\/uploads\/2025\/11\/pgvape-Bang-Leader-32000-32k-Puffs-Dual-Flavors-Disposable-Vape-Shipment-from-EU-Free-Shipping-3-344x360.png 344w, https:\/\/pgvape.com\/wp-content\/uploads\/2025\/11\/pgvape-Bang-Leader-32000-32k-Puffs-Dual-Flavors-Disposable-Vape-Shipment-from-EU-Free-Shipping-3-595x622.png 595w, https:\/\/pgvape.com\/wp-content\/uploads\/2025\/11\/pgvape-Bang-Leader-32000-32k-Puffs-Dual-Flavors-Disposable-Vape-Shipment-from-EU-Free-Shipping-3-383x400.png 383w, https:\/\/pgvape.com\/wp-content\/uploads\/2025\/11\/pgvape-Bang-Leader-32000-32k-Puffs-Dual-Flavors-Disposable-Vape-Shipment-from-EU-Free-Shipping-3-768x803.png 768w, https:\/\/pgvape.com\/wp-content\/uploads\/2025\/11\/pgvape-Bang-Leader-32000-32k-Puffs-Dual-Flavors-Disposable-Vape-Shipment-from-EU-Free-Shipping-3-1469x1536.png 1469w, https:\/\/pgvape.com\/wp-content\/uploads\/2025\/11\/pgvape-Bang-Leader-32000-32k-Puffs-Dual-Flavors-Disposable-Vape-Shipment-from-EU-Free-Shipping-3-11x12.png 11w, https:\/\/pgvape.com\/wp-content\/uploads\/2025\/11\/pgvape-Bang-Leader-32000-32k-Puffs-Dual-Flavors-Disposable-Vape-Shipment-from-EU-Free-Shipping-3-600x627.png 600w, https:\/\/pgvape.com\/wp-content\/uploads\/2025\/11\/pgvape-Bang-Leader-32000-32k-Puffs-Dual-Flavors-Disposable-Vape-Shipment-from-EU-Free-Shipping-3-38x40.png 38w\" sizes=\"auto, (max-width: 1500px) 100vw, 1500px\" \/><\/p>\n<p>&nbsp;<\/p>\n<h3><span style=\"font-size: 90%;\">Bang Leader 32000 | 32K Puffs Dual Flavors Disponibel Vape\u00a0<strong>Video<\/strong>:<\/span><\/h3>\n<p>&nbsp;<\/p>\n<h3 class=\"auto-hide-last-sibling-br paragraph-pP9ZLC paragraph-element br-paragraph-space\"><span style=\"font-size: 90%;\">Varf\u00f6r v\u00e4lja PGVape European Warehouse?<\/span><\/h3>\n<p>Snabb leverans: Leverans till de flesta EU-l\u00e4nder inom 3-7 arbetsdagar.<\/p>\n<p>Tullfri leverans: Lokalt EU-lager s\u00e4kerst\u00e4ller smidig och tullfri frakt.<\/p>\n<p>100% Autentisk garanti: \u00c4kta Bang Leader e-cigaretter fr\u00e5n certifierade leverant\u00f6rer.<\/p>\n<p>F\u00e4rskt lager: F\u00f6rvaras under kontrollerade f\u00f6rh\u00e5llanden f\u00f6r att s\u00e4kerst\u00e4lla optimal kvalitet.<\/p>\n<p>P\u00e5litlig av europ\u00e9er: Tusentals kunder \u00e5tnjuter snabba och s\u00e4kra e-cigaretttj\u00e4nster fr\u00e5n PGVape.<\/p>\n<p>&nbsp;<\/p>\n<h2><span style=\"font-size: 90%;\">Vanliga fr\u00e5gor om Bang Leader 32000 | 32K Puffs Dual Flavors Disposable Vape<\/span><\/h2>\n<p data-sourcepos=\"30:1-31:102\">\u2753\u00a0<strong data-sourcepos=\"30:3-30:41\">Hur fungerar glidmekanismen?<\/strong><br \/>\n\u2705\u00a0Helt enkelt\u00a0<strong data-sourcepos=\"31:10-31:30\">skjut \u00e5t v\u00e4nster\/h\u00f6ger<\/strong>\u00a0f\u00f6r att omedelbart v\u00e4xla mellan\u00a0<strong data-sourcepos=\"31:59-31:74\">tv\u00e5 smaker<\/strong>\u00a0utan att byta enhet.<\/p>\n<p data-sourcepos=\"33:1-34:91\">\u2753\u00a0<strong data-sourcepos=\"33:3-33:45\">Vad g\u00f6r \u00e5ngkvaliteten \u00f6verl\u00e4gsen?<\/strong><br \/>\n\u2705\u00a0<strong data-sourcepos=\"34:3-34:22\">Dubbla mesh-spolar<\/strong>\u00a0f\u00f6rse\u00a0<strong data-sourcepos=\"34:31-34:50\">40% mer smak<\/strong>\u00a0\u00e4n vanliga enkelspolade eng\u00e5ngsartiklar.<\/p>\n<p data-sourcepos=\"36:1-37:98\">\u2753\u00a0<strong data-sourcepos=\"36:3-36:38\">Hur l\u00e4nge h\u00e5ller batteriet?<\/strong><br \/>\n\u2705\u00a0<strong data-sourcepos=\"37:3-37:21\">650mAh batteri<\/strong>\u00a0st\u00f6djer\u00a0<strong data-sourcepos=\"37:31-37:43\">5-7 dagar<\/strong>\u00a0av m\u00e5ttlig anv\u00e4ndning;\u00a0<strong data-sourcepos=\"37:80-37:95\">~60 minuter<\/strong>.<\/p>\n<p data-sourcepos=\"39:1-40:99\">\u2753\u00a0<strong data-sourcepos=\"39:3-39:38\">\u00c4r detta l\u00e4mpligt f\u00f6r \u00e5terf\u00f6rs\u00e4ljare?<\/strong><br \/>\n\u2705\u00a0<strong data-sourcepos=\"40:3-40:41\">I\u00f6gonfallande displayl\u00e5dor med 10 enheter<\/strong>\u00a0med\u00a0<strong data-sourcepos=\"40:47-40:74\">premium smakm\u00e4rkning<\/strong>\u00a0maximera hyllan.<\/p>\n<p data-sourcepos=\"39:1-40:99\">\u2753\u00a0<strong data-sourcepos=\"50:3-50:42\">Varifr\u00e5n skickas denna produkt?<\/strong><br \/>\n\u2705\u00a0Direkt fr\u00e5n\u00a0<strong data-sourcepos=\"51:15-51:32\">EU-lager<\/strong>\u00a0f\u00f6r\u00a0<strong data-sourcepos=\"51:37-51:64\">snabb, skattefri leverans<\/strong>.<\/p>\n<p>&nbsp;<\/p>\n<h3 id=\"brxe-najhln\" class=\"brxe-heading\">Vanliga fr\u00e5gor (FAQ)<\/h3>\n<div id=\"brxe-rajiac\" class=\"brxe-text\">\n<p><strong>F: Vilka betalningsmetoder accepterar du?<\/strong><br \/>\nS: Vi accepterar PayPal, Stripe, bank\u00f6verf\u00f6ringar (st\u00f6ds med SEPA), vanliga kreditkort (Visa, MasterCard, American Express) och betalningar i kryptovaluta.<\/p>\n<p><strong>F: Hur l\u00e5ng tid tar best\u00e4llningsberedningen?<\/strong><br \/>\nS: Best\u00e4llningsf\u00f6rberedelse tar 1-3 arbetsdagar.<\/p>\n<p><strong>F: Vad \u00e4r leveranstiden?<\/strong><br \/>\nS: Leveranstiden \u00e4r 7-14 arbetsdagar, beroende p\u00e5 var du befinner dig. Varor som skickas fr\u00e5n europeiska lager tar vanligtvis 3-6 arbetsdagar f\u00f6r leverans.<\/p>\n<p><strong>F: Hur kan jag sp\u00e5ra min best\u00e4llning?<\/strong><br \/>\nS: Efter leverans kommer du att f\u00e5 ett bekr\u00e4ftelsemail med ett sp\u00e5rningsnummer f\u00f6r sp\u00e5rning i realtid.<\/p>\n<p><strong>F: Vilken \u00e4r din returpolicy?<\/strong><br \/>\nS: Vi erbjuder en 30-dagars returpolicy f\u00f6r \u00e5terbetalningar eller byten. .<\/p>\n<p><strong>F: Kommer det att finnas n\u00e5gra tullproblem?<br \/>\n<\/strong>Vi hanterar alla tullf\u00f6rfaranden f\u00f6r att s\u00e4kerst\u00e4lla en problemfri upplevelse f\u00f6r dig. .<\/p>\n<p><strong>F: Vilka frakts\u00e4tt anv\u00e4nds?<\/strong><br \/>\nVi samarbetar med UPS\/DHL\/FEDEX\/DPD, etc. Vi kommer att v\u00e4lja l\u00e4mpligt fraktalternativ beroende p\u00e5 leveransland f\u00f6r att s\u00e4kerst\u00e4lla att du f\u00e5r dina produkter s\u00e5 snabbt som m\u00f6jligt.<\/p>\n<p><a href=\"https:\/\/pgvape.com\/sv\/vanliga-fragor\/\">Klicka h\u00e4r f\u00f6r mer FAQ<\/a><\/p>\n<p>K\u00e4ra kunder, Om du har n\u00e5gra fr\u00e5gor om din best\u00e4llning eller ankomsten av varor, v\u00e4nligen kontakta v\u00e5r kundtj\u00e4nst. Tack!<\/p>\n<h3 data-sourcepos=\"73:1-73:21\"><strong data-sourcepos=\"73:7-73:21\">Kontakta oss<\/strong><\/h3>\n<div id=\"text-2419739398\" class=\"text\">\n<p><strong data-sourcepos=\"75:3-75:12\">E-post<\/strong>:\u00a0<a href=\"mailto:support@pgvape.com\"><strong>support@pgvape.com<\/strong><\/a><\/p>\n<p><strong data-sourcepos=\"76:3-76:15\">WhatsApp<\/strong>:\u00a0<a href=\"https:\/\/wa.me\/+8618128481258\"><strong>+86 18128481258<\/strong><\/a><br \/>\n<strong>(Svara inom 24 timmar p\u00e5 arbetsdagar)<\/strong><\/p>\n<\/div>\n<h3><strong>Tack f\u00f6r att du valde pgvape.com! .<\/strong><\/h3>\n<\/div>","protected":false},"excerpt":{"rendered":"<p><strong data-sourcepos=\"43:5-43:30\">Bang Leader 32K puffar<\/strong>\u00a0kombinerar\u00a0<strong data-sourcepos=\"43:40-43:70\">ut\u00f6kad dual-pod-kapacitet<\/strong>,\u00a0<strong data-sourcepos=\"43:72-43:100\">omedelbar smakbyte<\/strong>, och\u00a0<strong data-sourcepos=\"43:106-43:139\">premium mesh-spoleprestanda<\/strong>\u00a0med\u00a0<strong data-sourcepos=\"43:145-43:164\">18 smakpar<\/strong>\u00a0f\u00f6r ultimat vaping-m\u00e5ngsidighet.<\/p>","protected":false},"featured_media":6230,"comment_status":"open","ping_status":"closed","template":"","meta":{"_seopress_robots_primary_cat":"none","_seopress_titles_title":"%%post_title%% %%sep%% %%sitetitle%%","_seopress_titles_desc":"","_seopress_robots_index":""},"product_brand":[54,516],"product_cat":[515,461,362],"product_tag":[364,363,90,66,459,203],"class_list":{"0":"post-6226","1":"product","2":"type-product","3":"status-publish","4":"has-post-thumbnail","6":"product_brand-bang-leader-vape","7":"product_brand-disposable-vape","8":"product_cat-disposable-vape","9":"product_cat-bang-leader-vape-eu","10":"product_cat-32k-puffs-vape","11":"product_tag-32k-puffs-vape","12":"product_tag-bang-leader-32000","13":"product_tag-disposable-vape","14":"product_tag-dual-flavors","15":"product_tag-free-shipping","16":"product_tag-shipment-from-eu","18":"first","19":"instock","20":"sale","21":"shipping-taxable","22":"purchasable","23":"product-type-variable"},"_links":{"self":[{"href":"https:\/\/pgvape.com\/sv\/wp-json\/wp\/v2\/product\/6226","targetHints":{"allow":["GET"]}}],"collection":[{"href":"https:\/\/pgvape.com\/sv\/wp-json\/wp\/v2\/product"}],"about":[{"href":"https:\/\/pgvape.com\/sv\/wp-json\/wp\/v2\/types\/product"}],"replies":[{"embeddable":true,"href":"https:\/\/pgvape.com\/sv\/wp-json\/wp\/v2\/comments?post=6226"}],"wp:featuredmedia":[{"embeddable":true,"href":"https:\/\/pgvape.com\/sv\/wp-json\/wp\/v2\/media\/6230"}],"wp:attachment":[{"href":"https:\/\/pgvape.com\/sv\/wp-json\/wp\/v2\/media?parent=6226"}],"wp:term":[{"taxonomy":"product_brand","embeddable":true,"href":"https:\/\/pgvape.com\/sv\/wp-json\/wp\/v2\/product_brand?post=6226"},{"taxonomy":"product_cat","embeddable":true,"href":"https:\/\/pgvape.com\/sv\/wp-json\/wp\/v2\/product_cat?post=6226"},{"taxonomy":"product_tag","embeddable":true,"href":"https:\/\/pgvape.com\/sv\/wp-json\/wp\/v2\/product_tag?post=6226"}],"curies":[{"name":"wp","href":"https:\/\/api.w.org\/{rel}","templated":true}]}}