{"id":6192,"date":"2025-11-15T07:22:31","date_gmt":"2025-11-15T07:22:31","guid":{"rendered":"https:\/\/pgvape.com\/?post_type=product&#038;p=6192"},"modified":"2026-04-18T15:31:10","modified_gmt":"2026-04-18T15:31:10","slug":"bang-leader-20000-20k-puffar-engangs-vape-frakt-fran-eu-fri-frakt-vape-factory-direct","status":"publish","type":"product","link":"https:\/\/pgvape.com\/sv\/produkt\/bang-leader-20000-20k-puffar-engangs-vape-frakt-fran-eu-fri-frakt-vape-factory-direct\/","title":{"rendered":"Bang Leader 20000 | 20K Puffs Disposable Vape | Leverans fr\u00e5n EU | Fri frakt | Vape Factory Direct"},"content":{"rendered":"<p><strong data-sourcepos=\"4:5-4:48\">Bang Leader 20000 Puffs Disposable Vape<\/strong>\u00a0levererar\u00a0<strong data-sourcepos=\"4:58-4:83\">ut\u00f6kad tillfredsst\u00e4llelse<\/strong>\u00a0med\u00a0<strong data-sourcepos=\"4:89-4:105\">20 000 bloss<\/strong>\u00a0och\u00a0<strong data-sourcepos=\"4:110-4:136\">28 ml e-v\u00e4tska kapacitet<\/strong>.\u00a0<strong data-sourcepos=\"4:148-4:167\">dubbla mesh-spolar<\/strong>\u00a0f\u00f6r\u00a0<strong data-sourcepos=\"4:172-4:191\">f\u00f6rst\u00e4rkt smak<\/strong>, <strong data-sourcepos=\"4:203-4:235\">alternativ<\/strong>\u00a0f\u00f6r att passa alla preferenser.\u00a0<strong data-sourcepos=\"4:265-4:296\">650mAh uppladdningsbart batteri<\/strong>\u00a0med\u00a0<strong data-sourcepos=\"4:302-4:321\">Typ-C laddning<\/strong>\u00a0s\u00e4kerst\u00e4ller p\u00e5litlig prestanda.\u00a0<strong data-sourcepos=\"4:364-4:386\">12 premium smaker<\/strong>\u00a0i\u00a0<strong data-sourcepos=\"4:390-4:424\">detaljhandelsf\u00e4rdig 10-enheters f\u00f6rpackning<\/strong>.<br \/>\nBang Leader 20K Skickas direkt fr\u00e5n v\u00e5rt EU-lager, garanterar snabb, skattefri leverans och \u00e4kthet p\u00e5 100% \u2013 vilket ger dig en vapingupplevelse i toppklass direkt till din d\u00f6rr.<\/p>\n<p>&nbsp;<\/p>\n<h2><span style=\"font-size: 90%;\">Bang Leader 20000 | 20K Puffs eng\u00e5ngsvape\u00a0<strong data-sourcepos=\"6:5-6:27\">Specifikationer<\/strong><\/span><\/h2>\n<p><strong data-sourcepos=\"7:3-7:17\">Puff Count<\/strong>:\u00a0<strong data-sourcepos=\"7:19-7:35\">20 000 bloss<\/strong><\/p>\n<p><strong data-sourcepos=\"8:3-8:15\">E-v\u00e4tska<\/strong>:\u00a0<strong data-sourcepos=\"8:17-8:34\">Kapacitet 28 ml<\/strong><\/p>\n<p><strong data-sourcepos=\"9:3-9:15\">Nikotin<\/strong>:\u00a0<strong data-sourcepos=\"9:17-9:38\">2%<\/strong><\/p>\n<p><strong data-sourcepos=\"10:3-10:11\">Spole<\/strong>:\u00a0<strong data-sourcepos=\"10:13-10:32\">Dubbla mesh-spolar<\/strong><\/p>\n<p><strong data-sourcepos=\"11:3-11:14\">Batteri<\/strong>:\u00a0<strong data-sourcepos=\"11:16-11:39\">650mAh uppladdningsbar<\/strong><\/p>\n<p><strong data-sourcepos=\"12:3-12:15\">Laddar<\/strong>:\u00a0<strong data-sourcepos=\"12:17-12:41\">Typ-C snabbladdning<\/strong><\/p>\n<p><strong data-sourcepos=\"13:3-13:13\">Design<\/strong>:\u00a0<strong data-sourcepos=\"13:15-13:41\">L\u00e4tt och b\u00e4rbar<\/strong><\/p>\n<p><strong data-sourcepos=\"14:3-14:14\">Smaker<\/strong>:\u00a0<strong data-sourcepos=\"14:16-14:30\">12 alternativ<\/strong><\/p>\n<p><strong data-sourcepos=\"15:3-15:16\">F\u00f6rpackning<\/strong>:\u00a0<strong data-sourcepos=\"15:18-15:40\">10 st\/displayl\u00e5da<\/strong><\/p>\n<p><strong data-sourcepos=\"15:3-15:28\">EU lagers\u00e4ndning<\/strong>\u00a0\u2013 Snabb, skattefri leverans<\/p>\n<p>&nbsp;<\/p>\n<h3><span style=\"font-size: 90%;\">Bang Leader 20000 | 20K Puffs eng\u00e5ngsvape\u00a0<strong data-sourcepos=\"17:5-17:25\">Smakval<\/strong><\/span><\/h3>\n<p><strong data-sourcepos=\"18:4-18:22\">1. Vattenmelon Is<\/strong><\/p>\n<p><strong data-sourcepos=\"19:4-19:23\">2. Jordgubbskiwi<\/strong><\/p>\n<p><strong data-sourcepos=\"20:4-20:22\">3.Strawberry Ice<\/strong><\/p>\n<p><strong data-sourcepos=\"21:4-21:19\">4.Mango Peach<\/strong><\/p>\n<p><strong data-sourcepos=\"22:4-22:27\">5.Bl\u00e5b\u00e4rshallon<\/strong><\/p>\n<p><strong data-sourcepos=\"23:4-23:22\">6.Bl\u00e5b\u00e4rsmynta<\/strong><\/p>\n<p><strong data-sourcepos=\"24:4-24:17\">7. Blanda frukt<\/strong><\/p>\n<p><strong data-sourcepos=\"25:4-25:29\">8. Jordgubbsvattenmelon<\/strong><\/p>\n<p><strong data-sourcepos=\"26:4-26:17\">9. Grape Ice<\/strong><\/p>\n<p><strong data-sourcepos=\"27:5-27:30\">10. Vattenmelon Bubble Gum<\/strong><\/p>\n<p><strong data-sourcepos=\"28:5-28:22\">11.Bl\u00e5b\u00e4ris<\/strong><\/p>\n<p><strong data-sourcepos=\"29:5-29:18\">12.Peach Ice<img loading=\"lazy\" decoding=\"async\" class=\"alignnone wp-image-6210 size-full\" src=\"https:\/\/pgvape.com\/wp-content\/uploads\/2025\/11\/pgvape-Bang-Leader-20000-20K-Puffs-Rechargeable-Disposable-Vape-Shipment-from-EU-Free-Shipping-16.png\" alt=\"Kampanjaffisch f\u00f6r BANG LEADER 20000 puffar eng\u00e5ngsvapes med tv\u00e5 stora enheter till h\u00f6ger och en serie med 12 smaker till v\u00e4nster (Watermelon Ice, Strawberry Kiwi, Strawberry Ice, Mango Peach, Blueberry Hallon, Blueberry Mint, Mix Fruit, Strawberry Watermelon, Peach, Ice Watermelon, Bubble, Ice, ikon .\" width=\"1779\" height=\"1000\" srcset=\"https:\/\/pgvape.com\/wp-content\/uploads\/2025\/11\/pgvape-Bang-Leader-20000-20K-Puffs-Rechargeable-Disposable-Vape-Shipment-from-EU-Free-Shipping-16.png 1779w, https:\/\/pgvape.com\/wp-content\/uploads\/2025\/11\/pgvape-Bang-Leader-20000-20K-Puffs-Rechargeable-Disposable-Vape-Shipment-from-EU-Free-Shipping-16-555x312.png 555w, https:\/\/pgvape.com\/wp-content\/uploads\/2025\/11\/pgvape-Bang-Leader-20000-20K-Puffs-Rechargeable-Disposable-Vape-Shipment-from-EU-Free-Shipping-16-595x334.png 595w, https:\/\/pgvape.com\/wp-content\/uploads\/2025\/11\/pgvape-Bang-Leader-20000-20K-Puffs-Rechargeable-Disposable-Vape-Shipment-from-EU-Free-Shipping-16-400x225.png 400w, https:\/\/pgvape.com\/wp-content\/uploads\/2025\/11\/pgvape-Bang-Leader-20000-20K-Puffs-Rechargeable-Disposable-Vape-Shipment-from-EU-Free-Shipping-16-768x432.png 768w, https:\/\/pgvape.com\/wp-content\/uploads\/2025\/11\/pgvape-Bang-Leader-20000-20K-Puffs-Rechargeable-Disposable-Vape-Shipment-from-EU-Free-Shipping-16-1536x863.png 1536w, https:\/\/pgvape.com\/wp-content\/uploads\/2025\/11\/pgvape-Bang-Leader-20000-20K-Puffs-Rechargeable-Disposable-Vape-Shipment-from-EU-Free-Shipping-16-18x10.png 18w, https:\/\/pgvape.com\/wp-content\/uploads\/2025\/11\/pgvape-Bang-Leader-20000-20K-Puffs-Rechargeable-Disposable-Vape-Shipment-from-EU-Free-Shipping-16-600x337.png 600w, https:\/\/pgvape.com\/wp-content\/uploads\/2025\/11\/pgvape-Bang-Leader-20000-20K-Puffs-Rechargeable-Disposable-Vape-Shipment-from-EU-Free-Shipping-16-60x34.png 60w\" sizes=\"auto, (max-width: 1779px) 100vw, 1779px\" \/><\/strong><\/p>\n<p>&nbsp;<\/p>\n<h3><span style=\"font-size: 90%;\">Bang Leader 20000 | 20K Puffs eng\u00e5ngsvape\u00a0<strong>Video<\/strong>:<\/span><\/h3>\n<p>&nbsp;<\/p>\n<h3 class=\"auto-hide-last-sibling-br paragraph-pP9ZLC paragraph-element br-paragraph-space\"><span style=\"font-size: 90%;\">Varf\u00f6r v\u00e4lja PGVape European Warehouse?<\/span><\/h3>\n<p>Snabb leverans: Leverans till de flesta EU-l\u00e4nder inom 3-7 arbetsdagar.<\/p>\n<p>Tullfri leverans: Lokalt EU-lager s\u00e4kerst\u00e4ller smidig och tullfri frakt.<\/p>\n<p>100% Autentisk garanti: \u00c4kta Bang Leader e-cigaretter fr\u00e5n certifierade leverant\u00f6rer.<\/p>\n<p>F\u00e4rskt lager: F\u00f6rvaras under kontrollerade f\u00f6rh\u00e5llanden f\u00f6r att s\u00e4kerst\u00e4lla optimal kvalitet.<\/p>\n<p>P\u00e5litlig av europ\u00e9er: Tusentals kunder \u00e5tnjuter snabba och s\u00e4kra e-cigaretttj\u00e4nster fr\u00e5n PGVape.<\/p>\n<p>&nbsp;<\/p>\n<h2><span style=\"font-size: 90%;\">Vanliga fr\u00e5gor om Bang Leader 20000 | 20K Puffs Disposable Vape<\/span><\/h2>\n<p data-sourcepos=\"32:1-33:91\">\u2753\u00a0<strong data-sourcepos=\"32:3-32:48\">Vad g\u00f6r \u00e5ngkvaliteten exceptionell?<\/strong><br \/>\n\u2705\u00a0<strong data-sourcepos=\"33:3-33:22\">Dubbla mesh-spolar<\/strong>\u00a0f\u00f6rse\u00a0<strong data-sourcepos=\"33:31-33:50\">30% mer smak<\/strong>\u00a0\u00e4n vanliga enkelspolade eng\u00e5ngsartiklar.<\/p>\n<p data-sourcepos=\"35:1-36:87\">\u2753\u00a0<strong data-sourcepos=\"35:3-35:38\">Hur l\u00e4nge h\u00e5ller batteriet?<\/strong><br \/>\n\u2705\u00a0<strong data-sourcepos=\"36:3-36:22\">Kapacitet 650mAh<\/strong>\u00a0st\u00f6djer\u00a0<strong data-sourcepos=\"36:32-36:48\">ut\u00f6kad anv\u00e4ndning<\/strong>;\u00a0<strong data-sourcepos=\"36:69-36:84\">~60 minuter<\/strong>.<\/p>\n<p data-sourcepos=\"38:1-39:84\">\u2753\u00a0<strong data-sourcepos=\"38:3-38:35\">\u00c4r detta l\u00e4mpligt f\u00f6r detaljhandeln?<\/strong><br \/>\n\u2705\u00a0<strong data-sourcepos=\"39:3-39:28\">Displayl\u00e5dor med 10 enheter<\/strong>\u00a0med\u00a0<strong data-sourcepos=\"39:34-39:59\">tydlig smakm\u00e4rkning<\/strong>\u00a0maximera hyllan.<\/p>\n<p data-sourcepos=\"41:1-42:97\">\u2753\u00a0<strong data-sourcepos=\"41:3-41:29\">Vem \u00e4r detta idealiskt f\u00f6r?<br \/>\n<\/strong>\u2705\u00a0Perfekt f\u00f6r vapers som vill ha\u00a0<strong data-sourcepos=\"42:30-42:58\">l\u00e5ngvarig prestanda<\/strong>\u00a0utan att offra\u00a0<strong data-sourcepos=\"42:79-42:94\">portabilitet<\/strong>.<\/p>\n<p data-sourcepos=\"41:1-42:97\">\u2753\u00a0<strong data-sourcepos=\"50:3-50:42\">Varifr\u00e5n skickas denna produkt?<\/strong><br \/>\n\u2705\u00a0Direkt fr\u00e5n\u00a0<strong data-sourcepos=\"51:15-51:32\">EU-lager<\/strong>\u00a0f\u00f6r\u00a0<strong data-sourcepos=\"51:37-51:64\">snabb, skattefri leverans<\/strong>.<\/p>\n<p>&nbsp;<\/p>\n<h3 id=\"brxe-najhln\" class=\"brxe-heading\">Vanliga fr\u00e5gor (FAQ)<\/h3>\n<div id=\"brxe-rajiac\" class=\"brxe-text\">\n<p><strong>F: Vilka betalningsmetoder accepterar du?<\/strong><br \/>\nS: Vi accepterar PayPal, Stripe, bank\u00f6verf\u00f6ringar (st\u00f6ds med SEPA), vanliga kreditkort (Visa, MasterCard, American Express) och betalningar i kryptovaluta.<\/p>\n<p><strong>F: Hur l\u00e5ng tid tar best\u00e4llningsberedningen?<\/strong><br \/>\nS: Best\u00e4llningsf\u00f6rberedelse tar 1-3 arbetsdagar.<\/p>\n<p><strong>F: Vad \u00e4r leveranstiden?<\/strong><br \/>\nS: Leveranstiden \u00e4r 7-14 arbetsdagar, beroende p\u00e5 var du befinner dig. Varor som skickas fr\u00e5n europeiska lager tar vanligtvis 3-6 arbetsdagar f\u00f6r leverans.<\/p>\n<p><strong>F: Hur kan jag sp\u00e5ra min best\u00e4llning?<\/strong><br \/>\nS: Efter leverans kommer du att f\u00e5 ett bekr\u00e4ftelsemail med ett sp\u00e5rningsnummer f\u00f6r sp\u00e5rning i realtid.<\/p>\n<p><strong>F: Vilken \u00e4r din returpolicy?<\/strong><br \/>\nS: Vi erbjuder en 30-dagars returpolicy f\u00f6r \u00e5terbetalningar eller byten. .<\/p>\n<p><strong>F: Kommer det att finnas n\u00e5gra tullproblem?<br \/>\n<\/strong>Vi hanterar alla tullf\u00f6rfaranden f\u00f6r att s\u00e4kerst\u00e4lla en problemfri upplevelse f\u00f6r dig. .<\/p>\n<p><strong>F: Vilka frakts\u00e4tt anv\u00e4nds?<\/strong><br \/>\nVi samarbetar med UPS\/DHL\/FEDEX\/DPD, etc. Vi kommer att v\u00e4lja l\u00e4mpligt fraktalternativ beroende p\u00e5 leveransland f\u00f6r att s\u00e4kerst\u00e4lla att du f\u00e5r dina produkter s\u00e5 snabbt som m\u00f6jligt.<\/p>\n<p><a href=\"https:\/\/pgvape.com\/sv\/vanliga-fragor\/\">Klicka h\u00e4r f\u00f6r mer FAQ<\/a><\/p>\n<p>K\u00e4ra kunder, Om du har n\u00e5gra fr\u00e5gor om din best\u00e4llning eller ankomsten av varor, v\u00e4nligen kontakta v\u00e5r kundtj\u00e4nst. Tack!<\/p>\n<h3 data-sourcepos=\"73:1-73:21\"><strong data-sourcepos=\"73:7-73:21\">Kontakta oss<\/strong><\/h3>\n<div id=\"text-2419739398\" class=\"text\">\n<p><strong data-sourcepos=\"75:3-75:12\">E-post<\/strong>:\u00a0<a href=\"mailto:support@pgvape.com\"><strong>support@pgvape.com<\/strong><\/a><\/p>\n<p><strong data-sourcepos=\"76:3-76:15\">WhatsApp<\/strong>:\u00a0<a href=\"https:\/\/wa.me\/+8618128481258\"><strong>+86 18128481258<\/strong><\/a><br \/>\n<strong>(Svara inom 24 timmar p\u00e5 arbetsdagar)<\/strong><\/p>\n<\/div>\n<h3><strong>Tack f\u00f6r att du valde pgvape.com! .<\/strong><\/h3>\n<\/div>","protected":false},"excerpt":{"rendered":"<p><strong data-sourcepos=\"45:5-45:32\">Bang Leader 20000 Puffar<\/strong>\u00a0kombinerar\u00a0<strong data-sourcepos=\"45:42-45:71\">prestanda med h\u00f6g kapacitet<\/strong>,\u00a0<strong data-sourcepos=\"45:73-45:97\">dual-coil-teknik<\/strong>, och\u00a0<strong data-sourcepos=\"45:103-45:124\">12 smakalternativ<\/strong>\u00a0i en\u00a0<strong data-sourcepos=\"45:130-45:156\">elegant, b\u00e4rbar design<\/strong>.<\/p>","protected":false},"featured_media":6212,"comment_status":"open","ping_status":"closed","template":"","meta":{"_seopress_robots_primary_cat":"none","_seopress_titles_title":"","_seopress_titles_desc":"","_seopress_robots_index":""},"product_brand":[54,516],"product_cat":[515,461,84],"product_tag":[367,366,90,459,203],"class_list":{"0":"post-6192","1":"product","2":"type-product","3":"status-publish","4":"has-post-thumbnail","6":"product_brand-bang-leader-vape","7":"product_brand-disposable-vape","8":"product_cat-disposable-vape","9":"product_cat-bang-leader-vape-eu","10":"product_cat-20k-puffs-vape","11":"product_tag-20k-puffs-vape","12":"product_tag-bang-leader-20000","13":"product_tag-disposable-vape","14":"product_tag-free-shipping","15":"product_tag-shipment-from-eu","17":"first","18":"instock","19":"sale","20":"shipping-taxable","21":"purchasable","22":"product-type-variable"},"_links":{"self":[{"href":"https:\/\/pgvape.com\/sv\/wp-json\/wp\/v2\/product\/6192","targetHints":{"allow":["GET"]}}],"collection":[{"href":"https:\/\/pgvape.com\/sv\/wp-json\/wp\/v2\/product"}],"about":[{"href":"https:\/\/pgvape.com\/sv\/wp-json\/wp\/v2\/types\/product"}],"replies":[{"embeddable":true,"href":"https:\/\/pgvape.com\/sv\/wp-json\/wp\/v2\/comments?post=6192"}],"wp:featuredmedia":[{"embeddable":true,"href":"https:\/\/pgvape.com\/sv\/wp-json\/wp\/v2\/media\/6212"}],"wp:attachment":[{"href":"https:\/\/pgvape.com\/sv\/wp-json\/wp\/v2\/media?parent=6192"}],"wp:term":[{"taxonomy":"product_brand","embeddable":true,"href":"https:\/\/pgvape.com\/sv\/wp-json\/wp\/v2\/product_brand?post=6192"},{"taxonomy":"product_cat","embeddable":true,"href":"https:\/\/pgvape.com\/sv\/wp-json\/wp\/v2\/product_cat?post=6192"},{"taxonomy":"product_tag","embeddable":true,"href":"https:\/\/pgvape.com\/sv\/wp-json\/wp\/v2\/product_tag?post=6192"}],"curies":[{"name":"wp","href":"https:\/\/api.w.org\/{rel}","templated":true}]}}