{"id":6058,"date":"2025-11-14T10:25:52","date_gmt":"2025-11-14T10:25:52","guid":{"rendered":"https:\/\/pgvape.com\/?post_type=product&#038;p=6058"},"modified":"2026-04-18T15:31:11","modified_gmt":"2026-04-18T15:31:11","slug":"bang-leader-110000-110k-puffar-6-i-1-smaker-engangs-vape-frakt-fran-eu-fri-frakt-vape-factory-direct","status":"publish","type":"product","link":"https:\/\/pgvape.com\/sv\/produkt\/bang-leader-110000-110k-puffar-6-i-1-smaker-engangs-vape-frakt-fran-eu-fri-frakt-vape-factory-direct\/","title":{"rendered":"Bang Leader 110000 | 110k puffar 6 i 1 smaker Disponibel Vape | Leverans fr\u00e5n EU | Gratis frakt | Vape Factory Direct"},"content":{"rendered":"<p><strong data-sourcepos=\"6:5-6:47\">Bang Leader 110K Puffs eng\u00e5ngsvape<\/strong>\u00a0revolutionerar l\u00e5ngsiktig vaping med en branschledande\u00a0<strong data-sourcepos=\"6:105-6:135\">100 000-110 000 bloss<\/strong>, som drivs av en innovativ\u00a0<strong data-sourcepos=\"6:162-6:184\">trippeltanksystem<\/strong>\u00a0och\u00a0<strong data-sourcepos=\"6:189-6:209\">trippelmaskigt spole<\/strong>\u00a0teknologi.\u00a0<strong data-sourcepos=\"6:232-6:263\">6 anpassningsbara smakl\u00e4gen<\/strong> (enkla eller blandade smaker),\u00a0och en\u00a0<strong data-sourcepos=\"6:337-6:368\">850mAh uppladdningsbart batteri<\/strong>\u00a0med\u00a0<strong data-sourcepos=\"6:374-6:398\">Typ-C snabbladdning<\/strong>, den h\u00e4r enheten ger o\u00f6vertr\u00e4ffad m\u00e5ngsidighet.\u00a0<strong data-sourcepos=\"6:451-6:465\">LED-sk\u00e4rm<\/strong>\u00a0ger realtids\u00f6vervakning av batteri och anv\u00e4ndning, medan\u00a0<strong data-sourcepos=\"6:524-6:556\">10-delad grossistf\u00f6rpackning<\/strong>\u00a0g\u00f6r den idealisk f\u00f6r \u00e5terf\u00f6rs\u00e4ljare.<br \/>\nBang Leader 110K Skickas direkt fr\u00e5n v\u00e5r <b>EU-lager<\/b>, ,\u00a0garantierna <b>snabb, skattefri leverans<\/b>\u00a0och 100% autenticitet \u2013 ger dig en vapingupplevelse p\u00e5 toppniv\u00e5 direkt till din d\u00f6rr.<\/p>\n<p>&nbsp;<\/p>\n<h2><span style=\"font-size: 90%;\">Bang Leader 110000 | 110k puffar 6 i 1 smaker Disponibel Vape produktspecifikation<\/span><\/h2>\n<p><strong data-sourcepos=\"11:3-11:18\">Antal bloss:<\/strong>\u00a0<strong data-sourcepos=\"11:19-11:44\">100 000-110 000 puffar<\/strong>\u00a0(O\u00f6vertr\u00e4ffad livsl\u00e4ngd)<\/p>\n<p><strong data-sourcepos=\"12:3-12:16\">Nikotin:<\/strong>\u00a0<strong data-sourcepos=\"12:17-12:33\">2%\u00a0<\/strong><\/p>\n<p><strong data-sourcepos=\"13:3-13:21\">Smaksystem:<\/strong><strong data-sourcepos=\"14:5-14:17\">6 l\u00e4gen:<\/strong>\u00a0<strong data-sourcepos=\"14:18-14:44\">A, B, C, A+B, A+C, B+C<\/strong>\u00a0(Blanda och matcha smaker)<\/p>\n<p><strong data-sourcepos=\"15:5-15:25\">Tredubbla oljetankar<\/strong>\u00a0(Smidiga oljetankar** (st\u00f6der kombinationer av flera smaker)<\/p>\n<p><strong data-sourcepos=\"16:3-16:12\">Spole:<\/strong>\u00a0<strong data-sourcepos=\"16:13-16:33\">Triple Mesh Coil<\/strong>\u00a0(Snabbare uppv\u00e4rmning, rikare \u00e5nga)<\/p>\n<p><strong data-sourcepos=\"17:3-17:15\">Batteri:<\/strong>\u00a0<strong data-sourcepos=\"17:16-17:39\">850mAh uppladdningsbar<\/strong>\u00a0(Med\u00a0<strong data-sourcepos=\"17:46-17:56\">Typ-C<\/strong>\u00a0snabbladdning)<\/p>\n<p><strong data-sourcepos=\"18:3-18:15\">Visa:<\/strong>\u00a0<strong data-sourcepos=\"18:16-18:30\">LED-sk\u00e4rm<\/strong>\u00a0(Blosstal och batteriindikator)<\/p>\n<p><strong data-sourcepos=\"19:3-19:17\">F\u00f6rpackning:<\/strong>\u00a0<strong data-sourcepos=\"19:18-19:33\">10 st\/f\u00f6rp<\/strong>\u00a0(Read f\u00f6r detaljhandel)<\/p>\n<p><strong data-sourcepos=\"15:3-15:28\">EU lagers\u00e4ndning<\/strong>\u00a0\u2013 Snabb, skattefri leverans<\/p>\n<p>&nbsp;<\/p>\n<h3><span style=\"font-size: 90%;\">Bang Leader 110000 | 110k puffar 6 i 1 smaker Disponibel Vape smaklista<\/span><\/h3>\n<p>1.Vattenmelon Ice \/ Strawberry Mamba \/ Strawberry Watermelon \/ Watermelon Ice Strawberry Mamba \/ Watermelon Ice Strawberry Watermelon \/ Strawberry Mamba Strawberry Watermelon<\/p>\n<p>2.Fuji Ice \/ Apple Grape \/ Cherry Pomegranate \/ Fuji Ice Apple Grape \/ Fuji Ice Cherry Pomegranate \/ Apple Grape Cherry Pomegranate<\/p>\n<p>3.Bl\u00e5b\u00e4ris \/ Hallon Citron \/ Vattenmelon Bubblegum \/ Bl\u00e5b\u00e4r Ice Hallon Citron \/ Bl\u00e5b\u00e4r Is Vattenmelon Bubblegum \/ Hallon Citron Vattenmelon Bubblegum<\/p>\n<p>4.Bl\u00e5b\u00e4r Hallon \/ Syrliga Ananas Apelsiner \/ Hallon Vattenmeloner \/ Bl\u00e5b\u00e4r Hallon Syrliga Ananas Apelsiner \/ Bl\u00e5b\u00e4r Hallon Hallon Vattenmeloner \/ Syrliga Ananas Apelsiner Hallon Vattenmelon<\/p>\n<p>5. Druvis \/ Mango Persika \/ Bl\u00e5b\u00e4r Vattenmelon \/ Druvis Mango Persika \/ Druvis Bl\u00e5b\u00e4r Vattenmelon \/ Mango Persika Bl\u00e5b\u00e4r Vattenmelon<\/p>\n<p>6.Strawberry Ice \/ Persika Citron \/ Kiwi Passionsfrukt Guava \/ Strawberry Ice Persika Citron \/ Strawberry Ice Kiwi Passionsfrukt Guava \/ Persika Citron Kiwi Passionsfrukt Guava<\/p>\n<p>7.Ananas Coconut \/ Blueberry Red Bull \/ Watermelon Ice \/ Ananas Coconut Blueberry Red Bull \/ Ananas Coconut Watermelon Ice \/ Blueberry Red Bull Watermelon Ice<\/p>\n<p>8. Jordgubbskiwi \/ Bl\u00e5b\u00e4r Kokos \/ Blandad B\u00e4r \/ Jordgubb Kiwi Bl\u00e5b\u00e4r Kokos \/ Jordgubb Kiwi Blandad B\u00e4r \/ Bl\u00e5b\u00e4r Kokos Blandad b\u00e4r<\/p>\n<p>9.Citronromantik \/ Bl\u00e5b\u00e4rshallon \/ Persikamentol \/ Citronromantik Bl\u00e5b\u00e4rshallon \/ Citronromantik Persikamentol \/ Bl\u00e5b\u00e4rshallon Persikamentol<\/p>\n<p>10.Peach Ice \/ Svarta vinb\u00e4r Ananas Is \/ Gr\u00f6na \u00e4pplen Kiwi \/ Persika Is Svarta vinb\u00e4r Ananas Is \/ Persika Is Gr\u00f6n \u00c4ppel Kiwi \/ Svarta vinb\u00e4r Ananas Ice Gr\u00f6n \u00c4ppel Kiwi<img loading=\"lazy\" decoding=\"async\" class=\"alignnone wp-image-6063 size-full\" src=\"https:\/\/pgvape.com\/wp-content\/uploads\/2025\/11\/Pgvape-Bang-Leader-110k-Puffs-6-in-1-Flavors-Disposable-Vape-Shipment-from-EU-Free-Shipping-3.png\" alt=\"Ett rutn\u00e4t med tolv f\u00e4rgglada eng\u00e5ngsvape-enheter med gradient m\u00e4rkta \u201c6in1\u201d, var och en med en tecknad apaillustration, digitala displayikoner och sm\u00e5 etiketter med flera smaker under, presenterade p\u00e5 en isig bl\u00e5 bakgrund.\" width=\"1080\" height=\"1080\" srcset=\"https:\/\/pgvape.com\/wp-content\/uploads\/2025\/11\/Pgvape-Bang-Leader-110k-Puffs-6-in-1-Flavors-Disposable-Vape-Shipment-from-EU-Free-Shipping-3.png 1080w, https:\/\/pgvape.com\/wp-content\/uploads\/2025\/11\/Pgvape-Bang-Leader-110k-Puffs-6-in-1-Flavors-Disposable-Vape-Shipment-from-EU-Free-Shipping-3-360x360.png 360w, https:\/\/pgvape.com\/wp-content\/uploads\/2025\/11\/Pgvape-Bang-Leader-110k-Puffs-6-in-1-Flavors-Disposable-Vape-Shipment-from-EU-Free-Shipping-3-595x595.png 595w, https:\/\/pgvape.com\/wp-content\/uploads\/2025\/11\/Pgvape-Bang-Leader-110k-Puffs-6-in-1-Flavors-Disposable-Vape-Shipment-from-EU-Free-Shipping-3-400x400.png 400w, https:\/\/pgvape.com\/wp-content\/uploads\/2025\/11\/Pgvape-Bang-Leader-110k-Puffs-6-in-1-Flavors-Disposable-Vape-Shipment-from-EU-Free-Shipping-3-768x768.png 768w, https:\/\/pgvape.com\/wp-content\/uploads\/2025\/11\/Pgvape-Bang-Leader-110k-Puffs-6-in-1-Flavors-Disposable-Vape-Shipment-from-EU-Free-Shipping-3-12x12.png 12w, https:\/\/pgvape.com\/wp-content\/uploads\/2025\/11\/Pgvape-Bang-Leader-110k-Puffs-6-in-1-Flavors-Disposable-Vape-Shipment-from-EU-Free-Shipping-3-300x300.png 300w, https:\/\/pgvape.com\/wp-content\/uploads\/2025\/11\/Pgvape-Bang-Leader-110k-Puffs-6-in-1-Flavors-Disposable-Vape-Shipment-from-EU-Free-Shipping-3-600x600.png 600w, https:\/\/pgvape.com\/wp-content\/uploads\/2025\/11\/Pgvape-Bang-Leader-110k-Puffs-6-in-1-Flavors-Disposable-Vape-Shipment-from-EU-Free-Shipping-3-100x100.png 100w, https:\/\/pgvape.com\/wp-content\/uploads\/2025\/11\/Pgvape-Bang-Leader-110k-Puffs-6-in-1-Flavors-Disposable-Vape-Shipment-from-EU-Free-Shipping-3-40x40.png 40w\" sizes=\"auto, (max-width: 1080px) 100vw, 1080px\" \/><\/p>\n<p>&nbsp;<\/p>\n<h3><span style=\"font-size: 90%;\">Bang Leader 110000 | 110k puffar 6 i 1 smaker disponibel vape\u00a0<strong>Video:<\/strong><\/span><\/h3>\n<p><iframe loading=\"lazy\" title=\"Bang Leader 110k puffar 6 i 1 smaker disponibel vape justerbara smakl\u00e4gen med LED-sk\u00e4rm pgvape\" width=\"563\" height=\"1000\" src=\"https:\/\/www.youtube.com\/embed\/RcaN8oRy9z4?feature=oembed\" frameborder=\"0\" allow=\"accelerometer; autoplay; clipboard-write; encrypted-media; gyroscope; picture-in-picture; web-share\" referrerpolicy=\"strict-origin-when-cross-origin\" allowfullscreen><\/iframe><\/p>\n<p>&nbsp;<\/p>\n<h3 class=\"auto-hide-last-sibling-br paragraph-pP9ZLC paragraph-element br-paragraph-space\"><span style=\"font-size: 90%;\">Varf\u00f6r v\u00e4lja PGVape European Warehouse?<\/span><\/h3>\n<p>Snabb leverans: Leverans till de flesta EU-l\u00e4nder inom 3-7 arbetsdagar.<\/p>\n<p>Tullfri leverans: Lokalt EU-lager s\u00e4kerst\u00e4ller smidig och tullfri frakt.<\/p>\n<p>100% Autentisk garanti: \u00c4kta Bang Leader e-cigaretter fr\u00e5n certifierade leverant\u00f6rer.<\/p>\n<p>F\u00e4rskt lager: F\u00f6rvaras under kontrollerade f\u00f6rh\u00e5llanden f\u00f6r att s\u00e4kerst\u00e4lla optimal kvalitet.<\/p>\n<p>P\u00e5litlig av europ\u00e9er: Tusentals kunder \u00e5tnjuter snabba och s\u00e4kra e-cigaretttj\u00e4nster fr\u00e5n PGVape.<\/p>\n<p>&nbsp;<\/p>\n<h2 class=\"header-vfC6AV auto-hide-last-sibling-br\"><span style=\"font-size: 90%;\">Vanliga fr\u00e5gor om Bang Leader 110000 | 110k puffar 6 i 1 smaker disponibel vape<\/span><\/h2>\n<p data-sourcepos=\"38:1-39:92\">\u2753\u00a0<strong data-sourcepos=\"38:3-38:38\">Hur uppn\u00e5r den 110K bloss?<\/strong><br \/>\n\u2705\u00a0<strong data-sourcepos=\"39:3-39:23\">Tredubbla oljetankar<\/strong>\u00a0+\u00a0<strong data-sourcepos=\"39:26-39:44\">850mAh batteri<\/strong>\u00a0+\u00a0<strong data-sourcepos=\"39:47-39:71\">effektiva mesh-spolar<\/strong>\u00a0maximera livsl\u00e4ngden.<\/p>\n<p data-sourcepos=\"41:1-42:124\">\u2753\u00a0<strong data-sourcepos=\"41:3-41:25\">Kan jag blanda smaker?<\/strong><br \/>\n\u2705\u00a0Ja!\u00a0<strong data-sourcepos=\"42:16-42:35\">valfri 2-3 smaker<\/strong>\u00a0fr\u00e5n tankarna f\u00f6r\u00a0<strong data-sourcepos=\"42:55-42:72\">anpassade blandningar<\/strong>\u00a0(till exempel.,\u00a0<strong data-sourcepos=\"42:80-42:120\">Blueberry Ice + Watermelon Bubblegum<\/strong>).<\/p>\n<p data-sourcepos=\"44:1-45:86\">\u2753\u00a0<strong data-sourcepos=\"44:3-44:27\">\u00c4r det anv\u00e4ndarv\u00e4nligt?<\/strong><br \/>\n\u2705\u00a0Den\u00a0<strong data-sourcepos=\"45:7-45:21\">LED-sk\u00e4rm<\/strong>\u00a0sp\u00e5rar anv\u00e4ndning och\u00a0<strong data-sourcepos=\"45:40-45:59\">Typ-C laddning<\/strong>\u00a0s\u00e4kerst\u00e4ller snabba power-ups.<\/p>\n<p data-sourcepos=\"47:1-48:88\">\u2753\u00a0<strong data-sourcepos=\"47:3-47:26\">Vem \u00e4r det b\u00e4st f\u00f6r?<\/strong><br \/>\n\u2705\u00a0Tunga vapers vill ha\u00a0<strong data-sourcepos=\"48:24-48:37\">l\u00e5ngt liv<\/strong>\u00a0+ \u00e5terf\u00f6rs\u00e4ljare s\u00f6ker\u00a0<strong data-sourcepos=\"48:58-48:85\">eng\u00e5ngsartiklar med h\u00f6g marginal<\/strong>.<\/p>\n<p>\u2753\u00a0<strong data-sourcepos=\"50:3-50:42\">Varifr\u00e5n skickas denna produkt?<\/strong><br \/>\n\u2705\u00a0Direkt fr\u00e5n\u00a0<strong data-sourcepos=\"51:15-51:32\">EU-lager<\/strong>\u00a0f\u00f6r\u00a0<strong data-sourcepos=\"51:37-51:64\">snabb, skattefri leverans<\/strong>.<\/p>\n<p>&nbsp;<\/p>\n<h3 id=\"brxe-najhln\" class=\"brxe-heading\">Vanliga fr\u00e5gor (FAQ)<\/h3>\n<div id=\"brxe-rajiac\" class=\"brxe-text\">\n<p><strong>F: Vilka betalningsmetoder accepterar du?<\/strong><br \/>\nS: Vi accepterar PayPal, Stripe, bank\u00f6verf\u00f6ringar (st\u00f6ds med SEPA), vanliga kreditkort (Visa, MasterCard, American Express) och betalningar i kryptovaluta.<\/p>\n<p><strong>F: Hur l\u00e5ng tid tar best\u00e4llningsberedningen?<\/strong><br \/>\nS: Best\u00e4llningsf\u00f6rberedelse tar 1-3 arbetsdagar.<\/p>\n<p><strong>F: Vad \u00e4r leveranstiden?<\/strong><br \/>\nS: Leveranstiden \u00e4r 7-14 arbetsdagar, beroende p\u00e5 var du befinner dig. Varor som skickas fr\u00e5n europeiska lager tar vanligtvis 3-6 arbetsdagar f\u00f6r leverans.<\/p>\n<p><strong>F: Hur kan jag sp\u00e5ra min best\u00e4llning?<\/strong><br \/>\nS: Efter leverans kommer du att f\u00e5 ett bekr\u00e4ftelsemail med ett sp\u00e5rningsnummer f\u00f6r sp\u00e5rning i realtid.<\/p>\n<p><strong>F: Vilken \u00e4r din returpolicy?<\/strong><br \/>\nS: Vi erbjuder en 30-dagars returpolicy f\u00f6r \u00e5terbetalningar eller byten. .<\/p>\n<p><strong>F: Kommer det att finnas n\u00e5gra tullproblem?<br \/>\n<\/strong>Vi hanterar alla tullf\u00f6rfaranden f\u00f6r att s\u00e4kerst\u00e4lla en problemfri upplevelse f\u00f6r dig. .<\/p>\n<p><strong>F: Vilka frakts\u00e4tt anv\u00e4nds?<\/strong><br \/>\nVi samarbetar med UPS\/DHL\/FEDEX\/DPD, etc. Vi kommer att v\u00e4lja l\u00e4mpligt fraktalternativ beroende p\u00e5 leveransland f\u00f6r att s\u00e4kerst\u00e4lla att du f\u00e5r dina produkter s\u00e5 snabbt som m\u00f6jligt.<\/p>\n<p><a href=\"https:\/\/pgvape.com\/sv\/vanliga-fragor\/\">Klicka h\u00e4r f\u00f6r mer FAQ<\/a><\/p>\n<p>K\u00e4ra kunder, Om du har n\u00e5gra fr\u00e5gor om din best\u00e4llning eller ankomsten av varor, v\u00e4nligen kontakta v\u00e5r kundtj\u00e4nst. Tack!<\/p>\n<h3 data-sourcepos=\"73:1-73:21\"><strong data-sourcepos=\"73:7-73:21\">Kontakta oss<\/strong><\/h3>\n<div id=\"text-2419739398\" class=\"text\">\n<p><strong data-sourcepos=\"75:3-75:12\">E-post<\/strong>:\u00a0<a href=\"mailto:support@pgvape.com\"><strong>support@pgvape.com<\/strong><\/a><\/p>\n<p><strong data-sourcepos=\"76:3-76:15\">WhatsApp<\/strong>:\u00a0<a href=\"https:\/\/wa.me\/+8618128481258\"><strong>+86 18128481258<\/strong><\/a><br \/>\n<strong>(Svara inom 24 timmar p\u00e5 arbetsdagar)<\/strong><\/p>\n<\/div>\n<h3><strong>Tack f\u00f6r att du valde pgvape.com! .<\/strong><\/h3>\n<\/div>","protected":false},"excerpt":{"rendered":"<p>Med\u00a0<strong data-sourcepos=\"53:6-53:20\">110K bloss<\/strong>,\u00a0<strong data-sourcepos=\"53:22-53:53\">anpassning med tre smaker<\/strong>, och\u00a0<strong data-sourcepos=\"53:59-53:81\">premium mesh spolar<\/strong>, den\u00a0<strong data-sourcepos=\"53:87-53:107\">Bang Leader 110K<\/strong>\u00a0dominerar marknaden f\u00f6r vape med h\u00f6g kapacitet.\u00a0<strong data-sourcepos=\"53:159-53:189\">Idealisk f\u00f6r<\/strong>\u00a0och\u00a0<strong data-sourcepos=\"53:194-53:213\">smakjagande entusiaster<\/strong>.<\/p>","protected":false},"featured_media":6061,"comment_status":"open","ping_status":"closed","template":"","meta":{"_seopress_robots_primary_cat":"none","_seopress_titles_title":"","_seopress_titles_desc":"","_seopress_robots_index":""},"product_brand":[54],"product_cat":[515,461,119],"product_tag":[361,253,460,90,459,203],"class_list":{"0":"post-6058","1":"product","2":"type-product","3":"status-publish","4":"has-post-thumbnail","6":"product_brand-bang-leader-vape","7":"product_cat-disposable-vape","8":"product_cat-bang-leader-vape-eu","9":"product_cat-110k-puffs-vape","10":"product_tag-110k-puffs-vape","11":"product_tag-6-in-1-flavors","12":"product_tag-bang-leader-110000","13":"product_tag-disposable-vape","14":"product_tag-free-shipping","15":"product_tag-shipment-from-eu","17":"first","18":"instock","19":"sale","20":"shipping-taxable","21":"purchasable","22":"product-type-variable"},"_links":{"self":[{"href":"https:\/\/pgvape.com\/sv\/wp-json\/wp\/v2\/product\/6058","targetHints":{"allow":["GET"]}}],"collection":[{"href":"https:\/\/pgvape.com\/sv\/wp-json\/wp\/v2\/product"}],"about":[{"href":"https:\/\/pgvape.com\/sv\/wp-json\/wp\/v2\/types\/product"}],"replies":[{"embeddable":true,"href":"https:\/\/pgvape.com\/sv\/wp-json\/wp\/v2\/comments?post=6058"}],"wp:featuredmedia":[{"embeddable":true,"href":"https:\/\/pgvape.com\/sv\/wp-json\/wp\/v2\/media\/6061"}],"wp:attachment":[{"href":"https:\/\/pgvape.com\/sv\/wp-json\/wp\/v2\/media?parent=6058"}],"wp:term":[{"taxonomy":"product_brand","embeddable":true,"href":"https:\/\/pgvape.com\/sv\/wp-json\/wp\/v2\/product_brand?post=6058"},{"taxonomy":"product_cat","embeddable":true,"href":"https:\/\/pgvape.com\/sv\/wp-json\/wp\/v2\/product_cat?post=6058"},{"taxonomy":"product_tag","embeddable":true,"href":"https:\/\/pgvape.com\/sv\/wp-json\/wp\/v2\/product_tag?post=6058"}],"curies":[{"name":"wp","href":"https:\/\/api.w.org\/{rel}","templated":true}]}}