{"id":5819,"date":"2025-11-13T12:00:02","date_gmt":"2025-11-13T12:00:02","guid":{"rendered":"https:\/\/pgvape.com\/?post_type=product&#038;p=5819"},"modified":"2026-03-15T13:27:28","modified_gmt":"2026-03-15T13:27:28","slug":"uor-120000-120k-puffar-4-i-1-smaker-engangs-vape-frakt-fran-eu-fri-frakt-vape-factory-direkt","status":"publish","type":"product","link":"https:\/\/pgvape.com\/sv\/produkt\/uor-120000-120k-puffar-4-i-1-smaker-engangs-vape-frakt-fran-eu-fri-frakt-vape-factory-direkt\/","title":{"rendered":"UOR 120000 | 120k puffar 4 i 1 smaker Disponibel Vape | Leverans fr\u00e5n EU | Gratis frakt | Vape Factory Direct"},"content":{"rendered":"<p><strong data-sourcepos=\"6:5-6:46\">UOR 120000 120K Puffs Disposable Vape<\/strong>\u00a0omdefinierar vaping med\u00a0<strong data-sourcepos=\"6:69-6:97\">120 000 ultral\u00e5nga puffar<\/strong>\u00a0och\u00a0<strong data-sourcepos=\"6:102-6:126\">4 justerbara smaker<\/strong>\u00a0i en enhet.\u00a0<strong data-sourcepos=\"6:154-6:180\">64 ml e-v\u00e4tska kapacitet<\/strong>\u00a0(16mL\u00d74 tankar) och\u00a0<strong data-sourcepos=\"6:200-6:231\">650mAh uppladdningsbart batteri<\/strong>, den levererar\u00a0<strong data-sourcepos=\"6:245-6:267\">rik, sl\u00e4t \u00e5nga<\/strong>\u00a0via dess\u00a0<strong data-sourcepos=\"6:276-6:289\">mesh spole<\/strong>\u00a0teknologi.\u00a0<strong data-sourcepos=\"6:306-6:321\">LED display<\/strong>\u00a0sp\u00e5rar batteritid och anv\u00e4ndning, medan\u00a0<strong data-sourcepos=\"6:359-6:383\">Typ-C snabbladdning<\/strong>\u00a0s\u00e4kerst\u00e4ller snabba power-ups.\u00a0<strong data-sourcepos=\"6:421-6:451\">10 premium smakkvartetter<\/strong>\u00a0med\u00a0<strong data-sourcepos=\"6:457-6:478\">2% eller 5% nikotin<\/strong>\u00a0alternativ f\u00f6r anpassad tillfredsst\u00e4llelse.UOR 120K <strong>EU-lager<\/strong>, garanterar UOR 120K <strong>snabb, skattefri leverans<\/strong> och 100% autenticitet \u2013 ger dig en vapingupplevelse p\u00e5 toppniv\u00e5 direkt till din d\u00f6rr.<\/p>\n<p>&nbsp;<\/p>\n<h2><span style=\"font-size: 90%;\">UOR 120000 | 120k puffar 4 i 1 smaker disponibel vape\u00a0<strong data-sourcepos=\"10:5-10:31\">Produktspecifikationer<\/strong><\/span><\/h2>\n<p><strong data-sourcepos=\"11:3-11:17\">Puff r\u00e4kna<\/strong>:\u00a0<strong data-sourcepos=\"11:19-11:36\">120 000 bloss<\/strong><\/p>\n<p><strong data-sourcepos=\"12:3-12:15\">E-v\u00e4tska<\/strong>:\u00a0<strong data-sourcepos=\"12:17-12:48\">16mL \u00d7 4 tankar (64mL totalt)<\/strong><\/p>\n<p><strong data-sourcepos=\"13:3-13:15\">Nikotin<\/strong>:\u00a0<strong data-sourcepos=\"13:17-13:28\">2%\u00a0<\/strong><\/p>\n<p><strong data-sourcepos=\"14:3-14:14\">Batteri<\/strong>:\u00a0<strong data-sourcepos=\"14:16-14:39\">650mAh uppladdningsbar<\/strong><\/p>\n<p><strong data-sourcepos=\"15:3-15:11\">Spole<\/strong>:\u00a0<strong data-sourcepos=\"15:13-15:26\">Mesh spole<\/strong><\/p>\n<p><strong data-sourcepos=\"16:3-16:15\">Laddar<\/strong>:\u00a0<strong data-sourcepos=\"16:17-16:41\">Typ-C snabbladdning<\/strong><\/p>\n<p><strong data-sourcepos=\"17:3-17:14\">Visa<\/strong>:\u00a0<strong data-sourcepos=\"17:16-17:30\">LED-sk\u00e4rm<\/strong>\u00a0(batteri\/puff count\/smakl\u00e4ge)<\/p>\n<p><strong data-sourcepos=\"18:3-18:19\">Smakl\u00e4gen<\/strong>:\u00a0<strong data-sourcepos=\"18:21-18:45\">4 justerbara smaker<\/strong><\/p>\n<p><strong data-sourcepos=\"19:3-19:16\">F\u00f6rpackning<\/strong>:\u00a0<strong data-sourcepos=\"19:18-19:32\">10 st\/kartong<\/strong><\/p>\n<p>&nbsp;<\/p>\n<h3><span style=\"font-size: 90%;\">UOR 120000 | 120k puffar 4 i 1 smaker disponibel vape\u00a0<strong data-sourcepos=\"23:5-23:24\">Smakkvartetter<\/strong><\/span><\/h3>\n<p>1. Vattenmelon Ice &amp; Blueberry Mint &amp; Fuji Apple Ice &amp; Lime Romance<\/p>\n<p>2. Vattenmelon Ice &amp; Blueberry Cherry &amp; Summer Time &amp; Sour Mango Ananas<\/p>\n<p>3. Blueberry Ice &amp; Peach Ice &amp; Rainbow Candy &amp; Lemon Sour Orange<\/p>\n<p>4. Bl\u00e5b\u00e4rshallon &amp; blandade b\u00e4r &amp; kaliforniska k\u00f6rsb\u00e4r &amp; passionsfruktsmango<\/p>\n<p>5. Bl\u00e5b\u00e4r Hallon &amp; Grape Ice &amp; Berry Ice &amp; Aloe Mango Melon<\/p>\n<p>6. Energidryck &amp; bl\u00e5b\u00e4r Vattenmelon &amp; sura \u00e4pple hallon &amp; gummibj\u00f6rn<\/p>\n<p>7. Strawberry Watermelon &amp; Black Ice &amp; Triple Melon &amp; Cranberry Grape<\/p>\n<p>8. Jordgubbsvattenmelon &amp; Kiwi Passionsfrukt Guava &amp; Mango Is &amp; Vattenmelon Sour Persika<\/p>\n<p>9. Blueberry Ice &amp; Peach Mango Watermelon &amp; Passion Kiss &amp;Melon Apple<\/p>\n<p>10. Strawberry Mango &amp; Watermelon Bubble Gum &amp; Red Mojito &amp; LOVE66<\/p>\n<p>&nbsp;<\/p>\n<h3><span style=\"font-size: 90%;\">UOR 120000 | 120k puffar 4 i 1 smaker Disponibel Vape Video:<\/span><\/h3>\n<p><iframe loading=\"lazy\" title=\"UOR 120000 | 120k Puffar 4 i 1 Smaker Disponibel Vape | 10Smaker | Med LED-sk\u00e4rm pgvape\" width=\"563\" height=\"1000\" src=\"https:\/\/www.youtube.com\/embed\/VymLw_XwTJ8?feature=oembed\" frameborder=\"0\" allow=\"accelerometer; autoplay; clipboard-write; encrypted-media; gyroscope; picture-in-picture; web-share\" referrerpolicy=\"strict-origin-when-cross-origin\" allowfullscreen><\/iframe><\/p>\n<p>&nbsp;<\/p>\n<h3 class=\"auto-hide-last-sibling-br paragraph-pP9ZLC paragraph-element br-paragraph-space\"><span style=\"font-size: 90%;\">Varf\u00f6r v\u00e4lja PGVape European Warehouse?<\/span><\/h3>\n<p>Snabb leverans: Leverans till de flesta EU-l\u00e4nder inom 3-7 arbetsdagar.<\/p>\n<p>Tullfri leverans: Lokalt EU-lager s\u00e4kerst\u00e4ller smidig och tullfri frakt.<\/p>\n<p>100% Autentisk garanti: \u00c4kta UOR 120000 e-cigaretter fr\u00e5n certifierade leverant\u00f6rer.<\/p>\n<p>F\u00e4rskt lager: F\u00f6rvaras under kontrollerade f\u00f6rh\u00e5llanden f\u00f6r att s\u00e4kerst\u00e4lla optimal kvalitet.<\/p>\n<p>P\u00e5litlig av europ\u00e9er: Tusentals kunder \u00e5tnjuter snabba och s\u00e4kra e-cigaretttj\u00e4nster fr\u00e5n PGVape.<\/p>\n<p>&nbsp;<\/p>\n<h2><span style=\"font-size: 90%;\">Vanliga fr\u00e5gor om UOR 120000 | 120k Puffs 4 in 1 Flavors Disposable Vape<\/span><\/h2>\n<p data-sourcepos=\"39:1-40:94\">\u2753\u00a0<strong data-sourcepos=\"39:3-39:41\">Hur fungerar 4-smaksystemet?<\/strong><br \/>\n\u2705\u00a0Rotera igenom\u00a0<strong data-sourcepos=\"40:18-40:41\">fyra f\u00f6rinst\u00e4llda smaker<\/strong>\u00a0med ett enkelt knapptryck eller automatisk v\u00e4xling.<\/p>\n<p data-sourcepos=\"42:1-43:95\">\u2753\u00a0<strong data-sourcepos=\"42:3-42:34\">Vad s\u00e4kerst\u00e4ller \u00e5ngkvaliteten?<\/strong><br \/>\n\u2705\u00a0Den\u00a0<strong data-sourcepos=\"43:7-43:20\">mesh spole<\/strong>\u00a0tillhandah\u00e5ller\u00a0<strong data-sourcepos=\"43:30-43:49\">30% mer smak<\/strong>\u00a0och\u00a0<strong data-sourcepos=\"43:54-43:72\">j\u00e4mnare dragningar<\/strong>\u00a0\u00e4n vanliga spolar.<\/p>\n<p data-sourcepos=\"45:1-46:90\">\u2753\u00a0<strong data-sourcepos=\"45:3-45:38\">Hur l\u00e4nge h\u00e5ller batteriet?<\/strong><br \/>\n\u2705\u00a0<strong data-sourcepos=\"46:3-46:21\">650mAh batteri<\/strong>\u00a0st\u00f6djer\u00a0<strong data-sourcepos=\"46:31-46:46\">dagars anv\u00e4ndning<\/strong>;\u00a0<strong data-sourcepos=\"46:48-46:58\">Typ-C<\/strong>\u00a0laddar in\u00a0<strong data-sourcepos=\"46:72-46:87\">~50 minuter<\/strong>.<\/p>\n<p data-sourcepos=\"48:1-49:87\">\u2753\u00a0<strong data-sourcepos=\"48:3-48:36\">\u00c4r det l\u00e4mpligt f\u00f6r \u00e5terf\u00f6rs\u00e4ljare?<\/strong><br \/>\n\u2705\u00a0<strong data-sourcepos=\"49:3-49:25\">10-delad f\u00f6rpackning<\/strong>\u00a0och\u00a0<strong data-sourcepos=\"49:30-49:49\">h\u00f6gt antal bloss<\/strong>\u00a0g\u00f6r den idealisk f\u00f6r detaljhandel\/grossisthandel.<\/p>\n<p data-sourcepos=\"51:1-52:92\">\u2753\u00a0<strong data-sourcepos=\"51:3-51:25\">Kan jag sp\u00e5ra anv\u00e4ndningen?<br \/>\n<\/strong>\u2705\u00a0Den\u00a0<strong data-sourcepos=\"52:7-52:22\">LED display<\/strong>\u00a0visar\u00a0<strong data-sourcepos=\"52:29-52:50\">realtidsbatteri<\/strong>,\u00a0<strong data-sourcepos=\"52:52-52:66\">blossr\u00e4kning<\/strong>, och\u00a0<strong data-sourcepos=\"52:72-52:89\">aktiv smak<\/strong>.<\/p>\n<p>&nbsp;<\/p>\n<h3 id=\"brxe-najhln\" class=\"brxe-heading\">Vanliga fr\u00e5gor (FAQ)<\/h3>\n<div id=\"brxe-rajiac\" class=\"brxe-text\">\n<p><strong>F: Vilka betalningsmetoder accepterar du?<\/strong><br \/>\nS: Vi accepterar PayPal, Stripe, bank\u00f6verf\u00f6ringar (st\u00f6ds med SEPA), vanliga kreditkort (Visa, MasterCard, American Express) och betalningar i kryptovaluta.<\/p>\n<p><strong>F: Hur l\u00e5ng tid tar best\u00e4llningsberedningen?<\/strong><br \/>\nS: Best\u00e4llningsf\u00f6rberedelse tar 1-3 arbetsdagar.<\/p>\n<p><strong>F: Vad \u00e4r leveranstiden?<\/strong><br \/>\nS: Leveranstiden \u00e4r 7-14 arbetsdagar, beroende p\u00e5 var du befinner dig. Varor som skickas fr\u00e5n europeiska lager tar vanligtvis 3-6 arbetsdagar f\u00f6r leverans.<\/p>\n<p><strong>F: Hur kan jag sp\u00e5ra min best\u00e4llning?<\/strong><br \/>\nS: Efter leverans kommer du att f\u00e5 ett bekr\u00e4ftelsemail med ett sp\u00e5rningsnummer f\u00f6r sp\u00e5rning i realtid.<\/p>\n<p><strong>F: Vilken \u00e4r din returpolicy?<\/strong><br \/>\nS: Vi erbjuder en 30-dagars returpolicy f\u00f6r \u00e5terbetalningar eller byten. .<\/p>\n<p><strong>F: Kommer det att finnas n\u00e5gra tullproblem?<br \/>\n<\/strong>Vi hanterar alla tullf\u00f6rfaranden f\u00f6r att s\u00e4kerst\u00e4lla en problemfri upplevelse f\u00f6r dig. .<\/p>\n<p><strong>F: Vilka frakts\u00e4tt anv\u00e4nds?<\/strong><br \/>\nVi samarbetar med UPS\/DHL\/FEDEX\/DPD, etc. Vi kommer att v\u00e4lja l\u00e4mpligt fraktalternativ beroende p\u00e5 leveransland f\u00f6r att s\u00e4kerst\u00e4lla att du f\u00e5r dina produkter s\u00e5 snabbt som m\u00f6jligt.<\/p>\n<p><a href=\"https:\/\/pgvape.com\/sv\/vanliga-fragor\/\">Klicka h\u00e4r f\u00f6r mer FAQ<\/a><\/p>\n<p>K\u00e4ra kunder, Om du har n\u00e5gra fr\u00e5gor om din best\u00e4llning eller ankomsten av varor, v\u00e4nligen kontakta v\u00e5r kundtj\u00e4nst. Tack!<\/p>\n<h3 data-sourcepos=\"73:1-73:21\"><strong data-sourcepos=\"73:7-73:21\">Kontakta oss<\/strong><\/h3>\n<div id=\"text-2419739398\" class=\"text\">\n<p><strong data-sourcepos=\"75:3-75:12\">E-post<\/strong>:\u00a0<a href=\"mailto:support@pgvape.com\"><strong>support@pgvape.com<\/strong><\/a><\/p>\n<p><strong data-sourcepos=\"76:3-76:15\">WhatsApp<\/strong>:\u00a0<a href=\"https:\/\/wa.me\/+8618128481258\"><strong>+86 18128481258<\/strong><\/a><br \/>\n<strong>(Svara inom 24 timmar p\u00e5 arbetsdagar)<\/strong><\/p>\n<\/div>\n<h3><strong>Tack f\u00f6r att du valde pgvape.com! .<\/strong><\/h3>\n<\/div>","protected":false},"excerpt":{"rendered":"<p>Med <strong data-sourcepos=\"57:6-57:20\">120K puffar<\/strong>, <strong data-sourcepos=\"57:22-57:46\">4-smaksflexibilitet<\/strong>, och <strong data-sourcepos=\"57:52-57:69\">Kapacitet 64 ml<\/strong>, den <strong data-sourcepos=\"57:75-57:89\">UOR 120 000<\/strong> dominerar marknaden f\u00f6r premium eng\u00e5ngsartiklar. <strong data-sourcepos=\"57:131-57:149\">10 smaksatser<\/strong> och <strong data-sourcepos=\"57:154-57:176\">smart LED-sp\u00e5rning<\/strong> erbjuda o\u00f6vertr\u00e4ffad variation.<\/p>","protected":false},"featured_media":5822,"comment_status":"open","ping_status":"closed","template":"","meta":{"_seopress_robots_primary_cat":"none","_seopress_titles_title":"","_seopress_titles_desc":"","_seopress_robots_index":""},"product_brand":[516,345],"product_cat":[69,515,464],"product_tag":[354,53,459,490,203,346,220],"class_list":{"0":"post-5819","1":"product","2":"type-product","3":"status-publish","4":"has-post-thumbnail","6":"product_brand-disposable-vape","7":"product_brand-uor-vape","8":"product_cat-120k-puffs-vape","9":"product_cat-disposable-vape","10":"product_cat-uor-vape-eu","11":"product_tag-120k-puffs-vape","12":"product_tag-4-in-1-flavors","13":"product_tag-free-shipping","14":"product_tag-minimum-2-pieces","15":"product_tag-shipment-from-eu","16":"product_tag-uor-120000","17":"product_tag-with-led-display","18":"product_shipping_class-overseas-warehouse","20":"first","21":"instock","22":"sale","23":"shipping-taxable","24":"purchasable","25":"product-type-variable"},"_links":{"self":[{"href":"https:\/\/pgvape.com\/sv\/wp-json\/wp\/v2\/product\/5819","targetHints":{"allow":["GET"]}}],"collection":[{"href":"https:\/\/pgvape.com\/sv\/wp-json\/wp\/v2\/product"}],"about":[{"href":"https:\/\/pgvape.com\/sv\/wp-json\/wp\/v2\/types\/product"}],"replies":[{"embeddable":true,"href":"https:\/\/pgvape.com\/sv\/wp-json\/wp\/v2\/comments?post=5819"}],"wp:featuredmedia":[{"embeddable":true,"href":"https:\/\/pgvape.com\/sv\/wp-json\/wp\/v2\/media\/5822"}],"wp:attachment":[{"href":"https:\/\/pgvape.com\/sv\/wp-json\/wp\/v2\/media?parent=5819"}],"wp:term":[{"taxonomy":"product_brand","embeddable":true,"href":"https:\/\/pgvape.com\/sv\/wp-json\/wp\/v2\/product_brand?post=5819"},{"taxonomy":"product_cat","embeddable":true,"href":"https:\/\/pgvape.com\/sv\/wp-json\/wp\/v2\/product_cat?post=5819"},{"taxonomy":"product_tag","embeddable":true,"href":"https:\/\/pgvape.com\/sv\/wp-json\/wp\/v2\/product_tag?post=5819"}],"curies":[{"name":"wp","href":"https:\/\/api.w.org\/{rel}","templated":true}]}}