{"id":5524,"date":"2025-11-04T10:18:31","date_gmt":"2025-11-04T10:18:31","guid":{"rendered":"https:\/\/pgvape.com\/?post_type=product&#038;p=5524"},"modified":"2026-03-15T13:09:58","modified_gmt":"2026-03-15T13:09:58","slug":"bang-king-12000-porsche-12k-puffar-disponibel-vape-typ-c-port-vape-factory-direct","status":"publish","type":"product","link":"https:\/\/pgvape.com\/sv\/produkt\/bang-king-12000-porsche-12k-puffar-disponibel-vape-typ-c-port-vape-factory-direct\/","title":{"rendered":"Bang King 12000 Porsche 12K Puffs Disposable Vape Type-C Port Vape Factory Direct"},"content":{"rendered":"<p><strong data-sourcepos=\"6:5-6:32\">Bang King 12000 Porsche<\/strong> levererar <strong data-sourcepos=\"6:42-6:69\">12 000 tillfredsst\u00e4llande bloss<\/strong> med <strong data-sourcepos=\"6:75-6:103\">18ml f\u00f6rfylld e-v\u00e4tska<\/strong> och a <strong data-sourcepos=\"6:110-6:141\">550mAh uppladdningsbart batteri<\/strong>. <strong data-sourcepos=\"6:153-6:182\">1,2\u03a9 mesh spoleteknologi<\/strong> och <strong data-sourcepos=\"6:187-6:211\">Typ-C snabbladdning<\/strong>, erbjuder denna snygga kulformade vape <strong data-sourcepos=\"6:252-6:267\">rik smak<\/strong> och <strong data-sourcepos=\"6:272-6:296\">b\u00e4rbar bekv\u00e4mlighet<\/strong> f\u00f6r vaping hela dagen.<\/p>\n<p>&nbsp;<\/p>\n<h2><span style=\"font-size: 90%;\">Bang King 12000 Porsche | 12K Puffs Disponibel Vape <strong data-sourcepos=\"10:5-10:31\">Specifikationer<\/strong><\/span><\/h2>\n<p><strong data-sourcepos=\"17:3-17:17\">Puff Count<\/strong>: 12 000 bloss<\/p>\n<p><strong data-sourcepos=\"18:3-18:15\">E-v\u00e4tska<\/strong>: 18ml f\u00f6rfylld<\/p>\n<p><strong data-sourcepos=\"19:3-19:14\">Batteri<\/strong>: 550mAh (Typ-C)<\/p>\n<p><strong data-sourcepos=\"20:3-20:11\">Spole<\/strong>: 1,2\u03a9 mesh<\/p>\n<p><strong data-sourcepos=\"21:3-21:15\">Nikotin<\/strong>: 0%\/2%\/3%\/5%<\/p>\n<p><strong data-sourcepos=\"22:3-22:15\">Laddar<\/strong>: Typ-C-port<\/p>\n<p><strong data-sourcepos=\"23:3-23:17\">Motst\u00e5nd<\/strong>: 1,2\u03a9<\/p>\n<p>&nbsp;<\/p>\n<h3><span style=\"font-size: 90%;\">Bang King 12000 Porsche | 12K Puffs Disponibel Vape <strong data-sourcepos=\"22:5-22:20\">Smaklista<\/strong><\/span><\/h3>\n<p><strong data-sourcepos=\"26:4-26:18\">1.Vattenmelon<\/strong>\u00a0\u2013 Saftig f\u00f6rfriskning<\/p>\n<p><strong data-sourcepos=\"27:4-27:29\">2. Jordgubbsvattenmelon<\/strong>\u00a0\u2013 Klassisk kombo<\/p>\n<p><strong data-sourcepos=\"28:4-28:21\">3.Bl\u00e5b\u00e4ris<\/strong>\u00a0\u2013 Cool b\u00e4rspr\u00e4ngning<\/p>\n<p><strong data-sourcepos=\"29:4-29:27\">4.Bl\u00e5b\u00e4rshallon<\/strong>\u00a0\u2013 Syrlig och s\u00f6t<\/p>\n<p><strong data-sourcepos=\"30:4-30:24\">5. Jordgubbsmango<\/strong>\u00a0\u2013 Tropisk duo<\/p>\n<p><strong data-sourcepos=\"31:4-31:24\">6.Black Dragon Ice<\/strong>\u00a0\u2013 Fet isig frukt<\/p>\n<p><strong data-sourcepos=\"32:4-32:19\">7. Cherry Cola<\/strong>\u00a0\u2013 Sodabutikens favorit<\/p>\n<p><strong data-sourcepos=\"33:4-33:23\">8.Bl\u00e5b\u00e4rsdruva<\/strong>\u00a0\u2013 B\u00e4rfusion<\/p>\n<p><strong data-sourcepos=\"34:4-34:20\">9.Triple Berry<\/strong>\u00a0\u2013 Blandat b\u00e4rmedley<\/p>\n<p><strong data-sourcepos=\"35:5-35:24\">10.Jordgubbskiwi<\/strong>\u00a0\u2013 Tangy twist<\/p>\n<p><strong data-sourcepos=\"36:5-36:18\">11.Peach Ice<\/strong>\u00a0\u2013 Kyld stenfrukt<\/p>\n<p><strong data-sourcepos=\"37:5-37:29\">12. Vattenmelon Bubblegum<\/strong>\u00a0\u2013 S\u00f6t nostalgi<br \/>\n<img loading=\"lazy\" decoding=\"async\" class=\"alignnone wp-image-5544 size-full\" src=\"https:\/\/pgvape.com\/wp-content\/uploads\/2025\/11\/pgvape-Bang-King-12000-Porsche-12K-Puffs-Disposable-Vape-16.png\" alt=\"Grafik med titeln &#039;12 smaker&#039; som visar ett 3x4 rutn\u00e4t av f\u00e4rgglada Bang King vape-kapslar med m\u00e4rkta smaker: vattenmelon, jordgubbsvattenmelon, bl\u00e5b\u00e4ris, bl\u00e5b\u00e4rshallon, jordgubbsmango, svart drakeglass, k\u00f6rsb\u00e4rscola, bl\u00e5b\u00e4rsdruva, trippelb\u00e4r, jordgubbskiwi och persikabubbla, jordgubbskiwi och persika.\" width=\"1500\" height=\"1534\" srcset=\"https:\/\/pgvape.com\/wp-content\/uploads\/2025\/11\/pgvape-Bang-King-12000-Porsche-12K-Puffs-Disposable-Vape-16.png 1500w, https:\/\/pgvape.com\/wp-content\/uploads\/2025\/11\/pgvape-Bang-King-12000-Porsche-12K-Puffs-Disposable-Vape-16-352x360.png 352w, https:\/\/pgvape.com\/wp-content\/uploads\/2025\/11\/pgvape-Bang-King-12000-Porsche-12K-Puffs-Disposable-Vape-16-595x608.png 595w, https:\/\/pgvape.com\/wp-content\/uploads\/2025\/11\/pgvape-Bang-King-12000-Porsche-12K-Puffs-Disposable-Vape-16-391x400.png 391w, https:\/\/pgvape.com\/wp-content\/uploads\/2025\/11\/pgvape-Bang-King-12000-Porsche-12K-Puffs-Disposable-Vape-16-768x785.png 768w, https:\/\/pgvape.com\/wp-content\/uploads\/2025\/11\/pgvape-Bang-King-12000-Porsche-12K-Puffs-Disposable-Vape-16-12x12.png 12w, https:\/\/pgvape.com\/wp-content\/uploads\/2025\/11\/pgvape-Bang-King-12000-Porsche-12K-Puffs-Disposable-Vape-16-600x614.png 600w, https:\/\/pgvape.com\/wp-content\/uploads\/2025\/11\/pgvape-Bang-King-12000-Porsche-12K-Puffs-Disposable-Vape-16-39x40.png 39w\" sizes=\"auto, (max-width: 1500px) 100vw, 1500px\" \/><\/p>\n<p>&nbsp;<\/p>\n<h3><span style=\"font-size: 90%;\">Bang King 12000 Porsche | 12K Puffs Disponibel Vape <strong>Video<\/strong>:<\/span><\/h3>\n<p>&nbsp;<\/p>\n<h2>Vanliga fr\u00e5gor om Bang King 12000 Porsche | 12K Puffs Disposable Vape<\/h2>\n<p data-sourcepos=\"40:1-41:79\">\u2753 <strong data-sourcepos=\"40:3-40:38\">Hur l\u00e4nge h\u00e5ller batteriet?<\/strong><br \/>\n\u2705 Den <strong data-sourcepos=\"41:7-41:25\">550mAh batteri<\/strong> st\u00f6der anv\u00e4ndning hela dagen med <strong data-sourcepos=\"41:52-41:76\">Typ-C snabbladdning<\/strong>.<\/p>\n<p data-sourcepos=\"43:1-44:83\">\u2753 <strong data-sourcepos=\"43:3-43:45\">Vilka nikotinstyrkor finns tillg\u00e4ngliga?<\/strong><br \/>\n\u2705 V\u00e4lj mellan <strong data-sourcepos=\"44:15-44:32\">0% (nic-fri)<\/strong>, <strong data-sourcepos=\"44:34-44:47\">2% (20mg)<\/strong>, <strong data-sourcepos=\"44:49-44:62\">3% (30mg)<\/strong>, eller <strong data-sourcepos=\"44:67-44:80\">5% (50 mg)<\/strong>.<\/p>\n<p data-sourcepos=\"46:1-47:77\">\u2753 <strong data-sourcepos=\"46:3-46:45\">Hur f\u00f6rb\u00e4ttrar n\u00e4tspolen smaken?<\/strong><br \/>\n\u2705 Den <strong data-sourcepos=\"47:7-47:25\">1,2\u03a9 mesh spole<\/strong> tillhandah\u00e5ller <strong data-sourcepos=\"47:35-47:54\">50% mer smak<\/strong> \u00e4n vanliga spolar.<\/p>\n<p data-sourcepos=\"49:1-50:59\">\u2753 <strong data-sourcepos=\"49:3-49:33\">\u00c4r designen bekv\u00e4m?<br \/>\n<\/strong> \u2705 Den <strong data-sourcepos=\"50:7-50:33\">ergonomisk kulform<\/strong> ligger perfekt i handen.<\/p>\n<p data-sourcepos=\"52:1-53:85\">\u2753 <strong data-sourcepos=\"52:3-52:38\">Vilka smaker \u00e4r mest popul\u00e4ra?<br \/>\n<\/strong>\u2705 <strong data-sourcepos=\"53:3-53:28\">Jordgubbsvattenmelon<\/strong>, <strong data-sourcepos=\"53:30-53:47\">Bl\u00e5b\u00e4ris<\/strong>, och <strong data-sourcepos=\"53:53-53:66\">Peach Ice<\/strong> \u00e4r stors\u00e4ljare.<\/p>\n<p>&nbsp;<\/p>\n<h3 id=\"brxe-najhln\" class=\"brxe-heading\">Vanliga fr\u00e5gor (FAQ)<\/h3>\n<div id=\"brxe-rajiac\" class=\"brxe-text\">\n<p><strong>F: Vilka betalningsmetoder accepterar du?<\/strong><br \/>\nS: Vi accepterar PayPal, Stripe, bank\u00f6verf\u00f6ringar (st\u00f6ds med SEPA), vanliga kreditkort (Visa, MasterCard, American Express) och betalningar i kryptovaluta.<\/p>\n<p><strong>F: Hur l\u00e5ng tid tar best\u00e4llningsberedningen?<\/strong><br \/>\nS: Best\u00e4llningsf\u00f6rberedelse tar 1-3 arbetsdagar.<\/p>\n<p><strong>F: Vad \u00e4r leveranstiden?<\/strong><br \/>\nS: Leveranstiden \u00e4r 7-14 arbetsdagar, beroende p\u00e5 var du befinner dig.<\/p>\n<p><strong>F: Hur kan jag sp\u00e5ra min best\u00e4llning?<\/strong><br \/>\nS: Efter leverans kommer du att f\u00e5 ett bekr\u00e4ftelsemail med ett sp\u00e5rningsnummer f\u00f6r sp\u00e5rning i realtid.<\/p>\n<p><strong>F: Vilken \u00e4r din returpolicy?<\/strong><br \/>\nS: Vi erbjuder en 30-dagars returpolicy f\u00f6r \u00e5terbetalningar eller byten. .<\/p>\n<p><strong>F: Kommer det att finnas n\u00e5gra tullproblem?<br \/>\n<\/strong>Vi hanterar alla tullf\u00f6rfaranden f\u00f6r att s\u00e4kerst\u00e4lla en problemfri upplevelse f\u00f6r dig. .<\/p>\n<p><strong>F: Vilka frakts\u00e4tt anv\u00e4nds?<\/strong><br \/>\nVi samarbetar med UPS\/DHL\/FEDEX\/DPD, etc. Vi kommer att v\u00e4lja l\u00e4mpligt fraktalternativ beroende p\u00e5 leveransland f\u00f6r att s\u00e4kerst\u00e4lla att du f\u00e5r dina produkter s\u00e5 snabbt som m\u00f6jligt.<\/p>\n<p><a href=\"https:\/\/pgvape.com\/sv\/vanliga-fragor\/\">Klicka h\u00e4r f\u00f6r mer FAQ<\/a><\/p>\n<p>K\u00e4ra kunder, Om du har n\u00e5gra fr\u00e5gor om din best\u00e4llning eller ankomsten av varor, v\u00e4nligen kontakta v\u00e5r kundtj\u00e4nst. Tack!<\/p>\n<h3 data-sourcepos=\"73:1-73:21\"><strong data-sourcepos=\"73:7-73:21\">Kontakta oss<\/strong><\/h3>\n<div id=\"text-2419739398\" class=\"text\">\n<p><strong data-sourcepos=\"75:3-75:12\">E-post<\/strong>:\u00a0<a href=\"mailto:support@pgvape.com\"><strong>support@pgvape.com<\/strong><\/a><\/p>\n<p><strong data-sourcepos=\"76:3-76:15\">WhatsApp<\/strong>:\u00a0<a href=\"https:\/\/wa.me\/+8618128481258\"><strong>+86 18128481258<\/strong><\/a><br \/>\n<strong>(Svara inom 24 timmar p\u00e5 arbetsdagar)<\/strong><\/p>\n<\/div>\n<h3><strong>Tack f\u00f6r att du valde pgvape.com! .<\/strong><\/h3>\n<\/div>","protected":false},"excerpt":{"rendered":"<p><strong data-sourcepos=\"56:5-56:32\">Bang King 12000 Porsche<\/strong> kombinerar <strong data-sourcepos=\"56:42-56:58\">12 000 bloss<\/strong>, <strong data-sourcepos=\"56:60-56:77\">18ml kapacitet<\/strong>, och <strong data-sourcepos=\"56:83-56:97\">12 smaker<\/strong> i en <strong data-sourcepos=\"56:103-56:133\">elegant, b\u00e4rbar eng\u00e5ngs<\/strong> med <strong data-sourcepos=\"56:139-56:158\">Typ-C laddning<\/strong>.<\/p>","protected":false},"featured_media":5529,"comment_status":"open","ping_status":"closed","template":"","meta":{"_seopress_robots_primary_cat":"none","_seopress_titles_title":"%%post_title%% %%sep%% %%sitetitle%%","_seopress_titles_desc":"","_seopress_robots_index":""},"product_brand":[19,516],"product_cat":[147,18,515],"product_tag":[],"class_list":{"0":"post-5524","1":"product","2":"type-product","3":"status-publish","4":"has-post-thumbnail","6":"product_brand-bang-king-vape","7":"product_brand-disposable-vape","8":"product_cat-12k-puffs-vape","9":"product_cat-bang-king-vape","10":"product_cat-disposable-vape","12":"first","13":"instock","14":"sale","15":"shipping-taxable","16":"purchasable","17":"product-type-variable"},"_links":{"self":[{"href":"https:\/\/pgvape.com\/sv\/wp-json\/wp\/v2\/product\/5524","targetHints":{"allow":["GET"]}}],"collection":[{"href":"https:\/\/pgvape.com\/sv\/wp-json\/wp\/v2\/product"}],"about":[{"href":"https:\/\/pgvape.com\/sv\/wp-json\/wp\/v2\/types\/product"}],"replies":[{"embeddable":true,"href":"https:\/\/pgvape.com\/sv\/wp-json\/wp\/v2\/comments?post=5524"}],"wp:featuredmedia":[{"embeddable":true,"href":"https:\/\/pgvape.com\/sv\/wp-json\/wp\/v2\/media\/5529"}],"wp:attachment":[{"href":"https:\/\/pgvape.com\/sv\/wp-json\/wp\/v2\/media?parent=5524"}],"wp:term":[{"taxonomy":"product_brand","embeddable":true,"href":"https:\/\/pgvape.com\/sv\/wp-json\/wp\/v2\/product_brand?post=5524"},{"taxonomy":"product_cat","embeddable":true,"href":"https:\/\/pgvape.com\/sv\/wp-json\/wp\/v2\/product_cat?post=5524"},{"taxonomy":"product_tag","embeddable":true,"href":"https:\/\/pgvape.com\/sv\/wp-json\/wp\/v2\/product_tag?post=5524"}],"curies":[{"name":"wp","href":"https:\/\/api.w.org\/{rel}","templated":true}]}}