{"id":5459,"date":"2025-11-04T07:49:11","date_gmt":"2025-11-04T07:49:11","guid":{"rendered":"https:\/\/pgvape.com\/?post_type=product&#038;p=5459"},"modified":"2026-03-15T13:09:58","modified_gmt":"2026-03-15T13:09:58","slug":"bang-guld-42000-42k-puffar-engangs-vape-e-shisha-huvud-0-2-3-5-nikotin-12-smaker-tft-pekskarmsindikatorer-vape-factory-direct","status":"publish","type":"product","link":"https:\/\/pgvape.com\/sv\/produkt\/bang-guld-42000-42k-puffar-engangs-vape-e-shisha-huvud-0-2-3-5-nikotin-12-smaker-tft-pekskarmsindikatorer-vape-factory-direct\/","title":{"rendered":"Bang Gold 42000 | 42 000 Dragningar Eng\u00e5ngsvapen | E-Shisha Huvud | Nikotin 0% 2% 3% 5% | 12 Smakprofiler | TFT-Touchsk\u00e4rm + LED-Indikatorer | Tillverkare Direktleverans"},"content":{"rendered":"<p><strong data-sourcepos=\"6:5-6:30\">Bang Gold 42000<\/strong> omdefinierar premium vaping med <strong data-sourcepos=\"6:61-6:88\">42 000 ultral\u00e5nga puffar<\/strong> och <strong data-sourcepos=\"6:93-6:128\">innovativ fingeravtryckss\u00e4kerhet<\/strong>. <strong data-sourcepos=\"6:142-6:160\">dubbel mesh spole<\/strong>, <strong data-sourcepos=\"6:162-6:181\">TFT-peksk\u00e4rm<\/strong>, och <strong data-sourcepos=\"6:187-6:206\">1000mAh batteri<\/strong>, den h\u00e4r enheten levererar <strong data-sourcepos=\"6:229-6:260\">anpassningsbara energiinst\u00e4llningar<\/strong> och <strong data-sourcepos=\"6:265-6:293\">vaping-statistik i realtid<\/strong> f\u00f6r o\u00f6vertr\u00e4ffad kontroll.<\/p>\n<p>&nbsp;<\/p>\n<h2><span style=\"font-size: 90%;\">Bang Gold 42000 | 42K Puffs eng\u00e5ngsvape <strong data-sourcepos=\"10:5-10:31\">Specifikationer<\/strong><\/span><\/h2>\n<p><strong data-sourcepos=\"19:3-19:17\">Puff Count<\/strong>: 42 000 bloss<\/p>\n<p><strong data-sourcepos=\"20:3-20:14\">Batteri<\/strong>: 1000mAh (uppladdningsbar typ C)<\/p>\n<p><strong data-sourcepos=\"21:3-21:11\">Spole<\/strong>: Dual mesh-teknik<\/p>\n<p><strong data-sourcepos=\"22:3-22:14\">Visa<\/strong>: TFT-peksk\u00e4rm + LED-indikatorer<\/p>\n<p><strong data-sourcepos=\"23:3-23:15\">Nikotin<\/strong>: 0%\/2%\/3%\/5%<\/p>\n<p><strong data-sourcepos=\"24:3-24:15\">S\u00e4kerhet<\/strong>: Fingeravtrycksigenk\u00e4nning<\/p>\n<p><strong data-sourcepos=\"12:3-12:23\">Str\u00f6mjustering<\/strong>: 3-klicks anpassningsbar utdata<\/p>\n<p>&nbsp;<\/p>\n<h3><span style=\"font-size: 90%;\">Bang Gold 42000 | 42K Puffs eng\u00e5ngsvape <strong data-sourcepos=\"22:5-22:20\">Smaklista<\/strong><\/span><\/h3>\n<p><strong data-sourcepos=\"27:4-27:12\">1. Mynta<\/strong><\/p>\n<p><strong data-sourcepos=\"28:4-28:22\">2.Bl\u00e5b\u00e4rsmynta<\/strong><\/p>\n<p><strong data-sourcepos=\"29:4-29:21\">3. Dubbla \u00e4pplen<\/strong><\/p>\n<p><strong data-sourcepos=\"30:4-30:17\">4.Peach Ice<\/strong><\/p>\n<p><strong data-sourcepos=\"31:4-31:27\">5.Bl\u00e5b\u00e4rshallon<\/strong><\/p>\n<p><strong data-sourcepos=\"32:4-32:21\">6.Bl\u00e5b\u00e4ris<\/strong><\/p>\n<p><strong data-sourcepos=\"33:4-33:23\">7.Bl\u00e5b\u00e4rspersika<\/strong><\/p>\n<p><strong data-sourcepos=\"34:4-34:18\">8.Vattenmelon<\/strong><\/p>\n<p><strong data-sourcepos=\"35:4-35:29\">9. Jordgubbsvattenmelon<\/strong><\/p>\n<p><strong data-sourcepos=\"36:5-36:26\">10. Jordgubbslychee<\/strong><\/p>\n<p><strong data-sourcepos=\"37:5-37:19\">11. Druvmynta<\/strong><\/p>\n<p><strong data-sourcepos=\"38:5-38:20\">12. Blandad frukt<br \/>\n<img loading=\"lazy\" decoding=\"async\" class=\"alignnone wp-image-5463 size-full\" src=\"https:\/\/pgvape.com\/wp-content\/uploads\/2025\/11\/pgvape-Bang-Gold-42000-Puffs-Disposable-Vape-3.jpg\" alt=\"Tolv cylinderformade e-shisha-enheter i guld med svarta munstycken arrangerade i tv\u00e5 rader och m\u00e4rkta med smaker (mynta, bl\u00e5b\u00e4rsmynta, dubbla \u00e4pplen, persikais, bl\u00e5b\u00e4rshallon, bl\u00e5b\u00e4ris, bl\u00e5b\u00e4rspersika, vattenmelon, jordgubbsvattenmelon, jordgubbslitchi, druvmynta, blandad fruktsmak som l\u00e4ser \u201cE-Smak\u201d under \u201c1 Smak\u201d .\" width=\"1200\" height=\"1469\" srcset=\"https:\/\/pgvape.com\/wp-content\/uploads\/2025\/11\/pgvape-Bang-Gold-42000-Puffs-Disposable-Vape-3.jpg 1200w, https:\/\/pgvape.com\/wp-content\/uploads\/2025\/11\/pgvape-Bang-Gold-42000-Puffs-Disposable-Vape-3-294x360.jpg 294w, https:\/\/pgvape.com\/wp-content\/uploads\/2025\/11\/pgvape-Bang-Gold-42000-Puffs-Disposable-Vape-3-595x728.jpg 595w, https:\/\/pgvape.com\/wp-content\/uploads\/2025\/11\/pgvape-Bang-Gold-42000-Puffs-Disposable-Vape-3-327x400.jpg 327w, https:\/\/pgvape.com\/wp-content\/uploads\/2025\/11\/pgvape-Bang-Gold-42000-Puffs-Disposable-Vape-3-768x940.jpg 768w, https:\/\/pgvape.com\/wp-content\/uploads\/2025\/11\/pgvape-Bang-Gold-42000-Puffs-Disposable-Vape-3-10x12.jpg 10w, https:\/\/pgvape.com\/wp-content\/uploads\/2025\/11\/pgvape-Bang-Gold-42000-Puffs-Disposable-Vape-3-600x735.jpg 600w, https:\/\/pgvape.com\/wp-content\/uploads\/2025\/11\/pgvape-Bang-Gold-42000-Puffs-Disposable-Vape-3-33x40.jpg 33w\" sizes=\"auto, (max-width: 1200px) 100vw, 1200px\" \/><br \/>\n<\/strong><\/p>\n<p>&nbsp;<\/p>\n<h3><span style=\"font-size: 90%;\">Bang Gold 42000 | 42K Puffs eng\u00e5ngsvape <strong>Video<\/strong>:<\/span><\/h3>\n<p>&nbsp;<\/p>\n<h2>Vanliga fr\u00e5gor om Bang Gold 42000 | 42K Puffs Disposable Vape<\/h2>\n<p data-sourcepos=\"41:1-42:58\">\u2753 <strong data-sourcepos=\"41:3-41:44\">Hur fungerar fingeravtryckssensorn?<\/strong><br \/>\n\u2705 Ger <strong data-sourcepos=\"42:12-42:37\">personlig s\u00e4kerhet<\/strong> och snabb aktivering<\/p>\n<p data-sourcepos=\"44:1-45:51\">\u2753 <strong data-sourcepos=\"44:3-44:45\">Vad \u00e4r det som g\u00f6r den dubbla mesh-spolen speciell?<\/strong><br \/>\n\u2705 Levererar <strong data-sourcepos=\"45:12-45:31\">50% mer smak<\/strong> \u00e4n vanliga spolar<\/p>\n<p data-sourcepos=\"47:1-48:63\">\u2753 <strong data-sourcepos=\"47:3-47:41\">Kan jag justera \u00e5ngproduktionen?<br \/>\n<\/strong> \u2705 Ja! <strong data-sourcepos=\"48:8-48:36\">3-klicks effektjustering<\/strong> anpassar din upplevelse<\/p>\n<p data-sourcepos=\"50:1-51:78\">\u2753 <strong data-sourcepos=\"50:3-50:38\">Hur l\u00e4nge h\u00e5ller batteriet?<br \/>\n<\/strong> \u2705 Den <strong data-sourcepos=\"51:7-51:26\">1000mAh batteri<\/strong> st\u00f6der ut\u00f6kad anv\u00e4ndning med <strong data-sourcepos=\"51:54-51:78\">Typ-C snabbladdning<\/strong><\/p>\n<p data-sourcepos=\"53:1-54:82\">\u2753 <strong data-sourcepos=\"53:3-53:38\">Vilka smaker \u00e4r mest popul\u00e4ra?<br \/>\n<\/strong> \u2705 <strong data-sourcepos=\"54:3-54:28\">Jordgubbsvattenmelon<\/strong>, <strong data-sourcepos=\"54:30-54:47\">Bl\u00e5b\u00e4ris<\/strong>, och <strong data-sourcepos=\"54:53-54:66\">Peach Ice<\/strong> \u00e4r stors\u00e4ljare<\/p>\n<p>&nbsp;<\/p>\n<h3 id=\"brxe-najhln\" class=\"brxe-heading\">Vanliga fr\u00e5gor (FAQ)<\/h3>\n<div id=\"brxe-rajiac\" class=\"brxe-text\">\n<p><strong>F: Vilka betalningsmetoder accepterar du?<\/strong><br \/>\nS: Vi accepterar PayPal, Stripe, bank\u00f6verf\u00f6ringar (st\u00f6ds med SEPA), vanliga kreditkort (Visa, MasterCard, American Express) och betalningar i kryptovaluta.<\/p>\n<p><strong>F: Hur l\u00e5ng tid tar best\u00e4llningsberedningen?<\/strong><br \/>\nS: Best\u00e4llningsf\u00f6rberedelse tar 1-3 arbetsdagar.<\/p>\n<p><strong>F: Vad \u00e4r leveranstiden?<\/strong><br \/>\nS: Leveranstiden \u00e4r 7-14 arbetsdagar, beroende p\u00e5 var du befinner dig.<\/p>\n<p><strong>F: Hur kan jag sp\u00e5ra min best\u00e4llning?<\/strong><br \/>\nS: Efter leverans kommer du att f\u00e5 ett bekr\u00e4ftelsemail med ett sp\u00e5rningsnummer f\u00f6r sp\u00e5rning i realtid.<\/p>\n<p><strong>F: Vilken \u00e4r din returpolicy?<\/strong><br \/>\nS: Vi erbjuder en 30-dagars returpolicy f\u00f6r \u00e5terbetalningar eller byten. .<\/p>\n<p><strong>F: Kommer det att finnas n\u00e5gra tullproblem?<br \/>\n<\/strong>Vi hanterar alla tullf\u00f6rfaranden f\u00f6r att s\u00e4kerst\u00e4lla en problemfri upplevelse f\u00f6r dig. .<\/p>\n<p><strong>F: Vilka frakts\u00e4tt anv\u00e4nds?<\/strong><br \/>\nVi samarbetar med UPS\/DHL\/FEDEX\/DPD, etc. Vi kommer att v\u00e4lja l\u00e4mpligt fraktalternativ beroende p\u00e5 leveransland f\u00f6r att s\u00e4kerst\u00e4lla att du f\u00e5r dina produkter s\u00e5 snabbt som m\u00f6jligt.<\/p>\n<p><a href=\"https:\/\/pgvape.com\/sv\/vanliga-fragor\/\">Klicka h\u00e4r f\u00f6r mer FAQ<\/a><\/p>\n<p>K\u00e4ra kunder, Om du har n\u00e5gra fr\u00e5gor om din best\u00e4llning eller ankomsten av varor, v\u00e4nligen kontakta v\u00e5r kundtj\u00e4nst. Tack!<\/p>\n<h3 data-sourcepos=\"73:1-73:21\"><strong data-sourcepos=\"73:7-73:21\">Kontakta oss<\/strong><\/h3>\n<div id=\"text-2419739398\" class=\"text\">\n<p><strong data-sourcepos=\"75:3-75:12\">E-post<\/strong>:\u00a0<a href=\"mailto:support@pgvape.com\"><strong>support@pgvape.com<\/strong><\/a><\/p>\n<p><strong data-sourcepos=\"76:3-76:15\">WhatsApp<\/strong>:\u00a0<a href=\"https:\/\/wa.me\/+8618128481258\"><strong>+86 18128481258<\/strong><\/a><br \/>\n<strong>(Svara inom 24 timmar p\u00e5 arbetsdagar)<\/strong><\/p>\n<\/div>\n<h3><strong>Tack f\u00f6r att du valde pgvape.com! .<\/strong><\/h3>\n<\/div>","protected":false},"excerpt":{"rendered":"<p><strong data-sourcepos=\"57:5-57:30\">Bang Gold 42000<\/strong> kombinerar <strong data-sourcepos=\"57:40-57:71\">o\u00f6vertr\u00e4ffad 42K puffkapacitet<\/strong>, <strong data-sourcepos=\"57:73-57:97\">fingeravtryckss\u00e4kerhet<\/strong>, och <strong data-sourcepos=\"57:103-57:133\">smarta peksk\u00e4rmskontroller<\/strong> i en <strong data-sourcepos=\"57:139-57:166\">premium eng\u00e5ngsvape<\/strong> med <strong data-sourcepos=\"57:172-57:193\">12 smakalternativ<\/strong>.<\/p>","protected":false},"featured_media":5476,"comment_status":"open","ping_status":"closed","template":"","meta":{"_seopress_robots_primary_cat":"none","_seopress_titles_title":"%%post_title%% %%sep%% %%sitetitle%%","_seopress_titles_desc":"","_seopress_robots_index":""},"product_brand":[36,516],"product_cat":[433,25,515],"product_tag":[435,434,90,436,438,437,204],"class_list":{"0":"post-5459","1":"product","2":"type-product","3":"status-publish","4":"has-post-thumbnail","6":"product_brand-bang-vape","7":"product_brand-disposable-vape","8":"product_cat-42k-puffs-vape","9":"product_cat-bang-vape","10":"product_cat-disposable-vape","11":"product_tag-42k-puffs-vape","12":"product_tag-bang-gold-42000","13":"product_tag-disposable-vape","14":"product_tag-e-shisha-head","15":"product_tag-led-indicators","16":"product_tag-tft-touchscreen","17":"product_tag-vape-factory-direct","19":"first","20":"instock","21":"sale","22":"shipping-taxable","23":"purchasable","24":"product-type-variable"},"_links":{"self":[{"href":"https:\/\/pgvape.com\/sv\/wp-json\/wp\/v2\/product\/5459","targetHints":{"allow":["GET"]}}],"collection":[{"href":"https:\/\/pgvape.com\/sv\/wp-json\/wp\/v2\/product"}],"about":[{"href":"https:\/\/pgvape.com\/sv\/wp-json\/wp\/v2\/types\/product"}],"replies":[{"embeddable":true,"href":"https:\/\/pgvape.com\/sv\/wp-json\/wp\/v2\/comments?post=5459"}],"wp:featuredmedia":[{"embeddable":true,"href":"https:\/\/pgvape.com\/sv\/wp-json\/wp\/v2\/media\/5476"}],"wp:attachment":[{"href":"https:\/\/pgvape.com\/sv\/wp-json\/wp\/v2\/media?parent=5459"}],"wp:term":[{"taxonomy":"product_brand","embeddable":true,"href":"https:\/\/pgvape.com\/sv\/wp-json\/wp\/v2\/product_brand?post=5459"},{"taxonomy":"product_cat","embeddable":true,"href":"https:\/\/pgvape.com\/sv\/wp-json\/wp\/v2\/product_cat?post=5459"},{"taxonomy":"product_tag","embeddable":true,"href":"https:\/\/pgvape.com\/sv\/wp-json\/wp\/v2\/product_tag?post=5459"}],"curies":[{"name":"wp","href":"https:\/\/api.w.org\/{rel}","templated":true}]}}