{"id":5424,"date":"2025-11-03T11:44:20","date_gmt":"2025-11-03T11:44:20","guid":{"rendered":"https:\/\/pgvape.com\/?post_type=product&#038;p=5424"},"modified":"2026-03-27T11:36:33","modified_gmt":"2026-03-27T11:36:33","slug":"bang-36000-puffs-disponibel-vape-led-farg-ljus-vape-fabrik-direkt","status":"publish","type":"product","link":"https:\/\/pgvape.com\/sv\/produkt\/bang-36000-puffs-disponibel-vape-led-farg-ljus-vape-fabrik-direkt\/","title":{"rendered":"Bang 36000 Puffs Disponibel Vape LED-f\u00e4rgljus | Vape Factory Direct"},"content":{"rendered":"<p><strong data-sourcepos=\"6:5-6:19\">Bang 36000<\/strong> levererar <strong data-sourcepos=\"6:29-6:56\">36 000 ultral\u00e5nga puffar<\/strong> med en <strong data-sourcepos=\"6:65-6:96\">innovativt dubbeltanksystem<\/strong> innehav <strong data-sourcepos=\"6:105-6:136\">40 ml f\u00f6rfylld e-v\u00e4tska<\/strong>. <strong data-sourcepos=\"6:150-6:171\">0,6\u03a9 sub-ohm spole<\/strong> f\u00f6r <strong data-sourcepos=\"6:176-6:190\">DTL vaping<\/strong>, <strong data-sourcepos=\"6:192-6:223\">650mAh uppladdningsbart batteri<\/strong>, och <strong data-sourcepos=\"6:229-6:251\">12 premium smaker<\/strong>, erbjuder den h\u00e4r enheten <strong data-sourcepos=\"6:272-6:295\">maximal prestanda<\/strong> med <strong data-sourcepos=\"6:301-6:325\">stilren LED-belysning<\/strong>.<\/p>\n<p>&nbsp;<\/p>\n<h2><span style=\"font-size: 90%;\">Bang 36000 | 36K Puffs Disposable Vape <strong data-sourcepos=\"10:5-10:31\">Specifikationer<\/strong><\/span><\/h2>\n<p><strong data-sourcepos=\"18:3-18:17\">Puff Count<\/strong>: 36 000 bloss<\/p>\n<p><strong data-sourcepos=\"19:3-19:15\">E-v\u00e4tska<\/strong>: 40 ml (dubbelkammare)<\/p>\n<p><strong data-sourcepos=\"20:3-20:14\">Batteri<\/strong>: 650mAh (uppladdningsbar typ C)<\/p>\n<p><strong data-sourcepos=\"21:3-21:11\">Spole<\/strong>: 0,6\u03a9 sub-ohm mesh<\/p>\n<p><strong data-sourcepos=\"22:3-22:15\">Nikotin<\/strong>: 0%\/2%\/3%\/5%<\/p>\n<p><strong data-sourcepos=\"23:3-23:16\">F\u00f6rpackning<\/strong>: 8 enheter\/displaybox<\/p>\n<p>&nbsp;<\/p>\n<h3><span style=\"font-size: 90%;\">Bang 36000 | 36K Puffs Disposable Vape <strong data-sourcepos=\"22:5-22:20\">Smaklista<\/strong><\/span><\/h3>\n<p>1. Jordgubbskiwi<\/p>\n<p>2.Peach Mango Vattenmelon<\/p>\n<p>3. Blandade frukter<\/p>\n<p>4. Mint Is<\/p>\n<p>5.Peach Mango<\/p>\n<p>6. Grape Ice<\/p>\n<p>7. Dubbla \u00e4pplen<\/p>\n<p>8.Bl\u00e5b\u00e4rshallon<\/p>\n<p>9.Bl\u00e5b\u00e4ris<\/p>\n<p>10. Jordgubbsvattenmelon<\/p>\n<p>11. Vattenmelon Is<\/p>\n<p>12. Jordgubbsmango<br \/>\n<img loading=\"lazy\" decoding=\"async\" class=\"alignnone wp-image-5443 size-full\" src=\"https:\/\/pgvape.com\/wp-content\/uploads\/2025\/11\/pgvape-Bang-36000-36K-Puffs-Disposable-Vape-17.jpg\" alt=\"\" width=\"1003\" height=\"1500\" srcset=\"https:\/\/pgvape.com\/wp-content\/uploads\/2025\/11\/pgvape-Bang-36000-36K-Puffs-Disposable-Vape-17.jpg 1003w, https:\/\/pgvape.com\/wp-content\/uploads\/2025\/11\/pgvape-Bang-36000-36K-Puffs-Disposable-Vape-17-241x360.jpg 241w, https:\/\/pgvape.com\/wp-content\/uploads\/2025\/11\/pgvape-Bang-36000-36K-Puffs-Disposable-Vape-17-595x890.jpg 595w, https:\/\/pgvape.com\/wp-content\/uploads\/2025\/11\/pgvape-Bang-36000-36K-Puffs-Disposable-Vape-17-267x400.jpg 267w, https:\/\/pgvape.com\/wp-content\/uploads\/2025\/11\/pgvape-Bang-36000-36K-Puffs-Disposable-Vape-17-768x1149.jpg 768w, https:\/\/pgvape.com\/wp-content\/uploads\/2025\/11\/pgvape-Bang-36000-36K-Puffs-Disposable-Vape-17-8x12.jpg 8w, https:\/\/pgvape.com\/wp-content\/uploads\/2025\/11\/pgvape-Bang-36000-36K-Puffs-Disposable-Vape-17-600x897.jpg 600w, https:\/\/pgvape.com\/wp-content\/uploads\/2025\/11\/pgvape-Bang-36000-36K-Puffs-Disposable-Vape-17-27x40.jpg 27w\" sizes=\"auto, (max-width: 1003px) 100vw, 1003px\" \/><\/p>\n<p>&nbsp;<\/p>\n<h3><span style=\"font-size: 90%;\">Bang 36000 | 36K Puffs Disposable Vape <strong>Video<\/strong>:<\/span><\/h3>\n<p>&nbsp;<\/p>\n<h2>Vanliga fr\u00e5gor om Bang 36000 | 36K Puffs Disposable Vape<\/h2>\n<p data-sourcepos=\"40:1-41:77\">\u2753 <strong data-sourcepos=\"40:3-40:47\">Vad g\u00f6r dubbeltanksystemet speciellt?<\/strong><br \/>\n\u2705 Tv\u00e5 separata kamrar underh\u00e5lls <strong data-sourcepos=\"41:34-41:51\">smakrenhet<\/strong> och <strong data-sourcepos=\"41:56-41:74\">f\u00f6rhindra blandning<\/strong>.<\/p>\n<p data-sourcepos=\"43:1-44:82\">\u2753 <strong data-sourcepos=\"43:3-43:38\">Hur skiljer sig sub-ohm vaping?<\/strong><br \/>\n\u2705 Den <strong data-sourcepos=\"44:7-44:20\">0,6\u03a9 spole<\/strong> producerar <strong data-sourcepos=\"44:30-44:55\">st\u00f6rre, varmare moln<\/strong> f\u00f6r direkta lunginhalationer.<\/p>\n<p data-sourcepos=\"46:1-47:78\">\u2753 <strong data-sourcepos=\"46:3-46:47\">R\u00e4cker batteriet f\u00f6r 36K-puffar?<\/strong><br \/>\n\u2705 Den <strong data-sourcepos=\"47:7-47:25\">650mAh batteri<\/strong> \u00e4r uppladdningsbar via <strong data-sourcepos=\"47:46-47:56\">Typ-C<\/strong> f\u00f6r kontinuerlig anv\u00e4ndning.<\/p>\n<p data-sourcepos=\"49:1-50:87\">\u2753 <strong data-sourcepos=\"49:3-49:38\">Vilka smaker \u00e4r mest popul\u00e4ra?<br \/>\n<\/strong> \u2705 <strong data-sourcepos=\"50:3-50:28\">Jordgubbsvattenmelon<\/strong>, <strong data-sourcepos=\"50:30-50:47\">Bl\u00e5b\u00e4ris<\/strong>, och <strong data-sourcepos=\"50:53-50:68\">Persika Mango<\/strong> \u00e4r toppval.<\/p>\n<p data-sourcepos=\"52:1-53:71\">\u2753 <strong data-sourcepos=\"52:3-52:42\">Vad \u00e4r unikt med LED-lamporna?<br \/>\n<\/strong> \u2705 F\u00e4rgskiftande lysdioder indikerar <strong data-sourcepos=\"53:32-53:50\">batteristatus<\/strong> och <strong data-sourcepos=\"53:55-53:68\">l\u00e4gga till stil<\/strong>.<\/p>\n<p>&nbsp;<\/p>\n<h3 id=\"brxe-najhln\" class=\"brxe-heading\">Vanliga fr\u00e5gor (FAQ)<\/h3>\n<div id=\"brxe-rajiac\" class=\"brxe-text\">\n<p><strong>F: Vilka betalningsmetoder accepterar du?<\/strong><br \/>\nS: Vi accepterar PayPal, Stripe, bank\u00f6verf\u00f6ringar (st\u00f6ds med SEPA), vanliga kreditkort (Visa, MasterCard, American Express) och betalningar i kryptovaluta.<\/p>\n<p><strong>F: Hur l\u00e5ng tid tar best\u00e4llningsberedningen?<\/strong><br \/>\nS: Best\u00e4llningsf\u00f6rberedelse tar 1-3 arbetsdagar.<\/p>\n<p><strong>F: Vad \u00e4r leveranstiden?<\/strong><br \/>\nS: Leveranstiden \u00e4r 7-14 arbetsdagar, beroende p\u00e5 var du befinner dig.<\/p>\n<p><strong>F: Hur kan jag sp\u00e5ra min best\u00e4llning?<\/strong><br \/>\nS: Efter leverans kommer du att f\u00e5 ett bekr\u00e4ftelsemail med ett sp\u00e5rningsnummer f\u00f6r sp\u00e5rning i realtid.<\/p>\n<p><strong>F: Vilken \u00e4r din returpolicy?<\/strong><br \/>\nS: Vi erbjuder en 30-dagars returpolicy f\u00f6r \u00e5terbetalningar eller byten. .<\/p>\n<p><strong>F: Kommer det att finnas n\u00e5gra tullproblem?<br \/>\n<\/strong>Vi hanterar alla tullf\u00f6rfaranden f\u00f6r att s\u00e4kerst\u00e4lla en problemfri upplevelse f\u00f6r dig. .<\/p>\n<p><strong>F: Vilka frakts\u00e4tt anv\u00e4nds?<\/strong><br \/>\nVi samarbetar med UPS\/DHL\/FEDEX\/DPD, etc. Vi kommer att v\u00e4lja l\u00e4mpligt fraktalternativ beroende p\u00e5 leveransland f\u00f6r att s\u00e4kerst\u00e4lla att du f\u00e5r dina produkter s\u00e5 snabbt som m\u00f6jligt.<\/p>\n<p><a href=\"https:\/\/pgvape.com\/sv\/vanliga-fragor\/\">Klicka h\u00e4r f\u00f6r mer FAQ<\/a><\/p>\n<p>K\u00e4ra kunder, Om du har n\u00e5gra fr\u00e5gor om din best\u00e4llning eller ankomsten av varor, v\u00e4nligen kontakta v\u00e5r kundtj\u00e4nst. Tack!<\/p>\n<h3 data-sourcepos=\"73:1-73:21\"><strong data-sourcepos=\"73:7-73:21\">Kontakta oss<\/strong><\/h3>\n<div id=\"text-2419739398\" class=\"text\">\n<p><strong data-sourcepos=\"75:3-75:12\">E-post<\/strong>:\u00a0<a href=\"mailto:support@pgvape.com\"><strong>support@pgvape.com<\/strong><\/a><\/p>\n<p><strong data-sourcepos=\"76:3-76:15\">WhatsApp<\/strong>:\u00a0<a href=\"https:\/\/wa.me\/+8618128481258\"><strong>+86 18128481258<\/strong><\/a><br \/>\n<strong>(Svara inom 24 timmar p\u00e5 arbetsdagar)<\/strong><\/p>\n<\/div>\n<h3><strong>Tack f\u00f6r att du valde pgvape.com! .<\/strong><\/h3>\n<\/div>","protected":false},"excerpt":{"rendered":"<p><strong data-sourcepos=\"56:5-56:19\">Bang 36000<\/strong> kombinerar <strong data-sourcepos=\"56:29-56:60\">o\u00f6vertr\u00e4ffad puffkapacitet p\u00e5 36K<\/strong>, <strong data-sourcepos=\"56:62-56:86\">dubbeltanksteknik<\/strong>, och <strong data-sourcepos=\"56:92-56:120\">12 DTL-optimerade smaker<\/strong> i en <strong data-sourcepos=\"56:126-56:153\">uppladdningsbar eng\u00e5ngsvara<\/strong> med <strong data-sourcepos=\"56:159-56:180\">i\u00f6gonfallande lysdioder<\/strong>.<\/p>","protected":false},"featured_media":5428,"comment_status":"open","ping_status":"closed","template":"","meta":{"_seopress_robots_primary_cat":"none","_seopress_titles_title":"%%post_title%% %%sep%% %%sitetitle%%","_seopress_titles_desc":"","_seopress_robots_index":""},"product_brand":[36,516],"product_cat":[398,25,515],"product_tag":[400,429,90,432,490,204],"class_list":{"0":"post-5424","1":"product","2":"type-product","3":"status-publish","4":"has-post-thumbnail","6":"product_brand-bang-vape","7":"product_brand-disposable-vape","8":"product_cat-36k-puffs-vape","9":"product_cat-bang-vape","10":"product_cat-disposable-vape","11":"product_tag-36k-puffs-vape","12":"product_tag-bang-36000","13":"product_tag-disposable-vape","14":"product_tag-led-color-light","15":"product_tag-minimum-2-pieces","16":"product_tag-vape-factory-direct","18":"first","19":"outofstock","20":"sale","21":"shipping-taxable","22":"purchasable","23":"product-type-variable"},"_links":{"self":[{"href":"https:\/\/pgvape.com\/sv\/wp-json\/wp\/v2\/product\/5424","targetHints":{"allow":["GET"]}}],"collection":[{"href":"https:\/\/pgvape.com\/sv\/wp-json\/wp\/v2\/product"}],"about":[{"href":"https:\/\/pgvape.com\/sv\/wp-json\/wp\/v2\/types\/product"}],"replies":[{"embeddable":true,"href":"https:\/\/pgvape.com\/sv\/wp-json\/wp\/v2\/comments?post=5424"}],"wp:featuredmedia":[{"embeddable":true,"href":"https:\/\/pgvape.com\/sv\/wp-json\/wp\/v2\/media\/5428"}],"wp:attachment":[{"href":"https:\/\/pgvape.com\/sv\/wp-json\/wp\/v2\/media?parent=5424"}],"wp:term":[{"taxonomy":"product_brand","embeddable":true,"href":"https:\/\/pgvape.com\/sv\/wp-json\/wp\/v2\/product_brand?post=5424"},{"taxonomy":"product_cat","embeddable":true,"href":"https:\/\/pgvape.com\/sv\/wp-json\/wp\/v2\/product_cat?post=5424"},{"taxonomy":"product_tag","embeddable":true,"href":"https:\/\/pgvape.com\/sv\/wp-json\/wp\/v2\/product_tag?post=5424"}],"curies":[{"name":"wp","href":"https:\/\/api.w.org\/{rel}","templated":true}]}}