{"id":5392,"date":"2025-11-03T10:30:41","date_gmt":"2025-11-03T10:30:41","guid":{"rendered":"https:\/\/pgvape.com\/?post_type=product&#038;p=5392"},"modified":"2026-03-15T13:09:58","modified_gmt":"2026-03-15T13:09:58","slug":"bang-32000-32k-puffar-engangs-vape-led-skarm-vape-fabrik-direkt","status":"publish","type":"product","link":"https:\/\/pgvape.com\/sv\/produkt\/bang-32000-32k-puffar-engangs-vape-led-skarm-vape-fabrik-direkt\/","title":{"rendered":"Bang 32000 32K Puffs Disponibel Vape LED-sk\u00e4rm Vape Factory Direct"},"content":{"rendered":"<p><strong data-sourcepos=\"4:5-4:19\">Bang 32000<\/strong> levererar <strong data-sourcepos=\"4:29-4:56\">32 000 ultral\u00e5nga puffar<\/strong> med <strong data-sourcepos=\"4:62-4:90\">32ml f\u00f6rfylld e-v\u00e4tska<\/strong> och <strong data-sourcepos=\"4:95-4:126\">650mAh uppladdningsbart batteri<\/strong>. <strong data-sourcepos=\"4:138-4:167\">1.0\u03a9 mesh spoleteknologi<\/strong> och <strong data-sourcepos=\"4:172-4:216\">justerbara nikotinniv\u00e5er (0%\/2%\/3%\/5%)<\/strong>, erbjuder den h\u00e4r enheten <strong data-sourcepos=\"4:237-4:264\">sl\u00e4t, smakrik \u00e5nga<\/strong> med <strong data-sourcepos=\"4:270-4:298\">LED-\u00f6vervakning i realtid<\/strong>.<\/p>\n<p>&nbsp;<\/p>\n<h2><span style=\"font-size: 90%;\">Bang 32000 | 32K Puffs Disposable Vape <strong data-sourcepos=\"10:5-10:31\">Specifikationer<\/strong><\/span><\/h2>\n<p><strong data-sourcepos=\"7:3-7:17\">Puff r\u00e4kna<\/strong>:\u00a0<strong data-sourcepos=\"7:19-7:35\">32 000 bloss<\/strong><\/p>\n<p><strong data-sourcepos=\"8:3-8:15\">E-v\u00e4tska<\/strong>:\u00a0<strong data-sourcepos=\"8:17-8:45\">32 ml f\u00f6rfylld kapacitet<\/strong><\/p>\n<p><strong data-sourcepos=\"9:3-9:14\">Batteri<\/strong>:\u00a0<strong data-sourcepos=\"9:16-9:48\">650mAh uppladdningsbar (Typ-C)<\/strong><\/p>\n<p><strong data-sourcepos=\"10:3-10:11\">Spole<\/strong>:\u00a0<strong data-sourcepos=\"10:13-10:37\">1.0\u03a9 mesh-teknik<\/strong><\/p>\n<p><strong data-sourcepos=\"11:3-11:15\">Nikotin<\/strong>:\u00a0<strong data-sourcepos=\"11:17-11:38\">0% \/ 2% \/ 3% \/ 5%<\/strong><\/p>\n<p><strong data-sourcepos=\"12:3-12:14\">Visa<\/strong>:\u00a0<strong data-sourcepos=\"12:16-12:62\">LED-sk\u00e4rm (batteri- och e-v\u00e4tskeindikatorer)<\/strong><\/p>\n<p>&nbsp;<\/p>\n<h3><span style=\"font-size: 90%;\">Bang 32000 | 32K Puffs Disposable Vape <strong data-sourcepos=\"22:5-22:20\">Smaklista<\/strong><\/span><\/h3>\n<p><strong data-sourcepos=\"15:4-15:27\">1.Bl\u00e5b\u00e4rshallon<\/strong><\/p>\n<p><strong data-sourcepos=\"16:4-16:25\">2. Vattenmelon k\u00f6rsb\u00e4r<\/strong><\/p>\n<p><strong data-sourcepos=\"17:4-17:21\">3.Bl\u00e5b\u00e4rsis<\/strong><\/p>\n<p><strong data-sourcepos=\"18:4-18:22\">4. Vattenmelon is<\/strong><\/p>\n<p><strong data-sourcepos=\"19:4-19:29\">5. Jordgubbsvattenmelon<\/strong><\/p>\n<p><strong data-sourcepos=\"20:4-20:23\">6. Jordgubbskiwi<\/strong><\/p>\n<p><strong data-sourcepos=\"21:4-21:16\">7.Red bull<\/strong><\/p>\n<p><strong data-sourcepos=\"22:4-22:28\">8. Vattenmelon tuggummi<\/strong><\/p>\n<p><strong data-sourcepos=\"23:4-23:17\">9. Druvis<\/strong><\/p>\n<p><strong data-sourcepos=\"24:5-24:20\">10. Persika mango<\/strong><\/p>\n<p><strong data-sourcepos=\"25:5-25:18\">11.Peach ice<\/strong><\/p>\n<p><strong data-sourcepos=\"26:5-26:20\">12.Blandad frukt<br \/>\n<img loading=\"lazy\" decoding=\"async\" class=\"alignnone wp-image-5410 size-full\" src=\"https:\/\/pgvape.com\/wp-content\/uploads\/2025\/11\/pgvape-Bang-32000-Puffs-Disposable-Vape-4.png\" alt=\"Kampanjbild med rubriken \u201c12 F\u00c4RGER anpassade smaker tillg\u00e4ngliga\u201d som visar tolv f\u00e4rgglada rektangul\u00e4ra vape-enheter arrangerade i ett rutn\u00e4t, var och en med en unik tecknad dekal och smaketikett (t.ex. vattenmelonk\u00f6rsb\u00e4r, bl\u00e5b\u00e4ris, druvis, mangopersika, jordgubbskiwi, blandad vattenmelon, persika, ljusbl\u00e5 bakgrund,).\" width=\"1060\" height=\"901\" srcset=\"https:\/\/pgvape.com\/wp-content\/uploads\/2025\/11\/pgvape-Bang-32000-Puffs-Disposable-Vape-4.png 1060w, https:\/\/pgvape.com\/wp-content\/uploads\/2025\/11\/pgvape-Bang-32000-Puffs-Disposable-Vape-4-424x360.png 424w, https:\/\/pgvape.com\/wp-content\/uploads\/2025\/11\/pgvape-Bang-32000-Puffs-Disposable-Vape-4-595x506.png 595w, https:\/\/pgvape.com\/wp-content\/uploads\/2025\/11\/pgvape-Bang-32000-Puffs-Disposable-Vape-4-400x340.png 400w, https:\/\/pgvape.com\/wp-content\/uploads\/2025\/11\/pgvape-Bang-32000-Puffs-Disposable-Vape-4-768x653.png 768w, https:\/\/pgvape.com\/wp-content\/uploads\/2025\/11\/pgvape-Bang-32000-Puffs-Disposable-Vape-4-14x12.png 14w, https:\/\/pgvape.com\/wp-content\/uploads\/2025\/11\/pgvape-Bang-32000-Puffs-Disposable-Vape-4-600x510.png 600w, https:\/\/pgvape.com\/wp-content\/uploads\/2025\/11\/pgvape-Bang-32000-Puffs-Disposable-Vape-4-47x40.png 47w\" sizes=\"auto, (max-width: 1060px) 100vw, 1060px\" \/><br \/>\n<\/strong><\/p>\n<p>&nbsp;<\/p>\n<h3><span style=\"font-size: 90%;\">Bang 32000 | 32K Puffs Disposable Vape <strong>Video<\/strong>:<\/span><\/h3>\n<p>&nbsp;<\/p>\n<h2>Vanliga fr\u00e5gor om Bang 32000 | 32K Puffs Disposable Vape<\/h2>\n<p data-sourcepos=\"29:1-30:82\">\u2753 <strong data-sourcepos=\"29:3-29:50\">Hur f\u00f6rb\u00e4ttrar 1,0\u03a9 mesh-spolen smaken?<\/strong><br \/>\n\u2705 Den <strong data-sourcepos=\"30:7-30:30\">precision mesh spole<\/strong> tillhandah\u00e5ller <strong data-sourcepos=\"30:40-30:59\">50% mer smak<\/strong> \u00e4n vanliga spolar.<\/p>\n<p data-sourcepos=\"32:1-33:83\">\u2753 <strong data-sourcepos=\"32:3-32:43\">Vilka nikotinalternativ finns tillg\u00e4ngliga?<\/strong><br \/>\n\u2705 V\u00e4lj mellan <strong data-sourcepos=\"33:15-33:32\">0% (nic-fri)<\/strong>, <strong data-sourcepos=\"33:34-33:47\">2% (20mg)<\/strong>, <strong data-sourcepos=\"33:49-33:62\">3% (30mg)<\/strong>, eller <strong data-sourcepos=\"33:67-33:80\">5% (50 mg)<\/strong>.<\/p>\n<p data-sourcepos=\"35:1-36:80\">\u2753 <strong data-sourcepos=\"35:3-35:38\">Hur l\u00e4nge h\u00e5ller batteriet?<\/strong><br \/>\n\u2705 Den <strong data-sourcepos=\"36:7-36:25\">650mAh batteri<\/strong> st\u00f6der ut\u00f6kad anv\u00e4ndning med <strong data-sourcepos=\"36:53-36:77\">Typ-C snabbladdning<\/strong>.<\/p>\n<p data-sourcepos=\"38:1-39:74\">\u2753 <strong data-sourcepos=\"38:3-38:30\">\u00c4r displayen till hj\u00e4lp?<\/strong><br \/>\n\u2705 Den <strong data-sourcepos=\"39:7-39:21\">LED-sk\u00e4rm<\/strong> visar <strong data-sourcepos=\"39:28-39:71\">realtidsbatteri % och e-v\u00e4tskeniv\u00e5er<\/strong>.<\/p>\n<p data-sourcepos=\"41:1-42:85\">\u2753 <strong data-sourcepos=\"41:3-41:38\">Vilka smaker \u00e4r mest popul\u00e4ra?<br \/>\n<\/strong> \u2705 <strong data-sourcepos=\"42:3-42:28\">Jordgubbsvattenmelon<\/strong>, <strong data-sourcepos=\"42:30-42:42\">Red bull<\/strong>, och <strong data-sourcepos=\"42:48-42:66\">Vattenmelon is<\/strong> \u00e4r stors\u00e4ljare.<\/p>\n<p>&nbsp;<\/p>\n<h3 id=\"brxe-najhln\" class=\"brxe-heading\">Vanliga fr\u00e5gor (FAQ)<\/h3>\n<div id=\"brxe-rajiac\" class=\"brxe-text\">\n<p><strong>F: Vilka betalningsmetoder accepterar du?<\/strong><br \/>\nS: Vi accepterar PayPal, Stripe, bank\u00f6verf\u00f6ringar (st\u00f6ds med SEPA), vanliga kreditkort (Visa, MasterCard, American Express) och betalningar i kryptovaluta.<\/p>\n<p><strong>F: Hur l\u00e5ng tid tar best\u00e4llningsberedningen?<\/strong><br \/>\nS: Best\u00e4llningsf\u00f6rberedelse tar 1-3 arbetsdagar.<\/p>\n<p><strong>F: Vad \u00e4r leveranstiden?<\/strong><br \/>\nS: Leveranstiden \u00e4r 7-14 arbetsdagar, beroende p\u00e5 var du befinner dig.<\/p>\n<p><strong>F: Hur kan jag sp\u00e5ra min best\u00e4llning?<\/strong><br \/>\nS: Efter leverans kommer du att f\u00e5 ett bekr\u00e4ftelsemail med ett sp\u00e5rningsnummer f\u00f6r sp\u00e5rning i realtid.<\/p>\n<p><strong>F: Vilken \u00e4r din returpolicy?<\/strong><br \/>\nS: Vi erbjuder en 30-dagars returpolicy f\u00f6r \u00e5terbetalningar eller byten. .<\/p>\n<p><strong>F: Kommer det att finnas n\u00e5gra tullproblem?<br \/>\n<\/strong>Vi hanterar alla tullf\u00f6rfaranden f\u00f6r att s\u00e4kerst\u00e4lla en problemfri upplevelse f\u00f6r dig. .<\/p>\n<p><strong>F: Vilka frakts\u00e4tt anv\u00e4nds?<\/strong><br \/>\nVi samarbetar med UPS\/DHL\/FEDEX\/DPD, etc. Vi kommer att v\u00e4lja l\u00e4mpligt fraktalternativ beroende p\u00e5 leveransland f\u00f6r att s\u00e4kerst\u00e4lla att du f\u00e5r dina produkter s\u00e5 snabbt som m\u00f6jligt.<\/p>\n<p><a href=\"https:\/\/pgvape.com\/sv\/vanliga-fragor\/\">Klicka h\u00e4r f\u00f6r mer FAQ<\/a><\/p>\n<p>K\u00e4ra kunder, Om du har n\u00e5gra fr\u00e5gor om din best\u00e4llning eller ankomsten av varor, v\u00e4nligen kontakta v\u00e5r kundtj\u00e4nst. Tack!<\/p>\n<h3 data-sourcepos=\"73:1-73:21\"><strong data-sourcepos=\"73:7-73:21\">Kontakta oss<\/strong><\/h3>\n<div id=\"text-2419739398\" class=\"text\">\n<p><strong data-sourcepos=\"75:3-75:12\">E-post<\/strong>:\u00a0<a href=\"mailto:support@pgvape.com\"><strong>support@pgvape.com<\/strong><\/a><\/p>\n<p><strong data-sourcepos=\"76:3-76:15\">WhatsApp<\/strong>:\u00a0<a href=\"https:\/\/wa.me\/+8618128481258\"><strong>+86 18128481258<\/strong><\/a><br \/>\n<strong>(Svara inom 24 timmar p\u00e5 arbetsdagar)<\/strong><\/p>\n<\/div>\n<h3><strong>Tack f\u00f6r att du valde pgvape.com! .<\/strong><\/h3>\n<\/div>","protected":false},"excerpt":{"rendered":"<p><strong data-sourcepos=\"45:5-45:19\">Bang 32000<\/strong> kombinerar <strong data-sourcepos=\"45:29-45:45\">32 000 bloss<\/strong>, <strong data-sourcepos=\"45:47-45:65\">1,0\u03a9 mesh spole<\/strong>, och <strong data-sourcepos=\"45:71-45:85\">12 smaker<\/strong> i en <strong data-sourcepos=\"45:91-45:123\">uppladdningsbar eng\u00e5ngsvape<\/strong> med <strong data-sourcepos=\"45:129-45:150\">smart LED-display<\/strong>.<\/p>","protected":false},"featured_media":5409,"comment_status":"open","ping_status":"closed","template":"","meta":{"_seopress_robots_primary_cat":"none","_seopress_titles_title":"%%post_title%% %%sep%% %%sitetitle%%","_seopress_titles_desc":"","_seopress_robots_index":""},"product_brand":[36,516],"product_cat":[362,25,515],"product_tag":[364,431,90,284,204],"class_list":{"0":"post-5392","1":"product","2":"type-product","3":"status-publish","4":"has-post-thumbnail","6":"product_brand-bang-vape","7":"product_brand-disposable-vape","8":"product_cat-32k-puffs-vape","9":"product_cat-bang-vape","10":"product_cat-disposable-vape","11":"product_tag-32k-puffs-vape","12":"product_tag-bang-32000","13":"product_tag-disposable-vape","14":"product_tag-led-screen","15":"product_tag-vape-factory-direct","17":"first","18":"instock","19":"sale","20":"shipping-taxable","21":"purchasable","22":"product-type-variable"},"_links":{"self":[{"href":"https:\/\/pgvape.com\/sv\/wp-json\/wp\/v2\/product\/5392","targetHints":{"allow":["GET"]}}],"collection":[{"href":"https:\/\/pgvape.com\/sv\/wp-json\/wp\/v2\/product"}],"about":[{"href":"https:\/\/pgvape.com\/sv\/wp-json\/wp\/v2\/types\/product"}],"replies":[{"embeddable":true,"href":"https:\/\/pgvape.com\/sv\/wp-json\/wp\/v2\/comments?post=5392"}],"wp:featuredmedia":[{"embeddable":true,"href":"https:\/\/pgvape.com\/sv\/wp-json\/wp\/v2\/media\/5409"}],"wp:attachment":[{"href":"https:\/\/pgvape.com\/sv\/wp-json\/wp\/v2\/media?parent=5392"}],"wp:term":[{"taxonomy":"product_brand","embeddable":true,"href":"https:\/\/pgvape.com\/sv\/wp-json\/wp\/v2\/product_brand?post=5392"},{"taxonomy":"product_cat","embeddable":true,"href":"https:\/\/pgvape.com\/sv\/wp-json\/wp\/v2\/product_cat?post=5392"},{"taxonomy":"product_tag","embeddable":true,"href":"https:\/\/pgvape.com\/sv\/wp-json\/wp\/v2\/product_tag?post=5392"}],"curies":[{"name":"wp","href":"https:\/\/api.w.org\/{rel}","templated":true}]}}