{"id":5375,"date":"2025-11-03T09:09:42","date_gmt":"2025-11-03T09:09:42","guid":{"rendered":"https:\/\/pgvape.com\/?post_type=product&#038;p=5375"},"modified":"2026-03-15T13:09:58","modified_gmt":"2026-03-15T13:09:58","slug":"bang-36000-lce-niva-36k-puffar-disponibel-vape-smart-helskarm-vape-factory-direct","status":"publish","type":"product","link":"https:\/\/pgvape.com\/sv\/produkt\/bang-36000-lce-niva-36k-puffar-disponibel-vape-smart-helskarm-vape-factory-direct\/","title":{"rendered":"Bang 36000 Lce Level 36K Puffs Disposable Vape Smart Full Screen Vape Factory Direct"},"content":{"rendered":"<p><strong data-sourcepos=\"6:5-6:29\">Bang 36000 Ice Level<\/strong> omdefinierar vaping med <strong data-sourcepos=\"6:52-6:79\">36 000 ultral\u00e5nga puffar<\/strong> och <strong data-sourcepos=\"6:84-6:113\">justerbar isteknik<\/strong>. <strong data-sourcepos=\"6:127-6:153\">36ml e-v\u00e4tska kapacitet<\/strong> och <strong data-sourcepos=\"6:158-6:189\">850mAh uppladdningsbart batteri<\/strong>, den h\u00e4r enheten levererar <strong data-sourcepos=\"6:212-6:246\">anpassningsbar kylintensitet<\/strong> och <strong data-sourcepos=\"6:251-6:275\">rika smakprofiler<\/strong>. <strong data-sourcepos=\"6:281-6:310\">helsk\u00e4rms smart display<\/strong> ger \u00f6vervakning i realtid, vilket g\u00f6r den perfekt f\u00f6r vapers som vill <strong data-sourcepos=\"6:380-6:407\">kontroll och bekv\u00e4mlighet<\/strong>.<\/p>\n<p>&nbsp;<\/p>\n<h2><span style=\"font-size: 90%;\">Bang 36000 Lce Level | 36K Puffs Disponibel Vape <strong data-sourcepos=\"10:5-10:31\">Specifikationer<\/strong><\/span><\/h2>\n<p><strong data-sourcepos=\"18:3-18:17\">Puff Count<\/strong>: 36 000 bloss<\/p>\n<p><strong data-sourcepos=\"19:3-19:15\">E-v\u00e4tska<\/strong>: 36ml f\u00f6rfylld<\/p>\n<p><strong data-sourcepos=\"20:3-20:14\">Batteri<\/strong>: 850mAh (uppladdningsbar)<\/p>\n<p><strong data-sourcepos=\"21:3-21:15\">Nikotin<\/strong>: 0%\/2%\/3%\/5%<\/p>\n<p><strong data-sourcepos=\"22:3-22:14\">Visa<\/strong>: Smartsk\u00e4rm i helsk\u00e4rm<\/p>\n<p><strong data-sourcepos=\"23:3-23:16\">F\u00f6rpackning<\/strong>: 10 enheter\/l\u00e5da<\/p>\n<p>&nbsp;<\/p>\n<h3><span style=\"font-size: 90%;\">Bang 36000 Lce Level | 36K Puffs Disponibel Vape <strong data-sourcepos=\"22:5-22:20\">Smaklista<\/strong><\/span><\/h3>\n<p>1. Jordgubbsvattenmelon<\/p>\n<p>2. Vattenmelon Is<\/p>\n<p>3. K\u00e4rlek 66<\/p>\n<p>4.Ananas Kokos<\/p>\n<p>5.Bl\u00e5b\u00e4rshallon<\/p>\n<p>6. Jordgubbsvattenmelon<\/p>\n<p>7. Strawberry Ice<\/p>\n<p>8.Bl\u00e5b\u00e4ris<\/p>\n<p>9.Triple Berry<\/p>\n<p>10.Jordgubbskiwi<\/p>\n<p>11. Jordgubbsmango<\/p>\n<p>12. Red Bull<br \/>\n<img loading=\"lazy\" decoding=\"async\" class=\"alignnone wp-image-5359 size-full\" src=\"https:\/\/pgvape.com\/wp-content\/uploads\/2025\/11\/pgvape-Bang-36000-Lce-Level-36K-Puffs-Disposable-Vape-2.jpg\" alt=\"En rad f\u00e4rgglada &#039;Bang&#039;-varum\u00e4rkta eng\u00e5ngsvape-enheter arrangerade i rader, var och en med en liten digital display, tecknad figurkonstverk och smaketiketter som Strawberry Banana, Love66, Pineapple Coconut, Blueberry Raspberry, Strawberry Watermelon, Strawberry Ice, Blueberry Ice, Triple Berry, Strawberry Man Watermelon Kiwi, Strawberry Man, Blue och Red Bully Watermelon Kiwi.\" width=\"1500\" height=\"1232\" srcset=\"https:\/\/pgvape.com\/wp-content\/uploads\/2025\/11\/pgvape-Bang-36000-Lce-Level-36K-Puffs-Disposable-Vape-2.jpg 1500w, https:\/\/pgvape.com\/wp-content\/uploads\/2025\/11\/pgvape-Bang-36000-Lce-Level-36K-Puffs-Disposable-Vape-2-438x360.jpg 438w, https:\/\/pgvape.com\/wp-content\/uploads\/2025\/11\/pgvape-Bang-36000-Lce-Level-36K-Puffs-Disposable-Vape-2-595x489.jpg 595w, https:\/\/pgvape.com\/wp-content\/uploads\/2025\/11\/pgvape-Bang-36000-Lce-Level-36K-Puffs-Disposable-Vape-2-400x329.jpg 400w, https:\/\/pgvape.com\/wp-content\/uploads\/2025\/11\/pgvape-Bang-36000-Lce-Level-36K-Puffs-Disposable-Vape-2-768x631.jpg 768w, https:\/\/pgvape.com\/wp-content\/uploads\/2025\/11\/pgvape-Bang-36000-Lce-Level-36K-Puffs-Disposable-Vape-2-15x12.jpg 15w, https:\/\/pgvape.com\/wp-content\/uploads\/2025\/11\/pgvape-Bang-36000-Lce-Level-36K-Puffs-Disposable-Vape-2-600x493.jpg 600w, https:\/\/pgvape.com\/wp-content\/uploads\/2025\/11\/pgvape-Bang-36000-Lce-Level-36K-Puffs-Disposable-Vape-2-49x40.jpg 49w\" sizes=\"auto, (max-width: 1500px) 100vw, 1500px\" \/><\/p>\n<p>&nbsp;<\/p>\n<h3><span style=\"font-size: 90%;\">Bang 36000 Lce Level | 36K Puffs Disponibel Vape <strong>Video<\/strong>:<\/span><\/h3>\n<p>&nbsp;<\/p>\n<h2>Vanliga fr\u00e5gor om Bang 36000 Lce Level | 36K Puffs Disposable Vape<\/h2>\n<p data-sourcepos=\"39:1-40:96\">\u2753 <strong data-sourcepos=\"39:3-39:46\">Hur fungerar den justerbara isniv\u00e5n?<\/strong><br \/>\n\u2705 V\u00e4lj din f\u00f6redragna kylintensitet fr\u00e5n <strong data-sourcepos=\"40:48-40:67\">mild till extrem<\/strong> f\u00f6r skr\u00e4ddarsydd tillfredsst\u00e4llelse.<\/p>\n<p data-sourcepos=\"42:1-43:81\">\u2753 <strong data-sourcepos=\"42:3-42:43\">Vilka nikotinalternativ finns tillg\u00e4ngliga?<\/strong><br \/>\n\u2705 V\u00e4lj fr\u00e5n <strong data-sourcepos=\"43:15-43:32\">0% (nic-fri)<\/strong>, <strong data-sourcepos=\"43:34-43:47\">2% (20mg)<\/strong>, <strong data-sourcepos=\"43:49-43:62\">3% (30mg)<\/strong>, eller <strong data-sourcepos=\"43:67-43:80\">5% (50 mg)<\/strong>.<\/p>\n<p data-sourcepos=\"45:1-46:64\">\u2753 <strong data-sourcepos=\"45:3-45:38\">Hur l\u00e4nge h\u00e5ller batteriet?<\/strong><br \/>\n\u2705 Den <strong data-sourcepos=\"46:7-46:25\">850mAh batteri<\/strong> ger ut\u00f6kad anv\u00e4ndning mellan laddningarna.<\/p>\n<p data-sourcepos=\"48:1-49:86\">\u2753 <strong data-sourcepos=\"48:3-48:30\">\u00c4r displayen till hj\u00e4lp?<br \/>\n<\/strong> \u2705 Den <strong data-sourcepos=\"49:7-49:30\">helsk\u00e4rmsvisning<\/strong> visar tydligt <strong data-sourcepos=\"49:45-49:61\">batteritid<\/strong> och <strong data-sourcepos=\"49:66-49:85\">e-v\u00e4tskeniv\u00e5er<\/strong>.<\/p>\n<p data-sourcepos=\"51:1-52:90\">\u2753 <strong data-sourcepos=\"51:3-51:38\">Vilka smaker \u00e4r mest popul\u00e4ra?<br \/>\n<\/strong> \u2705 <strong data-sourcepos=\"52:3-52:28\">Jordgubbsvattenmelon<\/strong>, <strong data-sourcepos=\"52:30-52:48\">Vattenmelon is<\/strong>, och <strong data-sourcepos=\"52:54-52:66\">Red Bull<\/strong> \u00e4r kundfavoriter.<\/p>\n<p>&nbsp;<\/p>\n<h3 id=\"brxe-najhln\" class=\"brxe-heading\">Vanliga fr\u00e5gor (FAQ)<\/h3>\n<div id=\"brxe-rajiac\" class=\"brxe-text\">\n<p><strong>F: Vilka betalningsmetoder accepterar du?<\/strong><br \/>\nS: Vi accepterar PayPal, Stripe, bank\u00f6verf\u00f6ringar (st\u00f6ds med SEPA), vanliga kreditkort (Visa, MasterCard, American Express) och betalningar i kryptovaluta.<\/p>\n<p><strong>F: Hur l\u00e5ng tid tar best\u00e4llningsberedningen?<\/strong><br \/>\nS: Best\u00e4llningsf\u00f6rberedelse tar 1-3 arbetsdagar.<\/p>\n<p><strong>F: Vad \u00e4r leveranstiden?<\/strong><br \/>\nS: Leveranstiden \u00e4r 7-14 arbetsdagar, beroende p\u00e5 var du befinner dig.<\/p>\n<p><strong>F: Hur kan jag sp\u00e5ra min best\u00e4llning?<\/strong><br \/>\nS: Efter leverans kommer du att f\u00e5 ett bekr\u00e4ftelsemail med ett sp\u00e5rningsnummer f\u00f6r sp\u00e5rning i realtid.<\/p>\n<p><strong>F: Vilken \u00e4r din returpolicy?<\/strong><br \/>\nS: Vi erbjuder en 30-dagars returpolicy f\u00f6r \u00e5terbetalningar eller byten. .<\/p>\n<p><strong>F: Kommer det att finnas n\u00e5gra tullproblem?<br \/>\n<\/strong>Vi hanterar alla tullf\u00f6rfaranden f\u00f6r att s\u00e4kerst\u00e4lla en problemfri upplevelse f\u00f6r dig. .<\/p>\n<p><strong>F: Vilka frakts\u00e4tt anv\u00e4nds?<\/strong><br \/>\nVi samarbetar med UPS\/DHL\/FEDEX\/DPD, etc. Vi kommer att v\u00e4lja l\u00e4mpligt fraktalternativ beroende p\u00e5 leveransland f\u00f6r att s\u00e4kerst\u00e4lla att du f\u00e5r dina produkter s\u00e5 snabbt som m\u00f6jligt.<\/p>\n<p><a href=\"https:\/\/pgvape.com\/sv\/vanliga-fragor\/\">Klicka h\u00e4r f\u00f6r mer FAQ<\/a><\/p>\n<p>K\u00e4ra kunder, Om du har n\u00e5gra fr\u00e5gor om din best\u00e4llning eller ankomsten av varor, v\u00e4nligen kontakta v\u00e5r kundtj\u00e4nst. Tack!<\/p>\n<h3 data-sourcepos=\"73:1-73:21\"><strong data-sourcepos=\"73:7-73:21\">Kontakta oss<\/strong><\/h3>\n<div id=\"text-2419739398\" class=\"text\">\n<p><strong data-sourcepos=\"75:3-75:12\">E-post<\/strong>:\u00a0<a href=\"mailto:support@pgvape.com\"><strong>support@pgvape.com<\/strong><\/a><\/p>\n<p><strong data-sourcepos=\"76:3-76:15\">WhatsApp<\/strong>:\u00a0<a href=\"https:\/\/wa.me\/+8618128481258\"><strong>+86 18128481258<\/strong><\/a><br \/>\n<strong>(Svara inom 24 timmar p\u00e5 arbetsdagar)<\/strong><\/p>\n<\/div>\n<h3><strong>Tack f\u00f6r att du valde pgvape.com! .<\/strong><\/h3>\n<\/div>","protected":false},"excerpt":{"rendered":"<p><strong data-sourcepos=\"55:5-55:29\">Bang 36000 Ice Level<\/strong> erbjudanden <strong data-sourcepos=\"55:37-55:64\">o\u00f6vertr\u00e4ffad anpassning<\/strong> med <strong data-sourcepos=\"55:70-55:92\">justerbar kylning<\/strong>, <strong data-sourcepos=\"55:94-55:110\">36 000 bloss<\/strong>, och <strong data-sourcepos=\"55:116-55:138\">11 premium smaker<\/strong> \u2013 perfekt f\u00f6r vapers som vill <strong data-sourcepos=\"55:169-55:194\">kontroll och livsl\u00e4ngd<\/strong>.<\/p>","protected":false},"featured_media":5360,"comment_status":"open","ping_status":"closed","template":"","meta":{"_seopress_robots_primary_cat":"none","_seopress_titles_title":"%%post_title%% %%sep%% %%sitetitle%%","_seopress_titles_desc":"","_seopress_robots_index":""},"product_brand":[36,516],"product_cat":[398,25,515],"product_tag":[400,429,90,430,264,204],"class_list":{"0":"post-5375","1":"product","2":"type-product","3":"status-publish","4":"has-post-thumbnail","6":"product_brand-bang-vape","7":"product_brand-disposable-vape","8":"product_cat-36k-puffs-vape","9":"product_cat-bang-vape","10":"product_cat-disposable-vape","11":"product_tag-36k-puffs-vape","12":"product_tag-bang-36000","13":"product_tag-disposable-vape","14":"product_tag-lce-level","15":"product_tag-smart-full-screen","16":"product_tag-vape-factory-direct","18":"first","19":"instock","20":"sale","21":"shipping-taxable","22":"purchasable","23":"product-type-variable"},"_links":{"self":[{"href":"https:\/\/pgvape.com\/sv\/wp-json\/wp\/v2\/product\/5375","targetHints":{"allow":["GET"]}}],"collection":[{"href":"https:\/\/pgvape.com\/sv\/wp-json\/wp\/v2\/product"}],"about":[{"href":"https:\/\/pgvape.com\/sv\/wp-json\/wp\/v2\/types\/product"}],"replies":[{"embeddable":true,"href":"https:\/\/pgvape.com\/sv\/wp-json\/wp\/v2\/comments?post=5375"}],"wp:featuredmedia":[{"embeddable":true,"href":"https:\/\/pgvape.com\/sv\/wp-json\/wp\/v2\/media\/5360"}],"wp:attachment":[{"href":"https:\/\/pgvape.com\/sv\/wp-json\/wp\/v2\/media?parent=5375"}],"wp:term":[{"taxonomy":"product_brand","embeddable":true,"href":"https:\/\/pgvape.com\/sv\/wp-json\/wp\/v2\/product_brand?post=5375"},{"taxonomy":"product_cat","embeddable":true,"href":"https:\/\/pgvape.com\/sv\/wp-json\/wp\/v2\/product_cat?post=5375"},{"taxonomy":"product_tag","embeddable":true,"href":"https:\/\/pgvape.com\/sv\/wp-json\/wp\/v2\/product_tag?post=5375"}],"curies":[{"name":"wp","href":"https:\/\/api.w.org\/{rel}","templated":true}]}}