{"id":521,"date":"2025-07-16T11:57:14","date_gmt":"2025-07-16T11:57:14","guid":{"rendered":"https:\/\/pgvape.com\/?post_type=product&#038;p=521"},"modified":"2025-12-15T13:40:41","modified_gmt":"2025-12-15T13:40:41","slug":"bang-leader-80000-80k-puffar-3-i-1-trippel-smaker-engangsvape-med-uppladdningsbar-vape-fabriksgrossist","status":"publish","type":"product","link":"https:\/\/pgvape.com\/sv\/produkt\/bang-leader-80000-80k-puffar-3-i-1-trippel-smaker-engangsvape-med-uppladdningsbar-vape-fabriksgrossist\/","title":{"rendered":"Bang Leader 80000 | 80K puffar 3 i 1 Triple Flavors Disponibel Vape med uppladdningsbar | Vape Factory Grossist"},"content":{"rendered":"<p><strong>Bang Leader 80000 80K Puffs eng\u00e5ngsvape<\/strong> \u00e4r det ultimata valet f\u00f6r dem som s\u00f6ker variation, livsl\u00e4ngd och prestanda i toppklass. .<\/p>\n<p>&nbsp;<\/p>\n<h2><span style=\"font-size: 90%;\">Bang Leader 80000 | 80K puffar 3 i 1 Triple Flavours Disponibel Vape Produktspecifikationer:<\/span><\/h2>\n<p><strong>Puffkapacitet:<\/strong>\u00a0Upp till 80 000 bloss<\/p>\n<p><strong>E-v\u00e4tska Kapacitet:<\/strong>\u00a078 ml f\u00f6rfylld (3 kapslar p\u00e5 26 ml vardera)<\/p>\n<p><strong>Spoletyp:<\/strong>\u00a01,0\u03a9 mesh spole<\/p>\n<p><strong>Batterikapacitet:<\/strong>\u00a0850mAh uppladdningsbart batteri<\/p>\n<p><strong>Laddningsport:<\/strong>\u00a0Typ-C snabbladdning<\/p>\n<p><strong>Nikotinalternativ:<\/strong>\u00a00%, 2%, 3%, 5%<\/p>\n<p><strong>Smaksystem:<\/strong>\u00a03-i-1 trippel smakupps\u00e4ttning<\/p>\n<p><strong>Tillg\u00e4ngliga smaker:<\/strong>\u00a012 dynamiska smakkombinationer<\/p>\n<p><strong>Portabilitet:<\/strong>\u00a0Kompakt och ergonomisk design f\u00f6r anv\u00e4ndning p\u00e5 spr\u00e5ng<\/p>\n<p>&nbsp;<\/p>\n<h3><span style=\"font-size: 90%;\">Bang Leader 80000 | 80K puffar 3 i 1 Triple Flavours Disponibel Vape Flavor List:<\/span><\/h3>\n<p><strong>1. Vattenmelon Is + Jordgubb Och Mango + Banan<\/strong><\/p>\n<p><strong>2. Hallon Mojito Peach Ice + Jordgubb och vattenmelon Kiwi Passionsfrukt Guava<\/strong><\/p>\n<p><strong>3. Jordgubb och vattenmelon + druvis + regnb\u00e5gsgodis<\/strong><\/p>\n<p><strong>4. Cola Ice + Bl\u00e5b\u00e4r Hallon + Persika Mango Vattenmelon<\/strong><\/p>\n<p><strong>5.Bl\u00e5b\u00e4rsvattenmelon + jordgubbsmango + svarta vinb\u00e4r<\/strong><\/p>\n<p><strong>6.Blueberry Ice + Black Dragon Ice + Mango Peach<\/strong><\/p>\n<p><strong>7.Bl\u00e5b\u00e4ris + Jordgubb och Banan + Blandade b\u00e4r<\/strong><\/p>\n<p><strong>8.Red Bull + Bl\u00e5b\u00e4r Vattenmelon \u00c4pplep\u00e4ron<\/strong><\/p>\n<p><strong>9Red Bull + Watermelon Bubble Candy + Strawberry Ice Cream<\/strong><\/p>\n<p><strong>10.Strawberry Kiwi + Peach Ice + Cherry Cola<\/strong><\/p>\n<p><strong>11.Kiwi Passion + Lychee Ice + Mango Peach Pine<\/strong><\/p>\n<p><strong>12.Avocado Ice + Citron Lime + Vattenmelon Hallon<img loading=\"lazy\" decoding=\"async\" class=\"alignnone wp-image-531 size-full\" src=\"https:\/\/pgvape.com\/wp-content\/uploads\/2025\/07\/Bang-Leader-80000-80K-Puffs-3-in-1-Triple-Flavors-Disposable-Vape-With-Rechargeable-Vape-Factory-Wholesale-8.png\" alt=\"\" width=\"1900\" height=\"1900\" srcset=\"https:\/\/pgvape.com\/wp-content\/uploads\/2025\/07\/Bang-Leader-80000-80K-Puffs-3-in-1-Triple-Flavors-Disposable-Vape-With-Rechargeable-Vape-Factory-Wholesale-8.png 1900w, https:\/\/pgvape.com\/wp-content\/uploads\/2025\/07\/Bang-Leader-80000-80K-Puffs-3-in-1-Triple-Flavors-Disposable-Vape-With-Rechargeable-Vape-Factory-Wholesale-8-360x360.png 360w, https:\/\/pgvape.com\/wp-content\/uploads\/2025\/07\/Bang-Leader-80000-80K-Puffs-3-in-1-Triple-Flavors-Disposable-Vape-With-Rechargeable-Vape-Factory-Wholesale-8-595x595.png 595w, https:\/\/pgvape.com\/wp-content\/uploads\/2025\/07\/Bang-Leader-80000-80K-Puffs-3-in-1-Triple-Flavors-Disposable-Vape-With-Rechargeable-Vape-Factory-Wholesale-8-400x400.png 400w, https:\/\/pgvape.com\/wp-content\/uploads\/2025\/07\/Bang-Leader-80000-80K-Puffs-3-in-1-Triple-Flavors-Disposable-Vape-With-Rechargeable-Vape-Factory-Wholesale-8-768x768.png 768w, https:\/\/pgvape.com\/wp-content\/uploads\/2025\/07\/Bang-Leader-80000-80K-Puffs-3-in-1-Triple-Flavors-Disposable-Vape-With-Rechargeable-Vape-Factory-Wholesale-8-1536x1536.png 1536w, https:\/\/pgvape.com\/wp-content\/uploads\/2025\/07\/Bang-Leader-80000-80K-Puffs-3-in-1-Triple-Flavors-Disposable-Vape-With-Rechargeable-Vape-Factory-Wholesale-8-12x12.png 12w, https:\/\/pgvape.com\/wp-content\/uploads\/2025\/07\/Bang-Leader-80000-80K-Puffs-3-in-1-Triple-Flavors-Disposable-Vape-With-Rechargeable-Vape-Factory-Wholesale-8-300x300.png 300w, https:\/\/pgvape.com\/wp-content\/uploads\/2025\/07\/Bang-Leader-80000-80K-Puffs-3-in-1-Triple-Flavors-Disposable-Vape-With-Rechargeable-Vape-Factory-Wholesale-8-600x600.png 600w, https:\/\/pgvape.com\/wp-content\/uploads\/2025\/07\/Bang-Leader-80000-80K-Puffs-3-in-1-Triple-Flavors-Disposable-Vape-With-Rechargeable-Vape-Factory-Wholesale-8-100x100.png 100w, https:\/\/pgvape.com\/wp-content\/uploads\/2025\/07\/Bang-Leader-80000-80K-Puffs-3-in-1-Triple-Flavors-Disposable-Vape-With-Rechargeable-Vape-Factory-Wholesale-8-32x32.png 32w, https:\/\/pgvape.com\/wp-content\/uploads\/2025\/07\/Bang-Leader-80000-80K-Puffs-3-in-1-Triple-Flavors-Disposable-Vape-With-Rechargeable-Vape-Factory-Wholesale-8-40x40.png 40w\" sizes=\"auto, (max-width: 1900px) 100vw, 1900px\" \/><\/strong><\/p>\n<h3><span style=\"font-size: 90%;\">Bang Leader 80000 | 80K puffar 3 i 1 Triple Flavours disponibel vape <\/span><strong>Video:<br \/>\n<iframe loading=\"lazy\" title=\"Bang Leader 80K puffar 3 i 1 smaker disponibel vape med uppladdningsbar vape Factory grossist pgvape\" width=\"563\" height=\"1000\" src=\"https:\/\/www.youtube.com\/embed\/-_eUSKzsdRY?feature=oembed\" frameborder=\"0\" allow=\"accelerometer; autoplay; clipboard-write; encrypted-media; gyroscope; picture-in-picture; web-share\" referrerpolicy=\"strict-origin-when-cross-origin\" allowfullscreen><\/iframe><br \/>\n<\/strong><\/h3>\n<p>&nbsp;<\/p>\n<h2><span style=\"font-size: 90%;\">Vanliga fr\u00e5gor om Bang Leader 80000 | 80K puffar 3 i 1 Triple Flavours disponibel vape<\/span><\/h2>\n<p dir=\"auto\"><strong>F1: Hur m\u00e5nga bloss erbjuder Bang Leader 80000?<\/strong><br \/>\nA1: Upp till 80 000 bloss per enhet, vilket s\u00e4kerst\u00e4ller l\u00e5ngvarig anv\u00e4ndning.<\/p>\n<p dir=\"auto\"><strong>F2: Vad \u00e4r 3-i-1-smaken?<\/strong><br \/>\nS2: Enheten inneh\u00e5ller tre distinkta kapslar som var och en rymmer 26mL e-v\u00e4tska, vilket ger dig tre olika smaker att njuta av i en enhet.<\/p>\n<p dir=\"auto\"><strong>F3: Vilken typ av spole anv\u00e4nds i enheten?<\/strong><br \/>\nA3: Den anv\u00e4nder en 1,0\u03a9 mesh-spole, vilket ger mjuk \u00e5nga och rik smak med varje bloss.<\/p>\n<p dir=\"auto\"><strong>F4: Hur l\u00e4nge h\u00e5ller batteriet?<\/strong><br \/>\nA4: Det uppladdningsbara batteriet p\u00e5 850 mAh s\u00e4kerst\u00e4ller l\u00e5ngvarig kraft, och Type-C snabbladdning minimerar stillest\u00e5ndstiden.<\/p>\n<p dir=\"auto\"><strong>F5: Vilka smaker finns tillg\u00e4ngliga?<\/strong><br \/>\nS5: Det finns 12 unika och sp\u00e4nnande smakkombinationer tillg\u00e4ngliga, inklusive alternativ som Watermelon Ice + Strawberry och Mango + Banana.<\/p>\n<p dir=\"auto\"><strong>F6: Kan enheten laddas om?<\/strong><br \/>\nS6: Ja, enheten har ett laddningsbart 850mAh batteri och har Type-C snabbladdning.<\/p>\n<p dir=\"auto\"><strong>F7: Vilka nikotinstyrkor finns tillg\u00e4ngliga?<\/strong><br \/>\nS7: Bang Leader 80000 finns i nikotinstyrkorna 0%, 2%, 3% och 5% f\u00f6r att matcha dina \u00f6nskem\u00e5l.<\/p>\n<p>&nbsp;<\/p>\n<h3 id=\"brxe-najhln\" class=\"brxe-heading\">Vanliga fr\u00e5gor (FAQ)<\/h3>\n<div id=\"brxe-rajiac\" class=\"brxe-text\">\n<p><strong>F: Vilka betalningsmetoder accepterar du?<\/strong><br \/>\nS: Vi accepterar PayPal, Stripe, bank\u00f6verf\u00f6ringar (st\u00f6ds med SEPA), vanliga kreditkort (Visa, MasterCard, American Express) och betalningar i kryptovaluta.<\/p>\n<p><strong>F: Hur l\u00e5ng tid tar best\u00e4llningsberedningen?<\/strong><br \/>\nS: Best\u00e4llningsf\u00f6rberedelse tar 1-3 arbetsdagar.<\/p>\n<p><strong>F: Vad \u00e4r leveranstiden?<\/strong><br \/>\nS: Leveranstiden \u00e4r 7-14 arbetsdagar, beroende p\u00e5 var du befinner dig.<\/p>\n<p><strong>F: Hur kan jag sp\u00e5ra min best\u00e4llning?<\/strong><br \/>\nS: Efter leverans kommer du att f\u00e5 ett bekr\u00e4ftelsemail med ett sp\u00e5rningsnummer f\u00f6r sp\u00e5rning i realtid.<\/p>\n<p><strong>F: Vilken \u00e4r din returpolicy?<\/strong><br \/>\nS: Vi erbjuder en 30-dagars returpolicy f\u00f6r \u00e5terbetalningar eller byten. .<\/p>\n<p><strong>F: Kommer det att finnas n\u00e5gra tullproblem?<br \/>\n<\/strong>Vi hanterar alla tullf\u00f6rfaranden f\u00f6r att s\u00e4kerst\u00e4lla en problemfri upplevelse f\u00f6r dig. .<\/p>\n<p><strong>F: Vilka frakts\u00e4tt anv\u00e4nds?<\/strong><br \/>\nVi samarbetar med UPS\/DHL\/FEDEX\/DPD, etc. Vi kommer att v\u00e4lja l\u00e4mpligt fraktalternativ beroende p\u00e5 leveransland f\u00f6r att s\u00e4kerst\u00e4lla att du f\u00e5r dina produkter s\u00e5 snabbt som m\u00f6jligt.<\/p>\n<p><a href=\"https:\/\/pgvape.com\/sv\/vanliga-fragor\/\"><span style=\"font-size: 100%;\">Klicka h\u00e4r f\u00f6r mer FAQ<\/span><\/a><\/p>\n<p>K\u00e4ra kunder, Om du har n\u00e5gra fr\u00e5gor om din best\u00e4llning eller ankomsten av varor, v\u00e4nligen kontakta v\u00e5r kundtj\u00e4nst. Tack!<\/p>\n<h3 data-sourcepos=\"73:1-73:21\"><span style=\"font-size: 90%;\"><strong data-sourcepos=\"73:7-73:21\">Kontakta oss<\/strong><\/span><\/h3>\n<div id=\"text-2419739398\" class=\"text\">\n<p><strong data-sourcepos=\"75:3-75:12\">E-post<\/strong>:\u00a0<a href=\"mailto:support@pgvape.com\"><strong>support@pgvape.com<\/strong><\/a><\/p>\n<p><strong data-sourcepos=\"76:3-76:15\">WhatsApp<\/strong>: <a href=\"https:\/\/wa.me\/+8618128481258\"><strong>+86 18128481258<\/strong><\/a><br \/>\n<strong>(Svara inom 24 timmar p\u00e5 arbetsdagar)<\/strong><\/p>\n<\/div>\n<h3><strong><span style=\"font-size: 80%;\">Tack f\u00f6r att du valde pgvape.com! .<\/span><\/strong><\/h3>\n<\/div>","protected":false},"excerpt":{"rendered":"<p><strong>Bang Leader 80000 disponibel vape<\/strong> levererar upp till <strong>80 000 bloss<\/strong> och a <strong>3-i-1 trippelsmak<\/strong> uppleva. <strong>78mL f\u00f6rfylld e-v\u00e4tska<\/strong>, a <strong>1,0\u03a9 mesh spole<\/strong>, <strong>850mAh uppladdningsbar<\/strong> batteri och <strong>Typ-C<\/strong> snabbladdning, det s\u00e4kerst\u00e4ller smidig, rik \u00e5nga och l\u00e5ngvarig anv\u00e4ndning.<strong>0%, 2%, 3%, 5%<\/strong>) f\u00f6r en personlig vapingupplevelse.<\/p>","protected":false},"featured_media":524,"comment_status":"open","ping_status":"closed","template":"","meta":{"_seopress_robots_primary_cat":"none","_seopress_titles_title":"","_seopress_titles_desc":"","_seopress_robots_index":""},"product_brand":[54,516],"product_cat":[41,32,515],"product_tag":[56,44,45,55,490],"class_list":{"0":"post-521","1":"product","2":"type-product","3":"status-publish","4":"has-post-thumbnail","6":"product_brand-bang-leader-vape","7":"product_brand-disposable-vape","8":"product_cat-80k-puffs-vape","9":"product_cat-bang-leader-vape","10":"product_cat-disposable-vape","11":"product_tag-3-in-1-triple-flavors","12":"product_tag-80k-puffs","13":"product_tag-80k-vape","14":"product_tag-bang-leader-80000","15":"product_tag-minimum-2-pieces","17":"first","18":"instock","19":"sale","20":"shipping-taxable","21":"purchasable","22":"product-type-variable"},"_links":{"self":[{"href":"https:\/\/pgvape.com\/sv\/wp-json\/wp\/v2\/product\/521","targetHints":{"allow":["GET"]}}],"collection":[{"href":"https:\/\/pgvape.com\/sv\/wp-json\/wp\/v2\/product"}],"about":[{"href":"https:\/\/pgvape.com\/sv\/wp-json\/wp\/v2\/types\/product"}],"replies":[{"embeddable":true,"href":"https:\/\/pgvape.com\/sv\/wp-json\/wp\/v2\/comments?post=521"}],"wp:featuredmedia":[{"embeddable":true,"href":"https:\/\/pgvape.com\/sv\/wp-json\/wp\/v2\/media\/524"}],"wp:attachment":[{"href":"https:\/\/pgvape.com\/sv\/wp-json\/wp\/v2\/media?parent=521"}],"wp:term":[{"taxonomy":"product_brand","embeddable":true,"href":"https:\/\/pgvape.com\/sv\/wp-json\/wp\/v2\/product_brand?post=521"},{"taxonomy":"product_cat","embeddable":true,"href":"https:\/\/pgvape.com\/sv\/wp-json\/wp\/v2\/product_cat?post=521"},{"taxonomy":"product_tag","embeddable":true,"href":"https:\/\/pgvape.com\/sv\/wp-json\/wp\/v2\/product_tag?post=521"}],"curies":[{"name":"wp","href":"https:\/\/api.w.org\/{rel}","templated":true}]}}