{"id":483,"date":"2025-07-16T09:48:06","date_gmt":"2025-07-16T09:48:06","guid":{"rendered":"https:\/\/pgvape.com\/?post_type=product&#038;p=483"},"modified":"2025-12-15T13:41:12","modified_gmt":"2025-12-15T13:41:12","slug":"bang-blaze-60000-60k-puffar-4-i-1-smaker-disponibel-vape-med-digital-skarm-vape-fabrik-grossist","status":"publish","type":"product","link":"https:\/\/pgvape.com\/sv\/produkt\/bang-blaze-60000-60k-puffar-4-i-1-smaker-disponibel-vape-med-digital-skarm-vape-fabrik-grossist\/","title":{"rendered":"Bang Blaze 60000 | 60k puffar 4 i 1 smaker disponibel vape med digital sk\u00e4rm | Vape Factory grossist"},"content":{"rendered":"<p><strong>Bang Blaze 60000 eng\u00e5ngsvape<\/strong> Pennan omdefinierar m\u00e5ngsidighet med sin <strong>4-i-1 smak<\/strong> l\u00e4ge, s\u00e5 att du enkelt kan v\u00e4xla mellan fyra unika smaker. <strong>60mL f\u00f6rfylld e-v\u00e4tska<\/strong> kapacitet, den levererar upp till <strong>60 000 bloss<\/strong> f\u00f6r ut\u00f6kad njutning utan frekventa p\u00e5fyllningar. <strong>1,0\u03a9 mesh spole<\/strong> ger mjuk, rik \u00e5nga och exakt smak.<strong>0%, 2%, 3%, 5%<\/strong>) tillgodoser b\u00e5de nyb\u00f6rjare och erfarna vapers. <strong>650mAh uppladdningsbar<\/strong> batteri med snabb <strong>Typ-C<\/strong> Den h\u00e4r eleganta enheten laddas och har en smart digital sk\u00e4rm f\u00f6r batteri- och v\u00e4tske\u00f6vervakning i realtid, och erbjuder en anpassningsbar, f\u00f6rstklassig vaping-upplevelse med 12 sp\u00e4nnande smakkombinationer.<\/p>\n<p>&nbsp;<\/p>\n<h2><span style=\"font-size: 90%;\">Bang Blaze 60000 | 60k puffar 4 i 1 smaker Disponibel Vape Produktspecifikationer:<\/span><\/h2>\n<p><strong>Puffkapacitet:<\/strong>\u00a0Upp till 60 000 bloss<\/p>\n<p><strong>E-v\u00e4tskekapacitet:<\/strong>\u00a060 ml f\u00f6rfylld tank<\/p>\n<p><strong>Spoletyp:<\/strong>\u00a01,0\u03a9 mesh spole<\/p>\n<p><strong>Batteri:<\/strong>\u00a0650mAh uppladdningsbart batteri<\/p>\n<p><strong>Laddningsport:<\/strong>\u00a0Typ-C snabbladdning<\/p>\n<p><strong>Nikotinstyrkor:<\/strong>\u00a00%, 2%, 3%, 5%<\/p>\n<p><strong>Visa:<\/strong>\u00a0Smart digital sk\u00e4rm f\u00f6r batteri- och e-v\u00e4tskeniv\u00e5<\/p>\n<p><strong>Smaksystem:<\/strong>\u00a04-i-1 smakl\u00e4ge (v\u00e4xla mellan fyra smaker)<\/p>\n<p><strong>M\u00e5tt:<\/strong>\u00a0Kompakt och b\u00e4rbar design<\/p>\n<p><strong>Smakalternativ:<\/strong>\u00a012 premium smakkombinationer<\/p>\n<p>&nbsp;<\/p>\n<h3><span style=\"font-size: 90%;\">Bang Blaze 60000 | 60k puffar 4 i 1 smaker Disponibel Vape smaklista:<\/span><\/h3>\n<p>1. Watermelon Ice &amp; Blueberry Mint &amp; Fuji Ice &amp; Lime Romance<\/p>\n<p>2. Watermelon Ice &amp; Blueberry Cherry &amp; Summer Time &amp; Sour Mango Ananas<\/p>\n<p>3.Blueberry Ice &amp; Peach Ice &amp; Rainbow Candy &amp; Lemon Sour Orange<\/p>\n<p>4.Blueberry Ice &amp; Peach Mango Vattenmelon &amp; Passion Kiss &amp; Melon Apple<\/p>\n<p>5.Bl\u00e5b\u00e4rshallon &amp; blandade b\u00e4r &amp; Kalifornien k\u00f6rsb\u00e4r &amp; passionsfruktmango<\/p>\n<p>6.Bl\u00e5b\u00e4r Hallon &amp; Grape Ice &amp; Berry Ice &amp; Aloe Mango Melon<\/p>\n<p>7.Energy Drink &amp; Strawberry Banan &amp; Mango Persika Aprikos &amp; Passionsfrukt Kiwi Lime<\/p>\n<p>8.Energy Drink &amp; Blueberry Watermelon &amp; Sour Apple Hallon &amp; Gummy Bear<\/p>\n<p>9. Strawberry Mango &amp; Watermelon Bubble Gum &amp; Red Mojito &amp; Love66<\/p>\n<p>10.Strawberry Mango &amp; Strawberry Kiwi &amp; Apple Grape &amp; Watermelon Dragon Fruit<\/p>\n<p>11. Strawberry Watermelon &amp; Black Ice &amp; Thirteen Melon &amp; Cranberry Grape<\/p>\n<p>12. Jordgubbsvattenmelon &amp; Kiwi Passionsfrukt Guava &amp; Mango Is &amp; Vattenmelon Sour Persika<\/p>\n<p><img loading=\"lazy\" decoding=\"async\" class=\"alignnone wp-image-502 size-full\" src=\"https:\/\/pgvape.com\/wp-content\/uploads\/2025\/07\/Bang-Blaze-60000-60k-Puffs-4-in-1-Flavors-Disposable-Vape-With-Digital-Screen-Vape-Factory-Wholesale-14.png\" alt=\"\" width=\"2000\" height=\"1000\" srcset=\"https:\/\/pgvape.com\/wp-content\/uploads\/2025\/07\/Bang-Blaze-60000-60k-Puffs-4-in-1-Flavors-Disposable-Vape-With-Digital-Screen-Vape-Factory-Wholesale-14.png 2000w, https:\/\/pgvape.com\/wp-content\/uploads\/2025\/07\/Bang-Blaze-60000-60k-Puffs-4-in-1-Flavors-Disposable-Vape-With-Digital-Screen-Vape-Factory-Wholesale-14-555x278.png 555w, https:\/\/pgvape.com\/wp-content\/uploads\/2025\/07\/Bang-Blaze-60000-60k-Puffs-4-in-1-Flavors-Disposable-Vape-With-Digital-Screen-Vape-Factory-Wholesale-14-595x298.png 595w, https:\/\/pgvape.com\/wp-content\/uploads\/2025\/07\/Bang-Blaze-60000-60k-Puffs-4-in-1-Flavors-Disposable-Vape-With-Digital-Screen-Vape-Factory-Wholesale-14-400x200.png 400w, https:\/\/pgvape.com\/wp-content\/uploads\/2025\/07\/Bang-Blaze-60000-60k-Puffs-4-in-1-Flavors-Disposable-Vape-With-Digital-Screen-Vape-Factory-Wholesale-14-768x384.png 768w, https:\/\/pgvape.com\/wp-content\/uploads\/2025\/07\/Bang-Blaze-60000-60k-Puffs-4-in-1-Flavors-Disposable-Vape-With-Digital-Screen-Vape-Factory-Wholesale-14-1536x768.png 1536w, https:\/\/pgvape.com\/wp-content\/uploads\/2025\/07\/Bang-Blaze-60000-60k-Puffs-4-in-1-Flavors-Disposable-Vape-With-Digital-Screen-Vape-Factory-Wholesale-14-18x9.png 18w, https:\/\/pgvape.com\/wp-content\/uploads\/2025\/07\/Bang-Blaze-60000-60k-Puffs-4-in-1-Flavors-Disposable-Vape-With-Digital-Screen-Vape-Factory-Wholesale-14-600x300.png 600w, https:\/\/pgvape.com\/wp-content\/uploads\/2025\/07\/Bang-Blaze-60000-60k-Puffs-4-in-1-Flavors-Disposable-Vape-With-Digital-Screen-Vape-Factory-Wholesale-14-60x30.png 60w\" sizes=\"auto, (max-width: 2000px) 100vw, 2000px\" \/><\/p>\n<p>&nbsp;<\/p>\n<h3><span style=\"font-size: 90%;\">Bang Blaze 60000 | 60k puffar 4 i 1 smaker disponibel vape <strong>Video:<br \/>\n<iframe loading=\"lazy\" title=\"Bang Blaze 60k puffar 4 i 1 smaker disponibel vape med digital sk\u00e4rm Vape Factory Direct pgvape\" width=\"1020\" height=\"574\" src=\"https:\/\/www.youtube.com\/embed\/BCQx90cI-OI?feature=oembed\" frameborder=\"0\" allow=\"accelerometer; autoplay; clipboard-write; encrypted-media; gyroscope; picture-in-picture; web-share\" referrerpolicy=\"strict-origin-when-cross-origin\" allowfullscreen><\/iframe><br \/>\n<\/strong><\/span><\/h3>\n<p>&nbsp;<\/p>\n<h2><span style=\"font-size: 90%;\">Vanliga fr\u00e5gor om Bang Blaze 60000 | 60k Puffs 4 in 1 Flavors Disposable Vape<\/span><\/h2>\n<p dir=\"auto\"><strong>F1: Hur m\u00e5nga bloss kan jag f\u00e5 fr\u00e5n Bang Blaze 60000?<\/strong><br \/>\nA1: Upp till 60 000 bloss per enhet.<\/p>\n<p dir=\"auto\"><strong>F2: Vad \u00e4r 4-i-1-smakl\u00e4get?<\/strong><br \/>\nS2: Det l\u00e5ter dig v\u00e4xla mellan fyra distinkta inbyggda smaker f\u00f6r en varierad vapingupplevelse.<\/p>\n<p dir=\"auto\"><strong>F3: Vilka nikotinstyrkor finns tillg\u00e4ngliga?<\/strong><br \/>\nS3: Enheten kommer i nikotinalternativen 0%, 2%, 3% och 5%.<\/p>\n<p dir=\"auto\"><strong>F4: Vilken spole anv\u00e4nder enheten?<\/strong><br \/>\nA4: En 1,0\u03a9 mesh spole som producerar mjuk \u00e5nga och rik smak.<\/p>\n<p dir=\"auto\"><strong>F5: Hur stor \u00e4r kapaciteten f\u00f6r e-v\u00e4tska?<\/strong><br \/>\nA5: Den f\u00f6rfyllda tanken rymmer 60 ml e-v\u00e4tska, vilket minskar p\u00e5fyllningsfrekvensen.<\/p>\n<p dir=\"auto\"><strong>F6: \u00c4r batteriet uppladdningsbart?<\/strong><br \/>\nA6: Ja, den har ett 650mAh uppladdningsbart batteri med snabb Type-C-laddning.<\/p>\n<p dir=\"auto\"><strong>F7: Hur kan jag \u00f6vervaka batteri- och e-v\u00e4tskeniv\u00e5er?<\/strong><br \/>\nA7: Den smarta digitala sk\u00e4rmen visar batteri- och v\u00e4tskeniv\u00e5er i realtid.<\/p>\n<p dir=\"auto\"><strong>F8: \u00c4r enheten b\u00e4rbar?<\/strong><br \/>\nA8: Ja, den har en kompakt och ergonomisk design, perfekt f\u00f6r vaping p\u00e5 spr\u00e5ng.<\/p>\n<p>&nbsp;<\/p>\n<h3 id=\"brxe-najhln\" class=\"brxe-heading\">Vanliga fr\u00e5gor (FAQ)<\/h3>\n<div id=\"brxe-rajiac\" class=\"brxe-text\">\n<p><strong>F: Vilka betalningsmetoder accepterar du?<\/strong><br \/>\nS: Vi accepterar PayPal, Stripe, bank\u00f6verf\u00f6ringar (st\u00f6ds med SEPA), vanliga kreditkort (Visa, MasterCard, American Express) och betalningar i kryptovaluta.<\/p>\n<p><strong>F: Hur l\u00e5ng tid tar best\u00e4llningsberedningen?<\/strong><br \/>\nS: Best\u00e4llningsf\u00f6rberedelse tar 1-3 arbetsdagar.<\/p>\n<p><strong>F: Vad \u00e4r leveranstiden?<\/strong><br \/>\nS: Leveranstiden \u00e4r 7-14 arbetsdagar, beroende p\u00e5 var du befinner dig.<\/p>\n<p><strong>F: Hur kan jag sp\u00e5ra min best\u00e4llning?<\/strong><br \/>\nS: Efter leverans kommer du att f\u00e5 ett bekr\u00e4ftelsemail med ett sp\u00e5rningsnummer f\u00f6r sp\u00e5rning i realtid.<\/p>\n<p><strong>F: Vilken \u00e4r din returpolicy?<\/strong><br \/>\nS: Vi erbjuder en 30-dagars returpolicy f\u00f6r \u00e5terbetalningar eller byten. .<\/p>\n<p><strong>F: Kommer det att finnas n\u00e5gra tullproblem?<br \/>\n<\/strong>Vi hanterar alla tullf\u00f6rfaranden f\u00f6r att s\u00e4kerst\u00e4lla en problemfri upplevelse f\u00f6r dig. .<\/p>\n<p><strong>F: Vilka frakts\u00e4tt anv\u00e4nds?<\/strong><br \/>\nVi samarbetar med UPS\/DHL\/FEDEX\/DPD, etc. Vi kommer att v\u00e4lja l\u00e4mpligt fraktalternativ beroende p\u00e5 leveransland f\u00f6r att s\u00e4kerst\u00e4lla att du f\u00e5r dina produkter s\u00e5 snabbt som m\u00f6jligt.<\/p>\n<p><a href=\"https:\/\/pgvape.com\/sv\/vanliga-fragor\/\"><span style=\"font-size: 100%;\">Klicka h\u00e4r f\u00f6r mer FAQ<\/span><\/a><\/p>\n<p>K\u00e4ra kunder, Om du har n\u00e5gra fr\u00e5gor om din best\u00e4llning eller ankomsten av varor, v\u00e4nligen kontakta v\u00e5r kundtj\u00e4nst. Tack!<\/p>\n<h3 data-sourcepos=\"73:1-73:21\"><span style=\"font-size: 90%;\"><strong data-sourcepos=\"73:7-73:21\">Kontakta oss<\/strong><\/span><\/h3>\n<div id=\"text-2419739398\" class=\"text\">\n<p><strong data-sourcepos=\"75:3-75:12\">E-post<\/strong>:\u00a0<a href=\"mailto:support@pgvape.com\"><strong>support@pgvape.com<\/strong><\/a><\/p>\n<p><strong data-sourcepos=\"76:3-76:15\">WhatsApp<\/strong>: <a href=\"https:\/\/wa.me\/+8618128481258\"><strong>+86 18128481258<\/strong><\/a><br \/>\n<strong>(Svara inom 24 timmar p\u00e5 arbetsdagar)<\/strong><\/p>\n<\/div>\n<h3><strong><span style=\"font-size: 80%;\">Tack f\u00f6r att du valde pgvape.com! .<\/span><\/strong><\/h3>\n<\/div>","protected":false},"excerpt":{"rendered":"<p><strong>Bang Blaze 60000 eng\u00e5ngsvape<\/strong> Pen erbjuder upp till <strong>60 000 bloss<\/strong> och <strong>4-i-1 smak<\/strong> m\u00e5ngsidighet med en <strong>60 ml<\/strong> f\u00f6rfylld tank och en <strong>1,0\u03a9 mesh spole<\/strong>. <strong>650mAh uppladdningsbar<\/strong> batteri, <strong>Typ-C<\/strong> laddning och en smart digital sk\u00e4rm ger den en smidig, anpassningsbar vaping-upplevelse med 12 f\u00f6rstklassiga smakkombinationer och nikotinalternativ fr\u00e5n 0% till 5%.<\/p>","protected":false},"featured_media":488,"comment_status":"open","ping_status":"closed","template":"","meta":{"_seopress_robots_primary_cat":"none","_seopress_titles_title":"","_seopress_titles_desc":"","_seopress_robots_index":""},"product_brand":[49,516],"product_cat":[48,33,515],"product_tag":[53,51,52,50],"class_list":{"0":"post-483","1":"product","2":"type-product","3":"status-publish","4":"has-post-thumbnail","6":"product_brand-bang-blaze-vape","7":"product_brand-disposable-vape","8":"product_cat-60k-puffs-vape","9":"product_cat-bang-blaze-vape","10":"product_cat-disposable-vape","11":"product_tag-4-in-1-flavors","12":"product_tag-60k-puffs","13":"product_tag-60k-vape","14":"product_tag-bang-blaze-60000","16":"first","17":"instock","18":"sale","19":"shipping-taxable","20":"purchasable","21":"product-type-variable"},"_links":{"self":[{"href":"https:\/\/pgvape.com\/sv\/wp-json\/wp\/v2\/product\/483","targetHints":{"allow":["GET"]}}],"collection":[{"href":"https:\/\/pgvape.com\/sv\/wp-json\/wp\/v2\/product"}],"about":[{"href":"https:\/\/pgvape.com\/sv\/wp-json\/wp\/v2\/types\/product"}],"replies":[{"embeddable":true,"href":"https:\/\/pgvape.com\/sv\/wp-json\/wp\/v2\/comments?post=483"}],"wp:featuredmedia":[{"embeddable":true,"href":"https:\/\/pgvape.com\/sv\/wp-json\/wp\/v2\/media\/488"}],"wp:attachment":[{"href":"https:\/\/pgvape.com\/sv\/wp-json\/wp\/v2\/media?parent=483"}],"wp:term":[{"taxonomy":"product_brand","embeddable":true,"href":"https:\/\/pgvape.com\/sv\/wp-json\/wp\/v2\/product_brand?post=483"},{"taxonomy":"product_cat","embeddable":true,"href":"https:\/\/pgvape.com\/sv\/wp-json\/wp\/v2\/product_cat?post=483"},{"taxonomy":"product_tag","embeddable":true,"href":"https:\/\/pgvape.com\/sv\/wp-json\/wp\/v2\/product_tag?post=483"}],"curies":[{"name":"wp","href":"https:\/\/api.w.org\/{rel}","templated":true}]}}