{"id":4795,"date":"2025-10-30T11:58:06","date_gmt":"2025-10-30T11:58:06","guid":{"rendered":"https:\/\/pgvape.com\/?post_type=product&#038;p=4795"},"modified":"2026-01-27T15:39:33","modified_gmt":"2026-01-27T15:39:33","slug":"zooy-power-28000-28k-puffar-engangsvape-0-2-3-5-nikotin-10smak-justerbart-luftflode-smart-pekskarm-vape-fabrik-direkt","status":"publish","type":"product","link":"https:\/\/pgvape.com\/sv\/produkt\/zooy-power-28000-28k-puffar-engangsvape-0-2-3-5-nikotin-10smak-justerbart-luftflode-smart-pekskarm-vape-fabrik-direkt\/","title":{"rendered":"ZOOY POWER 28000 | 28 000 Dragningar Eng\u00e5ngsvapen | Nikotin 0% 2% 3% 5% | 10 Smakprofiler | Justerbar Luftfl\u00f6de | Smart Touchsk\u00e4rm | Tillverkare Direktleverans"},"content":{"rendered":"<p><strong data-sourcepos=\"4:5-4:47\">Zooy POWER 28000 Puffs Disposable Vape<\/strong> levererar <strong data-sourcepos=\"4:57-4:88\">ultimat vapingprestanda<\/strong> med <strong data-sourcepos=\"4:94-4:119\">28 000 f\u00f6rl\u00e4ngda puffar<\/strong> och <strong data-sourcepos=\"4:124-4:150\">32 ml e-v\u00e4tska kapacitet<\/strong>. <strong data-sourcepos=\"4:162-4:191\">2%\/3%\/5% nikotinalternativ<\/strong>, kombinerar denna innovativa enhet <strong data-sourcepos=\"4:225-4:249\">peksk\u00e4rmskontroller<\/strong> med <strong data-sourcepos=\"4:255-4:284\">dual mesh spoleteknologi<\/strong> f\u00f6r skr\u00e4ddarsydd vaping. <strong data-sourcepos=\"4:312-4:343\">650mAh uppladdningsbart batteri<\/strong> med <strong data-sourcepos=\"4:349-4:368\">Typ-C laddning<\/strong> och <strong data-sourcepos=\"4:373-4:390\">smart display<\/strong> s\u00e4kerst\u00e4ller oavbruten njutning av dess <strong data-sourcepos=\"4:430-4:452\">10 premium smaker<\/strong>.<\/p>\n<p>&nbsp;<\/p>\n<h2><span style=\"font-size: 90%;\">ZOOY POWER 28000 | 28K Puffs eng\u00e5ngsvape <strong data-sourcepos=\"10:5-10:31\">Specifikationer<\/strong><\/span><\/h2>\n<p><strong data-sourcepos=\"7:3-7:17\">Puff Count<\/strong>:\u00a0<strong data-sourcepos=\"7:19-7:35\">28 000 puffar<\/strong><\/p>\n<p><strong data-sourcepos=\"8:3-8:15\">E-v\u00e4tska<\/strong>:\u00a0<strong data-sourcepos=\"8:17-8:36\">32ml f\u00f6rfylld<\/strong><\/p>\n<p><strong data-sourcepos=\"9:3-9:15\">Nikotin<\/strong>:\u00a0<strong data-sourcepos=\"9:17-9:33\">2% \/ 3% \/ 5%<\/strong><\/p>\n<p><strong data-sourcepos=\"10:3-10:14\">Batteri<\/strong>:\u00a0<strong data-sourcepos=\"10:16-10:39\">650MAH uppladdningsbar<\/strong><\/p>\n<p><strong data-sourcepos=\"11:3-11:11\">Spole<\/strong>:\u00a0<strong data-sourcepos=\"11:13-11:31\">Dual Mesh 2,0\u03a9<\/strong><\/p>\n<p><strong data-sourcepos=\"12:3-12:15\">Laddar<\/strong>:\u00a0<strong data-sourcepos=\"12:17-12:39\">Typ-C snabbladdning<\/strong><\/p>\n<p><strong data-sourcepos=\"13:3-13:14\">Visa<\/strong>:\u00a0<strong data-sourcepos=\"13:16-13:37\">Smart peksk\u00e4rm<\/strong><\/p>\n<p><strong data-sourcepos=\"14:3-14:20\">Wattintervall<\/strong>:\u00a0<strong data-sourcepos=\"14:22-14:43\">5W-25W justerbar<\/strong><\/p>\n<p>&nbsp;<\/p>\n<h3><span style=\"font-size: 90%;\">ZOOY POWER 28000 | 28K Puffs eng\u00e5ngsvape <strong data-sourcepos=\"22:5-22:20\">Smaklista<\/strong><\/span><\/h3>\n<p><strong data-sourcepos=\"17:4-17:27\">1.Bl\u00e5b\u00e4rshallon<\/strong><\/p>\n<p><strong data-sourcepos=\"18:4-18:17\">2.Bl\u00e5b\u00e4r<\/strong><\/p>\n<p><strong data-sourcepos=\"19:4-19:17\">3. Grape Ice<\/strong><\/p>\n<p><strong data-sourcepos=\"20:4-20:21\">4. Mexikansk mango<\/strong><\/p>\n<p><strong data-sourcepos=\"21:4-21:19\">5. Blandad frukt<\/strong><\/p>\n<p><strong data-sourcepos=\"22:4-22:21\">6. Passionsfrukt<\/strong><\/p>\n<p><strong data-sourcepos=\"23:4-23:23\">7. Jordgubbskiwi<\/strong><\/p>\n<p><strong data-sourcepos=\"24:4-24:24\">8. Strawberry Punch<\/strong><\/p>\n<p><strong data-sourcepos=\"25:4-25:25\">9.Vaniljglass<\/strong><\/p>\n<p><strong data-sourcepos=\"26:5-26:23\">10. Vattenmelon Is<br \/>\n<img loading=\"lazy\" decoding=\"async\" class=\"alignnone wp-image-4801 size-full\" src=\"https:\/\/pgvape.com\/wp-content\/uploads\/2025\/10\/pgvape-Zooy-Power-28000-Puffs-Disposable-Vape-4.jpg\" alt=\"Tio f\u00e4rgglada rektangul\u00e4ra vape-enheter med \u00f6gla munstyckeslock och runda digitala displayer som visas i tv\u00e5 rader mot en svart randig bakgrund under rubriken &#039;10 FLAVOUR AVAILABLE&#039;.\" width=\"1500\" height=\"1405\" srcset=\"https:\/\/pgvape.com\/wp-content\/uploads\/2025\/10\/pgvape-Zooy-Power-28000-Puffs-Disposable-Vape-4.jpg 1500w, https:\/\/pgvape.com\/wp-content\/uploads\/2025\/10\/pgvape-Zooy-Power-28000-Puffs-Disposable-Vape-4-384x360.jpg 384w, https:\/\/pgvape.com\/wp-content\/uploads\/2025\/10\/pgvape-Zooy-Power-28000-Puffs-Disposable-Vape-4-595x557.jpg 595w, https:\/\/pgvape.com\/wp-content\/uploads\/2025\/10\/pgvape-Zooy-Power-28000-Puffs-Disposable-Vape-4-400x375.jpg 400w, https:\/\/pgvape.com\/wp-content\/uploads\/2025\/10\/pgvape-Zooy-Power-28000-Puffs-Disposable-Vape-4-768x719.jpg 768w, https:\/\/pgvape.com\/wp-content\/uploads\/2025\/10\/pgvape-Zooy-Power-28000-Puffs-Disposable-Vape-4-13x12.jpg 13w, https:\/\/pgvape.com\/wp-content\/uploads\/2025\/10\/pgvape-Zooy-Power-28000-Puffs-Disposable-Vape-4-600x562.jpg 600w, https:\/\/pgvape.com\/wp-content\/uploads\/2025\/10\/pgvape-Zooy-Power-28000-Puffs-Disposable-Vape-4-43x40.jpg 43w\" sizes=\"auto, (max-width: 1500px) 100vw, 1500px\" \/><br \/>\n<\/strong><\/p>\n<p>&nbsp;<\/p>\n<h3><span style=\"font-size: 90%;\">ZOOY POWER 28000 | 28K Puffs eng\u00e5ngsvape <strong>Video<\/strong>:<\/span><\/h3>\n<p>&nbsp;<\/p>\n<h2>Vanliga fr\u00e5gor om ZOOY POWER 28000 | 28K Puffs Disposable Vape<\/h2>\n<p data-sourcepos=\"29:1-30:77\">\u2753 <strong data-sourcepos=\"29:3-29:35\">Vad g\u00f6r denna vape unik?<\/strong><br \/>\n\u2705 <strong data-sourcepos=\"30:3-30:27\">Peksk\u00e4rmskontroller<\/strong> Till\u00e5ta <strong data-sourcepos=\"30:34-30:64\">Exakt wattjustering<\/strong> Fr\u00e5n 5W-25W.<\/p>\n<p data-sourcepos=\"32:1-33:78\">\u2753 <strong data-sourcepos=\"32:3-32:38\">Hur l\u00e4nge r\u00e4cker batteriet?<\/strong><br \/>\n\u2705 Den <strong data-sourcepos=\"33:7-33:25\">650MAH batteri<\/strong> Ger ut\u00f6kad anv\u00e4ndning med <strong data-sourcepos=\"33:53-33:77\">Typ-C snabbladdning<\/strong>.<\/p>\n<p data-sourcepos=\"35:1-36:83\">\u2753 <strong data-sourcepos=\"35:3-35:33\">\u00c4r \u00e5ngkvaliteten bra?<\/strong><br \/>\n\u2705 <strong data-sourcepos=\"36:3-36:22\">Dubbla Mesh Coils<\/strong> Leverera <strong data-sourcepos=\"36:31-36:60\">40% Mer smakintensitet<\/strong> \u00c4n standardenheter.<\/p>\n<p data-sourcepos=\"38:1-39:74\">\u2753 <strong data-sourcepos=\"38:3-38:37\">Kan nyb\u00f6rjare anv\u00e4nda den h\u00e4r enheten?<\/strong><br \/>\n\u2705 Ja! .<\/p>\n<p>&nbsp;<\/p>\n<h3 id=\"brxe-najhln\" class=\"brxe-heading\">Vanliga fr\u00e5gor (FAQ)<\/h3>\n<div id=\"brxe-rajiac\" class=\"brxe-text\">\n<p><strong>F: Vilka betalningsmetoder accepterar du?<\/strong><br \/>\nS: Vi accepterar PayPal, Stripe, bank\u00f6verf\u00f6ringar (st\u00f6ds med SEPA), vanliga kreditkort (Visa, MasterCard, American Express) och betalningar i kryptovaluta.<\/p>\n<p><strong>F: Hur l\u00e5ng tid tar best\u00e4llningsberedningen?<\/strong><br \/>\nS: Best\u00e4llningsf\u00f6rberedelse tar 1-3 arbetsdagar.<\/p>\n<p><strong>F: Vad \u00e4r leveranstiden?<\/strong><br \/>\nS: Leveranstiden \u00e4r 7-14 arbetsdagar, beroende p\u00e5 var du befinner dig.<\/p>\n<p><strong>F: Hur kan jag sp\u00e5ra min best\u00e4llning?<\/strong><br \/>\nS: Efter leverans kommer du att f\u00e5 ett bekr\u00e4ftelsemail med ett sp\u00e5rningsnummer f\u00f6r sp\u00e5rning i realtid.<\/p>\n<p><strong>F: Vilken \u00e4r din returpolicy?<\/strong><br \/>\nS: Vi erbjuder en 30-dagars returpolicy f\u00f6r \u00e5terbetalningar eller byten. .<\/p>\n<p><strong>F: Kommer det att finnas n\u00e5gra tullproblem?<br \/>\n<\/strong>Vi hanterar alla tullf\u00f6rfaranden f\u00f6r att s\u00e4kerst\u00e4lla en problemfri upplevelse f\u00f6r dig. .<\/p>\n<p><strong>F: Vilka frakts\u00e4tt anv\u00e4nds?<\/strong><br \/>\nVi samarbetar med UPS\/DHL\/FEDEX\/DPD, etc. Vi kommer att v\u00e4lja l\u00e4mpligt fraktalternativ beroende p\u00e5 leveransland f\u00f6r att s\u00e4kerst\u00e4lla att du f\u00e5r dina produkter s\u00e5 snabbt som m\u00f6jligt.<\/p>\n<p><a href=\"https:\/\/pgvape.com\/sv\/vanliga-fragor\/\">Klicka h\u00e4r f\u00f6r mer FAQ<\/a><\/p>\n<p>K\u00e4ra kunder, Om du har n\u00e5gra fr\u00e5gor om din best\u00e4llning eller ankomsten av varor, v\u00e4nligen kontakta v\u00e5r kundtj\u00e4nst. Tack!<\/p>\n<h3 data-sourcepos=\"73:1-73:21\"><strong data-sourcepos=\"73:7-73:21\">Kontakta oss<\/strong><\/h3>\n<div id=\"text-2419739398\" class=\"text\">\n<p><strong data-sourcepos=\"75:3-75:12\">E-post<\/strong>:\u00a0<a href=\"mailto:support@pgvape.com\"><strong>support@pgvape.com<\/strong><\/a><\/p>\n<p><strong data-sourcepos=\"76:3-76:15\">WhatsApp<\/strong>:\u00a0<a href=\"https:\/\/wa.me\/+8618128481258\"><strong>+86 18128481258<\/strong><\/a><br \/>\n<strong>(Svara inom 24 timmar p\u00e5 arbetsdagar)<\/strong><\/p>\n<\/div>\n<h3><strong>Tack f\u00f6r att du valde pgvape.com! .<\/strong><\/h3>\n<\/div>","protected":false},"excerpt":{"rendered":"<p><strong data-sourcepos=\"42:5-42:25\">Zooy POWER 28000<\/strong> Kombinerar <strong data-sourcepos=\"42:35-42:74\">Banbrytande peksk\u00e4rmsteknik<\/strong>, <strong data-sourcepos=\"42:76-42:102\">Ut\u00f6kad puffkapacitet<\/strong>, Och <strong data-sourcepos=\"42:108-42:141\">Premium Dual-Coil Performance<\/strong> I en elegant, anv\u00e4ndarv\u00e4nlig design med <strong data-sourcepos=\"42:180-42:201\">10 smakalternativ<\/strong>.<\/p>","protected":false},"featured_media":4800,"comment_status":"open","ping_status":"closed","template":"","meta":{"_seopress_robots_primary_cat":"none","_seopress_titles_title":"%%post_title%% %%sep%% %%sitetitle%%","_seopress_titles_desc":"","_seopress_robots_index":""},"product_brand":[516,291],"product_cat":[227,515,290],"product_tag":[392,135,90,393,204,391],"class_list":{"0":"post-4795","1":"product","2":"type-product","3":"status-publish","4":"has-post-thumbnail","6":"product_brand-disposable-vape","7":"product_brand-zooy-vape","8":"product_cat-28k-puffs-vape","9":"product_cat-disposable-vape","10":"product_cat-zooy-vape","11":"product_tag-28k-puffs-vape","12":"product_tag-adjustable-airflow","13":"product_tag-disposable-vape","14":"product_tag-smart-touchscreen","15":"product_tag-vape-factory-direct","16":"product_tag-zooy-power-28000","18":"first","19":"instock","20":"sale","21":"shipping-taxable","22":"purchasable","23":"product-type-variable"},"_links":{"self":[{"href":"https:\/\/pgvape.com\/sv\/wp-json\/wp\/v2\/product\/4795","targetHints":{"allow":["GET"]}}],"collection":[{"href":"https:\/\/pgvape.com\/sv\/wp-json\/wp\/v2\/product"}],"about":[{"href":"https:\/\/pgvape.com\/sv\/wp-json\/wp\/v2\/types\/product"}],"replies":[{"embeddable":true,"href":"https:\/\/pgvape.com\/sv\/wp-json\/wp\/v2\/comments?post=4795"}],"wp:featuredmedia":[{"embeddable":true,"href":"https:\/\/pgvape.com\/sv\/wp-json\/wp\/v2\/media\/4800"}],"wp:attachment":[{"href":"https:\/\/pgvape.com\/sv\/wp-json\/wp\/v2\/media?parent=4795"}],"wp:term":[{"taxonomy":"product_brand","embeddable":true,"href":"https:\/\/pgvape.com\/sv\/wp-json\/wp\/v2\/product_brand?post=4795"},{"taxonomy":"product_cat","embeddable":true,"href":"https:\/\/pgvape.com\/sv\/wp-json\/wp\/v2\/product_cat?post=4795"},{"taxonomy":"product_tag","embeddable":true,"href":"https:\/\/pgvape.com\/sv\/wp-json\/wp\/v2\/product_tag?post=4795"}],"curies":[{"name":"wp","href":"https:\/\/api.w.org\/{rel}","templated":true}]}}