{"id":4766,"date":"2025-10-30T10:40:44","date_gmt":"2025-10-30T10:40:44","guid":{"rendered":"https:\/\/pgvape.com\/?post_type=product&#038;p=4766"},"modified":"2026-01-27T15:40:11","modified_gmt":"2026-01-27T15:40:11","slug":"zooy-shisha-50000-50k-puffar-disponibel-vape-0-2-3-5-nikotin-10-smaker-justerbart-luftflode-smart-led-display-vape-factory-direct","status":"publish","type":"product","link":"https:\/\/pgvape.com\/sv\/produkt\/zooy-shisha-50000-50k-puffar-disponibel-vape-0-2-3-5-nikotin-10-smaker-justerbart-luftflode-smart-led-display-vape-factory-direct\/","title":{"rendered":"Zooy Shisha 50000 | 50K Puffs Disponibel Vape | 0% 2% 3% 5% Nikotin | 10Smaker | Justerbart luftfl\u00f6de | Smart LED Display | Vape Direct"},"content":{"rendered":"<p><strong data-sourcepos=\"4:5-4:48\">Zooy Shisha 50000 Puffs Disposable Vape<\/strong> omdefinierar vaping uth\u00e5llighet med en <strong data-sourcepos=\"4:84-4:117\">branschledande 50 000 puffar<\/strong> kapacitet. <strong data-sourcepos=\"4:149-4:168\">1400mAh batteri<\/strong> och med en <strong data-sourcepos=\"4:185-4:209\">0,25\u03a9 quad mesh spole<\/strong>, den levererar <strong data-sourcepos=\"4:223-4:241\">intensiv smak<\/strong> och <strong data-sourcepos=\"4:246-4:274\">massiv molnproduktion<\/strong>. <strong data-sourcepos=\"4:280-4:301\">smart LED-display<\/strong> sp\u00e5rar batteri- och e-v\u00e4tskeniv\u00e5er, medan <strong data-sourcepos=\"4:344-4:368\">8-f\u00e4rgs RGB-belysning<\/strong> l\u00e4gger till livfull stil. <strong data-sourcepos=\"4:394-4:422\">40mL f\u00f6rfylld e-v\u00e4tska<\/strong> och <strong data-sourcepos=\"4:427-4:451\">Typ-C snabbladdning<\/strong>, det \u00e4r det ultimata valet f\u00f6r DTL (direkt-till-lung) vapingentusiaster.<\/p>\n<p>&nbsp;<\/p>\n<h2><span style=\"font-size: 90%;\">Zooy Shisha 50000 | 50K Puffs Disponibel Vape <strong data-sourcepos=\"10:5-10:31\">Specifikationer<\/strong><\/span><\/h2>\n<p><strong data-sourcepos=\"7:3-7:30\">50 000 ultral\u00e5nga puffar<\/strong>\u00a0\u2013 O\u00f6vertr\u00e4ffad vaping-livsl\u00e4ngd<\/p>\n<p><strong data-sourcepos=\"8:3-8:27\">0,25\u03a9 Quad Mesh Coil<\/strong>\u00a0\u2013 F\u00f6r maximal smak- och \u00e5ngproduktion<\/p>\n<p><strong data-sourcepos=\"9:3-9:35\">1400mAh uppladdningsbart batteri<\/strong>\u00a0\u2013 F\u00f6rl\u00e4ngd anv\u00e4ndning mellan laddningar<\/p>\n<p><strong data-sourcepos=\"10:3-10:24\">Smart LED-sk\u00e4rm<\/strong>\u00a0\u2013 Batteri- och juice\u00f6vervakning i realtid<\/p>\n<p><strong data-sourcepos=\"11:3-11:25\">Justerbart luftfl\u00f6de<\/strong>\u00a0\u2013 Anpassa ditt dragmotst\u00e5nd<\/p>\n<p><strong data-sourcepos=\"12:3-12:27\">8-f\u00e4rgs RGB-belysning<\/strong>\u00a0\u2013 Dynamiska visuella effekter<\/p>\n<p><strong data-sourcepos=\"13:3-13:27\">Typ-C snabbladdning<\/strong>\u00a0\u2013 Snabba power-ups<\/p>\n<p><strong data-sourcepos=\"14:3-14:29\">40 ml E-v\u00e4tskekapacitet<\/strong>\u00a0\u2013 L\u00e5ngvarig njutning<\/p>\n<p><strong data-sourcepos=\"15:3-15:27\">DTL-optimerad design<\/strong>\u00a0\u2013 Perfekt f\u00f6r molnjakt<\/p>\n<p>&nbsp;<\/p>\n<h3><span style=\"font-size: 90%;\">Zooy Shisha 50000 | 50K Puffs Disponibel Vape <strong data-sourcepos=\"22:5-22:20\">Smaklista<\/strong><\/span><\/h3>\n<p>1. Vattenmelon Is<\/p>\n<p>2.Bl\u00e5b\u00e4ris<\/p>\n<p>3.Blue Razz Cherry<\/p>\n<p>4. Red Bull<\/p>\n<p>5. Blandade b\u00e4r<\/p>\n<p>6.Mango Peach Vattenmelon<\/p>\n<p>7. Jordgubbskiwi<\/p>\n<p>8. Jordgubbsvattenmelon<\/p>\n<p>9. Cherry Strawberry Hallon<\/p>\n<p>10. Jordgubbsdruva<\/p>\n<p>&nbsp;<\/p>\n<h3><span style=\"font-size: 90%;\">Zooy Shisha 50000 | 50K Puffs Disponibel Vape <strong>Video<\/strong>:<\/span><\/h3>\n<p>&nbsp;<\/p>\n<h2>Vanliga fr\u00e5gor om Zooy Shisha 50000 | 50K Puffs Disposable Vape<\/h2>\n<p data-sourcepos=\"44:1-45:103\">\u2753 <strong data-sourcepos=\"44:3-44:40\">Hur uppn\u00e5r den 50 000 bloss?<\/strong><br \/>\n\u2705 Kombinationen av <strong data-sourcepos=\"45:22-45:48\">40 ml e-v\u00e4tska kapacitet<\/strong> och <strong data-sourcepos=\"45:53-45:82\">h\u00f6geffektiv quad coil<\/strong> maximerar livsl\u00e4ngden.<\/p>\n<p data-sourcepos=\"47:1-48:89\">\u2753 <strong data-sourcepos=\"47:3-47:36\">\u00c4r det bra f\u00f6r molnjakt?<\/strong><br \/>\n\u2705 Den <strong data-sourcepos=\"48:7-48:31\">0,25\u03a9 quad mesh spole<\/strong> och <strong data-sourcepos=\"48:36-48:58\">justerbart luftfl\u00f6de<\/strong> skapa <strong data-sourcepos=\"48:66-48:88\">massiva DTL-moln<\/strong>.<\/p>\n<p data-sourcepos=\"50:1-51:91\">\u2753 <strong data-sourcepos=\"50:3-50:38\">Hur l\u00e4nge h\u00e5ller batteriet?<\/strong><br \/>\n\u2705 Den <strong data-sourcepos=\"51:7-51:26\">1400mAh batteri<\/strong> st\u00f6der ut\u00f6kade sessioner och laddas snabbt via <strong data-sourcepos=\"51:80-51:90\">Typ-C<\/strong>.<\/p>\n<p data-sourcepos=\"53:1-54:79\">\u2753 <strong data-sourcepos=\"53:3-53:30\">Kan jag \u00f6vervaka min anv\u00e4ndning?<\/strong><br \/>\n\u2705 Den <strong data-sourcepos=\"54:7-54:24\">smart display<\/strong> visar exakt batteriprocent och \u00e5terst\u00e5ende e-v\u00e4tska.<\/p>\n<p data-sourcepos=\"56:1-57:90\">\u2753 <strong data-sourcepos=\"56:3-56:31\">Vad g\u00f6r att det sticker ut?<br \/>\n<\/strong> \u2705 <strong data-sourcepos=\"57:3-57:19\">RGB-belysning<\/strong>, <strong data-sourcepos=\"57:21-57:46\">premium byggkvalitet<\/strong>, och <strong data-sourcepos=\"57:52-57:76\">o\u00f6vertr\u00e4ffat antal bloss<\/strong> s\u00e4tta is\u00e4r den.<\/p>\n<p>&nbsp;<\/p>\n<h3 id=\"brxe-najhln\" class=\"brxe-heading\">Vanliga fr\u00e5gor (FAQ)<\/h3>\n<div id=\"brxe-rajiac\" class=\"brxe-text\">\n<p><strong>F: Vilka betalningsmetoder accepterar du?<\/strong><br \/>\nS: Vi accepterar PayPal, Stripe, bank\u00f6verf\u00f6ringar (st\u00f6ds med SEPA), vanliga kreditkort (Visa, MasterCard, American Express) och betalningar i kryptovaluta.<\/p>\n<p><strong>F: Hur l\u00e5ng tid tar best\u00e4llningsberedningen?<\/strong><br \/>\nS: Best\u00e4llningsf\u00f6rberedelse tar 1-3 arbetsdagar.<\/p>\n<p><strong>F: Vad \u00e4r leveranstiden?<\/strong><br \/>\nS: Leveranstiden \u00e4r 7-14 arbetsdagar, beroende p\u00e5 var du befinner dig.<\/p>\n<p><strong>F: Hur kan jag sp\u00e5ra min best\u00e4llning?<\/strong><br \/>\nS: Efter leverans kommer du att f\u00e5 ett bekr\u00e4ftelsemail med ett sp\u00e5rningsnummer f\u00f6r sp\u00e5rning i realtid.<\/p>\n<p><strong>F: Vilken \u00e4r din returpolicy?<\/strong><br \/>\nS: Vi erbjuder en 30-dagars returpolicy f\u00f6r \u00e5terbetalningar eller byten. .<\/p>\n<p><strong>F: Kommer det att finnas n\u00e5gra tullproblem?<br \/>\n<\/strong>Vi hanterar alla tullf\u00f6rfaranden f\u00f6r att s\u00e4kerst\u00e4lla en problemfri upplevelse f\u00f6r dig. .<\/p>\n<p><strong>F: Vilka frakts\u00e4tt anv\u00e4nds?<\/strong><br \/>\nVi samarbetar med UPS\/DHL\/FEDEX\/DPD, etc. Vi kommer att v\u00e4lja l\u00e4mpligt fraktalternativ beroende p\u00e5 leveransland f\u00f6r att s\u00e4kerst\u00e4lla att du f\u00e5r dina produkter s\u00e5 snabbt som m\u00f6jligt.<\/p>\n<p><a href=\"https:\/\/pgvape.com\/sv\/vanliga-fragor\/\">Klicka h\u00e4r f\u00f6r mer FAQ<\/a><\/p>\n<p>K\u00e4ra kunder, Om du har n\u00e5gra fr\u00e5gor om din best\u00e4llning eller ankomsten av varor, v\u00e4nligen kontakta v\u00e5r kundtj\u00e4nst. Tack!<\/p>\n<h3 data-sourcepos=\"73:1-73:21\"><strong data-sourcepos=\"73:7-73:21\">Kontakta oss<\/strong><\/h3>\n<div id=\"text-2419739398\" class=\"text\">\n<p><strong data-sourcepos=\"75:3-75:12\">E-post<\/strong>:\u00a0<a href=\"mailto:support@pgvape.com\"><strong>support@pgvape.com<\/strong><\/a><\/p>\n<p><strong data-sourcepos=\"76:3-76:15\">WhatsApp<\/strong>:\u00a0<a href=\"https:\/\/wa.me\/+8618128481258\"><strong>+86 18128481258<\/strong><\/a><br \/>\n<strong>(Svara inom 24 timmar p\u00e5 arbetsdagar)<\/strong><\/p>\n<\/div>\n<h3><strong>Tack f\u00f6r att du valde pgvape.com! .<\/strong><\/h3>\n<\/div>","protected":false},"excerpt":{"rendered":"<p><strong data-sourcepos=\"65:5-65:26\">Zooy Shisha 50000<\/strong> representerar h\u00f6jdpunkten av eng\u00e5ngsvape-teknik, kombinera <strong data-sourcepos=\"65:92-65:113\">extrem livsl\u00e4ngd<\/strong>, <strong data-sourcepos=\"65:115-65:143\">premium molnproduktion<\/strong>, och <strong data-sourcepos=\"65:149-65:172\">innovativa funktioner<\/strong> i en snygg f\u00f6rpackning. <strong data-sourcepos=\"65:269-65:303\">o\u00f6vertr\u00e4ffad vapingupplevelse<\/strong>.<\/p>","protected":false},"featured_media":4770,"comment_status":"open","ping_status":"closed","template":"","meta":{"_seopress_robots_primary_cat":"none","_seopress_titles_title":"%%post_title%% %%sep%% %%sitetitle%%","_seopress_titles_desc":"","_seopress_robots_index":""},"product_brand":[516,291],"product_cat":[61,515,290],"product_tag":[318,135,90,143,204,390],"class_list":{"0":"post-4766","1":"product","2":"type-product","3":"status-publish","4":"has-post-thumbnail","6":"product_brand-disposable-vape","7":"product_brand-zooy-vape","8":"product_cat-50k-puffs-vape","9":"product_cat-disposable-vape","10":"product_cat-zooy-vape","11":"product_tag-50k-puffs-vape","12":"product_tag-adjustable-airflow","13":"product_tag-disposable-vape","14":"product_tag-smart-led-display","15":"product_tag-vape-factory-direct","16":"product_tag-zooy-shisha-50000","18":"first","19":"instock","20":"sale","21":"shipping-taxable","22":"purchasable","23":"product-type-variable"},"_links":{"self":[{"href":"https:\/\/pgvape.com\/sv\/wp-json\/wp\/v2\/product\/4766","targetHints":{"allow":["GET"]}}],"collection":[{"href":"https:\/\/pgvape.com\/sv\/wp-json\/wp\/v2\/product"}],"about":[{"href":"https:\/\/pgvape.com\/sv\/wp-json\/wp\/v2\/types\/product"}],"replies":[{"embeddable":true,"href":"https:\/\/pgvape.com\/sv\/wp-json\/wp\/v2\/comments?post=4766"}],"wp:featuredmedia":[{"embeddable":true,"href":"https:\/\/pgvape.com\/sv\/wp-json\/wp\/v2\/media\/4770"}],"wp:attachment":[{"href":"https:\/\/pgvape.com\/sv\/wp-json\/wp\/v2\/media?parent=4766"}],"wp:term":[{"taxonomy":"product_brand","embeddable":true,"href":"https:\/\/pgvape.com\/sv\/wp-json\/wp\/v2\/product_brand?post=4766"},{"taxonomy":"product_cat","embeddable":true,"href":"https:\/\/pgvape.com\/sv\/wp-json\/wp\/v2\/product_cat?post=4766"},{"taxonomy":"product_tag","embeddable":true,"href":"https:\/\/pgvape.com\/sv\/wp-json\/wp\/v2\/product_tag?post=4766"}],"curies":[{"name":"wp","href":"https:\/\/api.w.org\/{rel}","templated":true}]}}