{"id":4664,"date":"2025-10-27T10:55:06","date_gmt":"2025-10-27T10:55:06","guid":{"rendered":"https:\/\/pgvape.com\/?post_type=product&#038;p=4664"},"modified":"2026-03-04T08:21:16","modified_gmt":"2026-03-04T08:21:16","slug":"jnr-shisha-max-22000-22k-puffs-disponibel-vape-2-nikotin-15-smaker-original-vattenpipa-edition-lcd-display-vape-factory-direct","status":"publish","type":"product","link":"https:\/\/pgvape.com\/sv\/produkt\/jnr-shisha-max-22000-22k-puffs-disponibel-vape-2-nikotin-15-smaker-original-vattenpipa-edition-lcd-display-vape-factory-direct\/","title":{"rendered":"JNR Shisha Max 22000 | 22K Puffs Disponibel Vape | 2% Nikotin | 15Smaker | Original vattenpipa Edition | LCD Display | Vape Factory Direct"},"content":{"rendered":"<p><strong data-sourcepos=\"4:5-4:55\">JNR Shisha Max 22000 Puffs DTL Disposable Vape<\/strong> Levererar <strong data-sourcepos=\"4:65-4:104\">Kraftfull direkt-till-lungprestanda<\/strong> Med <strong data-sourcepos=\"4:110-4:137\">22 000 ultral\u00e5nga puffar<\/strong> Och <strong data-sourcepos=\"4:142-4:170\">29ML f\u00f6rfylld E-v\u00e4tska<\/strong>. <strong data-sourcepos=\"4:184-4:204\">Triple Mesh Coil<\/strong> F\u00f6r <strong data-sourcepos=\"4:209-4:227\">Intensiv smak<\/strong> Och <strong data-sourcepos=\"4:232-4:248\">T\u00e4ta moln<\/strong>, det erbjuder <strong data-sourcepos=\"4:260-4:275\">2% Nikotin<\/strong> F\u00f6r A <strong data-sourcepos=\"4:282-4:303\">Smidig halstr\u00e4ff<\/strong>. <strong data-sourcepos=\"4:309-4:328\">1100MAH batteri<\/strong> Med <strong data-sourcepos=\"4:334-4:358\">Typ-C snabbladdning<\/strong> Och <strong data-sourcepos=\"4:363-4:385\">Justerbart luftfl\u00f6de<\/strong> S\u00e4kerst\u00e4ller <strong data-sourcepos=\"4:394-4:426\">Anpassningsbara vaping-sessioner<\/strong>, Medan The <strong data-sourcepos=\"4:438-4:458\">Inbyggd display<\/strong> Sp\u00e5r <strong data-sourcepos=\"4:466-4:477\">Batteri<\/strong> Och <strong data-sourcepos=\"4:482-4:501\">E-v\u00e4tskeniv\u00e5er<\/strong>.<img loading=\"lazy\" decoding=\"async\" class=\"alignnone wp-image-7435 size-full\" src=\"https:\/\/pgvape.com\/wp-content\/uploads\/2025\/10\/JNR-Shisha-Max-22000-22K-Puffs-Disposable-Vape-2-Nicotine-15Tastes-Original-Hookah-Edition-LCD-Display-Vape-Factory-Wholesale-pgvape-5.png\" alt=\"Tv\u00e5 metalliska bl\u00e5 JNR Shisha Hookah Max eng\u00e5ngsenheter lutade \u00f6ver en svepande ljusbl\u00e5 randig bakgrund med stor &#039;SHISHA hookah MAX&#039;-text, DTL- och JNR-logotyper och sm\u00e5 ikoner som noterar ca. .\" width=\"1800\" height=\"496\" srcset=\"https:\/\/pgvape.com\/wp-content\/uploads\/2025\/10\/JNR-Shisha-Max-22000-22K-Puffs-Disposable-Vape-2-Nicotine-15Tastes-Original-Hookah-Edition-LCD-Display-Vape-Factory-Wholesale-pgvape-5.png 1800w, https:\/\/pgvape.com\/wp-content\/uploads\/2025\/10\/JNR-Shisha-Max-22000-22K-Puffs-Disposable-Vape-2-Nicotine-15Tastes-Original-Hookah-Edition-LCD-Display-Vape-Factory-Wholesale-pgvape-5-555x153.png 555w, https:\/\/pgvape.com\/wp-content\/uploads\/2025\/10\/JNR-Shisha-Max-22000-22K-Puffs-Disposable-Vape-2-Nicotine-15Tastes-Original-Hookah-Edition-LCD-Display-Vape-Factory-Wholesale-pgvape-5-595x164.png 595w, https:\/\/pgvape.com\/wp-content\/uploads\/2025\/10\/JNR-Shisha-Max-22000-22K-Puffs-Disposable-Vape-2-Nicotine-15Tastes-Original-Hookah-Edition-LCD-Display-Vape-Factory-Wholesale-pgvape-5-400x110.png 400w, https:\/\/pgvape.com\/wp-content\/uploads\/2025\/10\/JNR-Shisha-Max-22000-22K-Puffs-Disposable-Vape-2-Nicotine-15Tastes-Original-Hookah-Edition-LCD-Display-Vape-Factory-Wholesale-pgvape-5-768x212.png 768w, https:\/\/pgvape.com\/wp-content\/uploads\/2025\/10\/JNR-Shisha-Max-22000-22K-Puffs-Disposable-Vape-2-Nicotine-15Tastes-Original-Hookah-Edition-LCD-Display-Vape-Factory-Wholesale-pgvape-5-1536x423.png 1536w, https:\/\/pgvape.com\/wp-content\/uploads\/2025\/10\/JNR-Shisha-Max-22000-22K-Puffs-Disposable-Vape-2-Nicotine-15Tastes-Original-Hookah-Edition-LCD-Display-Vape-Factory-Wholesale-pgvape-5-18x5.png 18w, https:\/\/pgvape.com\/wp-content\/uploads\/2025\/10\/JNR-Shisha-Max-22000-22K-Puffs-Disposable-Vape-2-Nicotine-15Tastes-Original-Hookah-Edition-LCD-Display-Vape-Factory-Wholesale-pgvape-5-600x165.png 600w\" sizes=\"auto, (max-width: 1800px) 100vw, 1800px\" \/><\/p>\n<p>&nbsp;<\/p>\n<h2><span style=\"font-size: 90%;\">JNR Shisha Max 22000 | 22K Puffs eng\u00e5ngsvape <strong data-sourcepos=\"10:5-10:31\">Produktspecifikationer<\/strong><\/span><\/h2>\n<p><strong data-sourcepos=\"7:3-7:17\">Puff Count<\/strong>:\u00a0<strong data-sourcepos=\"7:19-7:35\">22 000 puffar<\/strong><\/p>\n<p><strong data-sourcepos=\"8:3-8:11\">Spole<\/strong>:\u00a0<strong data-sourcepos=\"8:13-8:33\">Triple Mesh Coil<\/strong><\/p>\n<p><strong data-sourcepos=\"9:3-9:15\">E-v\u00e4tska<\/strong>:\u00a0<strong data-sourcepos=\"9:17-9:34\">Kapacitet 29ml<\/strong><\/p>\n<p><strong data-sourcepos=\"10:3-10:15\">Nikotin<\/strong>:\u00a0<strong data-sourcepos=\"10:17-10:33\">2% (20MG\/ML)<\/strong><\/p>\n<p><strong data-sourcepos=\"11:3-11:14\">Batteri<\/strong>:\u00a0<strong data-sourcepos=\"11:16-11:40\">1100MAH Laddningsbar<\/strong><\/p>\n<p><strong data-sourcepos=\"12:3-12:15\">Laddar<\/strong>:\u00a0<strong data-sourcepos=\"12:17-12:32\">Typ-C-port<\/strong><\/p>\n<p><strong data-sourcepos=\"13:3-13:14\">Visa<\/strong>:\u00a0<strong data-sourcepos=\"13:16-13:48\">Batteri &amp; E-Liquid Indikator<\/strong><\/p>\n<p><strong data-sourcepos=\"14:3-14:14\">Luftfl\u00f6de<\/strong>:\u00a0<strong data-sourcepos=\"14:16-14:36\">Fullt justerbar<\/strong><\/p>\n<p><strong data-sourcepos=\"15:3-15:13\">Design<\/strong>:\u00a0<strong data-sourcepos=\"15:15-15:47\">DTL (Direct-To-Lung) fokuserad<\/strong><\/p>\n<p>&nbsp;<\/p>\n<h3><span style=\"font-size: 90%;\">JNR Shisha Max 22000 | 22K Puffs eng\u00e5ngsvape <strong data-sourcepos=\"22:5-22:20\">Smaklista<\/strong><\/span><\/h3>\n<p><strong data-sourcepos=\"18:4-18:16\">1. Frodig is<\/strong><\/p>\n<p><strong data-sourcepos=\"19:4-19:17\">2.Peach Ice<\/strong><\/p>\n<p><strong data-sourcepos=\"20:4-20:15\">3. K\u00e4rlek 66<\/strong><\/p>\n<p><strong data-sourcepos=\"21:4-21:17\">4.Tv\u00e5 \u00e4pplen<\/strong><\/p>\n<p><strong data-sourcepos=\"22:4-22:18\">5. Druvmynta<\/strong><\/p>\n<p><strong data-sourcepos=\"23:4-23:17\">6. Mango Ice<\/strong><\/p>\n<p><strong data-sourcepos=\"24:4-24:19\">7.Simply Mint<\/strong><\/p>\n<p><strong data-sourcepos=\"25:4-25:17\">8.B\u00e4ris<\/strong><\/p>\n<p><strong data-sourcepos=\"26:4-26:21\">9.Bl\u00e5b\u00e4ris<\/strong><\/p>\n<p><strong data-sourcepos=\"27:5-27:25\">10.Blue Razz Cherry<\/strong><\/p>\n<p><strong data-sourcepos=\"28:5-28:19\">11. Lady Killa<\/strong><\/p>\n<p><strong data-sourcepos=\"29:5-29:33\">12. Cherry Watermelon Freeze<\/strong><\/p>\n<p><strong data-sourcepos=\"30:5-30:40\">13.Watermelon Strawberry Bubblegum<\/strong><\/p>\n<p><strong data-sourcepos=\"31:5-31:24\">14.Jordgubbskiwi<\/strong><\/p>\n<p><strong data-sourcepos=\"32:5-32:25\">15.Strawberry Punch<br \/>\n<img loading=\"lazy\" decoding=\"async\" class=\"alignnone wp-image-7432 size-full\" src=\"https:\/\/pgvape.com\/wp-content\/uploads\/2025\/10\/JNR-Shisha-Max-22000-22K-Puffs-Disposable-Vape-2-Nicotine-15Tastes-Original-Hookah-Edition-LCD-Display-Vape-Factory-Wholesale-pgvape-2.png\" alt=\"F\u00e4rgstarkt rutn\u00e4t med 15 smaksatta annonser f\u00f6r eng\u00e5ngsvapeprodukter, varje bricka visar en enhet och l\u00e5da med livfulla frukt- eller myntabilder och smaketiketter som Blueberry Ice, Lady Killa, Cherry Watermelon Freeze, Berry Ice, Watermelon Strawberry Bubblegum, Strawberry Kiwi, Strawberry Punch, Lush Love Ice, Gra6 Mingo Ice, Simply, Ice, Two .\" width=\"1000\" height=\"1000\" srcset=\"https:\/\/pgvape.com\/wp-content\/uploads\/2025\/10\/JNR-Shisha-Max-22000-22K-Puffs-Disposable-Vape-2-Nicotine-15Tastes-Original-Hookah-Edition-LCD-Display-Vape-Factory-Wholesale-pgvape-2.png 1000w, https:\/\/pgvape.com\/wp-content\/uploads\/2025\/10\/JNR-Shisha-Max-22000-22K-Puffs-Disposable-Vape-2-Nicotine-15Tastes-Original-Hookah-Edition-LCD-Display-Vape-Factory-Wholesale-pgvape-2-360x360.png 360w, https:\/\/pgvape.com\/wp-content\/uploads\/2025\/10\/JNR-Shisha-Max-22000-22K-Puffs-Disposable-Vape-2-Nicotine-15Tastes-Original-Hookah-Edition-LCD-Display-Vape-Factory-Wholesale-pgvape-2-595x595.png 595w, https:\/\/pgvape.com\/wp-content\/uploads\/2025\/10\/JNR-Shisha-Max-22000-22K-Puffs-Disposable-Vape-2-Nicotine-15Tastes-Original-Hookah-Edition-LCD-Display-Vape-Factory-Wholesale-pgvape-2-400x400.png 400w, https:\/\/pgvape.com\/wp-content\/uploads\/2025\/10\/JNR-Shisha-Max-22000-22K-Puffs-Disposable-Vape-2-Nicotine-15Tastes-Original-Hookah-Edition-LCD-Display-Vape-Factory-Wholesale-pgvape-2-768x768.png 768w, https:\/\/pgvape.com\/wp-content\/uploads\/2025\/10\/JNR-Shisha-Max-22000-22K-Puffs-Disposable-Vape-2-Nicotine-15Tastes-Original-Hookah-Edition-LCD-Display-Vape-Factory-Wholesale-pgvape-2-12x12.png 12w, https:\/\/pgvape.com\/wp-content\/uploads\/2025\/10\/JNR-Shisha-Max-22000-22K-Puffs-Disposable-Vape-2-Nicotine-15Tastes-Original-Hookah-Edition-LCD-Display-Vape-Factory-Wholesale-pgvape-2-300x300.png 300w, https:\/\/pgvape.com\/wp-content\/uploads\/2025\/10\/JNR-Shisha-Max-22000-22K-Puffs-Disposable-Vape-2-Nicotine-15Tastes-Original-Hookah-Edition-LCD-Display-Vape-Factory-Wholesale-pgvape-2-600x600.png 600w, https:\/\/pgvape.com\/wp-content\/uploads\/2025\/10\/JNR-Shisha-Max-22000-22K-Puffs-Disposable-Vape-2-Nicotine-15Tastes-Original-Hookah-Edition-LCD-Display-Vape-Factory-Wholesale-pgvape-2-100x100.png 100w\" sizes=\"auto, (max-width: 1000px) 100vw, 1000px\" \/><\/strong><\/p>\n<p>&nbsp;<\/p>\n<p>&nbsp;<\/p>\n<h3><span style=\"font-size: 90%;\">JNR Shisha Max 22000 | 22K Puffs eng\u00e5ngsvape <strong>Video<\/strong>:<br \/>\n<iframe loading=\"lazy\" title=\"JNR Shisha Max 22K Puffs Disponibel Vape 2% Nikotin | Original Hookah Edition | LCD Display pgvape\" width=\"1020\" height=\"574\" src=\"https:\/\/www.youtube.com\/embed\/K7DbxCLSZx8?feature=oembed\" frameborder=\"0\" allow=\"accelerometer; autoplay; clipboard-write; encrypted-media; gyroscope; picture-in-picture; web-share\" referrerpolicy=\"strict-origin-when-cross-origin\" allowfullscreen><\/iframe><br \/>\n<\/span><\/h3>\n<p>&nbsp;<\/p>\n<h2>Vanliga fr\u00e5gor om JNR Shisha Max 22000 | 22K Puffs Disposable Vape<\/h2>\n<p data-sourcepos=\"35:1-36:109\">\u2753 <strong data-sourcepos=\"35:3-35:34\">Vad g\u00f6r detta till en DTL Vape?<\/strong><br \/>\n\u2705 <strong data-sourcepos=\"36:3-36:23\">Triple Mesh Coil<\/strong> + <strong data-sourcepos=\"36:26-36:48\">Justerbart luftfl\u00f6de<\/strong> Optimera <strong data-sourcepos=\"36:58-36:78\">Molnproduktion<\/strong> F\u00f6r <strong data-sourcepos=\"36:83-36:106\">Direkta lunginandningar<\/strong>.<\/p>\n<p data-sourcepos=\"38:1-39:96\">\u2753 <strong data-sourcepos=\"38:3-38:38\">Hur l\u00e4nge r\u00e4cker batteriet?<br \/>\n<\/strong> \u2705 <strong data-sourcepos=\"39:3-39:23\">Kapacitet 1100MAH<\/strong> St\u00f6der <strong data-sourcepos=\"39:33-39:49\">Ut\u00f6kad anv\u00e4ndning<\/strong>; <strong data-sourcepos=\"39:51-39:70\">Laddning av typ C<\/strong> \u00c5terst\u00e4ller kraften snabbt.<\/p>\n<p data-sourcepos=\"41:1-42:88\">\u2753 <strong data-sourcepos=\"41:3-41:37\">Kan jag \u00f6vervaka niv\u00e5er av e-v\u00e4tska?<\/strong><br \/>\n\u2705 <strong data-sourcepos=\"42:3-42:23\">Inbyggd display<\/strong> Shower <strong data-sourcepos=\"42:30-42:49\">\u00c5terst\u00e5ende juice<\/strong> Och <strong data-sourcepos=\"42:54-42:72\">Batteristatus<\/strong> I realtid.<\/p>\n<p data-sourcepos=\"44:1-45:89\">\u2753 <strong data-sourcepos=\"44:3-44:37\">Vad \u00e4r speciellt med The Coil?<\/strong><br \/>\n\u2705 <strong data-sourcepos=\"45:3-45:25\">Trippeln\u00e4tdesign<\/strong> F\u00f6rb\u00e4ttrar <strong data-sourcepos=\"45:35-45:53\">Smakklarhet<\/strong> Av <strong data-sourcepos=\"45:57-45:64\">30%<\/strong> Versus standardspolar.<\/p>\n<p data-sourcepos=\"47:1-48:93\">\u2753 <strong data-sourcepos=\"47:3-47:28\">\u00c4r smakerna dj\u00e4rva?<br \/>\n<\/strong> \u2705 <strong data-sourcepos=\"48:3-48:25\">15 Premium-alternativ<\/strong> Omf\u00e5ng fr\u00e5n <strong data-sourcepos=\"48:37-48:47\">Fruktig<\/strong> Till <strong data-sourcepos=\"48:51-48:62\">Mentol<\/strong> F\u00f6r <strong data-sourcepos=\"48:67-48:90\">Olika preferenser<\/strong>.<\/p>\n<p>&nbsp;<\/p>\n<h3 id=\"brxe-najhln\" class=\"brxe-heading\">Vanliga fr\u00e5gor (FAQ)<\/h3>\n<div id=\"brxe-rajiac\" class=\"brxe-text\">\n<p><strong>F: Vilka betalningsmetoder accepterar du?<\/strong><br \/>\nS: Vi accepterar PayPal, Stripe, bank\u00f6verf\u00f6ringar (st\u00f6ds med SEPA), vanliga kreditkort (Visa, MasterCard, American Express) och betalningar i kryptovaluta.<\/p>\n<p><strong>F: Hur l\u00e5ng tid tar best\u00e4llningsberedningen?<\/strong><br \/>\nS: Best\u00e4llningsf\u00f6rberedelse tar 1-3 arbetsdagar.<\/p>\n<p><strong>F: Vad \u00e4r leveranstiden?<\/strong><br \/>\nS: Leveranstiden \u00e4r 7-14 arbetsdagar, beroende p\u00e5 var du befinner dig.<\/p>\n<p><strong>F: Hur kan jag sp\u00e5ra min best\u00e4llning?<\/strong><br \/>\nS: Efter leverans kommer du att f\u00e5 ett bekr\u00e4ftelsemail med ett sp\u00e5rningsnummer f\u00f6r sp\u00e5rning i realtid.<\/p>\n<p><strong>F: Vilken \u00e4r din returpolicy?<\/strong><br \/>\nS: Vi erbjuder en 30-dagars returpolicy f\u00f6r \u00e5terbetalningar eller byten. .<\/p>\n<p><strong>F: Kommer det att finnas n\u00e5gra tullproblem?<br \/>\n<\/strong>Vi hanterar alla tullf\u00f6rfaranden f\u00f6r att s\u00e4kerst\u00e4lla en problemfri upplevelse f\u00f6r dig. .<\/p>\n<p><strong>F: Vilka frakts\u00e4tt anv\u00e4nds?<\/strong><br \/>\nVi samarbetar med UPS\/DHL\/FEDEX\/DPD, etc. Vi kommer att v\u00e4lja l\u00e4mpligt fraktalternativ beroende p\u00e5 leveransland f\u00f6r att s\u00e4kerst\u00e4lla att du f\u00e5r dina produkter s\u00e5 snabbt som m\u00f6jligt.<\/p>\n<p><a href=\"https:\/\/pgvape.com\/sv\/vanliga-fragor\/\">Klicka h\u00e4r f\u00f6r mer FAQ<\/a><\/p>\n<p>K\u00e4ra kunder, Om du har n\u00e5gra fr\u00e5gor om din best\u00e4llning eller ankomsten av varor, v\u00e4nligen kontakta v\u00e5r kundtj\u00e4nst. Tack!<\/p>\n<h3 data-sourcepos=\"73:1-73:21\"><strong data-sourcepos=\"73:7-73:21\">Kontakta oss<\/strong><\/h3>\n<div id=\"text-2419739398\" class=\"text\">\n<p><strong data-sourcepos=\"75:3-75:12\">E-post<\/strong>:\u00a0<a href=\"mailto:support@pgvape.com\"><strong>support@pgvape.com<\/strong><\/a><\/p>\n<p><strong data-sourcepos=\"76:3-76:15\">WhatsApp<\/strong>:\u00a0<a href=\"https:\/\/wa.me\/+8618128481258\"><strong>+86 18128481258<\/strong><\/a><br \/>\n<strong>(Svara inom 24 timmar p\u00e5 arbetsdagar)<\/strong><\/p>\n<\/div>\n<h3><strong>Tack f\u00f6r att du valde pgvape.com! .<\/strong><\/h3>\n<\/div>","protected":false},"excerpt":{"rendered":"<p><strong data-sourcepos=\"51:5-51:35\">JNR Shisha Max 22000 Puffar<\/strong> Kombinerar <strong data-sourcepos=\"51:45-51:66\">DTL Cloud Chasing<\/strong>, <strong data-sourcepos=\"51:68-51:95\">Triple-Coil Performance<\/strong>, Och <strong data-sourcepos=\"51:101-51:131\">L\u00e5ngvarig kapacitet p\u00e5 29 ml<\/strong> Med <strong data-sourcepos=\"51:137-51:158\">15 smakval<\/strong> F\u00f6r <strong data-sourcepos=\"51:163-51:198\">O\u00f6vertr\u00e4ffad eng\u00e5ngsvapekraft<\/strong>.<\/p>","protected":false},"featured_media":4671,"comment_status":"open","ping_status":"closed","template":"","meta":{"_seopress_robots_primary_cat":"none","_seopress_titles_title":"%%post_title%% %%sep%% %%sitetitle%%","_seopress_titles_desc":"","_seopress_robots_index":""},"product_brand":[516,228],"product_cat":[381,515,29],"product_tag":[383,90,382,191,384],"class_list":{"0":"post-4664","1":"product","2":"type-product","3":"status-publish","4":"has-post-thumbnail","6":"product_brand-disposable-vape","7":"product_brand-jnr-vape","8":"product_cat-22k-puffs-vape","9":"product_cat-disposable-vape","10":"product_cat-jnr-vape","11":"product_tag-22k-puffs-vape","12":"product_tag-disposable-vape","13":"product_tag-jnr-shisha-max-22000","14":"product_tag-lcd-display","15":"product_tag-original-hookah-edition","17":"first","18":"outofstock","19":"sale","20":"shipping-taxable","21":"purchasable","22":"product-type-variable"},"_links":{"self":[{"href":"https:\/\/pgvape.com\/sv\/wp-json\/wp\/v2\/product\/4664","targetHints":{"allow":["GET"]}}],"collection":[{"href":"https:\/\/pgvape.com\/sv\/wp-json\/wp\/v2\/product"}],"about":[{"href":"https:\/\/pgvape.com\/sv\/wp-json\/wp\/v2\/types\/product"}],"replies":[{"embeddable":true,"href":"https:\/\/pgvape.com\/sv\/wp-json\/wp\/v2\/comments?post=4664"}],"wp:featuredmedia":[{"embeddable":true,"href":"https:\/\/pgvape.com\/sv\/wp-json\/wp\/v2\/media\/4671"}],"wp:attachment":[{"href":"https:\/\/pgvape.com\/sv\/wp-json\/wp\/v2\/media?parent=4664"}],"wp:term":[{"taxonomy":"product_brand","embeddable":true,"href":"https:\/\/pgvape.com\/sv\/wp-json\/wp\/v2\/product_brand?post=4664"},{"taxonomy":"product_cat","embeddable":true,"href":"https:\/\/pgvape.com\/sv\/wp-json\/wp\/v2\/product_cat?post=4664"},{"taxonomy":"product_tag","embeddable":true,"href":"https:\/\/pgvape.com\/sv\/wp-json\/wp\/v2\/product_tag?post=4664"}],"curies":[{"name":"wp","href":"https:\/\/api.w.org\/{rel}","templated":true}]}}