{"id":4564,"date":"2025-10-26T08:30:08","date_gmt":"2025-10-26T08:30:08","guid":{"rendered":"https:\/\/pgvape.com\/?post_type=product&#038;p=4564"},"modified":"2026-02-11T01:51:26","modified_gmt":"2026-02-11T01:51:26","slug":"uzy-tornado-20000-20k-puffs-disponibel-vape-0-2-3-5-nikotin-12-smakar-uppladdningsbar-led-display-vape-factory-direct","status":"publish","type":"product","link":"https:\/\/pgvape.com\/sv\/produkt\/uzy-tornado-20000-20k-puffs-disponibel-vape-0-2-3-5-nikotin-12-smakar-uppladdningsbar-led-display-vape-factory-direct\/","title":{"rendered":"UZY Tornado 20000 | 20k Puffs Disponibel Vape | 0% 2% 3% 5% Nikotin | 12Smakar | Uppladdningsbar | LED-display Va Direct Factory |"},"content":{"rendered":"<p><strong data-sourcepos=\"4:5-4:60\">UZY Tornado 20000 Puffs LED Display Disponibel Vape<\/strong> Levererar <strong data-sourcepos=\"4:70-4:102\">Ut\u00f6kad Vaping Satisfaction<\/strong> Med <strong data-sourcepos=\"4:108-4:135\">20 000 ultral\u00e5nga puffar<\/strong> Och A <strong data-sourcepos=\"4:142-4:179\">28ml f\u00f6rfylld e-v\u00e4tskekapacitet<\/strong>. <strong data-sourcepos=\"4:191-4:223\">0%\/2%\/3%\/5% Nikotinalternativ<\/strong>, An <strong data-sourcepos=\"4:228-4:259\">850MAH uppladdningsbart batteri<\/strong>, Och <strong data-sourcepos=\"4:265-4:289\">Typ-C snabbladdning<\/strong>, det erbjuder <strong data-sourcepos=\"4:301-4:340\">Bekv\u00e4m, h\u00f6gpresterande vaping<\/strong>. <strong data-sourcepos=\"4:346-4:361\">LED-display<\/strong> Ger sp\u00e5rning av anv\u00e4ndning i realtid, medan <strong data-sourcepos=\"4:403-4:425\">12 premiumsmaker<\/strong> Tillgodose olika smakpreferenser.<\/p>\n<p>&nbsp;<\/p>\n<h2><span style=\"font-size: 90%;\">UZY Tornado 20000 | 20k Puffs disponibel vape <strong>Produktspecifikation<\/strong><\/span><\/h2>\n<p><strong data-sourcepos=\"7:3-7:17\">Puff Count<\/strong>:\u00a0<strong data-sourcepos=\"7:19-7:35\">20 000 puffar<\/strong><\/p>\n<p><strong data-sourcepos=\"8:3-8:15\">E-v\u00e4tska<\/strong>:\u00a0<strong data-sourcepos=\"8:17-8:46\">28 ml f\u00f6rfylld patron<\/strong><\/p>\n<p><strong data-sourcepos=\"9:3-9:15\">Nikotin<\/strong>:\u00a0<strong data-sourcepos=\"9:17-9:38\">0% \/ 2% \/ 3% \/ 5%<\/strong><\/p>\n<p><strong data-sourcepos=\"10:3-10:14\">Batteri<\/strong>:\u00a0<strong data-sourcepos=\"10:16-10:39\">850MAH uppladdningsbar<\/strong><\/p>\n<p><strong data-sourcepos=\"11:3-11:15\">Laddar<\/strong>:\u00a0<strong data-sourcepos=\"11:17-11:32\">Typ-C-port<\/strong><\/p>\n<p><strong data-sourcepos=\"12:3-12:14\">Visa<\/strong>:\u00a0<strong data-sourcepos=\"12:16-12:30\">LED-sk\u00e4rm<\/strong><\/p>\n<p><strong data-sourcepos=\"13:3-13:14\">Smaker<\/strong>:\u00a0<strong data-sourcepos=\"13:16-13:30\">12 alternativ<\/strong><\/p>\n<p><strong data-sourcepos=\"14:3-14:13\">Design<\/strong>:\u00a0<strong data-sourcepos=\"14:15-14:39\">Kompakt &amp; disponibel<\/strong><\/p>\n<p>&nbsp;<\/p>\n<h3><span style=\"font-size: 90%;\">UZY Tornado 20000 | 20k Puffs Disposable Vape Vape Flavor List <strong data-sourcepos=\"22:5-22:20\">Smaklista<\/strong><\/span><\/h3>\n<p><strong data-sourcepos=\"17:4-17:29\">1. Jordgubbsvattenmelon<\/strong><\/p>\n<p><strong data-sourcepos=\"18:4-18:24\">2.Blueberry On Ice<\/strong><\/p>\n<p><strong data-sourcepos=\"19:4-19:29\">3.Peach Mango Ananas<\/strong><\/p>\n<p><strong data-sourcepos=\"20:4-20:17\">4. Grape Ice<\/strong><\/p>\n<p><strong data-sourcepos=\"21:4-21:22\">5. Vattenmelon Is<\/strong><\/p>\n<p><strong data-sourcepos=\"22:4-22:17\">6.Peach Ice<\/strong><\/p>\n<p><strong data-sourcepos=\"23:4-23:23\">7. Jordgubbskiwi<\/strong><\/p>\n<p><strong data-sourcepos=\"24:4-24:27\">8.Bl\u00e5b\u00e4rshallon<\/strong><\/p>\n<p><strong data-sourcepos=\"25:4-25:26\">9. Kiwi Passionsfrukt<\/strong><\/p>\n<p><strong data-sourcepos=\"26:5-26:16\">10.MR Bl\u00e5<\/strong><\/p>\n<p><strong data-sourcepos=\"27:5-27:25\">11.Triple Mango Ice<\/strong><\/p>\n<p><strong data-sourcepos=\"28:5-28:23\">12.R\u00f6d Energiis<br \/>\n<img loading=\"lazy\" decoding=\"async\" class=\"alignnone wp-image-4582 size-full\" src=\"https:\/\/pgvape.com\/wp-content\/uploads\/2025\/10\/pgvape-UZY-Tornado-20000-20k-Puffs-Disposable-Vape-16.png\" alt=\"Rad med tretton ljust f\u00e4rgade vapeapparater f\u00f6r eng\u00e5ngsbruk som st\u00e5r uppr\u00e4tt, var och en med en unik tecknad apaillustration och distinkt f\u00e4rggradient mot en m\u00f6rk, futuristisk cirkul\u00e4r bakgrund.\" width=\"1500\" height=\"493\" srcset=\"https:\/\/pgvape.com\/wp-content\/uploads\/2025\/10\/pgvape-UZY-Tornado-20000-20k-Puffs-Disposable-Vape-16.png 1500w, https:\/\/pgvape.com\/wp-content\/uploads\/2025\/10\/pgvape-UZY-Tornado-20000-20k-Puffs-Disposable-Vape-16-555x182.png 555w, https:\/\/pgvape.com\/wp-content\/uploads\/2025\/10\/pgvape-UZY-Tornado-20000-20k-Puffs-Disposable-Vape-16-595x196.png 595w, https:\/\/pgvape.com\/wp-content\/uploads\/2025\/10\/pgvape-UZY-Tornado-20000-20k-Puffs-Disposable-Vape-16-400x131.png 400w, https:\/\/pgvape.com\/wp-content\/uploads\/2025\/10\/pgvape-UZY-Tornado-20000-20k-Puffs-Disposable-Vape-16-768x252.png 768w, https:\/\/pgvape.com\/wp-content\/uploads\/2025\/10\/pgvape-UZY-Tornado-20000-20k-Puffs-Disposable-Vape-16-18x6.png 18w, https:\/\/pgvape.com\/wp-content\/uploads\/2025\/10\/pgvape-UZY-Tornado-20000-20k-Puffs-Disposable-Vape-16-600x197.png 600w, https:\/\/pgvape.com\/wp-content\/uploads\/2025\/10\/pgvape-UZY-Tornado-20000-20k-Puffs-Disposable-Vape-16-60x20.png 60w\" sizes=\"auto, (max-width: 1500px) 100vw, 1500px\" \/><br \/>\n<\/strong><\/p>\n<p>&nbsp;<\/p>\n<h3><span style=\"font-size: 90%;\">UZY Tornado 20000 | 20k Puffs disponibel vape <strong>Video<\/strong>:<\/span><\/h3>\n<p>&nbsp;<\/p>\n<h2>Vanliga fr\u00e5gor om UZY Tornado 20000 | 20k Puffs Disposable Vape<\/h2>\n<p data-sourcepos=\"31:1-32:55\">\u2753 <strong data-sourcepos=\"31:3-31:38\">Hur m\u00e5nga bloss ger den?<\/strong><br \/>\n\u2705 <strong data-sourcepos=\"32:3-32:19\">20 000 puffar<\/strong> F\u00f6r l\u00e5ngvariga vapingsessioner.<\/p>\n<p data-sourcepos=\"34:1-35:59\">\u2753 <strong data-sourcepos=\"34:3-34:45\">Vilka nikotinstyrkor finns tillg\u00e4ngliga?<\/strong><br \/>\n\u2705 V\u00e4lj mellan <strong data-sourcepos=\"35:15-35:47\">0% (Nic-Free), 2%, 3% eller 5%<\/strong> Nikotin.<\/p>\n<p data-sourcepos=\"37:1-38:67\">\u2753 <strong data-sourcepos=\"37:3-37:35\">\u00c4r batteriet uppladdningsbart?<\/strong><br \/>\n\u2705 Ja, den <strong data-sourcepos=\"38:12-38:30\">850MAH batteri<\/strong> Drag <strong data-sourcepos=\"38:40-38:64\">Typ-C snabbladdning<\/strong>.<\/p>\n<p data-sourcepos=\"40:1-41:64\">\u2753 <strong data-sourcepos=\"40:3-40:30\">Har den en sk\u00e4rm?<\/strong><br \/>\n\u2705 Den <strong data-sourcepos=\"41:7-41:21\">LED-sk\u00e4rm<\/strong> Visar statistik \u00f6ver batteritid och anv\u00e4ndning.<\/p>\n<p data-sourcepos=\"43:1-44:53\">\u2753 <strong data-sourcepos=\"43:3-43:36\">Hur m\u00e5nga smaker erbjuds?<br \/>\n<\/strong> \u2705 Njut <strong data-sourcepos=\"44:9-44:38\">12 premiumsmakalternativ<\/strong> F\u00f6r variation.<\/p>\n<p>&nbsp;<\/p>\n<h3 id=\"brxe-najhln\" class=\"brxe-heading\">Vanliga fr\u00e5gor (FAQ)<\/h3>\n<div id=\"brxe-rajiac\" class=\"brxe-text\">\n<p><strong>F: Vilka betalningsmetoder accepterar du?<\/strong><br \/>\nS: Vi accepterar PayPal, Stripe, bank\u00f6verf\u00f6ringar (st\u00f6ds med SEPA), vanliga kreditkort (Visa, MasterCard, American Express) och betalningar i kryptovaluta.<\/p>\n<p><strong>F: Hur l\u00e5ng tid tar best\u00e4llningsberedningen?<\/strong><br \/>\nS: Best\u00e4llningsf\u00f6rberedelse tar 1-3 arbetsdagar.<\/p>\n<p><strong>F: Vad \u00e4r leveranstiden?<\/strong><br \/>\nS: Leveranstiden \u00e4r 7-14 arbetsdagar, beroende p\u00e5 var du befinner dig.<\/p>\n<p><strong>F: Hur kan jag sp\u00e5ra min best\u00e4llning?<\/strong><br \/>\nS: Efter leverans kommer du att f\u00e5 ett bekr\u00e4ftelsemail med ett sp\u00e5rningsnummer f\u00f6r sp\u00e5rning i realtid.<\/p>\n<p><strong>F: Vilken \u00e4r din returpolicy?<\/strong><br \/>\nS: Vi erbjuder en 30-dagars returpolicy f\u00f6r \u00e5terbetalningar eller byten. .<\/p>\n<p><strong>F: Kommer det att finnas n\u00e5gra tullproblem?<br \/>\n<\/strong>Vi hanterar alla tullf\u00f6rfaranden f\u00f6r att s\u00e4kerst\u00e4lla en problemfri upplevelse f\u00f6r dig. .<\/p>\n<p><strong>F: Vilka frakts\u00e4tt anv\u00e4nds?<\/strong><br \/>\nVi samarbetar med UPS\/DHL\/FEDEX\/DPD, etc. Vi kommer att v\u00e4lja l\u00e4mpligt fraktalternativ beroende p\u00e5 leveransland f\u00f6r att s\u00e4kerst\u00e4lla att du f\u00e5r dina produkter s\u00e5 snabbt som m\u00f6jligt.<\/p>\n<p><a href=\"https:\/\/pgvape.com\/sv\/vanliga-fragor\/\">Klicka h\u00e4r f\u00f6r mer FAQ<\/a><\/p>\n<p>K\u00e4ra kunder, Om du har n\u00e5gra fr\u00e5gor om din best\u00e4llning eller ankomsten av varor, v\u00e4nligen kontakta v\u00e5r kundtj\u00e4nst. Tack!<\/p>\n<h3 data-sourcepos=\"73:1-73:21\"><strong data-sourcepos=\"73:7-73:21\">Kontakta oss<\/strong><\/h3>\n<div id=\"text-2419739398\" class=\"text\">\n<p><strong data-sourcepos=\"75:3-75:12\">E-post<\/strong>:\u00a0<a href=\"mailto:support@pgvape.com\"><strong>support@pgvape.com<\/strong><\/a><\/p>\n<p><strong data-sourcepos=\"76:3-76:15\">WhatsApp<\/strong>:\u00a0<a href=\"https:\/\/wa.me\/+8618128481258\"><strong>+86 18128481258<\/strong><\/a><br \/>\n<strong>(Svara inom 24 timmar p\u00e5 arbetsdagar)<\/strong><\/p>\n<\/div>\n<h3><strong>Tack f\u00f6r att du valde pgvape.com! .<\/strong><\/h3>\n<\/div>","protected":false},"excerpt":{"rendered":"<p><strong data-sourcepos=\"47:5-47:32\">UZY Tornado 20000 Puffar<\/strong> Kombinerar <strong data-sourcepos=\"47:42-47:80\">H\u00f6g kapacitet, justerbart nikotin<\/strong>, Och <strong data-sourcepos=\"47:86-47:105\">Premium smaker<\/strong> I A <strong data-sourcepos=\"47:111-47:152\">Kompakt, uppladdningsbar eng\u00e5ngsvape<\/strong> Med <strong data-sourcepos=\"47:158-47:173\">LED-display<\/strong> F\u00f6r ultimat bekv\u00e4mlighet.<\/p>","protected":false},"featured_media":4581,"comment_status":"open","ping_status":"closed","template":"","meta":{"_seopress_robots_primary_cat":"none","_seopress_titles_title":"%%post_title%% %%sep%% %%sitetitle%%","_seopress_titles_desc":"","_seopress_robots_index":""},"product_brand":[516,371],"product_cat":[84,515,27],"product_tag":[367,90,79,81,259,374],"class_list":{"0":"post-4564","1":"product","2":"type-product","3":"status-publish","4":"has-post-thumbnail","6":"product_brand-disposable-vape","7":"product_brand-uzy-vaoe","8":"product_cat-20k-puffs-vape","9":"product_cat-disposable-vape","10":"product_cat-uzy-vape","11":"product_tag-20k-puffs-vape","12":"product_tag-disposable-vape","13":"product_tag-led-display","14":"product_tag-mouth-to-lung","15":"product_tag-rechargeable","16":"product_tag-uzy-tornado-20000","18":"first","19":"instock","20":"sale","21":"shipping-taxable","22":"purchasable","23":"product-type-variable"},"_links":{"self":[{"href":"https:\/\/pgvape.com\/sv\/wp-json\/wp\/v2\/product\/4564","targetHints":{"allow":["GET"]}}],"collection":[{"href":"https:\/\/pgvape.com\/sv\/wp-json\/wp\/v2\/product"}],"about":[{"href":"https:\/\/pgvape.com\/sv\/wp-json\/wp\/v2\/types\/product"}],"replies":[{"embeddable":true,"href":"https:\/\/pgvape.com\/sv\/wp-json\/wp\/v2\/comments?post=4564"}],"wp:featuredmedia":[{"embeddable":true,"href":"https:\/\/pgvape.com\/sv\/wp-json\/wp\/v2\/media\/4581"}],"wp:attachment":[{"href":"https:\/\/pgvape.com\/sv\/wp-json\/wp\/v2\/media?parent=4564"}],"wp:term":[{"taxonomy":"product_brand","embeddable":true,"href":"https:\/\/pgvape.com\/sv\/wp-json\/wp\/v2\/product_brand?post=4564"},{"taxonomy":"product_cat","embeddable":true,"href":"https:\/\/pgvape.com\/sv\/wp-json\/wp\/v2\/product_cat?post=4564"},{"taxonomy":"product_tag","embeddable":true,"href":"https:\/\/pgvape.com\/sv\/wp-json\/wp\/v2\/product_tag?post=4564"}],"curies":[{"name":"wp","href":"https:\/\/api.w.org\/{rel}","templated":true}]}}