{"id":4531,"date":"2025-10-26T07:05:33","date_gmt":"2025-10-26T07:05:33","guid":{"rendered":"https:\/\/pgvape.com\/?post_type=product&#038;p=4531"},"modified":"2025-12-15T12:24:44","modified_gmt":"2025-12-15T12:24:44","slug":"uzy-bang-digital-15000-15k-puffar-disponibel-vape-uppladdningsbar-vape-factory-direct","status":"publish","type":"product","link":"https:\/\/pgvape.com\/sv\/produkt\/uzy-bang-digital-15000-15k-puffar-disponibel-vape-uppladdningsbar-vape-factory-direct\/","title":{"rendered":"UZY Bang Digital 15000 15K Puffs Disposable Vape Rechargeable Vape Factory Direct"},"content":{"rendered":"<p><strong>UZY Bang Digital 15000<\/strong>, en avancerad e-cigarett f\u00f6r eng\u00e5ngsbruk med h\u00e4pnadsv\u00e4ckande 15 000 bloss och anpassningsbara nikotinalternativ av 0%, 2%, 3% och 5%. .<\/p>\n<p>&nbsp;<\/p>\n<h2><span style=\"font-size: 90%;\">UZY Bang Digital 15000 | 15K Puffs Disposable Vape Produktspecifikation<\/span><\/h2>\n<p><strong data-sourcepos=\"6:3-6:30\">15 000 ultral\u00e5nga puffar<\/strong>\u00a0\u2013 Ut\u00f6kad vaping-tillfredsst\u00e4llelse<\/p>\n<p><strong data-sourcepos=\"7:3-7:35\">Anpassningsbara nikotinniv\u00e5er<\/strong>\u00a0\u2013 0%, 2%, 3% eller 5%<\/p>\n<p><strong data-sourcepos=\"8:3-8:24\">Smart LED-sk\u00e4rm<\/strong>\u00a0\u2013 Batteri- och puffsp\u00e5rning i realtid<\/p>\n<p><strong data-sourcepos=\"9:3-9:34\">Uppladdningsbart 850mAh batteri<\/strong>\u00a0\u2013 Snabb Type-C laddning<\/p>\n<p><strong data-sourcepos=\"10:3-10:31\">20mL f\u00f6rfylld E-v\u00e4tska<\/strong>\u00a0\u2013 Inga p\u00e5fyllningar beh\u00f6vs<\/p>\n<p><strong data-sourcepos=\"11:3-11:25\">12 premiumsmaker<\/strong>\u00a0\u2013 Rika och uppfriskande alternativ<\/p>\n<p>&nbsp;<\/p>\n<h3><span style=\"font-size: 90%;\">UZY Bang Digital 15000 | 15K puffar disponibel vape smaklista<\/span><\/h3>\n<p><strong data-sourcepos=\"25:4-25:29\">1. Jordgubbsvattenmelon<\/strong><\/p>\n<p><strong data-sourcepos=\"26:4-26:24\">2.Bl\u00e5b\u00e4r p\u00e5 is<\/strong><\/p>\n<p><strong data-sourcepos=\"27:4-27:29\">3.Peach Mango Ananas<\/strong><\/p>\n<p><strong data-sourcepos=\"28:4-28:17\">4. Grape Ice<\/strong><\/p>\n<p><strong data-sourcepos=\"29:4-29:22\">5. Vattenmelon Is<\/strong><\/p>\n<p><strong data-sourcepos=\"30:4-30:17\">6.Peach Ice<\/strong><\/p>\n<p><strong data-sourcepos=\"31:4-31:23\">7. Jordgubbskiwi<\/strong><\/p>\n<p><strong data-sourcepos=\"32:4-32:27\">8.Bl\u00e5b\u00e4rshallon<\/strong><\/p>\n<p><strong data-sourcepos=\"33:4-33:26\">9. Kiwi Passionsfrukt<\/strong><\/p>\n<p><strong data-sourcepos=\"34:5-34:16\">10.MR Bl\u00e5<\/strong><\/p>\n<p><strong data-sourcepos=\"35:5-35:25\">11.Triple Mango Ice<\/strong><\/p>\n<p><strong data-sourcepos=\"36:5-36:23\">12.R\u00f6d Energiis<br \/>\n<img loading=\"lazy\" decoding=\"async\" class=\"alignnone wp-image-4535 size-full\" src=\"https:\/\/pgvape.com\/wp-content\/uploads\/2025\/10\/pgvape_UZY_Bang_Digital_15000_puffs-2.png\" alt=\"Tolv ljusa, rundade rektangul\u00e4ra vape-anordningar f\u00f6r eng\u00e5ngsbruk arrangerade i tv\u00e5 rader mot en r\u00f6kig bakgrund, var och en med en stiliserad tecknad apillustration, en liten digital display med texten \u201c95%\u201d och tryckta namn med fruktsmak (bl\u00e5b\u00e4rshallon, druvglass, vattenmelonis, persikais, vattenmelon, peach pineapp, mangoaw, peach pineapp watermelon, herr. .\" width=\"1500\" height=\"930\" srcset=\"https:\/\/pgvape.com\/wp-content\/uploads\/2025\/10\/pgvape_UZY_Bang_Digital_15000_puffs-2.png 1500w, https:\/\/pgvape.com\/wp-content\/uploads\/2025\/10\/pgvape_UZY_Bang_Digital_15000_puffs-2-555x344.png 555w, https:\/\/pgvape.com\/wp-content\/uploads\/2025\/10\/pgvape_UZY_Bang_Digital_15000_puffs-2-595x369.png 595w, https:\/\/pgvape.com\/wp-content\/uploads\/2025\/10\/pgvape_UZY_Bang_Digital_15000_puffs-2-400x248.png 400w, https:\/\/pgvape.com\/wp-content\/uploads\/2025\/10\/pgvape_UZY_Bang_Digital_15000_puffs-2-768x476.png 768w, https:\/\/pgvape.com\/wp-content\/uploads\/2025\/10\/pgvape_UZY_Bang_Digital_15000_puffs-2-18x12.png 18w, https:\/\/pgvape.com\/wp-content\/uploads\/2025\/10\/pgvape_UZY_Bang_Digital_15000_puffs-2-600x372.png 600w, https:\/\/pgvape.com\/wp-content\/uploads\/2025\/10\/pgvape_UZY_Bang_Digital_15000_puffs-2-60x37.png 60w\" sizes=\"auto, (max-width: 1500px) 100vw, 1500px\" \/><br \/>\n<\/strong><\/p>\n<p>&nbsp;<\/p>\n<h3><span style=\"font-size: 90%;\">UZY Bang Digital 15000 | 15K puffar eng\u00e5ngsvape <strong>Video:<\/strong><\/span><\/h3>\n<p>&nbsp;<\/p>\n<h2>Vanliga fr\u00e5gor om UZY Bang Digital 15000 | 15K Puffs Disposable Vape<\/h2>\n<p data-sourcepos=\"49:1-50:47\">\u2753 <strong data-sourcepos=\"49:3-49:35\">Hur m\u00e5nga bloss h\u00e5ller det?<\/strong><br \/>\n\u2705 <strong data-sourcepos=\"50:3-50:19\">15 000 bloss<\/strong> \u2013 L\u00e5ngvarig njutning.<\/p>\n<p data-sourcepos=\"52:1-53:58\">\u2753 <strong data-sourcepos=\"52:3-52:32\">Kan jag sp\u00e5ra batteritiden?<\/strong><br \/>\n\u2705 <strong data-sourcepos=\"53:3-53:23\">Ja!<\/strong> visar batteri och anv\u00e4ndning i realtid.<\/p>\n<p data-sourcepos=\"55:1-56:54\">\u2753 <strong data-sourcepos=\"55:3-55:26\">\u00c4r den uppladdningsbar?<\/strong><br \/>\n\u2705 <strong data-sourcepos=\"56:3-56:21\">850mAh batteri<\/strong> med <strong data-sourcepos=\"56:27-56:51\">Typ-C snabbladdning<\/strong>.<\/p>\n<p data-sourcepos=\"58:1-59:62\">\u2753 <strong data-sourcepos=\"58:3-58:43\">Vilka nikotinalternativ finns tillg\u00e4ngliga?<\/strong><br \/>\n\u2705 <strong data-sourcepos=\"59:3-59:35\">0% (Nic-Free), 2%, 3% eller 5%<\/strong> f\u00f6r anpassad tillfredsst\u00e4llelse.<\/p>\n<p data-sourcepos=\"61:1-62:53\">\u2753 <strong data-sourcepos=\"61:3-61:30\">\u00c4r smakerna f\u00f6rfyllda?<\/strong><br \/>\n\u2705 <strong data-sourcepos=\"62:3-62:31\">20mL f\u00f6rfylld e-v\u00e4tska<\/strong> \u2013 Inga st\u00f6kiga p\u00e5fyllningar.<\/p>\n<p>&nbsp;<\/p>\n<h3>Vanliga fr\u00e5gor (FAQ)<\/h3>\n<div id=\"brxe-rajiac\" class=\"brxe-text\">\n<p><strong>F: Vilka betalningsmetoder accepterar du?<\/strong><br \/>\nS: Vi accepterar PayPal, Stripe, bank\u00f6verf\u00f6ringar (st\u00f6ds med SEPA), vanliga kreditkort (Visa, MasterCard, American Express) och betalningar i kryptovaluta.<\/p>\n<p><strong>F: Hur l\u00e5ng tid tar best\u00e4llningsberedningen?<\/strong><br \/>\nS: Best\u00e4llningsf\u00f6rberedelse tar 1-3 arbetsdagar.<\/p>\n<p><strong>F: Vad \u00e4r leveranstiden?<\/strong><br \/>\nS: Leveranstiden \u00e4r 7-14 arbetsdagar, beroende p\u00e5 var du befinner dig.<\/p>\n<p><strong>F: Hur kan jag sp\u00e5ra min best\u00e4llning?<\/strong><br \/>\nS: Efter leverans kommer du att f\u00e5 ett bekr\u00e4ftelsemail med ett sp\u00e5rningsnummer f\u00f6r sp\u00e5rning i realtid.<\/p>\n<p><strong>F: Vilken \u00e4r din returpolicy?<\/strong><br \/>\nS: Vi erbjuder en 30-dagars returpolicy f\u00f6r \u00e5terbetalningar eller byten. .<\/p>\n<p><strong>F: Kommer det att finnas n\u00e5gra tullproblem?<br \/>\n<\/strong>Vi hanterar alla tullf\u00f6rfaranden f\u00f6r att s\u00e4kerst\u00e4lla en problemfri upplevelse f\u00f6r dig. .<\/p>\n<p><strong>F: Vilka frakts\u00e4tt anv\u00e4nds?<\/strong><br \/>\nVi samarbetar med UPS\/DHL\/FEDEX\/DPD, etc. Vi kommer att v\u00e4lja l\u00e4mpligt fraktalternativ beroende p\u00e5 leveransland f\u00f6r att s\u00e4kerst\u00e4lla att du f\u00e5r dina produkter s\u00e5 snabbt som m\u00f6jligt.<\/p>\n<p><a href=\"https:\/\/pgvape.com\/sv\/vanliga-fragor\/\">Klicka h\u00e4r f\u00f6r mer FAQ<\/a><\/p>\n<p>K\u00e4ra kunder, Om du har n\u00e5gra fr\u00e5gor om din best\u00e4llning eller ankomsten av varor, v\u00e4nligen kontakta v\u00e5r kundtj\u00e4nst. Tack!<\/p>\n<h3 data-sourcepos=\"73:1-73:21\"><strong data-sourcepos=\"73:7-73:21\">Kontakta oss<\/strong><\/h3>\n<div id=\"text-2419739398\" class=\"text\">\n<p><strong data-sourcepos=\"75:3-75:12\">E-post<\/strong>:\u00a0<a href=\"mailto:support@pgvape.com\"><strong>support@pgvape.com<\/strong><\/a><\/p>\n<p><strong data-sourcepos=\"76:3-76:15\">WhatsApp<\/strong>:\u00a0<a href=\"https:\/\/wa.me\/+8618128481258\"><strong>+86 18128481258<\/strong><\/a><br \/>\n<strong>(Svara inom 24 timmar p\u00e5 arbetsdagar)<\/strong><\/p>\n<\/div>\n<h3><strong>Tack f\u00f6r att du valde pgvape.com! .<\/strong><\/h3>\n<\/div>","protected":false},"excerpt":{"rendered":"<p>UZY Bang Digital 15000 puffar vaping e-cigarett \u00e4r den mest avancerade eng\u00e5ngs e-cigaretten som finns, en innovativ enhet med en LED-display som ger realtidsinformation f\u00f6r en personlig r\u00f6kupplevelse.<\/p>","protected":false},"featured_media":4550,"comment_status":"open","ping_status":"closed","template":"","meta":{"_seopress_robots_primary_cat":"none","_seopress_titles_title":"%%post_title%% %%sep%% %%sitetitle%%","_seopress_titles_desc":"","_seopress_robots_index":""},"product_brand":[516,371],"product_cat":[113,515,27],"product_tag":[373,79,490,59,259,372],"class_list":{"0":"post-4531","1":"product","2":"type-product","3":"status-publish","4":"has-post-thumbnail","6":"product_brand-disposable-vape","7":"product_brand-uzy-vaoe","8":"product_cat-15k-puffs-vape","9":"product_cat-disposable-vape","10":"product_cat-uzy-vape","11":"product_tag-15k-puffs-vape","12":"product_tag-led-display","13":"product_tag-minimum-2-pieces","14":"product_tag-mouth-to-lung-mtl","15":"product_tag-rechargeable","16":"product_tag-uzy-bang-digital-15000","18":"first","19":"instock","20":"sale","21":"shipping-taxable","22":"purchasable","23":"product-type-variable"},"_links":{"self":[{"href":"https:\/\/pgvape.com\/sv\/wp-json\/wp\/v2\/product\/4531","targetHints":{"allow":["GET"]}}],"collection":[{"href":"https:\/\/pgvape.com\/sv\/wp-json\/wp\/v2\/product"}],"about":[{"href":"https:\/\/pgvape.com\/sv\/wp-json\/wp\/v2\/types\/product"}],"replies":[{"embeddable":true,"href":"https:\/\/pgvape.com\/sv\/wp-json\/wp\/v2\/comments?post=4531"}],"wp:featuredmedia":[{"embeddable":true,"href":"https:\/\/pgvape.com\/sv\/wp-json\/wp\/v2\/media\/4550"}],"wp:attachment":[{"href":"https:\/\/pgvape.com\/sv\/wp-json\/wp\/v2\/media?parent=4531"}],"wp:term":[{"taxonomy":"product_brand","embeddable":true,"href":"https:\/\/pgvape.com\/sv\/wp-json\/wp\/v2\/product_brand?post=4531"},{"taxonomy":"product_cat","embeddable":true,"href":"https:\/\/pgvape.com\/sv\/wp-json\/wp\/v2\/product_cat?post=4531"},{"taxonomy":"product_tag","embeddable":true,"href":"https:\/\/pgvape.com\/sv\/wp-json\/wp\/v2\/product_tag?post=4531"}],"curies":[{"name":"wp","href":"https:\/\/api.w.org\/{rel}","templated":true}]}}