{"id":450,"date":"2025-07-16T08:44:31","date_gmt":"2025-07-16T08:44:31","guid":{"rendered":"https:\/\/pgvape.com\/?post_type=product&#038;p=450"},"modified":"2026-01-20T08:48:41","modified_gmt":"2026-01-20T08:48:41","slug":"bang-de-80000-80k-puffar-3-i-1-triple-flavour-disponibel-vape-0-2-3-5-nikotin-12-smakar-smart-led-display-vape-factory-direct","status":"publish","type":"product","link":"https:\/\/pgvape.com\/sv\/produkt\/bang-de-80000-80k-puffar-3-i-1-triple-flavour-disponibel-vape-0-2-3-5-nikotin-12-smakar-smart-led-display-vape-factory-direct\/","title":{"rendered":"Bang DE 80000 | 80K Puffar | 3 In 1 Triple Flavour Disponibel Vape | 0% 2% 3% 5% Nikotin | 12Smakar Smart 1| fabrikssmart LED Display"},"content":{"rendered":"<p><strong>Bang DE 80000 80K Puffs 3-i-1 eng\u00e5ngsvape<\/strong> \u00e4r konstruerad f\u00f6r vapers som vill ha variation, bekv\u00e4mlighet och enast\u00e5ende livsl\u00e4ngd. .<\/p>\n<p>&nbsp;<\/p>\n<h2><span style=\"font-size: 90%;\">Bang DE 80000 | 80K puffar | 3 i 1 Triple Flavor Disponibel Vape Produktspecifikationer:<\/span><\/h2>\n<p><strong>Puffkapacitet:<\/strong>\u00a0Upp till 80 000 bloss<\/p>\n<p><strong>E-v\u00e4tska Kapacitet:<\/strong>\u00a060 ml totalt (20 ml per tank x 3 tankar)<\/p>\n<p><strong>Spoletyp:<\/strong>\u00a0Triple Mesh Coil 1,0\u03a9<\/p>\n<p><strong>Batterikapacitet:<\/strong>\u00a0650mAh uppladdningsbar<\/p>\n<p><strong>Laddningsport:<\/strong>\u00a0Typ-C snabbladdning<\/p>\n<p><strong>Nikotinalternativ:<\/strong>\u00a00%, 2%, 3%, 5%<\/p>\n<p><strong>Visa:<\/strong>\u00a0LED-sk\u00e4rm som visar status f\u00f6r batteri och e-v\u00e4tska<\/p>\n<p><strong>Smaksystem:<\/strong>\u00a0Triple Flavor System (v\u00e4xla mellan 3 smaker)<\/p>\n<p><strong>F\u00f6rpackning:<\/strong>\u00a0Tillg\u00e4nglig f\u00f6r detaljhandel och partihandel<\/p>\n<p>&nbsp;<\/p>\n<h3><span style=\"font-size: 90%;\">Bang DE 80000 | 80K puffar | 3 i 1 triple flour disponibel vape smaklista:<\/span><\/h3>\n<p>1.Watermelon Ice &amp; Red Bull &amp; Strawberry Kiwi<\/p>\n<p>2. Bl\u00e5b\u00e4rsis &amp; jordgubbsvattenmelon &amp; citronlime<\/p>\n<p>3. Bl\u00e5b\u00e4r Vattenmelon &amp; Kiwi Passionsfrukt Guava &amp; Vattenmelon Bubble Gum<\/p>\n<p>4.Black Dragon Ice &amp; Sour Mango Pineapple &amp; Red Bull<\/p>\n<p>5. Jordgubbsvattenmelon &amp; blandade b\u00e4r &amp; citronpersika<\/p>\n<p>6.Blueberry Razz &amp; Strawberry Banana &amp; Ananas Coconut<\/p>\n<p>7.Blueberry Ice &amp; Triple Melon &amp; Apple Grape<\/p>\n<p>8. Vattenmelon Dragon Fruit &amp; Mango Peach &amp; Strawberry Kiwi<\/p>\n<p>9.Bl\u00e5b\u00e4rshallon &amp; jordgubbsvaniljcola &amp; blandat b\u00e4r<\/p>\n<p>10. Vattenmelon Glass &amp; Jordgubbsglass &amp; Kiwi Passionsfrukt Guava<\/p>\n<p>11.Blueberry Razz &amp; Black Dragon Ice &amp; Fizzy Cherry Ice<\/p>\n<p>12. Cherry Cola Ice &amp; Blueberry Watermelon &amp; Strawberry Mango<\/p>\n<p><img loading=\"lazy\" decoding=\"async\" class=\"alignnone wp-image-457 size-full\" src=\"https:\/\/pgvape.com\/wp-content\/uploads\/2025\/07\/Bang-DE-80000-80K-Puffs-3-In-1-Triple-Flavor-Disposable-Vape-LED-Display-Vape-Factory-Wholesale-5.png\" alt=\"\" width=\"1500\" height=\"1227\" srcset=\"https:\/\/pgvape.com\/wp-content\/uploads\/2025\/07\/Bang-DE-80000-80K-Puffs-3-In-1-Triple-Flavor-Disposable-Vape-LED-Display-Vape-Factory-Wholesale-5.png 1500w, https:\/\/pgvape.com\/wp-content\/uploads\/2025\/07\/Bang-DE-80000-80K-Puffs-3-In-1-Triple-Flavor-Disposable-Vape-LED-Display-Vape-Factory-Wholesale-5-440x360.png 440w, https:\/\/pgvape.com\/wp-content\/uploads\/2025\/07\/Bang-DE-80000-80K-Puffs-3-In-1-Triple-Flavor-Disposable-Vape-LED-Display-Vape-Factory-Wholesale-5-595x487.png 595w, https:\/\/pgvape.com\/wp-content\/uploads\/2025\/07\/Bang-DE-80000-80K-Puffs-3-In-1-Triple-Flavor-Disposable-Vape-LED-Display-Vape-Factory-Wholesale-5-400x327.png 400w, https:\/\/pgvape.com\/wp-content\/uploads\/2025\/07\/Bang-DE-80000-80K-Puffs-3-In-1-Triple-Flavor-Disposable-Vape-LED-Display-Vape-Factory-Wholesale-5-768x628.png 768w, https:\/\/pgvape.com\/wp-content\/uploads\/2025\/07\/Bang-DE-80000-80K-Puffs-3-In-1-Triple-Flavor-Disposable-Vape-LED-Display-Vape-Factory-Wholesale-5-15x12.png 15w, https:\/\/pgvape.com\/wp-content\/uploads\/2025\/07\/Bang-DE-80000-80K-Puffs-3-In-1-Triple-Flavor-Disposable-Vape-LED-Display-Vape-Factory-Wholesale-5-600x491.png 600w, https:\/\/pgvape.com\/wp-content\/uploads\/2025\/07\/Bang-DE-80000-80K-Puffs-3-In-1-Triple-Flavor-Disposable-Vape-LED-Display-Vape-Factory-Wholesale-5-49x40.png 49w\" sizes=\"auto, (max-width: 1500px) 100vw, 1500px\" \/><\/p>\n<p>&nbsp;<\/p>\n<h3><span style=\"font-size: 90%;\">Bang DE 80000 | 80K puffar | 3 i 1 triple flour disponibel vape <\/span><strong>Video<br \/>\n<\/strong><\/h3>\n<p><iframe loading=\"lazy\" title=\"Bang DE 80000 | 80K puffar | 3 i 1 Triple Flavor Disponibel Vape | Vape Factory Direct pgvape\" width=\"1020\" height=\"574\" src=\"https:\/\/www.youtube.com\/embed\/HMc9pNSt3Kg?feature=oembed\" frameborder=\"0\" allow=\"accelerometer; autoplay; clipboard-write; encrypted-media; gyroscope; picture-in-picture; web-share\" referrerpolicy=\"strict-origin-when-cross-origin\" allowfullscreen><\/iframe><\/p>\n<p>&nbsp;<\/p>\n<h2><span style=\"font-size: 90%;\">Vanliga fr\u00e5gor om Bang DE 80000 | 80K puffar | 3 i 1 triple flour disponibel vape<\/span><\/h2>\n<p dir=\"auto\"><strong>F1: Hur m\u00e5nga bloss kan jag f\u00e5 fr\u00e5n Bang DE 80000?<\/strong><br \/>\nA1: Upp till 80 000 bloss per enhet.<\/p>\n<p dir=\"auto\"><strong>F2: Hur fungerar Triple Flavor System?<\/strong><br \/>\nS2: Du kan enkelt v\u00e4xla mellan tre olika inbyggda smaker n\u00e4r som helst utan att byta enhet.<\/p>\n<p dir=\"auto\"><strong>F3: Vilka nikotinstyrkor finns tillg\u00e4ngliga?<\/strong><br \/>\nS3: Enheten st\u00f6der 0%, 2%, 3% och 5% nikotinalternativ.<\/p>\n<p dir=\"auto\"><strong>F4: \u00c4r batteriet uppladdningsbart?<\/strong><br \/>\nA4: Ja, den har ett 650mAh uppladdningsbart batteri med snabb Type-C-laddning.<\/p>\n<p dir=\"auto\"><strong>F5: Vad \u00e4r kapaciteten f\u00f6r e-v\u00e4tska?<\/strong><br \/>\nA5: Enheten rymmer 60 ml e-v\u00e4tska, f\u00f6rdelad j\u00e4mnt \u00f6ver tre 20 ml tankar.<\/p>\n<p dir=\"auto\"><strong>F6: Hur kan jag \u00f6vervaka batteri- och e-v\u00e4tskeniv\u00e5er?<\/strong><br \/>\nA6: LED-displayen visar batteristatus och e-v\u00e4tskeniv\u00e5er i realtid.<\/p>\n<p dir=\"auto\"><strong>F7: \u00c4r den h\u00e4r enheten b\u00e4rbar?<\/strong><br \/>\nA7: Ja, den har en elegant och ergonomisk design, perfekt f\u00f6r daglig anv\u00e4ndning och resor.<\/p>\n<h2><span style=\"font-size: 90%;\">\u00a0<\/span><\/h2>\n<h3 id=\"brxe-najhln\" class=\"brxe-heading\">Vanliga fr\u00e5gor (FAQ)<\/h3>\n<div id=\"brxe-rajiac\" class=\"brxe-text\">\n<p><strong>F: Vilka betalningsmetoder accepterar du?<\/strong><br \/>\nS: Vi accepterar PayPal, Stripe, bank\u00f6verf\u00f6ringar (st\u00f6ds med SEPA), vanliga kreditkort (Visa, MasterCard, American Express) och betalningar i kryptovaluta.<\/p>\n<p><strong>F: Hur l\u00e5ng tid tar best\u00e4llningsberedningen?<\/strong><br \/>\nS: Best\u00e4llningsf\u00f6rberedelse tar 1-3 arbetsdagar.<\/p>\n<p><strong>F: Vad \u00e4r leveranstiden?<\/strong><br \/>\nS: Leveranstiden \u00e4r 7-14 arbetsdagar, beroende p\u00e5 var du befinner dig.<\/p>\n<p><strong>F: Hur kan jag sp\u00e5ra min best\u00e4llning?<\/strong><br \/>\nS: Efter leverans kommer du att f\u00e5 ett bekr\u00e4ftelsemail med ett sp\u00e5rningsnummer f\u00f6r sp\u00e5rning i realtid.<\/p>\n<p><strong>F: Vilken \u00e4r din returpolicy?<\/strong><br \/>\nS: Vi erbjuder en 30-dagars returpolicy f\u00f6r \u00e5terbetalningar eller byten. .<\/p>\n<p><strong>F: Kommer det att finnas n\u00e5gra tullproblem?<br \/>\n<\/strong>Vi hanterar alla tullf\u00f6rfaranden f\u00f6r att s\u00e4kerst\u00e4lla en problemfri upplevelse f\u00f6r dig. .<\/p>\n<p><strong>F: Vilka frakts\u00e4tt anv\u00e4nds?<\/strong><br \/>\nVi samarbetar med UPS\/DHL\/FEDEX\/DPD, etc. Vi kommer att v\u00e4lja l\u00e4mpligt fraktalternativ beroende p\u00e5 leveransland f\u00f6r att s\u00e4kerst\u00e4lla att du f\u00e5r dina produkter s\u00e5 snabbt som m\u00f6jligt.<\/p>\n<p><a href=\"https:\/\/pgvape.com\/sv\/vanliga-fragor\/\"><span style=\"font-size: 100%;\">Klicka h\u00e4r f\u00f6r mer FAQ<\/span><\/a><\/p>\n<p>K\u00e4ra kunder, Om du har n\u00e5gra fr\u00e5gor om din best\u00e4llning eller ankomsten av varor, v\u00e4nligen kontakta v\u00e5r kundtj\u00e4nst. Tack!<\/p>\n<h3 data-sourcepos=\"73:1-73:21\"><span style=\"font-size: 90%;\"><strong data-sourcepos=\"73:7-73:21\">Kontakta oss<\/strong><\/span><\/h3>\n<div id=\"text-2419739398\" class=\"text\">\n<p><strong data-sourcepos=\"75:3-75:12\">E-post<\/strong>:\u00a0<a href=\"mailto:support@pgvape.com\"><strong>support@pgvape.com<\/strong><\/a><\/p>\n<p><strong data-sourcepos=\"76:3-76:15\">WhatsApp<\/strong>: <a href=\"https:\/\/wa.me\/+8618128481258\"><strong>+86 18128481258<\/strong><\/a><br \/>\n<strong>(Svara inom 24 timmar p\u00e5 arbetsdagar)<\/strong><\/p>\n<\/div>\n<h3><strong><span style=\"font-size: 80%;\">Tack f\u00f6r att du valde pgvape.com! .<\/span><\/strong><\/h3>\n<\/div>","protected":false},"excerpt":{"rendered":"<p dir=\"auto\"><strong>Bang DE 80000 disponibel vape<\/strong> erbjuder en otrolig <strong>80 000 bloss<\/strong> med en <strong>trippelt smaksystem<\/strong>, s\u00e5 att du kan v\u00e4xla mellan tre <strong>smaker<\/strong> p\u00e5 en enhet. <strong>Med<\/strong> 60 ml e-v\u00e4tska, <strong>650mAh uppladdningsbar<\/strong> batteri och <strong>LED display<\/strong>, kapacitet, en trippelmaskig spole,.<\/p>","protected":false},"featured_media":453,"comment_status":"open","ping_status":"closed","template":"","meta":{"_seopress_robots_primary_cat":"none","_seopress_titles_title":"","_seopress_titles_desc":"","_seopress_robots_index":""},"product_brand":[42,516],"product_cat":[41,34,515],"product_tag":[46,44,45,43,47],"class_list":{"0":"post-450","1":"product","2":"type-product","3":"status-publish","4":"has-post-thumbnail","6":"product_brand-bang-de-vape","7":"product_brand-disposable-vape","8":"product_cat-80k-puffs-vape","9":"product_cat-bang-de-vape","10":"product_cat-disposable-vape","11":"product_tag-3-in-1","12":"product_tag-80k-puffs","13":"product_tag-80k-vape","14":"product_tag-bang-de-80000","15":"product_tag-triple-flavor","17":"first","18":"instock","19":"sale","20":"shipping-taxable","21":"purchasable","22":"product-type-variable"},"_links":{"self":[{"href":"https:\/\/pgvape.com\/sv\/wp-json\/wp\/v2\/product\/450","targetHints":{"allow":["GET"]}}],"collection":[{"href":"https:\/\/pgvape.com\/sv\/wp-json\/wp\/v2\/product"}],"about":[{"href":"https:\/\/pgvape.com\/sv\/wp-json\/wp\/v2\/types\/product"}],"replies":[{"embeddable":true,"href":"https:\/\/pgvape.com\/sv\/wp-json\/wp\/v2\/comments?post=450"}],"wp:featuredmedia":[{"embeddable":true,"href":"https:\/\/pgvape.com\/sv\/wp-json\/wp\/v2\/media\/453"}],"wp:attachment":[{"href":"https:\/\/pgvape.com\/sv\/wp-json\/wp\/v2\/media?parent=450"}],"wp:term":[{"taxonomy":"product_brand","embeddable":true,"href":"https:\/\/pgvape.com\/sv\/wp-json\/wp\/v2\/product_brand?post=450"},{"taxonomy":"product_cat","embeddable":true,"href":"https:\/\/pgvape.com\/sv\/wp-json\/wp\/v2\/product_cat?post=450"},{"taxonomy":"product_tag","embeddable":true,"href":"https:\/\/pgvape.com\/sv\/wp-json\/wp\/v2\/product_tag?post=450"}],"curies":[{"name":"wp","href":"https:\/\/api.w.org\/{rel}","templated":true}]}}