{"id":4487,"date":"2025-10-25T11:42:30","date_gmt":"2025-10-25T11:42:30","guid":{"rendered":"https:\/\/pgvape.com\/?post_type=product&#038;p=4487"},"modified":"2026-01-14T12:56:55","modified_gmt":"2026-01-14T12:56:55","slug":"bang-legend-150000-150k-puffar-6-i-1-smaker-engangs-vape-vape-factory-direct","status":"publish","type":"product","link":"https:\/\/pgvape.com\/sv\/produkt\/bang-legend-150000-150k-puffar-6-i-1-smaker-engangs-vape-vape-factory-direct\/","title":{"rendered":"Bang Legend 150000 150k puffar 6 i 1 smaker Disponibel Vape-Vape Factory Direct"},"content":{"rendered":"<p><strong data-sourcepos=\"4:5-4:47\">Bang Legend 150K Puffs Disposable Vape<\/strong> omdefinierar vaping uth\u00e5llighet med <strong data-sourcepos=\"4:80-4:108\">150 000 ultral\u00e5nga puffar<\/strong> och <strong data-sourcepos=\"4:113-4:141\">6-i-1 smakteknik<\/strong>. <strong data-sourcepos=\"4:155-4:177\">trippeltanksystem<\/strong>, <strong data-sourcepos=\"4:179-4:197\">850mAh batteri<\/strong>, och <strong data-sourcepos=\"4:203-4:216\">mesh spole<\/strong>, det erbjuder <strong data-sourcepos=\"4:228-4:257\">2%\/3%\/5% nikotinalternativ<\/strong> och <strong data-sourcepos=\"4:262-4:297\">12 anpassningsbara smakprofiler<\/strong>. <strong data-sourcepos=\"4:303-4:318\">LED display<\/strong> sp\u00e5rar anv\u00e4ndning medan <strong data-sourcepos=\"4:338-4:357\">Typ-C laddning<\/strong> s\u00e4kerst\u00e4ller snabba power-ups. <strong data-sourcepos=\"4:400-4:415\">entusiaster<\/strong> och <strong data-sourcepos=\"4:420-4:433\">\u00e5terf\u00f6rs\u00e4ljare<\/strong> med <strong data-sourcepos=\"4:439-4:460\">10-enheters f\u00f6rpackning<\/strong>.<\/p>\n<p>&nbsp;<\/p>\n<h2><span style=\"font-size: 100%;\">Bang Legend 150000 | 150k puffar 6 i 1 smaker disponibel vape <strong data-sourcepos=\"6:5-6:27\">Specifikationer<\/strong><\/span><\/h2>\n<p><strong data-sourcepos=\"7:3-7:17\">Puff Count<\/strong>:\u00a0<strong data-sourcepos=\"7:19-7:36\">150 000 bloss<\/strong><\/p>\n<p><strong data-sourcepos=\"8:3-8:19\">Smakl\u00e4gen<\/strong>:\u00a0<strong data-sourcepos=\"8:21-8:39\">6 kombinationer<\/strong>\u00a0(A\/B\/C\/AB\/AC\/BC)<\/p>\n<p><strong data-sourcepos=\"9:3-9:15\">Nikotin<\/strong>:\u00a0<strong data-sourcepos=\"9:17-9:33\">2% \/ 3% \/ 5%<\/strong><\/p>\n<p><strong data-sourcepos=\"10:3-10:12\">Tankar<\/strong>:\u00a0<strong data-sourcepos=\"10:14-10:36\">Trippeltanksystem<\/strong><\/p>\n<p><strong data-sourcepos=\"11:3-11:14\">Batteri<\/strong>:\u00a0<strong data-sourcepos=\"11:16-11:39\">850mAh uppladdningsbar<\/strong><\/p>\n<p><strong data-sourcepos=\"12:3-12:11\">Spole<\/strong>:\u00a0<strong data-sourcepos=\"12:13-12:33\">Mesh spole (0,8\u03a9)<\/strong><\/p>\n<p><strong data-sourcepos=\"13:3-13:14\">Visa<\/strong>:\u00a0<strong data-sourcepos=\"13:16-13:30\">LED-sk\u00e4rm<\/strong><\/p>\n<p><strong data-sourcepos=\"14:3-14:15\">Laddar<\/strong>:\u00a0<strong data-sourcepos=\"14:17-14:41\">Typ-C snabbladdning<\/strong><\/p>\n<p><strong data-sourcepos=\"15:3-15:16\">F\u00f6rpackning<\/strong>:\u00a0<strong data-sourcepos=\"15:18-15:40\">10 st\/displayl\u00e5da<\/strong><\/p>\n<p>&nbsp;<\/p>\n<h3><span style=\"font-size: 100%;\">Bang Legend 150000 | 150k puffar 6 i 1 smaker disponibel vape <strong data-sourcepos=\"22:5-22:25\">Smakval<\/strong><\/span><\/h3>\n<p><strong>1.persika is \/ mango persika \/ bl\u00e5b\u00e4r persika \/ persika is mango persika \/ persika is bl\u00e5b\u00e4r persika \/ mango persika bl\u00e5b\u00e4r persika<\/strong><\/p>\n<p><strong>2.ananas is \/ ananas kokos \/ kiwi frukt ananas is \/ ananas is ananas kokos \/ ananas is kiwi frukt ananas is \/ ananas kokos kiwi frukt ananas is<\/strong><\/p>\n<p><strong>3.grape ice \/ grape bubbelgum \/ hallon druvor \/ grape ice druva bubbelgum \/ grape ice hallon druvor \/ grape bubbel tuggummi hallon druvor<\/strong><\/p>\n<p><strong>4.vattenmelon is \/ vattenmelon b\u00e4r \/ jordgubbs vattenmelon \/ vattenmelon is vattenmelon b\u00e4r \/ vattenmelon is jordgubbs vattenmelon \/ vattenmelon b\u00e4r jordgubbe vattenmelon<\/strong><\/p>\n<p><strong>5.bl\u00e5b\u00e4ris \/ bl\u00e5b\u00e4r hallon \/ bl\u00e5b\u00e4r tranb\u00e4r k\u00f6rsb\u00e4r \/ bl\u00e5b\u00e4r is bl\u00e5b\u00e4r hallon \/ bl\u00e5b\u00e4r is bl\u00e5b\u00e4r tranb\u00e4r k\u00f6rsb\u00e4r \/ bl\u00e5b\u00e4r hallon bl\u00e5b\u00e4r tranb\u00e4r k\u00f6rsb\u00e4r<\/strong><\/p>\n<p><strong>6. bananis \/ jordgubbsbanan \/ citronsyra apelsin \/ bananis jordgubbsbanan \/ bananis citronsyra apelsin \/ jordgubbsbanan citronsyra apelsin<\/strong><\/p>\n<p><strong>7.\u00e4ppleis \/ \u00e4ppeldruva \/ bl\u00e5b\u00e4rsdruva \/ \u00e4ppelis \u00e4ppeldruva \/ \u00e4ppelis bl\u00e5b\u00e4rsdruva \/ \u00e4ppeldruva bl\u00e5b\u00e4rsdruva<\/strong><\/p>\n<p><strong>8.mango is \/ persika mango vattenmelon \/ gummibj\u00f6rn \/ mango is persika mango vattenmelon \/ mango is gummibj\u00f6rn \/ persika mango vattenmelon gummibj\u00f6rn<\/strong><\/p>\n<p><strong>9.k\u00f6rsb\u00e4rsis \/ blandade b\u00e4r \/ r\u00f6d cola \/ k\u00f6rsb\u00e4rsis blandade b\u00e4r \/ k\u00f6rsb\u00e4rs is r\u00f6d cola \/ blandade b\u00e4r r\u00f6d cola<\/strong><\/p>\n<p><strong>10.red bull \/ vattenmelon bubbelgum \/ k\u00e4rlek 66 \/ red bull vattenmelon bubbelgum \/ red bull love 66 \/ vattenmelon bubbelgum love 66<\/strong><\/p>\n<p><strong>11.jordgubbsis \/ jordgubbskiwi \/ jordgubbslitchi \/ jordgubbsis jordgubbskiwi \/ jordgubbsis jordgubbslitchi \/ jordgubbskiwi jordgubbslitchi<\/strong><\/p>\n<p><strong>12. passionsfrukt \/ guava lime \/ passionsfrukt citron \/ passionsfrukt guava lime \/ passionerad passionsfrukt passionsfrukt citron \/ guava lime passionsfrukt citron<\/strong><\/p>\n<p><img loading=\"lazy\" decoding=\"async\" class=\"alignnone wp-image-4493 size-full\" src=\"https:\/\/pgvape.com\/wp-content\/uploads\/2025\/10\/pgvape-Bang-Legend-150000-150k-Puffs-6-in-1-Flavors-Disposable-Vape-4.png\" alt=\"Tolv blanksvarta vape-enheter arrangerade i ett rutn\u00e4t, var och en m\u00e4rkt med en levande neon-apa-illustration, distinkta f\u00e4rger och smaknamn med frukttema, plus sm\u00e5 ikoner och numrerade guider f\u00f6r smakkombinationer tryckta under.\" width=\"1292\" height=\"1500\" srcset=\"https:\/\/pgvape.com\/wp-content\/uploads\/2025\/10\/pgvape-Bang-Legend-150000-150k-Puffs-6-in-1-Flavors-Disposable-Vape-4.png 1292w, https:\/\/pgvape.com\/wp-content\/uploads\/2025\/10\/pgvape-Bang-Legend-150000-150k-Puffs-6-in-1-Flavors-Disposable-Vape-4-310x360.png 310w, https:\/\/pgvape.com\/wp-content\/uploads\/2025\/10\/pgvape-Bang-Legend-150000-150k-Puffs-6-in-1-Flavors-Disposable-Vape-4-595x691.png 595w, https:\/\/pgvape.com\/wp-content\/uploads\/2025\/10\/pgvape-Bang-Legend-150000-150k-Puffs-6-in-1-Flavors-Disposable-Vape-4-345x400.png 345w, https:\/\/pgvape.com\/wp-content\/uploads\/2025\/10\/pgvape-Bang-Legend-150000-150k-Puffs-6-in-1-Flavors-Disposable-Vape-4-768x892.png 768w, https:\/\/pgvape.com\/wp-content\/uploads\/2025\/10\/pgvape-Bang-Legend-150000-150k-Puffs-6-in-1-Flavors-Disposable-Vape-4-10x12.png 10w, https:\/\/pgvape.com\/wp-content\/uploads\/2025\/10\/pgvape-Bang-Legend-150000-150k-Puffs-6-in-1-Flavors-Disposable-Vape-4-600x697.png 600w, https:\/\/pgvape.com\/wp-content\/uploads\/2025\/10\/pgvape-Bang-Legend-150000-150k-Puffs-6-in-1-Flavors-Disposable-Vape-4-34x40.png 34w\" sizes=\"auto, (max-width: 1292px) 100vw, 1292px\" \/><\/p>\n<p>&nbsp;<\/p>\n<h3><span style=\"font-size: 90%;\">Bang Legend 150000 | 150k puffar 6 i 1 smaker disponibel vape <strong>Video<\/strong>:<\/span><\/h3>\n<p>&nbsp;<\/p>\n<h2><span style=\"font-size: 100%;\">Vanliga fr\u00e5gor om Bang Legend 150000 | 150k puffar 6 i 1 smaker disponibel vape<\/span><\/h2>\n<p data-sourcepos=\"25:1-26:100\">\u2753 <strong data-sourcepos=\"25:3-25:35\">Hur fungerar 6-i-1-smak?<\/strong><br \/>\n\u2705 Blanda <strong data-sourcepos=\"26:7-26:26\">valfri 2-3 smaker<\/strong> fr\u00e5n trippeltankarna f\u00f6r <strong data-sourcepos=\"26:53-26:70\">anpassade blandningar<\/strong> eller njuta av dem individuellt.<\/p>\n<p data-sourcepos=\"28:1-29:88\">\u2753 <strong data-sourcepos=\"28:3-28:31\">Vad s\u00e4kerst\u00e4ller 150K bloss?<\/strong><br \/>\n\u2705 <strong data-sourcepos=\"29:3-29:35\">Optimerad trippeltankdesign<\/strong> + <strong data-sourcepos=\"29:38-29:61\">effektiv mesh-spole<\/strong> maximera anv\u00e4ndningen av e-v\u00e4tska.<\/p>\n<p data-sourcepos=\"31:1-32:82\">\u2753 <strong data-sourcepos=\"31:3-31:38\">\u00c4r \u00e5ngproduktionen imponerande?<\/strong><br \/>\n\u2705 <strong data-sourcepos=\"32:3-32:16\">Mesh spole<\/strong> levererar <strong data-sourcepos=\"32:26-32:47\">40% t\u00e4tare moln<\/strong> med <strong data-sourcepos=\"32:53-32:79\">noll smakkompromiss<\/strong>.<\/p>\n<p data-sourcepos=\"34:1-35:83\">\u2753 <strong data-sourcepos=\"34:3-34:30\">Butiksf\u00e4rdig f\u00f6rpackning?<br \/>\n<\/strong> \u2705 <strong data-sourcepos=\"35:3-35:36\">I\u00f6gonfallande sk\u00e4rmar med 10 enheter<\/strong> med <strong data-sourcepos=\"35:42-35:66\">guider f\u00f6r smakmatris<\/strong> f\u00f6r kunder.<\/p>\n<p>&nbsp;<\/p>\n<h3 id=\"brxe-najhln\" class=\"brxe-heading\">Vanliga fr\u00e5gor (FAQ)<\/h3>\n<div id=\"brxe-rajiac\" class=\"brxe-text\">\n<p><strong>F: Vilka betalningsmetoder accepterar du?<\/strong><br \/>\nS: Vi accepterar PayPal, Stripe, bank\u00f6verf\u00f6ringar (st\u00f6ds med SEPA), vanliga kreditkort (Visa, MasterCard, American Express) och betalningar i kryptovaluta.<\/p>\n<p><strong>F: Hur l\u00e5ng tid tar best\u00e4llningsberedningen?<\/strong><br \/>\nS: Best\u00e4llningsf\u00f6rberedelse tar 1-3 arbetsdagar.<\/p>\n<p><strong>F: Vad \u00e4r leveranstiden?<\/strong><br \/>\nS: Leveranstiden \u00e4r 7-14 arbetsdagar, beroende p\u00e5 var du befinner dig.<\/p>\n<p><strong>F: Hur kan jag sp\u00e5ra min best\u00e4llning?<\/strong><br \/>\nS: Efter leverans kommer du att f\u00e5 ett bekr\u00e4ftelsemail med ett sp\u00e5rningsnummer f\u00f6r sp\u00e5rning i realtid.<\/p>\n<p><strong>F: Vilken \u00e4r din returpolicy?<\/strong><br \/>\nS: Vi erbjuder en 30-dagars returpolicy f\u00f6r \u00e5terbetalningar eller byten. .<\/p>\n<p><strong>F: Kommer det att finnas n\u00e5gra tullproblem?<br \/>\n<\/strong>Vi hanterar alla tullf\u00f6rfaranden f\u00f6r att s\u00e4kerst\u00e4lla en problemfri upplevelse f\u00f6r dig. .<\/p>\n<p><strong>F: Vilka frakts\u00e4tt anv\u00e4nds?<\/strong><br \/>\nVi samarbetar med UPS\/DHL\/FEDEX\/DPD, etc. Vi kommer att v\u00e4lja l\u00e4mpligt fraktalternativ beroende p\u00e5 leveransland f\u00f6r att s\u00e4kerst\u00e4lla att du f\u00e5r dina produkter s\u00e5 snabbt som m\u00f6jligt.<\/p>\n<p><a href=\"https:\/\/pgvape.com\/sv\/vanliga-fragor\/\">Klicka h\u00e4r f\u00f6r mer FAQ<\/a><\/p>\n<p>K\u00e4ra kunder, Om du har n\u00e5gra fr\u00e5gor om din best\u00e4llning eller ankomsten av varor, v\u00e4nligen kontakta v\u00e5r kundtj\u00e4nst. Tack!<\/p>\n<h3 data-sourcepos=\"73:1-73:21\"><strong data-sourcepos=\"73:7-73:21\">Kontakta oss<\/strong><\/h3>\n<div id=\"text-2419739398\" class=\"text\">\n<p><strong data-sourcepos=\"75:3-75:12\">E-post<\/strong>:\u00a0<a href=\"mailto:support@pgvape.com\"><strong>support@pgvape.com<\/strong><\/a><\/p>\n<p><strong data-sourcepos=\"76:3-76:15\">WhatsApp<\/strong>: <a href=\"https:\/\/wa.me\/+8618128481258\"><strong>+86 18128481258<\/strong><\/a><br \/>\n<strong>(Svara inom 24 timmar p\u00e5 arbetsdagar)<\/strong><\/p>\n<\/div>\n<h3><strong>Tack f\u00f6r att du valde pgvape.com! .<\/strong><\/h3>\n<\/div>","protected":false},"excerpt":{"rendered":"<p><strong data-sourcepos=\"38:5-38:25\">Bang Legend 150K<\/strong> s\u00e4tter riktm\u00e4rket med <strong data-sourcepos=\"38:50-38:77\">o\u00f6vertr\u00e4ffade 150 000 bloss<\/strong>, <strong data-sourcepos=\"38:79-38:106\">flexibilitet med tre tankar<\/strong>, och <strong data-sourcepos=\"38:112-38:133\">12 smaksystem<\/strong>. <strong data-sourcepos=\"38:160-38:181\">extrem livsl\u00e4ngd<\/strong> och <strong data-sourcepos=\"38:186-38:208\">anpassningsbar smak<\/strong>.<\/p>","protected":false},"featured_media":4491,"comment_status":"open","ping_status":"closed","template":"","meta":{"_seopress_robots_primary_cat":"none","_seopress_titles_title":"%%post_title%% %%sep%% %%sitetitle%%","_seopress_titles_desc":"","_seopress_robots_index":""},"product_brand":[72,516],"product_cat":[368,71,515],"product_tag":[370,253,369,90,59,217],"class_list":{"0":"post-4487","1":"product","2":"type-product","3":"status-publish","4":"has-post-thumbnail","6":"product_brand-bang-legend-vape","7":"product_brand-disposable-vape","8":"product_cat-150k-puffs-vape","9":"product_cat-bang-legend-vape","10":"product_cat-disposable-vape","11":"product_tag-150k-puffs-vape","12":"product_tag-6-in-1-flavors","13":"product_tag-bang-legend-150000","14":"product_tag-disposable-vape","15":"product_tag-mouth-to-lung-mtl","16":"product_tag-smart-display-screen","18":"first","19":"instock","20":"sale","21":"shipping-taxable","22":"purchasable","23":"product-type-variable"},"_links":{"self":[{"href":"https:\/\/pgvape.com\/sv\/wp-json\/wp\/v2\/product\/4487","targetHints":{"allow":["GET"]}}],"collection":[{"href":"https:\/\/pgvape.com\/sv\/wp-json\/wp\/v2\/product"}],"about":[{"href":"https:\/\/pgvape.com\/sv\/wp-json\/wp\/v2\/types\/product"}],"replies":[{"embeddable":true,"href":"https:\/\/pgvape.com\/sv\/wp-json\/wp\/v2\/comments?post=4487"}],"wp:featuredmedia":[{"embeddable":true,"href":"https:\/\/pgvape.com\/sv\/wp-json\/wp\/v2\/media\/4491"}],"wp:attachment":[{"href":"https:\/\/pgvape.com\/sv\/wp-json\/wp\/v2\/media?parent=4487"}],"wp:term":[{"taxonomy":"product_brand","embeddable":true,"href":"https:\/\/pgvape.com\/sv\/wp-json\/wp\/v2\/product_brand?post=4487"},{"taxonomy":"product_cat","embeddable":true,"href":"https:\/\/pgvape.com\/sv\/wp-json\/wp\/v2\/product_cat?post=4487"},{"taxonomy":"product_tag","embeddable":true,"href":"https:\/\/pgvape.com\/sv\/wp-json\/wp\/v2\/product_tag?post=4487"}],"curies":[{"name":"wp","href":"https:\/\/api.w.org\/{rel}","templated":true}]}}