{"id":4392,"date":"2025-10-25T09:24:12","date_gmt":"2025-10-25T09:24:12","guid":{"rendered":"https:\/\/pgvape.com\/?post_type=product&#038;p=4392"},"modified":"2025-12-15T12:27:13","modified_gmt":"2025-12-15T12:27:13","slug":"bang-leader-45000-45k-puffar-dubbla-smaker-disponibel-vape-0-2-3-5-nikotin-dubbel-mesh-spole-led-display-vape-factory-direct","status":"publish","type":"product","link":"https:\/\/pgvape.com\/sv\/produkt\/bang-leader-45000-45k-puffar-dubbla-smaker-disponibel-vape-0-2-3-5-nikotin-dubbel-mesh-spole-led-display-vape-factory-direct\/","title":{"rendered":"Bang Leader 45000 | 45k Puffs Dual Flavors Disposable Vape | 0% 2% 3% 5% Nikotin | Dual Mesh Coil | 8 LED Display __PIpe Factory"},"content":{"rendered":"<p><strong data-sourcepos=\"4:5-4:46\">Bang Leader 45K Puffs eng\u00e5ngsvape<\/strong> levererar <strong data-sourcepos=\"4:56-4:88\">ut\u00f6kad vaping-tillfredsst\u00e4llelse<\/strong> med <strong data-sourcepos=\"4:94-4:110\">45 000 bloss<\/strong> och a <strong data-sourcepos=\"4:117-4:139\">system med dubbla smaker<\/strong>. <strong data-sourcepos=\"4:151-4:170\">dubbla mesh-spolar<\/strong> f\u00f6r <strong data-sourcepos=\"4:175-4:204\">\u00f6kad \u00e5ngproduktion<\/strong>, det erbjuder <strong data-sourcepos=\"4:216-4:248\">0%\/2%\/3%\/5% nikotinalternativ<\/strong> och <strong data-sourcepos=\"4:253-4:287\">12 premium smakkombinationer<\/strong>. <strong data-sourcepos=\"4:293-4:324\">650mAh uppladdningsbart batteri<\/strong> med <strong data-sourcepos=\"4:330-4:349\">Typ-C laddning<\/strong> och <strong data-sourcepos=\"4:354-4:377\">LED digital display<\/strong> s\u00e4kerst\u00e4ller bekv\u00e4m, oavbruten anv\u00e4ndning. <strong data-sourcepos=\"4:426-4:446\">10 enheter per l\u00e5da<\/strong> f\u00f6r detaljhandelns bekv\u00e4mlighet.<br \/>\n<img loading=\"lazy\" decoding=\"async\" class=\"alignnone wp-image-4407 size-full\" src=\"https:\/\/pgvape.com\/wp-content\/uploads\/2025\/10\/pgvape-Bang-Leader-45000-45k-Puffs-Dual-Flavors-Disposable-Vape-11.png\" alt=\"F\u00e4rgstark annons som visar fem uppladdningsbara Bang Leader-vape-enheter med lutning med stiliserade apa-logotyper arrangerade i vinklar, stor text med 45 000 PUFFS och RECHARGEABLE, en &#039;DOUBLE FLAVOUR&#039;-etikett och ikoner f\u00f6r Type-C, 650 mAh batteri och dubbel mesh.\" width=\"1800\" height=\"1004\" srcset=\"https:\/\/pgvape.com\/wp-content\/uploads\/2025\/10\/pgvape-Bang-Leader-45000-45k-Puffs-Dual-Flavors-Disposable-Vape-11.png 1800w, https:\/\/pgvape.com\/wp-content\/uploads\/2025\/10\/pgvape-Bang-Leader-45000-45k-Puffs-Dual-Flavors-Disposable-Vape-11-555x310.png 555w, https:\/\/pgvape.com\/wp-content\/uploads\/2025\/10\/pgvape-Bang-Leader-45000-45k-Puffs-Dual-Flavors-Disposable-Vape-11-595x332.png 595w, https:\/\/pgvape.com\/wp-content\/uploads\/2025\/10\/pgvape-Bang-Leader-45000-45k-Puffs-Dual-Flavors-Disposable-Vape-11-400x223.png 400w, https:\/\/pgvape.com\/wp-content\/uploads\/2025\/10\/pgvape-Bang-Leader-45000-45k-Puffs-Dual-Flavors-Disposable-Vape-11-768x428.png 768w, https:\/\/pgvape.com\/wp-content\/uploads\/2025\/10\/pgvape-Bang-Leader-45000-45k-Puffs-Dual-Flavors-Disposable-Vape-11-1536x857.png 1536w, https:\/\/pgvape.com\/wp-content\/uploads\/2025\/10\/pgvape-Bang-Leader-45000-45k-Puffs-Dual-Flavors-Disposable-Vape-11-18x10.png 18w, https:\/\/pgvape.com\/wp-content\/uploads\/2025\/10\/pgvape-Bang-Leader-45000-45k-Puffs-Dual-Flavors-Disposable-Vape-11-600x335.png 600w, https:\/\/pgvape.com\/wp-content\/uploads\/2025\/10\/pgvape-Bang-Leader-45000-45k-Puffs-Dual-Flavors-Disposable-Vape-11-60x33.png 60w\" sizes=\"auto, (max-width: 1800px) 100vw, 1800px\" \/><\/p>\n<p>&nbsp;<\/p>\n<h2><span style=\"font-size: 90%;\">Bang Leader 45000 | 45k Puffs Dual Flavors Disponibel Vape <strong data-sourcepos=\"6:5-6:27\">Specifikationer<\/strong><\/span><\/h2>\n<p><strong data-sourcepos=\"7:3-7:17\">Puff Count<\/strong>:\u00a0<strong data-sourcepos=\"7:19-7:35\">45 000 bloss<\/strong><\/p>\n<p><strong data-sourcepos=\"8:3-8:20\">Smaksystem<\/strong>:\u00a0<strong data-sourcepos=\"8:22-8:47\">V\u00e4xling med dubbla smaker<\/strong><\/p>\n<p><strong data-sourcepos=\"9:3-9:15\">Nikotin<\/strong>:\u00a0<strong data-sourcepos=\"9:17-9:38\">0% \/ 2% \/ 3% \/ 5%<\/strong><\/p>\n<p><strong data-sourcepos=\"10:3-10:11\">Spole<\/strong>:\u00a0<strong data-sourcepos=\"10:13-10:38\">Dubbla mesh spole (1,0\u03a9)<\/strong><\/p>\n<p><strong data-sourcepos=\"11:3-11:14\">Batteri<\/strong>:\u00a0<strong data-sourcepos=\"11:16-11:39\">650mAh uppladdningsbar<\/strong><\/p>\n<p><strong data-sourcepos=\"12:3-12:15\">Laddar<\/strong>:\u00a0<strong data-sourcepos=\"12:17-12:41\">Typ-C snabbladdning<\/strong><\/p>\n<p><strong data-sourcepos=\"13:3-13:14\">Visa<\/strong>:\u00a0<strong data-sourcepos=\"13:16-13:38\">LED digital sk\u00e4rm<\/strong><\/p>\n<p><strong data-sourcepos=\"14:3-14:14\">Smaker<\/strong>:\u00a0<strong data-sourcepos=\"14:16-14:38\">12 kurerade alternativ<\/strong><\/p>\n<p><strong data-sourcepos=\"15:3-15:16\">F\u00f6rpackning<\/strong>:\u00a0<strong data-sourcepos=\"15:18-15:40\">10 st\/displayl\u00e5da<\/strong><\/p>\n<p>&nbsp;<\/p>\n<h3><span style=\"font-size: 90%;\">Bang Leader 45000 | 45k Puffs Dual Flavors Disponibel Vape <strong data-sourcepos=\"17:5-17:28\">Smakkombinationer<\/strong><\/span><\/h3>\n<p><strong>1.Blueberry Ice &amp; Black Dragon Ice<\/strong><\/p>\n<p><strong>2. Blueberry Ice &amp; Strawberry and Banan<\/strong><\/p>\n<p><strong>3.Bl\u00e5b\u00e4r Hallon &amp; Persika Mango Vattenmelon<\/strong><\/p>\n<p><strong>4.Bl\u00e5b\u00e4rsvattenmelon &amp; jordgubbsmango<\/strong><\/p>\n<p><strong>5. Cola Ice &amp; Cherry Cranberry<\/strong><\/p>\n<p><strong>6.Ananasis &amp; trippelmango<\/strong><\/p>\n<p><strong>7. Red Bull &amp; Blueberry Watermelon<\/strong><\/p>\n<p><strong>8.Red Bull &amp; Watermelon Bubble Candy<\/strong><\/p>\n<p><strong>9. Strawberry Kiwi &amp; Peach Ice<\/strong><\/p>\n<p><strong>10. Jordgubbsvattenmelon &amp; druvis<\/strong><\/p>\n<p><strong>11. Jordgubbsvattenmelon &amp; Kiwi Passionsfrukt Guava<\/strong><\/p>\n<p><strong>12. Vattenmelon Ice &amp; Strawberry and Mango<\/strong><\/p>\n<p><strong>13. Jordgubbsglass &amp; rosa citronglass<\/strong><\/p>\n<p><strong>14. Cherry Cola &amp; Watermelon Bubblegum<\/strong><\/p>\n<p><strong>15. Cherry Ice &amp; Strawberry Cranberry Ice<\/strong><\/p>\n<p><strong>16.Citron And Lime &amp; Blue Razzle<\/strong><\/p>\n<p><strong>17. Hallon Mojito Peach Ice &amp; Apple Pear<\/strong><\/p>\n<p><strong>18. Lychee Ice &amp; Melon Jam<\/strong><\/p>\n<p><img loading=\"lazy\" decoding=\"async\" class=\"alignnone wp-image-4406 size-full\" src=\"https:\/\/pgvape.com\/wp-content\/uploads\/2025\/10\/pgvape-Bang-Leader-45000-45k-Puffs-Dual-Flavors-Disposable-Vape-10.png\" alt=\"Annons f\u00f6r Bang Leader eng\u00e5ngsvape-enheter som visar tv\u00e5 stora gradientf\u00e4rgade enheter och ett rutn\u00e4t med tolv mindre f\u00e4rgglada vapes med stiliserade djurlogotyper, fet text &#039;45000 puffs&#039; och taglinen &#039;Endless Power in Hand&#039;, plus ikoner f\u00f6r Type-C-laddning, dubbel mesh-spole, CE-m\u00e4rkning mot \u00e5tervinning och 21+ .\" width=\"1800\" height=\"1012\" srcset=\"https:\/\/pgvape.com\/wp-content\/uploads\/2025\/10\/pgvape-Bang-Leader-45000-45k-Puffs-Dual-Flavors-Disposable-Vape-10.png 1800w, https:\/\/pgvape.com\/wp-content\/uploads\/2025\/10\/pgvape-Bang-Leader-45000-45k-Puffs-Dual-Flavors-Disposable-Vape-10-555x312.png 555w, https:\/\/pgvape.com\/wp-content\/uploads\/2025\/10\/pgvape-Bang-Leader-45000-45k-Puffs-Dual-Flavors-Disposable-Vape-10-595x335.png 595w, https:\/\/pgvape.com\/wp-content\/uploads\/2025\/10\/pgvape-Bang-Leader-45000-45k-Puffs-Dual-Flavors-Disposable-Vape-10-400x225.png 400w, https:\/\/pgvape.com\/wp-content\/uploads\/2025\/10\/pgvape-Bang-Leader-45000-45k-Puffs-Dual-Flavors-Disposable-Vape-10-768x432.png 768w, https:\/\/pgvape.com\/wp-content\/uploads\/2025\/10\/pgvape-Bang-Leader-45000-45k-Puffs-Dual-Flavors-Disposable-Vape-10-1536x864.png 1536w, https:\/\/pgvape.com\/wp-content\/uploads\/2025\/10\/pgvape-Bang-Leader-45000-45k-Puffs-Dual-Flavors-Disposable-Vape-10-18x10.png 18w, https:\/\/pgvape.com\/wp-content\/uploads\/2025\/10\/pgvape-Bang-Leader-45000-45k-Puffs-Dual-Flavors-Disposable-Vape-10-600x337.png 600w, https:\/\/pgvape.com\/wp-content\/uploads\/2025\/10\/pgvape-Bang-Leader-45000-45k-Puffs-Dual-Flavors-Disposable-Vape-10-60x34.png 60w\" sizes=\"auto, (max-width: 1800px) 100vw, 1800px\" \/><\/p>\n<p>&nbsp;<\/p>\n<h3><span style=\"font-size: 90%;\">Bang Leader 45000 | 45k Puffs Dual Flavors Disponibel Vape <strong>Video<\/strong>:<\/span><\/h3>\n<p>&nbsp;<\/p>\n<h2><span style=\"font-size: 90%;\">Vanliga fr\u00e5gor om Bang Leader 45000 | 45k Puffs Dual Flavors Disposable Vape<\/span><\/h2>\n<p data-sourcepos=\"30:1-31:104\">\u2753 <strong data-sourcepos=\"30:3-30:44\">Hur fungerar systemet med dubbla smaker?<\/strong><br \/>\n\u2705 V\u00e4xla direkt mellan <strong data-sourcepos=\"31:28-31:52\">tv\u00e5 distinkta smaker<\/strong> med ett enkelt knapptryck eller automatisk rotation.<\/p>\n<p data-sourcepos=\"33:1-34:91\">\u2753 <strong data-sourcepos=\"33:3-33:40\">Vad s\u00e4kerst\u00e4ller 45K puffar livsl\u00e4ngd?<\/strong><br \/>\n\u2705 <strong data-sourcepos=\"34:3-34:37\">Optimerad dual-coil-teknik<\/strong> maximerar e-v\u00e4tskans effektivitet f\u00f6r <strong data-sourcepos=\"34:72-34:88\">ut\u00f6kad anv\u00e4ndning<\/strong>.<\/p>\n<p data-sourcepos=\"36:1-37:103\">\u2753 <strong data-sourcepos=\"36:3-36:42\">\u00c4r \u00e5ngproduktionen imponerande?<\/strong><br \/>\n\u2705 <strong data-sourcepos=\"37:3-37:22\">Dubbla mesh-spolar<\/strong> leverera <strong data-sourcepos=\"37:31-37:52\">40% t\u00e4tare moln<\/strong> och <strong data-sourcepos=\"37:57-37:74\">rikare smak<\/strong> \u00e4n vanliga eng\u00e5ngsartiklar.<\/p>\n<p data-sourcepos=\"39:1-40:86\">\u2753 <strong data-sourcepos=\"39:3-39:41\">Hur bekv\u00e4m \u00e4r LED-sk\u00e4rmen?<br \/>\n<\/strong> \u2705 \u00d6vervaka <strong data-sourcepos=\"40:11-40:30\">\u00e5terst\u00e5ende puffar<\/strong>, <strong data-sourcepos=\"40:32-40:48\">batteritid<\/strong>, och <strong data-sourcepos=\"40:54-40:71\">aktiv smak<\/strong> vid en blick.<\/p>\n<p>&nbsp;<\/p>\n<h3 id=\"brxe-najhln\" class=\"brxe-heading\">Vanliga fr\u00e5gor (FAQ)<\/h3>\n<div id=\"brxe-rajiac\" class=\"brxe-text\">\n<p><strong>F: Vilka betalningsmetoder accepterar du?<\/strong><br \/>\nS: Vi accepterar PayPal, Stripe, bank\u00f6verf\u00f6ringar (st\u00f6ds med SEPA), vanliga kreditkort (Visa, MasterCard, American Express) och betalningar i kryptovaluta.<\/p>\n<p><strong>F: Hur l\u00e5ng tid tar best\u00e4llningsberedningen?<\/strong><br \/>\nS: Best\u00e4llningsf\u00f6rberedelse tar 1-3 arbetsdagar.<\/p>\n<p><strong>F: Vad \u00e4r leveranstiden?<\/strong><br \/>\nS: Leveranstiden \u00e4r 7-14 arbetsdagar, beroende p\u00e5 var du befinner dig.<\/p>\n<p><strong>F: Hur kan jag sp\u00e5ra min best\u00e4llning?<\/strong><br \/>\nS: Efter leverans kommer du att f\u00e5 ett bekr\u00e4ftelsemail med ett sp\u00e5rningsnummer f\u00f6r sp\u00e5rning i realtid.<\/p>\n<p><strong>F: Vilken \u00e4r din returpolicy?<\/strong><br \/>\nS: Vi erbjuder en 30-dagars returpolicy f\u00f6r \u00e5terbetalningar eller byten. .<\/p>\n<p><strong>F: Kommer det att finnas n\u00e5gra tullproblem?<br \/>\n<\/strong>Vi hanterar alla tullf\u00f6rfaranden f\u00f6r att s\u00e4kerst\u00e4lla en problemfri upplevelse f\u00f6r dig. .<\/p>\n<p><strong>F: Vilka frakts\u00e4tt anv\u00e4nds?<\/strong><br \/>\nVi samarbetar med UPS\/DHL\/FEDEX\/DPD, etc. Vi kommer att v\u00e4lja l\u00e4mpligt fraktalternativ beroende p\u00e5 leveransland f\u00f6r att s\u00e4kerst\u00e4lla att du f\u00e5r dina produkter s\u00e5 snabbt som m\u00f6jligt.<\/p>\n<p><a href=\"https:\/\/pgvape.com\/sv\/vanliga-fragor\/\">Klicka h\u00e4r f\u00f6r mer FAQ<\/a><\/p>\n<p>K\u00e4ra kunder, Om du har n\u00e5gra fr\u00e5gor om din best\u00e4llning eller ankomsten av varor, v\u00e4nligen kontakta v\u00e5r kundtj\u00e4nst. Tack!<\/p>\n<h3 data-sourcepos=\"73:1-73:21\"><strong data-sourcepos=\"73:7-73:21\">Kontakta oss<\/strong><\/h3>\n<div id=\"text-2419739398\" class=\"text\">\n<p><strong data-sourcepos=\"75:3-75:12\">E-post<\/strong>:\u00a0<a href=\"mailto:support@pgvape.com\"><strong>support@pgvape.com<\/strong><\/a><\/p>\n<p><strong data-sourcepos=\"76:3-76:15\">WhatsApp<\/strong>:<a href=\"https:\/\/wa.me\/+8618128481258\"><strong> +86 18128481258<\/strong><\/a><br \/>\n<strong>(Svara inom 24 timmar p\u00e5 arbetsdagar)<\/strong><\/p>\n<\/div>\n<h3><strong>Tack f\u00f6r att du valde pgvape.com! .<\/strong><\/h3>\n<\/div>","protected":false},"excerpt":{"rendered":"<p>De <strong data-sourcepos=\"43:5-43:30\">Bang Leader 45K puffar<\/strong> kombinerar <strong data-sourcepos=\"43:40-43:69\">prestanda med h\u00f6g kapacitet<\/strong>, <strong data-sourcepos=\"43:71-43:98\">m\u00e5ngsidighet med dubbla smaker<\/strong>, och <strong data-sourcepos=\"43:104-43:131\">premium spoleteknologi<\/strong> med <strong data-sourcepos=\"43:137-43:156\">12 smakpar<\/strong> f\u00f6r ultimat vaping-tillfredsst\u00e4llelse.<\/p>","protected":false},"featured_media":4396,"comment_status":"open","ping_status":"closed","template":"","meta":{"_seopress_robots_primary_cat":"none","_seopress_titles_title":"%%post_title%% %%sep%% %%sitetitle%%","_seopress_titles_desc":"","_seopress_robots_index":""},"product_brand":[54,516],"product_cat":[308,32,515],"product_tag":[310,365,90,66,257,79,490],"class_list":{"0":"post-4392","1":"product","2":"type-product","3":"status-publish","4":"has-post-thumbnail","6":"product_brand-bang-leader-vape","7":"product_brand-disposable-vape","8":"product_cat-45k-puffs-vape","9":"product_cat-bang-leader-vape","10":"product_cat-disposable-vape","11":"product_tag-45k-puffs-vape","12":"product_tag-bang-leader-45000","13":"product_tag-disposable-vape","14":"product_tag-dual-flavors","15":"product_tag-dual-mesh-coil","16":"product_tag-led-display","17":"product_tag-minimum-2-pieces","19":"first","20":"instock","21":"sale","22":"shipping-taxable","23":"purchasable","24":"product-type-variable"},"_links":{"self":[{"href":"https:\/\/pgvape.com\/sv\/wp-json\/wp\/v2\/product\/4392","targetHints":{"allow":["GET"]}}],"collection":[{"href":"https:\/\/pgvape.com\/sv\/wp-json\/wp\/v2\/product"}],"about":[{"href":"https:\/\/pgvape.com\/sv\/wp-json\/wp\/v2\/types\/product"}],"replies":[{"embeddable":true,"href":"https:\/\/pgvape.com\/sv\/wp-json\/wp\/v2\/comments?post=4392"}],"wp:featuredmedia":[{"embeddable":true,"href":"https:\/\/pgvape.com\/sv\/wp-json\/wp\/v2\/media\/4396"}],"wp:attachment":[{"href":"https:\/\/pgvape.com\/sv\/wp-json\/wp\/v2\/media?parent=4392"}],"wp:term":[{"taxonomy":"product_brand","embeddable":true,"href":"https:\/\/pgvape.com\/sv\/wp-json\/wp\/v2\/product_brand?post=4392"},{"taxonomy":"product_cat","embeddable":true,"href":"https:\/\/pgvape.com\/sv\/wp-json\/wp\/v2\/product_cat?post=4392"},{"taxonomy":"product_tag","embeddable":true,"href":"https:\/\/pgvape.com\/sv\/wp-json\/wp\/v2\/product_tag?post=4392"}],"curies":[{"name":"wp","href":"https:\/\/api.w.org\/{rel}","templated":true}]}}