{"id":4322,"date":"2025-10-24T14:46:55","date_gmt":"2025-10-24T14:46:55","guid":{"rendered":"https:\/\/pgvape.com\/?post_type=product&#038;p=4322"},"modified":"2026-01-14T12:53:50","modified_gmt":"2026-01-14T12:53:50","slug":"bang-legend-110000-110k-puffar-3-i-1-smaker-engangs-vape-vape-factory-direct","status":"publish","type":"product","link":"https:\/\/pgvape.com\/sv\/produkt\/bang-legend-110000-110k-puffar-3-i-1-smaker-engangs-vape-vape-factory-direct\/","title":{"rendered":"Bang Legend 110000 110K puffar 3 i 1 smaker Disponibel Vape-Vape Factory Direct"},"content":{"rendered":"<p><strong data-sourcepos=\"6:5-6:47\">Bang Legend 110K Puffs eng\u00e5ngsvape<\/strong> s\u00e4tter en ny standard med <strong data-sourcepos=\"6:73-6:101\">110 000 ultral\u00e5nga puffar<\/strong> och <strong data-sourcepos=\"6:106-6:134\">trippelsmaksteknik<\/strong> i en kompakt enhet. <strong data-sourcepos=\"6:170-6:188\">1,0\u03a9 mesh spole<\/strong> f\u00f6r <strong data-sourcepos=\"6:193-6:220\">sl\u00e4t, smakrik \u00e5nga<\/strong>, det erbjuder <strong data-sourcepos=\"6:232-6:264\">0%\/2%\/3%\/5% nikotinalternativ<\/strong> f\u00f6r att passa alla preferenser. <strong data-sourcepos=\"6:294-6:325\">600mAh uppladdningsbart batteri<\/strong> med <strong data-sourcepos=\"6:331-6:350\">Typ-C laddning<\/strong> och <strong data-sourcepos=\"6:355-6:374\">digital display<\/strong> s\u00e4kerst\u00e4ller bekv\u00e4m, oavbruten vaping. <strong data-sourcepos=\"6:429-6:456\">12 premium smaktrior<\/strong> f\u00f6r o\u00e4ndlig variation.<\/p>\n<p>&nbsp;<\/p>\n<h2><span style=\"font-size: 90%;\">Bang Legend 110000 | 110K puffar 3 i 1 smaker disponibel vape <strong data-sourcepos=\"10:5-10:27\">Specifikationer<\/strong><\/span><\/h2>\n<p><strong data-sourcepos=\"11:3-11:17\">Puff Count<\/strong>:\u00a0<strong data-sourcepos=\"11:19-11:36\">110 000 bloss<\/strong>\u00a0(Branschledande kapacitet)<\/p>\n<p><strong data-sourcepos=\"12:3-12:20\">Smaksystem<\/strong>:\u00a0<strong data-sourcepos=\"12:22-12:57\">3 justerbara smaker per enhet<\/strong><\/p>\n<p><strong data-sourcepos=\"13:3-13:15\">Nikotin<\/strong>:\u00a0<strong data-sourcepos=\"13:17-13:38\">0% \/ 2% \/ 3% \/ 5%<\/strong><\/p>\n<p><strong data-sourcepos=\"14:3-14:11\">Spole<\/strong>:\u00a0<strong data-sourcepos=\"14:13-14:31\">1,0\u03a9 mesh spole<\/strong>\u00a0(Optimerad smak\/\u00e5ngbalans)<\/p>\n<p><strong data-sourcepos=\"15:3-15:14\">Batteri<\/strong>:\u00a0<strong data-sourcepos=\"15:16-15:39\">600mAh uppladdningsbar<\/strong><\/p>\n<p><strong data-sourcepos=\"16:3-16:14\">Visa<\/strong>:\u00a0<strong data-sourcepos=\"16:16-16:34\">Digital sk\u00e4rm<\/strong>\u00a0(Realtids\u00f6vervakning av batteri\/e-v\u00e4tska)<\/p>\n<p><strong data-sourcepos=\"17:3-17:15\">Laddar<\/strong>:\u00a0<strong data-sourcepos=\"17:17-17:41\">Typ-C snabbladdning<\/strong><\/p>\n<p><strong data-sourcepos=\"18:3-18:13\">Design<\/strong>:\u00a0<strong data-sourcepos=\"18:15-18:37\">Kompakt &amp; b\u00e4rbar<\/strong>\u00a0(Trots h\u00f6g kapacitet)<\/p>\n<p>&nbsp;<\/p>\n<h3><span style=\"font-size: 90%;\">Bang Legend 110000 | 110K puffar 3 i 1 smaker disponibel vape <strong data-sourcepos=\"22:5-22:25\">Smakval<\/strong><\/span><\/h3>\n<p><strong data-sourcepos=\"36:4-36:53\">1. Vattenmelon Ice \/ Apple Pear \/ Passionate Kiss<\/strong><\/p>\n<p><strong data-sourcepos=\"37:4-37:55\">2.Blueberry Ice \/ Cantaloupe Apple \/ Lime Romance<\/strong><\/p>\n<p><strong data-sourcepos=\"38:4-38:56\">3.Energy Drink \/ Apple Grape \/ Mango Peach Aprikos<\/strong><\/p>\n<p><strong data-sourcepos=\"39:4-39:63\">4. Jordgubbsmango \/ bl\u00e5b\u00e4rspersika \/ vattenmelonb\u00e4r<\/strong><\/p>\n<p><strong data-sourcepos=\"40:4-40:60\">5.Bl\u00e5b\u00e4r Hallon \/ Gummy Bear \/ Vattenmelon Pitaya<\/strong><\/p>\n<p><strong data-sourcepos=\"41:4-41:55\">6. Jordgubbskiwi \/ Black Dragon Ice \/ Lemon Lime<\/strong><\/p>\n<p><strong data-sourcepos=\"42:4-42:51\">7.Bl\u00e5b\u00e4rsvattenmelon \/ druvis \/ Fujiis<\/strong><\/p>\n<p><strong data-sourcepos=\"43:4-43:64\">8. Jordgubbsvattenmelon \/ vindruvor bj\u00f6rnb\u00e4r \/ lime Romance<\/strong><\/p>\n<p><strong data-sourcepos=\"44:4-44:61\">9.Strawberry Banana \/ Peach Ice \/ Watermelon Sour Peach<\/strong><\/p>\n<p><strong data-sourcepos=\"45:5-45:71\">10.Peach Mango Vattenmelon \/ Cherry Cola \/ Passionsfrukt Kiwi Lime<\/strong><\/p>\n<p><strong data-sourcepos=\"46:5-46:65\">11. Vattenmelon Bubble Gum \/ Kiwi Passionsfrukt Guava \/ Mamba<\/strong><\/p>\n<p><strong data-sourcepos=\"47:5-47:53\">12.Blandade b\u00e4r \/ Passionsfrukt Mango \/ Love66<\/strong><\/p>\n<p><strong data-sourcepos=\"47:5-47:53\"><br \/>\n<img loading=\"lazy\" decoding=\"async\" class=\"alignnone wp-image-4331 size-full\" src=\"https:\/\/pgvape.com\/wp-content\/uploads\/2025\/10\/pgvape-Bang-Legend-110000-110K-Puffs-3-in-1-Flavors-Disposable-Vape-0-2-3-5-Nicotine-12Tastes-LED-Display-Vape-Factory-Direct-7.png\" alt=\"\" width=\"1500\" height=\"1500\" srcset=\"https:\/\/pgvape.com\/wp-content\/uploads\/2025\/10\/pgvape-Bang-Legend-110000-110K-Puffs-3-in-1-Flavors-Disposable-Vape-0-2-3-5-Nicotine-12Tastes-LED-Display-Vape-Factory-Direct-7.png 1500w, https:\/\/pgvape.com\/wp-content\/uploads\/2025\/10\/pgvape-Bang-Legend-110000-110K-Puffs-3-in-1-Flavors-Disposable-Vape-0-2-3-5-Nicotine-12Tastes-LED-Display-Vape-Factory-Direct-7-360x360.png 360w, https:\/\/pgvape.com\/wp-content\/uploads\/2025\/10\/pgvape-Bang-Legend-110000-110K-Puffs-3-in-1-Flavors-Disposable-Vape-0-2-3-5-Nicotine-12Tastes-LED-Display-Vape-Factory-Direct-7-595x595.png 595w, https:\/\/pgvape.com\/wp-content\/uploads\/2025\/10\/pgvape-Bang-Legend-110000-110K-Puffs-3-in-1-Flavors-Disposable-Vape-0-2-3-5-Nicotine-12Tastes-LED-Display-Vape-Factory-Direct-7-400x400.png 400w, https:\/\/pgvape.com\/wp-content\/uploads\/2025\/10\/pgvape-Bang-Legend-110000-110K-Puffs-3-in-1-Flavors-Disposable-Vape-0-2-3-5-Nicotine-12Tastes-LED-Display-Vape-Factory-Direct-7-768x768.png 768w, https:\/\/pgvape.com\/wp-content\/uploads\/2025\/10\/pgvape-Bang-Legend-110000-110K-Puffs-3-in-1-Flavors-Disposable-Vape-0-2-3-5-Nicotine-12Tastes-LED-Display-Vape-Factory-Direct-7-12x12.png 12w, https:\/\/pgvape.com\/wp-content\/uploads\/2025\/10\/pgvape-Bang-Legend-110000-110K-Puffs-3-in-1-Flavors-Disposable-Vape-0-2-3-5-Nicotine-12Tastes-LED-Display-Vape-Factory-Direct-7-300x300.png 300w, https:\/\/pgvape.com\/wp-content\/uploads\/2025\/10\/pgvape-Bang-Legend-110000-110K-Puffs-3-in-1-Flavors-Disposable-Vape-0-2-3-5-Nicotine-12Tastes-LED-Display-Vape-Factory-Direct-7-600x600.png 600w, https:\/\/pgvape.com\/wp-content\/uploads\/2025\/10\/pgvape-Bang-Legend-110000-110K-Puffs-3-in-1-Flavors-Disposable-Vape-0-2-3-5-Nicotine-12Tastes-LED-Display-Vape-Factory-Direct-7-100x100.png 100w, https:\/\/pgvape.com\/wp-content\/uploads\/2025\/10\/pgvape-Bang-Legend-110000-110K-Puffs-3-in-1-Flavors-Disposable-Vape-0-2-3-5-Nicotine-12Tastes-LED-Display-Vape-Factory-Direct-7-40x40.png 40w\" sizes=\"auto, (max-width: 1500px) 100vw, 1500px\" \/><br \/>\n<\/strong><\/p>\n<p>&nbsp;<\/p>\n<h3><span style=\"font-size: 90%;\">Bang Legend 110000 | 110K puffar 3 i 1 smaker disponibel vape <strong>Video<\/strong>:<br \/>\n<\/span><\/h3>\n<p>&nbsp;<\/p>\n<h2><span style=\"font-size: 90%;\">Vanliga fr\u00e5gor om Bang Legend 110000 | 110K Puffs 3 in 1 Flavors Disposable Vape<\/span><\/h2>\n<p data-sourcepos=\"33:1-34:101\">\u2753 <strong data-sourcepos=\"33:3-33:46\">Hur fungerar trippelsmaksystemet?<\/strong><br \/>\n\u2705 Rotera omedelbart mellan <strong data-sourcepos=\"34:28-34:44\">Smak A\/B\/C<\/strong> eller blanda dem till <strong data-sourcepos=\"34:61-34:78\">anpassade blandningar<\/strong> \u2013 allt i en enhet.<\/p>\n<p data-sourcepos=\"36:1-37:113\">\u2753 <strong data-sourcepos=\"36:3-36:41\">Vad s\u00e4kerst\u00e4ller 110K puffar livsl\u00e4ngd?<\/strong><br \/>\n\u2705 <strong data-sourcepos=\"37:3-37:31\">Avancerad spoleffektivitet<\/strong> + <strong data-sourcepos=\"37:34-37:68\">optimerad f\u00f6rbrukning av e-v\u00e4tska<\/strong> = <strong data-sourcepos=\"37:71-37:84\">5x l\u00e4ngre<\/strong> \u00e4n vanliga eng\u00e5ngsartiklar.<\/p>\n<p data-sourcepos=\"39:1-40:92\">\u2753 <strong data-sourcepos=\"39:3-39:39\">\u00c4r \u00e5ngkvaliteten konsekvent?<\/strong><br \/>\n\u2705 <strong data-sourcepos=\"40:3-40:21\">1,0\u03a9 mesh spole<\/strong> levererar <strong data-sourcepos=\"40:31-40:58\">30% mer klarhet i smaken<\/strong> med <strong data-sourcepos=\"40:64-40:89\">noll br\u00e4nd eftersmak<\/strong>.<\/p>\n<p data-sourcepos=\"42:1-43:68\">\u2753 <strong data-sourcepos=\"42:3-42:38\">B\u00e4rbar trots h\u00f6g kapacitet?<\/strong><br \/>\n\u2705 <strong data-sourcepos=\"43:3-43:23\">Ergonomisk design<\/strong> (XXcm x XXcm) passar bekv\u00e4mt i fickorna.<\/p>\n<p>&nbsp;<\/p>\n<h3 id=\"brxe-najhln\" class=\"brxe-heading\">Vanliga fr\u00e5gor (FAQ)<\/h3>\n<div id=\"brxe-rajiac\" class=\"brxe-text\">\n<p><strong>F: Vilka betalningsmetoder accepterar du?<\/strong><br \/>\nS: Vi accepterar PayPal, Stripe, bank\u00f6verf\u00f6ringar (st\u00f6ds med SEPA), vanliga kreditkort (Visa, MasterCard, American Express) och betalningar i kryptovaluta.<\/p>\n<p><strong>F: Hur l\u00e5ng tid tar best\u00e4llningsberedningen?<\/strong><br \/>\nS: Best\u00e4llningsf\u00f6rberedelse tar 1-3 arbetsdagar.<\/p>\n<p><strong>F: Vad \u00e4r leveranstiden?<\/strong><br \/>\nS: Leveranstiden \u00e4r 7-14 arbetsdagar, beroende p\u00e5 var du befinner dig.<\/p>\n<p><strong>F: Hur kan jag sp\u00e5ra min best\u00e4llning?<\/strong><br \/>\nS: Efter leverans kommer du att f\u00e5 ett bekr\u00e4ftelsemail med ett sp\u00e5rningsnummer f\u00f6r sp\u00e5rning i realtid.<\/p>\n<p><strong>F: Vilken \u00e4r din returpolicy?<\/strong><br \/>\nS: Vi erbjuder en 30-dagars returpolicy f\u00f6r \u00e5terbetalningar eller byten. .<\/p>\n<p><strong>F: Kommer det att finnas n\u00e5gra tullproblem?<br \/>\n<\/strong>Vi hanterar alla tullf\u00f6rfaranden f\u00f6r att s\u00e4kerst\u00e4lla en problemfri upplevelse f\u00f6r dig. .<\/p>\n<p><strong>F: Vilka frakts\u00e4tt anv\u00e4nds?<\/strong><br \/>\nVi samarbetar med UPS\/DHL\/FEDEX\/DPD, etc. Vi kommer att v\u00e4lja l\u00e4mpligt fraktalternativ beroende p\u00e5 leveransland f\u00f6r att s\u00e4kerst\u00e4lla att du f\u00e5r dina produkter s\u00e5 snabbt som m\u00f6jligt.<\/p>\n<p><a href=\"https:\/\/pgvape.com\/sv\/vanliga-fragor\/\">Klicka h\u00e4r f\u00f6r mer FAQ<\/a><\/p>\n<p>K\u00e4ra kunder, Om du har n\u00e5gra fr\u00e5gor om din best\u00e4llning eller ankomsten av varor, v\u00e4nligen kontakta v\u00e5r kundtj\u00e4nst. Tack!<\/p>\n<h3 data-sourcepos=\"73:1-73:21\"><strong data-sourcepos=\"73:7-73:21\">Kontakta oss<\/strong><\/h3>\n<div id=\"text-2419739398\" class=\"text\">\n<p><strong data-sourcepos=\"75:3-75:12\">E-post<\/strong>:\u00a0<a href=\"mailto:support@pgvape.com\"><strong>support@pgvape.com<\/strong><\/a><\/p>\n<p><strong data-sourcepos=\"76:3-76:15\">WhatsApp<\/strong>: <a href=\"https:\/\/wa.me\/+8618128481258\"><strong>+86 18128481258<\/strong><\/a><br \/>\n<strong>(Svara inom 24 timmar p\u00e5 arbetsdagar)<\/strong><\/p>\n<\/div>\n<h3><strong>Tack f\u00f6r att du valde pgvape.com! .<\/strong><\/h3>\n<\/div>","protected":false},"excerpt":{"rendered":"<p><strong data-sourcepos=\"48:5-48:25\">Bang Legend 110K<\/strong> kombinerar <strong data-sourcepos=\"48:35-48:62\">o\u00f6vertr\u00e4ffade 110 000 bloss<\/strong>, <strong data-sourcepos=\"48:64-48:93\">m\u00e5ngsidighet med tre smaker<\/strong>, och <strong data-sourcepos=\"48:99-48:132\">premium mesh-spoleprestanda<\/strong> i en b\u00e4rbar design. <strong data-sourcepos=\"48:155-48:174\">12 smaktrior<\/strong> och <strong data-sourcepos=\"48:179-48:208\">flera nikotinalternativ<\/strong> tillgodose alla vapers.<\/p>","protected":false},"featured_media":4342,"comment_status":"open","ping_status":"closed","template":"","meta":{"_seopress_robots_primary_cat":"none","_seopress_titles_title":"%%post_title%% %%sep%% %%sitetitle%%","_seopress_titles_desc":"","_seopress_robots_index":""},"product_brand":[72,516],"product_cat":[119,71,515],"product_tag":[361,24,360,90,79,204],"class_list":{"0":"post-4322","1":"product","2":"type-product","3":"status-publish","4":"has-post-thumbnail","6":"product_brand-bang-legend-vape","7":"product_brand-disposable-vape","8":"product_cat-110k-puffs-vape","9":"product_cat-bang-legend-vape","10":"product_cat-disposable-vape","11":"product_tag-110k-puffs-vape","12":"product_tag-3-in-1-flavors","13":"product_tag-bang-legend-110000","14":"product_tag-disposable-vape","15":"product_tag-led-display","16":"product_tag-vape-factory-direct","18":"first","19":"instock","20":"sale","21":"shipping-taxable","22":"purchasable","23":"product-type-variable"},"_links":{"self":[{"href":"https:\/\/pgvape.com\/sv\/wp-json\/wp\/v2\/product\/4322","targetHints":{"allow":["GET"]}}],"collection":[{"href":"https:\/\/pgvape.com\/sv\/wp-json\/wp\/v2\/product"}],"about":[{"href":"https:\/\/pgvape.com\/sv\/wp-json\/wp\/v2\/types\/product"}],"replies":[{"embeddable":true,"href":"https:\/\/pgvape.com\/sv\/wp-json\/wp\/v2\/comments?post=4322"}],"wp:featuredmedia":[{"embeddable":true,"href":"https:\/\/pgvape.com\/sv\/wp-json\/wp\/v2\/media\/4342"}],"wp:attachment":[{"href":"https:\/\/pgvape.com\/sv\/wp-json\/wp\/v2\/media?parent=4322"}],"wp:term":[{"taxonomy":"product_brand","embeddable":true,"href":"https:\/\/pgvape.com\/sv\/wp-json\/wp\/v2\/product_brand?post=4322"},{"taxonomy":"product_cat","embeddable":true,"href":"https:\/\/pgvape.com\/sv\/wp-json\/wp\/v2\/product_cat?post=4322"},{"taxonomy":"product_tag","embeddable":true,"href":"https:\/\/pgvape.com\/sv\/wp-json\/wp\/v2\/product_tag?post=4322"}],"curies":[{"name":"wp","href":"https:\/\/api.w.org\/{rel}","templated":true}]}}