{"id":4174,"date":"2025-10-24T09:20:14","date_gmt":"2025-10-24T09:20:14","guid":{"rendered":"https:\/\/pgvape.com\/?post_type=product&#038;p=4174"},"modified":"2026-03-24T18:10:38","modified_gmt":"2026-03-24T18:10:38","slug":"bang-king-30000-30k-puffar-dubbel-smak-engangs-vape-vape-factory-direct","status":"publish","type":"product","link":"https:\/\/pgvape.com\/sv\/produkt\/bang-king-30000-30k-puffar-dubbel-smak-engangs-vape-vape-factory-direct\/","title":{"rendered":"Bang King 30000 30K Puffs Double Taste Disponibel Vape-Vape Factory Direct"},"content":{"rendered":"<p><strong data-sourcepos=\"4:5-4:58\">Bang King 30000Puffs Double Taste Disposable Vape<\/strong> levererar <strong data-sourcepos=\"4:68-4:96\">ut\u00f6kat vaping-n\u00f6je<\/strong> med sin <strong data-sourcepos=\"4:106-4:128\">system med dubbla smaker<\/strong> och <strong data-sourcepos=\"4:133-4:157\">30 000 puffkapacitet<\/strong>. <strong data-sourcepos=\"4:171-4:191\">1,0 ohm mesh spole<\/strong> f\u00f6r <strong data-sourcepos=\"4:196-4:223\">j\u00e4mn \u00e5ngproduktion<\/strong> och <strong data-sourcepos=\"4:228-4:254\">36ml e-v\u00e4tska kapacitet<\/strong>, det erbjuder <strong data-sourcepos=\"4:266-4:298\">0%\/2%\/3%\/5% nikotinalternativ<\/strong> f\u00f6r att passa olika preferenser. <strong data-sourcepos=\"4:334-4:365\">550mAh uppladdningsbart batteri<\/strong> med <strong data-sourcepos=\"4:371-4:390\">Typ-C laddning<\/strong> och <strong data-sourcepos=\"4:395-4:410\">LED display<\/strong> s\u00e4kerst\u00e4ller bekv\u00e4m anv\u00e4ndning.<\/p>\n<p>&nbsp;<\/p>\n<h2><span style=\"font-size: 90%;\">Bang King 30000 | 30K Puffs Double Taste Disposable Vape Produktspecifikationer<\/span><\/h2>\n<p><strong data-sourcepos=\"7:3-7:17\">Puff r\u00e4kna<\/strong>: 30 000 bloss<\/p>\n<p><strong data-sourcepos=\"8:3-8:11\">Spole<\/strong>: 1,0 ohm mesh spole<\/p>\n<p><strong data-sourcepos=\"9:3-9:24\">E-v\u00e4tskekapacitet<\/strong>: 36ml<\/p>\n<p><strong data-sourcepos=\"10:3-10:25\">Nikotinets styrkor<\/strong>: 0%\/2%\/3%\/5%<\/p>\n<p><strong data-sourcepos=\"11:3-11:14\">Batteri<\/strong>: 550mAh uppladdningsbar<\/p>\n<p><strong data-sourcepos=\"12:3-12:15\">Laddar<\/strong>: Typ-C-port<\/p>\n<p><strong data-sourcepos=\"13:3-13:14\">Visa<\/strong>: LED digital sk\u00e4rm<\/p>\n<p><strong data-sourcepos=\"14:3-14:14\">S\u00e4rdrag<\/strong>: Dubbelsmaksteknik<\/p>\n<p><strong data-sourcepos=\"15:3-15:16\">F\u00f6rpackning<\/strong>: 10 stycken\/displayl\u00e5da<\/p>\n<p>&nbsp;<\/p>\n<h3><span style=\"font-size: 90%;\">Bang King 30000 | 30K Puffs Double Taste Disponibel Vape Flavor Combinations<\/span><\/h3>\n<p><strong data-sourcepos=\"18:4-18:39\">1. Vattenmelon Ice &amp; Blueberry Mint<\/strong><\/p>\n<p><strong data-sourcepos=\"19:4-19:41\">2. Vattenmelon Ice &amp; Strawberry Mango<\/strong><\/p>\n<p><strong data-sourcepos=\"20:4-20:56\">3. Jordgubbsvattenmelon &amp; Kiwi Passionsfrukt Guava<\/strong><\/p>\n<p><strong data-sourcepos=\"21:4-21:41\">4. Strawberry Watermelon &amp; Grape Ice<\/strong><\/p>\n<p><strong data-sourcepos=\"22:4-22:40\">5.Blueberry Ice &amp; Black Dragon Ice<\/strong><\/p>\n<p><strong data-sourcepos=\"23:4-23:41\">6.Blueberry Ice &amp; Strawberry Banana<\/strong><\/p>\n<p><strong data-sourcepos=\"24:4-24:39\">7. Red Bull &amp; Blueberry Watermelon<\/strong><\/p>\n<p><strong data-sourcepos=\"25:4-25:42\">8.Red Bull &amp; Watermelon Bubble Candy<\/strong><\/p>\n<p><strong data-sourcepos=\"26:4-26:52\">9.Bl\u00e5b\u00e4r Hallon &amp; Persika Mango Vattenmelon<\/strong><\/p>\n<p><strong data-sourcepos=\"27:5-27:42\">10.Bl\u00e5b\u00e4r hallon &amp; blandad frukt<\/strong><\/p>\n<p><strong data-sourcepos=\"28:5-28:36\">11.Strawberry Kiwi &amp; Peach Ice<\/strong><\/p>\n<p><strong data-sourcepos=\"29:5-29:47\">12. Jordgubbskiwi &amp; sura \u00e4pplehallon<br \/>\n<img loading=\"lazy\" decoding=\"async\" class=\"alignnone wp-image-4182 size-full\" src=\"https:\/\/pgvape.com\/wp-content\/uploads\/2025\/10\/pgvape-Bang-King-30000-Puffs-Double-Taste-Disposable-Vape-2.png\" alt=\"\" width=\"737\" height=\"1200\" srcset=\"https:\/\/pgvape.com\/wp-content\/uploads\/2025\/10\/pgvape-Bang-King-30000-Puffs-Double-Taste-Disposable-Vape-2.png 737w, https:\/\/pgvape.com\/wp-content\/uploads\/2025\/10\/pgvape-Bang-King-30000-Puffs-Double-Taste-Disposable-Vape-2-221x360.png 221w, https:\/\/pgvape.com\/wp-content\/uploads\/2025\/10\/pgvape-Bang-King-30000-Puffs-Double-Taste-Disposable-Vape-2-595x969.png 595w, https:\/\/pgvape.com\/wp-content\/uploads\/2025\/10\/pgvape-Bang-King-30000-Puffs-Double-Taste-Disposable-Vape-2-246x400.png 246w, https:\/\/pgvape.com\/wp-content\/uploads\/2025\/10\/pgvape-Bang-King-30000-Puffs-Double-Taste-Disposable-Vape-2-7x12.png 7w, https:\/\/pgvape.com\/wp-content\/uploads\/2025\/10\/pgvape-Bang-King-30000-Puffs-Double-Taste-Disposable-Vape-2-600x977.png 600w, https:\/\/pgvape.com\/wp-content\/uploads\/2025\/10\/pgvape-Bang-King-30000-Puffs-Double-Taste-Disposable-Vape-2-25x40.png 25w\" sizes=\"auto, (max-width: 737px) 100vw, 737px\" \/><\/strong><\/p>\n<p>&nbsp;<\/p>\n<h3><span style=\"font-size: 90%;\">Bang King 30000 | 30K Puffs Double Taste Disposable Vape Video:<\/span><\/h3>\n<p>&nbsp;<\/p>\n<h2><span style=\"font-size: 90%;\">Vanliga fr\u00e5gor om Bang King 30000 | 30K Puffs Double Taste Disposable Vape<\/span><\/h2>\n<p data-sourcepos=\"32:1-33:79\">\u2753 <strong data-sourcepos=\"32:3-32:46\">Hur fungerar dubbelsmakfunktionen?<\/strong><br \/>\n\u2705 Byt enkelt mellan <strong data-sourcepos=\"33:25-33:50\">tv\u00e5 olika smaker<\/strong> i en enhet f\u00f6r variation.<\/p>\n<p data-sourcepos=\"35:1-36:75\">\u2753 <strong data-sourcepos=\"35:3-35:36\">Hur l\u00e4nge h\u00e5ller denna vape?<\/strong><br \/>\n\u2705 Med <strong data-sourcepos=\"36:8-36:24\">30 000 bloss<\/strong> och <strong data-sourcepos=\"36:29-36:46\">Kapacitet 36ml<\/strong>, ger den ut\u00f6kad anv\u00e4ndning.<\/p>\n<p data-sourcepos=\"38:1-39:73\">\u2753 <strong data-sourcepos=\"38:3-38:41\">Vad g\u00f6r \u00e5ngkvaliteten bra?<\/strong><br \/>\n\u2705 Den <strong data-sourcepos=\"39:7-39:27\">1,0 ohm mesh spole<\/strong> s\u00e4kerst\u00e4ller j\u00e4mn, smakrik \u00e5ngproduktion.<\/p>\n<p data-sourcepos=\"41:1-42:69\">\u2753 <strong data-sourcepos=\"41:3-41:47\">Kan jag kontrollera batteri- och e-v\u00e4tskeniv\u00e5er?<\/strong><br \/>\n\u2705 Den <strong data-sourcepos=\"42:7-42:22\">LED display<\/strong> visar \u00e5terst\u00e5ende batteri- och e-v\u00e4tskeniv\u00e5er.<\/p>\n<p data-sourcepos=\"44:1-45:74\">\u2753 <strong data-sourcepos=\"44:3-44:30\">\u00c4r det l\u00e4tt att ladda om?<br \/>\n<\/strong> \u2705 Den <strong data-sourcepos=\"45:7-45:31\">Laddningsport typ C<\/strong> m\u00f6jligg\u00f6r snabb och bekv\u00e4m laddning.<\/p>\n<p>&nbsp;<\/p>\n<h3 id=\"brxe-najhln\" class=\"brxe-heading\">Vanliga fr\u00e5gor (FAQ)<\/h3>\n<div id=\"brxe-rajiac\" class=\"brxe-text\">\n<p><strong>F: Vilka betalningsmetoder accepterar du?<\/strong><br \/>\nS: Vi accepterar PayPal, Stripe, bank\u00f6verf\u00f6ringar (st\u00f6ds med SEPA), vanliga kreditkort (Visa, MasterCard, American Express) och betalningar i kryptovaluta.<\/p>\n<p><strong>F: Hur l\u00e5ng tid tar best\u00e4llningsberedningen?<\/strong><br \/>\nS: Best\u00e4llningsf\u00f6rberedelse tar 1-3 arbetsdagar.<\/p>\n<p><strong>F: Vad \u00e4r leveranstiden?<\/strong><br \/>\nS: Leveranstiden \u00e4r 7-14 arbetsdagar, beroende p\u00e5 var du befinner dig.<\/p>\n<p><strong>F: Hur kan jag sp\u00e5ra min best\u00e4llning?<\/strong><br \/>\nS: Efter leverans kommer du att f\u00e5 ett bekr\u00e4ftelsemail med ett sp\u00e5rningsnummer f\u00f6r sp\u00e5rning i realtid.<\/p>\n<p><strong>F: Vilken \u00e4r din returpolicy?<\/strong><br \/>\nS: Vi erbjuder en 30-dagars returpolicy f\u00f6r \u00e5terbetalningar eller byten. .<\/p>\n<p><strong>F: Kommer det att finnas n\u00e5gra tullproblem?<br \/>\n<\/strong>Vi hanterar alla tullf\u00f6rfaranden f\u00f6r att s\u00e4kerst\u00e4lla en problemfri upplevelse f\u00f6r dig. .<\/p>\n<p><strong>F: Vilka frakts\u00e4tt anv\u00e4nds?<\/strong><br \/>\nVi samarbetar med UPS\/DHL\/FEDEX\/DPD, etc. Vi kommer att v\u00e4lja l\u00e4mpligt fraktalternativ beroende p\u00e5 leveransland f\u00f6r att s\u00e4kerst\u00e4lla att du f\u00e5r dina produkter s\u00e5 snabbt som m\u00f6jligt.<\/p>\n<p><a href=\"https:\/\/pgvape.com\/sv\/vanliga-fragor\/\">Klicka h\u00e4r f\u00f6r mer FAQ<\/a><\/p>\n<p>K\u00e4ra kunder, Om du har n\u00e5gra fr\u00e5gor om din best\u00e4llning eller ankomsten av varor, v\u00e4nligen kontakta v\u00e5r kundtj\u00e4nst. Tack!<\/p>\n<h3 data-sourcepos=\"73:1-73:21\"><strong data-sourcepos=\"73:7-73:21\">Kontakta oss<\/strong><\/h3>\n<div id=\"text-2419739398\" class=\"text\">\n<p><strong data-sourcepos=\"75:3-75:12\">E-post<\/strong>:\u00a0<a href=\"mailto:support@pgvape.com\"><strong>support@pgvape.com<\/strong><\/a><\/p>\n<p><strong data-sourcepos=\"76:3-76:15\">WhatsApp<\/strong>: <a href=\"https:\/\/wa.me\/+8618128481258\"><strong>+86 18128481258<\/strong><\/a><br \/>\n<strong>(Svara inom 24 timmar p\u00e5 arbetsdagar)<\/strong><\/p>\n<\/div>\n<h3><strong>Tack f\u00f6r att du valde pgvape.com! .<\/strong><\/h3>\n<\/div>","protected":false},"excerpt":{"rendered":"<p><strong data-sourcepos=\"48:5-48:29\">Bang King 30000 Puffs<\/strong> erbjudanden <strong data-sourcepos=\"48:37-48:64\">m\u00e5ngsidighet med dubbla smaker<\/strong>, <strong data-sourcepos=\"48:66-48:92\">ut\u00f6kad kapacitet p\u00e5 36 ml<\/strong>, och <strong data-sourcepos=\"48:98-48:122\">mesh coil-teknik<\/strong> f\u00f6r en tillfredsst\u00e4llande vapingupplevelse med <strong data-sourcepos=\"48:163-48:189\">12 smakkombinationer<\/strong> och <strong data-sourcepos=\"48:194-48:223\">flera nikotinalternativ<\/strong>.<\/p>","protected":false},"featured_media":4183,"comment_status":"open","ping_status":"closed","template":"","meta":{"_seopress_robots_primary_cat":"none","_seopress_titles_title":"%%post_title%% %%sep%% %%sitetitle%%","_seopress_titles_desc":"","_seopress_robots_index":""},"product_brand":[19,516],"product_cat":[35,18,515],"product_tag":[349,348,90,68,79],"class_list":{"0":"post-4174","1":"product","2":"type-product","3":"status-publish","4":"has-post-thumbnail","6":"product_brand-bang-king-vape","7":"product_brand-disposable-vape","8":"product_cat-30k-puffs-vape","9":"product_cat-bang-king-vape","10":"product_cat-disposable-vape","11":"product_tag-30k-puffs-vape","12":"product_tag-bang-king-30000","13":"product_tag-disposable-vape","14":"product_tag-double-taste","15":"product_tag-led-display","17":"first","18":"instock","19":"sale","20":"shipping-taxable","21":"purchasable","22":"product-type-variable"},"_links":{"self":[{"href":"https:\/\/pgvape.com\/sv\/wp-json\/wp\/v2\/product\/4174","targetHints":{"allow":["GET"]}}],"collection":[{"href":"https:\/\/pgvape.com\/sv\/wp-json\/wp\/v2\/product"}],"about":[{"href":"https:\/\/pgvape.com\/sv\/wp-json\/wp\/v2\/types\/product"}],"replies":[{"embeddable":true,"href":"https:\/\/pgvape.com\/sv\/wp-json\/wp\/v2\/comments?post=4174"}],"wp:featuredmedia":[{"embeddable":true,"href":"https:\/\/pgvape.com\/sv\/wp-json\/wp\/v2\/media\/4183"}],"wp:attachment":[{"href":"https:\/\/pgvape.com\/sv\/wp-json\/wp\/v2\/media?parent=4174"}],"wp:term":[{"taxonomy":"product_brand","embeddable":true,"href":"https:\/\/pgvape.com\/sv\/wp-json\/wp\/v2\/product_brand?post=4174"},{"taxonomy":"product_cat","embeddable":true,"href":"https:\/\/pgvape.com\/sv\/wp-json\/wp\/v2\/product_cat?post=4174"},{"taxonomy":"product_tag","embeddable":true,"href":"https:\/\/pgvape.com\/sv\/wp-json\/wp\/v2\/product_tag?post=4174"}],"curies":[{"name":"wp","href":"https:\/\/api.w.org\/{rel}","templated":true}]}}